{"id":1669,"date":"2021-12-13T14:57:13","date_gmt":"2021-12-13T06:57:13","guid":{"rendered":"https:\/\/nibianqi.bbswaimao.com\/?post_type=product&#038;p=1669"},"modified":"2024-08-28T08:59:16","modified_gmt":"2024-08-28T00:59:16","slug":"modulo-inversor-luxpower-gprs-4g","status":"publish","type":"product","link":"https:\/\/luxpowertek.com\/pt\/modulo-inversor-luxpower-gprs-4g\/","title":{"rendered":"M\u00f3dulo inversor Luxpower GPRS\/4G"},"content":{"rendered":"<h2>Especifica\u00e7\u00e3o<\/h2>\n<div class=\"row\"  id=\"row-2029868229\">\n\n\t<div id=\"col-987492289\" class=\"col small-12 large-12\"  >\n\t\t\t\t<div class=\"col-inner\"  >\n\t\t\t\n\t\t\t\n<table>\n<thead>\n<tr>\n<th>Modelo<\/th>\n<th>Wi-fi<\/th>\n<th>GPRS<\/th>\n<\/tr>\n<\/thead>\n<tbody>\n<tr>\n<td>Tamanho<\/td>\n<td>86*55*23mm<\/td>\n<td>106*55*23mm<\/td>\n<\/tr>\n<tr>\n<td>Peso<\/td>\n<td>34g<\/td>\n<td>48g<\/td>\n<\/tr>\n<tr>\n<td>Grau de prote\u00e7\u00e3o<\/td>\n<td>IP65<\/td>\n<td>IP65<\/td>\n<\/tr>\n<tr>\n<td>Instala\u00e7\u00e3o<\/td>\n<td>Fixado no dispositivo por parafusos<\/td>\n<td>Fixado no dispositivo por parafusos<\/td>\n<\/tr>\n<tr>\n<td>Tens\u00e3o nominal<\/td>\n<td>5V<\/td>\n<td>5V<\/td>\n<\/tr>\n<tr>\n<td>Corrente m\u00e1xima<\/td>\n<td>0,25A<\/td>\n<td>2A<\/td>\n<\/tr>\n<tr>\n<td>Interface externa<\/td>\n<td>HDMI<\/td>\n<td>HDMI<\/td>\n<\/tr>\n<tr>\n<td>Luz indicadora<\/td>\n<td>3<\/td>\n<td>3<\/td>\n<\/tr>\n<tr>\n<td>Temperatura de opera\u00e7\u00e3o<\/td>\n<td>-25\u2103~60\u2103<\/td>\n<td>-25\u2103~60\u2103<\/td>\n<\/tr>\n<tr>\n<td>Temperatura de armazenamento<\/td>\n<td>-25\u2103~60\u2103<\/td>\n<td>-25\u2103~60\u2103<\/td>\n<\/tr>\n<tr>\n<td>Interface de comunica\u00e7\u00e3o local<\/td>\n<td>RS485\/TTL<\/td>\n<td>RS485\/TTL<\/td>\n<\/tr>\n<tr>\n<td>Acesso \u00e0 rede p\u00fablica<\/td>\n<td>Wi-fi<\/td>\n<td>GPRS\/TD-SCDMA\/WCDMA\/TLE<\/td>\n<\/tr>\n<tr>\n<td>Taxa de transmiss\u00e3o<\/td>\n<td>19200bps (padr\u00e3o)<\/td>\n<td>19200bps (padr\u00e3o)<\/td>\n<\/tr>\n<tr>\n<td>Frequ\u00eancia de trabalho<\/td>\n<td>2,412 GHz \u2013 2,484 GHz<\/td>\n<td><\/td>\n<\/tr>\n<tr>\n<td>Taxa m\u00e1xima de transmiss\u00e3o<\/td>\n<td>72 Mbps<\/td>\n<td>10 Mbps<\/td>\n<\/tr>\n<tr>\n<td>Dist\u00e2ncia de comunica\u00e7\u00e3o<\/td>\n<td>100m<\/td>\n<td>Rede de operadoras<\/td>\n<\/tr>\n<tr>\n<td>Ganho da antena<\/td>\n<td>2,5 dBi<\/td>\n<td>2,5 dBi<\/td>\n<\/tr>\n<tr>\n<td>Antena<\/td>\n<td>Antena externa (A antena externa \u00e9 opcional)<\/td>\n<td>Antena externa (A antena externa \u00e9 opcional)<\/td>\n<\/tr>\n<tr>\n<td>Cart\u00e3o de tr\u00e2nsito<\/td>\n<td>\u2014<\/td>\n<td>Cart\u00e3o de tr\u00e1fego 4G<\/td>\n<\/tr>\n<tr>\n<td>C\u00e3o de guarda<\/td>\n<td>C\u00e3o de guarda de software + c\u00e3o de guarda de hardware<\/td>\n<td>C\u00e3o de guarda de software + c\u00e3o de guarda de hardware<\/td>\n<\/tr>\n<tr>\n<td>Protocolo de comunica\u00e7\u00e3o da camada de equipamento<\/td>\n<td>Modbus-RTU<\/td>\n<td>Modbus-RTU<\/td>\n<\/tr>\n<tr>\n<td>Protocolo de comunica\u00e7\u00e3o da camada de rede<\/td>\n<td>Modbus TCP<\/td>\n<td>Modbus TCP<\/td>\n<\/tr>\n<tr>\n<td>Modo de configura\u00e7\u00e3o de par\u00e2metros<\/td>\n<td>Servidor de aplicativo\/remoto<\/td>\n<td>Servidor de aplicativo\/remoto<\/td>\n<\/tr>\n<tr>\n<td>Maneira de atualiza\u00e7\u00e3o do firmware<\/td>\n<td>Ferramentas locais<\/td>\n<td>Ferramentas locais<\/td>\n<\/tr>\n<\/tbody>\n<\/table>\n\t\t<\/div>\n\t\t\t\t\t<\/div>\n\n\t\n<\/div>","protected":false},"excerpt":{"rendered":"<p>Especifica\u00e7\u00e3o<\/p>","protected":false},"featured_media":5684,"comment_status":"open","ping_status":"closed","template":"","meta":{"rop_custom_images_group":[],"rop_custom_messages_group":[],"rop_publish_now":"initial","rop_publish_now_accounts":[],"rop_publish_now_history":[],"rop_publish_now_status":"pending"},"product_brand":[],"product_cat":[24],"class_list":{"0":"post-1669","1":"product","2":"type-product","3":"status-publish","4":"has-post-thumbnail","6":"product_cat-accessorie","8":"first","9":"instock","10":"shipping-taxable","11":"product-type-simple"},"yoast_head":"<!-- This site is optimized with the Yoast SEO plugin v27.3 - https:\/\/yoast.com\/product\/yoast-seo-wordpress\/ -->\n<title>Luxpower inverter GPRS\/4G Module -<\/title>\n<meta name=\"robots\" content=\"index, follow, max-snippet:-1, max-image-preview:large, max-video-preview:-1\" \/>\n<link rel=\"canonical\" href=\"https:\/\/luxpowertek.com\/pt\/modulo-inversor-luxpower-gprs-4g\/\" \/>\n<meta property=\"og:locale\" content=\"pt_BR\" \/>\n<meta property=\"og:type\" content=\"article\" \/>\n<meta property=\"og:title\" content=\"Luxpower inverter GPRS\/4G Module -\" \/>\n<meta property=\"og:description\" content=\"Specification\" \/>\n<meta property=\"og:url\" content=\"https:\/\/luxpowertek.com\/pt\/modulo-inversor-luxpower-gprs-4g\/\" \/>\n<meta property=\"article:modified_time\" content=\"2024-08-28T00:59:16+00:00\" \/>\n<meta property=\"og:image\" content=\"https:\/\/luxpowertek.com\/wp-content\/uploads\/2021\/12\/Luxpower-inverter-4G-1-min-1.webp\" \/>\n\t<meta property=\"og:image:width\" content=\"800\" \/>\n\t<meta property=\"og:image:height\" content=\"800\" \/>\n\t<meta property=\"og:image:type\" content=\"image\/webp\" \/>\n<meta name=\"twitter:card\" content=\"summary_large_image\" \/>\n<meta name=\"twitter:label1\" content=\"Est. tempo de leitura\" \/>\n\t<meta name=\"twitter:data1\" content=\"1 minuto\" \/>\n<script type=\"application\/ld+json\" class=\"yoast-schema-graph\">{\"@context\":\"https:\\\/\\\/schema.org\",\"@graph\":[{\"@type\":\"WebPage\",\"@id\":\"https:\\\/\\\/luxpowertek.com\\\/luxpower-inverter-gprs-4g-module\",\"url\":\"https:\\\/\\\/luxpowertek.com\\\/luxpower-inverter-gprs-4g-module\",\"name\":\"Luxpower inverter GPRS\\\/4G Module -\",\"isPartOf\":{\"@id\":\"https:\\\/\\\/luxpowertek.com\\\/#website\"},\"primaryImageOfPage\":{\"@id\":\"https:\\\/\\\/luxpowertek.com\\\/luxpower-inverter-gprs-4g-module#primaryimage\"},\"image\":{\"@id\":\"https:\\\/\\\/luxpowertek.com\\\/luxpower-inverter-gprs-4g-module#primaryimage\"},\"thumbnailUrl\":\"https:\\\/\\\/luxpowertek.com\\\/wp-content\\\/uploads\\\/2021\\\/12\\\/Luxpower-inverter-4G-1-min-1.webp\",\"datePublished\":\"2021-12-13T06:57:13+00:00\",\"dateModified\":\"2024-08-28T00:59:16+00:00\",\"breadcrumb\":{\"@id\":\"https:\\\/\\\/luxpowertek.com\\\/luxpower-inverter-gprs-4g-module#breadcrumb\"},\"inLanguage\":\"pt-BR\",\"potentialAction\":[{\"@type\":\"ReadAction\",\"target\":[\"https:\\\/\\\/luxpowertek.com\\\/luxpower-inverter-gprs-4g-module\"]}]},{\"@type\":\"ImageObject\",\"inLanguage\":\"pt-BR\",\"@id\":\"https:\\\/\\\/luxpowertek.com\\\/luxpower-inverter-gprs-4g-module#primaryimage\",\"url\":\"https:\\\/\\\/luxpowertek.com\\\/wp-content\\\/uploads\\\/2021\\\/12\\\/Luxpower-inverter-4G-1-min-1.webp\",\"contentUrl\":\"https:\\\/\\\/luxpowertek.com\\\/wp-content\\\/uploads\\\/2021\\\/12\\\/Luxpower-inverter-4G-1-min-1.webp\",\"width\":800,\"height\":800},{\"@type\":\"BreadcrumbList\",\"@id\":\"https:\\\/\\\/luxpowertek.com\\\/luxpower-inverter-gprs-4g-module#breadcrumb\",\"itemListElement\":[{\"@type\":\"ListItem\",\"position\":1,\"name\":\"Home\",\"item\":\"https:\\\/\\\/luxpowertek.com\\\/\"},{\"@type\":\"ListItem\",\"position\":2,\"name\":\"Products\",\"item\":\"https:\\\/\\\/luxpowertek.com\\\/shop\"},{\"@type\":\"ListItem\",\"position\":3,\"name\":\"Luxpower inverter GPRS\\\/4G Module\"}]},{\"@type\":\"WebSite\",\"@id\":\"https:\\\/\\\/luxpowertek.com\\\/#website\",\"url\":\"https:\\\/\\\/luxpowertek.com\\\/\",\"name\":\"\",\"description\":\"\",\"potentialAction\":[{\"@type\":\"SearchAction\",\"target\":{\"@type\":\"EntryPoint\",\"urlTemplate\":\"https:\\\/\\\/luxpowertek.com\\\/?s={search_term_string}\"},\"query-input\":{\"@type\":\"PropertyValueSpecification\",\"valueRequired\":true,\"valueName\":\"search_term_string\"}}],\"inLanguage\":\"pt-BR\"}]}<\/script>\n<!-- \/ Yoast SEO plugin. -->","yoast_head_json":{"title":"M\u00f3dulo inversor GPRS\/4G Luxpower -","robots":{"index":"index","follow":"follow","max-snippet":"max-snippet:-1","max-image-preview":"max-image-preview:large","max-video-preview":"max-video-preview:-1"},"canonical":"https:\/\/luxpowertek.com\/pt\/modulo-inversor-luxpower-gprs-4g\/","og_locale":"pt_BR","og_type":"article","og_title":"Luxpower inverter GPRS\/4G Module -","og_description":"Specification","og_url":"https:\/\/luxpowertek.com\/pt\/modulo-inversor-luxpower-gprs-4g\/","article_modified_time":"2024-08-28T00:59:16+00:00","og_image":[{"width":800,"height":800,"url":"https:\/\/luxpowertek.com\/wp-content\/uploads\/2021\/12\/Luxpower-inverter-4G-1-min-1.webp","type":"image\/webp"}],"twitter_card":"summary_large_image","twitter_misc":{"Est. tempo de leitura":"1 minuto"},"schema":{"@context":"https:\/\/schema.org","@graph":[{"@type":"WebPage","@id":"https:\/\/luxpowertek.com\/luxpower-inverter-gprs-4g-module","url":"https:\/\/luxpowertek.com\/luxpower-inverter-gprs-4g-module","name":"M\u00f3dulo inversor GPRS\/4G Luxpower -","isPartOf":{"@id":"https:\/\/luxpowertek.com\/#website"},"primaryImageOfPage":{"@id":"https:\/\/luxpowertek.com\/luxpower-inverter-gprs-4g-module#primaryimage"},"image":{"@id":"https:\/\/luxpowertek.com\/luxpower-inverter-gprs-4g-module#primaryimage"},"thumbnailUrl":"https:\/\/luxpowertek.com\/wp-content\/uploads\/2021\/12\/Luxpower-inverter-4G-1-min-1.webp","datePublished":"2021-12-13T06:57:13+00:00","dateModified":"2024-08-28T00:59:16+00:00","breadcrumb":{"@id":"https:\/\/luxpowertek.com\/luxpower-inverter-gprs-4g-module#breadcrumb"},"inLanguage":"pt-BR","potentialAction":[{"@type":"ReadAction","target":["https:\/\/luxpowertek.com\/luxpower-inverter-gprs-4g-module"]}]},{"@type":"ImageObject","inLanguage":"pt-BR","@id":"https:\/\/luxpowertek.com\/luxpower-inverter-gprs-4g-module#primaryimage","url":"https:\/\/luxpowertek.com\/wp-content\/uploads\/2021\/12\/Luxpower-inverter-4G-1-min-1.webp","contentUrl":"https:\/\/luxpowertek.com\/wp-content\/uploads\/2021\/12\/Luxpower-inverter-4G-1-min-1.webp","width":800,"height":800},{"@type":"BreadcrumbList","@id":"https:\/\/luxpowertek.com\/luxpower-inverter-gprs-4g-module#breadcrumb","itemListElement":[{"@type":"ListItem","position":1,"name":"Home","item":"https:\/\/luxpowertek.com\/"},{"@type":"ListItem","position":2,"name":"Products","item":"https:\/\/luxpowertek.com\/shop"},{"@type":"ListItem","position":3,"name":"Luxpower inverter GPRS\/4G Module"}]},{"@type":"WebSite","@id":"https:\/\/luxpowertek.com\/#website","url":"https:\/\/luxpowertek.com\/","name":"","description":"","potentialAction":[{"@type":"SearchAction","target":{"@type":"EntryPoint","urlTemplate":"https:\/\/luxpowertek.com\/?s={search_term_string}"},"query-input":{"@type":"PropertyValueSpecification","valueRequired":true,"valueName":"search_term_string"}}],"inLanguage":"pt-BR"}]}},"_links":{"self":[{"href":"https:\/\/luxpowertek.com\/pt\/wp-json\/wp\/v2\/product\/1669","targetHints":{"allow":["GET"]}}],"collection":[{"href":"https:\/\/luxpowertek.com\/pt\/wp-json\/wp\/v2\/product"}],"about":[{"href":"https:\/\/luxpowertek.com\/pt\/wp-json\/wp\/v2\/types\/product"}],"replies":[{"embeddable":true,"href":"https:\/\/luxpowertek.com\/pt\/wp-json\/wp\/v2\/comments?post=1669"}],"wp:featuredmedia":[{"embeddable":true,"href":"https:\/\/luxpowertek.com\/pt\/wp-json\/wp\/v2\/media\/5684"}],"wp:attachment":[{"href":"https:\/\/luxpowertek.com\/pt\/wp-json\/wp\/v2\/media?parent=1669"}],"wp:term":[{"taxonomy":"product_brand","embeddable":true,"href":"https:\/\/luxpowertek.com\/pt\/wp-json\/wp\/v2\/product_brand?post=1669"},{"taxonomy":"product_cat","embeddable":true,"href":"https:\/\/luxpowertek.com\/pt\/wp-json\/wp\/v2\/product_cat?post=1669"}],"curies":[{"name":"wp","href":"https:\/\/api.w.org\/{rel}","templated":true}]}}