{"id":1661,"date":"2021-12-13T14:37:33","date_gmt":"2021-12-13T06:37:33","guid":{"rendered":"https:\/\/nibianqi.bbswaimao.com\/?post_type=product&#038;p=1661"},"modified":"2024-08-28T08:59:16","modified_gmt":"2024-08-28T00:59:16","slug":"inversor-luxpower-sqpod","status":"publish","type":"product","link":"https:\/\/luxpowertek.com\/pt\/inversor-luxpower-sqpod\/","title":{"rendered":"Inversor Luxpower SQPOD"},"content":{"rendered":"<h2>Especifica\u00e7\u00e3o<\/h2>\n<div class=\"row\"  id=\"row-1342209256\">\n\n\t<div id=\"col-469938707\" class=\"col small-12 large-12\"  >\n\t\t\t\t<div class=\"col-inner\"  >\n\t\t\t\n\t\t\t\n<table>\n<thead>\n<tr>\n<th>Bateria<\/th>\n<th>SQPOD 3,6 mil<\/th>\n<\/tr>\n<\/thead>\n<tbody>\n<tr>\n<td>Tipo de bateria compat\u00edvel<\/td>\n<td>\u00cdons de l\u00edtio, chumbo-\u00e1cido etc.<\/td>\n<\/tr>\n<tr>\n<td>Tens\u00e3o nominal da bateria<\/td>\n<td>48 Vcc<\/td>\n<\/tr>\n<tr>\n<td>Tens\u00e3o de carga m\u00e1xima (V)<\/td>\n<td>&lt;=60 V (configur\u00e1vel)<\/td>\n<\/tr>\n<tr>\n<td>Corrente m\u00e1x. de carga\/descarga<\/td>\n<td>70A \/ 70A<\/td>\n<\/tr>\n<tr>\n<td>Capacidade da bateria (Ah)<\/td>\n<td>100 Ah<\/td>\n<\/tr>\n<tr>\n<td>Modo de carregamento para bateria de \u00edons de l\u00edtio<\/td>\n<td>Autoadapta\u00e7\u00e3o ao BMS<\/td>\n<\/tr>\n<tr>\n<td>Carregamento para bateria de chumbo-\u00e1cido<\/td>\n<td>Adapt\u00e1vel em 3 est\u00e1gios com manuten\u00e7\u00e3o<\/td>\n<\/tr>\n<tr>\n<td>Corrente de alimenta\u00e7\u00e3o de bateria<\/td>\n<td>0A<\/td>\n<\/tr>\n<\/tbody>\n<\/table>\n\t\t<\/div>\n\t\t\t\t\t<\/div>\n\n\t\n<\/div>\n<div class=\"row\"  id=\"row-424521275\">\n\n\t<div id=\"col-1003410906\" class=\"col small-12 large-12\"  >\n\t\t\t\t<div class=\"col-inner\"  >\n\t\t\t\n\t\t\t\n<table>\n<thead>\n<tr>\n<th>Grade<\/th>\n<th>SQPOD 3,6 mil<\/th>\n<\/tr>\n<\/thead>\n<tbody>\n<tr>\n<td>Pot\u00eancia nominal de sa\u00edda CA para a rede el\u00e9trica<\/td>\n<td>3600VA<\/td>\n<\/tr>\n<tr>\n<td>M\u00e1x. Pot\u00eancia de sa\u00edda CA para utilit\u00e1rio<\/td>\n<td>3600VA<\/td>\n<\/tr>\n<tr>\n<td>M\u00e1x. Pot\u00eancia de entrada CA da rede el\u00e9trica<\/td>\n<td>5980VA<\/td>\n<\/tr>\n<tr>\n<td>M\u00e1x. Corrente de sa\u00edda CA para rede el\u00e9trica<\/td>\n<td>16A<\/td>\n<\/tr>\n<tr>\n<td>M\u00e1x. Corrente de entrada CA da rede el\u00e9trica<\/td>\n<td>26A<\/td>\n<\/tr>\n<tr>\n<td>Tens\u00e3o nominal de sa\u00edda<\/td>\n<td>220\/230 Vca<\/td>\n<\/tr>\n<tr>\n<td>Faixa de tens\u00e3o CA<\/td>\n<td>180 \u2013 270 Vca<\/td>\n<\/tr>\n<tr>\n<td>Frequ\u00eancia nominal CA<\/td>\n<td>50Hz\/60Hz<\/td>\n<\/tr>\n<tr>\n<td>Prote\u00e7\u00e3o contra sobrecorrente CA<\/td>\n<td>31A<\/td>\n<\/tr>\n<tr>\n<td>Fator de pot\u00eancia<\/td>\n<td>1 (ajust\u00e1vel 0,8 adiantado -0,8 atrasado)<\/td>\n<\/tr>\n<tr>\n<td>THDI<\/td>\n<td>&lt;3%<\/td>\n<\/tr>\n<tr>\n<td>Categoria de sobretens\u00e3o CA<\/td>\n<td>Categoria III<\/td>\n<\/tr>\n<\/tbody>\n<\/table>\n\t\t<\/div>\n\t\t\t\t\t<\/div>\n\n\t\n<\/div>\n<div class=\"row\"  id=\"row-1886109518\">\n\n\t<div id=\"col-1852012710\" class=\"col small-12 large-12\"  >\n\t\t\t\t<div class=\"col-inner\"  >\n\t\t\t\n\t\t\t\n<table>\n<thead>\n<tr>\n<th>UPS<\/th>\n<th>SQPOD 3,6 mil<\/th>\n<\/tr>\n<\/thead>\n<tbody>\n<tr>\n<td>Pot\u00eancia M\u00e1xima de Sa\u00edda<\/td>\n<td>3600VA<\/td>\n<\/tr>\n<tr>\n<td>Tens\u00e3o nominal de sa\u00edda<\/td>\n<td>230 V CA<\/td>\n<\/tr>\n<tr>\n<td>Frequ\u00eancia de sa\u00edda nominal<\/td>\n<td>50Hz \/ 60Hz<\/td>\n<\/tr>\n<tr>\n<td>Corrente de sa\u00edda m\u00e1x.<\/td>\n<td>16A<\/td>\n<\/tr>\n<tr>\n<td>Pot\u00eancia de pico<\/td>\n<td>4500VA, 30s<\/td>\n<\/tr>\n<tr>\n<td>THDV(carga linear)<\/td>\n<td>&lt;3%<\/td>\n<\/tr>\n<tr>\n<td>Tempo de comuta\u00e7\u00e3o<\/td>\n<td>T\u00edpico 0,01s<\/td>\n<\/tr>\n<tr>\n<td>Prote\u00e7\u00e3o contra sobrecorrente de backup<\/td>\n<td>31A<\/td>\n<\/tr>\n<\/tbody>\n<\/table>\n\t\t<\/div>\n\t\t\t\t\t<\/div>\n\n\t\n<\/div>\n<div class=\"row\"  id=\"row-50343122\">\n\n\t<div id=\"col-553841487\" class=\"col small-12 large-12\"  >\n\t\t\t\t<div class=\"col-inner\"  >\n\t\t\t\n\t\t\t\n<table>\n<thead>\n<tr>\n<th>Efici\u00eancia<\/th>\n<th>SQPOD 3,6 mil<\/th>\n<\/tr>\n<\/thead>\n<tbody>\n<tr>\n<td>M\u00e1x. Efici\u00eancia de carga\/descarga<\/td>\n<td>96%<\/td>\n<\/tr>\n<\/tbody>\n<\/table>\n\t\t<\/div>\n\t\t\t\t\t<\/div>\n\n\t\n<\/div>\n<div class=\"row\"  id=\"row-721243159\">\n\n\t<div id=\"col-2041745031\" class=\"col small-12 large-12\"  >\n\t\t\t\t<div class=\"col-inner\"  >\n\t\t\t\n\t\t\t\n<table>\n<thead>\n<tr>\n<th>Prote\u00e7\u00e3o<\/th>\n<th>SQPOD 3,6 mil<\/th>\n<\/tr>\n<\/thead>\n<tbody>\n<tr>\n<td>Prote\u00e7\u00e3o contra polaridade reversa<\/td>\n<td>SIM<\/td>\n<\/tr>\n<tr>\n<td>Prote\u00e7\u00e3o contra sobrecorrente\/tens\u00e3o<\/td>\n<td>SIM<\/td>\n<\/tr>\n<tr>\n<td>Prote\u00e7\u00e3o anti-ilhamento<\/td>\n<td>SIM<\/td>\n<\/tr>\n<tr>\n<td>Prote\u00e7\u00e3o contra curto-circuito CA<\/td>\n<td>SIM<\/td>\n<\/tr>\n<tr>\n<td>Prote\u00e7\u00e3o contra fuga de corrente<\/td>\n<td>SIM<\/td>\n<\/tr>\n<tr>\n<td>Monitoramento de falha de aterramento<\/td>\n<td>SIM<\/td>\n<\/tr>\n<tr>\n<td>Monitoramento de rede<\/td>\n<td>SIM<\/td>\n<\/tr>\n<tr>\n<td>Grau de prote\u00e7\u00e3o de entrada<\/td>\n<td>IP65 \/ NEMA4X<\/td>\n<\/tr>\n<\/tbody>\n<\/table>\n\t\t<\/div>\n\t\t\t\t\t<\/div>\n\n\t\n<\/div>\n<div class=\"row\"  id=\"row-1479834850\">\n\n\t<div id=\"col-1038253667\" class=\"col small-12 large-12\"  >\n\t\t\t\t<div class=\"col-inner\"  >\n\t\t\t\n\t\t\t\n<table>\n<thead>\n<tr>\n<th>Dados Gerais<\/th>\n<th>SQPOD 3,6 mil<\/th>\n<\/tr>\n<\/thead>\n<tbody>\n<tr>\n<td>Dimens\u00e3o (mm)<\/td>\n<td>650*440*220<\/td>\n<\/tr>\n<tr>\n<td>Peso<\/td>\n<td>15,6 kg<\/td>\n<\/tr>\n<tr>\n<td>Topologia<\/td>\n<td>alta frequ\u00eancia<\/td>\n<\/tr>\n<tr>\n<td>Conceito de resfriamento<\/td>\n<td>Convec\u00e7\u00e3o natural<\/td>\n<\/tr>\n<tr>\n<td>Humidade relativa<\/td>\n<td>100%<\/td>\n<\/tr>\n<tr>\n<td>Altitude<\/td>\n<td>&lt;2000m<\/td>\n<\/tr>\n<tr>\n<td>Emiss\u00e3o de ru\u00eddo<\/td>\n<td>&lt;25 dB<\/td>\n<\/tr>\n<tr>\n<td>Consumo em espera<\/td>\n<td>&lt;5W<\/td>\n<\/tr>\n<tr>\n<td>Interfaces de exibi\u00e7\u00e3o e comunica\u00e7\u00e3o<\/td>\n<td>LCD, LED, RS485, Wi-Fi, CAN<\/td>\n<\/tr>\n<\/tbody>\n<\/table>\n\t\t<\/div>\n\t\t\t\t\t<\/div>\n\n\t\n<\/div>\n\t<div id=\"text-23646443\" class=\"text hidden\">\n\t\t\n<h2>Especifica\u00e7\u00e3o<\/h2>\n<div style=\"overflow: auto;\">\n<p>SolarLXP3KLXP3.6K\/4kLXP4.6K\/5KLXP6K<\/p>\n<table border=\"\u201d1\u2033\" width=\"\u201d3000px\u201d\" align=\"\u201dcenter\u201d\">\n<tbody>\n<tr>\n<td>M\u00e1x. Pot\u00eancia de entrada CC<\/td>\n<td>6600 W<\/td>\n<td>7000 W<\/td>\n<td>8000 W<\/td>\n<td>8000 W<\/td>\n<\/tr>\n<tr>\n<td>Tens\u00e3o nominal de entrada CC<\/td>\n<td>360 Vcc<\/td>\n<td>360 Vcc<\/td>\n<td>360 Vcc<\/td>\n<td>360 Vcc<\/td>\n<\/tr>\n<tr>\n<td>Faixa de tens\u00e3o de entrada CC<\/td>\n<td>100 \u2013 550 Vcc<\/td>\n<td>100 \u2013 550 Vcc<\/td>\n<td>100 \u2013 550 Vcc<\/td>\n<td>100 \u2013 550 Vcc<\/td>\n<\/tr>\n<tr>\n<td>Faixa de tens\u00e3o MPPT<\/td>\n<td>100 \u2013 500 Vcc<\/td>\n<td>100 \u2013 500 Vcc<\/td>\n<td>100 \u2013 500 Vcc<\/td>\n<td>100 \u2013 500 Vcc<\/td>\n<\/tr>\n<tr>\n<td>Tens\u00e3o de partida<\/td>\n<td>120 Vcc<\/td>\n<td>120 Vcc<\/td>\n<td>120 Vcc<\/td>\n<td>120 Vcc<\/td>\n<\/tr>\n<tr>\n<td>N\u00famero MPPT<\/td>\n<td>2<\/td>\n<td>2<\/td>\n<td>2<\/td>\n<td>2<\/td>\n<\/tr>\n<tr>\n<td>Corrente de entrada CC m\u00e1x.<\/td>\n<td>13A\/13A<\/td>\n<td>13A\/13A<\/td>\n<td>13A\/13A<\/td>\n<td>13A\/13A<\/td>\n<\/tr>\n<tr>\n<th colspan=\"5\">Bateria<\/th>\n<\/tr>\n<tr>\n<td>Tipo de bateria compat\u00edvel<\/td>\n<td>\u00cdon-l\u00edtio\/chumbo-\u00e1cido<\/td>\n<td>\u00cdon-l\u00edtio\/chumbo-\u00e1cido<\/td>\n<td>\u00cdon-l\u00edtio\/chumbo-\u00e1cido<\/td>\n<td>\u00cdon-l\u00edtio\/chumbo-\u00e1cido<\/td>\n<\/tr>\n<tr>\n<td>Tens\u00e3o nominal da bateria<\/td>\n<td>48 Vcc<\/td>\n<td>48 Vcc<\/td>\n<td>48 Vcc<\/td>\n<td>48 Vcc<\/td>\n<\/tr>\n<tr>\n<td>Faixa de voltagem da bateria<\/td>\n<td>40 \u2013 60 Vcc<\/td>\n<td>40 \u2013 60 Vcc<\/td>\n<td>40 \u2013 60 Vcc<\/td>\n<td>40 \u2013 60 Vcc<\/td>\n<\/tr>\n<tr>\n<td>Corrente m\u00e1x. de carga\/descarga<\/td>\n<td>66A\/66A<\/td>\n<td>66A\/66A<\/td>\n<td>80A\/80A<\/td>\n<td>80A\/80A<\/td>\n<\/tr>\n<tr>\n<td>Pot\u00eancia m\u00e1xima de carga\/descarga<\/td>\n<td>3600 W\/3600 W<\/td>\n<td>3600 W\/3600 W<\/td>\n<td>4000 W\/4000 W<\/td>\n<td>4000 W\/4000 W<\/td>\n<\/tr>\n<tr>\n<td>Curva de Carga<\/td>\n<td>3 est\u00e1gios<\/td>\n<td>3 est\u00e1gios<\/td>\n<td>3 est\u00e1gios<\/td>\n<td>3 est\u00e1gios<\/td>\n<\/tr>\n<tr>\n<td>Tens\u00e3o de carga m\u00e1x.<\/td>\n<td>59V<\/td>\n<td>59V<\/td>\n<td>59V<\/td>\n<td>59V<\/td>\n<\/tr>\n<tr>\n<td>Capacidade da bateria<\/td>\n<td>2-20 kWh<\/td>\n<td>2-20 kWh<\/td>\n<td>2-20 kWh<\/td>\n<td>2-20 kWh<\/td>\n<\/tr>\n<tr>\n<th colspan=\"5\">Grade<\/th>\n<\/tr>\n<tr>\n<td>Pot\u00eancia nominal de sa\u00edda CA<\/td>\n<td>3000 W<\/td>\n<td>3600 W\/4000 W<\/td>\n<td>4600 W\/5000 W<\/td>\n<td>6000 W<\/td>\n<\/tr>\n<tr>\n<td>Pot\u00eancia m\u00e1xima de sa\u00edda CA<\/td>\n<td>3000VA<\/td>\n<td>3600VA\/4000VA<\/td>\n<td>4600VA\/5000VA<\/td>\n<td>6000VA<\/td>\n<\/tr>\n<tr>\n<td>Corrente de sa\u00edda CA m\u00e1x.<\/td>\n<td>15A<\/td>\n<td>16A\/20A<\/td>\n<td>25A<\/td>\n<td>26A<\/td>\n<\/tr>\n<tr>\n<td>Tens\u00e3o CA nominal<\/td>\n<td>230 V CA<\/td>\n<td>230 V CA<\/td>\n<td>230 V CA<\/td>\n<td>230 V CA<\/td>\n<\/tr>\n<tr>\n<td>Faixa de tens\u00e3o CA<\/td>\n<td>180 \u2013 270 Vca<\/td>\n<td>180 \u2013 270 Vca<\/td>\n<td>180 \u2013 270 Vca<\/td>\n<td>180 \u2013 270 Vca<\/td>\n<\/tr>\n<tr>\n<td>Frequ\u00eancia nominal CA<\/td>\n<td>50Hz \/ 60Hz<\/td>\n<td>50Hz \/ 60Hz<\/td>\n<td>50Hz \/ 60Hz<\/td>\n<td>50Hz \/ 60Hz<\/td>\n<\/tr>\n<tr>\n<td>Faixa de frequ\u00eancia CA<\/td>\n<td>45 \u2013 55Hz \/ 55 \u2013 65Hz<\/td>\n<td>45 \u2013 55Hz \/ 55 \u2013 65Hz<\/td>\n<td>45 \u2013 55Hz \/ 55 \u2013 65Hz<\/td>\n<td>45 \u2013 55Hz \/ 55 \u2013 65Hz<\/td>\n<\/tr>\n<tr>\n<td>Fator de pot\u00eancia<\/td>\n<td>Ajust\u00e1vel de 0,8 superexcitado a 0,8 subexcitado<\/td>\n<td>Ajust\u00e1vel de 0,8 superexcitado a 0,8 subexcitado<\/td>\n<td>Ajust\u00e1vel de 0,8 superexcitado a 0,8 subexcitado<\/td>\n<td>Ajust\u00e1vel de 0,8 superexcitado a 0,8 subexcitado<\/td>\n<\/tr>\n<tr>\n<td>THDI<\/td>\n<td>&lt;3%<\/td>\n<td>&lt;3%<\/td>\n<td>&lt;3%<\/td>\n<td>&lt;3%<\/td>\n<\/tr>\n<tr>\n<th colspan=\"5\">UPS<\/th>\n<\/tr>\n<tr>\n<td>UPS M\u00e1x. Pot\u00eancia de sa\u00edda sem energia solar<\/td>\n<td>3000 W<\/td>\n<td>3600 W\/4000 W<\/td>\n<td>4000 W<\/td>\n<td>4000 W<\/td>\n<\/tr>\n<tr>\n<td>UPS M\u00e1x. Pot\u00eancia de sa\u00edda com energia solar<\/td>\n<td>3000 W<\/td>\n<td>3600 W\/4000 W<\/td>\n<td>5000 W<\/td>\n<td>6000 W<\/td>\n<\/tr>\n<tr>\n<td>Tens\u00e3o nominal de sa\u00edda do UPS<\/td>\n<td>230 V CA<\/td>\n<td>230 V CA<\/td>\n<td>230 V CA<\/td>\n<td>230 V CA<\/td>\n<\/tr>\n<tr>\n<td>Frequ\u00eancia de sa\u00edda nominal do UPS<\/td>\n<td>50Hz \/ 60Hz<\/td>\n<td>50Hz \/ 60Hz<\/td>\n<td>50Hz \/ 60Hz<\/td>\n<td>50Hz \/ 60Hz<\/td>\n<\/tr>\n<tr>\n<td>Corrente de sa\u00edda nominal do UPS<\/td>\n<td>13A<\/td>\n<td>15,6 A\/17,4 A<\/td>\n<td>17.4A<\/td>\n<td>17.4A<\/td>\n<\/tr>\n<tr>\n<td>Pico de pot\u00eancia sem energia solar<\/td>\n<td>4500 W, 30 segundos<\/td>\n<td>4500 W, 30 segundos<\/td>\n<td>4500 W, 30 segundos<\/td>\n<td>4500 W, 30 segundos<\/td>\n<\/tr>\n<tr>\n<td>THDV<\/td>\n<td>&lt;5%<\/td>\n<td>&lt;5%<\/td>\n<td>&lt;5%<\/td>\n<td>&lt;5%<\/td>\n<\/tr>\n<tr>\n<td>Tempo de comuta\u00e7\u00e3o<\/td>\n<td>T\u00edpico 0,01s<\/td>\n<td>T\u00edpico 0,01s<\/td>\n<td>T\u00edpico 0,01s<\/td>\n<td>&lt;0,01s<\/td>\n<\/tr>\n<tr>\n<th colspan=\"5\">Efici\u00eancia<\/th>\n<\/tr>\n<tr>\n<td>Efici\u00eancia Europa<\/td>\n<td>97.50%<\/td>\n<td>97.50%<\/td>\n<td>97.50%<\/td>\n<td>97.50%<\/td>\n<\/tr>\n<tr>\n<td>M\u00e1x. Efici\u00eancia<\/td>\n<td>97.90%<\/td>\n<td>97.90%<\/td>\n<td>97.90%<\/td>\n<td>97.90%<\/td>\n<\/tr>\n<tr>\n<td>Efici\u00eancia de carga\/descarga da bateria<\/td>\n<td>94.50%<\/td>\n<td>94.50%<\/td>\n<td>94.50%<\/td>\n<td>94.50%<\/td>\n<\/tr>\n<tr>\n<th colspan=\"5\">Prote\u00e7\u00e3o<\/th>\n<\/tr>\n<tr>\n<td>Prote\u00e7\u00e3o contra polaridade reversa<\/td>\n<td>Sim<\/td>\n<td>Sim<\/td>\n<td>Sim<\/td>\n<td>Sim<\/td>\n<\/tr>\n<tr>\n<td>Prote\u00e7\u00e3o contra sobrecorrente\/tens\u00e3o<\/td>\n<td>Sim<\/td>\n<td>Sim<\/td>\n<td>Sim<\/td>\n<td>Sim<\/td>\n<\/tr>\n<tr>\n<td>Prote\u00e7\u00e3o anti-ilhamento<\/td>\n<td>Sim<\/td>\n<td>Sim<\/td>\n<td>Sim<\/td>\n<td>Sim<\/td>\n<\/tr>\n<tr>\n<td>Prote\u00e7\u00e3o contra curto-circuito CA<\/td>\n<td>Sim<\/td>\n<td>Sim<\/td>\n<td>Sim<\/td>\n<td>Sim<\/td>\n<\/tr>\n<tr>\n<td>Prote\u00e7\u00e3o contra fuga de corrente<\/td>\n<td>Sim<\/td>\n<td>Sim<\/td>\n<td>Sim<\/td>\n<td>Sim<\/td>\n<\/tr>\n<tr>\n<td>Monitoramento de falha de aterramento<\/td>\n<td>Sim<\/td>\n<td>Sim<\/td>\n<td>Sim<\/td>\n<td>Sim<\/td>\n<\/tr>\n<tr>\n<td>Monitoramento de rede<\/td>\n<td>Sim<\/td>\n<td>Sim<\/td>\n<td>Sim<\/td>\n<td>Sim<\/td>\n<\/tr>\n<tr>\n<td>Grau de prote\u00e7\u00e3o de entrada<\/td>\n<td>IP65 \/ NEMA4X<\/td>\n<td>IP65 \/ NEMA4X<\/td>\n<td>IP65 \/ NEMA4X<\/td>\n<td>IP65 \/ NEMA4X<\/td>\n<\/tr>\n<tr>\n<td>Interruptor DC<\/td>\n<td>Sim<\/td>\n<td>Sim<\/td>\n<td>Sim<\/td>\n<td>Sim<\/td>\n<\/tr>\n<tr>\n<th colspan=\"5\">Em geral<\/th>\n<\/tr>\n<tr>\n<td>Dimens\u00f5es (L\/A\/P)<\/td>\n<td>455 \/ 476 (565) \/ 181<\/td>\n<td>455 \/ 476 (565) \/ 181<\/td>\n<td>455 \/ 476 (565) \/ 181<\/td>\n<td>455 \/ 476 (565) \/ 181<\/td>\n<\/tr>\n<tr>\n<td>Peso<\/td>\n<td>20 kg<\/td>\n<td>20 kg<\/td>\n<td>20 kg<\/td>\n<td>20 kg<\/td>\n<\/tr>\n<tr>\n<td>Topologia<\/td>\n<td>Sem transformador (solar), HF (bateria)<\/td>\n<td>Sem transformador (solar), HF (bateria)<\/td>\n<td>Sem transformador (solar), HF (bateria)<\/td>\n<td>Sem transformador (solar), HF (bateria)<\/td>\n<\/tr>\n<tr>\n<td>Conceito de resfriamento<\/td>\n<td>Convec\u00e7\u00e3o natural<\/td>\n<td>Convec\u00e7\u00e3o natural<\/td>\n<td>Convec\u00e7\u00e3o natural<\/td>\n<td>Convec\u00e7\u00e3o natural<\/td>\n<\/tr>\n<tr>\n<td>Humidade relativa<\/td>\n<td>0-100%<\/td>\n<td>0-100%<\/td>\n<td>0-100%<\/td>\n<td>0-100%<\/td>\n<\/tr>\n<tr>\n<td>Faixa de temperatura operacional<\/td>\n<td>-85<\/td>\n<td>-85<\/td>\n<td>-85<\/td>\n<td>-85<\/td>\n<\/tr>\n<tr>\n<td>Altitude<\/td>\n<td>&lt;2000m<\/td>\n<td>&lt;2000m<\/td>\n<td>&lt;2000m<\/td>\n<td>&lt;2000m<\/td>\n<\/tr>\n<tr>\n<td>Emiss\u00e3o de ru\u00eddo<\/td>\n<td>&lt;25 dB<\/td>\n<td>&lt;25 dB<\/td>\n<td>&lt;25 dB<\/td>\n<td>&lt;25 dB<\/td>\n<\/tr>\n<tr>\n<td>Consumo em espera<\/td>\n<td>&lt;5W<\/td>\n<td>&lt;5W<\/td>\n<td>&lt;5W<\/td>\n<td>&lt;5W<\/td>\n<\/tr>\n<tr>\n<td>Interfaces de exibi\u00e7\u00e3o e comunica\u00e7\u00e3o<\/td>\n<td>LCD, RS485, Wi-Fi, Ethernet<\/td>\n<td>LCD, RS485, Wi-Fi, Ethernet<\/td>\n<td>LCD, RS485, Wi-Fi, Ethernet<\/td>\n<td>LCD, RS485, Wi-Fi, Ethernet<\/td>\n<\/tr>\n<\/tbody>\n<\/table>\n<\/div>\n\t\t\t<\/div>","protected":false},"excerpt":{"rendered":"<ul>\n<li>UPS mais forte<\/li>\n<li>Modos de trabalho inteligentes<\/li>\n<li>IP65, uso interno e externo<\/li>\n<li>Interface do gerador dispon\u00edvel<\/li>\n<li>Monitoramento gratuito e atualiza\u00e7\u00e3o remota<\/li>\n<li>Paralelo avan\u00e7ado, at\u00e9 36kW<\/li>\n<li>Plug &amp; Play, comuta\u00e7\u00e3o perfeita em menos de 10 ms<\/li>\n<li>Adapte qualquer sistema na rede para poder funcionar com bateria<\/li>\n<\/ul>","protected":false},"featured_media":1662,"comment_status":"open","ping_status":"closed","template":"","meta":{"rop_custom_images_group":[],"rop_custom_messages_group":[],"rop_publish_now":"initial","rop_publish_now_accounts":[],"rop_publish_now_history":[],"rop_publish_now_status":"pending"},"product_brand":[],"product_cat":[15],"class_list":{"0":"post-1661","1":"product","2":"type-product","3":"status-publish","4":"has-post-thumbnail","6":"product_cat-ac-coupled-inverters","8":"first","9":"instock","10":"shipping-taxable","11":"product-type-simple"},"yoast_head":"<!-- This site is optimized with the Yoast SEO plugin v27.3 - https:\/\/yoast.com\/product\/yoast-seo-wordpress\/ -->\n<title>Luxpower inverter SQPOD -<\/title>\n<meta name=\"robots\" content=\"index, follow, max-snippet:-1, max-image-preview:large, max-video-preview:-1\" \/>\n<link rel=\"canonical\" href=\"https:\/\/luxpowertek.com\/pt\/inversor-luxpower-sqpod\/\" \/>\n<meta property=\"og:locale\" content=\"pt_BR\" \/>\n<meta property=\"og:type\" content=\"article\" \/>\n<meta property=\"og:title\" content=\"Luxpower inverter SQPOD -\" \/>\n<meta property=\"og:description\" content=\"Stronger UPS  Intelligent working modes  IP65, indoor &amp; outdoor use  Generator interface available  Free monitoring &amp; remote upgrade  Advanced Parallel, up to 36kW  Plug &amp; Play, seamless switching under 10ms  Retrofit any on-grid systems to be able to run battery\" \/>\n<meta property=\"og:url\" content=\"https:\/\/luxpowertek.com\/pt\/inversor-luxpower-sqpod\/\" \/>\n<meta property=\"article:modified_time\" content=\"2024-08-28T00:59:16+00:00\" \/>\n<meta property=\"og:image\" content=\"https:\/\/luxpowertek.com\/wp-content\/uploads\/2021\/12\/Luxpower-inverter-SQPOD-1-min.png\" \/>\n\t<meta property=\"og:image:width\" content=\"800\" \/>\n\t<meta property=\"og:image:height\" content=\"800\" \/>\n\t<meta property=\"og:image:type\" content=\"image\/png\" \/>\n<meta name=\"twitter:card\" content=\"summary_large_image\" \/>\n<meta name=\"twitter:label1\" content=\"Est. tempo de leitura\" \/>\n\t<meta name=\"twitter:data1\" content=\"3 minutos\" \/>\n<script type=\"application\/ld+json\" class=\"yoast-schema-graph\">{\"@context\":\"https:\\\/\\\/schema.org\",\"@graph\":[{\"@type\":\"WebPage\",\"@id\":\"https:\\\/\\\/luxpowertek.com\\\/luxpower-inverter-sqpod\",\"url\":\"https:\\\/\\\/luxpowertek.com\\\/luxpower-inverter-sqpod\",\"name\":\"Luxpower inverter SQPOD -\",\"isPartOf\":{\"@id\":\"https:\\\/\\\/luxpowertek.com\\\/#website\"},\"primaryImageOfPage\":{\"@id\":\"https:\\\/\\\/luxpowertek.com\\\/luxpower-inverter-sqpod#primaryimage\"},\"image\":{\"@id\":\"https:\\\/\\\/luxpowertek.com\\\/luxpower-inverter-sqpod#primaryimage\"},\"thumbnailUrl\":\"https:\\\/\\\/luxpowertek.com\\\/wp-content\\\/uploads\\\/2021\\\/12\\\/Luxpower-inverter-SQPOD-1-min.png\",\"datePublished\":\"2021-12-13T06:37:33+00:00\",\"dateModified\":\"2024-08-28T00:59:16+00:00\",\"breadcrumb\":{\"@id\":\"https:\\\/\\\/luxpowertek.com\\\/luxpower-inverter-sqpod#breadcrumb\"},\"inLanguage\":\"pt-BR\",\"potentialAction\":[{\"@type\":\"ReadAction\",\"target\":[\"https:\\\/\\\/luxpowertek.com\\\/luxpower-inverter-sqpod\"]}]},{\"@type\":\"ImageObject\",\"inLanguage\":\"pt-BR\",\"@id\":\"https:\\\/\\\/luxpowertek.com\\\/luxpower-inverter-sqpod#primaryimage\",\"url\":\"https:\\\/\\\/luxpowertek.com\\\/wp-content\\\/uploads\\\/2021\\\/12\\\/Luxpower-inverter-SQPOD-1-min.png\",\"contentUrl\":\"https:\\\/\\\/luxpowertek.com\\\/wp-content\\\/uploads\\\/2021\\\/12\\\/Luxpower-inverter-SQPOD-1-min.png\",\"width\":800,\"height\":800,\"caption\":\"uxpower inverter SQPOD 1-min\"},{\"@type\":\"BreadcrumbList\",\"@id\":\"https:\\\/\\\/luxpowertek.com\\\/luxpower-inverter-sqpod#breadcrumb\",\"itemListElement\":[{\"@type\":\"ListItem\",\"position\":1,\"name\":\"Home\",\"item\":\"https:\\\/\\\/luxpowertek.com\\\/\"},{\"@type\":\"ListItem\",\"position\":2,\"name\":\"Products\",\"item\":\"https:\\\/\\\/luxpowertek.com\\\/shop\"},{\"@type\":\"ListItem\",\"position\":3,\"name\":\"Luxpower inverter SQPOD\"}]},{\"@type\":\"WebSite\",\"@id\":\"https:\\\/\\\/luxpowertek.com\\\/#website\",\"url\":\"https:\\\/\\\/luxpowertek.com\\\/\",\"name\":\"\",\"description\":\"\",\"potentialAction\":[{\"@type\":\"SearchAction\",\"target\":{\"@type\":\"EntryPoint\",\"urlTemplate\":\"https:\\\/\\\/luxpowertek.com\\\/?s={search_term_string}\"},\"query-input\":{\"@type\":\"PropertyValueSpecification\",\"valueRequired\":true,\"valueName\":\"search_term_string\"}}],\"inLanguage\":\"pt-BR\"}]}<\/script>\n<!-- \/ Yoast SEO plugin. -->","yoast_head_json":{"title":"Inversor Luxpower SQPOD -","robots":{"index":"index","follow":"follow","max-snippet":"max-snippet:-1","max-image-preview":"max-image-preview:large","max-video-preview":"max-video-preview:-1"},"canonical":"https:\/\/luxpowertek.com\/pt\/inversor-luxpower-sqpod\/","og_locale":"pt_BR","og_type":"article","og_title":"Luxpower inverter SQPOD -","og_description":"Stronger UPS  Intelligent working modes  IP65, indoor &amp; outdoor use  Generator interface available  Free monitoring &amp; remote upgrade  Advanced Parallel, up to 36kW  Plug &amp; Play, seamless switching under 10ms  Retrofit any on-grid systems to be able to run battery","og_url":"https:\/\/luxpowertek.com\/pt\/inversor-luxpower-sqpod\/","article_modified_time":"2024-08-28T00:59:16+00:00","og_image":[{"width":800,"height":800,"url":"https:\/\/luxpowertek.com\/wp-content\/uploads\/2021\/12\/Luxpower-inverter-SQPOD-1-min.png","type":"image\/png"}],"twitter_card":"summary_large_image","twitter_misc":{"Est. tempo de leitura":"3 minutos"},"schema":{"@context":"https:\/\/schema.org","@graph":[{"@type":"WebPage","@id":"https:\/\/luxpowertek.com\/luxpower-inverter-sqpod","url":"https:\/\/luxpowertek.com\/luxpower-inverter-sqpod","name":"Inversor Luxpower SQPOD -","isPartOf":{"@id":"https:\/\/luxpowertek.com\/#website"},"primaryImageOfPage":{"@id":"https:\/\/luxpowertek.com\/luxpower-inverter-sqpod#primaryimage"},"image":{"@id":"https:\/\/luxpowertek.com\/luxpower-inverter-sqpod#primaryimage"},"thumbnailUrl":"https:\/\/luxpowertek.com\/wp-content\/uploads\/2021\/12\/Luxpower-inverter-SQPOD-1-min.png","datePublished":"2021-12-13T06:37:33+00:00","dateModified":"2024-08-28T00:59:16+00:00","breadcrumb":{"@id":"https:\/\/luxpowertek.com\/luxpower-inverter-sqpod#breadcrumb"},"inLanguage":"pt-BR","potentialAction":[{"@type":"ReadAction","target":["https:\/\/luxpowertek.com\/luxpower-inverter-sqpod"]}]},{"@type":"ImageObject","inLanguage":"pt-BR","@id":"https:\/\/luxpowertek.com\/luxpower-inverter-sqpod#primaryimage","url":"https:\/\/luxpowertek.com\/wp-content\/uploads\/2021\/12\/Luxpower-inverter-SQPOD-1-min.png","contentUrl":"https:\/\/luxpowertek.com\/wp-content\/uploads\/2021\/12\/Luxpower-inverter-SQPOD-1-min.png","width":800,"height":800,"caption":"uxpower inverter SQPOD 1-min"},{"@type":"BreadcrumbList","@id":"https:\/\/luxpowertek.com\/luxpower-inverter-sqpod#breadcrumb","itemListElement":[{"@type":"ListItem","position":1,"name":"Home","item":"https:\/\/luxpowertek.com\/"},{"@type":"ListItem","position":2,"name":"Products","item":"https:\/\/luxpowertek.com\/shop"},{"@type":"ListItem","position":3,"name":"Luxpower inverter SQPOD"}]},{"@type":"WebSite","@id":"https:\/\/luxpowertek.com\/#website","url":"https:\/\/luxpowertek.com\/","name":"","description":"","potentialAction":[{"@type":"SearchAction","target":{"@type":"EntryPoint","urlTemplate":"https:\/\/luxpowertek.com\/?s={search_term_string}"},"query-input":{"@type":"PropertyValueSpecification","valueRequired":true,"valueName":"search_term_string"}}],"inLanguage":"pt-BR"}]}},"_links":{"self":[{"href":"https:\/\/luxpowertek.com\/pt\/wp-json\/wp\/v2\/product\/1661","targetHints":{"allow":["GET"]}}],"collection":[{"href":"https:\/\/luxpowertek.com\/pt\/wp-json\/wp\/v2\/product"}],"about":[{"href":"https:\/\/luxpowertek.com\/pt\/wp-json\/wp\/v2\/types\/product"}],"replies":[{"embeddable":true,"href":"https:\/\/luxpowertek.com\/pt\/wp-json\/wp\/v2\/comments?post=1661"}],"wp:featuredmedia":[{"embeddable":true,"href":"https:\/\/luxpowertek.com\/pt\/wp-json\/wp\/v2\/media\/1662"}],"wp:attachment":[{"href":"https:\/\/luxpowertek.com\/pt\/wp-json\/wp\/v2\/media?parent=1661"}],"wp:term":[{"taxonomy":"product_brand","embeddable":true,"href":"https:\/\/luxpowertek.com\/pt\/wp-json\/wp\/v2\/product_brand?post=1661"},{"taxonomy":"product_cat","embeddable":true,"href":"https:\/\/luxpowertek.com\/pt\/wp-json\/wp\/v2\/product_cat?post=1661"}],"curies":[{"name":"wp","href":"https:\/\/api.w.org\/{rel}","templated":true}]}}