{"id":1653,"date":"2021-12-13T14:05:09","date_gmt":"2021-12-13T06:05:09","guid":{"rendered":"https:\/\/nibianqi.bbswaimao.com\/?post_type=product&#038;p=1653"},"modified":"2026-02-07T21:15:39","modified_gmt":"2026-02-07T13:15:39","slug":"inversor-luxpower-sna-3-5k","status":"publish","type":"product","link":"https:\/\/luxpowertek.com\/pt\/inversor-luxpower-sna-3-5k\/","title":{"rendered":"Inversor Luxpower SNA 3-5k"},"content":{"rendered":"<h2>Especifica\u00e7\u00e3o<\/h2>\n<div class=\"row\"  id=\"row-452957606\">\n\n\t<div id=\"col-1082531261\" class=\"col small-12 large-12\"  >\n\t\t\t\t<div class=\"col-inner\"  >\n\t\t\t\n\t\t\t\n<div style=\"overflow: auto; \" >\n<table border=\"\u201d1\u2033\" width=\"\u201d3000px\u201d\" height=\"\u201d120px\u201d\" align=\"\u201dcenter\u201d\" >\n<thead>\n<tr>\n<th>Sa\u00edda<\/th>\n<th>SNA3000<\/th>\n<th>SNA4000<\/th>\n<th>SNA5000<\/th>\n<\/tr>\n<\/thead>\n<tbody>\n<tr>\n<td>Pot\u00eancia nominal<\/td>\n<td>3000 W\/3000 VA<\/td>\n<td>4000 W\/4000 VA<\/td>\n<td>5000 W\/5000 VA<\/td>\n<\/tr>\n<tr>\n<td>Capacidade paralela<\/td>\n<td>SIM<\/td>\n<td>SIM<\/td>\n<td>SIM<\/td>\n<\/tr>\n<tr>\n<td>Tens\u00e3o de sa\u00edda normal<\/td>\n<td>230\/240, fase dividida 220\/110 Vac *<\/td>\n<td>230\/240, fase dividida 220\/110 Vac *<\/td>\n<td>230\/240, fase dividida 220\/110 Vac *<\/td>\n<\/tr>\n<tr>\n<td>Frequ\u00eancia de sa\u00edda normal<\/td>\n<td>50\/60Hz<\/td>\n<td>50\/60Hz<\/td>\n<td>50\/60Hz<\/td>\n<\/tr>\n<tr>\n<td>Pot\u00eancia de surto<\/td>\n<td>6000VA<\/td>\n<td>8000VA<\/td>\n<td>10000VA<\/td>\n<\/tr>\n<tr>\n<td>Tempo de troca<\/td>\n<td>10ms<\/td>\n<td>10ms<\/td>\n<td>10ms<\/td>\n<\/tr>\n<tr>\n<td>Forma de onda<\/td>\n<td>Onda senoidal pura<\/td>\n<td>Onda senoidal pura<\/td>\n<td>Onda senoidal pura<\/td>\n<\/tr>\n<\/tbody>\n<\/table>\n<\/div>\n\t\t<\/div>\n\t\t\t\t\t<\/div>\n\n\t\n<\/div>\n<div class=\"row\"  id=\"row-147333677\">\n\n\t<div id=\"col-895812299\" class=\"col small-12 large-12\"  >\n\t\t\t\t<div class=\"col-inner\"  >\n\t\t\t\n\t\t\t\n<table>\n<thead>\n<tr>\n<th>Bateria<\/th>\n<th>SNA3000<\/th>\n<th>SNA4000<\/th>\n<th>SNA5000<\/th>\n<\/tr>\n<\/thead>\n<tbody>\n<tr>\n<td>Tipo de Bateria<\/td>\n<td>L\u00edtio\/Chumbo-\u00c1cido<\/td>\n<td>L\u00edtio\/Chumbo-\u00c1cido<\/td>\n<td>L\u00edtio\/Chumbo-\u00c1cido<\/td>\n<\/tr>\n<tr>\n<td>Voltagem normal<\/td>\n<td>51,2 V\/48 V<\/td>\n<td>51,2 V\/48 V<\/td>\n<td>51,2 V\/48 V<\/td>\n<\/tr>\n<tr>\n<td>Tens\u00e3o de carga m\u00e1x.<\/td>\n<td>59V<\/td>\n<td>59V<\/td>\n<td>59V<\/td>\n<\/tr>\n<\/tbody>\n<\/table>\n<\/div>\n\t\t<\/div>\n\t\t\t\t\t<\/div>\n\n\t\n<\/div>\n<div class=\"row\"  id=\"row-689331852\">\n\n\t<div id=\"col-1900866904\" class=\"col small-12 large-12\"  >\n\t\t\t\t<div class=\"col-inner\"  >\n\t\t\t\n\t\t\t\n<div style=\"overflow: auto; \" >\n<table border=\"\u201d1\u2033\" width=\"\u201d3000px\u201d\" height=\"\u201d120px\u201d\" align=\"\u201dcenter\u201d\" >\n<thead>\n<tr>\n<th>Solar<\/th>\n<th>SNA3000<\/th>\n<th>SNA4000<\/th>\n<th>SNA5000<\/th>\n<\/tr>\n<\/thead>\n<tbody>\n<tr>\n<td>Pot\u00eancia m\u00e1xima recomendada de PV<\/td>\n<td>3200 W\/3200 W<\/td>\n<td>3200 W\/3200 W<\/td>\n<td>3200 W\/3200 W<\/td>\n<\/tr>\n<tr>\n<td>Rastreador MPPT<\/td>\n<td>2<\/td>\n<td>2<\/td>\n<td>2<\/td>\n<\/tr>\n<tr>\n<td>Faixa de tens\u00e3o de entrada CC<\/td>\n<td>100-480 Vcc<\/td>\n<td>100-480 Vcc<\/td>\n<td>100-480 Vcc<\/td>\n<\/tr>\n<tr>\n<td>Faixa de tens\u00e3o MPPT<\/td>\n<td>100-385 Vcc<\/td>\n<td>100-385 Vcc<\/td>\n<td>100-385 Vcc<\/td>\n<\/tr>\n<tr>\n<td>Tens\u00e3o de partida<\/td>\n<td>120 Vcc<\/td>\n<td>120 Vcc<\/td>\n<td>120 Vcc<\/td>\n<\/tr>\n<tr>\n<td>Corrente de carga solar m\u00e1x.<\/td>\n<td>110A<\/td>\n<td>110A<\/td>\n<td>110A<\/td>\n<\/tr>\n<tr>\n<td>M\u00e1x. Corrente de entrada solar<\/td>\n<td>13A\/13A<\/td>\n<td>13A\/13A<\/td>\n<td>13A\/13A<\/td>\n<\/tr>\n<tr>\n<td>Efici\u00eancia m\u00e1x. MPPT<\/td>\n<td>&gt;98%<\/td>\n<td>&gt;98%<\/td>\n<td>&gt;98%<\/td>\n<\/tr>\n<\/tbody>\n<\/table>\n<\/div>\n\t\t<\/div>\n\t\t\t\t\t<\/div>\n\n\t\n<\/div>\n<div class=\"row\"  id=\"row-883354921\">\n\n\t<div id=\"col-631691283\" class=\"col small-12 large-12\"  >\n\t\t\t\t<div class=\"col-inner\"  >\n\t\t\t\n\t\t\t\n<div style=\"overflow: auto; \" >\n<table border=\"\u201d1\u2033\" width=\"\u201d3000px\u201d\" height=\"\u201d120px\u201d\" align=\"\u201dcenter\u201d\" >\n<thead>\n<tr>\n<th>Grade<\/th>\n<th>SNA3000<\/th>\n<th>SNA4000<\/th>\n<th>SNA5000<\/th>\n<\/tr>\n<\/thead>\n<tbody>\n<tr>\n<td>Voltagem normal<\/td>\n<td>230Vca<\/td>\n<td>230Vca<\/td>\n<td>230Vca<\/td>\n<\/tr>\n<tr>\n<td>Faixa de tens\u00e3o CA<\/td>\n<td>110-280 Vca<\/td>\n<td>110-280 Vca<\/td>\n<td>110-280 Vca<\/td>\n<\/tr>\n<tr>\n<td>Corrente de carga m\u00e1x.<\/td>\n<td>60A<\/td>\n<td>60A<\/td>\n<td>60A<\/td>\n<\/tr>\n<tr>\n<td>Faixa de frequ\u00eancia<\/td>\n<td>50\/60Hz (detec\u00e7\u00e3o autom\u00e1tica)<\/td>\n<td>50\/60Hz (detec\u00e7\u00e3o autom\u00e1tica)<\/td>\n<td>50\/60Hz (detec\u00e7\u00e3o autom\u00e1tica)<\/td>\n<\/tr>\n<\/tbody>\n<\/table>\n<\/div>\n\t\t<\/div>\n\t\t\t\t\t<\/div>\n\n\t\n<\/div>\n<div class=\"row\"  id=\"row-1039902324\">\n\n\t<div id=\"col-1748181774\" class=\"col small-12 large-12\"  >\n\t\t\t\t<div class=\"col-inner\"  >\n\t\t\t\n\t\t\t\n<div style=\"overflow: auto; \" >\n<table border=\"\u201d1\u2033\" width=\"\u201d3000px\u201d\" height=\"\u201d120px\u201d\" align=\"\u201dcenter\u201d\" >\n<thead>\n<tr>\n<th>Em geral<\/th>\n<th>SNA3000<\/th>\n<th>SNA4000<\/th>\n<th>SNA5000<\/th>\n<\/tr>\n<\/thead>\n<tbody>\n<tr>\n<td>Dimens\u00f5es (L\/A\/P)<\/td>\n<td>330x504x135mm<\/td>\n<td>330x504x135mm<\/td>\n<td>330x504x135mm<\/td>\n<\/tr>\n<tr>\n<td>Peso<\/td>\n<td>14 kg<\/td>\n<td>14 kg<\/td>\n<td>14 kg<\/td>\n<\/tr>\n<tr>\n<td>Grau de Prote\u00e7\u00e3o<\/td>\n<td>IP20<\/td>\n<td>IP20<\/td>\n<td>IP20<\/td>\n<\/tr>\n<tr>\n<td>Humidade relativa<\/td>\n<td>5%~95% Umidade relativa (sem condensa\u00e7\u00e3o)<\/td>\n<td>5%~95% Umidade relativa (sem condensa\u00e7\u00e3o)<\/td>\n<td>5%~95% Umidade relativa (sem condensa\u00e7\u00e3o)<\/td>\n<\/tr>\n<tr>\n<td>Temperatura de opera\u00e7\u00e3o<\/td>\n<td>0\u00b0C~50\u00b0C<\/td>\n<td>0\u00b0C~50\u00b0C<\/td>\n<td>0\u00b0C~50\u00b0C<\/td>\n<\/tr>\n<tr>\n<td>Temperatura de armazenamento<\/td>\n<td>-15\u00b0C~60\u00b0C<\/td>\n<td>-15\u00b0C~60\u00b0C<\/td>\n<td>-15\u00b0C~60\u00b0C<\/td>\n<\/tr>\n<\/tbody>\n<\/table>\n<\/div>\n\t\t<\/div>\n\t\t\t\t\t<\/div>\n\n\t\n<\/div>\n<div class=\"row\"  id=\"row-813468819\">\n\n\t<div id=\"col-1321410287\" class=\"col small-12 large-12\"  >\n\t\t\t\t<div class=\"col-inner\"  >\n\t\t\t\n\t\t\t\n<div style=\"overflow: auto; \" >\n<table border=\"\u201d1\u2033\" width=\"\u201d3000px\u201d\" height=\"\u201d120px\u201d\" align=\"\u201dcenter\u201d\" >\n<thead>\n<tr>\n<th>Interfaces<\/th>\n<th>SNA3000<\/th>\n<th>SNA4000<\/th>\n<th>SNA5000<\/th>\n<\/tr>\n<\/thead>\n<tbody>\n<tr>\n<td>Mostrar<\/td>\n<td>LCD+LED<\/td>\n<td>LCD+LED<\/td>\n<td>LCD+LED<\/td>\n<\/tr>\n<tr>\n<td>Comunica\u00e7\u00e3o de bateria de l\u00edtio<\/td>\n<td>CAN\/RS485<\/td>\n<td>CAN\/RS485<\/td>\n<td>CAN\/RS485<\/td>\n<\/tr>\n<tr>\n<td>Conector RS485\/Seco<\/td>\n<td>SIM\/SIM<\/td>\n<td>SIM\/SIM<\/td>\n<td>SIM\/SIM<\/td>\n<\/tr>\n<tr>\n<td>Wi-Fi\/GPRS<\/td>\n<td>SIM\/SIM<\/td>\n<td>SIM\/SIM<\/td>\n<td>SIM\/SIM<\/td>\n<\/tr>\n<tr>\n<td>Garantia<\/td>\n<td>2 anos<\/td>\n<td>2 anos<\/td>\n<td>2 anos<\/td>\n<\/tr>\n<\/tbody>\n<\/table>\n<\/div>\n\t\t<\/div>\n\t\t\t\t\t<\/div>\n\n\t\n<\/div>\n\t<div id=\"text-1708647146\" class=\"text hidden\">\n\t\t\n<h2>Especifica\u00e7\u00e3o<\/h2>\n<div style=\"overflow: auto;\">SolarLXP3KLXP3.6K\/4kLXP4.6K\/5KLXP6K<\/p>\n<table border=\"\u201d1\u2033\" width=\"\u201d3000px\u201d\" align=\"\u201dcenter\u201d\">\n<tbody>\n<tr>\n<td>M\u00e1x. Pot\u00eancia de entrada CC<\/td>\n<td>6600 W<\/td>\n<td>7000 W<\/td>\n<td>8000 W<\/td>\n<td>8000 W<\/td>\n<\/tr>\n<tr>\n<td>Tens\u00e3o nominal de entrada CC<\/td>\n<td>360 Vcc<\/td>\n<td>360 Vcc<\/td>\n<td>360 Vcc<\/td>\n<td>360 Vcc<\/td>\n<\/tr>\n<tr>\n<td>Faixa de tens\u00e3o de entrada CC<\/td>\n<td>100 \u2013 550 Vcc<\/td>\n<td>100 \u2013 550 Vcc<\/td>\n<td>100 \u2013 550 Vcc<\/td>\n<td>100 \u2013 550 Vcc<\/td>\n<\/tr>\n<tr>\n<td>Faixa de tens\u00e3o MPPT<\/td>\n<td>100 \u2013 500 Vcc<\/td>\n<td>100 \u2013 500 Vcc<\/td>\n<td>100 \u2013 500 Vcc<\/td>\n<td>100 \u2013 500 Vcc<\/td>\n<\/tr>\n<tr>\n<td>Tens\u00e3o de partida<\/td>\n<td>120 Vcc<\/td>\n<td>120 Vcc<\/td>\n<td>120 Vcc<\/td>\n<td>120 Vcc<\/td>\n<\/tr>\n<tr>\n<td>N\u00famero MPPT<\/td>\n<td>2<\/td>\n<td>2<\/td>\n<td>2<\/td>\n<td>2<\/td>\n<\/tr>\n<tr>\n<td>Corrente de entrada CC m\u00e1x.<\/td>\n<td>13A\/13A<\/td>\n<td>13A\/13A<\/td>\n<td>13A\/13A<\/td>\n<td>13A\/13A<\/td>\n<\/tr>\n<tr>\n<th colspan=\"5\">Bateria<\/th>\n<\/tr>\n<tr>\n<td>Tipo de bateria compat\u00edvel<\/td>\n<td>\u00cdon-l\u00edtio\/chumbo-\u00e1cido<\/td>\n<td>\u00cdon-l\u00edtio\/chumbo-\u00e1cido<\/td>\n<td>\u00cdon-l\u00edtio\/chumbo-\u00e1cido<\/td>\n<td>\u00cdon-l\u00edtio\/chumbo-\u00e1cido<\/td>\n<\/tr>\n<tr>\n<td>Tens\u00e3o nominal da bateria<\/td>\n<td>48 Vcc<\/td>\n<td>48 Vcc<\/td>\n<td>48 Vcc<\/td>\n<td>48 Vcc<\/td>\n<\/tr>\n<tr>\n<td>Faixa de voltagem da bateria<\/td>\n<td>40 \u2013 60 Vcc<\/td>\n<td>40 \u2013 60 Vcc<\/td>\n<td>40 \u2013 60 Vcc<\/td>\n<td>40 \u2013 60 Vcc<\/td>\n<\/tr>\n<tr>\n<td>Corrente m\u00e1x. de carga\/descarga<\/td>\n<td>66A\/66A<\/td>\n<td>66A\/66A<\/td>\n<td>80A\/80A<\/td>\n<td>80A\/80A<\/td>\n<\/tr>\n<tr>\n<td>Pot\u00eancia m\u00e1xima de carga\/descarga<\/td>\n<td>3600 W\/3600 W<\/td>\n<td>3600 W\/3600 W<\/td>\n<td>4000 W\/4000 W<\/td>\n<td>4000 W\/4000 W<\/td>\n<\/tr>\n<tr>\n<td>Curva de Carga<\/td>\n<td>3 est\u00e1gios<\/td>\n<td>3 est\u00e1gios<\/td>\n<td>3 est\u00e1gios<\/td>\n<td>3 est\u00e1gios<\/td>\n<\/tr>\n<tr>\n<td>Tens\u00e3o de carga m\u00e1x.<\/td>\n<td>59V<\/td>\n<td>59V<\/td>\n<td>59V<\/td>\n<td>59V<\/td>\n<\/tr>\n<tr>\n<td>Capacidade da bateria<\/td>\n<td>2-20 kWh<\/td>\n<td>2-20 kWh<\/td>\n<td>2-20 kWh<\/td>\n<td>2-20 kWh<\/td>\n<\/tr>\n<tr>\n<th colspan=\"5\">Grade<\/th>\n<\/tr>\n<tr>\n<td>Pot\u00eancia nominal de sa\u00edda CA<\/td>\n<td>3000 W<\/td>\n<td>3600 W\/4000 W<\/td>\n<td>4600 W\/5000 W<\/td>\n<td>6000 W<\/td>\n<\/tr>\n<tr>\n<td>Pot\u00eancia m\u00e1xima de sa\u00edda CA<\/td>\n<td>3000VA<\/td>\n<td>3600VA\/4000VA<\/td>\n<td>4600VA\/5000VA<\/td>\n<td>6000VA<\/td>\n<\/tr>\n<tr>\n<td>Corrente de sa\u00edda CA m\u00e1x.<\/td>\n<td>15A<\/td>\n<td>16A\/20A<\/td>\n<td>25A<\/td>\n<td>26A<\/td>\n<\/tr>\n<tr>\n<td>Tens\u00e3o CA nominal<\/td>\n<td>230 V CA<\/td>\n<td>230 V CA<\/td>\n<td>230 V CA<\/td>\n<td>230 V CA<\/td>\n<\/tr>\n<tr>\n<td>Faixa de tens\u00e3o CA<\/td>\n<td>180 \u2013 270 Vca<\/td>\n<td>180 \u2013 270 Vca<\/td>\n<td>180 \u2013 270 Vca<\/td>\n<td>180 \u2013 270 Vca<\/td>\n<\/tr>\n<tr>\n<td>Frequ\u00eancia nominal CA<\/td>\n<td>50Hz \/ 60Hz<\/td>\n<td>50Hz \/ 60Hz<\/td>\n<td>50Hz \/ 60Hz<\/td>\n<td>50Hz \/ 60Hz<\/td>\n<\/tr>\n<tr>\n<td>Faixa de frequ\u00eancia CA<\/td>\n<td>45 \u2013 55Hz \/ 55 \u2013 65Hz<\/td>\n<td>45 \u2013 55Hz \/ 55 \u2013 65Hz<\/td>\n<td>45 \u2013 55Hz \/ 55 \u2013 65Hz<\/td>\n<td>45 \u2013 55Hz \/ 55 \u2013 65Hz<\/td>\n<\/tr>\n<tr>\n<td>Fator de pot\u00eancia<\/td>\n<td>Ajust\u00e1vel de 0,8 superexcitado a 0,8 subexcitado<\/td>\n<td>Ajust\u00e1vel de 0,8 superexcitado a 0,8 subexcitado<\/td>\n<td>Ajust\u00e1vel de 0,8 superexcitado a 0,8 subexcitado<\/td>\n<td>Ajust\u00e1vel de 0,8 superexcitado a 0,8 subexcitado<\/td>\n<\/tr>\n<tr>\n<td>THDI<\/td>\n<td>&lt;3%<\/td>\n<td>&lt;3%<\/td>\n<td>&lt;3%<\/td>\n<td>&lt;3%<\/td>\n<\/tr>\n<tr>\n<th colspan=\"5\">UPS<\/th>\n<\/tr>\n<tr>\n<td>UPS M\u00e1x. Pot\u00eancia de sa\u00edda sem energia solar<\/td>\n<td>3000 W<\/td>\n<td>3600 W\/4000 W<\/td>\n<td>4000 W<\/td>\n<td>4000 W<\/td>\n<\/tr>\n<tr>\n<td>UPS M\u00e1x. Pot\u00eancia de sa\u00edda com energia solar<\/td>\n<td>3000 W<\/td>\n<td>3600 W\/4000 W<\/td>\n<td>5000 W<\/td>\n<td>6000 W<\/td>\n<\/tr>\n<tr>\n<td>Tens\u00e3o nominal de sa\u00edda do UPS<\/td>\n<td>230 V CA<\/td>\n<td>230 V CA<\/td>\n<td>230 V CA<\/td>\n<td>230 V CA<\/td>\n<\/tr>\n<tr>\n<td>Frequ\u00eancia de sa\u00edda nominal do UPS<\/td>\n<td>50Hz \/ 60Hz<\/td>\n<td>50Hz \/ 60Hz<\/td>\n<td>50Hz \/ 60Hz<\/td>\n<td>50Hz \/ 60Hz<\/td>\n<\/tr>\n<tr>\n<td>Corrente de sa\u00edda nominal do UPS<\/td>\n<td>13A<\/td>\n<td>15,6 A\/17,4 A<\/td>\n<td>17.4A<\/td>\n<td>17.4A<\/td>\n<\/tr>\n<tr>\n<td>Pico de pot\u00eancia sem energia solar<\/td>\n<td>4500 W, 30 segundos<\/td>\n<td>4500 W, 30 segundos<\/td>\n<td>4500 W, 30 segundos<\/td>\n<td>4500 W, 30 segundos<\/td>\n<\/tr>\n<tr>\n<td>THDV<\/td>\n<td>&lt;5%<\/td>\n<td>&lt;5%<\/td>\n<td>&lt;5%<\/td>\n<td>&lt;5%<\/td>\n<\/tr>\n<tr>\n<td>Tempo de comuta\u00e7\u00e3o<\/td>\n<td>T\u00edpico 0,01s<\/td>\n<td>T\u00edpico 0,01s<\/td>\n<td>T\u00edpico 0,01s<\/td>\n<td>&lt;0,01s<\/td>\n<\/tr>\n<tr>\n<th colspan=\"5\">Efici\u00eancia<\/th>\n<\/tr>\n<tr>\n<td>Efici\u00eancia Europa<\/td>\n<td>97.50%<\/td>\n<td>97.50%<\/td>\n<td>97.50%<\/td>\n<td>97.50%<\/td>\n<\/tr>\n<tr>\n<td>M\u00e1x. Efici\u00eancia<\/td>\n<td>97.90%<\/td>\n<td>97.90%<\/td>\n<td>97.90%<\/td>\n<td>97.90%<\/td>\n<\/tr>\n<tr>\n<td>Efici\u00eancia de carga\/descarga da bateria<\/td>\n<td>94.50%<\/td>\n<td>94.50%<\/td>\n<td>94.50%<\/td>\n<td>94.50%<\/td>\n<\/tr>\n<tr>\n<th colspan=\"5\">Prote\u00e7\u00e3o<\/th>\n<\/tr>\n<tr>\n<td>Prote\u00e7\u00e3o contra polaridade reversa<\/td>\n<td>Sim<\/td>\n<td>Sim<\/td>\n<td>Sim<\/td>\n<td>Sim<\/td>\n<\/tr>\n<tr>\n<td>Prote\u00e7\u00e3o contra sobrecorrente\/tens\u00e3o<\/td>\n<td>Sim<\/td>\n<td>Sim<\/td>\n<td>Sim<\/td>\n<td>Sim<\/td>\n<\/tr>\n<tr>\n<td>Prote\u00e7\u00e3o anti-ilhamento<\/td>\n<td>Sim<\/td>\n<td>Sim<\/td>\n<td>Sim<\/td>\n<td>Sim<\/td>\n<\/tr>\n<tr>\n<td>Prote\u00e7\u00e3o contra curto-circuito CA<\/td>\n<td>Sim<\/td>\n<td>Sim<\/td>\n<td>Sim<\/td>\n<td>Sim<\/td>\n<\/tr>\n<tr>\n<td>Prote\u00e7\u00e3o contra fuga de corrente<\/td>\n<td>Sim<\/td>\n<td>Sim<\/td>\n<td>Sim<\/td>\n<td>Sim<\/td>\n<\/tr>\n<tr>\n<td>Monitoramento de falha de aterramento<\/td>\n<td>Sim<\/td>\n<td>Sim<\/td>\n<td>Sim<\/td>\n<td>Sim<\/td>\n<\/tr>\n<tr>\n<td>Monitoramento de rede<\/td>\n<td>Sim<\/td>\n<td>Sim<\/td>\n<td>Sim<\/td>\n<td>Sim<\/td>\n<\/tr>\n<tr>\n<td>Grau de prote\u00e7\u00e3o de entrada<\/td>\n<td>IP65 \/ NEMA4X<\/td>\n<td>IP65 \/ NEMA4X<\/td>\n<td>IP65 \/ NEMA4X<\/td>\n<td>IP65 \/ NEMA4X<\/td>\n<\/tr>\n<tr>\n<td>Interruptor DC<\/td>\n<td>Sim<\/td>\n<td>Sim<\/td>\n<td>Sim<\/td>\n<td>Sim<\/td>\n<\/tr>\n<tr>\n<th colspan=\"5\">Em geral<\/th>\n<\/tr>\n<tr>\n<td>Dimens\u00f5es (L\/A\/P)<\/td>\n<td>455 \/ 476 (565) \/ 181<\/td>\n<td>455 \/ 476 (565) \/ 181<\/td>\n<td>455 \/ 476 (565) \/ 181<\/td>\n<td>455 \/ 476 (565) \/ 181<\/td>\n<\/tr>\n<tr>\n<td>Peso<\/td>\n<td>20 kg<\/td>\n<td>20 kg<\/td>\n<td>20 kg<\/td>\n<td>20 kg<\/td>\n<\/tr>\n<tr>\n<td>Topologia<\/td>\n<td>Sem transformador (solar), HF (bateria)<\/td>\n<td>Sem transformador (solar), HF (bateria)<\/td>\n<td>Sem transformador (solar), HF (bateria)<\/td>\n<td>Sem transformador (solar), HF (bateria)<\/td>\n<\/tr>\n<tr>\n<td>Conceito de resfriamento<\/td>\n<td>Convec\u00e7\u00e3o natural<\/td>\n<td>Convec\u00e7\u00e3o natural<\/td>\n<td>Convec\u00e7\u00e3o natural<\/td>\n<td>Convec\u00e7\u00e3o natural<\/td>\n<\/tr>\n<tr>\n<td>Humidade relativa<\/td>\n<td>0-100%<\/td>\n<td>0-100%<\/td>\n<td>0-100%<\/td>\n<td>0-100%<\/td>\n<\/tr>\n<tr>\n<td>Faixa de temperatura operacional<\/td>\n<td>-85<\/td>\n<td>-85<\/td>\n<td>-85<\/td>\n<td>-85<\/td>\n<\/tr>\n<tr>\n<td>Altitude<\/td>\n<td>&lt;2000m<\/td>\n<td>&lt;2000m<\/td>\n<td>&lt;2000m<\/td>\n<td>&lt;2000m<\/td>\n<\/tr>\n<tr>\n<td>Emiss\u00e3o de ru\u00eddo<\/td>\n<td>&lt;25 dB<\/td>\n<td>&lt;25 dB<\/td>\n<td>&lt;25 dB<\/td>\n<td>&lt;25 dB<\/td>\n<\/tr>\n<tr>\n<td>Consumo em espera<\/td>\n<td>&lt;5W<\/td>\n<td>&lt;5W<\/td>\n<td>&lt;5W<\/td>\n<td>&lt;5W<\/td>\n<\/tr>\n<tr>\n<td>Interfaces de exibi\u00e7\u00e3o e comunica\u00e7\u00e3o<\/td>\n<td>LCD, RS485, Wi-Fi, Ethernet<\/td>\n<td>LCD, RS485, Wi-Fi, Ethernet<\/td>\n<td>LCD, RS485, Wi-Fi, Ethernet<\/td>\n<td>LCD, RS485, Wi-Fi, Ethernet<\/td>\n<\/tr>\n<\/tbody>\n<\/table>\n<\/div>\n\t\t\t<\/div>","protected":false},"excerpt":{"rendered":"<ul>\n<li>Modos inteligentes offgrid e h\u00edbridos<\/li>\n<li>Cargas de energia fotovoltaica e CA simultaneamente<\/li>\n<li>Ampla faixa de tens\u00e3o de entrada PV<\/li>\n<li>F\u00e1cil de usar com bateria<\/li>\n<li>Monitoramento gratuito e atualiza\u00e7\u00e3o remota<\/li>\n<li>Monof\u00e1sico ou trif\u00e1sico desbalanceado<\/li>\n<li>Paralelo avan\u00e7ado, at\u00e9 50kW<\/li>\n<li>Interface de gerador separada dispon\u00edvel<\/li>\n<li>Inversor host gerado automaticamente para<br \/>\ngerenciar todo o sistema<\/li>\n<\/ul>","protected":false},"featured_media":1654,"comment_status":"open","ping_status":"closed","template":"","meta":{"rop_custom_images_group":[],"rop_custom_messages_group":[],"rop_publish_now":"initial","rop_publish_now_accounts":[],"rop_publish_now_history":[],"rop_publish_now_status":"pending"},"product_brand":[],"product_cat":[17],"class_list":{"0":"post-1653","1":"product","2":"type-product","3":"status-publish","4":"has-post-thumbnail","6":"product_cat-hybrid-inverters","8":"first","9":"instock","10":"shipping-taxable","11":"product-type-simple"},"yoast_head":"<!-- This site is optimized with the Yoast SEO plugin v27.3 - https:\/\/yoast.com\/product\/yoast-seo-wordpress\/ -->\n<title>Luxpower inverter SNA 3-5k -<\/title>\n<meta name=\"robots\" content=\"index, follow, max-snippet:-1, max-image-preview:large, max-video-preview:-1\" \/>\n<link rel=\"canonical\" href=\"https:\/\/luxpowertek.com\/pt\/inversor-luxpower-sna-3-5k\/\" \/>\n<meta property=\"og:locale\" content=\"pt_BR\" \/>\n<meta property=\"og:type\" content=\"article\" \/>\n<meta property=\"og:title\" content=\"Luxpower inverter SNA 3-5k -\" \/>\n<meta property=\"og:description\" content=\"Intelligent offgrid &amp; hybrid modes  PV &amp; AC power loads simultaneously  Wide PV input voltage range  Easy to use with battery  Free monitoring &amp; remote upgrade  Single phase or unbalanced three phase  Advanced Parallel, up to 50kW  Separate generator interface available  Host inverter automatically generated to manage entire system\" \/>\n<meta property=\"og:url\" content=\"https:\/\/luxpowertek.com\/pt\/inversor-luxpower-sna-3-5k\/\" \/>\n<meta property=\"article:modified_time\" content=\"2026-02-07T13:15:39+00:00\" \/>\n<meta property=\"og:image\" content=\"https:\/\/luxpowertek.com\/wp-content\/uploads\/2021\/12\/Luxpower-inverter-SNA-3-5k-1-min.png\" \/>\n\t<meta property=\"og:image:width\" content=\"800\" \/>\n\t<meta property=\"og:image:height\" content=\"800\" \/>\n\t<meta property=\"og:image:type\" content=\"image\/png\" \/>\n<meta name=\"twitter:card\" content=\"summary_large_image\" \/>\n<meta name=\"twitter:label1\" content=\"Est. tempo de leitura\" \/>\n\t<meta name=\"twitter:data1\" content=\"3 minutos\" \/>\n<script type=\"application\/ld+json\" class=\"yoast-schema-graph\">{\"@context\":\"https:\\\/\\\/schema.org\",\"@graph\":[{\"@type\":\"WebPage\",\"@id\":\"https:\\\/\\\/luxpowertek.com\\\/luxpower-inverter-sna-3-5k\",\"url\":\"https:\\\/\\\/luxpowertek.com\\\/luxpower-inverter-sna-3-5k\",\"name\":\"Luxpower inverter SNA 3-5k -\",\"isPartOf\":{\"@id\":\"https:\\\/\\\/luxpowertek.com\\\/#website\"},\"primaryImageOfPage\":{\"@id\":\"https:\\\/\\\/luxpowertek.com\\\/luxpower-inverter-sna-3-5k#primaryimage\"},\"image\":{\"@id\":\"https:\\\/\\\/luxpowertek.com\\\/luxpower-inverter-sna-3-5k#primaryimage\"},\"thumbnailUrl\":\"https:\\\/\\\/luxpowertek.com\\\/wp-content\\\/uploads\\\/2021\\\/12\\\/Luxpower-inverter-SNA-3-5k-1-min.png\",\"datePublished\":\"2021-12-13T06:05:09+00:00\",\"dateModified\":\"2026-02-07T13:15:39+00:00\",\"breadcrumb\":{\"@id\":\"https:\\\/\\\/luxpowertek.com\\\/luxpower-inverter-sna-3-5k#breadcrumb\"},\"inLanguage\":\"pt-BR\",\"potentialAction\":[{\"@type\":\"ReadAction\",\"target\":[\"https:\\\/\\\/luxpowertek.com\\\/luxpower-inverter-sna-3-5k\"]}]},{\"@type\":\"ImageObject\",\"inLanguage\":\"pt-BR\",\"@id\":\"https:\\\/\\\/luxpowertek.com\\\/luxpower-inverter-sna-3-5k#primaryimage\",\"url\":\"https:\\\/\\\/luxpowertek.com\\\/wp-content\\\/uploads\\\/2021\\\/12\\\/Luxpower-inverter-SNA-3-5k-1-min.png\",\"contentUrl\":\"https:\\\/\\\/luxpowertek.com\\\/wp-content\\\/uploads\\\/2021\\\/12\\\/Luxpower-inverter-SNA-3-5k-1-min.png\",\"width\":800,\"height\":800},{\"@type\":\"BreadcrumbList\",\"@id\":\"https:\\\/\\\/luxpowertek.com\\\/luxpower-inverter-sna-3-5k#breadcrumb\",\"itemListElement\":[{\"@type\":\"ListItem\",\"position\":1,\"name\":\"Home\",\"item\":\"https:\\\/\\\/luxpowertek.com\\\/\"},{\"@type\":\"ListItem\",\"position\":2,\"name\":\"Products\",\"item\":\"https:\\\/\\\/luxpowertek.com\\\/shop\"},{\"@type\":\"ListItem\",\"position\":3,\"name\":\"Luxpower inverter SNA 3-5k\"}]},{\"@type\":\"WebSite\",\"@id\":\"https:\\\/\\\/luxpowertek.com\\\/#website\",\"url\":\"https:\\\/\\\/luxpowertek.com\\\/\",\"name\":\"\",\"description\":\"\",\"potentialAction\":[{\"@type\":\"SearchAction\",\"target\":{\"@type\":\"EntryPoint\",\"urlTemplate\":\"https:\\\/\\\/luxpowertek.com\\\/?s={search_term_string}\"},\"query-input\":{\"@type\":\"PropertyValueSpecification\",\"valueRequired\":true,\"valueName\":\"search_term_string\"}}],\"inLanguage\":\"pt-BR\"}]}<\/script>\n<!-- \/ Yoast SEO plugin. -->","yoast_head_json":{"title":"Inversor Luxpower SNA 3-5k -","robots":{"index":"index","follow":"follow","max-snippet":"max-snippet:-1","max-image-preview":"max-image-preview:large","max-video-preview":"max-video-preview:-1"},"canonical":"https:\/\/luxpowertek.com\/pt\/inversor-luxpower-sna-3-5k\/","og_locale":"pt_BR","og_type":"article","og_title":"Luxpower inverter SNA 3-5k -","og_description":"Intelligent offgrid &amp; hybrid modes  PV &amp; AC power loads simultaneously  Wide PV input voltage range  Easy to use with battery  Free monitoring &amp; remote upgrade  Single phase or unbalanced three phase  Advanced Parallel, up to 50kW  Separate generator interface available  Host inverter automatically generated to manage entire system","og_url":"https:\/\/luxpowertek.com\/pt\/inversor-luxpower-sna-3-5k\/","article_modified_time":"2026-02-07T13:15:39+00:00","og_image":[{"width":800,"height":800,"url":"https:\/\/luxpowertek.com\/wp-content\/uploads\/2021\/12\/Luxpower-inverter-SNA-3-5k-1-min.png","type":"image\/png"}],"twitter_card":"summary_large_image","twitter_misc":{"Est. tempo de leitura":"3 minutos"},"schema":{"@context":"https:\/\/schema.org","@graph":[{"@type":"WebPage","@id":"https:\/\/luxpowertek.com\/luxpower-inverter-sna-3-5k","url":"https:\/\/luxpowertek.com\/luxpower-inverter-sna-3-5k","name":"Inversor Luxpower SNA 3-5k -","isPartOf":{"@id":"https:\/\/luxpowertek.com\/#website"},"primaryImageOfPage":{"@id":"https:\/\/luxpowertek.com\/luxpower-inverter-sna-3-5k#primaryimage"},"image":{"@id":"https:\/\/luxpowertek.com\/luxpower-inverter-sna-3-5k#primaryimage"},"thumbnailUrl":"https:\/\/luxpowertek.com\/wp-content\/uploads\/2021\/12\/Luxpower-inverter-SNA-3-5k-1-min.png","datePublished":"2021-12-13T06:05:09+00:00","dateModified":"2026-02-07T13:15:39+00:00","breadcrumb":{"@id":"https:\/\/luxpowertek.com\/luxpower-inverter-sna-3-5k#breadcrumb"},"inLanguage":"pt-BR","potentialAction":[{"@type":"ReadAction","target":["https:\/\/luxpowertek.com\/luxpower-inverter-sna-3-5k"]}]},{"@type":"ImageObject","inLanguage":"pt-BR","@id":"https:\/\/luxpowertek.com\/luxpower-inverter-sna-3-5k#primaryimage","url":"https:\/\/luxpowertek.com\/wp-content\/uploads\/2021\/12\/Luxpower-inverter-SNA-3-5k-1-min.png","contentUrl":"https:\/\/luxpowertek.com\/wp-content\/uploads\/2021\/12\/Luxpower-inverter-SNA-3-5k-1-min.png","width":800,"height":800},{"@type":"BreadcrumbList","@id":"https:\/\/luxpowertek.com\/luxpower-inverter-sna-3-5k#breadcrumb","itemListElement":[{"@type":"ListItem","position":1,"name":"Home","item":"https:\/\/luxpowertek.com\/"},{"@type":"ListItem","position":2,"name":"Products","item":"https:\/\/luxpowertek.com\/shop"},{"@type":"ListItem","position":3,"name":"Luxpower inverter SNA 3-5k"}]},{"@type":"WebSite","@id":"https:\/\/luxpowertek.com\/#website","url":"https:\/\/luxpowertek.com\/","name":"","description":"","potentialAction":[{"@type":"SearchAction","target":{"@type":"EntryPoint","urlTemplate":"https:\/\/luxpowertek.com\/?s={search_term_string}"},"query-input":{"@type":"PropertyValueSpecification","valueRequired":true,"valueName":"search_term_string"}}],"inLanguage":"pt-BR"}]}},"_links":{"self":[{"href":"https:\/\/luxpowertek.com\/pt\/wp-json\/wp\/v2\/product\/1653","targetHints":{"allow":["GET"]}}],"collection":[{"href":"https:\/\/luxpowertek.com\/pt\/wp-json\/wp\/v2\/product"}],"about":[{"href":"https:\/\/luxpowertek.com\/pt\/wp-json\/wp\/v2\/types\/product"}],"replies":[{"embeddable":true,"href":"https:\/\/luxpowertek.com\/pt\/wp-json\/wp\/v2\/comments?post=1653"}],"wp:featuredmedia":[{"embeddable":true,"href":"https:\/\/luxpowertek.com\/pt\/wp-json\/wp\/v2\/media\/1654"}],"wp:attachment":[{"href":"https:\/\/luxpowertek.com\/pt\/wp-json\/wp\/v2\/media?parent=1653"}],"wp:term":[{"taxonomy":"product_brand","embeddable":true,"href":"https:\/\/luxpowertek.com\/pt\/wp-json\/wp\/v2\/product_brand?post=1653"},{"taxonomy":"product_cat","embeddable":true,"href":"https:\/\/luxpowertek.com\/pt\/wp-json\/wp\/v2\/product_cat?post=1653"}],"curies":[{"name":"wp","href":"https:\/\/api.w.org\/{rel}","templated":true}]}}