{"id":8667,"date":"2024-04-09T22:29:25","date_gmt":"2024-04-09T14:29:25","guid":{"rendered":"https:\/\/luxpowertek.com\/?page_id=8667"},"modified":"2024-08-01T14:02:08","modified_gmt":"2024-08-01T06:02:08","slug":"perguntas-frequentes-sobre-dongle","status":"publish","type":"page","link":"https:\/\/luxpowertek.com\/pt\/perguntas-frequentes-sobre-dongle\/","title":{"rendered":"Perguntas frequentes sobre Dongle"},"content":{"rendered":"<div class=\"banner has-hover\" id=\"banner-1700740789\">\n          <div class=\"banner-inner fill\">\n        <div class=\"banner-bg fill\" >\n            <div class=\"bg fill bg-fill\"><\/div>\n                        <div class=\"overlay\"><\/div>            \n                    <\/div>\n\t\t\n        <div class=\"banner-layers container\">\n            <div class=\"fill banner-link\"><\/div>            \n   <div id=\"text-box-1513067774\" class=\"text-box banner-layer x50 md-x50 lg-x50 y50 md-y50 lg-y50 res-text\">\n                                <div class=\"text-box-content text dark\">\n              \n              <div class=\"text-inner text-center\">\n                  \n              <\/div>\n           <\/div>\n                            \n<style>\n#text-box-1513067774 {\n  width: 60%;\n}\n#text-box-1513067774 .text-box-content {\n  font-size: 100%;\n}\n@media (min-width:550px) {\n  #text-box-1513067774 {\n    width: 60%;\n  }\n}\n<\/style>\n    <\/div>\n \n        <\/div>\n      <\/div>\n\n            \n<style>\n#banner-1700740789 {\n  padding-top: 500px;\n}\n#banner-1700740789 .bg.bg-loaded {\n  background-image: url(https:\/\/luxpowertek.com\/wp-content\/uploads\/2024\/04\/six.webp);\n}\n#banner-1700740789 .overlay {\n  background-color: rgba(0, 0, 0, 0.401);\n}\n<\/style>\n  <\/div>\n\n\n\t<section class=\"section\" id=\"section_310925500\">\n\t\t<div class=\"bg section-bg fill bg-fill  bg-loaded\" >\n\n\t\t\t\n\t\t\t\n\t\t\t\n\n\t\t<\/div>\n\n\t\t\n\n\t\t<div class=\"section-content relative\">\n\t\t\t\n<div class=\"row\"  id=\"row-1029748052\">\n\n\t<div id=\"col-1952758057\" class=\"col small-12 large-12\"  >\n\t\t\t\t<div class=\"col-inner\"  >\n\t\t\t\n\t\t\t\n<p class=\"lead\" style=\"text-align: center;\"><span style=\"font-size: 105%;\"><strong>Perguntas frequentes sobre Dongle<\/strong><\/span><\/p>\n\t\t<\/div>\n\t\t\t\t\t<\/div>\n\n\t\n<\/div>\n<div class=\"row\"  id=\"row-1147112783\">\n\n\t<div id=\"col-1702562884\" class=\"col small-12 large-12\"  >\n\t\t\t\t<div class=\"col-inner\"  >\n\t\t\t\n\t\t\t\n<div class=\"accordion\">\n\t<div id=\"accordion-2720566474\" class=\"accordion-item\">\n\t\t<a id=\"accordion-2720566474-label\" class=\"accordion-title plain\" href=\"#accordion-item-what-does-\u2018dongle-already-exists\u2019-mean-when-adding-it-to-the-server?\" aria-expanded=\"false\" aria-controls=\"accordion-2720566474-content\" >\n\t\t\t<button class=\"toggle\" aria-label=\"Alternar\"><i class=\"icon-angle-down\"><\/i><\/button>\n\t\t\t<span>O que significa &quot;dongle j\u00e1 existe&quot; ao adicion\u00e1-lo ao servidor?<\/span>\n\t\t<\/a>\n\t\t<div id=\"accordion-2720566474-content\" class=\"accordion-inner\" aria-labelledby=\"accordion-2720566474-label\" >\n\t\t\t\n<ul>\n<li>R: O prompt \u201cdongle already exists\u201d indica que o dongle j\u00e1 foi adicionado ao servidor. Se voc\u00ea deseja adicion\u00e1-lo novamente, remova o dongle da esta\u00e7\u00e3o primeiro. Se o dongle ainda aparecer na sua conta, entre em contato com seu fornecedor ou com a Luxpowertek para obter assist\u00eancia.<\/li>\n<\/ul>\n\t\t<\/div>\n\t<\/div>\n\t\n\t<div id=\"accordion-3614069533\" class=\"accordion-item\">\n\t\t<a id=\"accordion-3614069533-label\" class=\"accordion-title plain\" href=\"#accordion-item-how-do-i-connect-the-dongle-to-a-new-wifi-provider-if-i-change-my-router?\" aria-expanded=\"false\" aria-controls=\"accordion-3614069533-content\" >\n\t\t\t<button class=\"toggle\" aria-label=\"Alternar\"><i class=\"icon-angle-down\"><\/i><\/button>\n\t\t\t<span>Como conecto o dongle a um novo provedor de WiFi se eu trocar de roteador?<\/span>\n\t\t<\/a>\n\t\t<div id=\"accordion-3614069533-content\" class=\"accordion-inner\" aria-labelledby=\"accordion-3614069533-label\" >\n\t\t\t\n<p>R: Siga estes passos para configurar a nova senha do WiFi atrav\u00e9s do aplicativo (certifique-se de que o novo roteador suporta a banda de frequ\u00eancia de 2,4 GHz):<\/p>\n<ul>\n<li>Insira o dongle no inversor.<\/li>\n<li>Conecte seu celular ou computador ao ponto de acesso local enviado pelo dongle WiFi quando o LED WiFi no dongle estiver aceso.<\/li>\n<li>Abra o aplicativo Luxpowerview e navegue at\u00e9 a p\u00e1gina \u201cConex\u00e3o do dongle WiFi\u201d.<\/li>\n<li>Selecione sua rede WiFi dom\u00e9stica e insira a senha.<\/li>\n<li>Clique em \u201cConex\u00e3o WiFi dom\u00e9stica\u201d e aguarde at\u00e9 que todos os tr\u00eas indicadores LED se acendam.<\/li>\n<\/ul>\n\t\t<\/div>\n\t<\/div>\n\t\n\t<div id=\"accordion-1532130145\" class=\"accordion-item\">\n\t\t<a id=\"accordion-1532130145-label\" class=\"accordion-title plain\" href=\"#accordion-item-why-isn&#039;t-my-4g-dongle-working?\" aria-expanded=\"false\" aria-controls=\"accordion-1532130145-content\" >\n\t\t\t<button class=\"toggle\" aria-label=\"Alternar\"><i class=\"icon-angle-down\"><\/i><\/button>\n\t\t\t<span>Por que meu dongle 4G n\u00e3o est\u00e1 funcionando?<\/span>\n\t\t<\/a>\n\t\t<div id=\"accordion-1532130145-content\" class=\"accordion-inner\" aria-labelledby=\"accordion-1532130145-label\" >\n\t\t\t\n<p class=\"lead\"><span style=\"font-size: 80%;\">R: Certifique-se de ter inserido o cart\u00e3o SIM fornecido pela LUX no dongle 4G. Se os problemas persistirem, forne\u00e7a o n\u00famero de s\u00e9rie do dongle 4G, o n\u00famero de s\u00e9rie do inversor e o n\u00famero de s\u00e9rie do cart\u00e3o SIM \u00e0 Luxpower para consulta sobre o per\u00edodo de validade.<\/span><\/p>\n\t\t<\/div>\n\t<\/div>\n\t\n<\/div>\n<div class=\"accordion\">\n\t<div id=\"accordion-1864550841\" class=\"accordion-item\">\n\t\t<a id=\"accordion-1864550841-label\" class=\"accordion-title plain\" href=\"#accordion-item-why-isn&#039;t-my-wifi-dongle-connecting-to-my-new-router?\" aria-expanded=\"false\" aria-controls=\"accordion-1864550841-content\" >\n\t\t\t<button class=\"toggle\" aria-label=\"Alternar\"><i class=\"icon-angle-down\"><\/i><\/button>\n\t\t\t<span>Por que meu dongle WiFi n\u00e3o est\u00e1 se conectando ao meu novo roteador?<\/span>\n\t\t<\/a>\n\t\t<div id=\"accordion-1864550841-content\" class=\"accordion-inner\" aria-labelledby=\"accordion-1864550841-label\" >\n\t\t\t\n<p class=\"lead\"><span style=\"font-size: 80%;\">R: Solucione o problema verificando o seguinte:<\/span><\/p>\n<ul>\n<li class=\"lead\">\n<p class=\"lead\"><span style=\"font-size: 80%;\">Verifique se o roteador suporta o protocolo WiFi 5.<\/span><\/p>\n<\/li>\n<li class=\"lead\">\n<p class=\"lead\"><span style=\"font-size: 80%;\">Certifique-se de que o roteador esteja configurado para WPA1\/WPA2\/WPA2\/3.<\/span><\/p>\n<\/li>\n<li class=\"lead\">\n<p class=\"lead\"><span style=\"font-size: 80%;\">Confirme se o roteador suporta a banda de frequ\u00eancia de 2,4 GHz.<\/span><\/p>\n<\/li>\n<li class=\"lead\">\n<p class=\"lead\"><span style=\"font-size: 80%;\">Verifique se o roteador est\u00e1 configurado para DHCP (ou atribua manualmente o endere\u00e7o IP para o dongle).<\/span><\/p>\n<\/li>\n<\/ul>\n\t\t<\/div>\n\t<\/div>\n\t\n\t<div id=\"accordion-88720599\" class=\"accordion-item\">\n\t\t<a id=\"accordion-88720599-label\" class=\"accordion-title plain\" href=\"#accordion-item-can-i-bind-a-dongle-to-more-than-one-station-for-normal-use?\" aria-expanded=\"false\" aria-controls=\"accordion-88720599-content\" >\n\t\t\t<button class=\"toggle\" aria-label=\"Alternar\"><i class=\"icon-angle-down\"><\/i><\/button>\n\t\t\t<span>Posso vincular um dongle a mais de uma esta\u00e7\u00e3o para uso normal?<\/span>\n\t\t<\/a>\n\t\t<div id=\"accordion-88720599-content\" class=\"accordion-inner\" aria-labelledby=\"accordion-88720599-label\" >\n\t\t\t\n<p class=\"lead\"><span style=\"font-size: 80%;\">R: Atualmente, apenas um dongle pode ser vinculado a um inversor e esta\u00e7\u00e3o espec\u00edficos.<\/span><\/p>\n\t\t<\/div>\n\t<\/div>\n\t\n\t<div id=\"accordion-3085916053\" class=\"accordion-item\">\n\t\t<a id=\"accordion-3085916053-label\" class=\"accordion-title plain\" href=\"#accordion-item-why-can&#039;t-we-see-the-wifi-hotspot-in-our-phone&#039;s-wifi-list?\" aria-expanded=\"false\" aria-controls=\"accordion-3085916053-content\" >\n\t\t\t<button class=\"toggle\" aria-label=\"Alternar\"><i class=\"icon-angle-down\"><\/i><\/button>\n\t\t\t<span>Por que n\u00e3o conseguimos ver o ponto de acesso WiFi na lista de WiFi do nosso telefone?<\/span>\n\t\t<\/a>\n\t\t<div id=\"accordion-3085916053-content\" class=\"accordion-inner\" aria-labelledby=\"accordion-3085916053-label\" >\n\t\t\t\n<p class=\"lead\"><span style=\"font-size: 80%;\">R: Verifique se voc\u00ea consegue ver um hotspot chamado \u201cMXCHIPXXXX\u201d. Se voc\u00ea fizer login em 10.10.10.1 e alterar o modo WiFi para modo esta\u00e7\u00e3o, o dongle pode n\u00e3o mostrar o AP. Al\u00e9m disso, se uma redefini\u00e7\u00e3o de f\u00e1brica for realizada, o AP pode aparecer como \u201cMXCHIPxxxxxxx\u201d.<\/span><\/p>\n\t\t<\/div>\n\t<\/div>\n\t\n<\/div>\n\t\t<\/div>\n\t\t\t\t\t<\/div>\n\n\t\n<\/div>\n\t\t<\/div>\n\n\t\t\n<style>\n#section_310925500 {\n  padding-top: 30px;\n  padding-bottom: 30px;\n}\n<\/style>\n\t<\/section>","protected":false},"excerpt":{"rendered":"","protected":false},"author":3,"featured_media":0,"parent":0,"menu_order":0,"comment_status":"closed","ping_status":"closed","template":"page-transparent-header-light.php","meta":{"rop_custom_images_group":[],"rop_custom_messages_group":[],"rop_publish_now":"initial","rop_publish_now_accounts":[],"rop_publish_now_history":[],"rop_publish_now_status":"pending","footnotes":""},"class_list":["post-8667","page","type-page","status-publish","hentry"],"yoast_head":"<!-- This site is optimized with the Yoast SEO plugin v27.3 - https:\/\/yoast.com\/product\/yoast-seo-wordpress\/ -->\n<title>Dongle FAQs -<\/title>\n<meta name=\"robots\" content=\"index, follow, max-snippet:-1, max-image-preview:large, max-video-preview:-1\" \/>\n<link rel=\"canonical\" href=\"https:\/\/luxpowertek.com\/pt\/perguntas-frequentes-sobre-dongle\/\" \/>\n<meta property=\"og:locale\" content=\"pt_BR\" \/>\n<meta property=\"og:type\" content=\"article\" \/>\n<meta property=\"og:title\" content=\"Dongle FAQs -\" \/>\n<meta property=\"og:url\" content=\"https:\/\/luxpowertek.com\/pt\/perguntas-frequentes-sobre-dongle\/\" \/>\n<meta property=\"article:publisher\" content=\"https:\/\/www.facebook.com\/LUXPOWERTEK\" \/>\n<meta property=\"article:modified_time\" content=\"2024-08-01T06:02:08+00:00\" \/>\n<meta name=\"twitter:card\" content=\"summary_large_image\" \/>\n<meta name=\"twitter:label1\" content=\"Est. tempo de leitura\" \/>\n\t<meta name=\"twitter:data1\" content=\"2 minutos\" \/>\n<script type=\"application\/ld+json\" class=\"yoast-schema-graph\">{\"@context\":\"https:\\\/\\\/schema.org\",\"@graph\":[{\"@type\":\"WebPage\",\"@id\":\"https:\\\/\\\/luxpowertek.com\\\/donglefaqs\\\/\",\"url\":\"https:\\\/\\\/luxpowertek.com\\\/donglefaqs\\\/\",\"name\":\"Dongle FAQs -\",\"isPartOf\":{\"@id\":\"https:\\\/\\\/luxpowertek.com\\\/#website\"},\"datePublished\":\"2024-04-09T14:29:25+00:00\",\"dateModified\":\"2024-08-01T06:02:08+00:00\",\"breadcrumb\":{\"@id\":\"https:\\\/\\\/luxpowertek.com\\\/donglefaqs\\\/#breadcrumb\"},\"inLanguage\":\"pt-BR\",\"potentialAction\":[{\"@type\":\"ReadAction\",\"target\":[\"https:\\\/\\\/luxpowertek.com\\\/donglefaqs\\\/\"]}]},{\"@type\":\"BreadcrumbList\",\"@id\":\"https:\\\/\\\/luxpowertek.com\\\/donglefaqs\\\/#breadcrumb\",\"itemListElement\":[{\"@type\":\"ListItem\",\"position\":1,\"name\":\"Home\",\"item\":\"https:\\\/\\\/luxpowertek.com\\\/\"},{\"@type\":\"ListItem\",\"position\":2,\"name\":\"Dongle FAQs\"}]},{\"@type\":\"WebSite\",\"@id\":\"https:\\\/\\\/luxpowertek.com\\\/#website\",\"url\":\"https:\\\/\\\/luxpowertek.com\\\/\",\"name\":\"\",\"description\":\"\",\"publisher\":{\"@id\":\"https:\\\/\\\/luxpowertek.com\\\/#organization\"},\"potentialAction\":[{\"@type\":\"SearchAction\",\"target\":{\"@type\":\"EntryPoint\",\"urlTemplate\":\"https:\\\/\\\/luxpowertek.com\\\/?s={search_term_string}\"},\"query-input\":{\"@type\":\"PropertyValueSpecification\",\"valueRequired\":true,\"valueName\":\"search_term_string\"}}],\"inLanguage\":\"pt-BR\"},{\"@type\":\"Organization\",\"@id\":\"https:\\\/\\\/luxpowertek.com\\\/#organization\",\"name\":\"LuxpowerTek\",\"url\":\"https:\\\/\\\/luxpowertek.com\\\/\",\"logo\":{\"@type\":\"ImageObject\",\"inLanguage\":\"pt-BR\",\"@id\":\"https:\\\/\\\/luxpowertek.com\\\/#\\\/schema\\\/logo\\\/image\\\/\",\"url\":\"https:\\\/\\\/luxpowertek.com\\\/wp-content\\\/uploads\\\/2024\\\/08\\\/Luxpower_logo_new.webp\",\"contentUrl\":\"https:\\\/\\\/luxpowertek.com\\\/wp-content\\\/uploads\\\/2024\\\/08\\\/Luxpower_logo_new.webp\",\"width\":1030,\"height\":186,\"caption\":\"LuxpowerTek\"},\"image\":{\"@id\":\"https:\\\/\\\/luxpowertek.com\\\/#\\\/schema\\\/logo\\\/image\\\/\"},\"sameAs\":[\"https:\\\/\\\/www.facebook.com\\\/LUXPOWERTEK\"]}]}<\/script>\n<!-- \/ Yoast SEO plugin. -->","yoast_head_json":{"title":"Perguntas frequentes sobre Dongle -","robots":{"index":"index","follow":"follow","max-snippet":"max-snippet:-1","max-image-preview":"max-image-preview:large","max-video-preview":"max-video-preview:-1"},"canonical":"https:\/\/luxpowertek.com\/pt\/perguntas-frequentes-sobre-dongle\/","og_locale":"pt_BR","og_type":"article","og_title":"Dongle FAQs -","og_url":"https:\/\/luxpowertek.com\/pt\/perguntas-frequentes-sobre-dongle\/","article_publisher":"https:\/\/www.facebook.com\/LUXPOWERTEK","article_modified_time":"2024-08-01T06:02:08+00:00","twitter_card":"summary_large_image","twitter_misc":{"Est. tempo de leitura":"2 minutos"},"schema":{"@context":"https:\/\/schema.org","@graph":[{"@type":"WebPage","@id":"https:\/\/luxpowertek.com\/donglefaqs\/","url":"https:\/\/luxpowertek.com\/donglefaqs\/","name":"Perguntas frequentes sobre Dongle -","isPartOf":{"@id":"https:\/\/luxpowertek.com\/#website"},"datePublished":"2024-04-09T14:29:25+00:00","dateModified":"2024-08-01T06:02:08+00:00","breadcrumb":{"@id":"https:\/\/luxpowertek.com\/donglefaqs\/#breadcrumb"},"inLanguage":"pt-BR","potentialAction":[{"@type":"ReadAction","target":["https:\/\/luxpowertek.com\/donglefaqs\/"]}]},{"@type":"BreadcrumbList","@id":"https:\/\/luxpowertek.com\/donglefaqs\/#breadcrumb","itemListElement":[{"@type":"ListItem","position":1,"name":"Home","item":"https:\/\/luxpowertek.com\/"},{"@type":"ListItem","position":2,"name":"Dongle FAQs"}]},{"@type":"WebSite","@id":"https:\/\/luxpowertek.com\/#website","url":"https:\/\/luxpowertek.com\/","name":"","description":"","publisher":{"@id":"https:\/\/luxpowertek.com\/#organization"},"potentialAction":[{"@type":"SearchAction","target":{"@type":"EntryPoint","urlTemplate":"https:\/\/luxpowertek.com\/?s={search_term_string}"},"query-input":{"@type":"PropertyValueSpecification","valueRequired":true,"valueName":"search_term_string"}}],"inLanguage":"pt-BR"},{"@type":"Organization","@id":"https:\/\/luxpowertek.com\/#organization","name":"LuxpowerTek","url":"https:\/\/luxpowertek.com\/","logo":{"@type":"ImageObject","inLanguage":"pt-BR","@id":"https:\/\/luxpowertek.com\/#\/schema\/logo\/image\/","url":"https:\/\/luxpowertek.com\/wp-content\/uploads\/2024\/08\/Luxpower_logo_new.webp","contentUrl":"https:\/\/luxpowertek.com\/wp-content\/uploads\/2024\/08\/Luxpower_logo_new.webp","width":1030,"height":186,"caption":"LuxpowerTek"},"image":{"@id":"https:\/\/luxpowertek.com\/#\/schema\/logo\/image\/"},"sameAs":["https:\/\/www.facebook.com\/LUXPOWERTEK"]}]}},"_links":{"self":[{"href":"https:\/\/luxpowertek.com\/pt\/wp-json\/wp\/v2\/pages\/8667","targetHints":{"allow":["GET"]}}],"collection":[{"href":"https:\/\/luxpowertek.com\/pt\/wp-json\/wp\/v2\/pages"}],"about":[{"href":"https:\/\/luxpowertek.com\/pt\/wp-json\/wp\/v2\/types\/page"}],"author":[{"embeddable":true,"href":"https:\/\/luxpowertek.com\/pt\/wp-json\/wp\/v2\/users\/3"}],"replies":[{"embeddable":true,"href":"https:\/\/luxpowertek.com\/pt\/wp-json\/wp\/v2\/comments?post=8667"}],"version-history":[{"count":20,"href":"https:\/\/luxpowertek.com\/pt\/wp-json\/wp\/v2\/pages\/8667\/revisions"}],"predecessor-version":[{"id":11353,"href":"https:\/\/luxpowertek.com\/pt\/wp-json\/wp\/v2\/pages\/8667\/revisions\/11353"}],"wp:attachment":[{"href":"https:\/\/luxpowertek.com\/pt\/wp-json\/wp\/v2\/media?parent=8667"}],"curies":[{"name":"wp","href":"https:\/\/api.w.org\/{rel}","templated":true}]}}