{"id":8648,"date":"2024-04-09T21:34:36","date_gmt":"2024-04-09T13:34:36","guid":{"rendered":"https:\/\/luxpowertek.com\/?page_id=8648"},"modified":"2024-08-01T10:57:41","modified_gmt":"2024-08-01T02:57:41","slug":"inversor-solar-ac-dc-inversorfaq","status":"publish","type":"page","link":"https:\/\/luxpowertek.com\/pt\/inversor-solar-ac-dc-inversorfaq\/","title":{"rendered":"Perguntas frequentes sobre inversores CA\/CC"},"content":{"rendered":"<div class=\"banner has-hover\" id=\"banner-453286884\">\n          <div class=\"banner-inner fill\">\n        <div class=\"banner-bg fill\" >\n            <div class=\"bg fill bg-fill\"><\/div>\n                        <div class=\"overlay\"><\/div>            \n                    <\/div>\n\t\t\n        <div class=\"banner-layers container\">\n            <div class=\"fill banner-link\"><\/div>            \n   <div id=\"text-box-1692427689\" class=\"text-box banner-layer x50 md-x50 lg-x50 y50 md-y50 lg-y50 res-text\">\n                                <div class=\"text-box-content text dark\">\n              \n              <div class=\"text-inner text-center\">\n                  \n              <\/div>\n           <\/div>\n                            \n<style>\n#text-box-1692427689 {\n  width: 60%;\n}\n#text-box-1692427689 .text-box-content {\n  font-size: 100%;\n}\n@media (min-width:550px) {\n  #text-box-1692427689 {\n    width: 60%;\n  }\n}\n<\/style>\n    <\/div>\n \n        <\/div>\n      <\/div>\n\n            \n<style>\n#banner-453286884 {\n  padding-top: 500px;\n}\n#banner-453286884 .bg.bg-loaded {\n  background-image: url(https:\/\/luxpowertek.com\/wp-content\/uploads\/2024\/04\/six.webp);\n}\n#banner-453286884 .overlay {\n  background-color: rgba(0, 0, 0, 0.401);\n}\n<\/style>\n  <\/div>\n\n\n\t<section class=\"section\" id=\"section_1132832923\">\n\t\t<div class=\"bg section-bg fill bg-fill  bg-loaded\" >\n\n\t\t\t\n\t\t\t\n\t\t\t\n\n\t\t<\/div>\n\n\t\t\n\n\t\t<div class=\"section-content relative\">\n\t\t\t\n<div class=\"row\"  id=\"row-20479125\">\n\n\t<div id=\"col-1356083052\" class=\"col small-12 large-12\"  >\n\t\t\t\t<div class=\"col-inner\"  >\n\t\t\t\n\t\t\t\n<p class=\"lead\" style=\"text-align: center;\"><span style=\"font-size: 105%;\"><strong>Perguntas frequentes sobre inversores acoplados CA\/CC<\/strong><\/span><\/p>\n\t\t<\/div>\n\t\t\t\t\t<\/div>\n\n\t\n<\/div>\n<div class=\"row\"  id=\"row-184185315\">\n\n\t<div id=\"col-727811268\" class=\"col small-12 large-12\"  >\n\t\t\t\t<div class=\"col-inner\"  >\n\t\t\t\n\t\t\t\n<div class=\"accordion\">\n\t<div id=\"accordion-1904928566\" class=\"accordion-item\">\n\t\t<a id=\"accordion-1904928566-label\" class=\"accordion-title plain\" href=\"#accordion-item-what-does-ac-coupling-mean\uff1f\" aria-expanded=\"false\" aria-controls=\"accordion-1904928566-content\" >\n\t\t\t<button class=\"toggle\" aria-label=\"Alternar\"><i class=\"icon-angle-down\"><\/i><\/button>\n\t\t\t<span>O que significa ACOPLAMENTO CA?<\/span>\n\t\t<\/a>\n\t\t<div id=\"accordion-1904928566-content\" class=\"accordion-inner\" aria-labelledby=\"accordion-1904928566-label\" >\n\t\t\t\n<p class=\"lead\"><span style=\"font-size: 80%;\">R: O acoplamento CA, ou acoplado CA, refere-se principalmente a um sistema de armazenamento sendo carregado a partir de energia CA. Normalmente usado em cen\u00e1rios de retrofit junto com sistemas PV existentes, o acoplamento CA permite compensa\u00e7\u00e3o de carga e carregamento de bateria quando a energia da rede est\u00e1 dispon\u00edvel. Durante interrup\u00e7\u00f5es na rede, o sistema de armazenamento fornece uma refer\u00eancia de tens\u00e3o para o sistema PV continuar gerando energia sem suporte da rede.<\/span><\/p>\n\t\t<\/div>\n\t<\/div>\n\t\n\t<div id=\"accordion-1751110622\" class=\"accordion-item\">\n\t\t<a id=\"accordion-1751110622-label\" class=\"accordion-title plain\" href=\"#accordion-item-is-ac-couple-in-on-grid-mode-and-off-grid-mode-available-with-12kw-inverter-?\" aria-expanded=\"false\" aria-controls=\"accordion-1751110622-content\" >\n\t\t\t<button class=\"toggle\" aria-label=\"Alternar\"><i class=\"icon-angle-down\"><\/i><\/button>\n\t\t\t<span>O acoplamento CA no modo on-grid e off-grid est\u00e1 dispon\u00edvel com inversor de 12 kW?<\/span>\n\t\t<\/a>\n\t\t<div id=\"accordion-1751110622-content\" class=\"accordion-inner\" aria-labelledby=\"accordion-1751110622-label\" >\n\t\t\t\n<p class=\"lead\"><span style=\"font-size: 80%;\">R: sim, os modos on-grid e off-grid est\u00e3o dispon\u00edveis com um inversor de 12kW. O inversor PV existente precisa ser conectado \u00e0 porta Gen para habilitar a funcionalidade de acoplamento CA.<\/span><\/p>\n\t\t<\/div>\n\t<\/div>\n\t\n\t<div id=\"accordion-3424177147\" class=\"accordion-item\">\n\t\t<a id=\"accordion-3424177147-label\" class=\"accordion-title plain\" href=\"#accordion-item-can-acs3600-achieve-zero-export?\" aria-expanded=\"false\" aria-controls=\"accordion-3424177147-content\" >\n\t\t\t<button class=\"toggle\" aria-label=\"Alternar\"><i class=\"icon-angle-down\"><\/i><\/button>\n\t\t\t<span>O ACS3600 consegue atingir exporta\u00e7\u00e3o zero?<\/span>\n\t\t<\/a>\n\t\t<div id=\"accordion-3424177147-content\" class=\"accordion-inner\" aria-labelledby=\"accordion-3424177147-label\" >\n\t\t\t\n<p>R: O ACS3600 n\u00e3o consegue atingir a exporta\u00e7\u00e3o zero verdadeira devido a certas limita\u00e7\u00f5es:<\/p>\n<ul>\n<li>Se o inversor fotovoltaico n\u00e3o tiver a funcionalidade de exporta\u00e7\u00e3o zero, definir a exporta\u00e7\u00e3o zero n\u00e3o funcionar\u00e1, resultando em excesso de feedback de energia para a rede.<\/li>\n<li>Se o inversor PV tiver capacidade de exporta\u00e7\u00e3o zero, ele gera energia com base na carga. Quando a corrente do inversor \u00e9 detectada por um transformador de corrente (CT), a gera\u00e7\u00e3o de energia PV para, impedindo o carregamento da bateria durante esse tempo.<\/li>\n<\/ul>\n\t\t<\/div>\n\t<\/div>\n\t\n<\/div>\n<div class=\"accordion\">\n\t<div id=\"accordion-2247069817\" class=\"accordion-item\">\n\t\t<a id=\"accordion-2247069817-label\" class=\"accordion-title plain\" href=\"#accordion-item-what-does-the-acs-3600-provide?\" aria-expanded=\"false\" aria-controls=\"accordion-2247069817-content\" >\n\t\t\t<button class=\"toggle\" aria-label=\"Alternar\"><i class=\"icon-angle-down\"><\/i><\/button>\n\t\t\t<span>O que o ACS 3600 oferece?<\/span>\n\t\t<\/a>\n\t\t<div id=\"accordion-2247069817-content\" class=\"accordion-inner\" aria-labelledby=\"accordion-2247069817-label\" >\n\t\t\t\n<p class=\"lead\"><span style=\"font-size: 80%;\">R: O ACS 3600, nosso dispositivo acoplado a CA, integra convers\u00e3o de energia bidirecional, uma bateria de armazenamento de energia e uma unidade de gerenciamento de bateria. Ele armazena energia de fontes solares, de rede ou geradoras de forma eficiente para alimentar cargas dom\u00e9sticas conforme necess\u00e1rio. Este sistema otimiza a utiliza\u00e7\u00e3o de energia solar, reduz as despesas com eletricidade e garante eletricidade residencial confi\u00e1vel. Durante interrup\u00e7\u00f5es na rede, o gerador serve perfeitamente como uma fonte de energia de reserva.<\/span><\/p>\n\t\t<\/div>\n\t<\/div>\n\t\n\t<div id=\"accordion-179396291\" class=\"accordion-item\">\n\t\t<a id=\"accordion-179396291-label\" class=\"accordion-title plain\" href=\"#accordion-item-what-is-the-difference-between-ac-and-dc-coupled?\" aria-expanded=\"false\" aria-controls=\"accordion-179396291-content\" >\n\t\t\t<button class=\"toggle\" aria-label=\"Alternar\"><i class=\"icon-angle-down\"><\/i><\/button>\n\t\t\t<span>Qual \u00e9 a diferen\u00e7a entre CA e CC acoplados?<\/span>\n\t\t<\/a>\n\t\t<div id=\"accordion-179396291-content\" class=\"accordion-inner\" aria-labelledby=\"accordion-179396291-label\" >\n\t\t\t\n<p class=\"lead\"><span style=\"font-size: 80%;\">R: Em um sistema acoplado a CA, os pain\u00e9is solares produzem energia CC, que \u00e9 convertida em CA por um inversor para alimentar aparelhos. Qualquer eletricidade direcionada a uma bateria passa por convers\u00e3o para CC por um inversor antes de ser convertida de volta para CA para uso em aparelhos ou alimenta\u00e7\u00e3o da rede.<\/span><\/p>\n<p class=\"lead\"><span style=\"font-size: 80%;\">Em um sistema acoplado a CC, a energia CC dos pain\u00e9is solares carrega diretamente as baterias solares sem convers\u00e3o CA intermedi\u00e1ria. Qualquer eletricidade necess\u00e1ria para aparelhos ou alimenta\u00e7\u00e3o da rede \u00e9 convertida em CA por um inversor, assim como qualquer eletricidade descarregada da bateria.<\/span><\/p>\n\t\t<\/div>\n\t<\/div>\n\t\n\t<div id=\"accordion-3717894387\" class=\"accordion-item\">\n\t\t<a id=\"accordion-3717894387-label\" class=\"accordion-title plain\" href=\"#accordion-item-what-is-the-scenario-for-a-dc-coupled-inverter?\" aria-expanded=\"false\" aria-controls=\"accordion-3717894387-content\" >\n\t\t\t<button class=\"toggle\" aria-label=\"Alternar\"><i class=\"icon-angle-down\"><\/i><\/button>\n\t\t\t<span>Qual \u00e9 o cen\u00e1rio para um inversor acoplado em CC?<\/span>\n\t\t<\/a>\n\t\t<div id=\"accordion-3717894387-content\" class=\"accordion-inner\" aria-labelledby=\"accordion-3717894387-label\" >\n\t\t\t\n<p>R: No contexto de um inversor acoplado a CC, nosso dispositivo faz interface com inversores conectados \u00e0 rede existentes. Com uma capacidade m\u00e1xima de entrada PV de 200 kW e sa\u00edda PV de 100 kW, e compatibilidade com baterias de alta tens\u00e3o de 100-700 V, ele \u00e9 adequado para aplica\u00e7\u00f5es comerciais e industriais de larga escala.<\/p>\n\t\t<\/div>\n\t<\/div>\n\t\n<\/div>\n\t\t<\/div>\n\t\t\t\t\t<\/div>\n\n\t\n\n\t<div id=\"col-1196791999\" class=\"col small-12 large-12\"  >\n\t\t\t\t<div class=\"col-inner\"  >\n\t\t\t\n\t\t\t\n\t\t<\/div>\n\t\t\t\t\t<\/div>\n\n\t\n<\/div>\n\t\t<\/div>\n\n\t\t\n<style>\n#section_1132832923 {\n  padding-top: 30px;\n  padding-bottom: 30px;\n}\n<\/style>\n\t<\/section>","protected":false},"excerpt":{"rendered":"","protected":false},"author":3,"featured_media":0,"parent":0,"menu_order":0,"comment_status":"closed","ping_status":"closed","template":"page-transparent-header-light.php","meta":{"rop_custom_images_group":[],"rop_custom_messages_group":[],"rop_publish_now":"initial","rop_publish_now_accounts":[],"rop_publish_now_history":[],"rop_publish_now_status":"pending","footnotes":""},"class_list":["post-8648","page","type-page","status-publish","hentry"],"yoast_head":"<!-- This site is optimized with the Yoast SEO plugin v27.3 - https:\/\/yoast.com\/product\/yoast-seo-wordpress\/ -->\n<title>AC\/DC inverter FAQs -<\/title>\n<meta name=\"robots\" content=\"index, follow, max-snippet:-1, max-image-preview:large, max-video-preview:-1\" \/>\n<link rel=\"canonical\" href=\"https:\/\/luxpowertek.com\/pt\/inversor-solar-ac-dc-inversorfaq\/\" \/>\n<meta property=\"og:locale\" content=\"pt_BR\" \/>\n<meta property=\"og:type\" content=\"article\" \/>\n<meta property=\"og:title\" content=\"AC\/DC inverter FAQs -\" \/>\n<meta property=\"og:url\" content=\"https:\/\/luxpowertek.com\/pt\/inversor-solar-ac-dc-inversorfaq\/\" \/>\n<meta property=\"article:publisher\" content=\"https:\/\/www.facebook.com\/LUXPOWERTEK\" \/>\n<meta property=\"article:modified_time\" content=\"2024-08-01T02:57:41+00:00\" \/>\n<meta name=\"twitter:card\" content=\"summary_large_image\" \/>\n<meta name=\"twitter:label1\" content=\"Est. tempo de leitura\" \/>\n\t<meta name=\"twitter:data1\" content=\"2 minutos\" \/>\n<script type=\"application\/ld+json\" class=\"yoast-schema-graph\">{\"@context\":\"https:\\\/\\\/schema.org\",\"@graph\":[{\"@type\":\"WebPage\",\"@id\":\"https:\\\/\\\/luxpowertek.com\\\/solarinverter-ac-dc-inverterfaq\\\/\",\"url\":\"https:\\\/\\\/luxpowertek.com\\\/solarinverter-ac-dc-inverterfaq\\\/\",\"name\":\"AC\\\/DC inverter FAQs -\",\"isPartOf\":{\"@id\":\"https:\\\/\\\/luxpowertek.com\\\/#website\"},\"datePublished\":\"2024-04-09T13:34:36+00:00\",\"dateModified\":\"2024-08-01T02:57:41+00:00\",\"breadcrumb\":{\"@id\":\"https:\\\/\\\/luxpowertek.com\\\/solarinverter-ac-dc-inverterfaq\\\/#breadcrumb\"},\"inLanguage\":\"pt-BR\",\"potentialAction\":[{\"@type\":\"ReadAction\",\"target\":[\"https:\\\/\\\/luxpowertek.com\\\/solarinverter-ac-dc-inverterfaq\\\/\"]}]},{\"@type\":\"BreadcrumbList\",\"@id\":\"https:\\\/\\\/luxpowertek.com\\\/solarinverter-ac-dc-inverterfaq\\\/#breadcrumb\",\"itemListElement\":[{\"@type\":\"ListItem\",\"position\":1,\"name\":\"Home\",\"item\":\"https:\\\/\\\/luxpowertek.com\\\/\"},{\"@type\":\"ListItem\",\"position\":2,\"name\":\"AC\\\/DC inverter FAQs\"}]},{\"@type\":\"WebSite\",\"@id\":\"https:\\\/\\\/luxpowertek.com\\\/#website\",\"url\":\"https:\\\/\\\/luxpowertek.com\\\/\",\"name\":\"\",\"description\":\"\",\"publisher\":{\"@id\":\"https:\\\/\\\/luxpowertek.com\\\/#organization\"},\"potentialAction\":[{\"@type\":\"SearchAction\",\"target\":{\"@type\":\"EntryPoint\",\"urlTemplate\":\"https:\\\/\\\/luxpowertek.com\\\/?s={search_term_string}\"},\"query-input\":{\"@type\":\"PropertyValueSpecification\",\"valueRequired\":true,\"valueName\":\"search_term_string\"}}],\"inLanguage\":\"pt-BR\"},{\"@type\":\"Organization\",\"@id\":\"https:\\\/\\\/luxpowertek.com\\\/#organization\",\"name\":\"LuxpowerTek\",\"url\":\"https:\\\/\\\/luxpowertek.com\\\/\",\"logo\":{\"@type\":\"ImageObject\",\"inLanguage\":\"pt-BR\",\"@id\":\"https:\\\/\\\/luxpowertek.com\\\/#\\\/schema\\\/logo\\\/image\\\/\",\"url\":\"https:\\\/\\\/luxpowertek.com\\\/wp-content\\\/uploads\\\/2024\\\/08\\\/Luxpower_logo_new.webp\",\"contentUrl\":\"https:\\\/\\\/luxpowertek.com\\\/wp-content\\\/uploads\\\/2024\\\/08\\\/Luxpower_logo_new.webp\",\"width\":1030,\"height\":186,\"caption\":\"LuxpowerTek\"},\"image\":{\"@id\":\"https:\\\/\\\/luxpowertek.com\\\/#\\\/schema\\\/logo\\\/image\\\/\"},\"sameAs\":[\"https:\\\/\\\/www.facebook.com\\\/LUXPOWERTEK\"]}]}<\/script>\n<!-- \/ Yoast SEO plugin. -->","yoast_head_json":{"title":"Perguntas frequentes sobre inversores CA\/CC -","robots":{"index":"index","follow":"follow","max-snippet":"max-snippet:-1","max-image-preview":"max-image-preview:large","max-video-preview":"max-video-preview:-1"},"canonical":"https:\/\/luxpowertek.com\/pt\/inversor-solar-ac-dc-inversorfaq\/","og_locale":"pt_BR","og_type":"article","og_title":"AC\/DC inverter FAQs -","og_url":"https:\/\/luxpowertek.com\/pt\/inversor-solar-ac-dc-inversorfaq\/","article_publisher":"https:\/\/www.facebook.com\/LUXPOWERTEK","article_modified_time":"2024-08-01T02:57:41+00:00","twitter_card":"summary_large_image","twitter_misc":{"Est. tempo de leitura":"2 minutos"},"schema":{"@context":"https:\/\/schema.org","@graph":[{"@type":"WebPage","@id":"https:\/\/luxpowertek.com\/solarinverter-ac-dc-inverterfaq\/","url":"https:\/\/luxpowertek.com\/solarinverter-ac-dc-inverterfaq\/","name":"Perguntas frequentes sobre inversores CA\/CC -","isPartOf":{"@id":"https:\/\/luxpowertek.com\/#website"},"datePublished":"2024-04-09T13:34:36+00:00","dateModified":"2024-08-01T02:57:41+00:00","breadcrumb":{"@id":"https:\/\/luxpowertek.com\/solarinverter-ac-dc-inverterfaq\/#breadcrumb"},"inLanguage":"pt-BR","potentialAction":[{"@type":"ReadAction","target":["https:\/\/luxpowertek.com\/solarinverter-ac-dc-inverterfaq\/"]}]},{"@type":"BreadcrumbList","@id":"https:\/\/luxpowertek.com\/solarinverter-ac-dc-inverterfaq\/#breadcrumb","itemListElement":[{"@type":"ListItem","position":1,"name":"Home","item":"https:\/\/luxpowertek.com\/"},{"@type":"ListItem","position":2,"name":"AC\/DC inverter FAQs"}]},{"@type":"WebSite","@id":"https:\/\/luxpowertek.com\/#website","url":"https:\/\/luxpowertek.com\/","name":"","description":"","publisher":{"@id":"https:\/\/luxpowertek.com\/#organization"},"potentialAction":[{"@type":"SearchAction","target":{"@type":"EntryPoint","urlTemplate":"https:\/\/luxpowertek.com\/?s={search_term_string}"},"query-input":{"@type":"PropertyValueSpecification","valueRequired":true,"valueName":"search_term_string"}}],"inLanguage":"pt-BR"},{"@type":"Organization","@id":"https:\/\/luxpowertek.com\/#organization","name":"LuxpowerTek","url":"https:\/\/luxpowertek.com\/","logo":{"@type":"ImageObject","inLanguage":"pt-BR","@id":"https:\/\/luxpowertek.com\/#\/schema\/logo\/image\/","url":"https:\/\/luxpowertek.com\/wp-content\/uploads\/2024\/08\/Luxpower_logo_new.webp","contentUrl":"https:\/\/luxpowertek.com\/wp-content\/uploads\/2024\/08\/Luxpower_logo_new.webp","width":1030,"height":186,"caption":"LuxpowerTek"},"image":{"@id":"https:\/\/luxpowertek.com\/#\/schema\/logo\/image\/"},"sameAs":["https:\/\/www.facebook.com\/LUXPOWERTEK"]}]}},"_links":{"self":[{"href":"https:\/\/luxpowertek.com\/pt\/wp-json\/wp\/v2\/pages\/8648","targetHints":{"allow":["GET"]}}],"collection":[{"href":"https:\/\/luxpowertek.com\/pt\/wp-json\/wp\/v2\/pages"}],"about":[{"href":"https:\/\/luxpowertek.com\/pt\/wp-json\/wp\/v2\/types\/page"}],"author":[{"embeddable":true,"href":"https:\/\/luxpowertek.com\/pt\/wp-json\/wp\/v2\/users\/3"}],"replies":[{"embeddable":true,"href":"https:\/\/luxpowertek.com\/pt\/wp-json\/wp\/v2\/comments?post=8648"}],"version-history":[{"count":6,"href":"https:\/\/luxpowertek.com\/pt\/wp-json\/wp\/v2\/pages\/8648\/revisions"}],"predecessor-version":[{"id":10917,"href":"https:\/\/luxpowertek.com\/pt\/wp-json\/wp\/v2\/pages\/8648\/revisions\/10917"}],"wp:attachment":[{"href":"https:\/\/luxpowertek.com\/pt\/wp-json\/wp\/v2\/media?parent=8648"}],"curies":[{"name":"wp","href":"https:\/\/api.w.org\/{rel}","templated":true}]}}