{"id":8646,"date":"2024-04-09T21:26:37","date_gmt":"2024-04-09T13:26:37","guid":{"rendered":"https:\/\/luxpowertek.com\/?page_id=8646"},"modified":"2024-07-04T10:34:11","modified_gmt":"2024-07-04T02:34:11","slug":"offgridinverterfaq","status":"publish","type":"page","link":"https:\/\/luxpowertek.com\/pt\/offgridinverterfaq\/","title":{"rendered":"Perguntas frequentes sobre inversores off-grid"},"content":{"rendered":"<div class=\"banner has-hover\" id=\"banner-1409482506\">\n          <div class=\"banner-inner fill\">\n        <div class=\"banner-bg fill\" >\n            <div class=\"bg fill bg-fill\"><\/div>\n                        <div class=\"overlay\"><\/div>            \n                    <\/div>\n\t\t\n        <div class=\"banner-layers container\">\n            <div class=\"fill banner-link\"><\/div>            \n   <div id=\"text-box-2091950108\" class=\"text-box banner-layer x50 md-x50 lg-x50 y50 md-y50 lg-y50 res-text\">\n                                <div class=\"text-box-content text dark\">\n              \n              <div class=\"text-inner text-center\">\n                  \n              <\/div>\n           <\/div>\n                            \n<style>\n#text-box-2091950108 {\n  width: 60%;\n}\n#text-box-2091950108 .text-box-content {\n  font-size: 100%;\n}\n@media (min-width:550px) {\n  #text-box-2091950108 {\n    width: 60%;\n  }\n}\n<\/style>\n    <\/div>\n \n        <\/div>\n      <\/div>\n\n            \n<style>\n#banner-1409482506 {\n  padding-top: 500px;\n}\n#banner-1409482506 .bg.bg-loaded {\n  background-image: url(https:\/\/luxpowertek.com\/wp-content\/uploads\/2024\/04\/six.webp);\n}\n#banner-1409482506 .overlay {\n  background-color: rgba(0, 0, 0, 0.401);\n}\n<\/style>\n  <\/div>\n\n\n\t<section class=\"section\" id=\"section_70591162\">\n\t\t<div class=\"bg section-bg fill bg-fill  bg-loaded\" >\n\n\t\t\t\n\t\t\t\n\t\t\t\n\n\t\t<\/div>\n\n\t\t\n\n\t\t<div class=\"section-content relative\">\n\t\t\t\n<div class=\"row\"  id=\"row-1200581649\">\n\n\t<div id=\"col-1447396960\" class=\"col small-12 large-12\"  >\n\t\t\t\t<div class=\"col-inner\"  >\n\t\t\t\n\t\t\t\n<p class=\"lead\" style=\"text-align: center;\"><strong><span style=\"font-size: 100%;\">Perguntas frequentes sobre inversores off-grid<\/span><\/strong><\/p>\n\t\t<\/div>\n\t\t\t\t\t<\/div>\n\n\t\n<\/div>\n<div class=\"row\"  id=\"row-1588336365\">\n\n\t<div id=\"col-344481342\" class=\"col small-12 large-12\"  >\n\t\t\t\t<div class=\"col-inner\"  >\n\t\t\t\n\t\t\t\n<div class=\"accordion\">\n\t<div id=\"accordion-1399721628\" class=\"accordion-item\">\n\t\t<a id=\"accordion-1399721628-label\" class=\"accordion-title plain\" href=\"#accordion-item-why-does-my-sna-inverter-consistently-discharge-with-low-power-even-when-there-is-no-load-connected?\" aria-expanded=\"false\" aria-controls=\"accordion-1399721628-content\" >\n\t\t\t<button class=\"toggle\" aria-label=\"Alternar\"><i class=\"icon-angle-down\"><\/i><\/button>\n\t\t\t<span>Por que meu inversor SNA descarrega consistentemente com baixa pot\u00eancia mesmo quando n\u00e3o h\u00e1 carga conectada?<\/span>\n\t\t<\/a>\n\t\t<div id=\"accordion-1399721628-content\" class=\"accordion-inner\" aria-labelledby=\"accordion-1399721628-label\" >\n\t\t\t\n<p class=\"lead\"><span style=\"font-size: 80%;\">R: Se a fun\u00e7\u00e3o EPS (backup de energia) estiver ativada, o inversor SNA poder\u00e1 exibir uma leitura de carga inferior a 60 watts, mesmo quando nenhuma carga estiver conectada \u00e0 porta de sa\u00edda EPS.<\/span><\/p>\n\t\t<\/div>\n\t<\/div>\n\t\n\t<div id=\"accordion-3270368267\" class=\"accordion-item\">\n\t\t<a id=\"accordion-3270368267-label\" class=\"accordion-title plain\" href=\"#accordion-item-what-does-warning-code-00-on-the-sna5000-inverter-indicate?\" aria-expanded=\"false\" aria-controls=\"accordion-3270368267-content\" >\n\t\t\t<button class=\"toggle\" aria-label=\"Alternar\"><i class=\"icon-angle-down\"><\/i><\/button>\n\t\t\t<span>O que o c\u00f3digo de advert\u00eancia 00 no inversor SNA5000 indica?<\/span>\n\t\t<\/a>\n\t\t<div id=\"accordion-3270368267-content\" class=\"accordion-inner\" aria-labelledby=\"accordion-3270368267-label\" >\n\t\t\t\n<p class=\"lead\"><span style=\"font-size: 80%;\">A: O c\u00f3digo de aviso 00 significa uma \u201cfalha de comunica\u00e7\u00e3o da bateria\u201d, indicando uma falha na comunica\u00e7\u00e3o entre a bateria e o inversor. Al\u00e9m disso, o c\u00f3digo de falha 00 pode sugerir um problema de comunica\u00e7\u00e3o entre as CPUs de controle, solicitando a necessidade de uma atualiza\u00e7\u00e3o de firmware ou reinicializa\u00e7\u00e3o do sistema. O c\u00f3digo de status 00 indica o modo \u201cStandby\u201d, indicando que o inversor permanece em standby devido a condi\u00e7\u00f5es n\u00e3o atendidas para alternar os modos de trabalho.<\/span><\/p>\n\t\t<\/div>\n\t<\/div>\n\t\n\t<div id=\"accordion-893069813\" class=\"accordion-item\">\n\t\t<a id=\"accordion-893069813-label\" class=\"accordion-title plain\" href=\"#accordion-item-i-installed-two-100ah-batteries,-but-the-monitoring-platform-shows-only-100ah.-why-is-that?\" aria-expanded=\"false\" aria-controls=\"accordion-893069813-content\" >\n\t\t\t<button class=\"toggle\" aria-label=\"Alternar\"><i class=\"icon-angle-down\"><\/i><\/button>\n\t\t\t<span>Eu instalei duas baterias de 100Ah, mas a plataforma de monitoramento mostra apenas 100Ah. Por que isso?<\/span>\n\t\t<\/a>\n\t\t<div id=\"accordion-893069813-content\" class=\"accordion-inner\" aria-labelledby=\"accordion-893069813-label\" >\n\t\t\t\n<p class=\"lead\"><span style=\"font-size: 80%;\">R: Em inversores SNA, o ventilador opera com base em limites de pot\u00eancia espec\u00edficos. Quando a pot\u00eancia de carga ou descarga excede 300 watts, os ventiladores esquerdo e do meio s\u00e3o ativados. Al\u00e9m disso, o ventilador direito \u00e9 acionado quando a pot\u00eancia fotovoltaica excede 300 watts ou a pot\u00eancia de importa\u00e7\u00e3o da rede excede 5000 VA.<\/span><\/p>\n\t\t<\/div>\n\t<\/div>\n\t\n<\/div>\n<div class=\"accordion\">\n\t<div id=\"accordion-2845801913\" class=\"accordion-item\">\n\t\t<a id=\"accordion-2845801913-label\" class=\"accordion-title plain\" href=\"#accordion-item-what-is-the-recommended-depth-of-discharge-for-the-battery,-and-how-can-it-be-adjusted?\" aria-expanded=\"false\" aria-controls=\"accordion-2845801913-content\" >\n\t\t\t<button class=\"toggle\" aria-label=\"Alternar\"><i class=\"icon-angle-down\"><\/i><\/button>\n\t\t\t<span>Qual \u00e9 a profundidade de descarga recomendada para a bateria e como ela pode ser ajustada?<\/span>\n\t\t<\/a>\n\t\t<div id=\"accordion-2845801913-content\" class=\"accordion-inner\" aria-labelledby=\"accordion-2845801913-label\" >\n\t\t\t\n<p class=\"lead\"><span style=\"font-size: 80%;\">R: A profundidade de descarga recomendada (DOD) depende do design do sistema, incluindo fatores como capacidade da bateria e consumo de carga. Para sistemas com entrada de rede est\u00e1vel visando um DOD 80%, ajuste \u201cOn-grid cutoff SOC ou On-grid EOD\u201d para 20%. Para sistemas com entrada de rede inst\u00e1vel ou sem entrada de rede, defina \u201cOff-grid cutoff SOC ou discharge cutoff SOC\u201d para 20%, garantindo que seja menor que a configura\u00e7\u00e3o \u201cOn-grid cutoff SOC\u201d.<\/span><\/p>\n\t\t<\/div>\n\t<\/div>\n\t\n\t<div id=\"accordion-3995350881\" class=\"accordion-item\">\n\t\t<a id=\"accordion-3995350881-label\" class=\"accordion-title plain\" href=\"#accordion-item-why-does-the-inverter-display-voltage-even-when-the-battery-breaker-is-off?\" aria-expanded=\"false\" aria-controls=\"accordion-3995350881-content\" >\n\t\t\t<button class=\"toggle\" aria-label=\"Alternar\"><i class=\"icon-angle-down\"><\/i><\/button>\n\t\t\t<span>Por que o inversor exibe a tens\u00e3o mesmo quando o disjuntor da bateria est\u00e1 desligado?<\/span>\n\t\t<\/a>\n\t\t<div id=\"accordion-3995350881-content\" class=\"accordion-inner\" aria-labelledby=\"accordion-3995350881-label\" >\n\t\t\t\n<p class=\"lead\"><span style=\"font-size: 80%;\">R: Se a bateria operar no modo de l\u00edtio com comunica\u00e7\u00e3o, os dados de voltagem se originam dos BMs da bateria. No entanto, se as leituras de voltagem persistirem ap\u00f3s o disjuntor da bateria ser desligado, isso pode indicar que a bateria estava ativa recentemente ou que o inversor operou no modo de carga.<\/span><\/p>\n\t\t<\/div>\n\t<\/div>\n\t\n\t<div id=\"accordion-692573526\" class=\"accordion-item\">\n\t\t<a id=\"accordion-692573526-label\" class=\"accordion-title plain\" href=\"#accordion-item-what-fault-conditions-prompt-the-inverter-to-shut-off-its-output?\" aria-expanded=\"false\" aria-controls=\"accordion-692573526-content\" >\n\t\t\t<button class=\"toggle\" aria-label=\"Alternar\"><i class=\"icon-angle-down\"><\/i><\/button>\n\t\t\t<span>Quais condi\u00e7\u00f5es de falha fazem com que o inversor desligue sua sa\u00edda?<\/span>\n\t\t<\/a>\n\t\t<div id=\"accordion-692573526-content\" class=\"accordion-inner\" aria-labelledby=\"accordion-692573526-label\" >\n\t\t\t\n<p class=\"lead\"><span style=\"font-size: 80%;\">R: V\u00e1rias condi\u00e7\u00f5es, como sobrecarga, curto-circuito, sobretens\u00e3o PV, superaquecimento ou falha do ventilador podem desencadear uma falha no inversor, fazendo com que ele desligue sua sa\u00edda. Quaisquer condi\u00e7\u00f5es anormais detectadas pelo DSP levar\u00e3o a um desligamento.<\/span><\/p>\n\t\t<\/div>\n\t<\/div>\n\t\n<\/div>\n\t\t<\/div>\n\t\t\t\t\t<\/div>\n\n\t\n\n\t<div id=\"col-922540511\" class=\"col small-12 large-12\"  >\n\t\t\t\t<div class=\"col-inner\"  >\n\t\t\t\n\t\t\t\n<div class=\"accordion\">\n\t<div id=\"accordion-971848416\" class=\"accordion-item\">\n\t\t<a id=\"accordion-971848416-label\" class=\"accordion-title plain\" href=\"#accordion-item-i-installed-two-100ah-batteries,-but-the-monitoring-platform-shows-only-100ah.-why-is-that?\" aria-expanded=\"false\" aria-controls=\"accordion-971848416-content\" >\n\t\t\t<button class=\"toggle\" aria-label=\"Alternar\"><i class=\"icon-angle-down\"><\/i><\/button>\n\t\t\t<span>Eu instalei duas baterias de 100Ah, mas a plataforma de monitoramento mostra apenas 100Ah. Por que isso?<\/span>\n\t\t<\/a>\n\t\t<div id=\"accordion-971848416-content\" class=\"accordion-inner\" aria-labelledby=\"accordion-971848416-label\" >\n\t\t\t\n<p>R: A corrente exibida na plataforma de monitoramento reflete os dados fornecidos pelos BMs da bateria. Se os BMs relatarem com precis\u00e3o uma corrente total de 200 Ah, o sistema de monitoramento exibir\u00e1 200 Ah. Certifique-se de consultar o fornecedor da bateria para obter informa\u00e7\u00f5es precisas.<\/p>\n\t\t<\/div>\n\t<\/div>\n\t\n\t<div id=\"accordion-1396389730\" class=\"accordion-item\">\n\t\t<a id=\"accordion-1396389730-label\" class=\"accordion-title plain\" href=\"#accordion-item-why-does-the-battery-state-of-charge-(soc)-experience-sudden-dramatic-increases?\" aria-expanded=\"false\" aria-controls=\"accordion-1396389730-content\" >\n\t\t\t<button class=\"toggle\" aria-label=\"Alternar\"><i class=\"icon-angle-down\"><\/i><\/button>\n\t\t\t<span>Por que o estado de carga da bateria (SOC) sofre aumentos repentinos e dr\u00e1sticos?<\/span>\n\t\t<\/a>\n\t\t<div id=\"accordion-1396389730-content\" class=\"accordion-inner\" aria-labelledby=\"accordion-1396389730-label\" >\n\t\t\t\n<p class=\"lead\"><span style=\"font-size: 80%;\">A: Mudan\u00e7as repentinas no SOC podem resultar de problemas de calibra\u00e7\u00e3o do SOC da bateria. Verifique MaxCellVoltage e MinCellVoltage para tens\u00f5es de c\u00e9lula de bateria desbalanceadas.<\/span><\/p>\n\t\t<\/div>\n\t<\/div>\n\t\n\t<div id=\"accordion-3305137562\" class=\"accordion-item\">\n\t\t<a id=\"accordion-3305137562-label\" class=\"accordion-title plain\" href=\"#accordion-item-why-does-the-grid-continue-charging-despite-ac-charge-being-disabled?\" aria-expanded=\"false\" aria-controls=\"accordion-3305137562-content\" >\n\t\t\t<button class=\"toggle\" aria-label=\"Alternar\"><i class=\"icon-angle-down\"><\/i><\/button>\n\t\t\t<span>Por que a rede continua carregando mesmo com o carregamento CA desativado?<\/span>\n\t\t<\/a>\n\t\t<div id=\"accordion-3305137562-content\" class=\"accordion-inner\" aria-labelledby=\"accordion-3305137562-label\" >\n\t\t\t\n<p class=\"lead\"><span style=\"font-size: 80%;\">A: Verifique o status da bateria na p\u00e1gina inicial. Se ela mostrar c\u00f3digos espec\u00edficos como 0x10, 0x11, 0x12, 0x13, 0x20, 0x21, 0x22 ou 0x23, isso indica que a bateria solicitou carregamento for\u00e7ado.<\/span><\/p>\n\t\t<\/div>\n\t<\/div>\n\t\n<\/div>\n<div class=\"accordion\">\n\t<div id=\"accordion-2915151566\" class=\"accordion-item\">\n\t\t<a id=\"accordion-2915151566-label\" class=\"accordion-title plain\" href=\"#accordion-item-the-battery-is-fully-charged,-yet-the-inverter-detects-a-battery-open-condition-(bat-volt-open).-why?\" aria-expanded=\"false\" aria-controls=\"accordion-2915151566-content\" >\n\t\t\t<button class=\"toggle\" aria-label=\"Alternar\"><i class=\"icon-angle-down\"><\/i><\/button>\n\t\t\t<span>A bateria est\u00e1 totalmente carregada, mas o inversor detecta uma condi\u00e7\u00e3o de bateria aberta (Bat Volt Open). Por qu\u00ea?<\/span>\n\t\t<\/a>\n\t\t<div id=\"accordion-2915151566-content\" class=\"accordion-inner\" aria-labelledby=\"accordion-2915151566-label\" >\n\t\t\t\n<p>R: Isso pode ocorrer devido a uma queda de energia instant\u00e2nea e recupera\u00e7\u00e3o. Ap\u00f3s a recupera\u00e7\u00e3o, reinicie manualmente o inversor para limpar a falha ou verifique se a pot\u00eancia de carga do inversor excede 300 W.<\/p>\n\t\t<\/div>\n\t<\/div>\n\t\n\t<div id=\"accordion-3012161457\" class=\"accordion-item\">\n\t\t<a id=\"accordion-3012161457-label\" class=\"accordion-title plain\" href=\"#accordion-item-why-does-my-battery-show-full-charge-while-the-voltage-remains-unusually-low?\" aria-expanded=\"false\" aria-controls=\"accordion-3012161457-content\" >\n\t\t\t<button class=\"toggle\" aria-label=\"Alternar\"><i class=\"icon-angle-down\"><\/i><\/button>\n\t\t\t<span>Por que minha bateria mostra carga total enquanto a voltagem permanece anormalmente baixa?<\/span>\n\t\t<\/a>\n\t\t<div id=\"accordion-3012161457-content\" class=\"accordion-inner\" aria-labelledby=\"accordion-3012161457-label\" >\n\t\t\t\n<p class=\"lead\"><span style=\"font-size: 80%;\">R: Se a bateria operar no modo de l\u00edtio, os dados de voltagem se originam do BMS da bateria e n\u00e3o est\u00e3o relacionados ao inversor. No modo de chumbo \u00e1cido, a precis\u00e3o da leitura do SOC pode variar, sugerindo o controle de voltagem como uma abordagem alternativa.<\/span><\/p>\n\t\t<\/div>\n\t<\/div>\n\t\n<\/div>\n\t\t<\/div>\n\t\t\t\t\t<\/div>\n\n\t\n<\/div>\n\t\t<\/div>\n\n\t\t\n<style>\n#section_70591162 {\n  padding-top: 30px;\n  padding-bottom: 30px;\n}\n<\/style>\n\t<\/section>","protected":false},"excerpt":{"rendered":"","protected":false},"author":3,"featured_media":0,"parent":0,"menu_order":0,"comment_status":"closed","ping_status":"closed","template":"page-transparent-header-light.php","meta":{"rop_custom_images_group":[],"rop_custom_messages_group":[],"rop_publish_now":"initial","rop_publish_now_accounts":[],"rop_publish_now_history":[],"rop_publish_now_status":"pending","footnotes":""},"class_list":["post-8646","page","type-page","status-publish","hentry"],"yoast_head":"<!-- This site is optimized with the Yoast SEO plugin v27.3 - https:\/\/yoast.com\/product\/yoast-seo-wordpress\/ -->\n<title>Off-grid Inverter FAQs -<\/title>\n<meta name=\"robots\" content=\"index, follow, max-snippet:-1, max-image-preview:large, max-video-preview:-1\" \/>\n<link rel=\"canonical\" href=\"https:\/\/luxpowertek.com\/pt\/offgridinverterfaq\/\" \/>\n<meta property=\"og:locale\" content=\"pt_BR\" \/>\n<meta property=\"og:type\" content=\"article\" \/>\n<meta property=\"og:title\" content=\"Off-grid Inverter FAQs -\" \/>\n<meta property=\"og:url\" content=\"https:\/\/luxpowertek.com\/pt\/offgridinverterfaq\/\" \/>\n<meta property=\"article:publisher\" content=\"https:\/\/www.facebook.com\/LUXPOWERTEK\" \/>\n<meta property=\"article:modified_time\" content=\"2024-07-04T02:34:11+00:00\" \/>\n<meta name=\"twitter:card\" content=\"summary_large_image\" \/>\n<meta name=\"twitter:label1\" content=\"Est. tempo de leitura\" \/>\n\t<meta name=\"twitter:data1\" content=\"3 minutos\" \/>\n<script type=\"application\/ld+json\" class=\"yoast-schema-graph\">{\"@context\":\"https:\\\/\\\/schema.org\",\"@graph\":[{\"@type\":\"WebPage\",\"@id\":\"https:\\\/\\\/luxpowertek.com\\\/offgridinverterfaq\\\/\",\"url\":\"https:\\\/\\\/luxpowertek.com\\\/offgridinverterfaq\\\/\",\"name\":\"Off-grid Inverter FAQs -\",\"isPartOf\":{\"@id\":\"https:\\\/\\\/luxpowertek.com\\\/#website\"},\"datePublished\":\"2024-04-09T13:26:37+00:00\",\"dateModified\":\"2024-07-04T02:34:11+00:00\",\"breadcrumb\":{\"@id\":\"https:\\\/\\\/luxpowertek.com\\\/offgridinverterfaq\\\/#breadcrumb\"},\"inLanguage\":\"pt-BR\",\"potentialAction\":[{\"@type\":\"ReadAction\",\"target\":[\"https:\\\/\\\/luxpowertek.com\\\/offgridinverterfaq\\\/\"]}]},{\"@type\":\"BreadcrumbList\",\"@id\":\"https:\\\/\\\/luxpowertek.com\\\/offgridinverterfaq\\\/#breadcrumb\",\"itemListElement\":[{\"@type\":\"ListItem\",\"position\":1,\"name\":\"Home\",\"item\":\"https:\\\/\\\/luxpowertek.com\\\/\"},{\"@type\":\"ListItem\",\"position\":2,\"name\":\"Off-grid Inverter FAQs\"}]},{\"@type\":\"WebSite\",\"@id\":\"https:\\\/\\\/luxpowertek.com\\\/#website\",\"url\":\"https:\\\/\\\/luxpowertek.com\\\/\",\"name\":\"\",\"description\":\"\",\"publisher\":{\"@id\":\"https:\\\/\\\/luxpowertek.com\\\/#organization\"},\"potentialAction\":[{\"@type\":\"SearchAction\",\"target\":{\"@type\":\"EntryPoint\",\"urlTemplate\":\"https:\\\/\\\/luxpowertek.com\\\/?s={search_term_string}\"},\"query-input\":{\"@type\":\"PropertyValueSpecification\",\"valueRequired\":true,\"valueName\":\"search_term_string\"}}],\"inLanguage\":\"pt-BR\"},{\"@type\":\"Organization\",\"@id\":\"https:\\\/\\\/luxpowertek.com\\\/#organization\",\"name\":\"LuxpowerTek\",\"url\":\"https:\\\/\\\/luxpowertek.com\\\/\",\"logo\":{\"@type\":\"ImageObject\",\"inLanguage\":\"pt-BR\",\"@id\":\"https:\\\/\\\/luxpowertek.com\\\/#\\\/schema\\\/logo\\\/image\\\/\",\"url\":\"https:\\\/\\\/luxpowertek.com\\\/wp-content\\\/uploads\\\/2024\\\/08\\\/Luxpower_logo_new.webp\",\"contentUrl\":\"https:\\\/\\\/luxpowertek.com\\\/wp-content\\\/uploads\\\/2024\\\/08\\\/Luxpower_logo_new.webp\",\"width\":1030,\"height\":186,\"caption\":\"LuxpowerTek\"},\"image\":{\"@id\":\"https:\\\/\\\/luxpowertek.com\\\/#\\\/schema\\\/logo\\\/image\\\/\"},\"sameAs\":[\"https:\\\/\\\/www.facebook.com\\\/LUXPOWERTEK\"]}]}<\/script>\n<!-- \/ Yoast SEO plugin. -->","yoast_head_json":{"title":"Perguntas frequentes sobre inversores off-grid -","robots":{"index":"index","follow":"follow","max-snippet":"max-snippet:-1","max-image-preview":"max-image-preview:large","max-video-preview":"max-video-preview:-1"},"canonical":"https:\/\/luxpowertek.com\/pt\/offgridinverterfaq\/","og_locale":"pt_BR","og_type":"article","og_title":"Off-grid Inverter FAQs -","og_url":"https:\/\/luxpowertek.com\/pt\/offgridinverterfaq\/","article_publisher":"https:\/\/www.facebook.com\/LUXPOWERTEK","article_modified_time":"2024-07-04T02:34:11+00:00","twitter_card":"summary_large_image","twitter_misc":{"Est. tempo de leitura":"3 minutos"},"schema":{"@context":"https:\/\/schema.org","@graph":[{"@type":"WebPage","@id":"https:\/\/luxpowertek.com\/offgridinverterfaq\/","url":"https:\/\/luxpowertek.com\/offgridinverterfaq\/","name":"Perguntas frequentes sobre inversores off-grid -","isPartOf":{"@id":"https:\/\/luxpowertek.com\/#website"},"datePublished":"2024-04-09T13:26:37+00:00","dateModified":"2024-07-04T02:34:11+00:00","breadcrumb":{"@id":"https:\/\/luxpowertek.com\/offgridinverterfaq\/#breadcrumb"},"inLanguage":"pt-BR","potentialAction":[{"@type":"ReadAction","target":["https:\/\/luxpowertek.com\/offgridinverterfaq\/"]}]},{"@type":"BreadcrumbList","@id":"https:\/\/luxpowertek.com\/offgridinverterfaq\/#breadcrumb","itemListElement":[{"@type":"ListItem","position":1,"name":"Home","item":"https:\/\/luxpowertek.com\/"},{"@type":"ListItem","position":2,"name":"Off-grid Inverter FAQs"}]},{"@type":"WebSite","@id":"https:\/\/luxpowertek.com\/#website","url":"https:\/\/luxpowertek.com\/","name":"","description":"","publisher":{"@id":"https:\/\/luxpowertek.com\/#organization"},"potentialAction":[{"@type":"SearchAction","target":{"@type":"EntryPoint","urlTemplate":"https:\/\/luxpowertek.com\/?s={search_term_string}"},"query-input":{"@type":"PropertyValueSpecification","valueRequired":true,"valueName":"search_term_string"}}],"inLanguage":"pt-BR"},{"@type":"Organization","@id":"https:\/\/luxpowertek.com\/#organization","name":"LuxpowerTek","url":"https:\/\/luxpowertek.com\/","logo":{"@type":"ImageObject","inLanguage":"pt-BR","@id":"https:\/\/luxpowertek.com\/#\/schema\/logo\/image\/","url":"https:\/\/luxpowertek.com\/wp-content\/uploads\/2024\/08\/Luxpower_logo_new.webp","contentUrl":"https:\/\/luxpowertek.com\/wp-content\/uploads\/2024\/08\/Luxpower_logo_new.webp","width":1030,"height":186,"caption":"LuxpowerTek"},"image":{"@id":"https:\/\/luxpowertek.com\/#\/schema\/logo\/image\/"},"sameAs":["https:\/\/www.facebook.com\/LUXPOWERTEK"]}]}},"_links":{"self":[{"href":"https:\/\/luxpowertek.com\/pt\/wp-json\/wp\/v2\/pages\/8646","targetHints":{"allow":["GET"]}}],"collection":[{"href":"https:\/\/luxpowertek.com\/pt\/wp-json\/wp\/v2\/pages"}],"about":[{"href":"https:\/\/luxpowertek.com\/pt\/wp-json\/wp\/v2\/types\/page"}],"author":[{"embeddable":true,"href":"https:\/\/luxpowertek.com\/pt\/wp-json\/wp\/v2\/users\/3"}],"replies":[{"embeddable":true,"href":"https:\/\/luxpowertek.com\/pt\/wp-json\/wp\/v2\/comments?post=8646"}],"version-history":[{"count":8,"href":"https:\/\/luxpowertek.com\/pt\/wp-json\/wp\/v2\/pages\/8646\/revisions"}],"predecessor-version":[{"id":8661,"href":"https:\/\/luxpowertek.com\/pt\/wp-json\/wp\/v2\/pages\/8646\/revisions\/8661"}],"wp:attachment":[{"href":"https:\/\/luxpowertek.com\/pt\/wp-json\/wp\/v2\/media?parent=8646"}],"curies":[{"name":"wp","href":"https:\/\/api.w.org\/{rel}","templated":true}]}}