{"id":8510,"date":"2024-04-08T14:52:45","date_gmt":"2024-04-08T06:52:45","guid":{"rendered":"https:\/\/luxpowertek.com\/?page_id=8510"},"modified":"2024-08-07T15:06:41","modified_gmt":"2024-08-07T07:06:41","slug":"perguntas-frequentes-sobre-inversores-solares-hibridos","status":"publish","type":"page","link":"https:\/\/luxpowertek.com\/pt\/perguntas-frequentes-sobre-inversores-solares-hibridos\/","title":{"rendered":"Perguntas frequentes sobre inversores h\u00edbridos solares"},"content":{"rendered":"<div class=\"banner has-hover\" id=\"banner-1908325750\">\n          <div class=\"banner-inner fill\">\n        <div class=\"banner-bg fill\" >\n            <div class=\"bg fill bg-fill\"><\/div>\n                        <div class=\"overlay\"><\/div>            \n                    <\/div>\n\t\t\n        <div class=\"banner-layers container\">\n            <div class=\"fill banner-link\"><\/div>            \n   <div id=\"text-box-586368554\" class=\"text-box banner-layer x50 md-x50 lg-x50 y50 md-y50 lg-y50 res-text\">\n                                <div class=\"text-box-content text dark\">\n              \n              <div class=\"text-inner text-center\">\n                  \n              <\/div>\n           <\/div>\n                            \n<style>\n#text-box-586368554 {\n  width: 60%;\n}\n#text-box-586368554 .text-box-content {\n  font-size: 100%;\n}\n@media (min-width:550px) {\n  #text-box-586368554 {\n    width: 60%;\n  }\n}\n<\/style>\n    <\/div>\n \n        <\/div>\n      <\/div>\n\n            \n<style>\n#banner-1908325750 {\n  padding-top: 500px;\n}\n#banner-1908325750 .bg.bg-loaded {\n  background-image: url(https:\/\/luxpowertek.com\/wp-content\/uploads\/2024\/04\/six.webp);\n}\n#banner-1908325750 .overlay {\n  background-color: rgba(0, 0, 0, 0.401);\n}\n<\/style>\n  <\/div>\n\n\n\t<section class=\"section\" id=\"section_88235756\">\n\t\t<div class=\"bg section-bg fill bg-fill  bg-loaded\" >\n\n\t\t\t\n\t\t\t\n\t\t\t\n\n\t\t<\/div>\n\n\t\t\n\n\t\t<div class=\"section-content relative\">\n\t\t\t\n<div class=\"row\"  id=\"row-683216192\">\n\n\t<div id=\"col-1523806677\" class=\"col small-12 large-12\"  >\n\t\t\t\t<div class=\"col-inner\"  >\n\t\t\t\n\t\t\t\n<p class=\"lead\" style=\"text-align: center;\"><strong><span style=\"font-size: 130%;\">Perguntas frequentes sobre inversores h\u00edbridos solares<\/span><\/strong><\/p>\n\t\t<\/div>\n\t\t\t\t\t<\/div>\n\n\t\n<\/div>\n<div class=\"row\"  id=\"row-2038818604\">\n\n\t<div id=\"col-1802163774\" class=\"col small-12 large-12\"  >\n\t\t\t\t<div class=\"col-inner\"  >\n\t\t\t\n\t\t\t\n<div class=\"accordion\">\n\t<div id=\"accordion-3624637368\" class=\"accordion-item\">\n\t\t<a id=\"accordion-3624637368-label\" class=\"accordion-title plain\" href=\"#accordion-item-does-lxp-us-12k-support-generator-remote-start-function-?\" aria-expanded=\"false\" aria-controls=\"accordion-3624637368-content\" >\n\t\t\t<button class=\"toggle\" aria-label=\"Alternar\"><i class=\"icon-angle-down\"><\/i><\/button>\n\t\t\t<span>O LXP-US 12K suporta a fun\u00e7\u00e3o de partida remota do gerador?<\/span>\n\t\t<\/a>\n\t\t<div id=\"accordion-3624637368-content\" class=\"accordion-inner\" aria-labelledby=\"accordion-3624637368-label\" >\n\t\t\t\n<p class=\"lead\"><span style=\"font-size: 80%;\">R: Sim, a s\u00e9rie Luxpower 12kW tamb\u00e9m facilita a fun\u00e7\u00e3o de partida autom\u00e1tica do gerador. Para habilitar esse recurso, certifique-se de que seu gerador suporte a funcionalidade de partida autom\u00e1tica. Basta conectar um cabo de 2 fios diretamente \u00e0 porta de contato seco.<\/span><\/p>\n\t\t<\/div>\n\t<\/div>\n\t\n\t<div id=\"accordion-3130203152\" class=\"accordion-item\">\n\t\t<a id=\"accordion-3130203152-label\" class=\"accordion-title plain\" href=\"#accordion-item-what-does-grid-peak-shaving-mean?\" aria-expanded=\"false\" aria-controls=\"accordion-3130203152-content\" >\n\t\t\t<button class=\"toggle\" aria-label=\"Alternar\"><i class=\"icon-angle-down\"><\/i><\/button>\n\t\t\t<span>O que significa raspar Grid Peak?<\/span>\n\t\t<\/a>\n\t\t<div id=\"accordion-3130203152-content\" class=\"accordion-inner\" aria-labelledby=\"accordion-3130203152-label\" >\n\t\t\t\n<p class=\"lead\"><span style=\"font-size: 80%;\">A: Peak shaving significa que durante o per\u00edodo de peak shaving quando a pot\u00eancia de importa\u00e7\u00e3o \u00e9 menor que o valor de limita\u00e7\u00e3o a bateria ser\u00e1 carregada. Quando a pot\u00eancia de importa\u00e7\u00e3o da rede \u00e9 maior que o valor de limita\u00e7\u00e3o, a bateria ser\u00e1 descarregada para compensar o excesso de pot\u00eancia.<\/span><\/p>\n\t\t<\/div>\n\t<\/div>\n\t\n\t<div id=\"accordion-534323098\" class=\"accordion-item\">\n\t\t<a id=\"accordion-534323098-label\" class=\"accordion-title plain\" href=\"#accordion-item-why-is-the-inverter-connected-to-the-ac-grid,-but-there&#039;s-no-eps-output-from-the-inverter?\" aria-expanded=\"false\" aria-controls=\"accordion-534323098-content\" >\n\t\t\t<button class=\"toggle\" aria-label=\"Alternar\"><i class=\"icon-angle-down\"><\/i><\/button>\n\t\t\t<span>Por que o inversor est\u00e1 conectado \u00e0 rede CA, mas n\u00e3o h\u00e1 sa\u00edda EPS do inversor?<\/span>\n\t\t<\/a>\n\t\t<div id=\"accordion-534323098-content\" class=\"accordion-inner\" aria-labelledby=\"accordion-534323098-label\" >\n\t\t\t\n<p class=\"lead\"><span style=\"font-size: 80%;\">R: Certifique-se de que a tens\u00e3o de entrada da rede esteja est\u00e1vel e esteja dentro da faixa de 180-270 V. Flutua\u00e7\u00f5es na entrada da rede podem resultar em comuta\u00e7\u00e3o frequente entre os modos on-grid e off-grid, potencialmente levando \u00e0 falha do rel\u00e9 de bypass. Investigar as causas raiz da entrada inst\u00e1vel da rede \u00e9 imperativo. Se necess\u00e1rio, considere substituir os componentes da placa IO para resolver o problema de forma eficaz.<\/span><\/p>\n\t\t<\/div>\n\t<\/div>\n\t\n\t<div id=\"accordion-1421539088\" class=\"accordion-item\">\n\t\t<a id=\"accordion-1421539088-label\" class=\"accordion-title plain\" href=\"#accordion-item-what&#039;s-the-function-of-dustproof-insulating-foam-for-mainboard\uff1f\" aria-expanded=\"false\" aria-controls=\"accordion-1421539088-content\" >\n\t\t\t<button class=\"toggle\" aria-label=\"Alternar\"><i class=\"icon-angle-down\"><\/i><\/button>\n\t\t\t<span>Qual \u00e9 a fun\u00e7\u00e3o da espuma isolante \u00e0 prova de poeira para placa-m\u00e3e?<\/span>\n\t\t<\/a>\n\t\t<div id=\"accordion-1421539088-content\" class=\"accordion-inner\" aria-labelledby=\"accordion-1421539088-label\" >\n\t\t\t\n<p class=\"lead\"><span style=\"font-size: 80%;\">R: Este componente serve para evitar o ac\u00famulo de poeira e isolar a placa-m\u00e3e. Ele desempenha um papel crucial na prote\u00e7\u00e3o da placa-m\u00e3e contra os efeitos nocivos da poeira, sujeira e outros contaminantes. Al\u00e9m disso, ele fornece isolamento e absor\u00e7\u00e3o de choque para garantir a funcionalidade e a longevidade ideais da placa-m\u00e3e.<\/span><\/p>\n\t\t<\/div>\n\t<\/div>\n\t\n<\/div>\n<div class=\"accordion\">\n\t<div id=\"accordion-3578105797\" class=\"accordion-item\">\n\t\t<a id=\"accordion-3578105797-label\" class=\"accordion-title plain\" href=\"#accordion-item-why-does-the-loss-of-sync-trigger-signal-happen-in-a-parallel-system?\" aria-expanded=\"false\" aria-controls=\"accordion-3578105797-content\" >\n\t\t\t<button class=\"toggle\" aria-label=\"Alternar\"><i class=\"icon-angle-down\"><\/i><\/button>\n\t\t\t<span>Por que a perda do sinal de disparo de sincroniza\u00e7\u00e3o acontece em um sistema paralelo?<\/span>\n\t\t<\/a>\n\t\t<div id=\"accordion-3578105797-content\" class=\"accordion-inner\" aria-labelledby=\"accordion-3578105797-label\" >\n\t\t\t\n<p class=\"lead\"><span style=\"font-size: 80%;\">R: Antes de prosseguir, examine o cabo CAN paralelo e a placa de interface. Se necess\u00e1rio, considere substituir a placa de interface nesta unidade e conduzir uma inspe\u00e7\u00e3o completa. Caso precise de assist\u00eancia t\u00e9cnica adicional, n\u00e3o hesite em entrar em contato com nossa equipe de suporte t\u00e9cnico.<\/span><\/p>\n\t\t<\/div>\n\t<\/div>\n\t\n\t<div id=\"accordion-4012156803\" class=\"accordion-item\">\n\t\t<a id=\"accordion-4012156803-label\" class=\"accordion-title plain\" href=\"#accordion-item-can-i-use-the-installer-account-to-block-an-end-user-from-changing-settings?\" aria-expanded=\"false\" aria-controls=\"accordion-4012156803-content\" >\n\t\t\t<button class=\"toggle\" aria-label=\"Alternar\"><i class=\"icon-angle-down\"><\/i><\/button>\n\t\t\t<span>Posso usar a conta do instalador para bloquear um usu\u00e1rio final de alterar as configura\u00e7\u00f5es?<\/span>\n\t\t<\/a>\n\t\t<div id=\"accordion-4012156803-content\" class=\"accordion-inner\" aria-labelledby=\"accordion-4012156803-label\" >\n\t\t\t\n<p class=\"lead\"><span style=\"font-size: 80%;\">R: Sim, voc\u00ea ajustou o acesso para Somente Leitura. No entanto, essa configura\u00e7\u00e3o n\u00e3o parece se aplicar ao tentar configurar a extremidade do inversor usando a tela LCD.<\/span><\/p>\n\t\t<\/div>\n\t<\/div>\n\t\n<\/div>\n\t\t<\/div>\n\t\t\t\t\t<\/div>\n\n\t\n\n\t<div id=\"col-1787833040\" class=\"col small-12 large-12\"  >\n\t\t\t\t<div class=\"col-inner\"  >\n\t\t\t\n\t\t\t\n<div class=\"accordion\">\n\t<div id=\"accordion-3144530680\" class=\"accordion-item\">\n\t\t<a id=\"accordion-3144530680-label\" class=\"accordion-title plain\" href=\"#accordion-item-why-is-there-no-display-of-battery-voltage-and-soc-despite-connecting-the-battery-to-the-inverter?\" aria-expanded=\"false\" aria-controls=\"accordion-3144530680-content\" >\n\t\t\t<button class=\"toggle\" aria-label=\"Alternar\"><i class=\"icon-angle-down\"><\/i><\/button>\n\t\t\t<span>Por que n\u00e3o h\u00e1 exibi\u00e7\u00e3o da voltagem da bateria e do SOC apesar de conectar a bateria ao inversor?<\/span>\n\t\t<\/a>\n\t\t<div id=\"accordion-3144530680-content\" class=\"accordion-inner\" aria-labelledby=\"accordion-3144530680-label\" >\n\t\t\t\n<p class=\"lead\"><span style=\"font-size: 80%;\">R: Se voc\u00ea estiver utilizando uma bateria de l\u00edtio, \u00e9 fundamental garantir que n\u00e3o haja erros de comunica\u00e7\u00e3o entre o inversor e a bateria. Por outro lado, se uma bateria de chumbo-\u00e1cido estiver sendo utilizada, verifique as configura\u00e7\u00f5es da bateria e alterne para o modo de chumbo-\u00e1cido, se necess\u00e1rio.<\/span><\/p>\n\t\t<\/div>\n\t<\/div>\n\t\n\t<div id=\"accordion-768606332\" class=\"accordion-item\">\n\t\t<a id=\"accordion-768606332-label\" class=\"accordion-title plain\" href=\"#accordion-item-what-should-i-do-to-the-inverter-when-i-leave-home-for-a-long-time\uff1f\" aria-expanded=\"false\" aria-controls=\"accordion-768606332-content\" >\n\t\t\t<button class=\"toggle\" aria-label=\"Alternar\"><i class=\"icon-angle-down\"><\/i><\/button>\n\t\t\t<span>O que devo fazer com o inversor quando saio de casa por um longo per\u00edodo?<\/span>\n\t\t<\/a>\n\t\t<div id=\"accordion-768606332-content\" class=\"accordion-inner\" aria-labelledby=\"accordion-768606332-label\" >\n\t\t\t\n<p class=\"lead\"><span style=\"font-size: 80%;\">R: N\u00e3o h\u00e1 risco de seguran\u00e7a quando voc\u00ea sai de casa. E voc\u00ea pode fazer o monitoramento e a configura\u00e7\u00e3o remotos por meio do seu aplicativo.<\/span><\/p>\n\t\t<\/div>\n\t<\/div>\n\t\n<\/div>\n<div class=\"accordion\">\n<\/div>\n\t\t<\/div>\n\t\t\t\t\t<\/div>\n\n\t\n<\/div>\n\t\t<\/div>\n\n\t\t\n<style>\n#section_88235756 {\n  padding-top: 30px;\n  padding-bottom: 30px;\n}\n<\/style>\n\t<\/section>","protected":false},"excerpt":{"rendered":"","protected":false},"author":3,"featured_media":0,"parent":0,"menu_order":0,"comment_status":"closed","ping_status":"closed","template":"page-transparent-header-light.php","meta":{"rop_custom_images_group":[],"rop_custom_messages_group":[],"rop_publish_now":"initial","rop_publish_now_accounts":[],"rop_publish_now_history":[],"rop_publish_now_status":"pending","footnotes":""},"class_list":["post-8510","page","type-page","status-publish","hentry"],"yoast_head":"<!-- This site is optimized with the Yoast SEO plugin v27.3 - https:\/\/yoast.com\/product\/yoast-seo-wordpress\/ -->\n<title>Solar Hybrid Inverter FAQs -<\/title>\n<meta name=\"robots\" content=\"index, follow, max-snippet:-1, max-image-preview:large, max-video-preview:-1\" \/>\n<link rel=\"canonical\" href=\"https:\/\/luxpowertek.com\/pt\/perguntas-frequentes-sobre-inversores-solares-hibridos\/\" \/>\n<meta property=\"og:locale\" content=\"pt_BR\" \/>\n<meta property=\"og:type\" content=\"article\" \/>\n<meta property=\"og:title\" content=\"Solar Hybrid Inverter FAQs -\" \/>\n<meta property=\"og:url\" content=\"https:\/\/luxpowertek.com\/pt\/perguntas-frequentes-sobre-inversores-solares-hibridos\/\" \/>\n<meta property=\"article:publisher\" content=\"https:\/\/www.facebook.com\/LUXPOWERTEK\" \/>\n<meta property=\"article:modified_time\" content=\"2024-08-07T07:06:41+00:00\" \/>\n<meta name=\"twitter:card\" content=\"summary_large_image\" \/>\n<meta name=\"twitter:label1\" content=\"Est. tempo de leitura\" \/>\n\t<meta name=\"twitter:data1\" content=\"3 minutos\" \/>\n<script type=\"application\/ld+json\" class=\"yoast-schema-graph\">{\"@context\":\"https:\\\/\\\/schema.org\",\"@graph\":[{\"@type\":\"WebPage\",\"@id\":\"https:\\\/\\\/luxpowertek.com\\\/solar-hybrid-inverter-faqs\\\/\",\"url\":\"https:\\\/\\\/luxpowertek.com\\\/solar-hybrid-inverter-faqs\\\/\",\"name\":\"Solar Hybrid Inverter FAQs -\",\"isPartOf\":{\"@id\":\"https:\\\/\\\/luxpowertek.com\\\/#website\"},\"datePublished\":\"2024-04-08T06:52:45+00:00\",\"dateModified\":\"2024-08-07T07:06:41+00:00\",\"breadcrumb\":{\"@id\":\"https:\\\/\\\/luxpowertek.com\\\/solar-hybrid-inverter-faqs\\\/#breadcrumb\"},\"inLanguage\":\"pt-BR\",\"potentialAction\":[{\"@type\":\"ReadAction\",\"target\":[\"https:\\\/\\\/luxpowertek.com\\\/solar-hybrid-inverter-faqs\\\/\"]}]},{\"@type\":\"BreadcrumbList\",\"@id\":\"https:\\\/\\\/luxpowertek.com\\\/solar-hybrid-inverter-faqs\\\/#breadcrumb\",\"itemListElement\":[{\"@type\":\"ListItem\",\"position\":1,\"name\":\"Home\",\"item\":\"https:\\\/\\\/luxpowertek.com\\\/\"},{\"@type\":\"ListItem\",\"position\":2,\"name\":\"Solar Hybrid Inverter FAQs\"}]},{\"@type\":\"WebSite\",\"@id\":\"https:\\\/\\\/luxpowertek.com\\\/#website\",\"url\":\"https:\\\/\\\/luxpowertek.com\\\/\",\"name\":\"\",\"description\":\"\",\"publisher\":{\"@id\":\"https:\\\/\\\/luxpowertek.com\\\/#organization\"},\"potentialAction\":[{\"@type\":\"SearchAction\",\"target\":{\"@type\":\"EntryPoint\",\"urlTemplate\":\"https:\\\/\\\/luxpowertek.com\\\/?s={search_term_string}\"},\"query-input\":{\"@type\":\"PropertyValueSpecification\",\"valueRequired\":true,\"valueName\":\"search_term_string\"}}],\"inLanguage\":\"pt-BR\"},{\"@type\":\"Organization\",\"@id\":\"https:\\\/\\\/luxpowertek.com\\\/#organization\",\"name\":\"LuxpowerTek\",\"url\":\"https:\\\/\\\/luxpowertek.com\\\/\",\"logo\":{\"@type\":\"ImageObject\",\"inLanguage\":\"pt-BR\",\"@id\":\"https:\\\/\\\/luxpowertek.com\\\/#\\\/schema\\\/logo\\\/image\\\/\",\"url\":\"https:\\\/\\\/luxpowertek.com\\\/wp-content\\\/uploads\\\/2024\\\/08\\\/Luxpower_logo_new.webp\",\"contentUrl\":\"https:\\\/\\\/luxpowertek.com\\\/wp-content\\\/uploads\\\/2024\\\/08\\\/Luxpower_logo_new.webp\",\"width\":1030,\"height\":186,\"caption\":\"LuxpowerTek\"},\"image\":{\"@id\":\"https:\\\/\\\/luxpowertek.com\\\/#\\\/schema\\\/logo\\\/image\\\/\"},\"sameAs\":[\"https:\\\/\\\/www.facebook.com\\\/LUXPOWERTEK\"]}]}<\/script>\n<!-- \/ Yoast SEO plugin. -->","yoast_head_json":{"title":"Perguntas frequentes sobre inversores solares h\u00edbridos -","robots":{"index":"index","follow":"follow","max-snippet":"max-snippet:-1","max-image-preview":"max-image-preview:large","max-video-preview":"max-video-preview:-1"},"canonical":"https:\/\/luxpowertek.com\/pt\/perguntas-frequentes-sobre-inversores-solares-hibridos\/","og_locale":"pt_BR","og_type":"article","og_title":"Solar Hybrid Inverter FAQs -","og_url":"https:\/\/luxpowertek.com\/pt\/perguntas-frequentes-sobre-inversores-solares-hibridos\/","article_publisher":"https:\/\/www.facebook.com\/LUXPOWERTEK","article_modified_time":"2024-08-07T07:06:41+00:00","twitter_card":"summary_large_image","twitter_misc":{"Est. tempo de leitura":"3 minutos"},"schema":{"@context":"https:\/\/schema.org","@graph":[{"@type":"WebPage","@id":"https:\/\/luxpowertek.com\/solar-hybrid-inverter-faqs\/","url":"https:\/\/luxpowertek.com\/solar-hybrid-inverter-faqs\/","name":"Perguntas frequentes sobre inversores solares h\u00edbridos -","isPartOf":{"@id":"https:\/\/luxpowertek.com\/#website"},"datePublished":"2024-04-08T06:52:45+00:00","dateModified":"2024-08-07T07:06:41+00:00","breadcrumb":{"@id":"https:\/\/luxpowertek.com\/solar-hybrid-inverter-faqs\/#breadcrumb"},"inLanguage":"pt-BR","potentialAction":[{"@type":"ReadAction","target":["https:\/\/luxpowertek.com\/solar-hybrid-inverter-faqs\/"]}]},{"@type":"BreadcrumbList","@id":"https:\/\/luxpowertek.com\/solar-hybrid-inverter-faqs\/#breadcrumb","itemListElement":[{"@type":"ListItem","position":1,"name":"Home","item":"https:\/\/luxpowertek.com\/"},{"@type":"ListItem","position":2,"name":"Solar Hybrid Inverter FAQs"}]},{"@type":"WebSite","@id":"https:\/\/luxpowertek.com\/#website","url":"https:\/\/luxpowertek.com\/","name":"","description":"","publisher":{"@id":"https:\/\/luxpowertek.com\/#organization"},"potentialAction":[{"@type":"SearchAction","target":{"@type":"EntryPoint","urlTemplate":"https:\/\/luxpowertek.com\/?s={search_term_string}"},"query-input":{"@type":"PropertyValueSpecification","valueRequired":true,"valueName":"search_term_string"}}],"inLanguage":"pt-BR"},{"@type":"Organization","@id":"https:\/\/luxpowertek.com\/#organization","name":"LuxpowerTek","url":"https:\/\/luxpowertek.com\/","logo":{"@type":"ImageObject","inLanguage":"pt-BR","@id":"https:\/\/luxpowertek.com\/#\/schema\/logo\/image\/","url":"https:\/\/luxpowertek.com\/wp-content\/uploads\/2024\/08\/Luxpower_logo_new.webp","contentUrl":"https:\/\/luxpowertek.com\/wp-content\/uploads\/2024\/08\/Luxpower_logo_new.webp","width":1030,"height":186,"caption":"LuxpowerTek"},"image":{"@id":"https:\/\/luxpowertek.com\/#\/schema\/logo\/image\/"},"sameAs":["https:\/\/www.facebook.com\/LUXPOWERTEK"]}]}},"_links":{"self":[{"href":"https:\/\/luxpowertek.com\/pt\/wp-json\/wp\/v2\/pages\/8510","targetHints":{"allow":["GET"]}}],"collection":[{"href":"https:\/\/luxpowertek.com\/pt\/wp-json\/wp\/v2\/pages"}],"about":[{"href":"https:\/\/luxpowertek.com\/pt\/wp-json\/wp\/v2\/types\/page"}],"author":[{"embeddable":true,"href":"https:\/\/luxpowertek.com\/pt\/wp-json\/wp\/v2\/users\/3"}],"replies":[{"embeddable":true,"href":"https:\/\/luxpowertek.com\/pt\/wp-json\/wp\/v2\/comments?post=8510"}],"version-history":[{"count":12,"href":"https:\/\/luxpowertek.com\/pt\/wp-json\/wp\/v2\/pages\/8510\/revisions"}],"predecessor-version":[{"id":11626,"href":"https:\/\/luxpowertek.com\/pt\/wp-json\/wp\/v2\/pages\/8510\/revisions\/11626"}],"wp:attachment":[{"href":"https:\/\/luxpowertek.com\/pt\/wp-json\/wp\/v2\/media?parent=8510"}],"curies":[{"name":"wp","href":"https:\/\/api.w.org\/{rel}","templated":true}]}}