{"id":8278,"date":"2024-04-03T21:50:37","date_gmt":"2024-04-03T13:50:37","guid":{"rendered":"https:\/\/luxpowertek.com\/?page_id=8278"},"modified":"2024-07-29T11:43:11","modified_gmt":"2024-07-29T03:43:11","slug":"nossa-historia-nova","status":"publish","type":"page","link":"https:\/\/luxpowertek.com\/pt\/nossa-historia-nova\/","title":{"rendered":"Nossa hist\u00f3ria nova"},"content":{"rendered":"<div class=\"banner has-hover\" id=\"banner-859840584\">\n          <div class=\"banner-inner fill\">\n        <div class=\"banner-bg fill\" >\n            <div class=\"bg fill bg-fill\"><\/div>\n                        <div class=\"overlay\"><\/div>            \n                    <\/div>\n\t\t\n        <div class=\"banner-layers container\">\n            <div class=\"fill banner-link\"><\/div>            \n   <div id=\"text-box-1219260180\" class=\"text-box banner-layer x50 md-x50 lg-x50 y50 md-y50 lg-y50 res-text\">\n                                <div class=\"text-box-content text dark\">\n              \n              <div class=\"text-inner text-center\">\n                  \n<p class=\"lead\"><span style=\"font-size: 150%;\"><strong>De casas a empresas: nossa jornada em inova\u00e7\u00e3o em armazenamento de energia<\/strong><\/span><\/p>\n              <\/div>\n           <\/div>\n                            \n<style>\n#text-box-1219260180 {\n  width: 60%;\n}\n#text-box-1219260180 .text-box-content {\n  font-size: 100%;\n}\n<\/style>\n    <\/div>\n \n        <\/div>\n      <\/div>\n\n            \n<style>\n#banner-859840584 {\n  padding-top: 500px;\n  background-color: rgba(111, 111, 111, 0.18);\n}\n#banner-859840584 .bg.bg-loaded {\n  background-image: url(https:\/\/luxpowertek.com\/wp-content\/uploads\/2024\/03\/shutterstock_349794947-1030x687.webp);\n}\n#banner-859840584 .overlay {\n  background-color: rgba(255, 255, 255, 0.384);\n}\n<\/style>\n  <\/div>\n\n\n\t<section class=\"section\" id=\"section_2080907292\">\n\t\t<div class=\"bg section-bg fill bg-fill  bg-loaded\" >\n\n\t\t\t\n\t\t\t<div class=\"section-bg-overlay absolute fill\"><\/div>\n\t\t\t\n\n\t\t<\/div>\n\n\t\t\n\n\t\t<div class=\"section-content relative\">\n\t\t\t\n<p class=\"lead\"><strong>A hist\u00f3ria da Luxpower<\/strong><\/p>\n<p class=\"lead\"><span style=\"font-size: 80%;\">N\u00f3s ostentamos uma equipe de profissionais apaixonados e experientes na ind\u00fastria de energia solar, incluindo engenheiros, designers, especialistas em marketing e cientistas ambientais. Comprometidos com a inova\u00e7\u00e3o, n\u00f3s abordamos os desafios de energia e contribu\u00edmos positivamente para a sociedade. Da pesquisa t\u00e9cnica ao atendimento ao cliente, nossa equipe se destaca com profissionalismo e colabora\u00e7\u00e3o, entregando solu\u00e7\u00f5es de alta qualidade para nossos clientes. Juntos, n\u00f3s lideramos a ind\u00fastria de energia solar com abordagens inovadoras para ado\u00e7\u00e3o de energia sustent\u00e1vel.<\/span><\/p>\n<div class=\"row\"  id=\"row-428824154\">\n\n\t<div id=\"col-1871184444\" class=\"col medium-4 small-12 large-4\"  >\n\t\t\t\t<div class=\"col-inner\"  >\n\t\t\t\n\t\t\t\n\t<div class=\"img has-hover x md-x lg-x y md-y lg-y\" id=\"image_104527734\">\n\t\t\t\t\t\t\t\t<div class=\"img-inner image-cover dark\" style=\"padding-top:300px;\">\n\t\t\t<img loading=\"lazy\" decoding=\"async\" width=\"1020\" height=\"430\" src=\"https:\/\/luxpowertek.com\/wp-content\/uploads\/2024\/03\/five-1030x434.webp\" class=\"attachment-large size-large\" alt=\"\" srcset=\"https:\/\/luxpowertek.com\/wp-content\/uploads\/2024\/03\/five-1030x434.webp 1030w, https:\/\/luxpowertek.com\/wp-content\/uploads\/2024\/03\/five-300x126.webp 300w, https:\/\/luxpowertek.com\/wp-content\/uploads\/2024\/03\/five-768x324.webp 768w, https:\/\/luxpowertek.com\/wp-content\/uploads\/2024\/03\/five-510x215.webp 510w, https:\/\/luxpowertek.com\/wp-content\/uploads\/2024\/03\/five.webp 1326w\" sizes=\"auto, (max-width: 1020px) 100vw, 1020px\" \/>\t\t\t\t\t\t\n\t\t\t\t\t<\/div>\n\t\t\t\t\t\t\t\t\n<style>\n#image_104527734 {\n  width: 100%;\n}\n<\/style>\n\t<\/div>\n\t\n\t\t<\/div>\n\t\t\t\t\t<\/div>\n\n\t\n\n\t<div id=\"col-1407756028\" class=\"col medium-8 small-12 large-8\"  >\n\t\t\t\t<div class=\"col-inner\"  >\n\t\t\t\n\t\t\t\n<div class=\"row\"  id=\"row-431925175\">\n\n\t<div id=\"col-550156361\" class=\"col medium-6 small-12 large-6\"  >\n\t\t\t\t<div class=\"col-inner\"  >\n\t\t\t\n\t\t\t\n<p class=\"lead\"><span style=\"color: #63ad82;\"><strong>Tecnologia de ponta<\/strong><\/span><\/p>\n<p class=\"lead\"><span style=\"font-size: 80%;\">\u00a0A LuxPower \u00e9 pioneira em avan\u00e7os tecnol\u00f3gicos em energia solar, entregando constantemente solu\u00e7\u00f5es inovadoras.<\/span><\/p>\n\t\t<\/div>\n\t\t\t\t\t<\/div>\n\n\t\n\n\t<div id=\"col-854458261\" class=\"col medium-6 small-12 large-6\"  >\n\t\t\t\t<div class=\"col-inner\"  >\n\t\t\t\n\t\t\t\n<p class=\"lead\"><span style=\"color: #63ad82;\"><strong>Abordagem centrada no cliente<\/strong><\/span><\/p>\n<p><span style=\"color: #000000;\">Na LuxPower, priorizamos a satisfa\u00e7\u00e3o do cliente. Por meio de solu\u00e7\u00f5es personalizadas e servi\u00e7o excepcional, garantimos que as necessidades dos nossos clientes sejam atendidas.<\/span><\/p>\n\t\t<\/div>\n\t\t\t\t\t<\/div>\n\n\t\n<\/div>\n\t\t<\/div>\n\t\t\t\t\t<\/div>\n\n\t\n<\/div>\n\t\t<\/div>\n\n\t\t\n<style>\n#section_2080907292 {\n  padding-top: 30px;\n  padding-bottom: 30px;\n  background-color: rgb(0,0,0);\n}\n#section_2080907292 .section-bg-overlay {\n  background-color: rgba(255, 255, 255, 0.953);\n}\n<\/style>\n\t<\/section>\n\t\n\t<section class=\"section\" id=\"section_678101733\">\n\t\t<div class=\"bg section-bg fill bg-fill  bg-loaded\" >\n\n\t\t\t\n\t\t\t<div class=\"section-bg-overlay absolute fill\"><\/div>\n\t\t\t\n\n\t\t<\/div>\n\n\t\t\n\n\t\t<div class=\"section-content relative\">\n\t\t\t\n\n<div style=\"width: 100%;height: 1px;background-color: #bbb;\"><\/div>\n\n\t\t<\/div>\n\n\t\t\n<style>\n#section_678101733 {\n  padding-top: 30px;\n  padding-bottom: 30px;\n  background-color: rgb(0, 0, 0);\n}\n#section_678101733 .section-bg-overlay {\n  background-color: rgba(255, 255, 255, 0.953);\n}\n<\/style>\n\t<\/section>\n\t\n\t<section class=\"section\" id=\"section_847784918\">\n\t\t<div class=\"bg section-bg fill bg-fill  bg-loaded\" >\n\n\t\t\t\n\t\t\t<div class=\"section-bg-overlay absolute fill\"><\/div>\n\t\t\t\n\n\t\t<\/div>\n\n\t\t\n\n\t\t<div class=\"section-content relative\">\n\t\t\t\n<div class=\"row\"  id=\"row-619328034\">\n\n\t<div id=\"col-290247569\" class=\"col medium-5 small-12 large-5\"  >\n\t\t\t\t<div class=\"col-inner\"  >\n\t\t\t\n\t\t\t\n\t<div id=\"gap-2098584993\" class=\"gap-element clearfix\" style=\"display:block; height:auto;\">\n\t\t\n<style>\n#gap-2098584993 {\n  padding-top: 100px;\n}\n<\/style>\n\t<\/div>\n\t\n<p class=\"lead\"><strong>Produtos Luxpower<\/strong><\/p>\n<p class=\"lead\"><span style=\"font-size: 80%;\">Vantagens da LuxPower: Inova\u00e7\u00e3o tecnol\u00f3gica, diversidade de produtos, garantia de qualidade, suporte t\u00e9cnico profissional, rede global de servi\u00e7os, desenvolvimento sustent\u00e1vel. Escolha a LuxPower e embarque em uma jornada de inova\u00e7\u00e3o e sustentabilidade, atendendo \u00e0s suas necessidades de energia com precis\u00e3o e confiabilidade.<\/span><\/p>\n\t\t<\/div>\n\t\t\t\t\t<\/div>\n\n\t\n\n\t<div id=\"col-1295343385\" class=\"col medium-7 small-12 large-7\"  >\n\t\t\t\t<div class=\"col-inner\"  >\n\t\t\t\n\t\t\t\n  <div class=\"banner-grid-wrapper\">\n  <div id=\"banner-grid-163162704\" class=\"banner-grid row row-grid row-large\" data-packery-options=\"\">\n                      \n<div class=\"col grid-col large-7 grid-col-1\" ><div class=\"col-inner\">\n\t<div class=\"img has-hover x md-x lg-x y md-y lg-y\" id=\"image_137188969\">\n\t\t\t\t\t\t\t\t<div class=\"img-inner dark\" >\n\t\t\t<img loading=\"lazy\" decoding=\"async\" width=\"2049\" height=\"2560\" src=\"https:\/\/luxpowertek.com\/wp-content\/uploads\/2024\/04\/s4-scaled.webp\" class=\"attachment-original size-original\" alt=\"\" srcset=\"https:\/\/luxpowertek.com\/wp-content\/uploads\/2024\/04\/s4-scaled.webp 2049w, https:\/\/luxpowertek.com\/wp-content\/uploads\/2024\/04\/s4-240x300.webp 240w, https:\/\/luxpowertek.com\/wp-content\/uploads\/2024\/04\/s4-825x1030.webp 825w, https:\/\/luxpowertek.com\/wp-content\/uploads\/2024\/04\/s4-768x959.webp 768w, https:\/\/luxpowertek.com\/wp-content\/uploads\/2024\/04\/s4-1230x1536.webp 1230w, https:\/\/luxpowertek.com\/wp-content\/uploads\/2024\/04\/s4-1640x2048.webp 1640w, https:\/\/luxpowertek.com\/wp-content\/uploads\/2024\/04\/s4-510x637.webp 510w\" sizes=\"auto, (max-width: 2049px) 100vw, 2049px\" \/>\t\t\t\t\t\t\n\t\t\t\t\t<\/div>\n\t\t\t\t\t\t\t\t\n<style>\n#image_137188969 {\n  width: 100%;\n}\n<\/style>\n\t<\/div>\n\t\n<\/div><\/div>\n<div class=\"col grid-col large-5 grid-col-1-2\" ><div class=\"col-inner\">\n\t<div class=\"img has-hover x md-x lg-x y md-y lg-y\" id=\"image_1881630078\">\n\t\t\t\t\t\t\t\t<div class=\"img-inner dark\" >\n\t\t\t<img loading=\"lazy\" decoding=\"async\" width=\"2560\" height=\"1707\" src=\"https:\/\/luxpowertek.com\/wp-content\/uploads\/2024\/04\/s3.webp\" class=\"attachment-original size-original\" alt=\"\" srcset=\"https:\/\/luxpowertek.com\/wp-content\/uploads\/2024\/04\/s3.webp 2560w, https:\/\/luxpowertek.com\/wp-content\/uploads\/2024\/04\/s3-300x200.webp 300w, https:\/\/luxpowertek.com\/wp-content\/uploads\/2024\/04\/s3-1030x687.webp 1030w, https:\/\/luxpowertek.com\/wp-content\/uploads\/2024\/04\/s3-768x512.webp 768w, https:\/\/luxpowertek.com\/wp-content\/uploads\/2024\/04\/s3-1536x1024.webp 1536w, https:\/\/luxpowertek.com\/wp-content\/uploads\/2024\/04\/s3-2048x1366.webp 2048w, https:\/\/luxpowertek.com\/wp-content\/uploads\/2024\/04\/s3-510x340.webp 510w\" sizes=\"auto, (max-width: 2560px) 100vw, 2560px\" \/>\t\t\t\t\t\t\n\t\t\t\t\t<\/div>\n\t\t\t\t\t\t\t\t\n<style>\n#image_1881630078 {\n  width: 100%;\n}\n<\/style>\n\t<\/div>\n\t\n<\/div><\/div>\n<div class=\"col grid-col large-5 grid-col-1-2\" ><div class=\"col-inner\">\n\t<div class=\"img has-hover x md-x lg-x y md-y lg-y\" id=\"image_799715046\">\n\t\t\t\t\t\t\t\t<div class=\"img-inner dark\" >\n\t\t\t<img loading=\"lazy\" decoding=\"async\" width=\"1020\" height=\"680\" src=\"https:\/\/luxpowertek.com\/wp-content\/uploads\/2024\/04\/s5-1030x687.webp\" class=\"attachment-large size-large\" alt=\"\" srcset=\"https:\/\/luxpowertek.com\/wp-content\/uploads\/2024\/04\/s5-1030x687.webp 1030w, https:\/\/luxpowertek.com\/wp-content\/uploads\/2024\/04\/s5-300x200.webp 300w, https:\/\/luxpowertek.com\/wp-content\/uploads\/2024\/04\/s5-768x513.webp 768w, https:\/\/luxpowertek.com\/wp-content\/uploads\/2024\/04\/s5-1536x1025.webp 1536w, https:\/\/luxpowertek.com\/wp-content\/uploads\/2024\/04\/s5-2048x1367.webp 2048w, https:\/\/luxpowertek.com\/wp-content\/uploads\/2024\/04\/s5-510x340.webp 510w\" sizes=\"auto, (max-width: 1020px) 100vw, 1020px\" \/>\t\t\t\t\t\t\n\t\t\t\t\t<\/div>\n\t\t\t\t\t\t\t\t\n<style>\n#image_799715046 {\n  width: 100%;\n}\n<\/style>\n\t<\/div>\n\t\n<\/div><\/div>\n            <\/div>\n    <style>\n    #banner-grid-163162704 .grid-col-1{height: 428px}\n    #banner-grid-163162704 .grid-col-1-2{height: 214px}\n    #banner-grid-163162704 .grid-col-1-3{height:142.66666666667px}\n    #banner-grid-163162704 .grid-col-2-3{height: 285.33333333333px}\n    #banner-grid-163162704 .grid-col-1-4{height: 107px}\n    #banner-grid-163162704 .grid-col-3-4{height: 321px}\n\n\n    \n    \n\n  <\/style>\n    <\/div>\n  \n\t\t<\/div>\n\t\t\t\t\t<\/div>\n\n\t\n<\/div>\n\t\t<\/div>\n\n\t\t\n<style>\n#section_847784918 {\n  padding-top: 30px;\n  padding-bottom: 30px;\n  background-color: #181b1f;\n}\n#section_847784918 .section-bg-overlay {\n  background-color: rgba(255, 255, 255, 0.953);\n}\n<\/style>\n\t<\/section>\n\t\n\t<section class=\"section dark\" id=\"section_1145706711\">\n\t\t<div class=\"bg section-bg fill bg-fill  bg-loaded\" >\n\n\t\t\t\n\t\t\t\n\t\t\t\n\n\t\t<\/div>\n\n\t\t\n\n\t\t<div class=\"section-content relative\">\n\t\t\t\n<div class=\"row\"  id=\"row-1059480914\">\n\n\t<div id=\"col-993652818\" class=\"col small-12 large-12\"  >\n\t\t\t\t<div class=\"col-inner\"  >\n\t\t\t\n\t\t\t\n\t<div id=\"text-771670499\" class=\"text\">\n\t\t\n<p class=\"lead\"><strong>Embaixadores Lux<\/strong><\/p>\n\t\t\n<style>\n#text-771670499 {\n  text-align: left;\n}\n<\/style>\n\t<\/div>\n\t\n\t\t<\/div>\n\t\t\t\t\t<\/div>\n\n\t\n<\/div>\n<div class=\"row\"  id=\"row-962480725\">\n\n\t<div id=\"col-1457746628\" class=\"col medium-4 small-12 large-4\"  >\n\t\t\t\t<div class=\"col-inner\" style=\"background-color:rgb(255,255,255);\" >\n\t\t\t\n\t\t\t\n\t<div class=\"box has-hover   has-hover box-text-bottom\" >\n\n\t\t<div class=\"box-image\" >\n\t\t\t\t\t\t<div class=\"\" >\n\t\t\t\t<img decoding=\"async\" src=\"https:\/\/luxpowertek.com\/wp-content\/themes\/f\/assets\/img\/missing.jpg\" \/>\t\t\t\t\t\t\t\t\t\t\t<\/div>\n\t\t\t\t\t<\/div>\n\n\t\t<div class=\"box-text text-center\" >\n\t\t\t<div class=\"box-text-inner\">\n\t\t\t\t\n\t<div id=\"text-4121274072\" class=\"text\">\n\t\t\n<p>Ap\u00f3s um longo tempo de experi\u00eancia e distribui\u00e7\u00e3o de muitas marcas, escolhemos ser o distribuidor oficial da LuxPower. Como o hardware do produto \u00e9 est\u00e1vel, o software \u00e9 sempre atualizado para ser mais completo e otimizado. Em particular, o suporte entusiasmado dos t\u00e9cnicos da empresa nos ajuda a construir uma pol\u00edtica de garantia boa e r\u00e1pida.<\/p>\n\t\t\n<style>\n#text-4121274072 {\n  text-align: left;\n  color: #000000;\n}\n#text-4121274072 > * {\n  color: #000000;\n}\n<\/style>\n\t<\/div>\n\t\n\t\t\t<\/div>\n\t\t<\/div>\n\t<\/div>\n\t\n\t\t<\/div>\n\t\t\t\t\n<style>\n#col-1457746628 > .col-inner {\n  border-radius: 15px;\n}\n<\/style>\n\t<\/div>\n\n\t\n\n\t<div id=\"col-1760215854\" class=\"col medium-4 small-12 large-4\"  >\n\t\t\t\t<div class=\"col-inner\" style=\"background-color:rgb(255,255,255);\" >\n\t\t\t\n\t\t\t\n\t<div class=\"box has-hover   has-hover box-text-bottom\" >\n\n\t\t<div class=\"box-image\" >\n\t\t\t\t\t\t<div class=\"\" >\n\t\t\t\t<img decoding=\"async\" src=\"https:\/\/luxpowertek.com\/wp-content\/themes\/f\/assets\/img\/missing.jpg\" \/>\t\t\t\t\t\t\t\t\t\t\t<\/div>\n\t\t\t\t\t<\/div>\n\n\t\t<div class=\"box-text text-center\" >\n\t\t\t<div class=\"box-text-inner\">\n\t\t\t\t\n\t<div id=\"text-413906288\" class=\"text\">\n\t\t\n<p>A Aspergo Energy foi apresentada pela primeira vez \u00e0 Luxpower em 2018 e recebeu nossas primeiras amostras de teste em 2019. Como uma distribuidora de energia renov\u00e1vel iniciante, est\u00e1vamos procurando uma empresa jovem e din\u00e2mica que pudesse atender \u00e0s nossas necessidades espec\u00edficas. Come\u00e7amos com o modelo padr\u00e3o LXP-5K e fomos fundamentais para que este modelo fosse certificado pela NRS na \u00c1frica do Sul. Desde ent\u00e3o, a Aspergo se tornou um centro de reparo e garantia aprovado pela Luxpower. O treinamento e o suporte que recebemos diariamente s\u00e3o fenomenais. Os engenheiros est\u00e3o sempre \u00e0 disposi\u00e7\u00e3o para ajudar e nenhuma solicita\u00e7\u00e3o fica sem resposta. Temos orgulho de estar associados \u00e0 Luxpower e esperamos um futuro longo e pr\u00f3spero com eles.<\/p>\n\t\t\n<style>\n#text-413906288 {\n  text-align: left;\n  color: #000000;\n}\n#text-413906288 > * {\n  color: #000000;\n}\n<\/style>\n\t<\/div>\n\t\n\t\t\t<\/div>\n\t\t<\/div>\n\t<\/div>\n\t\n\t\t<\/div>\n\t\t\t\t\n<style>\n#col-1760215854 > .col-inner {\n  border-radius: 15px;\n}\n<\/style>\n\t<\/div>\n\n\t\n\n\t<div id=\"col-1681330472\" class=\"col medium-4 small-12 large-4\"  >\n\t\t\t\t<div class=\"col-inner\" style=\"background-color:rgb(255,255,255);\" >\n\t\t\t\n\t\t\t\n\t<div class=\"box has-hover   has-hover box-text-bottom\" >\n\n\t\t<div class=\"box-image\" >\n\t\t\t\t\t\t<div class=\"\" >\n\t\t\t\t<img decoding=\"async\" src=\"https:\/\/luxpowertek.com\/wp-content\/themes\/f\/assets\/img\/missing.jpg\" \/>\t\t\t\t\t\t\t\t\t\t\t<\/div>\n\t\t\t\t\t<\/div>\n\n\t\t<div class=\"box-text text-center\" >\n\t\t\t<div class=\"box-text-inner\">\n\t\t\t\t\n\t<div id=\"text-2206078845\" class=\"text\">\n\t\t\n<h4>Qualidade Premium<\/h4>\n<p>\u201cabrimos a Luxpower e encontramos componentes de alta qualidade por toda parte. E isso foi confirmado por nossos instaladores \u2013 zero microinversores com defeito at\u00e9 o momento.\u201d<\/p>\n\t\t\n<style>\n#text-2206078845 {\n  text-align: left;\n  color: #000000;\n}\n#text-2206078845 > * {\n  color: #000000;\n}\n<\/style>\n\t<\/div>\n\t\n\t\t\t<\/div>\n\t\t<\/div>\n\t<\/div>\n\t\n\t\t<\/div>\n\t\t\t\t\n<style>\n#col-1681330472 > .col-inner {\n  border-radius: 15px;\n}\n<\/style>\n\t<\/div>\n\n\t\n<\/div>\n\t\t<\/div>\n\n\t\t\n<style>\n#section_1145706711 {\n  padding-top: 30px;\n  padding-bottom: 30px;\n  background-color: rgb(40, 40, 40);\n}\n<\/style>\n\t<\/section>\n\t\n\t<section class=\"section dark\" id=\"section_1813876711\">\n\t\t<div class=\"bg section-bg fill bg-fill  bg-loaded\" >\n\n\t\t\t\n\t\t\t\n\t\t\t\n\n\t\t<\/div>\n\n\t\t\n\n\t\t<div class=\"section-content relative\">\n\t\t\t\n<div class=\"row\"  id=\"row-577240676\">\n\n\t<div id=\"col-924429926\" class=\"col medium-4 small-12 large-4\"  >\n\t\t\t\t<div class=\"col-inner\" style=\"background-color:rgb(255,255,255);\" >\n\t\t\t\n\t\t\t\n\t<div class=\"box has-hover   has-hover box-text-bottom\" >\n\n\t\t<div class=\"box-image\" >\n\t\t\t\t\t\t<div class=\"\" >\n\t\t\t\t<img decoding=\"async\" src=\"https:\/\/luxpowertek.com\/wp-content\/themes\/f\/assets\/img\/missing.jpg\" \/>\t\t\t\t\t\t\t\t\t\t\t<\/div>\n\t\t\t\t\t<\/div>\n\n\t\t<div class=\"box-text text-center\" >\n\t\t\t<div class=\"box-text-inner\">\n\t\t\t\t\n\t<div id=\"text-131776272\" class=\"text\">\n\t\t\n<h4>Qualidade Premium<\/h4>\n<p>\u201cabrimos a Luxpower e encontramos componentes de alta qualidade por toda parte. E isso foi confirmado por nossos instaladores \u2013 zero microinversores com defeito at\u00e9 o momento.\u201d<\/p>\n\t\t\n<style>\n#text-131776272 {\n  text-align: left;\n  color: #000000;\n}\n#text-131776272 > * {\n  color: #000000;\n}\n<\/style>\n\t<\/div>\n\t\n\t\t\t<\/div>\n\t\t<\/div>\n\t<\/div>\n\t\n\t\t<\/div>\n\t\t\t\t\n<style>\n#col-924429926 > .col-inner {\n  border-radius: 15px;\n}\n<\/style>\n\t<\/div>\n\n\t\n\n\t<div id=\"col-2022631414\" class=\"col medium-4 small-12 large-4\"  >\n\t\t\t\t<div class=\"col-inner\" style=\"background-color:rgb(255,255,255);\" >\n\t\t\t\n\t\t\t\n\t<div class=\"box has-hover   has-hover box-text-bottom\" >\n\n\t\t<div class=\"box-image\" >\n\t\t\t\t\t\t<div class=\"\" >\n\t\t\t\t<img decoding=\"async\" src=\"https:\/\/luxpowertek.com\/wp-content\/themes\/f\/assets\/img\/missing.jpg\" \/>\t\t\t\t\t\t\t\t\t\t\t<\/div>\n\t\t\t\t\t<\/div>\n\n\t\t<div class=\"box-text text-center\" >\n\t\t\t<div class=\"box-text-inner\">\n\t\t\t\t\n\t<div id=\"text-362612118\" class=\"text\">\n\t\t\n<h4>Qualidade Premium<\/h4>\n<p>\u201cabrimos a Luxpower e encontramos componentes de alta qualidade por toda parte. E isso foi confirmado por nossos instaladores \u2013 zero microinversores com defeito at\u00e9 o momento.\u201d<\/p>\n\t\t\n<style>\n#text-362612118 {\n  text-align: left;\n  color: #000000;\n}\n#text-362612118 > * {\n  color: #000000;\n}\n<\/style>\n\t<\/div>\n\t\n\t\t\t<\/div>\n\t\t<\/div>\n\t<\/div>\n\t\n\t\t<\/div>\n\t\t\t\t\n<style>\n#col-2022631414 > .col-inner {\n  border-radius: 15px;\n}\n<\/style>\n\t<\/div>\n\n\t\n\n\t<div id=\"col-1835738143\" class=\"col medium-4 small-12 large-4\"  >\n\t\t\t\t<div class=\"col-inner\" style=\"background-color:rgb(255,255,255);\" >\n\t\t\t\n\t\t\t\n\t<div class=\"box has-hover   has-hover box-text-bottom\" >\n\n\t\t<div class=\"box-image\" >\n\t\t\t\t\t\t<div class=\"\" >\n\t\t\t\t<img decoding=\"async\" src=\"https:\/\/luxpowertek.com\/wp-content\/themes\/f\/assets\/img\/missing.jpg\" \/>\t\t\t\t\t\t\t\t\t\t\t<\/div>\n\t\t\t\t\t<\/div>\n\n\t\t<div class=\"box-text text-center\" >\n\t\t\t<div class=\"box-text-inner\">\n\t\t\t\t\n\t<div id=\"text-1305464709\" class=\"text\">\n\t\t\n<h4>Qualidade Premium<\/h4>\n<p>\u201cabrimos a Luxpower e encontramos componentes de alta qualidade por toda parte. E isso foi confirmado por nossos instaladores \u2013 zero microinversores com defeito at\u00e9 o momento.\u201d<\/p>\n\t\t\n<style>\n#text-1305464709 {\n  text-align: left;\n  color: #000000;\n}\n#text-1305464709 > * {\n  color: #000000;\n}\n<\/style>\n\t<\/div>\n\t\n\t\t\t<\/div>\n\t\t<\/div>\n\t<\/div>\n\t\n\t\t<\/div>\n\t\t\t\t\n<style>\n#col-1835738143 > .col-inner {\n  border-radius: 15px;\n}\n<\/style>\n\t<\/div>\n\n\t\n<\/div>\n\t\t<\/div>\n\n\t\t\n<style>\n#section_1813876711 {\n  padding-top: 30px;\n  padding-bottom: 30px;\n  background-color: rgb(40, 40, 40);\n}\n<\/style>\n\t<\/section>\n\t\n\t<section class=\"section dark\" id=\"section_1240436474\">\n\t\t<div class=\"bg section-bg fill bg-fill  bg-loaded\" >\n\n\t\t\t\n\t\t\t\n\t\t\t\n\n\t\t<\/div>\n\n\t\t\n\n\t\t<div class=\"section-content relative\">\n\t\t\t\n<div class=\"row align-center\"  id=\"row-1925059702\">\n\n\t<div id=\"col-750163568\" class=\"col small-12 large-12\"  >\n\t\t\t\t<div class=\"col-inner text-center\"  >\n\t\t\t\n\t\t\t\n<a class=\"button white\"  style=\"border-radius:99px;\">\n    <span>Torne-se um embaixador<\/span>\n  <i class=\"icon-angle-right\" aria-hidden=\"true\" ><\/i><\/a>\n\n\t\t<\/div>\n\t\t\t\t\t<\/div>\n\n\t\n<\/div>\n\t\t<\/div>\n\n\t\t\n<style>\n#section_1240436474 {\n  padding-top: 30px;\n  padding-bottom: 30px;\n  background-color: rgb(40, 40, 40);\n}\n<\/style>\n\t<\/section>","protected":false},"excerpt":{"rendered":"","protected":false},"author":3,"featured_media":0,"parent":0,"menu_order":0,"comment_status":"closed","ping_status":"closed","template":"page-single-page-nav-transparent-light.php","meta":{"rop_custom_images_group":[],"rop_custom_messages_group":[],"rop_publish_now":"initial","rop_publish_now_accounts":[],"rop_publish_now_history":[],"rop_publish_now_status":"pending","footnotes":""},"class_list":["post-8278","page","type-page","status-publish","hentry"],"yoast_head":"<!-- This site is optimized with the Yoast SEO plugin v27.3 - https:\/\/yoast.com\/product\/yoast-seo-wordpress\/ -->\n<title>Our Story new -<\/title>\n<meta name=\"robots\" content=\"index, follow, max-snippet:-1, max-image-preview:large, max-video-preview:-1\" \/>\n<link rel=\"canonical\" href=\"https:\/\/luxpowertek.com\/pt\/nossa-historia-nova\/\" \/>\n<meta property=\"og:locale\" content=\"pt_BR\" \/>\n<meta property=\"og:type\" content=\"article\" \/>\n<meta property=\"og:title\" content=\"Our Story new -\" \/>\n<meta property=\"og:url\" content=\"https:\/\/luxpowertek.com\/pt\/nossa-historia-nova\/\" \/>\n<meta property=\"article:modified_time\" content=\"2024-07-29T03:43:11+00:00\" \/>\n<meta name=\"twitter:card\" content=\"summary_large_image\" \/>\n<script type=\"application\/ld+json\" class=\"yoast-schema-graph\">{\"@context\":\"https:\\\/\\\/schema.org\",\"@graph\":[{\"@type\":\"WebPage\",\"@id\":\"https:\\\/\\\/luxpowertek.com\\\/our-story-new\\\/\",\"url\":\"https:\\\/\\\/luxpowertek.com\\\/our-story-new\\\/\",\"name\":\"Our Story new -\",\"isPartOf\":{\"@id\":\"https:\\\/\\\/luxpowertek.com\\\/#website\"},\"datePublished\":\"2024-04-03T13:50:37+00:00\",\"dateModified\":\"2024-07-29T03:43:11+00:00\",\"breadcrumb\":{\"@id\":\"https:\\\/\\\/luxpowertek.com\\\/our-story-new\\\/#breadcrumb\"},\"inLanguage\":\"pt-BR\",\"potentialAction\":[{\"@type\":\"ReadAction\",\"target\":[\"https:\\\/\\\/luxpowertek.com\\\/our-story-new\\\/\"]}]},{\"@type\":\"BreadcrumbList\",\"@id\":\"https:\\\/\\\/luxpowertek.com\\\/our-story-new\\\/#breadcrumb\",\"itemListElement\":[{\"@type\":\"ListItem\",\"position\":1,\"name\":\"Home\",\"item\":\"https:\\\/\\\/luxpowertek.com\\\/\"},{\"@type\":\"ListItem\",\"position\":2,\"name\":\"Our Story new\"}]},{\"@type\":\"WebSite\",\"@id\":\"https:\\\/\\\/luxpowertek.com\\\/#website\",\"url\":\"https:\\\/\\\/luxpowertek.com\\\/\",\"name\":\"\",\"description\":\"\",\"potentialAction\":[{\"@type\":\"SearchAction\",\"target\":{\"@type\":\"EntryPoint\",\"urlTemplate\":\"https:\\\/\\\/luxpowertek.com\\\/?s={search_term_string}\"},\"query-input\":{\"@type\":\"PropertyValueSpecification\",\"valueRequired\":true,\"valueName\":\"search_term_string\"}}],\"inLanguage\":\"pt-BR\"}]}<\/script>\n<!-- \/ Yoast SEO plugin. -->","yoast_head_json":{"title":"Nossa hist\u00f3ria nova -","robots":{"index":"index","follow":"follow","max-snippet":"max-snippet:-1","max-image-preview":"max-image-preview:large","max-video-preview":"max-video-preview:-1"},"canonical":"https:\/\/luxpowertek.com\/pt\/nossa-historia-nova\/","og_locale":"pt_BR","og_type":"article","og_title":"Our Story new -","og_url":"https:\/\/luxpowertek.com\/pt\/nossa-historia-nova\/","article_modified_time":"2024-07-29T03:43:11+00:00","twitter_card":"summary_large_image","schema":{"@context":"https:\/\/schema.org","@graph":[{"@type":"WebPage","@id":"https:\/\/luxpowertek.com\/our-story-new\/","url":"https:\/\/luxpowertek.com\/our-story-new\/","name":"Nossa hist\u00f3ria nova -","isPartOf":{"@id":"https:\/\/luxpowertek.com\/#website"},"datePublished":"2024-04-03T13:50:37+00:00","dateModified":"2024-07-29T03:43:11+00:00","breadcrumb":{"@id":"https:\/\/luxpowertek.com\/our-story-new\/#breadcrumb"},"inLanguage":"pt-BR","potentialAction":[{"@type":"ReadAction","target":["https:\/\/luxpowertek.com\/our-story-new\/"]}]},{"@type":"BreadcrumbList","@id":"https:\/\/luxpowertek.com\/our-story-new\/#breadcrumb","itemListElement":[{"@type":"ListItem","position":1,"name":"Home","item":"https:\/\/luxpowertek.com\/"},{"@type":"ListItem","position":2,"name":"Our Story new"}]},{"@type":"WebSite","@id":"https:\/\/luxpowertek.com\/#website","url":"https:\/\/luxpowertek.com\/","name":"","description":"","potentialAction":[{"@type":"SearchAction","target":{"@type":"EntryPoint","urlTemplate":"https:\/\/luxpowertek.com\/?s={search_term_string}"},"query-input":{"@type":"PropertyValueSpecification","valueRequired":true,"valueName":"search_term_string"}}],"inLanguage":"pt-BR"}]}},"_links":{"self":[{"href":"https:\/\/luxpowertek.com\/pt\/wp-json\/wp\/v2\/pages\/8278","targetHints":{"allow":["GET"]}}],"collection":[{"href":"https:\/\/luxpowertek.com\/pt\/wp-json\/wp\/v2\/pages"}],"about":[{"href":"https:\/\/luxpowertek.com\/pt\/wp-json\/wp\/v2\/types\/page"}],"author":[{"embeddable":true,"href":"https:\/\/luxpowertek.com\/pt\/wp-json\/wp\/v2\/users\/3"}],"replies":[{"embeddable":true,"href":"https:\/\/luxpowertek.com\/pt\/wp-json\/wp\/v2\/comments?post=8278"}],"version-history":[{"count":26,"href":"https:\/\/luxpowertek.com\/pt\/wp-json\/wp\/v2\/pages\/8278\/revisions"}],"predecessor-version":[{"id":10481,"href":"https:\/\/luxpowertek.com\/pt\/wp-json\/wp\/v2\/pages\/8278\/revisions\/10481"}],"wp:attachment":[{"href":"https:\/\/luxpowertek.com\/pt\/wp-json\/wp\/v2\/media?parent=8278"}],"curies":[{"name":"wp","href":"https:\/\/api.w.org\/{rel}","templated":true}]}}