{"id":7201,"date":"2023-07-14T17:08:17","date_gmt":"2023-07-14T09:08:17","guid":{"rendered":"https:\/\/luxpowertek.com\/?page_id=7201"},"modified":"2023-07-15T18:19:13","modified_gmt":"2023-07-15T10:19:13","slug":"produtos-sa","status":"publish","type":"page","link":"https:\/\/luxpowertek.com\/pt\/produtos-sa\/","title":{"rendered":"Produtos SA"},"content":{"rendered":"<div id=\"gap-702536394\" class=\"gap-element clearfix\" style=\"display:block; height:auto;\">\n\t\t\n<style>\n#gap-702536394 {\n  padding-top: 30px;\n}\n<\/style>\n\t<\/div>\n\t\n<div class=\"row\"  id=\"row-1724988569\">\n\n\t<div id=\"col-1839165858\" class=\"col medium-1 small-12 large-1\"  >\n\t\t\t\t<div class=\"col-inner\"  >\n\t\t\t\n\t\t\t\n\t\t<\/div>\n\t\t\t\t\n<style>\n#col-1839165858 > .col-inner {\n  margin: 0px 0px 0px 37px;\n}\n<\/style>\n\t<\/div>\n\n\t\n\n\t<div id=\"col-1463656539\" class=\"col medium-4 small-12 large-4\"  >\n\t\t\t\t<div class=\"col-inner\"  >\n\t\t\t\n\t\t\t\n\t<div class=\"img has-hover x md-x lg-x y md-y lg-y\" id=\"image_1823099692\">\n\t\t\t\t\t\t\t\t<div class=\"img-inner dark\" >\n\t\t\t<img loading=\"lazy\" decoding=\"async\" width=\"827\" height=\"1030\" src=\"https:\/\/luxpowertek.com\/wp-content\/uploads\/2023\/05\/ECO-6k-827x1030.webp\" class=\"attachment-large size-large\" alt=\"Inversor Solar\" srcset=\"https:\/\/luxpowertek.com\/wp-content\/uploads\/2023\/05\/ECO-6k-827x1030.webp 827w, https:\/\/luxpowertek.com\/wp-content\/uploads\/2023\/05\/ECO-6k-241x300.webp 241w, https:\/\/luxpowertek.com\/wp-content\/uploads\/2023\/05\/ECO-6k-768x957.webp 768w, https:\/\/luxpowertek.com\/wp-content\/uploads\/2023\/05\/ECO-6k-1233x1536.webp 1233w, https:\/\/luxpowertek.com\/wp-content\/uploads\/2023\/05\/ECO-6k-800x996.webp 800w, https:\/\/luxpowertek.com\/wp-content\/uploads\/2023\/05\/ECO-6k.webp 1580w\" sizes=\"auto, (max-width: 827px) 100vw, 827px\" \/>\t\t\t\t\t\t\n\t\t\t\t\t<\/div>\n\t\t\t\t\t\t\t\t\n<style>\n#image_1823099692 {\n  width: 88%;\n}\n<\/style>\n\t<\/div>\n\t\n\t\t<\/div>\n\t\t\t\t\n<style>\n#col-1463656539 > .col-inner {\n  margin: 0px 0px 0px 20px;\n}\n<\/style>\n\t<\/div>\n\n\t\n\n\t<div id=\"col-1656103874\" class=\"col medium-5 small-12 large-5\"  >\n\t\t\t\t<div class=\"col-inner\"  >\n\t\t\t\n\t\t\t\n<h3><span style=\"color: #00a859\">SNA 3-6 km<\/span><\/h3>\n<ul>\n<li style=\"text-align: left\">Modos inteligentes off grid e h\u00edbridos<\/li>\n<li>Cargas de energia fotovoltaica e CA simultaneamente<\/li>\n<li>Ampla faixa de tens\u00e3o de entrada PV 100V~480V<\/li>\n<li>Conversor DC para DC f\u00e1cil de usar com bateria<\/li>\n<li>Monitoramento gratuito e atualiza\u00e7\u00e3o remota<\/li>\n<li>Monof\u00e1sico ou trif\u00e1sico desbalanceado<\/li>\n<li>Suporta at\u00e9 16 unidades em paralelo<\/li>\n<li>Interface de gerador independente<\/li>\n<li>Inversor host gerado automaticamente para gerenciar todo o sistema<\/li>\n<\/ul>\n<div class=\"row\"  id=\"row-1829154043\">\n\n\t<div id=\"col-661659945\" class=\"col medium-5 small-12 large-5\"  >\n\t\t\t\t<div class=\"col-inner\"  >\n\t\t\t\n\t\t\t\n\n\t\t<div class=\"icon-box featured-box icon-box-left text-left\"  >\n\t\t\t\t\t<div class=\"icon-box-img\" style=\"width: 39px\">\n\t\t\t\t<div class=\"icon\">\n\t\t\t\t\t<div class=\"icon-inner\" >\n\t\t\t\t\t\t<img loading=\"lazy\" decoding=\"async\" width=\"171\" height=\"171\" src=\"https:\/\/luxpowertek.com\/wp-content\/uploads\/2021\/12\/wordpress-pdf-icon-1.png\" class=\"attachment-medium size-medium\" alt=\"\" srcset=\"https:\/\/luxpowertek.com\/wp-content\/uploads\/2021\/12\/wordpress-pdf-icon-1.png 171w, https:\/\/luxpowertek.com\/wp-content\/uploads\/2021\/12\/wordpress-pdf-icon-1-100x100.png 100w, https:\/\/luxpowertek.com\/wp-content\/uploads\/2021\/12\/wordpress-pdf-icon-1-80x80.png 80w\" sizes=\"auto, (max-width: 171px) 100vw, 171px\" \/>\t\t\t\t\t<\/div>\n\t\t\t\t<\/div>\n\t\t\t<\/div>\n\t\t\t\t<div class=\"icon-box-text last-reset\">\n\t\t\t\t\t\t\t\t\t\n\t<div id=\"text-3821280164\" class=\"text\">\n\t\t\n<p><a href=\"https:\/\/luxpowertek.com\/wp-content\/uploads\/2023\/07\/SNA-3-6k-Single-phase-specification.pdf\">Especifica\u00e7\u00e3o<\/a><\/p>\n\t\t\n<style>\n#text-3821280164 {\n  line-height: 3;\n}\n<\/style>\n\t<\/div>\n\t\n\t\t<\/div>\n\t<\/div>\n\t\n\t\n\t\t<\/div>\n\t\t\t\t\n<style>\n#col-661659945 > .col-inner {\n  margin: 0px 25px 0px 28px;\n}\n<\/style>\n\t<\/div>\n\n\t\n\n\t<div id=\"col-724846581\" class=\"col medium-5 small-12 large-5\"  >\n\t\t\t\t<div class=\"col-inner\"  >\n\t\t\t\n\t\t\t\n\n\t\t<div class=\"icon-box featured-box icon-box-left text-left\"  style=\"margin:0px 0px 0px 75px;\">\n\t\t\t\t\t<div class=\"icon-box-img\" style=\"width: 39px\">\n\t\t\t\t<div class=\"icon\">\n\t\t\t\t\t<div class=\"icon-inner\" >\n\t\t\t\t\t\t<img loading=\"lazy\" decoding=\"async\" width=\"171\" height=\"171\" src=\"https:\/\/luxpowertek.com\/wp-content\/uploads\/2021\/12\/wordpress-pdf-icon-1.png\" class=\"attachment-medium size-medium\" alt=\"\" srcset=\"https:\/\/luxpowertek.com\/wp-content\/uploads\/2021\/12\/wordpress-pdf-icon-1.png 171w, https:\/\/luxpowertek.com\/wp-content\/uploads\/2021\/12\/wordpress-pdf-icon-1-100x100.png 100w, https:\/\/luxpowertek.com\/wp-content\/uploads\/2021\/12\/wordpress-pdf-icon-1-80x80.png 80w\" sizes=\"auto, (max-width: 171px) 100vw, 171px\" \/>\t\t\t\t\t<\/div>\n\t\t\t\t<\/div>\n\t\t\t<\/div>\n\t\t\t\t<div class=\"icon-box-text last-reset\">\n\t\t\t\t\t\t\t\t\t\n\t<div id=\"text-3851159063\" class=\"text\">\n\t\t\n<p><a href=\"https:\/\/luxpowertek.com\/wp-content\/uploads\/2023\/07\/Eco-Hybrid-SNA-3-6k-User-Manual.pdf\">\u00a0Manual do usu\u00e1rio<\/a><\/p>\n\t\t\n<style>\n#text-3851159063 {\n  line-height: 3;\n}\n<\/style>\n\t<\/div>\n\t\n\t\t<\/div>\n\t<\/div>\n\t\n\t\n\t\t<\/div>\n\t\t\t\t\n<style>\n#col-724846581 > .col-inner {\n  margin: 0px 0px 0px -45px;\n}\n<\/style>\n\t<\/div>\n\n\t\n<\/div>\n\t\t<\/div>\n\t\t\t\t\n<style>\n#col-1656103874 > .col-inner {\n  padding: 0px 0px 0px 0px;\n  margin: 29px 7px -6px -1px;\n}\n<\/style>\n\t<\/div>\n\n\t\n\n\t<div id=\"col-497035063\" class=\"col medium-1 small-12 large-1\"  >\n\t\t\t\t<div class=\"col-inner\"  >\n\t\t\t\n\t\t\t\n\t\t<\/div>\n\t\t\t\t\n<style>\n#col-497035063 > .col-inner {\n  margin: 0px 0px 0px 2px0;\n}\n<\/style>\n\t<\/div>\n\n\t\n<\/div>\n<div class=\"is-divider divider clearfix\" style=\"max-width:1280px;background-color:rgb(27, 129, 71);\"><\/div>\n\t<div id=\"gap-1007787277\" class=\"gap-element clearfix\" style=\"display:block; height:auto;\">\n\t\t\n<style>\n#gap-1007787277 {\n  padding-top: 50px;\n}\n<\/style>\n\t<\/div>\n\t\n<div class=\"row\"  id=\"row-548496949\">\n\n\t<div id=\"col-42029474\" class=\"col medium-1 small-12 large-1\"  >\n\t\t\t\t<div class=\"col-inner\"  >\n\t\t\t\n\t\t\t\n\t\t<\/div>\n\t\t\t\t\n<style>\n#col-42029474 > .col-inner {\n  margin: 0px 0px 0px 37px;\n}\n<\/style>\n\t<\/div>\n\n\t\n\n\t<div id=\"col-1296715508\" class=\"col medium-4 small-12 large-4\"  >\n\t\t\t\t<div class=\"col-inner\"  >\n\t\t\t\n\t\t\t\n\t<div class=\"img has-hover x md-x lg-x y md-y lg-y\" id=\"image_1800254660\">\n\t\t\t\t\t\t\t\t<div class=\"img-inner dark\" style=\"margin:0px 16px 29px 0px;\">\n\t\t\t<img loading=\"lazy\" decoding=\"async\" width=\"892\" height=\"1030\" src=\"https:\/\/luxpowertek.com\/wp-content\/uploads\/2023\/05\/EU-8-10k-892x1030.webp\" class=\"attachment-large size-large\" alt=\"\" srcset=\"https:\/\/luxpowertek.com\/wp-content\/uploads\/2023\/05\/EU-8-10k-892x1030.webp 892w, https:\/\/luxpowertek.com\/wp-content\/uploads\/2023\/05\/EU-8-10k-260x300.webp 260w, https:\/\/luxpowertek.com\/wp-content\/uploads\/2023\/05\/EU-8-10k-768x887.webp 768w, https:\/\/luxpowertek.com\/wp-content\/uploads\/2023\/05\/EU-8-10k-1330x1536.webp 1330w, https:\/\/luxpowertek.com\/wp-content\/uploads\/2023\/05\/EU-8-10k-800x924.webp 800w, https:\/\/luxpowertek.com\/wp-content\/uploads\/2023\/05\/EU-8-10k.webp 1546w\" sizes=\"auto, (max-width: 892px) 100vw, 892px\" \/>\t\t\t\t\t\t\n\t\t\t\t\t<\/div>\n\t\t\t\t\t\t\t\t\n<style>\n#image_1800254660 {\n  width: 88%;\n}\n<\/style>\n\t<\/div>\n\t\n\t\t<\/div>\n\t\t\t\t\n<style>\n#col-1296715508 > .col-inner {\n  padding: 0px 0px 0px 44px;\n  margin: 0px 0px 0px 20px;\n}\n<\/style>\n\t<\/div>\n\n\t\n\n\t<div id=\"col-629930260\" class=\"col medium-6 small-12 large-6\"  >\n\t\t\t\t<div class=\"col-inner\"  >\n\t\t\t\n\t\t\t\n<h3><span style=\"color: #00a859\">LXP-LB-EU 8-10k<\/span><\/h3>\n<ul>\n<li>A corrente de carga\/descarga de 210 A permite o carregamento r\u00e1pido da bateria e tamb\u00e9m atende \u00e0s altas demandas de energia para cargas dom\u00e9sticas<\/li>\n<li>V\u00e1rios modos de trabalho, adequados para diferentes condi\u00e7\u00f5es de fornecimento de energia<\/li>\n<li>Interface de gerador separada dispon\u00edvel e fun\u00e7\u00e3o de acoplamento CA.<\/li>\n<li>Rel\u00e9 de passagem de 90A para UPS, f\u00e1cil instala\u00e7\u00e3o<\/li>\n<li>Paralelo avan\u00e7ado, at\u00e9 6 unidades<\/li>\n<li>Controle de carga inteligente<\/li>\n<li>F\u00e1cil de usar com pilhas<\/li>\n<li>LCD colorido sens\u00edvel ao toque, IP65<\/li>\n<\/ul>\n<div class=\"row\"  id=\"row-146679349\">\n\n\t<div id=\"col-871522316\" class=\"col medium-4 small-12 large-4\"  >\n\t\t\t\t<div class=\"col-inner\"  >\n\t\t\t\n\t\t\t\n\n\t\t<div class=\"icon-box featured-box icon-box-left text-left\"  >\n\t\t\t\t\t<div class=\"icon-box-img\" style=\"width: 39px\">\n\t\t\t\t<div class=\"icon\">\n\t\t\t\t\t<div class=\"icon-inner\" >\n\t\t\t\t\t\t<img loading=\"lazy\" decoding=\"async\" width=\"171\" height=\"171\" src=\"https:\/\/luxpowertek.com\/wp-content\/uploads\/2021\/12\/wordpress-pdf-icon-1.png\" class=\"attachment-medium size-medium\" alt=\"\" srcset=\"https:\/\/luxpowertek.com\/wp-content\/uploads\/2021\/12\/wordpress-pdf-icon-1.png 171w, https:\/\/luxpowertek.com\/wp-content\/uploads\/2021\/12\/wordpress-pdf-icon-1-100x100.png 100w, https:\/\/luxpowertek.com\/wp-content\/uploads\/2021\/12\/wordpress-pdf-icon-1-80x80.png 80w\" sizes=\"auto, (max-width: 171px) 100vw, 171px\" \/>\t\t\t\t\t<\/div>\n\t\t\t\t<\/div>\n\t\t\t<\/div>\n\t\t\t\t<div class=\"icon-box-text last-reset\">\n\t\t\t\t\t\t\t\t\t\n\t<div id=\"text-743766023\" class=\"text\">\n\t\t\n<p><a href=\"https:\/\/luxpowertek.com\/wp-content\/uploads\/2023\/07\/LXP-LB-EU-8-10k-specification.pdf\">Especifica\u00e7\u00e3o<\/a><\/p>\n\t\t\n<style>\n#text-743766023 {\n  line-height: 3;\n}\n<\/style>\n\t<\/div>\n\t\n\t\t<\/div>\n\t<\/div>\n\t\n\t\n\t\t<\/div>\n\t\t\t\t\n<style>\n#col-871522316 > .col-inner {\n  margin: 0px 0px 0px 40px;\n}\n<\/style>\n\t<\/div>\n\n\t\n\n\t<div id=\"col-803679347\" class=\"col medium-4 small-12 large-4\"  >\n\t\t\t\t<div class=\"col-inner\"  >\n\t\t\t\n\t\t\t\n\n\t\t<div class=\"icon-box featured-box icon-box-left text-left\"  style=\"margin:0px 0px 0px 75px;\">\n\t\t\t\t\t<div class=\"icon-box-img\" style=\"width: 39px\">\n\t\t\t\t<div class=\"icon\">\n\t\t\t\t\t<div class=\"icon-inner\" >\n\t\t\t\t\t\t<img loading=\"lazy\" decoding=\"async\" width=\"171\" height=\"171\" src=\"https:\/\/luxpowertek.com\/wp-content\/uploads\/2021\/12\/wordpress-pdf-icon-1.png\" class=\"attachment-medium size-medium\" alt=\"\" srcset=\"https:\/\/luxpowertek.com\/wp-content\/uploads\/2021\/12\/wordpress-pdf-icon-1.png 171w, https:\/\/luxpowertek.com\/wp-content\/uploads\/2021\/12\/wordpress-pdf-icon-1-100x100.png 100w, https:\/\/luxpowertek.com\/wp-content\/uploads\/2021\/12\/wordpress-pdf-icon-1-80x80.png 80w\" sizes=\"auto, (max-width: 171px) 100vw, 171px\" \/>\t\t\t\t\t<\/div>\n\t\t\t\t<\/div>\n\t\t\t<\/div>\n\t\t\t\t<div class=\"icon-box-text last-reset\">\n\t\t\t\t\t\t\t\t\t\n\t<div id=\"text-4166403055\" class=\"text\">\n\t\t\n<p><a href=\"https:\/\/luxpowertek.com\/wp-content\/uploads\/2023\/07\/LXP-LB-EU-8-10k-specification.pdf\">Manual do usu\u00e1rio<\/a><\/p>\n\t\t\n<style>\n#text-4166403055 {\n  line-height: 3;\n}\n<\/style>\n\t<\/div>\n\t\n\t\t<\/div>\n\t<\/div>\n\t\n\t\n\t\t<\/div>\n\t\t\t\t\n<style>\n#col-803679347 > .col-inner {\n  margin: 0px 0px 0px -35px;\n}\n<\/style>\n\t<\/div>\n\n\t\n<\/div>\n\t\t<\/div>\n\t\t\t\t\t<\/div>\n\n\t\n\n\t<div id=\"col-112162728\" class=\"col medium-1 small-12 large-1\"  >\n\t\t\t\t<div class=\"col-inner\"  >\n\t\t\t\n\t\t\t\n\t\t<\/div>\n\t\t\t\t\n<style>\n#col-112162728 > .col-inner {\n  margin: 0px 0px 0px 2px0;\n}\n<\/style>\n\t<\/div>\n\n\t\n<\/div>\n<div class=\"is-divider divider clearfix\" style=\"max-width:1280px;background-color:rgb(27, 129, 71);\"><\/div>\n\t<div id=\"gap-1550088773\" class=\"gap-element clearfix\" style=\"display:block; height:auto;\">\n\t\t\n<style>\n#gap-1550088773 {\n  padding-top: 30px;\n}\n<\/style>\n\t<\/div>\n\t\n<div class=\"row\"  id=\"row-1460127717\">\n\n\t<div id=\"col-56125101\" class=\"col medium-1 small-12 large-1\"  >\n\t\t\t\t<div class=\"col-inner\"  >\n\t\t\t\n\t\t\t\n\t\t<\/div>\n\t\t\t\t\n<style>\n#col-56125101 > .col-inner {\n  margin: 0px 0px 0px 37px;\n}\n<\/style>\n\t<\/div>\n\n\t\n\n\t<div id=\"col-844147522\" class=\"col medium-4 small-12 large-4\"  >\n\t\t\t\t<div class=\"col-inner\"  >\n\t\t\t\n\t\t\t\n\t<div class=\"img has-hover x md-x lg-x y md-y lg-y\" id=\"image_223328488\">\n\t\t\t\t\t\t\t\t<div class=\"img-inner dark\" >\n\t\t\t<img loading=\"lazy\" decoding=\"async\" width=\"827\" height=\"1030\" src=\"https:\/\/luxpowertek.com\/wp-content\/uploads\/2023\/05\/LXP-12k-827x1030.webp\" class=\"attachment-large size-large\" alt=\"\" srcset=\"https:\/\/luxpowertek.com\/wp-content\/uploads\/2023\/05\/LXP-12k-827x1030.webp 827w, https:\/\/luxpowertek.com\/wp-content\/uploads\/2023\/05\/LXP-12k-241x300.webp 241w, https:\/\/luxpowertek.com\/wp-content\/uploads\/2023\/05\/LXP-12k-768x957.webp 768w, https:\/\/luxpowertek.com\/wp-content\/uploads\/2023\/05\/LXP-12k-1233x1536.webp 1233w, https:\/\/luxpowertek.com\/wp-content\/uploads\/2023\/05\/LXP-12k-800x996.webp 800w, https:\/\/luxpowertek.com\/wp-content\/uploads\/2023\/05\/LXP-12k.webp 1580w\" sizes=\"auto, (max-width: 827px) 100vw, 827px\" \/>\t\t\t\t\t\t\n\t\t\t\t\t<\/div>\n\t\t\t\t\t\t\t\t\n<style>\n#image_223328488 {\n  width: 84%;\n}\n<\/style>\n\t<\/div>\n\t\n\t\t<\/div>\n\t\t\t\t\n<style>\n#col-844147522 > .col-inner {\n  margin: 0px 0px 0px 39px;\n}\n<\/style>\n\t<\/div>\n\n\t\n\n\t<div id=\"col-1780927602\" class=\"col medium-6 small-12 large-6\"  >\n\t\t\t\t<div class=\"col-inner\"  >\n\t\t\t\n\t\t\t\n<h3><span style=\"color: #00a859\">LXP-LB-EU 12k<\/span><\/h3>\n<ul>\n<li>A corrente m\u00e1xima de carga\/descarga de 250 A permite que o sistema alcance uma efici\u00eancia impressionante: 99%<\/li>\n<li>A fun\u00e7\u00e3o de acoplamento CA amplia as capacidades de interface dos geradores a diesel existentes, permitindo que os usu\u00e1rios os conectem aos sistemas existentes na rede e alcancem a independ\u00eancia energ\u00e9tica mais uma vez<\/li>\n<li>A capacidade nominal de fornecimento de energia fora da rede \u00e9 de 12 kW<\/li>\n<li>Suporta at\u00e9 10 unidades em paralelo<\/li>\n<li>Controle de carga inteligente<\/li>\n<li>M\u00f3dulo UPS integrado, tempo de comuta\u00e7\u00e3o cont\u00ednua entre a rede e a rede el\u00e9trica inferior a 20 ms<\/li>\n<li>3 entradas MPPT, m\u00e1ximo at\u00e9 18 kW<\/li>\n<li>LCD colorido sens\u00edvel ao toque, IP65<\/li>\n<\/ul>\n<div class=\"row\"  id=\"row-1027291243\">\n\n\t<div id=\"col-737840415\" class=\"col medium-4 small-12 large-4\"  >\n\t\t\t\t<div class=\"col-inner\"  >\n\t\t\t\n\t\t\t\n\n\t\t<div class=\"icon-box featured-box icon-box-left text-left\"  >\n\t\t\t\t\t<div class=\"icon-box-img\" style=\"width: 39px\">\n\t\t\t\t<div class=\"icon\">\n\t\t\t\t\t<div class=\"icon-inner\" >\n\t\t\t\t\t\t<img loading=\"lazy\" decoding=\"async\" width=\"171\" height=\"171\" src=\"https:\/\/luxpowertek.com\/wp-content\/uploads\/2021\/12\/wordpress-pdf-icon-1.png\" class=\"attachment-medium size-medium\" alt=\"\" srcset=\"https:\/\/luxpowertek.com\/wp-content\/uploads\/2021\/12\/wordpress-pdf-icon-1.png 171w, https:\/\/luxpowertek.com\/wp-content\/uploads\/2021\/12\/wordpress-pdf-icon-1-100x100.png 100w, https:\/\/luxpowertek.com\/wp-content\/uploads\/2021\/12\/wordpress-pdf-icon-1-80x80.png 80w\" sizes=\"auto, (max-width: 171px) 100vw, 171px\" \/>\t\t\t\t\t<\/div>\n\t\t\t\t<\/div>\n\t\t\t<\/div>\n\t\t\t\t<div class=\"icon-box-text last-reset\">\n\t\t\t\t\t\t\t\t\t\n\t<div id=\"text-4102087937\" class=\"text\">\n\t\t\n<p><a href=\"https:\/\/luxpowertek.com\/wp-content\/uploads\/2023\/07\/LXP-LB-EU-12k-specification.pdf\">Especifica\u00e7\u00e3o<\/a><\/p>\n\t\t\n<style>\n#text-4102087937 {\n  line-height: 3;\n}\n<\/style>\n\t<\/div>\n\t\n\t\t<\/div>\n\t<\/div>\n\t\n\t\n\t\t<\/div>\n\t\t\t\t\n<style>\n#col-737840415 > .col-inner {\n  margin: 0px 0px 0px 40px;\n}\n<\/style>\n\t<\/div>\n\n\t\n\n\t<div id=\"col-508418657\" class=\"col medium-4 small-12 large-4\"  >\n\t\t\t\t<div class=\"col-inner\"  >\n\t\t\t\n\t\t\t\n\n\t\t<div class=\"icon-box featured-box icon-box-left text-left\"  style=\"margin:0px 0px 0px 75px;\">\n\t\t\t\t\t<div class=\"icon-box-img\" style=\"width: 39px\">\n\t\t\t\t<div class=\"icon\">\n\t\t\t\t\t<div class=\"icon-inner\" >\n\t\t\t\t\t\t<img loading=\"lazy\" decoding=\"async\" width=\"171\" height=\"171\" src=\"https:\/\/luxpowertek.com\/wp-content\/uploads\/2021\/12\/wordpress-pdf-icon-1.png\" class=\"attachment-medium size-medium\" alt=\"\" srcset=\"https:\/\/luxpowertek.com\/wp-content\/uploads\/2021\/12\/wordpress-pdf-icon-1.png 171w, https:\/\/luxpowertek.com\/wp-content\/uploads\/2021\/12\/wordpress-pdf-icon-1-100x100.png 100w, https:\/\/luxpowertek.com\/wp-content\/uploads\/2021\/12\/wordpress-pdf-icon-1-80x80.png 80w\" sizes=\"auto, (max-width: 171px) 100vw, 171px\" \/>\t\t\t\t\t<\/div>\n\t\t\t\t<\/div>\n\t\t\t<\/div>\n\t\t\t\t<div class=\"icon-box-text last-reset\">\n\t\t\t\t\t\t\t\t\t\n\t<div id=\"text-2892294308\" class=\"text\">\n\t\t\n<p><a href=\"https:\/\/luxpowertek.com\/wp-content\/uploads\/2023\/07\/LXP-LB-EU-12k-user-manual.pdf\">Manual do usu\u00e1rio<\/a><\/p>\n\t\t\n<style>\n#text-2892294308 {\n  line-height: 3;\n}\n<\/style>\n\t<\/div>\n\t\n\t\t<\/div>\n\t<\/div>\n\t\n\t\n\t\t<\/div>\n\t\t\t\t\n<style>\n#col-508418657 > .col-inner {\n  margin: 0px 0px 0px -35px;\n}\n<\/style>\n\t<\/div>\n\n\t\n<\/div>\n\t\t<\/div>\n\t\t\t\t\t<\/div>\n\n\t\n\n\t<div id=\"col-1092446806\" class=\"col medium-1 small-12 large-1\"  >\n\t\t\t\t<div class=\"col-inner\"  >\n\t\t\t\n\t\t\t\n\t\t<\/div>\n\t\t\t\t\n<style>\n#col-1092446806 > .col-inner {\n  margin: 0px 0px 0px 2px0;\n}\n<\/style>\n\t<\/div>\n\n\t\n<\/div>\n<div class=\"row\"  id=\"row-1088191451\">\n\n\t<div id=\"col-400258432\" class=\"col medium-2 small-12 large-2\"  >\n\t\t\t\t<div class=\"col-inner\"  >\n\t\t\t\n\t\t\t\n\t\t<\/div>\n\t\t\t\t\t<\/div>\n\n\t\n\n\t<div id=\"col-1416409251\" class=\"col medium-4 small-12 large-4\"  >\n\t\t\t\t<div class=\"col-inner\"  >\n\t\t\t\n\t\t\t\n<a class=\"button secondary expand\"  style=\"border-radius:19px;padding:0px 7px 0px 48px;\">\n    <span>Suporte DIY<\/span>\n  <\/a>\n\n\t\t<\/div>\n\t\t\t\t\n<style>\n#col-1416409251 > .col-inner {\n  margin: 50px 6px 21px 6px;\n}\n<\/style>\n\t<\/div>\n\n\t\n\n\t<div id=\"col-870243751\" class=\"col medium-4 small-12 large-4\"  >\n\t\t\t\t<div class=\"col-inner\"  >\n\t\t\t\n\t\t\t\n<a class=\"button secondary expand\"  style=\"border-radius:19px;padding:0px 0px 0px 48px;\">\n    <span>Suporte ao instalador<\/span>\n  <\/a>\n\n\t\t<\/div>\n\t\t\t\t\n<style>\n#col-870243751 > .col-inner {\n  margin: 50px 0px 0px 0px;\n}\n<\/style>\n\t<\/div>\n\n\t\n\n\t<div id=\"col-758040979\" class=\"col medium-2 small-12 large-2\"  >\n\t\t\t\t<div class=\"col-inner\"  >\n\t\t\t\n\t\t\t\n\t\t<\/div>\n\t\t\t\t\t<\/div>\n\n\t\n<\/div>\n<div class=\"row\"  id=\"row-1088310668\">\n<\/div>","protected":false},"excerpt":{"rendered":"","protected":false},"author":3,"featured_media":0,"parent":0,"menu_order":0,"comment_status":"closed","ping_status":"closed","template":"","meta":{"rop_custom_images_group":[],"rop_custom_messages_group":[],"rop_publish_now":"initial","rop_publish_now_accounts":[],"rop_publish_now_history":[],"rop_publish_now_status":"pending","footnotes":""},"class_list":["post-7201","page","type-page","status-publish","hentry"],"yoast_head":"<!-- This site is optimized with the Yoast SEO plugin v27.3 - https:\/\/yoast.com\/product\/yoast-seo-wordpress\/ -->\n<title>SA products -<\/title>\n<meta name=\"robots\" content=\"index, follow, max-snippet:-1, max-image-preview:large, max-video-preview:-1\" \/>\n<link rel=\"canonical\" href=\"https:\/\/luxpowertek.com\/pt\/produtos-sa\/\" \/>\n<meta property=\"og:locale\" content=\"pt_BR\" \/>\n<meta property=\"og:type\" content=\"article\" \/>\n<meta property=\"og:title\" content=\"SA products -\" \/>\n<meta property=\"og:url\" content=\"https:\/\/luxpowertek.com\/pt\/produtos-sa\/\" \/>\n<meta property=\"article:modified_time\" content=\"2023-07-15T10:19:13+00:00\" \/>\n<meta name=\"twitter:card\" content=\"summary_large_image\" \/>\n<meta name=\"twitter:label1\" content=\"Est. tempo de leitura\" \/>\n\t<meta name=\"twitter:data1\" content=\"3 minutos\" \/>\n<script type=\"application\/ld+json\" class=\"yoast-schema-graph\">{\"@context\":\"https:\\\/\\\/schema.org\",\"@graph\":[{\"@type\":\"WebPage\",\"@id\":\"https:\\\/\\\/luxpowertek.com\\\/saproducts\\\/\",\"url\":\"https:\\\/\\\/luxpowertek.com\\\/saproducts\\\/\",\"name\":\"SA products -\",\"isPartOf\":{\"@id\":\"https:\\\/\\\/luxpowertek.com\\\/#website\"},\"datePublished\":\"2023-07-14T09:08:17+00:00\",\"dateModified\":\"2023-07-15T10:19:13+00:00\",\"breadcrumb\":{\"@id\":\"https:\\\/\\\/luxpowertek.com\\\/saproducts\\\/#breadcrumb\"},\"inLanguage\":\"pt-BR\",\"potentialAction\":[{\"@type\":\"ReadAction\",\"target\":[\"https:\\\/\\\/luxpowertek.com\\\/saproducts\\\/\"]}]},{\"@type\":\"BreadcrumbList\",\"@id\":\"https:\\\/\\\/luxpowertek.com\\\/saproducts\\\/#breadcrumb\",\"itemListElement\":[{\"@type\":\"ListItem\",\"position\":1,\"name\":\"Home\",\"item\":\"https:\\\/\\\/luxpowertek.com\\\/\"},{\"@type\":\"ListItem\",\"position\":2,\"name\":\"SA products\"}]},{\"@type\":\"WebSite\",\"@id\":\"https:\\\/\\\/luxpowertek.com\\\/#website\",\"url\":\"https:\\\/\\\/luxpowertek.com\\\/\",\"name\":\"\",\"description\":\"\",\"potentialAction\":[{\"@type\":\"SearchAction\",\"target\":{\"@type\":\"EntryPoint\",\"urlTemplate\":\"https:\\\/\\\/luxpowertek.com\\\/?s={search_term_string}\"},\"query-input\":{\"@type\":\"PropertyValueSpecification\",\"valueRequired\":true,\"valueName\":\"search_term_string\"}}],\"inLanguage\":\"pt-BR\"}]}<\/script>\n<!-- \/ Yoast SEO plugin. -->","yoast_head_json":{"title":"Produtos SA -","robots":{"index":"index","follow":"follow","max-snippet":"max-snippet:-1","max-image-preview":"max-image-preview:large","max-video-preview":"max-video-preview:-1"},"canonical":"https:\/\/luxpowertek.com\/pt\/produtos-sa\/","og_locale":"pt_BR","og_type":"article","og_title":"SA products -","og_url":"https:\/\/luxpowertek.com\/pt\/produtos-sa\/","article_modified_time":"2023-07-15T10:19:13+00:00","twitter_card":"summary_large_image","twitter_misc":{"Est. tempo de leitura":"3 minutos"},"schema":{"@context":"https:\/\/schema.org","@graph":[{"@type":"WebPage","@id":"https:\/\/luxpowertek.com\/saproducts\/","url":"https:\/\/luxpowertek.com\/saproducts\/","name":"Produtos SA -","isPartOf":{"@id":"https:\/\/luxpowertek.com\/#website"},"datePublished":"2023-07-14T09:08:17+00:00","dateModified":"2023-07-15T10:19:13+00:00","breadcrumb":{"@id":"https:\/\/luxpowertek.com\/saproducts\/#breadcrumb"},"inLanguage":"pt-BR","potentialAction":[{"@type":"ReadAction","target":["https:\/\/luxpowertek.com\/saproducts\/"]}]},{"@type":"BreadcrumbList","@id":"https:\/\/luxpowertek.com\/saproducts\/#breadcrumb","itemListElement":[{"@type":"ListItem","position":1,"name":"Home","item":"https:\/\/luxpowertek.com\/"},{"@type":"ListItem","position":2,"name":"SA products"}]},{"@type":"WebSite","@id":"https:\/\/luxpowertek.com\/#website","url":"https:\/\/luxpowertek.com\/","name":"","description":"","potentialAction":[{"@type":"SearchAction","target":{"@type":"EntryPoint","urlTemplate":"https:\/\/luxpowertek.com\/?s={search_term_string}"},"query-input":{"@type":"PropertyValueSpecification","valueRequired":true,"valueName":"search_term_string"}}],"inLanguage":"pt-BR"}]}},"_links":{"self":[{"href":"https:\/\/luxpowertek.com\/pt\/wp-json\/wp\/v2\/pages\/7201","targetHints":{"allow":["GET"]}}],"collection":[{"href":"https:\/\/luxpowertek.com\/pt\/wp-json\/wp\/v2\/pages"}],"about":[{"href":"https:\/\/luxpowertek.com\/pt\/wp-json\/wp\/v2\/types\/page"}],"author":[{"embeddable":true,"href":"https:\/\/luxpowertek.com\/pt\/wp-json\/wp\/v2\/users\/3"}],"replies":[{"embeddable":true,"href":"https:\/\/luxpowertek.com\/pt\/wp-json\/wp\/v2\/comments?post=7201"}],"version-history":[{"count":0,"href":"https:\/\/luxpowertek.com\/pt\/wp-json\/wp\/v2\/pages\/7201\/revisions"}],"wp:attachment":[{"href":"https:\/\/luxpowertek.com\/pt\/wp-json\/wp\/v2\/media?parent=7201"}],"curies":[{"name":"wp","href":"https:\/\/api.w.org\/{rel}","templated":true}]}}