{"id":15397,"date":"2025-08-22T10:13:17","date_gmt":"2025-08-22T02:13:17","guid":{"rendered":"https:\/\/luxpowertek.com\/?page_id=15397"},"modified":"2025-08-22T14:37:04","modified_gmt":"2025-08-22T06:37:04","slug":"politica-de-resposta-a-vulnerabilidade","status":"publish","type":"page","link":"https:\/\/luxpowertek.com\/pt\/politica-de-resposta-a-vulnerabilidade\/","title":{"rendered":"Pol\u00edtica de Resposta a Vulnerabilidades"},"content":{"rendered":"<div class=\"banner has-hover\" id=\"banner-1035579184\">\n          <div class=\"banner-inner fill\">\n        <div class=\"banner-bg fill\" >\n            <div class=\"bg fill bg-fill\"><\/div>\n                        <div class=\"overlay\"><\/div>            \n                    <\/div>\n\t\t\n        <div class=\"banner-layers container\">\n            <div class=\"fill banner-link\"><\/div>            \n   <div id=\"text-box-523292311\" class=\"text-box banner-layer x50 md-x50 lg-x50 y50 md-y50 lg-y50 res-text\">\n                                <div class=\"text-box-content text dark\">\n              \n              <div class=\"text-inner text-center\">\n                  \n\t<div id=\"text-917516007\" class=\"text\">\n\t\t\n<h1><b> Pol\u00edtica de Resposta a Vulnerabilidades<\/b><\/h1>\n\t\t\n<style>\n#text-917516007 {\n  line-height: 1.95;\n  text-align: center;\n  color: rgb(255,255,255);\n}\n#text-917516007 > * {\n  color: rgb(255,255,255);\n}\n<\/style>\n\t<\/div>\n\t\n              <\/div>\n           <\/div>\n                            \n<style>\n#text-box-523292311 {\n  width: 61%;\n}\n#text-box-523292311 .text-box-content {\n  font-size: 100%;\n}\n<\/style>\n    <\/div>\n \n        <\/div>\n      <\/div>\n\n            \n<style>\n#banner-1035579184 {\n  padding-top: 500px;\n}\n#banner-1035579184 .bg.bg-loaded {\n  background-image: url(https:\/\/luxpowertek.com\/wp-content\/uploads\/2025\/08\/luosidao-1030x687.webp);\n}\n#banner-1035579184 .overlay {\n  background-color: rgba(0,0,0,.5);\n}\n#banner-1035579184 .bg {\n  background-position: 35% 47%;\n}\n<\/style>\n  <\/div>\n\n\n\t<div id=\"gap-1950163967\" class=\"gap-element clearfix\" style=\"display:block; height:auto;\">\n\t\t\n<style>\n#gap-1950163967 {\n  padding-top: 30px;\n}\n<\/style>\n\t<\/div>\n\t\n<div class=\"row\"  id=\"row-739864462\">\n\n\t<div id=\"col-696696595\" class=\"col medium-5 small-12 large-5\"  >\n\t\t\t\t<div class=\"col-inner\"  >\n\t\t\t\n\t\t\t\n\t<div class=\"img has-hover x md-x lg-x y md-y lg-y\" id=\"image_1404586221\">\n\t\t\t\t\t\t\t\t<div class=\"img-inner dark\" >\n\t\t\t<img loading=\"lazy\" decoding=\"async\" width=\"2560\" height=\"1706\" src=\"https:\/\/luxpowertek.com\/wp-content\/uploads\/2025\/08\/fangdajing-2-scaled.webp\" class=\"attachment-original size-original\" alt=\"\" srcset=\"https:\/\/luxpowertek.com\/wp-content\/uploads\/2025\/08\/fangdajing-2-scaled.webp 2560w, https:\/\/luxpowertek.com\/wp-content\/uploads\/2025\/08\/fangdajing-2-300x200.webp 300w, https:\/\/luxpowertek.com\/wp-content\/uploads\/2025\/08\/fangdajing-2-1030x686.webp 1030w, https:\/\/luxpowertek.com\/wp-content\/uploads\/2025\/08\/fangdajing-2-768x512.webp 768w, https:\/\/luxpowertek.com\/wp-content\/uploads\/2025\/08\/fangdajing-2-1536x1024.webp 1536w, https:\/\/luxpowertek.com\/wp-content\/uploads\/2025\/08\/fangdajing-2-2048x1365.webp 2048w, https:\/\/luxpowertek.com\/wp-content\/uploads\/2025\/08\/fangdajing-2-18x12.webp 18w, https:\/\/luxpowertek.com\/wp-content\/uploads\/2025\/08\/fangdajing-2-510x340.webp 510w\" sizes=\"auto, (max-width: 2560px) 100vw, 2560px\" \/>\t\t\t\t\t\t\n\t\t\t\t\t<\/div>\n\t\t\t\t\t\t\t\t\n<style>\n#image_1404586221 {\n  width: 100%;\n}\n<\/style>\n\t<\/div>\n\t\n\t\t<\/div>\n\t\t\t\t\t<\/div>\n\n\t\n\n\t<div id=\"col-1709934618\" class=\"col medium-7 small-12 large-7\"  >\n\t\t\t\t<div class=\"col-inner\"  >\n\t\t\t\n\t\t\t\n<h2><span style=\"font-size: 140%;\"><b>1. Objetivo da pol\u00edtica<\/b><\/span><\/h2>\n\t<div id=\"gap-164538615\" class=\"gap-element clearfix\" style=\"display:block; height:auto;\">\n\t\t\n<style>\n#gap-164538615 {\n  padding-top: 110px;\n}\n<\/style>\n\t<\/div>\n\t\n<p><span style=\"font-size: 95%;\" data-font-family=\"default\">A LuxpowerTek est\u00e1 comprometida em fornecer produtos e servi\u00e7os seguros e confi\u00e1veis aos nossos clientes em todo o mundo. Incentivamos pesquisadores de seguran\u00e7a, parceiros e clientes a relatar potenciais vulnerabilidades por meio de <strong>pr\u00e1ticas de divulga\u00e7\u00e3o respons\u00e1veis<\/strong>, permitindo-nos abordar e mitigar riscos prontamente.<\/span><\/p>\n\t\t<\/div>\n\t\t\t\t\t<\/div>\n\n\t\n<\/div>\n<div class=\"row\"  id=\"row-1484058069\">\n\n\t<div id=\"col-1329778556\" class=\"col medium-6 small-12 large-6\"  >\n\t\t\t\t<div class=\"col-inner\"  >\n\t\t\t\n\t\t\t\n<h2><span style=\"font-size: 140%;\"><b>2. Processo de Relat\u00f3rio<\/b><\/span><\/h2>\n\t<div id=\"gap-845416189\" class=\"gap-element clearfix\" style=\"display:block; height:auto;\">\n\t\t\n<style>\n#gap-845416189 {\n  padding-top: 10px;\n}\n<\/style>\n\t<\/div>\n\t\n<p><span style=\"font-size: 95%;\" data-font-family=\"default\">Para enviar um relat\u00f3rio de vulnerabilidade, use os seguintes canais:<\/span><\/p>\n<div class=\"row\"  id=\"row-1767858594\">\n\n\t<div id=\"col-752027674\" class=\"col medium-2 small-12 large-2\"  >\n\t\t\t\t<div class=\"col-inner\"  >\n\t\t\t\n\t\t\t\n\t<div class=\"img has-hover x md-x lg-x y md-y lg-y\" id=\"image_1874087895\">\n\t\t\t\t\t\t\t\t<div class=\"img-inner dark\" style=\"margin:-4px 0px 0px 0px;\">\n\t\t\t<img loading=\"lazy\" decoding=\"async\" width=\"200\" height=\"200\" src=\"https:\/\/luxpowertek.com\/wp-content\/uploads\/2025\/08\/email.webp\" class=\"attachment-large size-large\" alt=\"\" srcset=\"https:\/\/luxpowertek.com\/wp-content\/uploads\/2025\/08\/email.webp 200w, https:\/\/luxpowertek.com\/wp-content\/uploads\/2025\/08\/email-80x80.webp 80w, https:\/\/luxpowertek.com\/wp-content\/uploads\/2025\/08\/email-12x12.webp 12w, https:\/\/luxpowertek.com\/wp-content\/uploads\/2025\/08\/email-100x100.webp 100w\" sizes=\"auto, (max-width: 200px) 100vw, 200px\" \/>\t\t\t\t\t\t\n\t\t\t\t\t<\/div>\n\t\t\t\t\t\t\t\t\n<style>\n#image_1874087895 {\n  width: 100%;\n}\n<\/style>\n\t<\/div>\n\t\n\t\t<\/div>\n\t\t\t\t\t<\/div>\n\n\t\n\n\t<div id=\"col-1029812250\" class=\"col medium-10 small-12 large-10\"  >\n\t\t\t\t<div class=\"col-inner\"  >\n\t\t\t\n\t\t\t\n\t<div id=\"text-2492123491\" class=\"text\">\n\t\t\n<p style=\"text-align: left;\"><b><span data-font-family=\"default\">E-mail<\/span><\/b><\/p>\n<p style=\"text-align: left;\"><span data-font-family=\"default\">security@luxpowertek.com <\/span>(Criptografia PGP recomendada)<\/p>\n\t\t\n<style>\n#text-2492123491 {\n  line-height: 1.25;\n  text-align: left;\n}\n<\/style>\n\t<\/div>\n\t\n\t\t<\/div>\n\t\t\t\t\t<\/div>\n\n\t\n<\/div>\n<div class=\"row\"  id=\"row-1722957793\">\n\n\t<div id=\"col-1375030988\" class=\"col medium-2 small-12 large-2\"  >\n\t\t\t\t<div class=\"col-inner\"  >\n\t\t\t\n\t\t\t\n\t<div class=\"img has-hover x md-x lg-x y md-y lg-y\" id=\"image_691073669\">\n\t\t\t\t\t\t\t\t<div class=\"img-inner dark\" style=\"margin:-4px 0px 0px 0px;\">\n\t\t\t<img loading=\"lazy\" decoding=\"async\" width=\"512\" height=\"512\" src=\"https:\/\/luxpowertek.com\/wp-content\/uploads\/2025\/08\/Lot.webp\" class=\"attachment-large size-large\" alt=\"\" srcset=\"https:\/\/luxpowertek.com\/wp-content\/uploads\/2025\/08\/Lot.webp 512w, https:\/\/luxpowertek.com\/wp-content\/uploads\/2025\/08\/Lot-300x300.webp 300w, https:\/\/luxpowertek.com\/wp-content\/uploads\/2025\/08\/Lot-80x80.webp 80w, https:\/\/luxpowertek.com\/wp-content\/uploads\/2025\/08\/Lot-12x12.webp 12w, https:\/\/luxpowertek.com\/wp-content\/uploads\/2025\/08\/Lot-510x510.webp 510w, https:\/\/luxpowertek.com\/wp-content\/uploads\/2025\/08\/Lot-100x100.webp 100w\" sizes=\"auto, (max-width: 512px) 100vw, 512px\" \/>\t\t\t\t\t\t\n\t\t\t\t\t<\/div>\n\t\t\t\t\t\t\t\t\n<style>\n#image_691073669 {\n  width: 100%;\n}\n<\/style>\n\t<\/div>\n\t\n\t\t<\/div>\n\t\t\t\t\t<\/div>\n\n\t\n\n\t<div id=\"col-815164378\" class=\"col medium-10 small-12 large-10\"  >\n\t\t\t\t<div class=\"col-inner\"  >\n\t\t\t\n\t\t\t\n\t<div id=\"text-3998729761\" class=\"text\">\n\t\t\n<p><b><span data-font-family=\"default\">Formul\u00e1rio Online\/Portal de Seguran\u00e7a<\/span><\/b><\/p>\n<p><span data-font-family=\"default\">Os detalhes de qualquer portal de seguran\u00e7a dedicado ser\u00e3o anunciados separadamente<\/span><\/p>\n\t\t\n<style>\n#text-3998729761 {\n  line-height: 1.25;\n  text-align: left;\n}\n<\/style>\n\t<\/div>\n\t\n\t\t<\/div>\n\t\t\t\t\t<\/div>\n\n\t\n<\/div>\n<p><span data-font-family=\"default\">Inclua as seguintes informa\u00e7\u00f5es no seu relat\u00f3rio:<\/span><\/p>\n<ul>\n<li><span data-font-family=\"default\">Modelo do produto afetado e vers\u00e3o de firmware\/software<\/span><\/li>\n<li><span data-font-family=\"default\">Descri\u00e7\u00e3o detalhada da vulnerabilidade e etapas para reprodu\u00e7\u00e3o (ou Prova de Conceito)<\/span><\/li>\n<li><span data-font-family=\"default\">An\u00e1lise de impacto potencial<\/span><\/li>\n<li><span data-font-family=\"default\">Informa\u00e7\u00f5es de contato para comunica\u00e7\u00e3o de acompanhamento<\/span><\/li>\n<\/ul>\n\t\t<\/div>\n\t\t\t\t\t<\/div>\n\n\t\n\n\t<div id=\"col-670462608\" class=\"col medium-6 small-12 large-6\"  >\n\t\t\t\t<div class=\"col-inner\"  >\n\t\t\t\n\t\t\t\n\t<div class=\"img has-hover x md-x lg-x y md-y lg-y\" id=\"image_1742286222\">\n\t\t\t\t\t\t\t\t<div class=\"img-inner dark\" >\n\t\t\t<img loading=\"lazy\" decoding=\"async\" width=\"1920\" height=\"1280\" src=\"https:\/\/luxpowertek.com\/wp-content\/uploads\/2025\/08\/tijiao.webp\" class=\"attachment-original size-original\" alt=\"\" srcset=\"https:\/\/luxpowertek.com\/wp-content\/uploads\/2025\/08\/tijiao.webp 1920w, https:\/\/luxpowertek.com\/wp-content\/uploads\/2025\/08\/tijiao-300x200.webp 300w, https:\/\/luxpowertek.com\/wp-content\/uploads\/2025\/08\/tijiao-1030x687.webp 1030w, https:\/\/luxpowertek.com\/wp-content\/uploads\/2025\/08\/tijiao-768x512.webp 768w, https:\/\/luxpowertek.com\/wp-content\/uploads\/2025\/08\/tijiao-1536x1024.webp 1536w, https:\/\/luxpowertek.com\/wp-content\/uploads\/2025\/08\/tijiao-18x12.webp 18w, https:\/\/luxpowertek.com\/wp-content\/uploads\/2025\/08\/tijiao-510x340.webp 510w\" sizes=\"auto, (max-width: 1920px) 100vw, 1920px\" \/>\t\t\t\t\t\t\n\t\t\t\t\t<\/div>\n\t\t\t\t\t\t\t\t\n<style>\n#image_1742286222 {\n  width: 100%;\n}\n<\/style>\n\t<\/div>\n\t\n<p><strong>PONTAS:<\/strong><\/p>\n<p><span data-font-family=\"default\">Para garantir uma divulga\u00e7\u00e3o respons\u00e1vel, evite divulgar publicamente a vulnerabilidade at\u00e9 que uma corre\u00e7\u00e3o oficial seja lan\u00e7ada.<\/span><\/p>\n\t\t<\/div>\n\t\t\t\t\t<\/div>\n\n\t\n<\/div>\n<h2><span style=\"font-size: 140%;\"><b>3. Escopo de testes de seguran\u00e7a e limites de conformidade<\/b><\/span><\/h2>\n\t<div id=\"gap-1627954393\" class=\"gap-element clearfix\" style=\"display:block; height:auto;\">\n\t\t\n<style>\n#gap-1627954393 {\n  padding-top: 30px;\n}\n<\/style>\n\t<\/div>\n\t\n<h2><strong><span style=\"color: #63ad82;\">Atividades de Teste Permitidas<\/span>\u2705<\/strong><\/h2>\n<ul>\n<li><span data-font-family=\"default\">Teste de dispositivo local<\/span><\/li>\n<li><span data-font-family=\"default\">An\u00e1lise de comunica\u00e7\u00e3o de rede<\/span><\/li>\n<li><span data-font-family=\"default\">Valida\u00e7\u00e3o de configura\u00e7\u00e3o e permiss\u00e3o<\/span><\/li>\n<\/ul>\n\t<div id=\"gap-921340369\" class=\"gap-element clearfix\" style=\"display:block; height:auto;\">\n\t\t\n<style>\n#gap-921340369 {\n  padding-top: 30px;\n}\n<\/style>\n\t<\/div>\n\t\n<h2><span style=\"color: #d83131;\"><b>Atividades Proibidas\u274c<\/b><\/span><\/h2>\n<ul>\n<li><span data-font-family=\"default\">Acesso n\u00e3o autorizado ou roubo de dados do usu\u00e1rio<\/span><\/li>\n<li><span data-font-family=\"default\">Explora\u00e7\u00e3o de vulnerabilidades que causam interrup\u00e7\u00e3o ou danos ao servi\u00e7o<\/span><\/li>\n<li><span data-font-family=\"default\">Ataques de varredura em larga escala ou de nega\u00e7\u00e3o de servi\u00e7o direcionados a ambientes de produ\u00e7\u00e3o<\/span><\/li>\n<\/ul>\n\t<div id=\"gap-1804799724\" class=\"gap-element clearfix\" style=\"display:block; height:auto;\">\n\t\t\n<style>\n#gap-1804799724 {\n  padding-top: 50px;\n}\n<\/style>\n\t<\/div>\n\t\n<h2><span style=\"font-size: 140%;\"><b>4. Processo e cronograma de resposta \u00e0 vulnerabilidade<\/b><\/span><\/h2>\n<p><span data-font-family=\"default\">A LuxpowerTek adere \u00e0s melhores pr\u00e1ticas internacionais e estabeleceu um processo de resposta padronizado para lidar com vulnerabilidades:<\/span><\/p>\n<ol>\n<li><b><span data-font-family=\"default\">Reconhecimento<\/span><\/b><span data-font-family=\"default\">: Dentro de 5 dias \u00fateis ap\u00f3s o recebimento do relat\u00f3rio, confirmaremos o recebimento.<\/span><\/li>\n<li><b><span data-font-family=\"default\">Valida\u00e7\u00e3o e Avalia\u00e7\u00e3o<\/span><\/b><span data-font-family=\"default\">:Nossa equipe de seguran\u00e7a validar\u00e1 a vulnerabilidade e avaliar\u00e1 seu n\u00edvel de risco usando o padr\u00e3o CVSS v3.1.<\/span><\/li>\n<li><b><span data-font-family=\"default\">Plano de Remedia\u00e7\u00e3o<\/span><\/b><span data-font-family=\"default\">:Dependendo da gravidade, desenvolveremos um plano de corre\u00e7\u00e3o ou mitiga\u00e7\u00e3o.<\/span><\/li>\n<li><b><span data-font-family=\"default\">Comunica\u00e7\u00e3o<\/span><\/b><span data-font-family=\"default\">: Manteremos contato com o rep\u00f3rter durante todo o processo, solicitando informa\u00e7\u00f5es adicionais conforme necess\u00e1rio.<\/span><\/li>\n<li><b><span data-font-family=\"default\">Divulga\u00e7\u00e3o p\u00fablica<\/span><\/b> <b><span data-font-family=\"default\">osura<\/span><\/b><span data-font-family=\"default\">: Ap\u00f3s a resolu\u00e7\u00e3o, um aviso de vulnerabilidade ser\u00e1 publicado em nosso boletim de seguran\u00e7a, com reconhecimento ao pesquisador se o consentimento for fornecido.<\/span><\/li>\n<\/ol>\n<p><span data-font-family=\"default\">O cronograma t\u00edpico de resolu\u00e7\u00e3o e divulga\u00e7\u00e3o \u00e9 <strong>90\u2013120<\/strong> dias, com vulnerabilidades cr\u00edticas priorizadas para tratamento r\u00e1pido.<\/span><\/p>\n\t<div id=\"gap-622905557\" class=\"gap-element clearfix\" style=\"display:block; height:auto;\">\n\t\t\n<style>\n#gap-622905557 {\n  padding-top: 60px;\n}\n<\/style>\n\t<\/div>\n\t\n<h2><span style=\"font-size: 140%;\"><b>5. Classifica\u00e7\u00e3o de gravidade da vulnerabilidade<\/b><\/span><\/h2>\n<p><span data-font-family=\"default\">As vulnerabilidades s\u00e3o classificadas com base no padr\u00e3o CVSS v3.1 da seguinte forma:<\/span><\/p>\n<div class=\"row\"  id=\"row-1275464120\">\n\n\t<div id=\"col-213381895\" class=\"col medium-3 small-6 large-3\"  >\n\t\t\t\t<div class=\"col-inner\"  >\n\t\t\t\n\t\t\t\n<p><b><span data-font-family=\"default\">Baixo (0,1\u20133,9)<\/span><\/b><\/p>\n<p><span data-font-family=\"default\">Impacto m\u00ednimo, resolvido em itera\u00e7\u00f5es subsequentes.<\/span><\/p>\n\t\t<\/div>\n\t\t\t\t\t<\/div>\n\n\t\n\n\t<div id=\"col-2040428955\" class=\"col medium-3 small-6 large-3\"  >\n\t\t\t\t<div class=\"col-inner\"  >\n\t\t\t\n\t\t\t\n<p><b><span data-font-family=\"default\">M\u00e9dio (4,0\u20136,9)<\/span><\/b><\/p>\n<p><span data-font-family=\"default\"> Impacto limitado, abordado em atualiza\u00e7\u00f5es de software de rotina.<\/span><\/p>\n\t\t<\/div>\n\t\t\t\t\t<\/div>\n\n\t\n\n\t<div id=\"col-1399593530\" class=\"col medium-3 small-6 large-3\"  >\n\t\t\t\t<div class=\"col-inner\"  >\n\t\t\t\n\t\t\t\n<p><b><span data-font-family=\"default\">Alto (7,0\u20138,9)<\/span><\/b><\/p>\n<p><span data-font-family=\"default\"> Vulnerabilidades de alto impacto priorizadas para resolu\u00e7\u00e3o r\u00e1pida.<\/span><\/p>\n\t\t<\/div>\n\t\t\t\t\t<\/div>\n\n\t\n\n\t<div id=\"col-1128268435\" class=\"col medium-3 small-6 large-3\"  >\n\t\t\t\t<div class=\"col-inner\"  >\n\t\t\t\n\t\t\t\n<p><b><span data-font-family=\"default\">Cr\u00edtico (9,0\u201310,0)<\/span><\/b><\/p>\n<p><span data-font-family=\"default\"> Corre\u00e7\u00e3o imediata com lan\u00e7amento urgente de patch.<\/span><\/p>\n\t\t<\/div>\n\t\t\t\t\t<\/div>\n\n\t\n<\/div>\n<h2><span style=\"font-size: 140%;\">6. Aviso<\/span><\/h2>\n<h2><b><span data-font-family=\"default\">Princ\u00edpios de Divulga\u00e7\u00e3o Coordenada<\/span><\/b><\/h2>\n<p><span data-font-family=\"default\">A LuxpowerTek adere a uma <\/span><b><span data-font-family=\"default\">DCV<\/span><\/b><b><span data-font-family=\"default\">(Divulga\u00e7\u00e3o coordenada de vulnerabilidades)<\/span><\/b><span data-font-family=\"default\"> modelo para garantir que vulnerabilidades n\u00e3o sejam divulgadas publicamente antes do lan\u00e7amento de um patch. <\/span><\/p>\n<p><span data-font-family=\"default\">Os pesquisadores s\u00e3o solicitados a fornecer uma janela de remedia\u00e7\u00e3o razo\u00e1vel, normalmente<\/span><b><span data-font-family=\"default\"> 90 dias<\/span><\/b><span data-font-family=\"default\">, para facilitar a resolu\u00e7\u00e3o em tempo h\u00e1bil.<\/span><\/p>\n<h2><b><span data-font-family=\"default\">Isen\u00e7\u00e3o Legal<\/span><\/b><\/h2>\n<p><span data-font-family=\"default\">Desde que os testes de vulnerabilidade e a divulga\u00e7\u00e3o sejam conduzidos de acordo com esta pol\u00edtica, a LuxpowerTek n\u00e3o tomar\u00e1 medidas legais contra os pesquisadores e considerar\u00e1 tais atividades como <\/span><b><span data-font-family=\"default\">pesquisa de seguran\u00e7a de boa-f\u00e9.<\/span><\/b><\/p>\n<h2><b><span data-font-family=\"default\">Isen\u00e7\u00e3o de responsabilidade<\/span><\/b><\/h2>\n<p><i><span data-font-family=\"default\">Esta pol\u00edtica pode ser atualizada<\/span><\/i><span data-font-family=\"default\">d para refletir os desenvolvimentos do setor e os requisitos legais. A LuxpowerTek n\u00e3o assume nenhuma garantia ou responsabilidade por quaisquer perdas diretas ou indiretas resultantes da divulga\u00e7\u00e3o de vulnerabilidades ou atrasos na corre\u00e7\u00e3o.<\/span><\/p>","protected":false},"excerpt":{"rendered":"<p>3. Escopo e Limites de Conformidade dos Testes de Seguran\u00e7a Atividades de Teste Permitidas\u2705 Testes em dispositivos locais An\u00e1lise de comunica\u00e7\u00e3o de rede Valida\u00e7\u00e3o de configura\u00e7\u00e3o e permiss\u00f5es Atividades Proibidas\u274c Acesso n\u00e3o autorizado ou roubo de dados do usu\u00e1rio Explora\u00e7\u00e3o de vulnerabilidades que causem interrup\u00e7\u00e3o ou danos ao servi\u00e7o Ataques de varredura em larga escala ou de nega\u00e7\u00e3o de servi\u00e7o direcionados a ambientes de produ\u00e7\u00e3o 4. Processo e Cronograma de Resposta a Vulnerabilidades A LuxpowerTek segue os padr\u00f5es internacionais\u2026<\/p>","protected":false},"author":3,"featured_media":0,"parent":0,"menu_order":0,"comment_status":"closed","ping_status":"closed","template":"","meta":{"rop_custom_images_group":[],"rop_custom_messages_group":[],"rop_publish_now":"initial","rop_publish_now_accounts":[],"rop_publish_now_history":[],"rop_publish_now_status":"pending","footnotes":""},"class_list":["post-15397","page","type-page","status-publish","hentry"],"yoast_head":"<!-- This site is optimized with the Yoast SEO plugin v27.3 - https:\/\/yoast.com\/product\/yoast-seo-wordpress\/ -->\n<title>Vulnerability Response Policy -<\/title>\n<meta name=\"robots\" content=\"index, follow, max-snippet:-1, max-image-preview:large, max-video-preview:-1\" \/>\n<link rel=\"canonical\" href=\"https:\/\/luxpowertek.com\/pt\/politica-de-resposta-a-vulnerabilidade\/\" \/>\n<meta property=\"og:locale\" content=\"pt_BR\" \/>\n<meta property=\"og:type\" content=\"article\" \/>\n<meta property=\"og:title\" content=\"Vulnerability Response Policy -\" \/>\n<meta property=\"og:description\" content=\"3. Security Testing Scope and Compliance Boundaries Permitted Testing Activities\u2705 Local device testing Network communication analysis Configuration and permission validation Prohibited Activities\u274c Unauthorized access or theft of user data Exploitation of vulnerabilities causing service disruption or damage Large-scale scanning or denial-of-service attacks targeting production environments 4. Vulnerability Response Process and Timeline LuxpowerTek adheres to international...\" \/>\n<meta property=\"og:url\" content=\"https:\/\/luxpowertek.com\/pt\/politica-de-resposta-a-vulnerabilidade\/\" \/>\n<meta property=\"article:modified_time\" content=\"2025-08-22T06:37:04+00:00\" \/>\n<meta name=\"twitter:card\" content=\"summary_large_image\" \/>\n<meta name=\"twitter:label1\" content=\"Est. tempo de leitura\" \/>\n\t<meta name=\"twitter:data1\" content=\"3 minutos\" \/>\n<script type=\"application\/ld+json\" class=\"yoast-schema-graph\">{\"@context\":\"https:\\\/\\\/schema.org\",\"@graph\":[{\"@type\":\"WebPage\",\"@id\":\"https:\\\/\\\/luxpowertek.com\\\/vulnerability-response-policy\\\/\",\"url\":\"https:\\\/\\\/luxpowertek.com\\\/vulnerability-response-policy\\\/\",\"name\":\"Vulnerability Response Policy -\",\"isPartOf\":{\"@id\":\"https:\\\/\\\/luxpowertek.com\\\/#website\"},\"datePublished\":\"2025-08-22T02:13:17+00:00\",\"dateModified\":\"2025-08-22T06:37:04+00:00\",\"breadcrumb\":{\"@id\":\"https:\\\/\\\/luxpowertek.com\\\/vulnerability-response-policy\\\/#breadcrumb\"},\"inLanguage\":\"pt-BR\",\"potentialAction\":[{\"@type\":\"ReadAction\",\"target\":[\"https:\\\/\\\/luxpowertek.com\\\/vulnerability-response-policy\\\/\"]}]},{\"@type\":\"BreadcrumbList\",\"@id\":\"https:\\\/\\\/luxpowertek.com\\\/vulnerability-response-policy\\\/#breadcrumb\",\"itemListElement\":[{\"@type\":\"ListItem\",\"position\":1,\"name\":\"Home\",\"item\":\"https:\\\/\\\/luxpowertek.com\\\/\"},{\"@type\":\"ListItem\",\"position\":2,\"name\":\"Vulnerability Response Policy\"}]},{\"@type\":\"WebSite\",\"@id\":\"https:\\\/\\\/luxpowertek.com\\\/#website\",\"url\":\"https:\\\/\\\/luxpowertek.com\\\/\",\"name\":\"\",\"description\":\"\",\"potentialAction\":[{\"@type\":\"SearchAction\",\"target\":{\"@type\":\"EntryPoint\",\"urlTemplate\":\"https:\\\/\\\/luxpowertek.com\\\/?s={search_term_string}\"},\"query-input\":{\"@type\":\"PropertyValueSpecification\",\"valueRequired\":true,\"valueName\":\"search_term_string\"}}],\"inLanguage\":\"pt-BR\"}]}<\/script>\n<!-- \/ Yoast SEO plugin. -->","yoast_head_json":{"title":"Pol\u00edtica de Resposta a Vulnerabilidades -","robots":{"index":"index","follow":"follow","max-snippet":"max-snippet:-1","max-image-preview":"max-image-preview:large","max-video-preview":"max-video-preview:-1"},"canonical":"https:\/\/luxpowertek.com\/pt\/politica-de-resposta-a-vulnerabilidade\/","og_locale":"pt_BR","og_type":"article","og_title":"Vulnerability Response Policy -","og_description":"3. Security Testing Scope and Compliance Boundaries Permitted Testing Activities\u2705 Local device testing Network communication analysis Configuration and permission validation Prohibited Activities\u274c Unauthorized access or theft of user data Exploitation of vulnerabilities causing service disruption or damage Large-scale scanning or denial-of-service attacks targeting production environments 4. Vulnerability Response Process and Timeline LuxpowerTek adheres to international...","og_url":"https:\/\/luxpowertek.com\/pt\/politica-de-resposta-a-vulnerabilidade\/","article_modified_time":"2025-08-22T06:37:04+00:00","twitter_card":"summary_large_image","twitter_misc":{"Est. tempo de leitura":"3 minutos"},"schema":{"@context":"https:\/\/schema.org","@graph":[{"@type":"WebPage","@id":"https:\/\/luxpowertek.com\/vulnerability-response-policy\/","url":"https:\/\/luxpowertek.com\/vulnerability-response-policy\/","name":"Pol\u00edtica de Resposta a Vulnerabilidades -","isPartOf":{"@id":"https:\/\/luxpowertek.com\/#website"},"datePublished":"2025-08-22T02:13:17+00:00","dateModified":"2025-08-22T06:37:04+00:00","breadcrumb":{"@id":"https:\/\/luxpowertek.com\/vulnerability-response-policy\/#breadcrumb"},"inLanguage":"pt-BR","potentialAction":[{"@type":"ReadAction","target":["https:\/\/luxpowertek.com\/vulnerability-response-policy\/"]}]},{"@type":"BreadcrumbList","@id":"https:\/\/luxpowertek.com\/vulnerability-response-policy\/#breadcrumb","itemListElement":[{"@type":"ListItem","position":1,"name":"Home","item":"https:\/\/luxpowertek.com\/"},{"@type":"ListItem","position":2,"name":"Vulnerability Response Policy"}]},{"@type":"WebSite","@id":"https:\/\/luxpowertek.com\/#website","url":"https:\/\/luxpowertek.com\/","name":"","description":"","potentialAction":[{"@type":"SearchAction","target":{"@type":"EntryPoint","urlTemplate":"https:\/\/luxpowertek.com\/?s={search_term_string}"},"query-input":{"@type":"PropertyValueSpecification","valueRequired":true,"valueName":"search_term_string"}}],"inLanguage":"pt-BR"}]}},"_links":{"self":[{"href":"https:\/\/luxpowertek.com\/pt\/wp-json\/wp\/v2\/pages\/15397","targetHints":{"allow":["GET"]}}],"collection":[{"href":"https:\/\/luxpowertek.com\/pt\/wp-json\/wp\/v2\/pages"}],"about":[{"href":"https:\/\/luxpowertek.com\/pt\/wp-json\/wp\/v2\/types\/page"}],"author":[{"embeddable":true,"href":"https:\/\/luxpowertek.com\/pt\/wp-json\/wp\/v2\/users\/3"}],"replies":[{"embeddable":true,"href":"https:\/\/luxpowertek.com\/pt\/wp-json\/wp\/v2\/comments?post=15397"}],"version-history":[{"count":11,"href":"https:\/\/luxpowertek.com\/pt\/wp-json\/wp\/v2\/pages\/15397\/revisions"}],"predecessor-version":[{"id":15427,"href":"https:\/\/luxpowertek.com\/pt\/wp-json\/wp\/v2\/pages\/15397\/revisions\/15427"}],"wp:attachment":[{"href":"https:\/\/luxpowertek.com\/pt\/wp-json\/wp\/v2\/media?parent=15397"}],"curies":[{"name":"wp","href":"https:\/\/api.w.org\/{rel}","templated":true}]}}