{"id":13289,"date":"2024-09-18T18:26:34","date_gmt":"2024-09-18T10:26:34","guid":{"rendered":"https:\/\/luxpowertek.com\/?page_id=13289"},"modified":"2024-09-18T21:15:03","modified_gmt":"2024-09-18T13:15:03","slug":"armazenamento-solar-reino-unido-2024","status":"publish","type":"page","link":"https:\/\/luxpowertek.com\/pt\/armazenamento-solar-reino-unido-2024\/","title":{"rendered":"Solar e Armazenamento Reino Unido 2024"},"content":{"rendered":"<div class=\"slider-wrapper relative\" id=\"slider-1590735594\" >\n    <div class=\"slider slider-nav-circle slider-nav-large slider-nav-light slider-style-normal\"\n        data-flickity-options='{            \"cellAlign\": \"center\",            \"imagesLoaded\": true,            \"lazyLoad\": 1,            \"freeScroll\": false,            \"wrapAround\": true,            \"autoPlay\": 6000,            \"pauseAutoPlayOnHover\" : true,            \"prevNextButtons\": true,            \"contain\" : true,            \"adaptiveHeight\" : true,            \"dragThreshold\" : 10,            \"percentPosition\": true,            \"pageDots\": true,            \"rightToLeft\": false,            \"draggable\": true,            \"selectedAttraction\": 0.1,            \"parallax\" : 0,            \"friction\": 0.6        }'\n        >\n        \n\n  <div class=\"banner has-hover\" id=\"banner-845153770\">\n          <div class=\"banner-inner fill\">\n        <div class=\"banner-bg fill\" >\n            <div class=\"bg fill bg-fill\"><\/div>\n                        <div class=\"overlay\"><\/div>            \n                    <\/div>\n\t\t\n        <div class=\"banner-layers container\">\n            <div class=\"fill banner-link\"><\/div>            \n   <div id=\"text-box-1774228985\" class=\"text-box banner-layer x50 md-x50 lg-x50 y50 md-y50 lg-y50 res-text\">\n                                <div class=\"text-box-content text dark\">\n              \n              <div class=\"text-inner text-center\">\n                  \n<h1>Conhe\u00e7a a Luxpower no estande #B48<\/h1>\n<div id=\"timer-1873570001\" class=\"ux-timer light\" data-text-plural=\"s\" data-text-hour=\"hour\" data-text-day=\"day\" data-text-week=\"week\" data-text-min=\"min\" data-text-sec=\"sec\" data-text-hour-p=\"\" data-text-day-p=\"\" data-text-week-p=\"\" data-text-min-p=\"\" data-text-sec-p=\"\" data-countdown=\"2024\/9\/24 18:00\"><span>&nbsp;<div class=\"loading-spin dark centered\"><\/div><strong>&nbsp;<\/strong><\/span><\/div>\n<style>\n#timer-1873570001 {\n  font-size: 307%;\n}\n#timer-1873570001 span {\n  background-color: rgba(255, 255, 255, 0.86);\n}\n<\/style>\n\n\t<div id=\"gap-1990970294\" class=\"gap-element clearfix\" style=\"display:block; height:auto;\">\n\t\t\n<style>\n#gap-1990970294 {\n  padding-top: 30px;\n}\n<\/style>\n\t<\/div>\n\t\n<a href=\"https:\/\/secure.terrapinn.com\/V5\/step2.aspx?q=3759484CPSS&#038;TMID=4251512&#038;EID=10835\" target=\"_blank\" class=\"button secondary is-larger\" rel=\"noopener\"  style=\"border-radius:10px;\">\n    <span>Registre-se agora<\/span>\n  <i class=\"icon-angle-right\" aria-hidden=\"true\" ><\/i><\/a>\n\n              <\/div>\n           <\/div>\n                            \n<style>\n#text-box-1774228985 {\n  width: 80%;\n}\n#text-box-1774228985 .text-box-content {\n  font-size: 100%;\n}\n@media (min-width:550px) {\n  #text-box-1774228985 {\n    width: 69%;\n  }\n}\n<\/style>\n    <\/div>\n \n        <\/div>\n      <\/div>\n\n            \n<style>\n#banner-845153770 {\n  padding-top: 706px;\n}\n#banner-845153770 .bg.bg-loaded {\n  background-image: url(https:\/\/luxpowertek.com\/wp-content\/uploads\/2024\/08\/UK-EXPO-scaled.webp);\n}\n#banner-845153770 .overlay {\n  background-color: rgba(79, 79, 79, 0.5);\n}\n#banner-845153770 .bg {\n  background-position: 40% 54%;\n}\n<\/style>\n  <\/div>\n\n\n     <\/div>\n\n     <div class=\"loading-spin dark large centered\"><\/div>\n\n\t<\/div>\n\n\n<div class=\"row\"  id=\"row-1597212086\">\n\n\t<div id=\"col-1435111586\" class=\"col small-12 large-12\"  >\n\t\t\t\t<div class=\"col-inner\"  >\n\t\t\t\n\t\t\t\n\t<div id=\"text-2517216239\" class=\"text\">\n\t\t\n<h1 class=\"uppercase\" style=\"text-align: center;\">Junte-se a n\u00f3s na Solar &amp; Storage Live UK 2024!<\/h1>\n<h1 class=\"uppercase\" style=\"text-align: center;\">Alimentando o futuro das solu\u00e7\u00f5es de energia limpa<\/h1>\n\t\t\n<style>\n#text-2517216239 {\n  text-align: center;\n}\n<\/style>\n\t<\/div>\n\t\n\t\t<\/div>\n\t\t\t\t\t<\/div>\n\n\t\n<\/div>\n<div class=\"row\"  id=\"row-1284053724\">\n\n\t<div id=\"col-1057885476\" class=\"col medium-6 small-12 large-6\"  >\n\t\t\t\t<div class=\"col-inner\"  >\n\t\t\t\n\t\t\t\n\t<div id=\"text-756325341\" class=\"text\">\n\t\t\n\t\t\n<style>\n#text-756325341 {\n  text-align: left;\n}\n<\/style>\n\t<\/div>\n\t\n<ul>\n<li><span style=\"font-size: 120%;\"><strong>Data<\/strong>: 24-26 de setembro de 2024<\/span><\/li>\n<li><span style=\"font-size: 120%;\"><strong>Localiza\u00e7\u00e3o<\/strong>: O NEC, Birmingham, Reino Unido<\/span><\/li>\n<li><span style=\"font-size: 120%;\"><strong>Cabine<\/strong>: #B48<\/span><\/li>\n<\/ul>\n<p><span style=\"font-size: 100%;\">A Luxpower tem o prazer de apresentar suas solu\u00e7\u00f5es de armazenamento de energia de ponta na Solar &amp; Storage Live UK 2024. \u00c0 medida que o cen\u00e1rio energ\u00e9tico evolui, nossos inversores h\u00edbridos e off-grid s\u00e3o projetados para fornecer solu\u00e7\u00f5es de energia sustent\u00e1veis e eficientes para aplica\u00e7\u00f5es residenciais e comerciais.<\/span><\/p>\n<a href=\"https:\/\/luxpowertek.com\/pt\/produtos\/\" class=\"button secondary\"  style=\"border-radius:10px;\">\n    <span>Explore nossos produtos<\/span>\n  <i class=\"icon-angle-right\" aria-hidden=\"true\" ><\/i><\/a>\n\n\t\t<\/div>\n\t\t\t\t\t<\/div>\n\n\t\n\n\t<div id=\"col-918755172\" class=\"col medium-6 small-12 large-6\"  >\n\t\t\t\t<div class=\"col-inner\"  >\n\t\t\t\n\t\t\t\n\t<div id=\"gap-1853495901\" class=\"gap-element clearfix\" style=\"display:block; height:auto;\">\n\t\t\n<style>\n#gap-1853495901 {\n  padding-top: 30px;\n}\n<\/style>\n\t<\/div>\n\t\n\n  <div class=\"banner has-hover\" id=\"banner-394674253\">\n          <div class=\"banner-inner fill\">\n        <div class=\"banner-bg fill\" >\n            <div class=\"bg fill bg-fill\"><\/div>\n                                    \n                    <\/div>\n\t\t\n        <div class=\"banner-layers container\">\n            <div class=\"fill banner-link\"><\/div>            \n   <div id=\"text-box-528437093\" class=\"text-box banner-layer x50 md-x50 lg-x50 y50 md-y50 lg-y50 res-text\">\n                                <div class=\"text-box-content text dark\">\n              \n              <div class=\"text-inner text-center\">\n                  \n              <\/div>\n           <\/div>\n                            \n<style>\n#text-box-528437093 {\n  width: 60%;\n}\n#text-box-528437093 .text-box-content {\n  font-size: 100%;\n}\n<\/style>\n    <\/div>\n \n        <\/div>\n      <\/div>\n\n            \n<style>\n#banner-394674253 {\n  padding-top: 56.25%;\n}\n#banner-394674253 .bg.bg-loaded {\n  background-image: url(https:\/\/luxpowertek.com\/wp-content\/uploads\/2024\/09\/EU-Series.webp);\n}\n<\/style>\n  <\/div>\n\n\n\t\t<\/div>\n\t\t\t\t\t<\/div>\n\n\t\n<\/div>\n<div class=\"row\"  id=\"row-1220868904\">\n\n\t<div id=\"col-1962505629\" class=\"col medium-4 small-12 large-4\"  >\n\t\t\t\t<div class=\"col-inner\"  >\n\t\t\t\n\t\t\t\n\t\t<\/div>\n\t\t\t\t\t<\/div>\n\n\t\n\n\t<div id=\"col-2101661592\" class=\"col medium-4 small-12 large-4\"  >\n\t\t\t\t<div class=\"col-inner\"  >\n\t\t\t\n\t\t\t\n\t\t<\/div>\n\t\t\t\t\t<\/div>\n\n\t\n\n\t<div id=\"col-1509670991\" class=\"col medium-4 small-12 large-4\"  >\n\t\t\t\t<div class=\"col-inner\"  >\n\t\t\t\n\t\t\t\n\t\t<\/div>\n\t\t\t\t\t<\/div>\n\n\t\n<\/div>\n\t<div id=\"gap-1495846237\" class=\"gap-element clearfix\" style=\"display:block; height:auto;\">\n\t\t\n<style>\n#gap-1495846237 {\n  padding-top: 30px;\n}\n<\/style>\n\t<\/div>\n\t\n<div class=\"row\"  id=\"row-1850780055\">\n\n\t<div id=\"col-1169795757\" class=\"col medium-6 small-12 large-6\"  >\n\t\t\t\t<div class=\"col-inner\"  >\n\t\t\t\n\t\t\t\n<h2>O que esperar da Solar &amp; Storage UK 2024<\/h2>\n<ul>\n<li><span style=\"font-size: 100%;\"><strong>Inversores h\u00edbridos e off-grid inovadores<\/strong>: Vitrine de inversores h\u00edbridos e off-grid de \u00faltima gera\u00e7\u00e3o da Luxpower, desenvolvidos para aplica\u00e7\u00f5es residenciais e comerciais de pequeno porte, com tecnologia de fase dividida.<\/span><\/li>\n<li><span style=\"font-size: 100%;\"><strong>\u00daltimas solu\u00e7\u00f5es de acoplamento de CA e carga inteligente<\/strong>: Como os inversores Luxpower podem gerenciar de forma inteligente o uso de energia, integrando-se a v\u00e1rios sistemas de energia renov\u00e1vel.<\/span><\/li>\n<li><span style=\"font-size: 100%;\"><strong>Lan\u00e7amentos de novos produtos<\/strong>: Introdu\u00e7\u00e3o aos mais recentes modelos e recursos de produtos off-grid SNA 12K da Luxpower, que ser\u00e3o revelados exclusivamente no evento.<\/span><\/li>\n<\/ul>\n<a href=\"https:\/\/secure.terrapinn.com\/V5\/step2.aspx?q=3759484CPSS&#038;TMID=4251512&#038;EID=10835\" target=\"_blank\" class=\"button secondary\" rel=\"noopener\"  style=\"border-radius:10px;\">\n    <span>Para obter seus ingressos gratuitos<\/span>\n  <i class=\"icon-angle-right\" aria-hidden=\"true\" ><\/i><\/a>\n\n\t\t<\/div>\n\t\t\t\t\n<style>\n#col-1169795757 > .col-inner {\n  padding: 0px 17px 34px 0px;\n}\n<\/style>\n\t<\/div>\n\n\t\n\n\t<div id=\"col-627342637\" class=\"col medium-6 small-12 large-6\"  >\n\t\t\t\t<div class=\"col-inner\"  >\n\t\t\t\n\t\t\t\n<div class=\"slider-wrapper relative\" id=\"slider-1151940151\" >\n    <div class=\"slider slider-nav-circle slider-nav-large slider-nav-light slider-style-normal\"\n        data-flickity-options='{            \"cellAlign\": \"center\",            \"imagesLoaded\": true,            \"lazyLoad\": 1,            \"freeScroll\": false,            \"wrapAround\": true,            \"autoPlay\": 6000,            \"pauseAutoPlayOnHover\" : true,            \"prevNextButtons\": true,            \"contain\" : true,            \"adaptiveHeight\" : true,            \"dragThreshold\" : 10,            \"percentPosition\": true,            \"pageDots\": true,            \"rightToLeft\": false,            \"draggable\": true,            \"selectedAttraction\": 0.1,            \"parallax\" : 0,            \"friction\": 0.6        }'\n        >\n        \n\n  <div class=\"banner has-hover\" id=\"banner-148147001\">\n          <div class=\"banner-inner fill\">\n        <div class=\"banner-bg fill\" >\n            <div class=\"bg fill bg-fill\"><\/div>\n                                    \n                    <\/div>\n\t\t\n        <div class=\"banner-layers container\">\n            <div class=\"fill banner-link\"><\/div>            \n   <div id=\"text-box-858831103\" class=\"text-box banner-layer x50 md-x50 lg-x50 y50 md-y50 lg-y50 res-text\">\n                                <div class=\"text-box-content text dark\">\n              \n              <div class=\"text-inner text-center\">\n                  \n              <\/div>\n           <\/div>\n                            \n<style>\n#text-box-858831103 {\n  width: 60%;\n}\n#text-box-858831103 .text-box-content {\n  font-size: 100%;\n}\n<\/style>\n    <\/div>\n \n        <\/div>\n      <\/div>\n\n            \n<style>\n#banner-148147001 {\n  padding-top: 500px;\n}\n#banner-148147001 .bg.bg-loaded {\n  background-image: url(https:\/\/luxpowertek.com\/wp-content\/uploads\/2024\/08\/three-2.webp);\n}\n#banner-148147001 .bg {\n  background-position: 0% 14%;\n}\n<\/style>\n  <\/div>\n\n\n     <\/div>\n\n     <div class=\"loading-spin dark large centered\"><\/div>\n\n\t<\/div>\n\n\n\t\t<\/div>\n\t\t\t\t\t<\/div>\n\n\t\n<\/div>\n\t<div id=\"gap-159031746\" class=\"gap-element clearfix\" style=\"display:block; height:auto;\">\n\t\t\n<style>\n#gap-159031746 {\n  padding-top: 30px;\n}\n<\/style>\n\t<\/div>\n\t\n<div class=\"row\"  id=\"row-194158485\">\n\n\t<div id=\"col-199038205\" class=\"col small-12 large-12\"  >\n\t\t\t\t<div class=\"col-inner\"  >\n\t\t\t\n\t\t\t\n\t<div id=\"text-2651699445\" class=\"text\">\n\t\t\n<h3>Agenda Luxpower<\/h3>\n\t\t\n<style>\n#text-2651699445 {\n  text-align: center;\n}\n<\/style>\n\t<\/div>\n\t\n<ul>\n<li>\n<p><strong>Demonstra\u00e7\u00f5es de produtos<\/strong><\/p>\n<p>Estaremos apresentando nossos produtos mais recentes, incluindo o <strong>SNA 12K EUA<\/strong> inversor off-grid, <strong>Inversores H\u00edbridos<\/strong>, e <strong>solu\u00e7\u00f5es de armazenamento de energia<\/strong>. Os visitantes podem ver em primeira m\u00e3o como nossos sistemas se integram perfeitamente \u00e0 energia solar para otimizar a efici\u00eancia energ\u00e9tica.<\/li>\n<li>\n<p><strong>Explica\u00e7\u00f5es t\u00e9cnicas e demonstra\u00e7\u00f5es ao vivo<\/strong><\/p>\n<p>Nossos engenheiros especialistas realizar\u00e3o demonstra\u00e7\u00f5es ao vivo em hor\u00e1rios programados ao longo do dia, oferecendo explica\u00e7\u00f5es detalhadas sobre como nosso <strong>Gest\u00e3o de Carga Inteligente<\/strong>, <strong>Acoplamento CA<\/strong>, e <strong>Integra\u00e7\u00e3o da porta GEN<\/strong> trabalho. Esta \u00e9 uma \u00f3tima oportunidade para entender como nossas solu\u00e7\u00f5es se encaixam em aplica\u00e7\u00f5es residenciais e comerciais.<\/li>\n<li>\n<p><strong>Suporte t\u00e9cnico no local<\/strong><\/p>\n<p>Nossa equipe t\u00e9cnica estar\u00e1 no local para fornecer suporte instant\u00e2neo e responder a quaisquer perguntas relacionadas ao produto. Seja voc\u00ea um distribuidor, instalador ou usu\u00e1rio final, nossa equipe est\u00e1 pronta para ajudar com quaisquer d\u00favidas e fornecer orienta\u00e7\u00e3o sobre configura\u00e7\u00f5es do sistema.<\/li>\n<li>\n<p><strong>Reuni\u00f5es de neg\u00f3cios e networking<\/strong><\/p>\n<p>Damos boas-vindas a distribuidores, instaladores e profissionais da ind\u00fastria para discutir potenciais colabora\u00e7\u00f5es comerciais. Nossa equipe comercial estar\u00e1 dispon\u00edvel durante todo o evento para explorar oportunidades de parceria e personalizar solu\u00e7\u00f5es para atender \u00e0s necessidades espec\u00edficas do mercado.<\/li>\n<li>\n<p><strong>Apresenta\u00e7\u00f5es Comerciais Exclusivas<\/strong><\/p>\n<p>A cada dia, ofereceremos sess\u00f5es exclusivas com foco em como <strong>Solu\u00e7\u00f5es Luxpower<\/strong> pode ajudar empresas a melhorar a independ\u00eancia energ\u00e9tica, reduzir custos e atingir novas metas de sustentabilidade.<\/li>\n<\/ul>\n\t\t<\/div>\n\t\t\t\t\t<\/div>\n\n\t\n<\/div>\n\t<div id=\"gap-506111775\" class=\"gap-element clearfix\" style=\"display:block; height:auto;\">\n\t\t\n<style>\n#gap-506111775 {\n  padding-top: 30px;\n}\n<\/style>\n\t<\/div>\n\t\n<div class=\"row\"  id=\"row-1637124830\">\n\n\t<div id=\"col-1491329621\" class=\"col small-12 large-12\"  >\n\t\t\t\t<div class=\"col-inner\"  >\n\t\t\t\n\t\t\t\n<div class=\"text-center\"><div class=\"is-divider divider clearfix\" style=\"max-width:1080px;\"><\/div><\/div>\n\t\t<\/div>\n\t\t\t\t\t<\/div>\n\n\t\n<\/div>\n\n  <div class=\"banner has-hover\" id=\"banner-584252898\">\n          <div class=\"banner-inner fill\">\n        <div class=\"banner-bg fill\" >\n            <div class=\"bg fill bg-fill\"><\/div>\n                                    \n                    <\/div>\n\t\t\t<div class=\"ux-shape-divider ux-shape-divider--top ux-shape-divider--style-triangle-opacity\">\n\t\t<svg viewbox=\"0 0 1000 100\" xmlns=\"http:\/\/www.w3.org\/2000\/svg\" preserveaspectratio=\"none\">\n\t<path class=\"ux-shape-fill\" d=\"M1025 100H-25L500 24L1025 100Z\"\/>\n\t<path class=\"ux-shape-fill\" opacity=\"0.3\" d=\"M1025 100H-25L500 0L1025 100Z\"\/>\n<\/svg>\n\t<\/div>\n\n        <div class=\"banner-layers container\">\n            <div class=\"fill banner-link\"><\/div>            \n   <div id=\"text-box-1893011431\" class=\"text-box banner-layer x50 md-x50 lg-x50 y50 md-y50 lg-y50 res-text\">\n                                <div class=\"text-box-content text dark\">\n              \n              <div class=\"text-inner text-center\">\n                  \n<a href=\"https:\/\/secure.terrapinn.com\/V5\/step2.aspx?q=3759484CPSS&#038;TMID=4251512&#038;EID=10835\" target=\"_blank\" class=\"button primary\" rel=\"noopener\"  style=\"border-radius:10px;\">\n    <span>Para obter seus ingressos gratuitos<\/span>\n  <\/a>\n\n              <\/div>\n           <\/div>\n                            \n<style>\n#text-box-1893011431 {\n  width: 60%;\n}\n#text-box-1893011431 .text-box-content {\n  font-size: 100%;\n}\n<\/style>\n    <\/div>\n \n        <\/div>\n      <\/div>\n\n            \n<style>\n#banner-584252898 {\n  padding-top: 500px;\n}\n#banner-584252898 .bg.bg-loaded {\n  background-image: url(https:\/\/luxpowertek.com\/wp-content\/uploads\/2024\/08\/a10-scaled.webp);\n}\n#banner-584252898 .ux-shape-divider--top svg {\n  height: 150px;\n  --divider-top-width: 100%;\n}\n<\/style>\n  <\/div>\n\n\n\t<div id=\"gap-890804856\" class=\"gap-element clearfix\" style=\"display:block; height:auto;\">\n\t\t\n<style>\n#gap-890804856 {\n  padding-top: 54px;\n}\n<\/style>\n\t<\/div>","protected":false},"excerpt":{"rendered":"","protected":false},"author":3,"featured_media":0,"parent":0,"menu_order":0,"comment_status":"closed","ping_status":"closed","template":"page-blank.php","meta":{"rop_custom_images_group":[],"rop_custom_messages_group":[],"rop_publish_now":"initial","rop_publish_now_accounts":[],"rop_publish_now_history":[],"rop_publish_now_status":"pending","footnotes":""},"class_list":["post-13289","page","type-page","status-publish","hentry"],"yoast_head":"<!-- This site is optimized with the Yoast SEO plugin v27.3 - https:\/\/yoast.com\/product\/yoast-seo-wordpress\/ -->\n<title>Solar &amp; Storage UK 2024 -<\/title>\n<meta name=\"robots\" content=\"index, follow, max-snippet:-1, max-image-preview:large, max-video-preview:-1\" \/>\n<link rel=\"canonical\" href=\"https:\/\/luxpowertek.com\/pt\/armazenamento-solar-reino-unido-2024\/\" \/>\n<meta property=\"og:locale\" content=\"pt_BR\" \/>\n<meta property=\"og:type\" content=\"article\" \/>\n<meta property=\"og:title\" content=\"Solar &amp; Storage UK 2024 -\" \/>\n<meta property=\"og:url\" content=\"https:\/\/luxpowertek.com\/pt\/armazenamento-solar-reino-unido-2024\/\" \/>\n<meta property=\"article:publisher\" content=\"https:\/\/www.facebook.com\/LUXPOWERTEK\" \/>\n<meta property=\"article:modified_time\" content=\"2024-09-18T13:15:03+00:00\" \/>\n<meta name=\"twitter:card\" content=\"summary_large_image\" \/>\n<script type=\"application\/ld+json\" class=\"yoast-schema-graph\">{\"@context\":\"https:\\\/\\\/schema.org\",\"@graph\":[{\"@type\":\"WebPage\",\"@id\":\"https:\\\/\\\/luxpowertek.com\\\/es\\\/almacenamiento-solar-reino-unido-2024\\\/\",\"url\":\"https:\\\/\\\/luxpowertek.com\\\/es\\\/almacenamiento-solar-reino-unido-2024\\\/\",\"name\":\"Solar & Storage UK 2024 -\",\"isPartOf\":{\"@id\":\"https:\\\/\\\/luxpowertek.com\\\/#website\"},\"datePublished\":\"2024-09-18T10:26:34+00:00\",\"dateModified\":\"2024-09-18T13:15:03+00:00\",\"breadcrumb\":{\"@id\":\"https:\\\/\\\/luxpowertek.com\\\/es\\\/almacenamiento-solar-reino-unido-2024\\\/#breadcrumb\"},\"inLanguage\":\"pt-BR\",\"potentialAction\":[{\"@type\":\"ReadAction\",\"target\":[\"https:\\\/\\\/luxpowertek.com\\\/es\\\/almacenamiento-solar-reino-unido-2024\\\/\"]}]},{\"@type\":\"BreadcrumbList\",\"@id\":\"https:\\\/\\\/luxpowertek.com\\\/es\\\/almacenamiento-solar-reino-unido-2024\\\/#breadcrumb\",\"itemListElement\":[{\"@type\":\"ListItem\",\"position\":1,\"name\":\"Home\",\"item\":\"https:\\\/\\\/luxpowertek.com\\\/\"},{\"@type\":\"ListItem\",\"position\":2,\"name\":\"Solar &#038; Storage UK 2024\"}]},{\"@type\":\"WebSite\",\"@id\":\"https:\\\/\\\/luxpowertek.com\\\/#website\",\"url\":\"https:\\\/\\\/luxpowertek.com\\\/\",\"name\":\"\",\"description\":\"\",\"publisher\":{\"@id\":\"https:\\\/\\\/luxpowertek.com\\\/#organization\"},\"potentialAction\":[{\"@type\":\"SearchAction\",\"target\":{\"@type\":\"EntryPoint\",\"urlTemplate\":\"https:\\\/\\\/luxpowertek.com\\\/?s={search_term_string}\"},\"query-input\":{\"@type\":\"PropertyValueSpecification\",\"valueRequired\":true,\"valueName\":\"search_term_string\"}}],\"inLanguage\":\"pt-BR\"},{\"@type\":\"Organization\",\"@id\":\"https:\\\/\\\/luxpowertek.com\\\/#organization\",\"name\":\"LuxpowerTek\",\"url\":\"https:\\\/\\\/luxpowertek.com\\\/\",\"logo\":{\"@type\":\"ImageObject\",\"inLanguage\":\"pt-BR\",\"@id\":\"https:\\\/\\\/luxpowertek.com\\\/#\\\/schema\\\/logo\\\/image\\\/\",\"url\":\"https:\\\/\\\/luxpowertek.com\\\/wp-content\\\/uploads\\\/2024\\\/08\\\/Luxpower_logo_new.webp\",\"contentUrl\":\"https:\\\/\\\/luxpowertek.com\\\/wp-content\\\/uploads\\\/2024\\\/08\\\/Luxpower_logo_new.webp\",\"width\":1030,\"height\":186,\"caption\":\"LuxpowerTek\"},\"image\":{\"@id\":\"https:\\\/\\\/luxpowertek.com\\\/#\\\/schema\\\/logo\\\/image\\\/\"},\"sameAs\":[\"https:\\\/\\\/www.facebook.com\\\/LUXPOWERTEK\"]}]}<\/script>\n<!-- \/ Yoast SEO plugin. -->","yoast_head_json":{"title":"Solar &amp; Armazenamento Reino Unido 2024 -","robots":{"index":"index","follow":"follow","max-snippet":"max-snippet:-1","max-image-preview":"max-image-preview:large","max-video-preview":"max-video-preview:-1"},"canonical":"https:\/\/luxpowertek.com\/pt\/armazenamento-solar-reino-unido-2024\/","og_locale":"pt_BR","og_type":"article","og_title":"Solar & Storage UK 2024 -","og_url":"https:\/\/luxpowertek.com\/pt\/armazenamento-solar-reino-unido-2024\/","article_publisher":"https:\/\/www.facebook.com\/LUXPOWERTEK","article_modified_time":"2024-09-18T13:15:03+00:00","twitter_card":"summary_large_image","schema":{"@context":"https:\/\/schema.org","@graph":[{"@type":"WebPage","@id":"https:\/\/luxpowertek.com\/es\/almacenamiento-solar-reino-unido-2024\/","url":"https:\/\/luxpowertek.com\/es\/almacenamiento-solar-reino-unido-2024\/","name":"Solar &amp; Armazenamento Reino Unido 2024 -","isPartOf":{"@id":"https:\/\/luxpowertek.com\/#website"},"datePublished":"2024-09-18T10:26:34+00:00","dateModified":"2024-09-18T13:15:03+00:00","breadcrumb":{"@id":"https:\/\/luxpowertek.com\/es\/almacenamiento-solar-reino-unido-2024\/#breadcrumb"},"inLanguage":"pt-BR","potentialAction":[{"@type":"ReadAction","target":["https:\/\/luxpowertek.com\/es\/almacenamiento-solar-reino-unido-2024\/"]}]},{"@type":"BreadcrumbList","@id":"https:\/\/luxpowertek.com\/es\/almacenamiento-solar-reino-unido-2024\/#breadcrumb","itemListElement":[{"@type":"ListItem","position":1,"name":"Home","item":"https:\/\/luxpowertek.com\/"},{"@type":"ListItem","position":2,"name":"Solar &#038; Storage UK 2024"}]},{"@type":"WebSite","@id":"https:\/\/luxpowertek.com\/#website","url":"https:\/\/luxpowertek.com\/","name":"","description":"","publisher":{"@id":"https:\/\/luxpowertek.com\/#organization"},"potentialAction":[{"@type":"SearchAction","target":{"@type":"EntryPoint","urlTemplate":"https:\/\/luxpowertek.com\/?s={search_term_string}"},"query-input":{"@type":"PropertyValueSpecification","valueRequired":true,"valueName":"search_term_string"}}],"inLanguage":"pt-BR"},{"@type":"Organization","@id":"https:\/\/luxpowertek.com\/#organization","name":"LuxpowerTek","url":"https:\/\/luxpowertek.com\/","logo":{"@type":"ImageObject","inLanguage":"pt-BR","@id":"https:\/\/luxpowertek.com\/#\/schema\/logo\/image\/","url":"https:\/\/luxpowertek.com\/wp-content\/uploads\/2024\/08\/Luxpower_logo_new.webp","contentUrl":"https:\/\/luxpowertek.com\/wp-content\/uploads\/2024\/08\/Luxpower_logo_new.webp","width":1030,"height":186,"caption":"LuxpowerTek"},"image":{"@id":"https:\/\/luxpowertek.com\/#\/schema\/logo\/image\/"},"sameAs":["https:\/\/www.facebook.com\/LUXPOWERTEK"]}]}},"_links":{"self":[{"href":"https:\/\/luxpowertek.com\/pt\/wp-json\/wp\/v2\/pages\/13289","targetHints":{"allow":["GET"]}}],"collection":[{"href":"https:\/\/luxpowertek.com\/pt\/wp-json\/wp\/v2\/pages"}],"about":[{"href":"https:\/\/luxpowertek.com\/pt\/wp-json\/wp\/v2\/types\/page"}],"author":[{"embeddable":true,"href":"https:\/\/luxpowertek.com\/pt\/wp-json\/wp\/v2\/users\/3"}],"replies":[{"embeddable":true,"href":"https:\/\/luxpowertek.com\/pt\/wp-json\/wp\/v2\/comments?post=13289"}],"version-history":[{"count":7,"href":"https:\/\/luxpowertek.com\/pt\/wp-json\/wp\/v2\/pages\/13289\/revisions"}],"predecessor-version":[{"id":13303,"href":"https:\/\/luxpowertek.com\/pt\/wp-json\/wp\/v2\/pages\/13289\/revisions\/13303"}],"wp:attachment":[{"href":"https:\/\/luxpowertek.com\/pt\/wp-json\/wp\/v2\/media?parent=13289"}],"curies":[{"name":"wp","href":"https:\/\/api.w.org\/{rel}","templated":true}]}}