{"id":11460,"date":"2024-08-03T22:04:18","date_gmt":"2024-08-03T14:04:18","guid":{"rendered":"https:\/\/luxpowertek.com\/?page_id=11460"},"modified":"2025-12-19T18:30:00","modified_gmt":"2025-12-19T10:30:00","slug":"parceiro","status":"publish","type":"page","link":"https:\/\/luxpowertek.com\/pt\/parceiro\/","title":{"rendered":"Parceiro"},"content":{"rendered":"<div class=\"banner has-hover show-for-small\" id=\"banner-1777173775\">\n          <div class=\"banner-inner fill\">\n        <div class=\"banner-bg fill\" >\n            <div class=\"bg fill bg-fill\"><\/div>\n                        <div class=\"overlay\"><\/div>            \n                    <\/div>\n\t\t\n        <div class=\"banner-layers container\">\n            <div class=\"fill banner-link\"><\/div>            \n   <div id=\"text-box-1622173741\" class=\"text-box banner-layer x50 md-x50 lg-x50 y50 md-y50 lg-y50 res-text\">\n                                <div class=\"text-box-content text dark\">\n              \n              <div class=\"text-inner text-center\">\n                  \n\t<div id=\"text-2726092158\" class=\"text\">\n\t\t\n<p class=\"lead\"><strong><span style=\"font-size: 150%;\">Parceiro<\/span><\/strong><\/p>\n<p class=\"lead\"><span style=\"font-size: 100%;\">Fa\u00e7a parceria com a Luxpower para solu\u00e7\u00f5es solares premium. Acesse produtos de primeira linha, suporte e recursos de marketing para prosperar na ind\u00fastria solar.<\/span><\/p>\n\t\t\n<style>\n#text-2726092158 {\n  font-size: 0.75rem;\n  line-height: 1.5;\n}\n@media (min-width:550px) {\n  #text-2726092158 {\n    font-size: 0.95rem;\n    line-height: 1.75;\n  }\n}\n<\/style>\n\t<\/div>\n\t\n              <\/div>\n           <\/div>\n                            \n<style>\n#text-box-1622173741 {\n  width: 94%;\n}\n#text-box-1622173741 .text-box-content {\n  font-size: 100%;\n}\n@media (min-width:550px) {\n  #text-box-1622173741 {\n    width: 72%;\n  }\n}\n<\/style>\n    <\/div>\n \n        <\/div>\n      <\/div>\n\n            \n<style>\n#banner-1777173775 {\n  padding-top: 200px;\n}\n#banner-1777173775 .bg.bg-loaded {\n  background-image: url(https:\/\/luxpowertek.com\/wp-content\/uploads\/2024\/04\/four.webp);\n}\n#banner-1777173775 .overlay {\n  background-color: rgba(0, 0, 0, 0.31);\n}\n@media (min-width:550px) {\n  #banner-1777173775 {\n    padding-top: 500px;\n  }\n}\n<\/style>\n  <\/div>\n\n\n\n  <div class=\"banner has-hover hide-for-small\" id=\"banner-1099634590\">\n          <div class=\"banner-inner fill\">\n        <div class=\"banner-bg fill\" >\n            <div class=\"bg fill bg-fill\"><\/div>\n                        <div class=\"overlay\"><\/div>            \n                    <\/div>\n\t\t\n        <div class=\"banner-layers container\">\n            <div class=\"fill banner-link\"><\/div>            \n   <div id=\"text-box-781246402\" class=\"text-box banner-layer x50 md-x50 lg-x50 y50 md-y50 lg-y50 res-text\">\n                                <div class=\"text-box-content text dark\">\n              \n              <div class=\"text-inner text-center\">\n                  \n\t<div id=\"text-4289151436\" class=\"text\">\n\t\t\n<h1 class=\"lead\"><span style=\"font-size: 100%;\"><strong>Parceiro<\/strong><\/span><\/h1>\n<p class=\"lead\"><span style=\"font-size: 100%;\">Fa\u00e7a parceria com a Luxpower para solu\u00e7\u00f5es solares premium. Acesse produtos de primeira linha, suporte e recursos de marketing para prosperar na ind\u00fastria solar.<\/span><\/p>\n\t\t\n<style>\n#text-4289151436 {\n  font-size: 0.95rem;\n  line-height: 1.75;\n}\n<\/style>\n\t<\/div>\n\t\n              <\/div>\n           <\/div>\n                            \n<style>\n#text-box-781246402 {\n  width: 72%;\n}\n#text-box-781246402 .text-box-content {\n  font-size: 100%;\n}\n<\/style>\n    <\/div>\n \n        <\/div>\n      <\/div>\n\n            \n<style>\n#banner-1099634590 {\n  padding-top: 500px;\n}\n#banner-1099634590 .bg.bg-loaded {\n  background-image: url(https:\/\/luxpowertek.com\/wp-content\/uploads\/2024\/04\/four.webp);\n}\n#banner-1099634590 .overlay {\n  background-color: rgba(0, 0, 0, 0.186);\n}\n<\/style>\n  <\/div>\n\n\n\t<section class=\"section hide-for-small\" id=\"section_728797162\">\n\t\t<div class=\"bg section-bg fill bg-fill  bg-loaded\" >\n\n\t\t\t\n\t\t\t<div class=\"section-bg-overlay absolute fill\"><\/div>\n\t\t\t\n\n\t\t<\/div>\n\n\t\t\n\n\t\t<div class=\"section-content relative\">\n\t\t\t\n<div class=\"row\"  id=\"row-1091691665\">\n\n\t<div id=\"col-732220071\" class=\"col small-12 large-12\"  >\n\t\t\t\t<div class=\"col-inner\"  >\n\t\t\t\n\t\t\t\n<div class=\"row align-center\"  id=\"row-936086455\">\n\n\t<div id=\"col-2117036850\" class=\"col medium-11 small-12 large-11\"  >\n\t\t\t\t<div class=\"col-inner text-center\"  >\n\t\t\t\n\t\t\t\n\t<div id=\"text-373016813\" class=\"text\">\n\t\t\n<p class=\"lead\"><strong><span style=\"font-size: 100%;\">Descubra mais<\/span><\/strong><\/p>\n<p class=\"lead\"><span style=\"font-size: 90%;\">Nossos parceiros incluem propriet\u00e1rios de resid\u00eancias, distribuidores e especialistas em instala\u00e7\u00e3o que est\u00e3o comprometidos em fornecer solu\u00e7\u00f5es inovadoras de inversores de armazenamento de energia aos clientes, impulsionando a transi\u00e7\u00e3o energ\u00e9tica para a frente. Eles s\u00e3o os principais pilares do nosso sucesso, oferecendo o melhor servi\u00e7o e suporte aos clientes por meio de extensas redes e expertise.<\/span><\/p>\n\t\t\n<style>\n#text-373016813 {\n  text-align: center;\n}\n<\/style>\n\t<\/div>\n\t\n\t\t<\/div>\n\t\t\t\t\t<\/div>\n\n\t\n<\/div>\n\t\t<\/div>\n\t\t\t\t\t<\/div>\n\n\t\n<\/div>\n<div class=\"row\"  id=\"row-659786220\">\n\n\t<div id=\"col-389058513\" class=\"col medium-4 small-12 large-4\"  >\n\t\t\t\t<div class=\"col-inner text-center\"  >\n\t\t\t\n\t\t\t\n\n  <div class=\"banner has-hover\" id=\"banner-1884216799\">\n          <div class=\"banner-inner fill\">\n        <div class=\"banner-bg fill\" >\n            <div class=\"bg fill bg-fill\"><\/div>\n                                    \n                    <\/div>\n\t\t\n        <div class=\"banner-layers container\">\n            <div class=\"fill banner-link\"><\/div>            \n   <div id=\"text-box-1165238138\" class=\"text-box banner-layer x50 md-x50 lg-x50 y50 md-y50 lg-y50 res-text\">\n                                <div class=\"text-box-content text dark\">\n              \n              <div class=\"text-inner text-center\">\n                  \n<p class=\"lead\"><strong><span style=\"font-size: 200%;\">Propriet\u00e1rios de im\u00f3veis<\/span><\/strong><\/p>\n\t<div id=\"gap-1566053544\" class=\"gap-element clearfix\" style=\"display:block; height:auto;\">\n\t\t\n<style>\n#gap-1566053544 {\n  padding-top: 20px;\n}\n<\/style>\n\t<\/div>\n\t\n<a href=\"https:\/\/luxpowertek.com\/pt\/proprietarios-de-imoveis\/\" target=\"_blank\" class=\"button white is-outline is-xxlarge\" rel=\"noopener\"  style=\"border-radius:10px;\">\n    <span>Ver mais<\/span>\n  <\/a>\n\n              <\/div>\n           <\/div>\n                            \n<style>\n#text-box-1165238138 {\n  margin: 108px 22px 28px 0px;\n  width: 60%;\n}\n#text-box-1165238138 .text-box-content {\n  font-size: 100%;\n}\n<\/style>\n    <\/div>\n \n        <\/div>\n      <\/div>\n\n            \n<style>\n#banner-1884216799 {\n  padding-top: 99.99%;\n}\n#banner-1884216799 .bg.bg-loaded {\n  background-image: url(https:\/\/luxpowertek.com\/wp-content\/uploads\/2024\/04\/Homeowner-scaled.webp);\n}\n<\/style>\n  <\/div>\n\n\n\t\t<\/div>\n\t\t\t\t\t<\/div>\n\n\t\n\n\t<div id=\"col-1017856327\" class=\"col medium-4 small-12 large-4\"  >\n\t\t\t\t<div class=\"col-inner text-center\"  >\n\t\t\t\n\t\t\t\n\n  <div class=\"banner has-hover\" id=\"banner-1753261395\">\n          <div class=\"banner-inner fill\">\n        <div class=\"banner-bg fill\" >\n            <div class=\"bg fill bg-fill\"><\/div>\n                                    \n                    <\/div>\n\t\t\n        <div class=\"banner-layers container\">\n            <div class=\"fill banner-link\"><\/div>            \n   <div id=\"text-box-974911382\" class=\"text-box banner-layer x50 md-x50 lg-x50 y50 md-y50 lg-y50 res-text\">\n                                <div class=\"text-box-content text dark\">\n              \n              <div class=\"text-inner text-center\">\n                  \n<p class=\"uppercase lead\"><strong><span style=\"font-size: 200%;\">Distribuidores<\/span><\/strong><\/p>\n\t<div id=\"gap-793521110\" class=\"gap-element clearfix\" style=\"display:block; height:auto;\">\n\t\t\n<style>\n#gap-793521110 {\n  padding-top: 20px;\n}\n<\/style>\n\t<\/div>\n\t\n<a href=\"https:\/\/luxpowertek.com\/pt\/distribuidor\/\" class=\"button white is-outline is-xxlarge\"  style=\"border-radius:10px;\">\n    <span>Ver mais<\/span>\n  <\/a>\n\n              <\/div>\n           <\/div>\n                            \n<style>\n#text-box-974911382 {\n  margin: 108px 27px 23px 0px;\n  width: 60%;\n}\n#text-box-974911382 .text-box-content {\n  font-size: 100%;\n}\n<\/style>\n    <\/div>\n \n   <div id=\"text-box-2113141505\" class=\"text-box banner-layer x50 md-x50 lg-x50 y50 md-y50 lg-y50 res-text\">\n                                <div class=\"text-box-content text dark\">\n              \n              <div class=\"text-inner text-center\">\n                  \n<p class=\"uppercase lead\"><strong><span style=\"font-size: 200%;\">Distribuidores<\/span><\/strong><\/p>\n\t<div id=\"gap-2088123029\" class=\"gap-element clearfix\" style=\"display:block; height:auto;\">\n\t\t\n<style>\n#gap-2088123029 {\n  padding-top: 20px;\n}\n<\/style>\n\t<\/div>\n\t\n<a href=\"https:\/\/luxpowertek.com\/pt\/distribuidor\/\" class=\"button white is-outline is-xxlarge\"  style=\"border-radius:10px;\">\n    <span>Ver mais<\/span>\n  <\/a>\n\n              <\/div>\n           <\/div>\n                            \n<style>\n#text-box-2113141505 {\n  margin: 108px 27px 23px 0px;\n  width: 60%;\n}\n#text-box-2113141505 .text-box-content {\n  font-size: 100%;\n}\n<\/style>\n    <\/div>\n \n        <\/div>\n      <\/div>\n\n            \n<style>\n#banner-1753261395 {\n  padding-top: 99.99%;\n}\n#banner-1753261395 .bg.bg-loaded {\n  background-image: url(https:\/\/luxpowertek.com\/wp-content\/uploads\/2024\/04\/shutterstock_2209220415-scaled.webp);\n}\n<\/style>\n  <\/div>\n\n\n\t\t<\/div>\n\t\t\t\t\t<\/div>\n\n\t\n\n\t<div id=\"col-1984384648\" class=\"col medium-4 small-12 large-4\"  >\n\t\t\t\t<div class=\"col-inner text-center\"  >\n\t\t\t\n\t\t\t\n\n  <div class=\"banner has-hover\" id=\"banner-1060627274\">\n          <div class=\"banner-inner fill\">\n        <div class=\"banner-bg fill\" >\n            <div class=\"bg fill bg-fill\"><\/div>\n                                    \n                    <\/div>\n\t\t\n        <div class=\"banner-layers container\">\n            <div class=\"fill banner-link\"><\/div>            \n   <div id=\"text-box-4730790\" class=\"text-box banner-layer x50 md-x50 lg-x50 y50 md-y50 lg-y50 res-text\">\n                                <div class=\"text-box-content text dark\">\n              \n              <div class=\"text-inner text-center\">\n                  \n<p class=\"lead\"><strong><span style=\"font-size: 200%;\">Instaladores<\/span><\/strong><\/p>\n\t<div id=\"gap-281550120\" class=\"gap-element clearfix\" style=\"display:block; height:auto;\">\n\t\t\n<style>\n#gap-281550120 {\n  padding-top: 20px;\n}\n<\/style>\n\t<\/div>\n\t\n              <\/div>\n           <\/div>\n                            \n<style>\n#text-box-4730790 {\n  margin: 108px 0px 0px 0px;\n  width: 60%;\n}\n#text-box-4730790 .text-box-content {\n  font-size: 100%;\n}\n<\/style>\n    <\/div>\n \n        <\/div>\n      <\/div>\n\n            \n<style>\n#banner-1060627274 {\n  padding-top: 99.99%;\n}\n#banner-1060627274 .bg.bg-loaded {\n  background-image: url(https:\/\/luxpowertek.com\/wp-content\/uploads\/2024\/04\/Installer-1-scaled.webp);\n}\n<\/style>\n  <\/div>\n\n\n\t\t<\/div>\n\t\t\t\t\t<\/div>\n\n\t\n<\/div>\n\t\t<\/div>\n\n\t\t\n<style>\n#section_728797162 {\n  padding-top: 30px;\n  padding-bottom: 30px;\n  background-color: #000000;\n}\n#section_728797162 .section-bg-overlay {\n  background-color: rgba(255, 255, 255, 0.923);\n}\n<\/style>\n\t<\/section>\n\t\n\t<section class=\"section show-for-small\" id=\"section_654385877\">\n\t\t<div class=\"bg section-bg fill bg-fill  bg-loaded\" >\n\n\t\t\t\n\t\t\t<div class=\"section-bg-overlay absolute fill\"><\/div>\n\t\t\t\n\n\t\t<\/div>\n\n\t\t\n\n\t\t<div class=\"section-content relative\">\n\t\t\t\n<div class=\"row\"  id=\"row-63594275\">\n\n\t<div id=\"col-1010319480\" class=\"col small-12 large-12\"  >\n\t\t\t\t<div class=\"col-inner\"  >\n\t\t\t\n\t\t\t\n<div class=\"row align-center\"  id=\"row-521397935\">\n\n\t<div id=\"col-837460691\" class=\"col medium-11 small-12 large-11\"  >\n\t\t\t\t<div class=\"col-inner text-center\"  >\n\t\t\t\n\t\t\t\n\t<div id=\"text-547584021\" class=\"text\">\n\t\t\n<p class=\"lead\"><strong><span style=\"font-size: 100%;\">Descubra mais<\/span><\/strong><\/p>\n<p class=\"lead\"><span style=\"font-size: 90%;\">Nossos parceiros incluem propriet\u00e1rios de resid\u00eancias, distribuidores e especialistas em instala\u00e7\u00e3o que est\u00e3o comprometidos em fornecer solu\u00e7\u00f5es inovadoras de inversores de armazenamento de energia aos clientes, impulsionando a transi\u00e7\u00e3o energ\u00e9tica para a frente. Eles s\u00e3o os principais pilares do nosso sucesso, oferecendo o melhor servi\u00e7o e suporte aos clientes por meio de extensas redes e expertise.<\/span><\/p>\n\t\t\n<style>\n#text-547584021 {\n  text-align: center;\n}\n<\/style>\n\t<\/div>\n\t\n\t\t<\/div>\n\t\t\t\t\t<\/div>\n\n\t\n<\/div>\n\t\t<\/div>\n\t\t\t\t\t<\/div>\n\n\t\n<\/div>\n\t<div id=\"gap-67258894\" class=\"gap-element clearfix\" style=\"display:block; height:auto;\">\n\t\t\n<style>\n#gap-67258894 {\n  padding-top: 30px;\n}\n<\/style>\n\t<\/div>\n\t\n\n  <div class=\"banner has-hover\" id=\"banner-149891278\">\n          <div class=\"banner-inner fill\">\n        <div class=\"banner-bg fill\" >\n            <div class=\"bg fill bg-fill\"><\/div>\n                        <div class=\"overlay\"><\/div>            \n                    <\/div>\n\t\t\n        <div class=\"banner-layers container\">\n            <div class=\"fill banner-link\"><\/div>            \n   <div id=\"text-box-1060840192\" class=\"text-box banner-layer x50 md-x50 lg-x50 y90 md-y50 lg-y50 res-text\">\n                                <div class=\"text-box-content text dark\">\n              \n              <div class=\"text-inner text-center\">\n                  \n<p class=\"lead\"><strong><span style=\"font-size: 200%;\">Propriet\u00e1rios de im\u00f3veis<\/span><\/strong><\/p>\n\t<div id=\"gap-2115767346\" class=\"gap-element clearfix\" style=\"display:block; height:auto;\">\n\t\t\n<style>\n#gap-2115767346 {\n  padding-top: 20px;\n}\n<\/style>\n\t<\/div>\n\t\n<a href=\"https:\/\/luxpowertek.com\/pt\/proprietarios-de-imoveis\/\" target=\"_blank\" class=\"button white is-outline is-larger\" rel=\"noopener\"  style=\"border-radius:10px;\">\n    <span>Ver mais<\/span>\n  <\/a>\n\n              <\/div>\n           <\/div>\n                            \n<style>\n#text-box-1060840192 {\n  margin: 108px 22px 28px 0px;\n  width: 60%;\n}\n#text-box-1060840192 .text-box-content {\n  font-size: 100%;\n}\n<\/style>\n    <\/div>\n \n        <\/div>\n      <\/div>\n\n            \n<style>\n#banner-149891278 {\n  padding-top: 250px;\n}\n#banner-149891278 .bg.bg-loaded {\n  background-image: url(https:\/\/luxpowertek.com\/wp-content\/uploads\/2024\/04\/Homeowner-scaled.webp);\n}\n#banner-149891278 .overlay {\n  background-color: rgba(0, 0, 0, 0.31);\n}\n#banner-149891278 .bg {\n  background-position: 35% 37%;\n}\n@media (min-width:550px) {\n  #banner-149891278 {\n    padding-top: 500px;\n  }\n}\n<\/style>\n  <\/div>\n\n\n\t<div id=\"gap-1858843818\" class=\"gap-element clearfix\" style=\"display:block; height:auto;\">\n\t\t\n<style>\n#gap-1858843818 {\n  padding-top: 30px;\n}\n<\/style>\n\t<\/div>\n\t\n\n  <div class=\"banner has-hover\" id=\"banner-652835840\">\n          <div class=\"banner-inner fill\">\n        <div class=\"banner-bg fill\" >\n            <div class=\"bg fill bg-fill\"><\/div>\n                        <div class=\"overlay\"><\/div>            \n                    <\/div>\n\t\t\n        <div class=\"banner-layers container\">\n            <div class=\"fill banner-link\"><\/div>            \n   <div id=\"text-box-2039381900\" class=\"text-box banner-layer x50 md-x50 lg-x50 y90 md-y50 lg-y50 res-text\">\n                                <div class=\"text-box-content text dark\">\n              \n              <div class=\"text-inner text-center\">\n                  \n<p class=\"lead\"><strong><span style=\"font-size: 200%;\">Distribuidores<\/span><\/strong><\/p>\n\t<div id=\"gap-1930703200\" class=\"gap-element clearfix\" style=\"display:block; height:auto;\">\n\t\t\n<style>\n#gap-1930703200 {\n  padding-top: 20px;\n}\n<\/style>\n\t<\/div>\n\t\n<a href=\"https:\/\/luxpowertek.com\/pt\/distribuidor\/\" target=\"_blank\" class=\"button white is-outline is-larger\" rel=\"noopener\"  style=\"border-radius:10px;\">\n    <span>Ver mais<\/span>\n  <\/a>\n\n              <\/div>\n           <\/div>\n                            \n<style>\n#text-box-2039381900 {\n  margin: 108px 22px 28px 0px;\n  width: 60%;\n}\n#text-box-2039381900 .text-box-content {\n  font-size: 100%;\n}\n<\/style>\n    <\/div>\n \n        <\/div>\n      <\/div>\n\n            \n<style>\n#banner-652835840 {\n  padding-top: 250px;\n}\n#banner-652835840 .bg.bg-loaded {\n  background-image: url(https:\/\/luxpowertek.com\/wp-content\/uploads\/2024\/04\/shutterstock_2209220415-scaled.webp);\n}\n#banner-652835840 .overlay {\n  background-color: rgba(0, 0, 0, 0.31);\n}\n@media (min-width:550px) {\n  #banner-652835840 {\n    padding-top: 500px;\n  }\n}\n<\/style>\n  <\/div>\n\n\n\t<div id=\"gap-1526331760\" class=\"gap-element clearfix\" style=\"display:block; height:auto;\">\n\t\t\n<style>\n#gap-1526331760 {\n  padding-top: 30px;\n}\n<\/style>\n\t<\/div>\n\t\n\n  <div class=\"banner has-hover\" id=\"banner-1215054361\">\n          <div class=\"banner-inner fill\">\n        <div class=\"banner-bg fill\" >\n            <div class=\"bg fill bg-fill\"><\/div>\n                        <div class=\"overlay\"><\/div>            \n                    <\/div>\n\t\t\n        <div class=\"banner-layers container\">\n            <div class=\"fill banner-link\"><\/div>            \n   <div id=\"text-box-2125420538\" class=\"text-box banner-layer x50 md-x50 lg-x50 y90 md-y50 lg-y50 res-text\">\n                                <div class=\"text-box-content text dark\">\n              \n              <div class=\"text-inner text-center\">\n                  \n<p class=\"lead\"><strong><span style=\"font-size: 200%;\">Instaladores<\/span><\/strong><\/p>\n\t<div id=\"gap-2003206642\" class=\"gap-element clearfix\" style=\"display:block; height:auto;\">\n\t\t\n<style>\n#gap-2003206642 {\n  padding-top: 20px;\n}\n<\/style>\n\t<\/div>\n\t\n              <\/div>\n           <\/div>\n                            \n<style>\n#text-box-2125420538 {\n  margin: 108px 22px 28px 0px;\n  width: 60%;\n}\n#text-box-2125420538 .text-box-content {\n  font-size: 100%;\n}\n<\/style>\n    <\/div>\n \n        <\/div>\n      <\/div>\n\n            \n<style>\n#banner-1215054361 {\n  padding-top: 250px;\n}\n#banner-1215054361 .bg.bg-loaded {\n  background-image: url(https:\/\/luxpowertek.com\/wp-content\/uploads\/2024\/04\/Installer-scaled.webp);\n}\n#banner-1215054361 .overlay {\n  background-color: rgba(0, 0, 0, 0.31);\n}\n@media (min-width:550px) {\n  #banner-1215054361 {\n    padding-top: 500px;\n  }\n}\n<\/style>\n  <\/div>\n\n\n\t<div id=\"gap-1036864545\" class=\"gap-element clearfix\" style=\"display:block; height:auto;\">\n\t\t\n<style>\n#gap-1036864545 {\n  padding-top: 30px;\n}\n<\/style>\n\t<\/div>\n\t\n\t\t<\/div>\n\n\t\t\n<style>\n#section_654385877 {\n  padding-top: 30px;\n  padding-bottom: 30px;\n  background-color: #000000;\n}\n#section_654385877 .section-bg-overlay {\n  background-color: rgba(255, 255, 255, 0.923);\n}\n<\/style>\n\t<\/section>","protected":false},"excerpt":{"rendered":"","protected":false},"author":1,"featured_media":0,"parent":0,"menu_order":0,"comment_status":"closed","ping_status":"closed","template":"page-blank.php","meta":{"rop_custom_images_group":[],"rop_custom_messages_group":[],"rop_publish_now":"initial","rop_publish_now_accounts":[],"rop_publish_now_history":[],"rop_publish_now_status":"pending","footnotes":""},"class_list":["post-11460","page","type-page","status-publish","hentry"],"yoast_head":"<!-- This site is optimized with the Yoast SEO plugin v27.3 - https:\/\/yoast.com\/product\/yoast-seo-wordpress\/ -->\n<title>Partner with Luxpower for Premium Solar Solutions<\/title>\n<meta name=\"description\" content=\"Our partners include homeowners, distributors, and installation experts who are committed to providing innovative energy storage inverter solutions to customers, driving the energy transition forward.\" \/>\n<meta name=\"robots\" content=\"index, follow, max-snippet:-1, max-image-preview:large, max-video-preview:-1\" \/>\n<link rel=\"canonical\" href=\"https:\/\/luxpowertek.com\/pt\/parceiro\/\" \/>\n<meta property=\"og:locale\" content=\"pt_BR\" \/>\n<meta property=\"og:type\" content=\"article\" \/>\n<meta property=\"og:title\" content=\"Partner with Luxpower for Premium Solar Solutions\" \/>\n<meta property=\"og:description\" content=\"Our partners include homeowners, distributors, and installation experts who are committed to providing innovative energy storage inverter solutions to customers, driving the energy transition forward.\" \/>\n<meta property=\"og:url\" content=\"https:\/\/luxpowertek.com\/pt\/parceiro\/\" \/>\n<meta property=\"article:modified_time\" content=\"2025-12-19T10:30:00+00:00\" \/>\n<meta name=\"twitter:card\" content=\"summary_large_image\" \/>\n<meta name=\"twitter:label1\" content=\"Est. tempo de leitura\" \/>\n\t<meta name=\"twitter:data1\" content=\"2 minutos\" \/>\n<script type=\"application\/ld+json\" class=\"yoast-schema-graph\">{\"@context\":\"https:\\\/\\\/schema.org\",\"@graph\":[{\"@type\":\"WebPage\",\"@id\":\"https:\\\/\\\/luxpowertek.com\\\/partner\\\/\",\"url\":\"https:\\\/\\\/luxpowertek.com\\\/partner\\\/\",\"name\":\"Partner with Luxpower for Premium Solar Solutions\",\"isPartOf\":{\"@id\":\"https:\\\/\\\/luxpowertek.com\\\/#website\"},\"datePublished\":\"2024-08-03T14:04:18+00:00\",\"dateModified\":\"2025-12-19T10:30:00+00:00\",\"description\":\"Our partners include homeowners, distributors, and installation experts who are committed to providing innovative energy storage inverter solutions to customers, driving the energy transition forward.\",\"breadcrumb\":{\"@id\":\"https:\\\/\\\/luxpowertek.com\\\/partner\\\/#breadcrumb\"},\"inLanguage\":\"pt-BR\",\"potentialAction\":[{\"@type\":\"ReadAction\",\"target\":[\"https:\\\/\\\/luxpowertek.com\\\/partner\\\/\"]}]},{\"@type\":\"BreadcrumbList\",\"@id\":\"https:\\\/\\\/luxpowertek.com\\\/partner\\\/#breadcrumb\",\"itemListElement\":[{\"@type\":\"ListItem\",\"position\":1,\"name\":\"Home\",\"item\":\"https:\\\/\\\/luxpowertek.com\\\/\"},{\"@type\":\"ListItem\",\"position\":2,\"name\":\"Partner\"}]},{\"@type\":\"WebSite\",\"@id\":\"https:\\\/\\\/luxpowertek.com\\\/#website\",\"url\":\"https:\\\/\\\/luxpowertek.com\\\/\",\"name\":\"\",\"description\":\"\",\"potentialAction\":[{\"@type\":\"SearchAction\",\"target\":{\"@type\":\"EntryPoint\",\"urlTemplate\":\"https:\\\/\\\/luxpowertek.com\\\/?s={search_term_string}\"},\"query-input\":{\"@type\":\"PropertyValueSpecification\",\"valueRequired\":true,\"valueName\":\"search_term_string\"}}],\"inLanguage\":\"pt-BR\"}]}<\/script>\n<!-- \/ Yoast SEO plugin. -->","yoast_head_json":{"title":"Fa\u00e7a parceria com a Luxpower para solu\u00e7\u00f5es solares premium.","description":"Nossos parceiros incluem propriet\u00e1rios de im\u00f3veis, distribuidores e especialistas em instala\u00e7\u00e3o que est\u00e3o comprometidos em fornecer solu\u00e7\u00f5es inovadoras de inversores para armazenamento de energia aos clientes, impulsionando a transi\u00e7\u00e3o energ\u00e9tica.","robots":{"index":"index","follow":"follow","max-snippet":"max-snippet:-1","max-image-preview":"max-image-preview:large","max-video-preview":"max-video-preview:-1"},"canonical":"https:\/\/luxpowertek.com\/pt\/parceiro\/","og_locale":"pt_BR","og_type":"article","og_title":"Partner with Luxpower for Premium Solar Solutions","og_description":"Our partners include homeowners, distributors, and installation experts who are committed to providing innovative energy storage inverter solutions to customers, driving the energy transition forward.","og_url":"https:\/\/luxpowertek.com\/pt\/parceiro\/","article_modified_time":"2025-12-19T10:30:00+00:00","twitter_card":"summary_large_image","twitter_misc":{"Est. tempo de leitura":"2 minutos"},"schema":{"@context":"https:\/\/schema.org","@graph":[{"@type":"WebPage","@id":"https:\/\/luxpowertek.com\/partner\/","url":"https:\/\/luxpowertek.com\/partner\/","name":"Fa\u00e7a parceria com a Luxpower para solu\u00e7\u00f5es solares premium.","isPartOf":{"@id":"https:\/\/luxpowertek.com\/#website"},"datePublished":"2024-08-03T14:04:18+00:00","dateModified":"2025-12-19T10:30:00+00:00","description":"Nossos parceiros incluem propriet\u00e1rios de im\u00f3veis, distribuidores e especialistas em instala\u00e7\u00e3o que est\u00e3o comprometidos em fornecer solu\u00e7\u00f5es inovadoras de inversores para armazenamento de energia aos clientes, impulsionando a transi\u00e7\u00e3o energ\u00e9tica.","breadcrumb":{"@id":"https:\/\/luxpowertek.com\/partner\/#breadcrumb"},"inLanguage":"pt-BR","potentialAction":[{"@type":"ReadAction","target":["https:\/\/luxpowertek.com\/partner\/"]}]},{"@type":"BreadcrumbList","@id":"https:\/\/luxpowertek.com\/partner\/#breadcrumb","itemListElement":[{"@type":"ListItem","position":1,"name":"Home","item":"https:\/\/luxpowertek.com\/"},{"@type":"ListItem","position":2,"name":"Partner"}]},{"@type":"WebSite","@id":"https:\/\/luxpowertek.com\/#website","url":"https:\/\/luxpowertek.com\/","name":"","description":"","potentialAction":[{"@type":"SearchAction","target":{"@type":"EntryPoint","urlTemplate":"https:\/\/luxpowertek.com\/?s={search_term_string}"},"query-input":{"@type":"PropertyValueSpecification","valueRequired":true,"valueName":"search_term_string"}}],"inLanguage":"pt-BR"}]}},"_links":{"self":[{"href":"https:\/\/luxpowertek.com\/pt\/wp-json\/wp\/v2\/pages\/11460","targetHints":{"allow":["GET"]}}],"collection":[{"href":"https:\/\/luxpowertek.com\/pt\/wp-json\/wp\/v2\/pages"}],"about":[{"href":"https:\/\/luxpowertek.com\/pt\/wp-json\/wp\/v2\/types\/page"}],"author":[{"embeddable":true,"href":"https:\/\/luxpowertek.com\/pt\/wp-json\/wp\/v2\/users\/1"}],"replies":[{"embeddable":true,"href":"https:\/\/luxpowertek.com\/pt\/wp-json\/wp\/v2\/comments?post=11460"}],"version-history":[{"count":9,"href":"https:\/\/luxpowertek.com\/pt\/wp-json\/wp\/v2\/pages\/11460\/revisions"}],"predecessor-version":[{"id":16970,"href":"https:\/\/luxpowertek.com\/pt\/wp-json\/wp\/v2\/pages\/11460\/revisions\/16970"}],"wp:attachment":[{"href":"https:\/\/luxpowertek.com\/pt\/wp-json\/wp\/v2\/media?parent=11460"}],"curies":[{"name":"wp","href":"https:\/\/api.w.org\/{rel}","templated":true}]}}