{"id":11452,"date":"2024-08-03T21:50:21","date_gmt":"2024-08-03T13:50:21","guid":{"rendered":"https:\/\/luxpowertek.com\/?page_id=11452"},"modified":"2025-11-07T16:32:09","modified_gmt":"2025-11-07T08:32:09","slug":"aplicacoes","status":"publish","type":"page","link":"https:\/\/luxpowertek.com\/pt\/aplicacoes\/","title":{"rendered":"Aplicativos"},"content":{"rendered":"<div class=\"banner has-hover\" id=\"banner-1736860831\">\n          <div class=\"banner-inner fill\">\n        <div class=\"banner-bg fill\" >\n            <div class=\"bg fill bg-fill\"><\/div>\n                                    \n                    <\/div>\n\t\t\n        <div class=\"banner-layers container\">\n            <div class=\"fill banner-link\"><\/div>            \n   <div id=\"text-box-1375624387\" class=\"text-box banner-layer x50 md-x50 lg-x50 y50 md-y50 lg-y50 res-text\">\n                                <div class=\"text-box-content text dark\">\n              \n              <div class=\"text-inner text-center\">\n                  \n              <\/div>\n           <\/div>\n                            \n<style>\n#text-box-1375624387 {\n  width: 60%;\n}\n#text-box-1375624387 .text-box-content {\n  font-size: 100%;\n}\n<\/style>\n    <\/div>\n \n        <\/div>\n      <\/div>\n\n            \n<style>\n#banner-1736860831 {\n  padding-top: 40%;\n}\n#banner-1736860831 .bg.bg-loaded {\n  background-image: url(https:\/\/luxpowertek.com\/wp-content\/uploads\/2024\/07\/Case-Study-scaled.webp);\n}\n<\/style>\n  <\/div>\n\n\n\t<section class=\"section\" id=\"section_865307771\">\n\t\t<div class=\"bg section-bg fill bg-fill  bg-loaded\" >\n\n\t\t\t\n\t\t\t\n\t\t\t\n\n\t\t<\/div>\n\n\t\t\n\n\t\t<div class=\"section-content relative\">\n\t\t\t\n<div class=\"row\"  id=\"row-1283394676\">\n\n\t<div id=\"col-934697087\" class=\"col small-12 large-12\"  >\n\t\t\t\t<div class=\"col-inner\"  >\n\t\t\t\n\t\t\t\n\t<div id=\"text-4047170891\" class=\"text\">\n\t\t\n<h1 class=\"lead\"><span style=\"font-size: 115%;\"><strong>Casos de clientes<\/strong><\/span><\/h1>\n\t\t\n<style>\n#text-4047170891 {\n  text-align: center;\n}\n<\/style>\n\t<\/div>\n\t\n\t\t<\/div>\n\t\t\t\t\t<\/div>\n\n\t\n<\/div>\n<div class=\"row\"  id=\"row-1871123620\">\n\n\t<div id=\"col-1374007709\" class=\"col medium-4 small-12 large-4\"  >\n\t\t\t\t<div class=\"col-inner\" style=\"background-color:rgb(255,255,255);\" >\n\t\t\t\n\t\t\t\n<div class=\"row\"  id=\"row-760919930\">\n\n\t<div id=\"col-665144831\" class=\"col small-12 large-12\"  >\n\t\t\t\t<div class=\"col-inner\"  >\n\t\t\t\n\t\t\t\n\t<div class=\"box has-hover   has-hover box-text-bottom\" >\n\n\t\t<div class=\"box-image\" >\n\t\t\t\t\t\t<div class=\"image-cover\" style=\"padding-top:100%;\">\n\t\t\t\t<img loading=\"lazy\" decoding=\"async\" width=\"1440\" height=\"1080\" src=\"https:\/\/luxpowertek.com\/wp-content\/uploads\/2024\/07\/Japan-case.webp\" class=\"attachment-original size-original\" alt=\"\" srcset=\"https:\/\/luxpowertek.com\/wp-content\/uploads\/2024\/07\/Japan-case.webp 1440w, https:\/\/luxpowertek.com\/wp-content\/uploads\/2024\/07\/Japan-case-300x225.webp 300w, https:\/\/luxpowertek.com\/wp-content\/uploads\/2024\/07\/Japan-case-1030x773.webp 1030w, https:\/\/luxpowertek.com\/wp-content\/uploads\/2024\/07\/Japan-case-768x576.webp 768w, https:\/\/luxpowertek.com\/wp-content\/uploads\/2024\/07\/Japan-case-510x383.webp 510w\" sizes=\"auto, (max-width: 1440px) 100vw, 1440px\" \/>\t\t\t\t\t\t\t\t\t\t\t<\/div>\n\t\t\t\t\t<\/div>\n\n\t\t<div class=\"box-text text-center\" >\n\t\t\t<div class=\"box-text-inner\">\n\t\t\t\t\n\t<div id=\"text-2149411828\" class=\"text\">\n\t\t\n<p class=\"lead\" style=\"text-align: center;\"><strong>LSP 100K no Jap\u00e3o<\/strong><\/p>\n<p class=\"lead\" style=\"text-align: center;\"><strong><span style=\"color: #63ad80;\">Fazenda fotovoltaica de 3,6 MWh<\/span><\/strong><\/p>\n<p class=\"lead\"><span style=\"font-size: 90%;\">Com 9 unidades de Luxpower 100K, esta fazenda solar no Jap\u00e3o foi adaptada em CC para se tornar uma usina de armazenamento de energia, capaz de processar 1,8 MW de energia fotovoltaica e carregar at\u00e9 900 kW nas baterias.<\/span><\/p>\n<p>\u00a0<\/p>\n<p>\u00a0<\/p>\n<p>\u00a0<\/p>\n<p>\u00a0<\/p>\n\t\t\n<style>\n#text-2149411828 {\n  text-align: left;\n}\n<\/style>\n\t<\/div>\n\t\n<a href=\"https:\/\/www.tiktok.com\/t\/ZTN9ojcxU\/\" class=\"button secondary is-outline is-large\"  style=\"border-radius:99px;\">\n    <span>Ver mais<\/span>\n  <\/a>\n\n\t\t\t<\/div>\n\t\t<\/div>\n\t<\/div>\n\t\n\t\t<\/div>\n\t\t\t\t\t<\/div>\n\n\t\n\n<style>\n#row-760919930 > .col > .col-inner {\n  background-color: rgba(9, 1, 1, 0.116);\n  border-radius: 15px;\n}\n<\/style>\n<\/div>\n\t\t<\/div>\n\t\t\t\t\t<\/div>\n\n\t\n\n\t<div id=\"col-1642679660\" class=\"col medium-4 small-12 large-4\"  >\n\t\t\t\t<div class=\"col-inner\"  >\n\t\t\t\n\t\t\t\n<div class=\"row\"  id=\"row-1968755189\">\n\n\t<div id=\"col-1332099795\" class=\"col small-12 large-12\"  >\n\t\t\t\t<div class=\"col-inner\"  >\n\t\t\t\n\t\t\t\n\t<div class=\"box has-hover   has-hover box-text-bottom\" >\n\n\t\t<div class=\"box-image\" >\n\t\t\t\t\t\t<div class=\"image-cover\" style=\"padding-top:100%;\">\n\t\t\t\t<img loading=\"lazy\" decoding=\"async\" width=\"1440\" height=\"1080\" src=\"https:\/\/luxpowertek.com\/wp-content\/uploads\/2024\/07\/UK-case.webp\" class=\"attachment-original size-original\" alt=\"\" srcset=\"https:\/\/luxpowertek.com\/wp-content\/uploads\/2024\/07\/UK-case.webp 1440w, https:\/\/luxpowertek.com\/wp-content\/uploads\/2024\/07\/UK-case-300x225.webp 300w, https:\/\/luxpowertek.com\/wp-content\/uploads\/2024\/07\/UK-case-1030x773.webp 1030w, https:\/\/luxpowertek.com\/wp-content\/uploads\/2024\/07\/UK-case-768x576.webp 768w, https:\/\/luxpowertek.com\/wp-content\/uploads\/2024\/07\/UK-case-510x383.webp 510w\" sizes=\"auto, (max-width: 1440px) 100vw, 1440px\" \/>\t\t\t\t\t\t\t\t\t\t\t<\/div>\n\t\t\t\t\t<\/div>\n\n\t\t<div class=\"box-text text-center\" >\n\t\t\t<div class=\"box-text-inner\">\n\t\t\t\t\n\t<div id=\"text-2785651469\" class=\"text\">\n\t\t\n<p class=\"lead\" style=\"text-align: center;\"><strong>TriP 20K no Reino Unido<\/strong><\/p>\n<p class=\"lead\" style=\"text-align: center;\"><span style=\"color: #63ad80;\"><strong>76,8 KWh PV&amp;ESS Acampamento<\/strong><\/span><\/p>\n<p class=\"lead\"><span style=\"font-size: 80%;\">Confira a instala\u00e7\u00e3o de 2 unidades do inversor h\u00edbrido de armazenamento de energia trif\u00e1sico Luxpower TriP 6-20K no Reino Unido, fornecendo energia para um acampamento completamente fora da rede!<\/span><\/p>\n<p class=\"lead\"><span style=\"font-size: 80%;\">Com seu design robusto, ele suporta entrada fotovoltaica de 30 kW e fornece sa\u00edda UPS de 20 kW, garantindo desempenho confi\u00e1vel para cen\u00e1rios residenciais e comerciais.<\/span><\/p>\n\t\t\n<style>\n#text-2785651469 {\n  text-align: left;\n}\n<\/style>\n\t<\/div>\n\t\n<a class=\"button secondary is-outline is-large\"  style=\"border-radius:99px;\">\n    <span>Ver mais<\/span>\n  <\/a>\n\n\t\t\t<\/div>\n\t\t<\/div>\n\t<\/div>\n\t\n\t\t<\/div>\n\t\t\t\t\t<\/div>\n\n\t\n\n<style>\n#row-1968755189 > .col > .col-inner {\n  background-color: rgba(9, 1, 1, 0.116);\n  border-radius: 15px;\n}\n<\/style>\n<\/div>\n\t\t<\/div>\n\t\t\t\t\t<\/div>\n\n\t\n\n\t<div id=\"col-1301129810\" class=\"col medium-4 small-12 large-4\"  >\n\t\t\t\t<div class=\"col-inner\"  >\n\t\t\t\n\t\t\t\n<div class=\"row\"  id=\"row-1513172985\">\n\n\t<div id=\"col-1670477179\" class=\"col small-12 large-12\"  >\n\t\t\t\t<div class=\"col-inner\"  >\n\t\t\t\n\t\t\t\n\t<div class=\"box has-hover   has-hover box-text-bottom\" >\n\n\t\t<div class=\"box-image\" >\n\t\t\t\t\t\t<div class=\"\" >\n\t\t\t\t<img loading=\"lazy\" decoding=\"async\" width=\"1280\" height=\"1280\" src=\"https:\/\/luxpowertek.com\/wp-content\/uploads\/2024\/07\/Vietnam-case.webp\" class=\"attachment-original size-original\" alt=\"\" srcset=\"https:\/\/luxpowertek.com\/wp-content\/uploads\/2024\/07\/Vietnam-case.webp 1280w, https:\/\/luxpowertek.com\/wp-content\/uploads\/2024\/07\/Vietnam-case-300x300.webp 300w, https:\/\/luxpowertek.com\/wp-content\/uploads\/2024\/07\/Vietnam-case-1030x1030.webp 1030w, https:\/\/luxpowertek.com\/wp-content\/uploads\/2024\/07\/Vietnam-case-80x80.webp 80w, https:\/\/luxpowertek.com\/wp-content\/uploads\/2024\/07\/Vietnam-case-768x768.webp 768w, https:\/\/luxpowertek.com\/wp-content\/uploads\/2024\/07\/Vietnam-case-510x510.webp 510w, https:\/\/luxpowertek.com\/wp-content\/uploads\/2024\/07\/Vietnam-case-100x100.webp 100w\" sizes=\"auto, (max-width: 1280px) 100vw, 1280px\" \/>\t\t\t\t\t\t\t\t\t\t\t<\/div>\n\t\t\t\t\t<\/div>\n\n\t\t<div class=\"box-text text-center\" >\n\t\t\t<div class=\"box-text-inner\">\n\t\t\t\t\n\t<div id=\"text-1756905405\" class=\"text\">\n\t\t\n<p class=\"lead\" style=\"text-align: center;\"><strong>LXP-EU 10K no Vietname<\/strong><\/p>\n<p class=\"lead\" style=\"text-align: center;\"><span style=\"color: #63ad80;\"><strong>Expandir o sistema de 3 para 7 unidades<\/strong><\/span><\/p>\n<p class=\"lead\"><span style=\"font-size: 80%;\">Nos \u00faltimos quatro meses, nossos clientes embarcaram em uma jornada emocionante de transforma\u00e7\u00e3o energ\u00e9tica. Eles optaram por instalar 3 unidades de inversores solares LXP-EU 10K e alcan\u00e7aram a gera\u00e7\u00e3o de energia conectada \u00e0 rede. Com o aumento da demanda, a escala do sistema continuou a se expandir, dos 3 inversores iniciais para 5 e, eventualmente, para 7.\u00a0<\/span><\/p>\n\t\t\n<style>\n#text-1756905405 {\n  text-align: left;\n}\n<\/style>\n\t<\/div>\n\t\n<a href=\"https:\/\/www.tiktok.com\/t\/ZTNx1dcTC\/\" class=\"button secondary is-outline is-large\"  style=\"border-radius:99px;\">\n    <span>Ver mais<\/span>\n  <\/a>\n\n\t\t\t<\/div>\n\t\t<\/div>\n\t<\/div>\n\t\n\t\t<\/div>\n\t\t\t\t\t<\/div>\n\n\t\n\n<style>\n#row-1513172985 > .col > .col-inner {\n  background-color: rgba(9, 1, 1, 0.116);\n  border-radius: 15px;\n}\n<\/style>\n<\/div>\n\t\t<\/div>\n\t\t\t\t\t<\/div>\n\n\t\n<\/div>\n<div class=\"row\"  id=\"row-1905742230\">\n\n\t<div id=\"col-183979451\" class=\"col medium-4 small-12 large-4\"  >\n\t\t\t\t<div class=\"col-inner\"  >\n\t\t\t\n\t\t\t\n<div class=\"row\"  id=\"row-1109436694\">\n\n\t<div id=\"col-1892355753\" class=\"col small-12 large-12\"  >\n\t\t\t\t<div class=\"col-inner\"  >\n\t\t\t\n\t\t\t\n\t<div class=\"box has-hover   has-hover box-text-bottom\" >\n\n\t\t<div class=\"box-image\" >\n\t\t\t\t\t\t<div class=\"image-cover\" style=\"padding-top:100%;\">\n\t\t\t\t<img loading=\"lazy\" decoding=\"async\" width=\"1200\" height=\"1600\" src=\"https:\/\/luxpowertek.com\/wp-content\/uploads\/2024\/07\/Lebanon-case.webp\" class=\"attachment-original size-original\" alt=\"\" srcset=\"https:\/\/luxpowertek.com\/wp-content\/uploads\/2024\/07\/Lebanon-case.webp 1200w, https:\/\/luxpowertek.com\/wp-content\/uploads\/2024\/07\/Lebanon-case-225x300.webp 225w, https:\/\/luxpowertek.com\/wp-content\/uploads\/2024\/07\/Lebanon-case-773x1030.webp 773w, https:\/\/luxpowertek.com\/wp-content\/uploads\/2024\/07\/Lebanon-case-768x1024.webp 768w, https:\/\/luxpowertek.com\/wp-content\/uploads\/2024\/07\/Lebanon-case-1152x1536.webp 1152w, https:\/\/luxpowertek.com\/wp-content\/uploads\/2024\/07\/Lebanon-case-510x680.webp 510w\" sizes=\"auto, (max-width: 1200px) 100vw, 1200px\" \/>\t\t\t\t\t\t\t\t\t\t\t<\/div>\n\t\t\t\t\t<\/div>\n\n\t\t<div class=\"box-text text-center\" >\n\t\t\t<div class=\"box-text-inner\">\n\t\t\t\t\n\t<div id=\"text-2315467806\" class=\"text\">\n\t\t\n<p class=\"lead\" style=\"text-align: center;\"><strong>LXP 12K no L\u00edbano<\/strong><\/p>\n<h4><\/h4>\n<p class=\"lead\" style=\"text-align: center;\"><span style=\"color: #63ad80;\"><strong>Backup de 30 kWh para toda a casa<\/strong><\/span><\/p>\n<p>Com um sistema de bateria de 30 kWh e gerenciado de forma inteligente pelo inversor h\u00edbrido Luxpower LXP 12 kW, ele protege o sol do Mediterr\u00e2neo de forma eficiente para um backup perfeito em toda a casa.<br \/>\n\t\t\n<style>\n#text-2315467806 {\n  text-align: left;\n}\n<\/style>\n\t<\/div>\n\t\n<a href=\"https:\/\/www.tiktok.com\/t\/ZTNx1x38T\/\" class=\"button secondary is-outline is-large\"  style=\"border-radius:99px;\">\n    <span>Ver mais<\/span>\n  <\/a>\n\n\t\t\t<\/div>\n\t\t<\/div>\n\t<\/div>\n\t\n\t\t<\/div>\n\t\t\t\t\t<\/div>\n\n\t\n\n<style>\n#row-1109436694 > .col > .col-inner {\n  background-color: rgba(9, 1, 1, 0.116);\n  border-radius: 15px;\n}\n<\/style>\n<\/div>\n\t\t<\/div>\n\t\t\t\t\t<\/div>\n\n\t\n\n\t<div id=\"col-1634318751\" class=\"col medium-4 small-12 large-4\"  >\n\t\t\t\t<div class=\"col-inner\"  >\n\t\t\t\n\t\t\t\n<div class=\"row\"  id=\"row-1310482094\">\n\n\t<div id=\"col-17854967\" class=\"col small-12 large-12\"  >\n\t\t\t\t<div class=\"col-inner\"  >\n\t\t\t\n\t\t\t\n\t<div class=\"box has-hover   has-hover box-text-bottom\" >\n\n\t\t<div class=\"box-image\" >\n\t\t\t\t\t\t<div class=\"image-cover\" style=\"padding-top:100%;\">\n\t\t\t\t<img loading=\"lazy\" decoding=\"async\" width=\"1284\" height=\"963\" src=\"https:\/\/luxpowertek.com\/wp-content\/uploads\/2024\/07\/CA-Case.webp\" class=\"attachment-original size-original\" alt=\"\" srcset=\"https:\/\/luxpowertek.com\/wp-content\/uploads\/2024\/07\/CA-Case.webp 1284w, https:\/\/luxpowertek.com\/wp-content\/uploads\/2024\/07\/CA-Case-300x225.webp 300w, https:\/\/luxpowertek.com\/wp-content\/uploads\/2024\/07\/CA-Case-1030x773.webp 1030w, https:\/\/luxpowertek.com\/wp-content\/uploads\/2024\/07\/CA-Case-768x576.webp 768w, https:\/\/luxpowertek.com\/wp-content\/uploads\/2024\/07\/CA-Case-510x383.webp 510w\" sizes=\"auto, (max-width: 1284px) 100vw, 1284px\" \/>\t\t\t\t\t\t\t\t\t\t\t<\/div>\n\t\t\t\t\t<\/div>\n\n\t\t<div class=\"box-text text-center\" >\n\t\t\t<div class=\"box-text-inner\">\n\t\t\t\t\n\t<div id=\"text-2885265178\" class=\"text\">\n\t\t\n<p class=\"lead\" style=\"text-align: center;\"><strong>LXP-US 10K na Calif\u00f3rnia<\/strong><\/p>\n<h4><\/h4>\n<p class=\"lead\" style=\"text-align: center;\"><span style=\"color: #63ad80;\"><strong>Sistema de 20 kWh para todo o armaz\u00e9m<\/strong><\/span><\/p>\n<p>Fornecemos suporte de energia confi\u00e1vel para um pequeno armaz\u00e9m. Instalamos um inversor LXP-LB-US 10K, equipado com dois conjuntos de baterias de 10 kWh, totalizando 20 kWh de capacidade de armazenamento. Este sistema fornece suporte de energia cont\u00ednuo para o armaz\u00e9m, ajudando a reduzir os custos de energia e a depend\u00eancia da rede tradicional.<br \/>\n\t\t\n<style>\n#text-2885265178 {\n  text-align: left;\n}\n<\/style>\n\t<\/div>\n\t\n<a href=\"https:\/\/www.tiktok.com\/t\/ZTNx1x38T\/\" class=\"button secondary is-outline is-large\"  style=\"border-radius:99px;\">\n    <span>Ver mais<\/span>\n  <\/a>\n\n\t\t\t<\/div>\n\t\t<\/div>\n\t<\/div>\n\t\n\t\t<\/div>\n\t\t\t\t\t<\/div>\n\n\t\n\n<style>\n#row-1310482094 > .col > .col-inner {\n  background-color: rgba(9, 1, 1, 0.116);\n  border-radius: 15px;\n}\n<\/style>\n<\/div>\n\t\t<\/div>\n\t\t\t\t\t<\/div>\n\n\t\n<\/div>\n\t\t<\/div>\n\n\t\t\n<style>\n#section_865307771 {\n  padding-top: 30px;\n  padding-bottom: 30px;\n}\n<\/style>\n\t<\/section>","protected":false},"excerpt":{"rendered":"","protected":false},"author":1,"featured_media":0,"parent":0,"menu_order":0,"comment_status":"closed","ping_status":"closed","template":"page-blank.php","meta":{"rop_custom_images_group":[],"rop_custom_messages_group":[],"rop_publish_now":"initial","rop_publish_now_accounts":[],"rop_publish_now_history":[],"rop_publish_now_status":"pending","footnotes":""},"class_list":["post-11452","page","type-page","status-publish","hentry"],"yoast_head":"<!-- This site is optimized with the Yoast SEO plugin v27.3 - https:\/\/yoast.com\/product\/yoast-seo-wordpress\/ -->\n<title>Customer Cases - Luxpower<\/title>\n<meta name=\"description\" content=\"Click here to view real cases of using our solar inverters in various countries.\" \/>\n<meta name=\"robots\" content=\"index, follow, max-snippet:-1, max-image-preview:large, max-video-preview:-1\" \/>\n<link rel=\"canonical\" href=\"https:\/\/luxpowertek.com\/pt\/aplicacoes\/\" \/>\n<meta property=\"og:locale\" content=\"pt_BR\" \/>\n<meta property=\"og:type\" content=\"article\" \/>\n<meta property=\"og:title\" content=\"Customer Cases - Luxpower\" \/>\n<meta property=\"og:description\" content=\"Click here to view real cases of using our solar inverters in various countries.\" \/>\n<meta property=\"og:url\" content=\"https:\/\/luxpowertek.com\/pt\/aplicacoes\/\" \/>\n<meta property=\"article:modified_time\" content=\"2025-11-07T08:32:09+00:00\" \/>\n<meta name=\"twitter:card\" content=\"summary_large_image\" \/>\n<meta name=\"twitter:label1\" content=\"Est. tempo de leitura\" \/>\n\t<meta name=\"twitter:data1\" content=\"2 minutos\" \/>\n<script type=\"application\/ld+json\" class=\"yoast-schema-graph\">{\"@context\":\"https:\\\/\\\/schema.org\",\"@graph\":[{\"@type\":\"WebPage\",\"@id\":\"https:\\\/\\\/luxpowertek.com\\\/applications\\\/\",\"url\":\"https:\\\/\\\/luxpowertek.com\\\/applications\\\/\",\"name\":\"Customer Cases - Luxpower\",\"isPartOf\":{\"@id\":\"https:\\\/\\\/luxpowertek.com\\\/#website\"},\"datePublished\":\"2024-08-03T13:50:21+00:00\",\"dateModified\":\"2025-11-07T08:32:09+00:00\",\"description\":\"Click here to view real cases of using our solar inverters in various countries.\",\"breadcrumb\":{\"@id\":\"https:\\\/\\\/luxpowertek.com\\\/applications\\\/#breadcrumb\"},\"inLanguage\":\"pt-BR\",\"potentialAction\":[{\"@type\":\"ReadAction\",\"target\":[\"https:\\\/\\\/luxpowertek.com\\\/applications\\\/\"]}]},{\"@type\":\"BreadcrumbList\",\"@id\":\"https:\\\/\\\/luxpowertek.com\\\/applications\\\/#breadcrumb\",\"itemListElement\":[{\"@type\":\"ListItem\",\"position\":1,\"name\":\"Home\",\"item\":\"https:\\\/\\\/luxpowertek.com\\\/\"},{\"@type\":\"ListItem\",\"position\":2,\"name\":\"Applications\"}]},{\"@type\":\"WebSite\",\"@id\":\"https:\\\/\\\/luxpowertek.com\\\/#website\",\"url\":\"https:\\\/\\\/luxpowertek.com\\\/\",\"name\":\"\",\"description\":\"\",\"potentialAction\":[{\"@type\":\"SearchAction\",\"target\":{\"@type\":\"EntryPoint\",\"urlTemplate\":\"https:\\\/\\\/luxpowertek.com\\\/?s={search_term_string}\"},\"query-input\":{\"@type\":\"PropertyValueSpecification\",\"valueRequired\":true,\"valueName\":\"search_term_string\"}}],\"inLanguage\":\"pt-BR\"}]}<\/script>\n<!-- \/ Yoast SEO plugin. -->","yoast_head_json":{"title":"Casos de clientes - Luxpower","description":"Clique aqui para ver casos reais de uso de nossos inversores solares em v\u00e1rios pa\u00edses.","robots":{"index":"index","follow":"follow","max-snippet":"max-snippet:-1","max-image-preview":"max-image-preview:large","max-video-preview":"max-video-preview:-1"},"canonical":"https:\/\/luxpowertek.com\/pt\/aplicacoes\/","og_locale":"pt_BR","og_type":"article","og_title":"Customer Cases - Luxpower","og_description":"Click here to view real cases of using our solar inverters in various countries.","og_url":"https:\/\/luxpowertek.com\/pt\/aplicacoes\/","article_modified_time":"2025-11-07T08:32:09+00:00","twitter_card":"summary_large_image","twitter_misc":{"Est. tempo de leitura":"2 minutos"},"schema":{"@context":"https:\/\/schema.org","@graph":[{"@type":"WebPage","@id":"https:\/\/luxpowertek.com\/applications\/","url":"https:\/\/luxpowertek.com\/applications\/","name":"Casos de clientes - Luxpower","isPartOf":{"@id":"https:\/\/luxpowertek.com\/#website"},"datePublished":"2024-08-03T13:50:21+00:00","dateModified":"2025-11-07T08:32:09+00:00","description":"Clique aqui para ver casos reais de uso de nossos inversores solares em v\u00e1rios pa\u00edses.","breadcrumb":{"@id":"https:\/\/luxpowertek.com\/applications\/#breadcrumb"},"inLanguage":"pt-BR","potentialAction":[{"@type":"ReadAction","target":["https:\/\/luxpowertek.com\/applications\/"]}]},{"@type":"BreadcrumbList","@id":"https:\/\/luxpowertek.com\/applications\/#breadcrumb","itemListElement":[{"@type":"ListItem","position":1,"name":"Home","item":"https:\/\/luxpowertek.com\/"},{"@type":"ListItem","position":2,"name":"Applications"}]},{"@type":"WebSite","@id":"https:\/\/luxpowertek.com\/#website","url":"https:\/\/luxpowertek.com\/","name":"","description":"","potentialAction":[{"@type":"SearchAction","target":{"@type":"EntryPoint","urlTemplate":"https:\/\/luxpowertek.com\/?s={search_term_string}"},"query-input":{"@type":"PropertyValueSpecification","valueRequired":true,"valueName":"search_term_string"}}],"inLanguage":"pt-BR"}]}},"_links":{"self":[{"href":"https:\/\/luxpowertek.com\/pt\/wp-json\/wp\/v2\/pages\/11452","targetHints":{"allow":["GET"]}}],"collection":[{"href":"https:\/\/luxpowertek.com\/pt\/wp-json\/wp\/v2\/pages"}],"about":[{"href":"https:\/\/luxpowertek.com\/pt\/wp-json\/wp\/v2\/types\/page"}],"author":[{"embeddable":true,"href":"https:\/\/luxpowertek.com\/pt\/wp-json\/wp\/v2\/users\/1"}],"replies":[{"embeddable":true,"href":"https:\/\/luxpowertek.com\/pt\/wp-json\/wp\/v2\/comments?post=11452"}],"version-history":[{"count":10,"href":"https:\/\/luxpowertek.com\/pt\/wp-json\/wp\/v2\/pages\/11452\/revisions"}],"predecessor-version":[{"id":16466,"href":"https:\/\/luxpowertek.com\/pt\/wp-json\/wp\/v2\/pages\/11452\/revisions\/16466"}],"wp:attachment":[{"href":"https:\/\/luxpowertek.com\/pt\/wp-json\/wp\/v2\/media?parent=11452"}],"curies":[{"name":"wp","href":"https:\/\/api.w.org\/{rel}","templated":true}]}}