{"id":2726,"date":"2022-01-14T16:40:15","date_gmt":"2022-01-14T08:40:15","guid":{"rendered":"https:\/\/nibianqi.bbswaimao.com\/?post_type=product&#038;p=2726"},"modified":"2026-03-19T20:10:33","modified_gmt":"2026-03-19T12:10:33","slug":"zacisk-tomograficzny","status":"publish","type":"product","link":"https:\/\/luxpowertek.com\/pl\/zacisk-tomograficzny\/","title":{"rendered":"Zacisk CT"},"content":{"rendered":"<section class=\"section\" id=\"section_180420723\">\n\t\t<div class=\"bg section-bg fill bg-fill  bg-loaded\" >\n\n\t\t\t\n\t\t\t\n\t\t\t\n\n\t\t<\/div>\n\n\t\t\n\n\t\t<div class=\"section-content relative\">\n\t\t\t\n<div class=\"row\"  id=\"row-598257292\">\n\n\t<div id=\"col-1746171119\" class=\"col small-12 large-12\"  >\n\t\t\t\t<div class=\"col-inner\"  >\n\t\t\t\n\t\t\t\n<div style=\"overflow: auto;\">\n<table border=\"\u201d1\u2033\" width=\"\u201d3000px\u201d\" align=\"\u201dcenter\u201d\">\n<thead>\n<tr>\n<td rowspan=\"2\">\u015arodowisko pracy<\/td>\n<td>Temperatura otoczenia<\/td>\n<td>-10\u2103~+60\u2103<\/td>\n<td>Temperatura przechowywania<\/td>\n<td>-20\u2103~+70\u2103<\/td>\n<\/tr>\n<tr>\n<td>Wilgotno\u015b\u0107 wzgl\u0119dna<\/td>\n<td>\u226495%<\/td>\n<td>Warunki ci\u015bnieniowe<\/td>\n<td>70-106kPa<\/td>\n<\/tr>\n<\/thead>\n<tbody>\n<tr>\n<td rowspan=\"8\">Parametry elektryczne<\/td>\n<td>Jedno wej\u015bcie znamionowe<\/td>\n<td>100A<\/td>\n<td>R\u00f3\u017cnica procentowa<\/td>\n<td>\u00b10,5%<\/td>\n<\/tr>\n<tr>\n<td>Wyj\u015bcie wt\u00f3rne<\/td>\n<td>100mA<\/td>\n<td>Oceniono r\u00f3\u017cnic\u0119 naro\u017cn\u0105<\/td>\n<td>\u226460\u2032<\/td>\n<\/tr>\n<tr>\n<td>Obci\u0105\u017cenie znamionowe wt\u00f3rne<\/td>\n<td>10\u03a9<\/td>\n<td>Maksymalny pr\u0105d<\/td>\n<td>120A ci\u0105g\u0142o\u015b\u0107<\/td>\n<\/tr>\n<tr>\n<td>Terminal kropkowany<\/td>\n<td>P1 i terminal 8 st\u00f3p (czerwony)<\/td>\n<td>Cz\u0119stotliwo\u015b\u0107 pracy<\/td>\n<td>50-400 Hz<\/td>\n<\/tr>\n<tr>\n<td>Napi\u0119cie cz\u0119stotliwo\u015bci sieciowej<\/td>\n<td>4000 V\/10 s, 1 mA<\/td>\n<td>Rezystancja izolacji<\/td>\n<td>100M\u03a9@500Vdc<\/td>\n<\/tr>\n<tr>\n<td>Ochrona \u015brodowiska<\/td>\n<td>Wymagania ROHS<\/td>\n<td>Napi\u0119cie obwodu otwartego<\/td>\n<td>6-8 V<\/td>\n<\/tr>\n<tr>\n<td>Liniowo\u015b\u0107<\/td>\n<td>0,5 l (5A-120A)<\/td>\n<td>Materia\u0142 pow\u0142oki<\/td>\n<td>Komputer<\/td>\n<\/tr>\n<tr>\n<td>Linia wyj\u015bciowa wt\u00f3rna<\/td>\n<td colspan=\"3\">Przew\u00f3d os\u0142onowy AWM2517-26AWG, kolor rdzenia czerwony i czarny, d\u0142ugo\u015b\u0107 ods\u0142oni\u0119tej pow\u0142oki 10 m \u00b1 0,5 m (wliczaj\u0105c zaciski), rdze\u0144 zaciskany 8-\u017cy\u0142owymi zaciskami wtykowymi<\/td>\n<\/tr>\n<\/tbody>\n<\/table>\n<\/div>\n\t\t<\/div>\n\t\t\t\t\t<\/div>\n\n\t\n<\/div>\n\t\t<\/div>\n\n\t\t\n<style>\n#section_180420723 {\n  padding-top: 30px;\n  padding-bottom: 30px;\n}\n<\/style>\n\t<\/section>","protected":false},"excerpt":{"rendered":"","protected":false},"featured_media":2727,"comment_status":"open","ping_status":"closed","template":"","meta":{"rop_custom_images_group":[],"rop_custom_messages_group":[],"rop_publish_now":"initial","rop_publish_now_accounts":[],"rop_publish_now_history":[],"rop_publish_now_status":"pending"},"product_brand":[],"product_cat":[24],"class_list":{"0":"post-2726","1":"product","2":"type-product","3":"status-publish","4":"has-post-thumbnail","6":"product_cat-accessorie","8":"first","9":"instock","10":"shipping-taxable","11":"product-type-simple"},"yoast_head":"<!-- This site is optimized with the Yoast SEO plugin v27.3 - https:\/\/yoast.com\/product\/yoast-seo-wordpress\/ -->\n<title>CT Clamp -<\/title>\n<meta name=\"robots\" content=\"index, follow, max-snippet:-1, max-image-preview:large, max-video-preview:-1\" \/>\n<link rel=\"canonical\" href=\"https:\/\/luxpowertek.com\/pl\/zacisk-tomograficzny\/\" \/>\n<meta property=\"og:locale\" content=\"pl_PL\" \/>\n<meta property=\"og:type\" content=\"article\" \/>\n<meta property=\"og:title\" content=\"CT Clamp -\" \/>\n<meta property=\"og:url\" content=\"https:\/\/luxpowertek.com\/pl\/zacisk-tomograficzny\/\" \/>\n<meta property=\"article:modified_time\" content=\"2026-03-19T12:10:33+00:00\" \/>\n<meta property=\"og:image\" content=\"https:\/\/luxpowertek.com\/wp-content\/uploads\/2022\/01\/ctlamp.jpg\" \/>\n\t<meta property=\"og:image:width\" content=\"800\" \/>\n\t<meta property=\"og:image:height\" content=\"800\" \/>\n\t<meta property=\"og:image:type\" content=\"image\/jpeg\" \/>\n<meta name=\"twitter:card\" content=\"summary_large_image\" \/>\n<meta name=\"twitter:label1\" content=\"Est. reading time\" \/>\n\t<meta name=\"twitter:data1\" content=\"1 minuta\" \/>\n<script type=\"application\/ld+json\" class=\"yoast-schema-graph\">{\"@context\":\"https:\\\/\\\/schema.org\",\"@graph\":[{\"@type\":\"WebPage\",\"@id\":\"https:\\\/\\\/luxpowertek.com\\\/ct-clamp\",\"url\":\"https:\\\/\\\/luxpowertek.com\\\/ct-clamp\",\"name\":\"CT Clamp -\",\"isPartOf\":{\"@id\":\"https:\\\/\\\/luxpowertek.com\\\/#website\"},\"primaryImageOfPage\":{\"@id\":\"https:\\\/\\\/luxpowertek.com\\\/ct-clamp#primaryimage\"},\"image\":{\"@id\":\"https:\\\/\\\/luxpowertek.com\\\/ct-clamp#primaryimage\"},\"thumbnailUrl\":\"https:\\\/\\\/luxpowertek.com\\\/wp-content\\\/uploads\\\/2022\\\/01\\\/ctlamp.jpg\",\"datePublished\":\"2022-01-14T08:40:15+00:00\",\"dateModified\":\"2026-03-19T12:10:33+00:00\",\"breadcrumb\":{\"@id\":\"https:\\\/\\\/luxpowertek.com\\\/ct-clamp#breadcrumb\"},\"inLanguage\":\"pl-PL\",\"potentialAction\":[{\"@type\":\"ReadAction\",\"target\":[\"https:\\\/\\\/luxpowertek.com\\\/ct-clamp\"]}]},{\"@type\":\"ImageObject\",\"inLanguage\":\"pl-PL\",\"@id\":\"https:\\\/\\\/luxpowertek.com\\\/ct-clamp#primaryimage\",\"url\":\"https:\\\/\\\/luxpowertek.com\\\/wp-content\\\/uploads\\\/2022\\\/01\\\/ctlamp.jpg\",\"contentUrl\":\"https:\\\/\\\/luxpowertek.com\\\/wp-content\\\/uploads\\\/2022\\\/01\\\/ctlamp.jpg\",\"width\":800,\"height\":800,\"caption\":\"inverter accessories\"},{\"@type\":\"BreadcrumbList\",\"@id\":\"https:\\\/\\\/luxpowertek.com\\\/ct-clamp#breadcrumb\",\"itemListElement\":[{\"@type\":\"ListItem\",\"position\":1,\"name\":\"Home\",\"item\":\"https:\\\/\\\/luxpowertek.com\\\/\"},{\"@type\":\"ListItem\",\"position\":2,\"name\":\"Products\",\"item\":\"https:\\\/\\\/luxpowertek.com\\\/shop\"},{\"@type\":\"ListItem\",\"position\":3,\"name\":\"CT Clamp\"}]},{\"@type\":\"WebSite\",\"@id\":\"https:\\\/\\\/luxpowertek.com\\\/#website\",\"url\":\"https:\\\/\\\/luxpowertek.com\\\/\",\"name\":\"\",\"description\":\"\",\"potentialAction\":[{\"@type\":\"SearchAction\",\"target\":{\"@type\":\"EntryPoint\",\"urlTemplate\":\"https:\\\/\\\/luxpowertek.com\\\/?s={search_term_string}\"},\"query-input\":{\"@type\":\"PropertyValueSpecification\",\"valueRequired\":true,\"valueName\":\"search_term_string\"}}],\"inLanguage\":\"pl-PL\"}]}<\/script>\n<!-- \/ Yoast SEO plugin. -->","yoast_head_json":{"title":"Zacisk CT -","robots":{"index":"index","follow":"follow","max-snippet":"max-snippet:-1","max-image-preview":"max-image-preview:large","max-video-preview":"max-video-preview:-1"},"canonical":"https:\/\/luxpowertek.com\/pl\/zacisk-tomograficzny\/","og_locale":"pl_PL","og_type":"article","og_title":"CT Clamp -","og_url":"https:\/\/luxpowertek.com\/pl\/zacisk-tomograficzny\/","article_modified_time":"2026-03-19T12:10:33+00:00","og_image":[{"width":800,"height":800,"url":"https:\/\/luxpowertek.com\/wp-content\/uploads\/2022\/01\/ctlamp.jpg","type":"image\/jpeg"}],"twitter_card":"summary_large_image","twitter_misc":{"Est. reading time":"1 minuta"},"schema":{"@context":"https:\/\/schema.org","@graph":[{"@type":"WebPage","@id":"https:\/\/luxpowertek.com\/ct-clamp","url":"https:\/\/luxpowertek.com\/ct-clamp","name":"Zacisk CT -","isPartOf":{"@id":"https:\/\/luxpowertek.com\/#website"},"primaryImageOfPage":{"@id":"https:\/\/luxpowertek.com\/ct-clamp#primaryimage"},"image":{"@id":"https:\/\/luxpowertek.com\/ct-clamp#primaryimage"},"thumbnailUrl":"https:\/\/luxpowertek.com\/wp-content\/uploads\/2022\/01\/ctlamp.jpg","datePublished":"2022-01-14T08:40:15+00:00","dateModified":"2026-03-19T12:10:33+00:00","breadcrumb":{"@id":"https:\/\/luxpowertek.com\/ct-clamp#breadcrumb"},"inLanguage":"pl-PL","potentialAction":[{"@type":"ReadAction","target":["https:\/\/luxpowertek.com\/ct-clamp"]}]},{"@type":"ImageObject","inLanguage":"pl-PL","@id":"https:\/\/luxpowertek.com\/ct-clamp#primaryimage","url":"https:\/\/luxpowertek.com\/wp-content\/uploads\/2022\/01\/ctlamp.jpg","contentUrl":"https:\/\/luxpowertek.com\/wp-content\/uploads\/2022\/01\/ctlamp.jpg","width":800,"height":800,"caption":"inverter accessories"},{"@type":"BreadcrumbList","@id":"https:\/\/luxpowertek.com\/ct-clamp#breadcrumb","itemListElement":[{"@type":"ListItem","position":1,"name":"Home","item":"https:\/\/luxpowertek.com\/"},{"@type":"ListItem","position":2,"name":"Products","item":"https:\/\/luxpowertek.com\/shop"},{"@type":"ListItem","position":3,"name":"CT Clamp"}]},{"@type":"WebSite","@id":"https:\/\/luxpowertek.com\/#website","url":"https:\/\/luxpowertek.com\/","name":"","description":"","potentialAction":[{"@type":"SearchAction","target":{"@type":"EntryPoint","urlTemplate":"https:\/\/luxpowertek.com\/?s={search_term_string}"},"query-input":{"@type":"PropertyValueSpecification","valueRequired":true,"valueName":"search_term_string"}}],"inLanguage":"pl-PL"}]}},"_links":{"self":[{"href":"https:\/\/luxpowertek.com\/pl\/wp-json\/wp\/v2\/product\/2726","targetHints":{"allow":["GET"]}}],"collection":[{"href":"https:\/\/luxpowertek.com\/pl\/wp-json\/wp\/v2\/product"}],"about":[{"href":"https:\/\/luxpowertek.com\/pl\/wp-json\/wp\/v2\/types\/product"}],"replies":[{"embeddable":true,"href":"https:\/\/luxpowertek.com\/pl\/wp-json\/wp\/v2\/comments?post=2726"}],"wp:featuredmedia":[{"embeddable":true,"href":"https:\/\/luxpowertek.com\/pl\/wp-json\/wp\/v2\/media\/2727"}],"wp:attachment":[{"href":"https:\/\/luxpowertek.com\/pl\/wp-json\/wp\/v2\/media?parent=2726"}],"wp:term":[{"taxonomy":"product_brand","embeddable":true,"href":"https:\/\/luxpowertek.com\/pl\/wp-json\/wp\/v2\/product_brand?post=2726"},{"taxonomy":"product_cat","embeddable":true,"href":"https:\/\/luxpowertek.com\/pl\/wp-json\/wp\/v2\/product_cat?post=2726"}],"curies":[{"name":"wp","href":"https:\/\/api.w.org\/{rel}","templated":true}]}}