{"id":1673,"date":"2021-12-13T15:00:38","date_gmt":"2021-12-13T07:00:38","guid":{"rendered":"https:\/\/nibianqi.bbswaimao.com\/?post_type=product&#038;p=1673"},"modified":"2024-08-28T08:59:16","modified_gmt":"2024-08-28T00:59:16","slug":"zacisk-ct-falownika-luxpower","status":"publish","type":"product","link":"https:\/\/luxpowertek.com\/pl\/zacisk-ct-falownika-luxpower\/","title":{"rendered":"Zacisk CT falownika Luxpower"},"content":{"rendered":"<h2>Specyfikacja<\/h2>\n<div class=\"row\"  id=\"row-1288543160\">\n\n\t<div id=\"col-902986877\" class=\"col small-12 large-12\"  >\n\t\t\t\t<div class=\"col-inner\"  >\n\t\t\t\n\t\t\t\n<table>\n<thead>\n<tr>\n<th>Model<\/th>\n<th>Wi-Fi<\/th>\n<th>GPRS<\/th>\n<\/tr>\n<\/thead>\n<tbody>\n<tr>\n<td>Rozmiar<\/td>\n<td>86*55*23mm<\/td>\n<td>Wymiary: 106*55*23mm<\/td>\n<\/tr>\n<tr>\n<td>Waga<\/td>\n<td>34g<\/td>\n<td>48g<\/td>\n<\/tr>\n<tr>\n<td>Stopie\u0144 ochrony<\/td>\n<td>IP65<\/td>\n<td>IP65<\/td>\n<\/tr>\n<tr>\n<td>Instalacja<\/td>\n<td>Mocowany do urz\u0105dzenia za pomoc\u0105 \u015brub<\/td>\n<td>Mocowany do urz\u0105dzenia za pomoc\u0105 \u015brub<\/td>\n<\/tr>\n<tr>\n<td>Napi\u0119cie znamionowe<\/td>\n<td>5V<\/td>\n<td>5V<\/td>\n<\/tr>\n<tr>\n<td>Maksymalny pr\u0105d<\/td>\n<td>0,25 A<\/td>\n<td>2A<\/td>\n<\/tr>\n<tr>\n<td>Interfejs zewn\u0119trzny<\/td>\n<td>HDMI<\/td>\n<td>HDMI<\/td>\n<\/tr>\n<tr>\n<td>Kontrolka<\/td>\n<td>3<\/td>\n<td>3<\/td>\n<\/tr>\n<tr>\n<td>Temperatura pracy<\/td>\n<td>-25\u2103~60\u2103<\/td>\n<td>-25\u2103~60\u2103<\/td>\n<\/tr>\n<tr>\n<td>Temperatura przechowywania<\/td>\n<td>-25\u2103~60\u2103<\/td>\n<td>-25\u2103~60\u2103<\/td>\n<\/tr>\n<tr>\n<td>Lokalny interfejs komunikacyjny<\/td>\n<td>RS485\/TTL<\/td>\n<td>RS485\/TTL<\/td>\n<\/tr>\n<tr>\n<td>Dost\u0119p do sieci publicznej<\/td>\n<td>Wi-Fi<\/td>\n<td>GPRS\/TD-SCDMA\/WCDMA\/TLE<\/td>\n<\/tr>\n<tr>\n<td>Szybko\u015b\u0107 transmisji<\/td>\n<td>19200bps (domy\u015blnie)<\/td>\n<td>19200bps (domy\u015blnie)<\/td>\n<\/tr>\n<tr>\n<td>Cz\u0119stotliwo\u015b\u0107 pracy<\/td>\n<td>2,412 GHz \u2013 2,484 GHz<\/td>\n<td><\/td>\n<\/tr>\n<tr>\n<td>Maksymalna pr\u0119dko\u015b\u0107 transmisji<\/td>\n<td>72 Mb\/s<\/td>\n<td>10 Mb\/s<\/td>\n<\/tr>\n<tr>\n<td>Odleg\u0142o\u015b\u0107 komunikacyjna<\/td>\n<td>100m<\/td>\n<td>Sie\u0107 operatora<\/td>\n<\/tr>\n<tr>\n<td>Zysk anteny<\/td>\n<td>2,5 dBi<\/td>\n<td>2,5 dBi<\/td>\n<\/tr>\n<tr>\n<td>Antena<\/td>\n<td>Antena zewn\u0119trzna (zewn\u0119trzna cz\u0119\u015b\u0107 anteny jest opcjonalna)<\/td>\n<td>Antena zewn\u0119trzna (zewn\u0119trzna cz\u0119\u015b\u0107 anteny jest opcjonalna)<\/td>\n<\/tr>\n<tr>\n<td>Karta ruchu<\/td>\n<td>\u2014<\/td>\n<td>Karta ruchu 4G<\/td>\n<\/tr>\n<tr>\n<td>Pies podw\u00f3rzowy<\/td>\n<td>Nadz\u00f3r oprogramowania + nadz\u00f3r sprz\u0119tu<\/td>\n<td>Nadz\u00f3r oprogramowania + nadz\u00f3r sprz\u0119tu<\/td>\n<\/tr>\n<tr>\n<td>Protok\u00f3\u0142 komunikacji warstwy sprz\u0119towej<\/td>\n<td>Modbus-RTU<\/td>\n<td>Modbus-RTU<\/td>\n<\/tr>\n<tr>\n<td>Protok\u00f3\u0142 komunikacyjny warstwy sieciowej<\/td>\n<td>Modbus-TCP<\/td>\n<td>Modbus-TCP<\/td>\n<\/tr>\n<tr>\n<td>Spos\u00f3b ustawiania parametr\u00f3w<\/td>\n<td>Aplikacja\/Serwer zdalny<\/td>\n<td>Aplikacja\/Serwer zdalny<\/td>\n<\/tr>\n<tr>\n<td>Spos\u00f3b aktualizacji oprogramowania sprz\u0119towego<\/td>\n<td>Narz\u0119dzia lokalne<\/td>\n<td>Narz\u0119dzia lokalne<\/td>\n<\/tr>\n<\/tbody>\n<\/table>\n\t\t<\/div>\n\t\t\t\t\t<\/div>\n\n\t\n<\/div>","protected":false},"excerpt":{"rendered":"<p>Specyfikacja<\/p>","protected":false},"featured_media":5686,"comment_status":"open","ping_status":"closed","template":"","meta":{"rop_custom_images_group":[],"rop_custom_messages_group":[],"rop_publish_now":"initial","rop_publish_now_accounts":[],"rop_publish_now_history":[],"rop_publish_now_status":"pending"},"product_brand":[],"product_cat":[24],"class_list":{"0":"post-1673","1":"product","2":"type-product","3":"status-publish","4":"has-post-thumbnail","6":"product_cat-accessorie","8":"first","9":"instock","10":"shipping-taxable","11":"product-type-simple"},"yoast_head":"<!-- This site is optimized with the Yoast SEO plugin v27.3 - https:\/\/yoast.com\/product\/yoast-seo-wordpress\/ -->\n<title>Luxpower inverter CT Clamp -<\/title>\n<meta name=\"robots\" content=\"index, follow, max-snippet:-1, max-image-preview:large, max-video-preview:-1\" \/>\n<link rel=\"canonical\" href=\"https:\/\/luxpowertek.com\/pl\/zacisk-ct-falownika-luxpower\/\" \/>\n<meta property=\"og:locale\" content=\"pl_PL\" \/>\n<meta property=\"og:type\" content=\"article\" \/>\n<meta property=\"og:title\" content=\"Luxpower inverter CT Clamp -\" \/>\n<meta property=\"og:description\" content=\"Specification\" \/>\n<meta property=\"og:url\" content=\"https:\/\/luxpowertek.com\/pl\/zacisk-ct-falownika-luxpower\/\" \/>\n<meta property=\"article:modified_time\" content=\"2024-08-28T00:59:16+00:00\" \/>\n<meta property=\"og:image\" content=\"https:\/\/luxpowertek.com\/wp-content\/uploads\/2021\/12\/Luxpower-inverter-CT-1-min-1.webp\" \/>\n\t<meta property=\"og:image:width\" content=\"800\" \/>\n\t<meta property=\"og:image:height\" content=\"800\" \/>\n\t<meta property=\"og:image:type\" content=\"image\/webp\" \/>\n<meta name=\"twitter:card\" content=\"summary_large_image\" \/>\n<meta name=\"twitter:label1\" content=\"Est. reading time\" \/>\n\t<meta name=\"twitter:data1\" content=\"1 minuta\" \/>\n<script type=\"application\/ld+json\" class=\"yoast-schema-graph\">{\"@context\":\"https:\\\/\\\/schema.org\",\"@graph\":[{\"@type\":\"WebPage\",\"@id\":\"https:\\\/\\\/luxpowertek.com\\\/luxpower-inverter-ct-clamp\",\"url\":\"https:\\\/\\\/luxpowertek.com\\\/luxpower-inverter-ct-clamp\",\"name\":\"Luxpower inverter CT Clamp -\",\"isPartOf\":{\"@id\":\"https:\\\/\\\/luxpowertek.com\\\/#website\"},\"primaryImageOfPage\":{\"@id\":\"https:\\\/\\\/luxpowertek.com\\\/luxpower-inverter-ct-clamp#primaryimage\"},\"image\":{\"@id\":\"https:\\\/\\\/luxpowertek.com\\\/luxpower-inverter-ct-clamp#primaryimage\"},\"thumbnailUrl\":\"https:\\\/\\\/luxpowertek.com\\\/wp-content\\\/uploads\\\/2021\\\/12\\\/Luxpower-inverter-CT-1-min-1.webp\",\"datePublished\":\"2021-12-13T07:00:38+00:00\",\"dateModified\":\"2024-08-28T00:59:16+00:00\",\"breadcrumb\":{\"@id\":\"https:\\\/\\\/luxpowertek.com\\\/luxpower-inverter-ct-clamp#breadcrumb\"},\"inLanguage\":\"pl-PL\",\"potentialAction\":[{\"@type\":\"ReadAction\",\"target\":[\"https:\\\/\\\/luxpowertek.com\\\/luxpower-inverter-ct-clamp\"]}]},{\"@type\":\"ImageObject\",\"inLanguage\":\"pl-PL\",\"@id\":\"https:\\\/\\\/luxpowertek.com\\\/luxpower-inverter-ct-clamp#primaryimage\",\"url\":\"https:\\\/\\\/luxpowertek.com\\\/wp-content\\\/uploads\\\/2021\\\/12\\\/Luxpower-inverter-CT-1-min-1.webp\",\"contentUrl\":\"https:\\\/\\\/luxpowertek.com\\\/wp-content\\\/uploads\\\/2021\\\/12\\\/Luxpower-inverter-CT-1-min-1.webp\",\"width\":800,\"height\":800},{\"@type\":\"BreadcrumbList\",\"@id\":\"https:\\\/\\\/luxpowertek.com\\\/luxpower-inverter-ct-clamp#breadcrumb\",\"itemListElement\":[{\"@type\":\"ListItem\",\"position\":1,\"name\":\"Home\",\"item\":\"https:\\\/\\\/luxpowertek.com\\\/\"},{\"@type\":\"ListItem\",\"position\":2,\"name\":\"Products\",\"item\":\"https:\\\/\\\/luxpowertek.com\\\/shop\"},{\"@type\":\"ListItem\",\"position\":3,\"name\":\"Luxpower inverter CT Clamp\"}]},{\"@type\":\"WebSite\",\"@id\":\"https:\\\/\\\/luxpowertek.com\\\/#website\",\"url\":\"https:\\\/\\\/luxpowertek.com\\\/\",\"name\":\"\",\"description\":\"\",\"potentialAction\":[{\"@type\":\"SearchAction\",\"target\":{\"@type\":\"EntryPoint\",\"urlTemplate\":\"https:\\\/\\\/luxpowertek.com\\\/?s={search_term_string}\"},\"query-input\":{\"@type\":\"PropertyValueSpecification\",\"valueRequired\":true,\"valueName\":\"search_term_string\"}}],\"inLanguage\":\"pl-PL\"}]}<\/script>\n<!-- \/ Yoast SEO plugin. -->","yoast_head_json":{"title":"Zacisk CT falownika Luxpower -","robots":{"index":"index","follow":"follow","max-snippet":"max-snippet:-1","max-image-preview":"max-image-preview:large","max-video-preview":"max-video-preview:-1"},"canonical":"https:\/\/luxpowertek.com\/pl\/zacisk-ct-falownika-luxpower\/","og_locale":"pl_PL","og_type":"article","og_title":"Luxpower inverter CT Clamp -","og_description":"Specification","og_url":"https:\/\/luxpowertek.com\/pl\/zacisk-ct-falownika-luxpower\/","article_modified_time":"2024-08-28T00:59:16+00:00","og_image":[{"width":800,"height":800,"url":"https:\/\/luxpowertek.com\/wp-content\/uploads\/2021\/12\/Luxpower-inverter-CT-1-min-1.webp","type":"image\/webp"}],"twitter_card":"summary_large_image","twitter_misc":{"Est. reading time":"1 minuta"},"schema":{"@context":"https:\/\/schema.org","@graph":[{"@type":"WebPage","@id":"https:\/\/luxpowertek.com\/luxpower-inverter-ct-clamp","url":"https:\/\/luxpowertek.com\/luxpower-inverter-ct-clamp","name":"Zacisk CT falownika Luxpower -","isPartOf":{"@id":"https:\/\/luxpowertek.com\/#website"},"primaryImageOfPage":{"@id":"https:\/\/luxpowertek.com\/luxpower-inverter-ct-clamp#primaryimage"},"image":{"@id":"https:\/\/luxpowertek.com\/luxpower-inverter-ct-clamp#primaryimage"},"thumbnailUrl":"https:\/\/luxpowertek.com\/wp-content\/uploads\/2021\/12\/Luxpower-inverter-CT-1-min-1.webp","datePublished":"2021-12-13T07:00:38+00:00","dateModified":"2024-08-28T00:59:16+00:00","breadcrumb":{"@id":"https:\/\/luxpowertek.com\/luxpower-inverter-ct-clamp#breadcrumb"},"inLanguage":"pl-PL","potentialAction":[{"@type":"ReadAction","target":["https:\/\/luxpowertek.com\/luxpower-inverter-ct-clamp"]}]},{"@type":"ImageObject","inLanguage":"pl-PL","@id":"https:\/\/luxpowertek.com\/luxpower-inverter-ct-clamp#primaryimage","url":"https:\/\/luxpowertek.com\/wp-content\/uploads\/2021\/12\/Luxpower-inverter-CT-1-min-1.webp","contentUrl":"https:\/\/luxpowertek.com\/wp-content\/uploads\/2021\/12\/Luxpower-inverter-CT-1-min-1.webp","width":800,"height":800},{"@type":"BreadcrumbList","@id":"https:\/\/luxpowertek.com\/luxpower-inverter-ct-clamp#breadcrumb","itemListElement":[{"@type":"ListItem","position":1,"name":"Home","item":"https:\/\/luxpowertek.com\/"},{"@type":"ListItem","position":2,"name":"Products","item":"https:\/\/luxpowertek.com\/shop"},{"@type":"ListItem","position":3,"name":"Luxpower inverter CT Clamp"}]},{"@type":"WebSite","@id":"https:\/\/luxpowertek.com\/#website","url":"https:\/\/luxpowertek.com\/","name":"","description":"","potentialAction":[{"@type":"SearchAction","target":{"@type":"EntryPoint","urlTemplate":"https:\/\/luxpowertek.com\/?s={search_term_string}"},"query-input":{"@type":"PropertyValueSpecification","valueRequired":true,"valueName":"search_term_string"}}],"inLanguage":"pl-PL"}]}},"_links":{"self":[{"href":"https:\/\/luxpowertek.com\/pl\/wp-json\/wp\/v2\/product\/1673","targetHints":{"allow":["GET"]}}],"collection":[{"href":"https:\/\/luxpowertek.com\/pl\/wp-json\/wp\/v2\/product"}],"about":[{"href":"https:\/\/luxpowertek.com\/pl\/wp-json\/wp\/v2\/types\/product"}],"replies":[{"embeddable":true,"href":"https:\/\/luxpowertek.com\/pl\/wp-json\/wp\/v2\/comments?post=1673"}],"wp:featuredmedia":[{"embeddable":true,"href":"https:\/\/luxpowertek.com\/pl\/wp-json\/wp\/v2\/media\/5686"}],"wp:attachment":[{"href":"https:\/\/luxpowertek.com\/pl\/wp-json\/wp\/v2\/media?parent=1673"}],"wp:term":[{"taxonomy":"product_brand","embeddable":true,"href":"https:\/\/luxpowertek.com\/pl\/wp-json\/wp\/v2\/product_brand?post=1673"},{"taxonomy":"product_cat","embeddable":true,"href":"https:\/\/luxpowertek.com\/pl\/wp-json\/wp\/v2\/product_cat?post=1673"}],"curies":[{"name":"wp","href":"https:\/\/api.w.org\/{rel}","templated":true}]}}