{"id":1665,"date":"2021-12-13T14:44:05","date_gmt":"2021-12-13T06:44:05","guid":{"rendered":"https:\/\/nibianqi.bbswaimao.com\/?post_type=product&#038;p=1665"},"modified":"2025-01-21T09:15:45","modified_gmt":"2025-01-21T01:15:45","slug":"lsp-100k-pradu-stalego-pradu-stalego","status":"publish","type":"product","link":"https:\/\/luxpowertek.com\/pl\/lsp-100k-pradu-stalego-pradu-stalego\/","title":{"rendered":"LSP 100K DC\/DC"},"content":{"rendered":"<h2>Specyfikacja<\/h2>\n<div class=\"row\"  id=\"row-993527488\">\n\n\t<div id=\"col-21154651\" class=\"col small-12 large-12\"  >\n\t\t\t\t<div class=\"col-inner\"  >\n\t\t\t\n\t\t\t\n<table>\n<thead>\n<tr>\n<th>Wej\u015bcie<\/th>\n<th>LSP 100 tys.<\/th>\n<\/tr>\n<\/thead>\n<tbody>\n<tr>\n<td>Maksymalna moc wej\u015bciowa<\/td>\n<td>200kW<\/td>\n<\/tr>\n<tr>\n<td>Maksymalne napi\u0119cie wej\u015bciowe<\/td>\n<td>1000 V<\/td>\n<\/tr>\n<tr>\n<td>napi\u0119cie znamionowe wej\u015bciowe<\/td>\n<td>630 V<\/td>\n<\/tr>\n<tr>\n<td>zakres napi\u0119cia wej\u015bciowego<\/td>\n<td>300-1000 V<\/td>\n<\/tr>\n<tr>\n<td>Napi\u0119cie pocz\u0105tkowe<\/td>\n<td>330 V<\/td>\n<\/tr>\n<tr>\n<td>Maksymalny pr\u0105d zwarciowy na MPPT<\/td>\n<td>40A<\/td>\n<\/tr>\n<tr>\n<td>Maksymalny pr\u0105d na wej\u015bcie MPPT<\/td>\n<td>26A<\/td>\n<\/tr>\n<tr>\n<td>Liczba \u015bcie\u017cek MPPT<\/td>\n<td>12<\/td>\n<\/tr>\n<tr>\n<td>Liczba ci\u0105g\u00f3w wej\u015bciowych<\/td>\n<td>24<\/td>\n<\/tr>\n<\/tbody>\n<\/table>\n\t\t<\/div>\n\t\t\t\t\t<\/div>\n\n\t\n<\/div>\n<div class=\"row\"  id=\"row-1457106361\">\n\n\t<div id=\"col-1761543099\" class=\"col small-12 large-12\"  >\n\t\t\t\t<div class=\"col-inner\"  >\n\t\t\t\n\t\t\t\n<table>\n<thead>\n<tr>\n<th>Wyj\u015bcie<\/th>\n<th>LSP 100 tys.<\/th>\n<\/tr>\n<\/thead>\n<tbody>\n<tr>\n<td>Moc znamionowa wyj\u015bciowa DCDC<\/td>\n<td>100kW<\/td>\n<\/tr>\n<tr>\n<td>Normalne napi\u0119cie wyj\u015bciowe<\/td>\n<td>650 V<\/td>\n<\/tr>\n<tr>\n<td>Zakres napi\u0119cia wyj\u015bciowego<\/td>\n<td>500~1000 V<\/td>\n<\/tr>\n<tr>\n<td>Maksymalny pr\u0105d wyj\u015bciowy<\/td>\n<td>20A<\/td>\n<\/tr>\n<tr>\n<td>Ci\u0105gi wyj\u015bciowe<\/td>\n<td>12<\/td>\n<\/tr>\n<tr>\n<td>\u015acie\u017cki wyj\u015bciowe<\/td>\n<td>12<\/td>\n<\/tr>\n<\/tbody>\n<\/table>\n\t\t<\/div>\n\t\t\t\t\t<\/div>\n\n\t\n<\/div>\n<div class=\"row\"  id=\"row-517790960\">\n\n\t<div id=\"col-2118857834\" class=\"col small-12 large-12\"  >\n\t\t\t\t<div class=\"col-inner\"  >\n\t\t\t\n\t\t\t\n<table>\n<thead>\n<tr>\n<th>Bateria<\/th>\n<th>LSP 100 tys.<\/th>\n<\/tr>\n<\/thead>\n<tbody>\n<tr>\n<td>Typ<\/td>\n<td>Kwasowo-o\u0142owiowy\/litowy<\/td>\n<\/tr>\n<tr>\n<td>Maksymalna moc \u0142adowania i roz\u0142adowania<\/td>\n<td>100kW<\/td>\n<\/tr>\n<tr>\n<td>Zakres napi\u0119cia<\/td>\n<td>300~700 V pr\u0105du sta\u0142ego<\/td>\n<\/tr>\n<tr>\n<td>Maksymalny pr\u0105d \u0142adowania i roz\u0142adowania<\/td>\n<td>200A<\/td>\n<\/tr>\n<tr>\n<td>Maksymalna wydajno\u015b\u0107 \u0142adowania i roz\u0142adowywania<\/td>\n<td>98.7%(do ustalenia)<\/td>\n<\/tr>\n<\/tbody>\n<\/table>\n\t\t<\/div>\n\t\t\t\t\t<\/div>\n\n\t\n<\/div>\n<div class=\"row\"  id=\"row-1264066835\">\n\n\t<div id=\"col-1891020674\" class=\"col small-12 large-12\"  >\n\t\t\t\t<div class=\"col-inner\"  >\n\t\t\t\n\t\t\t\n<table>\n<thead>\n<tr>\n<th>Ochrona<\/th>\n<th>LSP 100 tys.<\/th>\n<\/tr>\n<\/thead>\n<tbody>\n<tr>\n<td>Zabezpieczenie przed odwrotn\u0105 polaryzacj\u0105 DC<\/td>\n<td>Tak<\/td>\n<\/tr>\n<tr>\n<td>Ogranicznik przepi\u0119\u0107 DC<\/td>\n<td>Typ II<\/td>\n<\/tr>\n<\/tbody>\n<\/table>\n\t\t<\/div>\n\t\t\t\t\t<\/div>\n\n\t\n<\/div>\n<div class=\"row\"  id=\"row-390690031\">\n\n\t<div id=\"col-116883344\" class=\"col small-12 large-12\"  >\n\t\t\t\t<div class=\"col-inner\"  >\n\t\t\t\n\t\t\t\n<table>\n<thead>\n<tr>\n<th>Komunikacja<\/th>\n<th>LSP 100 tys.<\/th>\n<\/tr>\n<\/thead>\n<tbody>\n<tr>\n<td>Wy\u015bwietlacz<\/td>\n<td>LED+LCD\/Dotykowy przycisk<\/td>\n<\/tr>\n<tr>\n<td>Wi-Fi<\/td>\n<td>Tak<\/td>\n<\/tr>\n<\/tbody>\n<\/table>\n\t\t<\/div>\n\t\t\t\t\t<\/div>\n\n\t\n<\/div>\n<div class=\"row\"  id=\"row-1143885701\">\n\n\t<div id=\"col-1992754529\" class=\"col small-12 large-12\"  >\n\t\t\t\t<div class=\"col-inner\"  >\n\t\t\t\n\t\t\t\n<table>\n<thead>\n<tr>\n<th>Og\u00f3lny<\/th>\n<th>LSP 100 tys.<\/th>\n<\/tr>\n<\/thead>\n<tbody>\n<tr>\n<td>Wymiary (szer. x wys. x g\u0142.)<\/td>\n<td>Do ustalenia<\/td>\n<\/tr>\n<tr>\n<td>Waga (z p\u0142yt\u0105 monta\u017cow\u0105)<\/td>\n<td>Do ustalenia<\/td>\n<\/tr>\n<tr>\n<td>Stopie\u0144 ochrony<\/td>\n<td>IP65<\/td>\n<\/tr>\n<tr>\n<td>Topologia<\/td>\n<td>Beztransformatorowy<\/td>\n<\/tr>\n<tr>\n<td>Metoda ch\u0142odzenia<\/td>\n<td>Ch\u0142odzenie powietrzem<\/td>\n<\/tr>\n<tr>\n<td>Wilgotno\u015b\u0107 wzgl\u0119dna<\/td>\n<td>0%~100% Wilgotno\u015b\u0107 wzgl\u0119dna (bez kondensacji)<\/td>\n<\/tr>\n<tr>\n<td>Zakres temperatur pracy<\/td>\n<td>-25\u00b0C ~ 60\u00b0C<\/td>\n<\/tr>\n<tr>\n<td>Z\u0142\u0105cze (wej\u015bcie i wyj\u015bcie PV)<\/td>\n<td>Amphenol UTX<\/td>\n<\/tr>\n<tr>\n<td>Maksymalna wysoko\u015b\u0107 operacyjna<\/td>\n<td>2000m<\/td>\n<\/tr>\n<tr>\n<td>Gwarancja<\/td>\n<td>5 lat<\/td>\n<\/tr>\n<\/tbody>\n<\/table>\n\t\t<\/div>\n\t\t\t\t\t<\/div>\n\n\t\n<\/div>\n\t<div id=\"text-157286366\" class=\"text hidden\">\n\t\t\n<h2>Specyfikacja<\/h2>\n<div style=\"overflow: auto;\">\n<p>SolarLXP3KLXP3.6K\/4kLXP4.6K\/5KLXP6K<\/p>\n<table border=\"\u201d1\u2033\" width=\"\u201d3000px\u201d\" align=\"\u201dcenter\u201d\">\n<tbody>\n<tr>\n<td>Maksymalna moc wej\u015bciowa DC<\/td>\n<td>6600 W<\/td>\n<td>7000 W<\/td>\n<td>8000 W<\/td>\n<td>8000 W<\/td>\n<\/tr>\n<tr>\n<td>Nominalne napi\u0119cie wej\u015bciowe DC<\/td>\n<td>360V pr\u0105du sta\u0142ego<\/td>\n<td>360V pr\u0105du sta\u0142ego<\/td>\n<td>360V pr\u0105du sta\u0142ego<\/td>\n<td>360V pr\u0105du sta\u0142ego<\/td>\n<\/tr>\n<tr>\n<td>Zakres napi\u0119cia wej\u015bciowego DC<\/td>\n<td>100 \u2013 550 V pr\u0105du sta\u0142ego<\/td>\n<td>100 \u2013 550 V pr\u0105du sta\u0142ego<\/td>\n<td>100 \u2013 550 V pr\u0105du sta\u0142ego<\/td>\n<td>100 \u2013 550 V pr\u0105du sta\u0142ego<\/td>\n<\/tr>\n<tr>\n<td>Zakres napi\u0119cia MPPT<\/td>\n<td>100 \u2013 500 V pr\u0105du sta\u0142ego<\/td>\n<td>100 \u2013 500 V pr\u0105du sta\u0142ego<\/td>\n<td>100 \u2013 500 V pr\u0105du sta\u0142ego<\/td>\n<td>100 \u2013 500 V pr\u0105du sta\u0142ego<\/td>\n<\/tr>\n<tr>\n<td>Napi\u0119cie rozruchowe<\/td>\n<td>120 V pr\u0105du sta\u0142ego<\/td>\n<td>120 V pr\u0105du sta\u0142ego<\/td>\n<td>120 V pr\u0105du sta\u0142ego<\/td>\n<td>120 V pr\u0105du sta\u0142ego<\/td>\n<\/tr>\n<tr>\n<td>Numer MPPT<\/td>\n<td>2<\/td>\n<td>2<\/td>\n<td>2<\/td>\n<td>2<\/td>\n<\/tr>\n<tr>\n<td>Maksymalny pr\u0105d wej\u015bciowy DC<\/td>\n<td>13A\/13A<\/td>\n<td>13A\/13A<\/td>\n<td>13A\/13A<\/td>\n<td>13A\/13A<\/td>\n<\/tr>\n<tr>\n<th colspan=\"5\">Bateria<\/th>\n<\/tr>\n<tr>\n<td>Kompatybilny typ baterii<\/td>\n<td>Litowo-jonowy\/kwasowo-o\u0142owiowy<\/td>\n<td>Litowo-jonowy\/kwasowo-o\u0142owiowy<\/td>\n<td>Litowo-jonowy\/kwasowo-o\u0142owiowy<\/td>\n<td>Litowo-jonowy\/kwasowo-o\u0142owiowy<\/td>\n<\/tr>\n<tr>\n<td>Nominalne napi\u0119cie akumulatora<\/td>\n<td>48V pr\u0105du sta\u0142ego<\/td>\n<td>48V pr\u0105du sta\u0142ego<\/td>\n<td>48V pr\u0105du sta\u0142ego<\/td>\n<td>48V pr\u0105du sta\u0142ego<\/td>\n<\/tr>\n<tr>\n<td>Zakres napi\u0119cia akumulatora<\/td>\n<td>40 \u2013 60 V pr\u0105du sta\u0142ego<\/td>\n<td>40 \u2013 60 V pr\u0105du sta\u0142ego<\/td>\n<td>40 \u2013 60 V pr\u0105du sta\u0142ego<\/td>\n<td>40 \u2013 60 V pr\u0105du sta\u0142ego<\/td>\n<\/tr>\n<tr>\n<td>Maksymalny pr\u0105d \u0142adowania\/roz\u0142adowania<\/td>\n<td>66A\/66A<\/td>\n<td>66A\/66A<\/td>\n<td>80A\/80A<\/td>\n<td>80A\/80A<\/td>\n<\/tr>\n<tr>\n<td>Maksymalna moc \u0142adowania\/roz\u0142adowania<\/td>\n<td>3600W\/3600W<\/td>\n<td>3600W\/3600W<\/td>\n<td>4000W\/4000W<\/td>\n<td>4000W\/4000W<\/td>\n<\/tr>\n<tr>\n<td>Krzywa \u0142adowania<\/td>\n<td>3 etapy<\/td>\n<td>3 etapy<\/td>\n<td>3 etapy<\/td>\n<td>3 etapy<\/td>\n<\/tr>\n<tr>\n<td>Maksymalne napi\u0119cie \u0142adowania<\/td>\n<td>59V<\/td>\n<td>59V<\/td>\n<td>59V<\/td>\n<td>59V<\/td>\n<\/tr>\n<tr>\n<td>Pojemno\u015b\u0107 baterii<\/td>\n<td>2-20kWh<\/td>\n<td>2-20kWh<\/td>\n<td>2-20kWh<\/td>\n<td>2-20kWh<\/td>\n<\/tr>\n<tr>\n<th colspan=\"5\">Siatka<\/th>\n<\/tr>\n<tr>\n<td>Nominalna moc wyj\u015bciowa pr\u0105du przemiennego<\/td>\n<td>3000 W<\/td>\n<td>3600W\/4000W<\/td>\n<td>4600W\/5000W<\/td>\n<td>6000 W<\/td>\n<\/tr>\n<tr>\n<td>Maksymalna moc wyj\u015bciowa pr\u0105du przemiennego<\/td>\n<td>3000VA<\/td>\n<td>3600VA\/4000VA<\/td>\n<td>4600VA\/5000VA<\/td>\n<td>6000VA<\/td>\n<\/tr>\n<tr>\n<td>Maksymalny pr\u0105d wyj\u015bciowy AC<\/td>\n<td>15A<\/td>\n<td>16A\/20A<\/td>\n<td>25A<\/td>\n<td>26A<\/td>\n<\/tr>\n<tr>\n<td>Napi\u0119cie znamionowe pr\u0105du przemiennego<\/td>\n<td>230 V pr\u0105du zmiennego<\/td>\n<td>230 V pr\u0105du zmiennego<\/td>\n<td>230 V pr\u0105du zmiennego<\/td>\n<td>230 V pr\u0105du zmiennego<\/td>\n<\/tr>\n<tr>\n<td>Zakres napi\u0119cia pr\u0105du przemiennego<\/td>\n<td>180 \u2013 270 V pr\u0105du przemiennego<\/td>\n<td>180 \u2013 270 V pr\u0105du przemiennego<\/td>\n<td>180 \u2013 270 V pr\u0105du przemiennego<\/td>\n<td>180 \u2013 270 V pr\u0105du przemiennego<\/td>\n<\/tr>\n<tr>\n<td>Cz\u0119stotliwo\u015b\u0107 znamionowa pr\u0105du przemiennego<\/td>\n<td>50Hz \/ 60Hz<\/td>\n<td>50Hz \/ 60Hz<\/td>\n<td>50Hz \/ 60Hz<\/td>\n<td>50Hz \/ 60Hz<\/td>\n<\/tr>\n<tr>\n<td>Zakres cz\u0119stotliwo\u015bci pr\u0105du przemiennego<\/td>\n<td>Cz\u0119stotliwo\u015b\u0107 45\u201355 Hz \/ 55\u201365 Hz<\/td>\n<td>Cz\u0119stotliwo\u015b\u0107 45\u201355 Hz \/ 55\u201365 Hz<\/td>\n<td>Cz\u0119stotliwo\u015b\u0107 45\u201355 Hz \/ 55\u201365 Hz<\/td>\n<td>Cz\u0119stotliwo\u015b\u0107 45\u201355 Hz \/ 55\u201365 Hz<\/td>\n<\/tr>\n<tr>\n<td>Wsp\u00f3\u0142czynnik mocy<\/td>\n<td>Regulowany od 0,8 przewzbudzenia do 0,8 niedowzbudzenia<\/td>\n<td>Regulowany od 0,8 przewzbudzenia do 0,8 niedowzbudzenia<\/td>\n<td>Regulowany od 0,8 przewzbudzenia do 0,8 niedowzbudzenia<\/td>\n<td>Regulowany od 0,8 przewzbudzenia do 0,8 niedowzbudzenia<\/td>\n<\/tr>\n<tr>\n<td>THDI<\/td>\n<td>&lt;3%<\/td>\n<td>&lt;3%<\/td>\n<td>&lt;3%<\/td>\n<td>&lt;3%<\/td>\n<\/tr>\n<tr>\n<th colspan=\"5\">UPS<\/th>\n<\/tr>\n<tr>\n<td>Maksymalna moc wyj\u015bciowa UPS bez energii s\u0142onecznej<\/td>\n<td>3000 W<\/td>\n<td>3600W\/4000W<\/td>\n<td>4000 W<\/td>\n<td>4000 W<\/td>\n<\/tr>\n<tr>\n<td>Maksymalna moc wyj\u015bciowa UPS z energi\u0105 s\u0142oneczn\u0105<\/td>\n<td>3000 W<\/td>\n<td>3600W\/4000W<\/td>\n<td>5000 W<\/td>\n<td>6000 W<\/td>\n<\/tr>\n<tr>\n<td>Napi\u0119cie wyj\u015bciowe znamionowe UPS<\/td>\n<td>230 V pr\u0105du zmiennego<\/td>\n<td>230 V pr\u0105du zmiennego<\/td>\n<td>230 V pr\u0105du zmiennego<\/td>\n<td>230 V pr\u0105du zmiennego<\/td>\n<\/tr>\n<tr>\n<td>Cz\u0119stotliwo\u015b\u0107 znamionowa wyj\u015bcia UPS<\/td>\n<td>50Hz \/ 60Hz<\/td>\n<td>50Hz \/ 60Hz<\/td>\n<td>50Hz \/ 60Hz<\/td>\n<td>50Hz \/ 60Hz<\/td>\n<\/tr>\n<tr>\n<td>Pr\u0105d wyj\u015bciowy znamionowy UPS<\/td>\n<td>13A<\/td>\n<td>15,6 A\/17,4 A<\/td>\n<td>17.4A<\/td>\n<td>17.4A<\/td>\n<\/tr>\n<tr>\n<td>Moc szczytowa bez energii s\u0142onecznej<\/td>\n<td>4500W, 30s<\/td>\n<td>4500W, 30s<\/td>\n<td>4500W, 30s<\/td>\n<td>4500W, 30s<\/td>\n<\/tr>\n<tr>\n<td>THDV<\/td>\n<td>&lt;5%<\/td>\n<td>&lt;5%<\/td>\n<td>&lt;5%<\/td>\n<td>&lt;5%<\/td>\n<\/tr>\n<tr>\n<td>Czas prze\u0142\u0105czania<\/td>\n<td>Typowe 0,01 s<\/td>\n<td>Typowe 0,01 s<\/td>\n<td>Typowe 0,01 s<\/td>\n<td>&lt;0,01 sek.<\/td>\n<\/tr>\n<tr>\n<th colspan=\"5\">Efektywno\u015b\u0107<\/th>\n<\/tr>\n<tr>\n<td>Europa Efektywno\u015b\u0107<\/td>\n<td>97.50%<\/td>\n<td>97.50%<\/td>\n<td>97.50%<\/td>\n<td>97.50%<\/td>\n<\/tr>\n<tr>\n<td>Maksymalna wydajno\u015b\u0107<\/td>\n<td>97.90%<\/td>\n<td>97.90%<\/td>\n<td>97.90%<\/td>\n<td>97.90%<\/td>\n<\/tr>\n<tr>\n<td>Wydajno\u015b\u0107 \u0142adowania\/roz\u0142adowywania akumulatora<\/td>\n<td>94.50%<\/td>\n<td>94.50%<\/td>\n<td>94.50%<\/td>\n<td>94.50%<\/td>\n<\/tr>\n<tr>\n<th colspan=\"5\">Ochrona<\/th>\n<\/tr>\n<tr>\n<td>Ochrona przed odwrotn\u0105 polaryzacj\u0105<\/td>\n<td>Tak<\/td>\n<td>Tak<\/td>\n<td>Tak<\/td>\n<td>Tak<\/td>\n<\/tr>\n<tr>\n<td>Ochrona przed przepi\u0119ciami i pr\u0105dem<\/td>\n<td>Tak<\/td>\n<td>Tak<\/td>\n<td>Tak<\/td>\n<td>Tak<\/td>\n<\/tr>\n<tr>\n<td>Ochrona przed wyspiarstwem<\/td>\n<td>Tak<\/td>\n<td>Tak<\/td>\n<td>Tak<\/td>\n<td>Tak<\/td>\n<\/tr>\n<tr>\n<td>Zabezpieczenie przeciwzwarciowe AC<\/td>\n<td>Tak<\/td>\n<td>Tak<\/td>\n<td>Tak<\/td>\n<td>Tak<\/td>\n<\/tr>\n<tr>\n<td>Zabezpieczenie przed pr\u0105dem up\u0142ywu<\/td>\n<td>Tak<\/td>\n<td>Tak<\/td>\n<td>Tak<\/td>\n<td>Tak<\/td>\n<\/tr>\n<tr>\n<td>Monitorowanie uszkodze\u0144 uziemienia<\/td>\n<td>Tak<\/td>\n<td>Tak<\/td>\n<td>Tak<\/td>\n<td>Tak<\/td>\n<\/tr>\n<tr>\n<td>Monitorowanie sieci<\/td>\n<td>Tak<\/td>\n<td>Tak<\/td>\n<td>Tak<\/td>\n<td>Tak<\/td>\n<\/tr>\n<tr>\n<td>Stopie\u0144 ochrony przed wnikaniem<\/td>\n<td>IP65 \/ NEMA4X<\/td>\n<td>IP65 \/ NEMA4X<\/td>\n<td>IP65 \/ NEMA4X<\/td>\n<td>IP65 \/ NEMA4X<\/td>\n<\/tr>\n<tr>\n<td>Prze\u0142\u0105cznik DC<\/td>\n<td>Tak<\/td>\n<td>Tak<\/td>\n<td>Tak<\/td>\n<td>Tak<\/td>\n<\/tr>\n<tr>\n<th colspan=\"5\">Og\u00f3lny<\/th>\n<\/tr>\n<tr>\n<td>Wymiary (szer.\/wys.\/g\u0142.)<\/td>\n<td>455 \/ 476 (565) \/ 181<\/td>\n<td>455 \/ 476 (565) \/ 181<\/td>\n<td>455 \/ 476 (565) \/ 181<\/td>\n<td>455 \/ 476 (565) \/ 181<\/td>\n<\/tr>\n<tr>\n<td>Waga<\/td>\n<td>20 kilogram\u00f3w<\/td>\n<td>20 kilogram\u00f3w<\/td>\n<td>20 kilogram\u00f3w<\/td>\n<td>20 kilogram\u00f3w<\/td>\n<\/tr>\n<tr>\n<td>Topologia<\/td>\n<td>Beztransformatorowy (s\u0142oneczny), HF (akumulator)<\/td>\n<td>Beztransformatorowy (s\u0142oneczny), HF (akumulator)<\/td>\n<td>Beztransformatorowy (s\u0142oneczny), HF (akumulator)<\/td>\n<td>Beztransformatorowy (s\u0142oneczny), HF (akumulator)<\/td>\n<\/tr>\n<tr>\n<td>Koncepcja ch\u0142odzenia<\/td>\n<td>Konwekcja naturalna<\/td>\n<td>Konwekcja naturalna<\/td>\n<td>Konwekcja naturalna<\/td>\n<td>Konwekcja naturalna<\/td>\n<\/tr>\n<tr>\n<td>Wzgl\u0119dna wilgotno\u015b\u0107<\/td>\n<td>0-100%<\/td>\n<td>0-100%<\/td>\n<td>0-100%<\/td>\n<td>0-100%<\/td>\n<\/tr>\n<tr>\n<td>Zakres temperatur pracy<\/td>\n<td>-85<\/td>\n<td>-85<\/td>\n<td>-85<\/td>\n<td>-85<\/td>\n<\/tr>\n<tr>\n<td>Wysoko\u015b\u0107<\/td>\n<td>&lt;2000m<\/td>\n<td>&lt;2000m<\/td>\n<td>&lt;2000m<\/td>\n<td>&lt;2000m<\/td>\n<\/tr>\n<tr>\n<td>Emisja ha\u0142asu<\/td>\n<td>&lt;25dB<\/td>\n<td>&lt;25dB<\/td>\n<td>&lt;25dB<\/td>\n<td>&lt;25dB<\/td>\n<\/tr>\n<tr>\n<td>Zu\u017cycie w trybie czuwania<\/td>\n<td>&lt;5W<\/td>\n<td>&lt;5W<\/td>\n<td>&lt;5W<\/td>\n<td>&lt;5W<\/td>\n<\/tr>\n<tr>\n<td>Interfejsy wy\u015bwietlania i komunikacji<\/td>\n<td>LCD, RS485, Wi-Fi, Ethernet<\/td>\n<td>LCD, RS485, Wi-Fi, Ethernet<\/td>\n<td>LCD, RS485, Wi-Fi, Ethernet<\/td>\n<td>LCD, RS485, Wi-Fi, Ethernet<\/td>\n<\/tr>\n<\/tbody>\n<\/table>\n<\/div>\n\t\t\t<\/div>","protected":false},"excerpt":{"rendered":"<ul>\n<li>Konstrukcja IP65, szybka instalacja<\/li>\n<li>Ekran dotykowy, monitor wolny<\/li>\n<li>Zaawansowane zarz\u0105dzanie energi\u0105<\/li>\n<li>Przydatne aplikacje dost\u0119pne na urz\u0105dzeniach mobilnych<\/li>\n<li>Elastyczne ustawienia konta dla u\u017cytkownik\u00f3w o wielu poziomach<\/li>\n<li>Sprz\u0119\u017cenie DC, wej\u015bcie solarne 24 stringi i wyj\u015bcie 12 string\u00f3w<\/li>\n<li>Modernizacja sieci energetycznej do hybrydowego systemu magazynowania energii<\/li>\n<li>Inteligentne zbieranie danych w celu zdalnej pomocy serwisowej<\/li>\n<\/ul>","protected":false},"featured_media":1666,"comment_status":"open","ping_status":"closed","template":"","meta":{"rop_custom_images_group":[],"rop_custom_messages_group":[],"rop_publish_now":"initial","rop_publish_now_accounts":[],"rop_publish_now_history":[],"rop_publish_now_status":"pending"},"product_brand":[],"product_cat":[18],"class_list":{"0":"post-1665","1":"product","2":"type-product","3":"status-publish","4":"has-post-thumbnail","6":"product_cat-dc-dc-energy-storage","8":"first","9":"instock","10":"shipping-taxable","11":"product-type-simple"},"yoast_head":"<!-- This site is optimized with the Yoast SEO plugin v27.3 - https:\/\/yoast.com\/product\/yoast-seo-wordpress\/ -->\n<title>LSP 100K DC\/DC -<\/title>\n<meta name=\"robots\" content=\"index, follow, max-snippet:-1, max-image-preview:large, max-video-preview:-1\" \/>\n<link rel=\"canonical\" href=\"https:\/\/luxpowertek.com\/pl\/lsp-100k-pradu-stalego-pradu-stalego\/\" \/>\n<meta property=\"og:locale\" content=\"pl_PL\" \/>\n<meta property=\"og:type\" content=\"article\" \/>\n<meta property=\"og:title\" content=\"LSP 100K DC\/DC -\" \/>\n<meta property=\"og:description\" content=\"IP65 design, quick installation  Touch screen, free monitor  Advanced power management  Handy apps available on mobile  Flexible accout settings for multi level type users  DC coupled, 24strings Solar input and 12 strings output  Retrofit on grid system to energy storage hybrid system  Intelligent data collection for remote service assistance\" \/>\n<meta property=\"og:url\" content=\"https:\/\/luxpowertek.com\/pl\/lsp-100k-pradu-stalego-pradu-stalego\/\" \/>\n<meta property=\"article:modified_time\" content=\"2025-01-21T01:15:45+00:00\" \/>\n<meta property=\"og:image\" content=\"https:\/\/luxpowertek.com\/wp-content\/uploads\/2021\/12\/Luxpower-inverter-LSP-1-min.png\" \/>\n\t<meta property=\"og:image:width\" content=\"800\" \/>\n\t<meta property=\"og:image:height\" content=\"800\" \/>\n\t<meta property=\"og:image:type\" content=\"image\/png\" \/>\n<meta name=\"twitter:card\" content=\"summary_large_image\" \/>\n<meta name=\"twitter:label1\" content=\"Est. reading time\" \/>\n\t<meta name=\"twitter:data1\" content=\"3 minuty\" \/>\n<script type=\"application\/ld+json\" class=\"yoast-schema-graph\">{\"@context\":\"https:\\\/\\\/schema.org\",\"@graph\":[{\"@type\":\"WebPage\",\"@id\":\"https:\\\/\\\/luxpowertek.com\\\/lsp-100k-dc-dc\",\"url\":\"https:\\\/\\\/luxpowertek.com\\\/lsp-100k-dc-dc\",\"name\":\"LSP 100K DC\\\/DC -\",\"isPartOf\":{\"@id\":\"https:\\\/\\\/luxpowertek.com\\\/#website\"},\"primaryImageOfPage\":{\"@id\":\"https:\\\/\\\/luxpowertek.com\\\/lsp-100k-dc-dc#primaryimage\"},\"image\":{\"@id\":\"https:\\\/\\\/luxpowertek.com\\\/lsp-100k-dc-dc#primaryimage\"},\"thumbnailUrl\":\"https:\\\/\\\/luxpowertek.com\\\/wp-content\\\/uploads\\\/2021\\\/12\\\/Luxpower-inverter-LSP-1-min.png\",\"datePublished\":\"2021-12-13T06:44:05+00:00\",\"dateModified\":\"2025-01-21T01:15:45+00:00\",\"breadcrumb\":{\"@id\":\"https:\\\/\\\/luxpowertek.com\\\/lsp-100k-dc-dc#breadcrumb\"},\"inLanguage\":\"pl-PL\",\"potentialAction\":[{\"@type\":\"ReadAction\",\"target\":[\"https:\\\/\\\/luxpowertek.com\\\/lsp-100k-dc-dc\"]}]},{\"@type\":\"ImageObject\",\"inLanguage\":\"pl-PL\",\"@id\":\"https:\\\/\\\/luxpowertek.com\\\/lsp-100k-dc-dc#primaryimage\",\"url\":\"https:\\\/\\\/luxpowertek.com\\\/wp-content\\\/uploads\\\/2021\\\/12\\\/Luxpower-inverter-LSP-1-min.png\",\"contentUrl\":\"https:\\\/\\\/luxpowertek.com\\\/wp-content\\\/uploads\\\/2021\\\/12\\\/Luxpower-inverter-LSP-1-min.png\",\"width\":800,\"height\":800},{\"@type\":\"BreadcrumbList\",\"@id\":\"https:\\\/\\\/luxpowertek.com\\\/lsp-100k-dc-dc#breadcrumb\",\"itemListElement\":[{\"@type\":\"ListItem\",\"position\":1,\"name\":\"Home\",\"item\":\"https:\\\/\\\/luxpowertek.com\\\/\"},{\"@type\":\"ListItem\",\"position\":2,\"name\":\"Products\",\"item\":\"https:\\\/\\\/luxpowertek.com\\\/shop\"},{\"@type\":\"ListItem\",\"position\":3,\"name\":\"LSP 100K DC\\\/DC\"}]},{\"@type\":\"WebSite\",\"@id\":\"https:\\\/\\\/luxpowertek.com\\\/#website\",\"url\":\"https:\\\/\\\/luxpowertek.com\\\/\",\"name\":\"\",\"description\":\"\",\"potentialAction\":[{\"@type\":\"SearchAction\",\"target\":{\"@type\":\"EntryPoint\",\"urlTemplate\":\"https:\\\/\\\/luxpowertek.com\\\/?s={search_term_string}\"},\"query-input\":{\"@type\":\"PropertyValueSpecification\",\"valueRequired\":true,\"valueName\":\"search_term_string\"}}],\"inLanguage\":\"pl-PL\"}]}<\/script>\n<!-- \/ Yoast SEO plugin. -->","yoast_head_json":{"title":"LSP 100K DC\/DC -","robots":{"index":"index","follow":"follow","max-snippet":"max-snippet:-1","max-image-preview":"max-image-preview:large","max-video-preview":"max-video-preview:-1"},"canonical":"https:\/\/luxpowertek.com\/pl\/lsp-100k-pradu-stalego-pradu-stalego\/","og_locale":"pl_PL","og_type":"article","og_title":"LSP 100K DC\/DC -","og_description":"IP65 design, quick installation  Touch screen, free monitor  Advanced power management  Handy apps available on mobile  Flexible accout settings for multi level type users  DC coupled, 24strings Solar input and 12 strings output  Retrofit on grid system to energy storage hybrid system  Intelligent data collection for remote service assistance","og_url":"https:\/\/luxpowertek.com\/pl\/lsp-100k-pradu-stalego-pradu-stalego\/","article_modified_time":"2025-01-21T01:15:45+00:00","og_image":[{"width":800,"height":800,"url":"https:\/\/luxpowertek.com\/wp-content\/uploads\/2021\/12\/Luxpower-inverter-LSP-1-min.png","type":"image\/png"}],"twitter_card":"summary_large_image","twitter_misc":{"Est. reading time":"3 minuty"},"schema":{"@context":"https:\/\/schema.org","@graph":[{"@type":"WebPage","@id":"https:\/\/luxpowertek.com\/lsp-100k-dc-dc","url":"https:\/\/luxpowertek.com\/lsp-100k-dc-dc","name":"LSP 100K DC\/DC -","isPartOf":{"@id":"https:\/\/luxpowertek.com\/#website"},"primaryImageOfPage":{"@id":"https:\/\/luxpowertek.com\/lsp-100k-dc-dc#primaryimage"},"image":{"@id":"https:\/\/luxpowertek.com\/lsp-100k-dc-dc#primaryimage"},"thumbnailUrl":"https:\/\/luxpowertek.com\/wp-content\/uploads\/2021\/12\/Luxpower-inverter-LSP-1-min.png","datePublished":"2021-12-13T06:44:05+00:00","dateModified":"2025-01-21T01:15:45+00:00","breadcrumb":{"@id":"https:\/\/luxpowertek.com\/lsp-100k-dc-dc#breadcrumb"},"inLanguage":"pl-PL","potentialAction":[{"@type":"ReadAction","target":["https:\/\/luxpowertek.com\/lsp-100k-dc-dc"]}]},{"@type":"ImageObject","inLanguage":"pl-PL","@id":"https:\/\/luxpowertek.com\/lsp-100k-dc-dc#primaryimage","url":"https:\/\/luxpowertek.com\/wp-content\/uploads\/2021\/12\/Luxpower-inverter-LSP-1-min.png","contentUrl":"https:\/\/luxpowertek.com\/wp-content\/uploads\/2021\/12\/Luxpower-inverter-LSP-1-min.png","width":800,"height":800},{"@type":"BreadcrumbList","@id":"https:\/\/luxpowertek.com\/lsp-100k-dc-dc#breadcrumb","itemListElement":[{"@type":"ListItem","position":1,"name":"Home","item":"https:\/\/luxpowertek.com\/"},{"@type":"ListItem","position":2,"name":"Products","item":"https:\/\/luxpowertek.com\/shop"},{"@type":"ListItem","position":3,"name":"LSP 100K DC\/DC"}]},{"@type":"WebSite","@id":"https:\/\/luxpowertek.com\/#website","url":"https:\/\/luxpowertek.com\/","name":"","description":"","potentialAction":[{"@type":"SearchAction","target":{"@type":"EntryPoint","urlTemplate":"https:\/\/luxpowertek.com\/?s={search_term_string}"},"query-input":{"@type":"PropertyValueSpecification","valueRequired":true,"valueName":"search_term_string"}}],"inLanguage":"pl-PL"}]}},"_links":{"self":[{"href":"https:\/\/luxpowertek.com\/pl\/wp-json\/wp\/v2\/product\/1665","targetHints":{"allow":["GET"]}}],"collection":[{"href":"https:\/\/luxpowertek.com\/pl\/wp-json\/wp\/v2\/product"}],"about":[{"href":"https:\/\/luxpowertek.com\/pl\/wp-json\/wp\/v2\/types\/product"}],"replies":[{"embeddable":true,"href":"https:\/\/luxpowertek.com\/pl\/wp-json\/wp\/v2\/comments?post=1665"}],"wp:featuredmedia":[{"embeddable":true,"href":"https:\/\/luxpowertek.com\/pl\/wp-json\/wp\/v2\/media\/1666"}],"wp:attachment":[{"href":"https:\/\/luxpowertek.com\/pl\/wp-json\/wp\/v2\/media?parent=1665"}],"wp:term":[{"taxonomy":"product_brand","embeddable":true,"href":"https:\/\/luxpowertek.com\/pl\/wp-json\/wp\/v2\/product_brand?post=1665"},{"taxonomy":"product_cat","embeddable":true,"href":"https:\/\/luxpowertek.com\/pl\/wp-json\/wp\/v2\/product_cat?post=1665"}],"curies":[{"name":"wp","href":"https:\/\/api.w.org\/{rel}","templated":true}]}}