{"id":9170,"date":"2024-06-08T17:29:26","date_gmt":"2024-06-08T09:29:26","guid":{"rendered":"https:\/\/luxpowertek.com\/?page_id=9170"},"modified":"2025-11-07T16:26:21","modified_gmt":"2025-11-07T08:26:21","slug":"miernik-produktu","status":"publish","type":"page","link":"https:\/\/luxpowertek.com\/pl\/miernik-produktu\/","title":{"rendered":"Metr"},"content":{"rendered":"<section class=\"section hide-for-small\" id=\"section_692344173\">\n\t\t<div class=\"bg section-bg fill bg-fill  bg-loaded\" >\n\n\t\t\t\n\t\t\t\n\t\t\t\n\n\t\t<\/div>\n\n\t\t\n\n\t\t<div class=\"section-content relative\">\n\t\t\t\n\n  <div class=\"banner has-hover\" id=\"banner-1940469985\">\n          <div class=\"banner-inner fill\">\n        <div class=\"banner-bg fill\" >\n            <div class=\"bg fill bg-fill\"><\/div>\n                        <div class=\"overlay\"><\/div>            \n                    <\/div>\n\t\t\n        <div class=\"banner-layers container\">\n            <div class=\"fill banner-link\"><\/div>            \n   <div id=\"text-box-621944837\" class=\"text-box banner-layer x50 md-x50 lg-x50 y50 md-y50 lg-y50 res-text\">\n                                <div class=\"text-box-content text dark\">\n              \n              <div class=\"text-inner text-center\">\n                  \n<h1 class=\"lead\"><span style=\"font-size: 75%; color: #282828;\"><strong>Metr<\/strong><\/span><\/h1>\n<p class=\"uppercase lead\"><span style=\"color: #282828;\">Precyzyjny pomiar dla optymalnej wydajno\u015bci i oszcz\u0119dno\u015bci koszt\u00f3w<\/span><\/p>\n              <\/div>\n           <\/div>\n                            \n<style>\n#text-box-621944837 {\n  width: 65%;\n}\n#text-box-621944837 .text-box-content {\n  font-size: 100%;\n}\n<\/style>\n    <\/div>\n \n        <\/div>\n      <\/div>\n\n            \n<style>\n#banner-1940469985 {\n  padding-top: 30%;\n}\n#banner-1940469985 .bg.bg-loaded {\n  background-image: url(https:\/\/luxpowertek.com\/wp-content\/uploads\/2024\/04\/one-2-scaled.webp);\n}\n#banner-1940469985 .overlay {\n  background-color: rgb(255, 255, 255);\n}\n<\/style>\n  <\/div>\n\n\n\n  <div class=\"banner has-hover\" id=\"banner-1180028946\">\n          <div class=\"banner-inner fill\">\n        <div class=\"banner-bg fill\" >\n            <div class=\"bg fill bg-fill\"><\/div>\n                        <div class=\"overlay\"><\/div>            \n                    <\/div>\n\t\t\n        <div class=\"banner-layers container\">\n            <div class=\"fill banner-link\"><\/div>            \n   <div id=\"text-box-1937747075\" class=\"text-box banner-layer x5 md-x5 lg-x5 y20 md-y20 lg-y20 res-text\">\n                                <div class=\"text-box-content text dark\">\n              \n              <div class=\"text-inner text-center\">\n                  \n<p><span style=\"color: #282828;\">Ten inteligentny licznik jednobiegunowy zosta\u0142 zaprojektowany specjalnie do monitorowania energii elektrycznej w czasie rzeczywistym, umo\u017cliwiaj\u0105c \u015bledzenie obci\u0105\u017cenia i zarz\u0105dzanie moc\u0105 wyj\u015bciow\u0105. W po\u0142\u0105czeniu z platform\u0105 monitoruj\u0105c\u0105 Luxpower zapewnia kompleksowy wgl\u0105d w zu\u017cycie energii w domach. Jego kompaktowa, wysoce precyzyjna konstrukcja upraszcza instalacj\u0119 i obs\u0142ug\u0119, dostarczaj\u0105c dok\u0142adne dane i bezproblemow\u0105 zgodno\u015b\u0107 z rozwi\u0105zaniami energetycznymi w domach.<\/span><\/p>\n              <\/div>\n           <\/div>\n                            \n<style>\n#text-box-1937747075 {\n  width: 52%;\n}\n#text-box-1937747075 .text-box-content {\n  font-size: 100%;\n}\n<\/style>\n    <\/div>\n \n   <div id=\"text-box-1748421336\" class=\"text-box banner-layer x100 md-x100 lg-x100 y15 md-y15 lg-y15 res-text\">\n                                <div class=\"text-box-content text dark\">\n              \n              <div class=\"text-inner text-center\">\n                  \n\t<div class=\"img has-hover x md-x lg-x y md-y lg-y\" id=\"image_1239705609\">\n\t\t\t\t\t\t\t\t<div class=\"img-inner dark\" >\n\t\t\t<img loading=\"lazy\" decoding=\"async\" width=\"2560\" height=\"1707\" src=\"https:\/\/luxpowertek.com\/wp-content\/uploads\/2024\/07\/Meter-scaled.webp\" class=\"attachment-original size-original\" alt=\"\" srcset=\"https:\/\/luxpowertek.com\/wp-content\/uploads\/2024\/07\/Meter-scaled.webp 2560w, https:\/\/luxpowertek.com\/wp-content\/uploads\/2024\/07\/Meter-300x200.webp 300w, https:\/\/luxpowertek.com\/wp-content\/uploads\/2024\/07\/Meter-1030x687.webp 1030w, https:\/\/luxpowertek.com\/wp-content\/uploads\/2024\/07\/Meter-768x512.webp 768w, https:\/\/luxpowertek.com\/wp-content\/uploads\/2024\/07\/Meter-1536x1024.webp 1536w, https:\/\/luxpowertek.com\/wp-content\/uploads\/2024\/07\/Meter-2048x1365.webp 2048w, https:\/\/luxpowertek.com\/wp-content\/uploads\/2024\/07\/Meter-510x340.webp 510w\" sizes=\"auto, (max-width: 2560px) 100vw, 2560px\" \/>\t\t\t\t\t\t\n\t\t\t\t\t<\/div>\n\t\t\t\t\t\t\t\t\n<style>\n#image_1239705609 {\n  width: 100%;\n}\n<\/style>\n\t<\/div>\n\t\n              <\/div>\n           <\/div>\n                            \n<style>\n#text-box-1748421336 {\n  width: 42%;\n}\n#text-box-1748421336 .text-box-content {\n  font-size: 100%;\n}\n<\/style>\n    <\/div>\n \n        <\/div>\n      <\/div>\n\n            \n<style>\n#banner-1180028946 {\n  padding-top: 442px;\n}\n#banner-1180028946 .overlay {\n  background-color: rgba(249, 247, 247, 0.959);\n}\n<\/style>\n  <\/div>\n\n\n\n  <div class=\"banner has-hover\" id=\"banner-738496958\">\n          <div class=\"banner-inner fill\">\n        <div class=\"banner-bg fill\" >\n            <div class=\"bg fill bg-fill\"><\/div>\n                                    \n                    <\/div>\n\t\t\n        <div class=\"banner-layers container\">\n            <div class=\"fill banner-link\"><\/div>            \n   <div id=\"text-box-1215616804\" class=\"text-box banner-layer x95 md-x95 lg-x95 y50 md-y50 lg-y50 res-text\">\n                                <div class=\"text-box-content text dark\">\n              \n              <div class=\"text-inner text-center\">\n                  \n<a class=\"button primary\"  style=\"border-radius:10px;\">\n    <span>Instalacja typu \u201eplug and play\u201d<\/span>\n  <\/a>\n\n<a class=\"button primary\"  style=\"border-radius:10px;\">\n    <span>Wysoko\u015b\u0107 robocza do 3 km<\/span>\n  <\/a>\n\n<a class=\"button primary\"  style=\"border-radius:10px;\">\n    <span>Dwa wyj\u015bcia impulsowe<\/span>\n  <\/a>\n\n<a class=\"button primary\"  style=\"border-radius:10px;\">\n    <span>RS485 Modbus<\/span>\n  <\/a>\n\n<a class=\"button primary\"  style=\"border-radius:10px;\">\n    <span>Monta\u017c na szynie DIN 17,5 mm<\/span>\n  <\/a>\n\n<a class=\"button primary\"  style=\"border-radius:10px;\">\n    <span>45A po\u0142\u0105czenie bezpo\u015brednie<\/span>\n  <\/a>\n\n<a class=\"button primary\"  style=\"border-radius:10px;\">\n    <span>Klasa dok\u0142adno\u015bci 1.0<\/span>\n  <\/a>\n\n              <\/div>\n           <\/div>\n                            \n<style>\n#text-box-1215616804 {\n  width: 38%;\n}\n#text-box-1215616804 .text-box-content {\n  font-size: 100%;\n}\n<\/style>\n    <\/div>\n \n\t<div class=\"img has-hover x10 md-x10 lg-x10 y50 md-y50 lg-y50\" id=\"image_966980711\">\n\t\t\t\t\t\t\t\t<div class=\"img-inner dark\" >\n\t\t\t<img loading=\"lazy\" decoding=\"async\" width=\"613\" height=\"613\" src=\"https:\/\/luxpowertek.com\/wp-content\/uploads\/2022\/01\/meter.png\" class=\"attachment-original size-original\" alt=\"\" \/>\t\t\t\t\t\t\n\t\t\t\t\t<\/div>\n\t\t\t\t\t\t\t\t\n<style>\n#image_966980711 {\n  width: 35%;\n}\n<\/style>\n\t<\/div>\n\t\n        <\/div>\n      <\/div>\n\n            \n<style>\n#banner-738496958 {\n  padding-top: 476px;\n  background-color: rgb(255,255,255);\n}\n<\/style>\n  <\/div>\n\n\n\n  <div class=\"banner has-hover\" id=\"banner-1166562448\">\n          <div class=\"banner-inner fill\">\n        <div class=\"banner-bg fill\" >\n            <div class=\"bg fill bg-fill\"><\/div>\n                        <div class=\"overlay\"><\/div>            \n                    <\/div>\n\t\t\n        <div class=\"banner-layers container\">\n            <div class=\"fill banner-link\"><\/div>            \n   <div id=\"text-box-1066525094\" class=\"text-box banner-layer x50 md-x50 lg-x50 y25 md-y25 lg-y25 res-text\">\n                                <div class=\"text-box-content text dark\">\n              \n              <div class=\"text-inner text-center\">\n                  \n<p><span style=\"font-size: 150%;\"><strong>Znajd\u017a inne produkty Luxpower<\/strong><\/span><\/p>\n<a href=\"https:\/\/luxpowertek.com\/pl\/produkty\/\" class=\"button white\"  style=\"border-radius:38px;\">\n    <span>Lista produkt\u00f3w<\/span>\n  <i class=\"icon-angle-right\" aria-hidden=\"true\" ><\/i><\/a>\n\n<a href=\"https:\/\/luxpowertek.com\/pl\/skontaktuj-sie-z-nami\/\" target=\"_blank\" class=\"button secondary\" rel=\"noopener\"  style=\"border-radius:99px;\">\n    <span>Skontaktuj si\u0119 z nami<\/span>\n  <i class=\"icon-angle-right\" aria-hidden=\"true\" ><\/i><\/a>\n\n              <\/div>\n           <\/div>\n                            \n<style>\n#text-box-1066525094 {\n  width: 60%;\n}\n#text-box-1066525094 .text-box-content {\n  font-size: 100%;\n}\n<\/style>\n    <\/div>\n \n        <\/div>\n      <\/div>\n\n            \n<style>\n#banner-1166562448 {\n  padding-top: 32.29%;\n}\n#banner-1166562448 .bg.bg-loaded {\n  background-image: url(https:\/\/luxpowertek.com\/wp-content\/uploads\/2024\/04\/seven-scaled.webp);\n}\n#banner-1166562448 .overlay {\n  background-color: rgba(0, 0, 0, 0.599);\n}\n<\/style>\n  <\/div>\n\n\n\t\t<\/div>\n\n\t\t\n<style>\n#section_692344173 {\n  padding-top: 30px;\n  padding-bottom: 30px;\n}\n<\/style>\n\t<\/section>\n\t\n\t<section class=\"section show-for-small\" id=\"section_1857820782\">\n\t\t<div class=\"bg section-bg fill bg-fill  bg-loaded\" >\n\n\t\t\t\n\t\t\t\n\t\t\t\n\n\t\t<\/div>\n\n\t\t\n\n\t\t<div class=\"section-content relative\">\n\t\t\t\n\t<div id=\"gap-51809460\" class=\"gap-element clearfix\" style=\"display:block; height:auto;\">\n\t\t\n<style>\n#gap-51809460 {\n  padding-top: 60px;\n}\n<\/style>\n\t<\/div>\n\t\n<div class=\"row\"  id=\"row-310531509\">\n\n\t<div id=\"col-364185363\" class=\"col small-12 large-12\"  >\n\t\t\t\t<div class=\"col-inner text-center\"  >\n\t\t\t\n\t\t\t\n\t<div id=\"text-2634014146\" class=\"text\">\n\t\t\n<p class=\"uppercase lead\"><span style=\"font-size: 200%;\"><strong>Metr<\/strong><\/span><\/p>\n<p class=\"lead\"><span style=\"font-size: 95%;\"><strong>Precyzyjny pomiar dla optymalnej wydajno\u015bci i oszcz\u0119dno\u015bci koszt\u00f3w<\/strong><\/span><\/p>\n\t\t\n<style>\n#text-2634014146 {\n  font-size: 0.87rem;\n  line-height: 1.5;\n  text-align: center;\n}\n<\/style>\n\t<\/div>\n\t\n<div class=\"text-center\"><div class=\"is-divider divider clearfix\" style=\"max-width:1280px;background-color:rgb(99, 173, 130);\"><\/div><\/div>\n\n  <div class=\"banner has-hover\" id=\"banner-351923269\">\n          <div class=\"banner-inner fill\">\n        <div class=\"banner-bg fill\" >\n            <div class=\"bg fill bg-fill\"><\/div>\n                                    \n                    <\/div>\n\t\t\n        <div class=\"banner-layers container\">\n            <div class=\"fill banner-link\"><\/div>            \n\t<div class=\"img has-hover x50 md-x50 lg-x50 y55 md-y50 lg-y50\" id=\"image_74298160\">\n\t\t\t\t\t\t\t\t<div class=\"img-inner dark\" style=\"margin:-100px 0px -100px 0px;\">\n\t\t\t<img loading=\"lazy\" decoding=\"async\" width=\"2560\" height=\"1707\" src=\"https:\/\/luxpowertek.com\/wp-content\/uploads\/2024\/07\/Meter-scaled.webp\" class=\"attachment-original size-original\" alt=\"\" srcset=\"https:\/\/luxpowertek.com\/wp-content\/uploads\/2024\/07\/Meter-scaled.webp 2560w, https:\/\/luxpowertek.com\/wp-content\/uploads\/2024\/07\/Meter-300x200.webp 300w, https:\/\/luxpowertek.com\/wp-content\/uploads\/2024\/07\/Meter-1030x687.webp 1030w, https:\/\/luxpowertek.com\/wp-content\/uploads\/2024\/07\/Meter-768x512.webp 768w, https:\/\/luxpowertek.com\/wp-content\/uploads\/2024\/07\/Meter-1536x1024.webp 1536w, https:\/\/luxpowertek.com\/wp-content\/uploads\/2024\/07\/Meter-2048x1365.webp 2048w, https:\/\/luxpowertek.com\/wp-content\/uploads\/2024\/07\/Meter-510x340.webp 510w\" sizes=\"auto, (max-width: 2560px) 100vw, 2560px\" \/>\t\t\t\t\t\t\n\t\t\t\t\t<\/div>\n\t\t\t\t\t\t\t\t\n<style>\n#image_74298160 {\n  width: 100%;\n}\n@media (min-width:550px) {\n  #image_74298160 {\n    width: 100%;\n  }\n}\n<\/style>\n\t<\/div>\n\t\n        <\/div>\n      <\/div>\n\n            \n<style>\n#banner-351923269 {\n  padding-top: 89.34%;\n  background-color: rgba(249, 247, 247, 0.959);\n}\n@media (min-width:550px) {\n  #banner-351923269 {\n    padding-top: 500px;\n  }\n}\n<\/style>\n  <\/div>\n\n\n\t<div id=\"gap-1060173191\" class=\"gap-element clearfix\" style=\"display:block; height:auto;\">\n\t\t\n<style>\n#gap-1060173191 {\n  padding-top: 15px;\n}\n@media (min-width:550px) {\n  #gap-1060173191 {\n    padding-top: 30px;\n  }\n}\n<\/style>\n\t<\/div>\n\t\n\t<div id=\"text-928870698\" class=\"text\">\n\t\t\n<p>Ten inteligentny licznik jednobiegunowy zosta\u0142 zaprojektowany specjalnie do monitorowania energii elektrycznej w czasie rzeczywistym, umo\u017cliwiaj\u0105c \u015bledzenie obci\u0105\u017cenia i zarz\u0105dzanie moc\u0105 wyj\u015bciow\u0105. W po\u0142\u0105czeniu z platform\u0105 monitoruj\u0105c\u0105 Luxpower zapewnia kompleksowy wgl\u0105d w zu\u017cycie energii w domach. Jego kompaktowa, wysoce precyzyjna konstrukcja upraszcza instalacj\u0119 i obs\u0142ug\u0119, dostarczaj\u0105c dok\u0142adne dane i bezproblemow\u0105 zgodno\u015b\u0107 z rozwi\u0105zaniami energetycznymi w domach.<br \/>\n\t\t\n<style>\n#text-928870698 {\n  font-size: 0.96rem;\n  line-height: 1.75;\n  text-align: center;\n}\n<\/style>\n\t<\/div>\n\t\n\t<div id=\"gap-2055566177\" class=\"gap-element clearfix\" style=\"display:block; height:auto;\">\n\t\t\n<style>\n#gap-2055566177 {\n  padding-top: 15px;\n}\n@media (min-width:550px) {\n  #gap-2055566177 {\n    padding-top: 30px;\n  }\n}\n<\/style>\n\t<\/div>\n\t\n\n  <div class=\"banner has-hover\" id=\"banner-1077849576\">\n          <div class=\"banner-inner fill\">\n        <div class=\"banner-bg fill\" >\n            <div class=\"bg fill bg-fill\"><\/div>\n                                    \n                    <\/div>\n\t\t\n        <div class=\"banner-layers container\">\n            <div class=\"fill banner-link\"><\/div>            \n\t<div class=\"img has-hover x50 md-x50 lg-x50 y50 md-y50 lg-y50\" id=\"image_1578188616\">\n\t\t\t\t\t\t\t\t<div class=\"img-inner dark\" style=\"margin:-100px -20px -100px -20px;\">\n\t\t\t<img loading=\"lazy\" decoding=\"async\" width=\"561\" height=\"613\" src=\"https:\/\/luxpowertek.com\/wp-content\/uploads\/2021\/12\/meter.png\" class=\"attachment-original size-original\" alt=\"\" srcset=\"https:\/\/luxpowertek.com\/wp-content\/uploads\/2021\/12\/meter.png 561w, https:\/\/luxpowertek.com\/wp-content\/uploads\/2021\/12\/meter-275x300.png 275w\" sizes=\"auto, (max-width: 561px) 100vw, 561px\" \/>\t\t\t\t\t\t\n\t\t\t\t\t<\/div>\n\t\t\t\t\t\t\t\t\n<style>\n#image_1578188616 {\n  width: 80%;\n}\n@media (min-width:550px) {\n  #image_1578188616 {\n    width: 100%;\n  }\n}\n<\/style>\n\t<\/div>\n\t\n        <\/div>\n      <\/div>\n\n            \n<style>\n#banner-1077849576 {\n  padding-top: 99.99%;\n  background-color: #ffffff;\n}\n@media (min-width:550px) {\n  #banner-1077849576 {\n    padding-top: 500px;\n  }\n}\n<\/style>\n  <\/div>\n\n\n\t<div id=\"gap-1371411794\" class=\"gap-element clearfix\" style=\"display:block; height:auto;\">\n\t\t\n<style>\n#gap-1371411794 {\n  padding-top: 15px;\n}\n@media (min-width:550px) {\n  #gap-1371411794 {\n    padding-top: 30px;\n  }\n}\n<\/style>\n\t<\/div>\n\t\n\t<div id=\"text-1595965282\" class=\"text\">\n\t\t\n<ul>\n<li>Instalacja typu \u201eplug and play\u201d<\/li>\n<li>Wysoko\u015b\u0107 robocza do 3 km<\/li>\n<li>Dwa wyj\u015bcia impulsowe<\/li>\n<li>RS485 Modbus<\/li>\n<li>Monta\u017c na szynie DIN 17,5 mm<\/li>\n<li>45A po\u0142\u0105czenie bezpo\u015brednie<\/li>\n<li>Klasa dok\u0142adno\u015bci 1.0<\/li>\n<\/ul>\n\t\t\n<style>\n#text-1595965282 {\n  font-size: 0.96rem;\n  line-height: 1.75;\n  text-align: left;\n}\n<\/style>\n\t<\/div>\n\t\n\t\t<\/div>\n\t\t\t\t\t<\/div>\n\n\t\n<\/div>\n\t<div id=\"gap-986513607\" class=\"gap-element clearfix\" style=\"display:block; height:auto;\">\n\t\t\n<style>\n#gap-986513607 {\n  padding-top: 15px;\n}\n<\/style>\n\t<\/div>\n\t\n\n  <div class=\"banner has-hover show-for-small\" id=\"banner-1478456199\">\n          <div class=\"banner-inner fill\">\n        <div class=\"banner-bg fill\" >\n            <div class=\"bg fill bg-fill\"><\/div>\n                        <div class=\"overlay\"><\/div>            \n                    <\/div>\n\t\t\n        <div class=\"banner-layers container\">\n            <div class=\"fill banner-link\"><\/div>            \n   <div id=\"text-box-642556519\" class=\"text-box banner-layer x50 md-x50 lg-x50 y75 md-y25 lg-y25 res-text\">\n                                <div class=\"text-box-content text dark\">\n              \n              <div class=\"text-inner text-center\">\n                  \n<p><span style=\"font-size: 150%;\"><strong>Znajd\u017a inne produkty Luxpower<\/strong><\/span><\/p>\n<a href=\"https:\/\/luxpowertek.com\/pl\/produkty\/\" class=\"button white\"  style=\"border-radius:38px;\">\n    <span>Lista produkt\u00f3w<\/span>\n  <i class=\"icon-angle-right\" aria-hidden=\"true\" ><\/i><\/a>\n\n<a href=\"https:\/\/luxpowertek.com\/pl\/skontaktuj-sie-z-nami\/\" target=\"_blank\" class=\"button secondary\" rel=\"noopener\"  style=\"border-radius:99px;\">\n    <span>Skontaktuj si\u0119 z nami<\/span>\n  <i class=\"icon-angle-right\" aria-hidden=\"true\" ><\/i><\/a>\n\n              <\/div>\n           <\/div>\n                            \n<style>\n#text-box-642556519 {\n  width: 84%;\n}\n#text-box-642556519 .text-box-content {\n  font-size: 100%;\n}\n@media (min-width:550px) {\n  #text-box-642556519 {\n    width: 60%;\n  }\n}\n<\/style>\n    <\/div>\n \n        <\/div>\n      <\/div>\n\n            \n<style>\n#banner-1478456199 {\n  padding-top: 200px;\n}\n#banner-1478456199 .bg.bg-loaded {\n  background-image: url(https:\/\/luxpowertek.com\/wp-content\/uploads\/2024\/04\/seven-scaled.webp);\n}\n#banner-1478456199 .overlay {\n  background-color: rgba(0, 0, 0, 0.599);\n}\n@media (min-width:550px) {\n  #banner-1478456199 {\n    padding-top: 200px;\n  }\n}\n<\/style>\n  <\/div>\n\n\n\t\t<\/div>\n\n\t\t\n<style>\n#section_1857820782 {\n  padding-top: 30px;\n  padding-bottom: 30px;\n}\n<\/style>\n\t<\/section>","protected":false},"excerpt":{"rendered":"","protected":false},"author":3,"featured_media":0,"parent":0,"menu_order":0,"comment_status":"closed","ping_status":"closed","template":"page-transparent-header-light.php","meta":{"rop_custom_images_group":[],"rop_custom_messages_group":[],"rop_publish_now":"initial","rop_publish_now_accounts":[],"rop_publish_now_history":[],"rop_publish_now_status":"pending","footnotes":""},"class_list":["post-9170","page","type-page","status-publish","hentry"],"yoast_head":"<!-- This site is optimized with the Yoast SEO plugin v27.3 - https:\/\/yoast.com\/product\/yoast-seo-wordpress\/ -->\n<title>Meter - Measurement for Optimal Efficiency and Cost Savings<\/title>\n<meta name=\"description\" content=\"This single pole smart meter is specifically designed for real-time electricity monitoring, enabling load tracking and output power management.\" \/>\n<meta name=\"robots\" content=\"index, follow, max-snippet:-1, max-image-preview:large, max-video-preview:-1\" \/>\n<link rel=\"canonical\" href=\"https:\/\/luxpowertek.com\/pl\/miernik-produktu\/\" \/>\n<meta property=\"og:locale\" content=\"pl_PL\" \/>\n<meta property=\"og:type\" content=\"article\" \/>\n<meta property=\"og:title\" content=\"Meter - Measurement for Optimal Efficiency and Cost Savings\" \/>\n<meta property=\"og:description\" content=\"This single pole smart meter is specifically designed for real-time electricity monitoring, enabling load tracking and output power management.\" \/>\n<meta property=\"og:url\" content=\"https:\/\/luxpowertek.com\/pl\/miernik-produktu\/\" \/>\n<meta property=\"article:modified_time\" content=\"2025-11-07T08:26:21+00:00\" \/>\n<meta name=\"twitter:card\" content=\"summary_large_image\" \/>\n<meta name=\"twitter:label1\" content=\"Est. reading time\" \/>\n\t<meta name=\"twitter:data1\" content=\"2 minuty\" \/>\n<script type=\"application\/ld+json\" class=\"yoast-schema-graph\">{\"@context\":\"https:\\\/\\\/schema.org\",\"@graph\":[{\"@type\":\"WebPage\",\"@id\":\"https:\\\/\\\/luxpowertek.com\\\/product-meter\\\/\",\"url\":\"https:\\\/\\\/luxpowertek.com\\\/product-meter\\\/\",\"name\":\"Meter - Measurement for Optimal Efficiency and Cost Savings\",\"isPartOf\":{\"@id\":\"https:\\\/\\\/luxpowertek.com\\\/#website\"},\"datePublished\":\"2024-06-08T09:29:26+00:00\",\"dateModified\":\"2025-11-07T08:26:21+00:00\",\"description\":\"This single pole smart meter is specifically designed for real-time electricity monitoring, enabling load tracking and output power management.\",\"breadcrumb\":{\"@id\":\"https:\\\/\\\/luxpowertek.com\\\/product-meter\\\/#breadcrumb\"},\"inLanguage\":\"pl-PL\",\"potentialAction\":[{\"@type\":\"ReadAction\",\"target\":[\"https:\\\/\\\/luxpowertek.com\\\/product-meter\\\/\"]}]},{\"@type\":\"BreadcrumbList\",\"@id\":\"https:\\\/\\\/luxpowertek.com\\\/product-meter\\\/#breadcrumb\",\"itemListElement\":[{\"@type\":\"ListItem\",\"position\":1,\"name\":\"Home\",\"item\":\"https:\\\/\\\/luxpowertek.com\\\/\"},{\"@type\":\"ListItem\",\"position\":2,\"name\":\"Meter\"}]},{\"@type\":\"WebSite\",\"@id\":\"https:\\\/\\\/luxpowertek.com\\\/#website\",\"url\":\"https:\\\/\\\/luxpowertek.com\\\/\",\"name\":\"\",\"description\":\"\",\"potentialAction\":[{\"@type\":\"SearchAction\",\"target\":{\"@type\":\"EntryPoint\",\"urlTemplate\":\"https:\\\/\\\/luxpowertek.com\\\/?s={search_term_string}\"},\"query-input\":{\"@type\":\"PropertyValueSpecification\",\"valueRequired\":true,\"valueName\":\"search_term_string\"}}],\"inLanguage\":\"pl-PL\"}]}<\/script>\n<!-- \/ Yoast SEO plugin. -->","yoast_head_json":{"title":"Licznik \u2013 pomiar optymalnej wydajno\u015bci i oszcz\u0119dno\u015bci koszt\u00f3w","description":"Ten jednobiegunowy inteligentny licznik zosta\u0142 zaprojektowany specjalnie do monitorowania zu\u017cycia energii elektrycznej w czasie rzeczywistym, umo\u017cliwiaj\u0105c \u015bledzenie obci\u0105\u017cenia i zarz\u0105dzanie moc\u0105 wyj\u015bciow\u0105.","robots":{"index":"index","follow":"follow","max-snippet":"max-snippet:-1","max-image-preview":"max-image-preview:large","max-video-preview":"max-video-preview:-1"},"canonical":"https:\/\/luxpowertek.com\/pl\/miernik-produktu\/","og_locale":"pl_PL","og_type":"article","og_title":"Meter - Measurement for Optimal Efficiency and Cost Savings","og_description":"This single pole smart meter is specifically designed for real-time electricity monitoring, enabling load tracking and output power management.","og_url":"https:\/\/luxpowertek.com\/pl\/miernik-produktu\/","article_modified_time":"2025-11-07T08:26:21+00:00","twitter_card":"summary_large_image","twitter_misc":{"Est. reading time":"2 minuty"},"schema":{"@context":"https:\/\/schema.org","@graph":[{"@type":"WebPage","@id":"https:\/\/luxpowertek.com\/product-meter\/","url":"https:\/\/luxpowertek.com\/product-meter\/","name":"Licznik \u2013 pomiar optymalnej wydajno\u015bci i oszcz\u0119dno\u015bci koszt\u00f3w","isPartOf":{"@id":"https:\/\/luxpowertek.com\/#website"},"datePublished":"2024-06-08T09:29:26+00:00","dateModified":"2025-11-07T08:26:21+00:00","description":"Ten jednobiegunowy inteligentny licznik zosta\u0142 zaprojektowany specjalnie do monitorowania zu\u017cycia energii elektrycznej w czasie rzeczywistym, umo\u017cliwiaj\u0105c \u015bledzenie obci\u0105\u017cenia i zarz\u0105dzanie moc\u0105 wyj\u015bciow\u0105.","breadcrumb":{"@id":"https:\/\/luxpowertek.com\/product-meter\/#breadcrumb"},"inLanguage":"pl-PL","potentialAction":[{"@type":"ReadAction","target":["https:\/\/luxpowertek.com\/product-meter\/"]}]},{"@type":"BreadcrumbList","@id":"https:\/\/luxpowertek.com\/product-meter\/#breadcrumb","itemListElement":[{"@type":"ListItem","position":1,"name":"Home","item":"https:\/\/luxpowertek.com\/"},{"@type":"ListItem","position":2,"name":"Meter"}]},{"@type":"WebSite","@id":"https:\/\/luxpowertek.com\/#website","url":"https:\/\/luxpowertek.com\/","name":"","description":"","potentialAction":[{"@type":"SearchAction","target":{"@type":"EntryPoint","urlTemplate":"https:\/\/luxpowertek.com\/?s={search_term_string}"},"query-input":{"@type":"PropertyValueSpecification","valueRequired":true,"valueName":"search_term_string"}}],"inLanguage":"pl-PL"}]}},"_links":{"self":[{"href":"https:\/\/luxpowertek.com\/pl\/wp-json\/wp\/v2\/pages\/9170","targetHints":{"allow":["GET"]}}],"collection":[{"href":"https:\/\/luxpowertek.com\/pl\/wp-json\/wp\/v2\/pages"}],"about":[{"href":"https:\/\/luxpowertek.com\/pl\/wp-json\/wp\/v2\/types\/page"}],"author":[{"embeddable":true,"href":"https:\/\/luxpowertek.com\/pl\/wp-json\/wp\/v2\/users\/3"}],"replies":[{"embeddable":true,"href":"https:\/\/luxpowertek.com\/pl\/wp-json\/wp\/v2\/comments?post=9170"}],"version-history":[{"count":18,"href":"https:\/\/luxpowertek.com\/pl\/wp-json\/wp\/v2\/pages\/9170\/revisions"}],"predecessor-version":[{"id":16462,"href":"https:\/\/luxpowertek.com\/pl\/wp-json\/wp\/v2\/pages\/9170\/revisions\/16462"}],"wp:attachment":[{"href":"https:\/\/luxpowertek.com\/pl\/wp-json\/wp\/v2\/media?parent=9170"}],"curies":[{"name":"wp","href":"https:\/\/api.w.org\/{rel}","templated":true}]}}