{"id":9159,"date":"2024-06-08T16:23:36","date_gmt":"2024-06-08T08:23:36","guid":{"rendered":"https:\/\/luxpowertek.com\/?page_id=9159"},"modified":"2024-07-31T17:54:45","modified_gmt":"2024-07-31T09:54:45","slug":"rejestrator-danych-4gdongle","status":"publish","type":"page","link":"https:\/\/luxpowertek.com\/pl\/rejestrator-danych-4gdongle\/","title":{"rendered":"Klucz sprz\u0119towy 4G"},"content":{"rendered":"<div class=\"banner has-hover\" id=\"banner-1008085352\">\n          <div class=\"banner-inner fill\">\n        <div class=\"banner-bg fill\" >\n            <div class=\"bg fill bg-fill\"><\/div>\n                        <div class=\"overlay\"><\/div>            \n                    <\/div>\n\t\t\n        <div class=\"banner-layers container\">\n            <div class=\"fill banner-link\"><\/div>            \n   <div id=\"text-box-1950263759\" class=\"text-box banner-layer x50 md-x50 lg-x50 y50 md-y50 lg-y50 res-text\">\n                                <div class=\"text-box-content text dark\">\n              \n              <div class=\"text-inner text-center\">\n                  \n<p class=\"lead\"><span style=\"font-size: 200%; color: #282828;\"><strong>Klucz sprz\u0119towy 4G<\/strong><\/span><\/p>\n<p class=\"uppercase lead\"><span style=\"color: #282828;\">Modu\u0142 komunikacyjny<\/span><\/p>\n\t<div id=\"gap-69416565\" class=\"gap-element clearfix\" style=\"display:block; height:auto;\">\n\t\t\n<style>\n#gap-69416565 {\n  padding-top: 30px;\n}\n<\/style>\n\t<\/div>\n\t\n              <\/div>\n           <\/div>\n                            \n<style>\n#text-box-1950263759 {\n  width: 65%;\n}\n#text-box-1950263759 .text-box-content {\n  font-size: 100%;\n}\n<\/style>\n    <\/div>\n \n        <\/div>\n      <\/div>\n\n            \n<style>\n#banner-1008085352 {\n  padding-top: 45.36%;\n}\n#banner-1008085352 .bg.bg-loaded {\n  background-image: url(https:\/\/luxpowertek.com\/wp-content\/uploads\/2024\/04\/one-2-scaled.webp);\n}\n#banner-1008085352 .overlay {\n  background-color: rgb(255, 255, 255);\n}\n<\/style>\n  <\/div>\n\n\n\n  <div class=\"banner has-hover\" id=\"banner-1685758616\">\n          <div class=\"banner-inner fill\">\n        <div class=\"banner-bg fill\" >\n            <div class=\"bg fill bg-fill\"><\/div>\n                        <div class=\"overlay\"><\/div>            \n                    <\/div>\n\t\t\n        <div class=\"banner-layers container\">\n            <div class=\"fill banner-link\"><\/div>            \n   <div id=\"text-box-1766464978\" class=\"text-box banner-layer x0 md-x0 lg-x0 y50 md-y50 lg-y50 res-text\">\n                                <div class=\"text-box-content text dark\">\n              \n              <div class=\"text-inner text-center\">\n                  \n<p class=\"lead\"><span style=\"color: #282828;\"><span style=\"font-size: 80%;\">Dongle 4G to zupe\u0142nie nowy rejestrator danych. Ten rejestrator danych wykorzystuje technologi\u0119 kom\u00f3rkow\u0105 do \u0142\u0105czenia si\u0119 z LuxCloud, szybko przesy\u0142aj\u0105c dane operacyjne w czasie rzeczywistym zar\u00f3wno z elektrowni fotowoltaicznych, jak i akumulator\u00f3w magazynuj\u0105cych energi\u0119 do systemu monitorowania LuxCloud. U\u0142atwia to dok\u0142adn\u0105 i kompleksow\u0105 analiz\u0119 danych, a tak\u017ce ostrzeganie o b\u0142\u0119dach i ich obs\u0142ug\u0119. System LuxCloud mo\u017ce wydawa\u0107 polecenia steruj\u0105ce do falownika, umo\u017cliwiaj\u0105c stabilne, niezawodne i inteligentne zarz\u0105dzanie operacjami elektrowni fotowoltaicznych i us\u0142ugami konserwacyjnymi<\/span>.<\/span><\/p>\n<a href=\"https:\/\/luxpowertek.com\/wp-content\/uploads\/2024\/07\/02-04-01-4G_GPRS-dongle-setting-guidence_20221112.pdf\" class=\"button secondary\"  style=\"border-radius:10px;padding:0px 10px 0px 12px;\">\n    <span>Pobierz instrukcj\u0119 obs\u0142ugi<\/span>\n  <\/a>\n\n              <\/div>\n           <\/div>\n                            \n<style>\n#text-box-1766464978 {\n  width: 44%;\n}\n#text-box-1766464978 .text-box-content {\n  font-size: 100%;\n}\n<\/style>\n    <\/div>\n \n\t<div class=\"img has-hover x100 md-x100 lg-x100 y10 md-y10 lg-y10\" id=\"image_1635112388\">\n\t\t\t\t\t\t\t\t<div class=\"img-inner dark\" >\n\t\t\t<img loading=\"lazy\" decoding=\"async\" width=\"2560\" height=\"1920\" src=\"https:\/\/luxpowertek.com\/wp-content\/uploads\/2024\/07\/picture_for_4G-dongle-scaled.webp\" class=\"attachment-original size-original\" alt=\"\" srcset=\"https:\/\/luxpowertek.com\/wp-content\/uploads\/2024\/07\/picture_for_4G-dongle-scaled.webp 2560w, https:\/\/luxpowertek.com\/wp-content\/uploads\/2024\/07\/picture_for_4G-dongle-300x225.webp 300w, https:\/\/luxpowertek.com\/wp-content\/uploads\/2024\/07\/picture_for_4G-dongle-1030x773.webp 1030w, https:\/\/luxpowertek.com\/wp-content\/uploads\/2024\/07\/picture_for_4G-dongle-768x576.webp 768w, https:\/\/luxpowertek.com\/wp-content\/uploads\/2024\/07\/picture_for_4G-dongle-1536x1152.webp 1536w, https:\/\/luxpowertek.com\/wp-content\/uploads\/2024\/07\/picture_for_4G-dongle-2048x1536.webp 2048w, https:\/\/luxpowertek.com\/wp-content\/uploads\/2024\/07\/picture_for_4G-dongle-510x383.webp 510w\" sizes=\"auto, (max-width: 2560px) 100vw, 2560px\" \/>\t\t\t\t\t\t\n\t\t\t\t\t<\/div>\n\t\t\t\t\t\t\t\t\n<style>\n#image_1635112388 {\n  width: 43%;\n}\n<\/style>\n\t<\/div>\n\t\n        <\/div>\n      <\/div>\n\n            \n<style>\n#banner-1685758616 {\n  padding-top: 500px;\n}\n#banner-1685758616 .overlay {\n  background-color: rgba(249, 247, 247, 0.959);\n}\n<\/style>\n  <\/div>\n\n\n\n  <div class=\"banner has-hover\" id=\"banner-582100766\">\n          <div class=\"banner-inner fill\">\n        <div class=\"banner-bg fill\" >\n            <div class=\"bg fill bg-fill\"><\/div>\n                        <div class=\"overlay\"><\/div>            \n                    <\/div>\n\t\t\n        <div class=\"banner-layers container\">\n            <div class=\"fill banner-link\"><\/div>            \n   <div id=\"text-box-1799989229\" class=\"text-box banner-layer x10 md-x10 lg-x10 y50 md-y50 lg-y50 res-text\">\n                                <div class=\"text-box-content text dark\">\n              \n              <div class=\"text-inner text-center\">\n                  \n<a class=\"button primary\"  style=\"border-radius:10px;\">\n    <span>Obs\u0142uga komunikacji WiFi i 4G<\/span>\n  <\/a>\n\n<a class=\"button primary\"  style=\"border-radius:10px;\">\n    <span>Alarm awarii, monitorowanie w czasie rzeczywistym<\/span>\n  <\/a>\n\n<a class=\"button primary\"  style=\"border-radius:10px;\">\n    <span>Wska\u017anik stanu, \u0142atwe sprawdzanie stanu pracy<\/span>\n  <\/a>\n\n              <\/div>\n           <\/div>\n                            \n<style>\n#text-box-1799989229 {\n  width: 36%;\n}\n#text-box-1799989229 .text-box-content {\n  font-size: 100%;\n}\n<\/style>\n    <\/div>\n \n   <div id=\"text-box-1852185344\" class=\"text-box banner-layer x90 md-x90 lg-x90 y50 md-y50 lg-y50 res-text\">\n                                <div class=\"text-box-content text dark\">\n              \n              <div class=\"text-inner text-center\">\n                  \n\t<div class=\"img has-hover x md-x lg-x y md-y lg-y\" id=\"image_952963195\">\n\t\t\t\t\t\t\t\t<div class=\"img-inner dark\" >\n\t\t\t<img loading=\"lazy\" decoding=\"async\" width=\"2560\" height=\"1920\" src=\"https:\/\/luxpowertek.com\/wp-content\/uploads\/2024\/07\/picture_for_4G-dongle_left-scaled.webp\" class=\"attachment-original size-original\" alt=\"\" srcset=\"https:\/\/luxpowertek.com\/wp-content\/uploads\/2024\/07\/picture_for_4G-dongle_left-scaled.webp 2560w, https:\/\/luxpowertek.com\/wp-content\/uploads\/2024\/07\/picture_for_4G-dongle_left-300x225.webp 300w, https:\/\/luxpowertek.com\/wp-content\/uploads\/2024\/07\/picture_for_4G-dongle_left-1030x773.webp 1030w, https:\/\/luxpowertek.com\/wp-content\/uploads\/2024\/07\/picture_for_4G-dongle_left-768x576.webp 768w, https:\/\/luxpowertek.com\/wp-content\/uploads\/2024\/07\/picture_for_4G-dongle_left-1536x1152.webp 1536w, https:\/\/luxpowertek.com\/wp-content\/uploads\/2024\/07\/picture_for_4G-dongle_left-2048x1536.webp 2048w, https:\/\/luxpowertek.com\/wp-content\/uploads\/2024\/07\/picture_for_4G-dongle_left-510x383.webp 510w\" sizes=\"auto, (max-width: 2560px) 100vw, 2560px\" \/>\t\t\t\t\t\t\n\t\t\t\t\t<\/div>\n\t\t\t\t\t\t\t\t\n<style>\n#image_952963195 {\n  width: 100%;\n}\n<\/style>\n\t<\/div>\n\t\n              <\/div>\n           <\/div>\n                            \n<style>\n#text-box-1852185344 {\n  width: 29%;\n}\n#text-box-1852185344 .text-box-content {\n  font-size: 100%;\n  transform: rotate(-65deg);\n}\n<\/style>\n    <\/div>\n \n        <\/div>\n      <\/div>\n\n            \n<style>\n#banner-582100766 {\n  padding-top: 411px;\n}\n#banner-582100766 .overlay {\n  background-color: rgba(210, 210, 210, 0.965);\n}\n<\/style>\n  <\/div>\n\n\n\n  <div class=\"banner has-hover\" id=\"banner-1275726804\">\n          <div class=\"banner-inner fill\">\n        <div class=\"banner-bg fill\" >\n            <div class=\"bg fill bg-fill\"><\/div>\n                        <div class=\"overlay\"><\/div>            \n                    <\/div>\n\t\t\n        <div class=\"banner-layers container\">\n            <div class=\"fill banner-link\"><\/div>            \n   <div id=\"text-box-1489263841\" class=\"text-box banner-layer x50 md-x50 lg-x50 y25 md-y25 lg-y25 res-text\">\n                                <div class=\"text-box-content text dark\">\n              \n              <div class=\"text-inner text-center\">\n                  \n<p><span style=\"font-size: 150%;\"><strong>Znajd\u017a inne produkty Luxpower<\/strong><\/span><\/p>\n<a class=\"button white\"  style=\"border-radius:38px;\">\n    <span>Lista produkt\u00f3w<\/span>\n  <i class=\"icon-angle-right\" aria-hidden=\"true\" ><\/i><\/a>\n\n<a class=\"button primary\"  style=\"border-radius:99px;\">\n    <span>Skontaktuj si\u0119 z nami<\/span>\n  <i class=\"icon-angle-right\" aria-hidden=\"true\" ><\/i><\/a>\n\n              <\/div>\n           <\/div>\n                            \n<style>\n#text-box-1489263841 {\n  width: 60%;\n}\n#text-box-1489263841 .text-box-content {\n  font-size: 100%;\n}\n<\/style>\n    <\/div>\n \n        <\/div>\n      <\/div>\n\n            \n<style>\n#banner-1275726804 {\n  padding-top: 32.29%;\n}\n#banner-1275726804 .bg.bg-loaded {\n  background-image: url(https:\/\/luxpowertek.com\/wp-content\/uploads\/2024\/04\/seven-scaled.webp);\n}\n#banner-1275726804 .overlay {\n  background-color: rgba(0, 0, 0, 0.599);\n}\n<\/style>\n  <\/div>","protected":false},"excerpt":{"rendered":"","protected":false},"author":3,"featured_media":0,"parent":0,"menu_order":0,"comment_status":"closed","ping_status":"closed","template":"page-transparent-header-light.php","meta":{"rop_custom_images_group":[],"rop_custom_messages_group":[],"rop_publish_now":"initial","rop_publish_now_accounts":[],"rop_publish_now_history":[],"rop_publish_now_status":"pending","footnotes":""},"class_list":["post-9159","page","type-page","status-publish","hentry"],"yoast_head":"<!-- This site is optimized with the Yoast SEO plugin v27.3 - https:\/\/yoast.com\/product\/yoast-seo-wordpress\/ -->\n<title>4G Dongle -<\/title>\n<meta name=\"robots\" content=\"index, follow, max-snippet:-1, max-image-preview:large, max-video-preview:-1\" \/>\n<link rel=\"canonical\" href=\"https:\/\/luxpowertek.com\/pl\/rejestrator-danych-4gdongle\/\" \/>\n<meta property=\"og:locale\" content=\"pl_PL\" \/>\n<meta property=\"og:type\" content=\"article\" \/>\n<meta property=\"og:title\" content=\"4G Dongle -\" \/>\n<meta property=\"og:url\" content=\"https:\/\/luxpowertek.com\/pl\/rejestrator-danych-4gdongle\/\" \/>\n<meta property=\"article:modified_time\" content=\"2024-07-31T09:54:45+00:00\" \/>\n<meta name=\"twitter:card\" content=\"summary_large_image\" \/>\n<meta name=\"twitter:label1\" content=\"Est. reading time\" \/>\n\t<meta name=\"twitter:data1\" content=\"1 minuta\" \/>\n<script type=\"application\/ld+json\" class=\"yoast-schema-graph\">{\"@context\":\"https:\\\/\\\/schema.org\",\"@graph\":[{\"@type\":\"WebPage\",\"@id\":\"https:\\\/\\\/luxpowertek.com\\\/datalogger-4gdongle\\\/\",\"url\":\"https:\\\/\\\/luxpowertek.com\\\/datalogger-4gdongle\\\/\",\"name\":\"4G Dongle -\",\"isPartOf\":{\"@id\":\"https:\\\/\\\/luxpowertek.com\\\/#website\"},\"datePublished\":\"2024-06-08T08:23:36+00:00\",\"dateModified\":\"2024-07-31T09:54:45+00:00\",\"breadcrumb\":{\"@id\":\"https:\\\/\\\/luxpowertek.com\\\/datalogger-4gdongle\\\/#breadcrumb\"},\"inLanguage\":\"pl-PL\",\"potentialAction\":[{\"@type\":\"ReadAction\",\"target\":[\"https:\\\/\\\/luxpowertek.com\\\/datalogger-4gdongle\\\/\"]}]},{\"@type\":\"BreadcrumbList\",\"@id\":\"https:\\\/\\\/luxpowertek.com\\\/datalogger-4gdongle\\\/#breadcrumb\",\"itemListElement\":[{\"@type\":\"ListItem\",\"position\":1,\"name\":\"Home\",\"item\":\"https:\\\/\\\/luxpowertek.com\\\/\"},{\"@type\":\"ListItem\",\"position\":2,\"name\":\"4G Dongle\"}]},{\"@type\":\"WebSite\",\"@id\":\"https:\\\/\\\/luxpowertek.com\\\/#website\",\"url\":\"https:\\\/\\\/luxpowertek.com\\\/\",\"name\":\"\",\"description\":\"\",\"potentialAction\":[{\"@type\":\"SearchAction\",\"target\":{\"@type\":\"EntryPoint\",\"urlTemplate\":\"https:\\\/\\\/luxpowertek.com\\\/?s={search_term_string}\"},\"query-input\":{\"@type\":\"PropertyValueSpecification\",\"valueRequired\":true,\"valueName\":\"search_term_string\"}}],\"inLanguage\":\"pl-PL\"}]}<\/script>\n<!-- \/ Yoast SEO plugin. -->","yoast_head_json":{"title":"Klucz sprz\u0119towy 4G -","robots":{"index":"index","follow":"follow","max-snippet":"max-snippet:-1","max-image-preview":"max-image-preview:large","max-video-preview":"max-video-preview:-1"},"canonical":"https:\/\/luxpowertek.com\/pl\/rejestrator-danych-4gdongle\/","og_locale":"pl_PL","og_type":"article","og_title":"4G Dongle -","og_url":"https:\/\/luxpowertek.com\/pl\/rejestrator-danych-4gdongle\/","article_modified_time":"2024-07-31T09:54:45+00:00","twitter_card":"summary_large_image","twitter_misc":{"Est. reading time":"1 minuta"},"schema":{"@context":"https:\/\/schema.org","@graph":[{"@type":"WebPage","@id":"https:\/\/luxpowertek.com\/datalogger-4gdongle\/","url":"https:\/\/luxpowertek.com\/datalogger-4gdongle\/","name":"Klucz sprz\u0119towy 4G -","isPartOf":{"@id":"https:\/\/luxpowertek.com\/#website"},"datePublished":"2024-06-08T08:23:36+00:00","dateModified":"2024-07-31T09:54:45+00:00","breadcrumb":{"@id":"https:\/\/luxpowertek.com\/datalogger-4gdongle\/#breadcrumb"},"inLanguage":"pl-PL","potentialAction":[{"@type":"ReadAction","target":["https:\/\/luxpowertek.com\/datalogger-4gdongle\/"]}]},{"@type":"BreadcrumbList","@id":"https:\/\/luxpowertek.com\/datalogger-4gdongle\/#breadcrumb","itemListElement":[{"@type":"ListItem","position":1,"name":"Home","item":"https:\/\/luxpowertek.com\/"},{"@type":"ListItem","position":2,"name":"4G Dongle"}]},{"@type":"WebSite","@id":"https:\/\/luxpowertek.com\/#website","url":"https:\/\/luxpowertek.com\/","name":"","description":"","potentialAction":[{"@type":"SearchAction","target":{"@type":"EntryPoint","urlTemplate":"https:\/\/luxpowertek.com\/?s={search_term_string}"},"query-input":{"@type":"PropertyValueSpecification","valueRequired":true,"valueName":"search_term_string"}}],"inLanguage":"pl-PL"}]}},"_links":{"self":[{"href":"https:\/\/luxpowertek.com\/pl\/wp-json\/wp\/v2\/pages\/9159","targetHints":{"allow":["GET"]}}],"collection":[{"href":"https:\/\/luxpowertek.com\/pl\/wp-json\/wp\/v2\/pages"}],"about":[{"href":"https:\/\/luxpowertek.com\/pl\/wp-json\/wp\/v2\/types\/page"}],"author":[{"embeddable":true,"href":"https:\/\/luxpowertek.com\/pl\/wp-json\/wp\/v2\/users\/3"}],"replies":[{"embeddable":true,"href":"https:\/\/luxpowertek.com\/pl\/wp-json\/wp\/v2\/comments?post=9159"}],"version-history":[{"count":14,"href":"https:\/\/luxpowertek.com\/pl\/wp-json\/wp\/v2\/pages\/9159\/revisions"}],"predecessor-version":[{"id":10914,"href":"https:\/\/luxpowertek.com\/pl\/wp-json\/wp\/v2\/pages\/9159\/revisions\/10914"}],"wp:attachment":[{"href":"https:\/\/luxpowertek.com\/pl\/wp-json\/wp\/v2\/media?parent=9159"}],"curies":[{"name":"wp","href":"https:\/\/api.w.org\/{rel}","templated":true}]}}