{"id":8667,"date":"2024-04-09T22:29:25","date_gmt":"2024-04-09T14:29:25","guid":{"rendered":"https:\/\/luxpowertek.com\/?page_id=8667"},"modified":"2024-08-01T14:02:08","modified_gmt":"2024-08-01T06:02:08","slug":"klucz-sprzetowy","status":"publish","type":"page","link":"https:\/\/luxpowertek.com\/pl\/klucz-sprzetowy\/","title":{"rendered":"Cz\u0119sto zadawane pytania dotycz\u0105ce kluczy sprz\u0119towych"},"content":{"rendered":"<div class=\"banner has-hover\" id=\"banner-674421270\">\n          <div class=\"banner-inner fill\">\n        <div class=\"banner-bg fill\" >\n            <div class=\"bg fill bg-fill\"><\/div>\n                        <div class=\"overlay\"><\/div>            \n                    <\/div>\n\t\t\n        <div class=\"banner-layers container\">\n            <div class=\"fill banner-link\"><\/div>            \n   <div id=\"text-box-1463732063\" class=\"text-box banner-layer x50 md-x50 lg-x50 y50 md-y50 lg-y50 res-text\">\n                                <div class=\"text-box-content text dark\">\n              \n              <div class=\"text-inner text-center\">\n                  \n              <\/div>\n           <\/div>\n                            \n<style>\n#text-box-1463732063 {\n  width: 60%;\n}\n#text-box-1463732063 .text-box-content {\n  font-size: 100%;\n}\n@media (min-width:550px) {\n  #text-box-1463732063 {\n    width: 60%;\n  }\n}\n<\/style>\n    <\/div>\n \n        <\/div>\n      <\/div>\n\n            \n<style>\n#banner-674421270 {\n  padding-top: 500px;\n}\n#banner-674421270 .bg.bg-loaded {\n  background-image: url(https:\/\/luxpowertek.com\/wp-content\/uploads\/2024\/04\/six.webp);\n}\n#banner-674421270 .overlay {\n  background-color: rgba(0, 0, 0, 0.401);\n}\n<\/style>\n  <\/div>\n\n\n\t<section class=\"section\" id=\"section_379203429\">\n\t\t<div class=\"bg section-bg fill bg-fill  bg-loaded\" >\n\n\t\t\t\n\t\t\t\n\t\t\t\n\n\t\t<\/div>\n\n\t\t\n\n\t\t<div class=\"section-content relative\">\n\t\t\t\n<div class=\"row\"  id=\"row-298044785\">\n\n\t<div id=\"col-696535347\" class=\"col small-12 large-12\"  >\n\t\t\t\t<div class=\"col-inner\"  >\n\t\t\t\n\t\t\t\n<p class=\"lead\" style=\"text-align: center;\"><span style=\"font-size: 105%;\"><strong>Cz\u0119sto zadawane pytania dotycz\u0105ce kluczy sprz\u0119towych<\/strong><\/span><\/p>\n\t\t<\/div>\n\t\t\t\t\t<\/div>\n\n\t\n<\/div>\n<div class=\"row\"  id=\"row-821407867\">\n\n\t<div id=\"col-880091037\" class=\"col small-12 large-12\"  >\n\t\t\t\t<div class=\"col-inner\"  >\n\t\t\t\n\t\t\t\n<div class=\"accordion\">\n\t<div id=\"accordion-3242084641\" class=\"accordion-item\">\n\t\t<a id=\"accordion-3242084641-label\" class=\"accordion-title plain\" href=\"#accordion-item-what-does-\u2018dongle-already-exists\u2019-mean-when-adding-it-to-the-server?\" aria-expanded=\"false\" aria-controls=\"accordion-3242084641-content\" >\n\t\t\t<button class=\"toggle\" aria-label=\"D\u017awignia kolankowa\"><i class=\"icon-angle-down\"><\/i><\/button>\n\t\t\t<span>Co oznacza \u201eklucz sprz\u0119towy ju\u017c istnieje\u201d podczas dodawania go do serwera?<\/span>\n\t\t<\/a>\n\t\t<div id=\"accordion-3242084641-content\" class=\"accordion-inner\" aria-labelledby=\"accordion-3242084641-label\" >\n\t\t\t\n<ul>\n<li>A: Monit \u201edongle already exists\u201d oznacza, \u017ce dongle zosta\u0142 ju\u017c dodany do serwera. Je\u015bli chcesz go ponownie doda\u0107, najpierw usu\u0144 dongle ze stacji. Je\u015bli dongle nadal pojawia si\u0119 na Twoim koncie, skontaktuj si\u0119 z dostawc\u0105 lub Luxpowertek w celu uzyskania pomocy.<\/li>\n<\/ul>\n\t\t<\/div>\n\t<\/div>\n\t\n\t<div id=\"accordion-4233494076\" class=\"accordion-item\">\n\t\t<a id=\"accordion-4233494076-label\" class=\"accordion-title plain\" href=\"#accordion-item-how-do-i-connect-the-dongle-to-a-new-wifi-provider-if-i-change-my-router?\" aria-expanded=\"false\" aria-controls=\"accordion-4233494076-content\" >\n\t\t\t<button class=\"toggle\" aria-label=\"D\u017awignia kolankowa\"><i class=\"icon-angle-down\"><\/i><\/button>\n\t\t\t<span>Jak pod\u0142\u0105czy\u0107 klucz sprz\u0119towy do sieci Wi-Fi nowego dostawcy, je\u015bli zmieni\u0119 router?<\/span>\n\t\t<\/a>\n\t\t<div id=\"accordion-4233494076-content\" class=\"accordion-inner\" aria-labelledby=\"accordion-4233494076-label\" >\n\t\t\t\n<p>A: Wykonaj poni\u017csze kroki, aby skonfigurowa\u0107 nowe has\u0142o do sieci Wi-Fi za pomoc\u0105 aplikacji (upewnij si\u0119, \u017ce nowy router obs\u0142uguje pasmo cz\u0119stotliwo\u015bci 2,4 GHz):<\/p>\n<ul>\n<li>W\u0142\u00f3\u017c klucz sprz\u0119towy do falownika.<\/li>\n<li>Po\u0142\u0105cz sw\u00f3j telefon kom\u00f3rkowy lub komputer z lokalnym punktem dost\u0119powym wysy\u0142anym przez klucz sprz\u0119towy WiFi, gdy dioda LED WiFi na kluczu b\u0119dzie \u015bwieci\u0107 \u015bwiat\u0142em ci\u0105g\u0142ym.<\/li>\n<li>Otw\u00f3rz aplikacj\u0119 Luxpowerview i przejd\u017a do strony \u201ePo\u0142\u0105czenie z kluczem WiFi\u201d.<\/li>\n<li>Wybierz swoj\u0105 domow\u0105 sie\u0107 WiFi i wprowad\u017a has\u0142o.<\/li>\n<li>Kliknij \u201ePo\u0142\u0105cz z sieci\u0105 WiFi w domu\u201d i poczekaj, a\u017c wszystkie trzy diody LED za\u015bwiec\u0105 si\u0119 \u015bwiat\u0142em ci\u0105g\u0142ym.<\/li>\n<\/ul>\n\t\t<\/div>\n\t<\/div>\n\t\n\t<div id=\"accordion-3042120238\" class=\"accordion-item\">\n\t\t<a id=\"accordion-3042120238-label\" class=\"accordion-title plain\" href=\"#accordion-item-why-isn&#039;t-my-4g-dongle-working?\" aria-expanded=\"false\" aria-controls=\"accordion-3042120238-content\" >\n\t\t\t<button class=\"toggle\" aria-label=\"D\u017awignia kolankowa\"><i class=\"icon-angle-down\"><\/i><\/button>\n\t\t\t<span>Dlaczego m\u00f3j adapter 4G nie dzia\u0142a?<\/span>\n\t\t<\/a>\n\t\t<div id=\"accordion-3042120238-content\" class=\"accordion-inner\" aria-labelledby=\"accordion-3042120238-label\" >\n\t\t\t\n<p class=\"lead\"><span style=\"font-size: 80%;\">A: Upewnij si\u0119, \u017ce w\u0142o\u017cy\u0142e\u015b kart\u0119 SIM dostarczon\u0105 przez LUX do klucza sprz\u0119towego 4G. Je\u015bli problemy b\u0119d\u0105 si\u0119 powtarza\u0107, podaj numer seryjny klucza sprz\u0119towego 4G, numer seryjny inwertera i numer seryjny karty SIM firmie Luxpower w celu uzyskania informacji o okresie wa\u017cno\u015bci.<\/span><\/p>\n\t\t<\/div>\n\t<\/div>\n\t\n<\/div>\n<div class=\"accordion\">\n\t<div id=\"accordion-1478436633\" class=\"accordion-item\">\n\t\t<a id=\"accordion-1478436633-label\" class=\"accordion-title plain\" href=\"#accordion-item-why-isn&#039;t-my-wifi-dongle-connecting-to-my-new-router?\" aria-expanded=\"false\" aria-controls=\"accordion-1478436633-content\" >\n\t\t\t<button class=\"toggle\" aria-label=\"D\u017awignia kolankowa\"><i class=\"icon-angle-down\"><\/i><\/button>\n\t\t\t<span>Dlaczego m\u00f3j adapter WiFi nie \u0142\u0105czy si\u0119 z nowym routerem?<\/span>\n\t\t<\/a>\n\t\t<div id=\"accordion-1478436633-content\" class=\"accordion-inner\" aria-labelledby=\"accordion-1478436633-label\" >\n\t\t\t\n<p class=\"lead\"><span style=\"font-size: 80%;\">A: Aby rozwi\u0105za\u0107 problem, sprawd\u017a nast\u0119puj\u0105ce elementy:<\/span><\/p>\n<ul>\n<li class=\"lead\">\n<p class=\"lead\"><span style=\"font-size: 80%;\">Sprawd\u017a czy router obs\u0142uguje protok\u00f3\u0142 WiFi 5.<\/span><\/p>\n<\/li>\n<li class=\"lead\">\n<p class=\"lead\"><span style=\"font-size: 80%;\">Sprawd\u017a, czy router jest skonfigurowany do obs\u0142ugi protoko\u0142u WPA1\/WPA2\/WPA2\/3.<\/span><\/p>\n<\/li>\n<li class=\"lead\">\n<p class=\"lead\"><span style=\"font-size: 80%;\">Sprawd\u017a, czy router obs\u0142uguje pasmo cz\u0119stotliwo\u015bci 2,4 GHz.<\/span><\/p>\n<\/li>\n<li class=\"lead\">\n<p class=\"lead\"><span style=\"font-size: 80%;\">Sprawd\u017a, czy router jest skonfigurowany do obs\u0142ugi protoko\u0142u DHCP (lub r\u0119cznie przypisz adres IP do klucza sprz\u0119towego).<\/span><\/p>\n<\/li>\n<\/ul>\n\t\t<\/div>\n\t<\/div>\n\t\n\t<div id=\"accordion-2351282169\" class=\"accordion-item\">\n\t\t<a id=\"accordion-2351282169-label\" class=\"accordion-title plain\" href=\"#accordion-item-can-i-bind-a-dongle-to-more-than-one-station-for-normal-use?\" aria-expanded=\"false\" aria-controls=\"accordion-2351282169-content\" >\n\t\t\t<button class=\"toggle\" aria-label=\"D\u017awignia kolankowa\"><i class=\"icon-angle-down\"><\/i><\/button>\n\t\t\t<span>Czy mog\u0119 powi\u0105za\u0107 klucz sprz\u0119towy z wi\u0119cej ni\u017c jedn\u0105 stacj\u0105 w celu normalnego u\u017cytkowania?<\/span>\n\t\t<\/a>\n\t\t<div id=\"accordion-2351282169-content\" class=\"accordion-inner\" aria-labelledby=\"accordion-2351282169-label\" >\n\t\t\t\n<p class=\"lead\"><span style=\"font-size: 80%;\">A: Obecnie do konkretnego falownika i stacji mo\u017cna przypisa\u0107 tylko jeden klucz sprz\u0119towy.<\/span><\/p>\n\t\t<\/div>\n\t<\/div>\n\t\n\t<div id=\"accordion-576880816\" class=\"accordion-item\">\n\t\t<a id=\"accordion-576880816-label\" class=\"accordion-title plain\" href=\"#accordion-item-why-can&#039;t-we-see-the-wifi-hotspot-in-our-phone&#039;s-wifi-list?\" aria-expanded=\"false\" aria-controls=\"accordion-576880816-content\" >\n\t\t\t<button class=\"toggle\" aria-label=\"D\u017awignia kolankowa\"><i class=\"icon-angle-down\"><\/i><\/button>\n\t\t\t<span>Dlaczego nie widzimy hotspotu Wi-Fi na li\u015bcie sieci Wi-Fi w naszym telefonie?<\/span>\n\t\t<\/a>\n\t\t<div id=\"accordion-576880816-content\" class=\"accordion-inner\" aria-labelledby=\"accordion-576880816-label\" >\n\t\t\t\n<p class=\"lead\"><span style=\"font-size: 80%;\">A: Sprawd\u017a, czy widzisz hotspot o nazwie \u201eMXCHIPXXXX\u201d. Je\u015bli zalogujesz si\u0119 do 10.10.10.1 i zmienisz tryb WiFi na tryb stacji, klucz sprz\u0119towy mo\u017ce nie pokaza\u0107 AP. Ponadto, je\u015bli zostanie wykonany reset fabryczny, AP mo\u017ce pojawi\u0107 si\u0119 jako \u201eMXCHIPxxxxxxx\u201d.<\/span><\/p>\n\t\t<\/div>\n\t<\/div>\n\t\n<\/div>\n\t\t<\/div>\n\t\t\t\t\t<\/div>\n\n\t\n<\/div>\n\t\t<\/div>\n\n\t\t\n<style>\n#section_379203429 {\n  padding-top: 30px;\n  padding-bottom: 30px;\n}\n<\/style>\n\t<\/section>","protected":false},"excerpt":{"rendered":"","protected":false},"author":3,"featured_media":0,"parent":0,"menu_order":0,"comment_status":"closed","ping_status":"closed","template":"page-transparent-header-light.php","meta":{"rop_custom_images_group":[],"rop_custom_messages_group":[],"rop_publish_now":"initial","rop_publish_now_accounts":[],"rop_publish_now_history":[],"rop_publish_now_status":"pending","footnotes":""},"class_list":["post-8667","page","type-page","status-publish","hentry"],"yoast_head":"<!-- This site is optimized with the Yoast SEO plugin v27.3 - https:\/\/yoast.com\/product\/yoast-seo-wordpress\/ -->\n<title>Dongle FAQs -<\/title>\n<meta name=\"robots\" content=\"index, follow, max-snippet:-1, max-image-preview:large, max-video-preview:-1\" \/>\n<link rel=\"canonical\" href=\"https:\/\/luxpowertek.com\/pl\/klucz-sprzetowy\/\" \/>\n<meta property=\"og:locale\" content=\"pl_PL\" \/>\n<meta property=\"og:type\" content=\"article\" \/>\n<meta property=\"og:title\" content=\"Dongle FAQs -\" \/>\n<meta property=\"og:url\" content=\"https:\/\/luxpowertek.com\/pl\/klucz-sprzetowy\/\" \/>\n<meta property=\"article:modified_time\" content=\"2024-08-01T06:02:08+00:00\" \/>\n<meta name=\"twitter:card\" content=\"summary_large_image\" \/>\n<meta name=\"twitter:label1\" content=\"Est. reading time\" \/>\n\t<meta name=\"twitter:data1\" content=\"2 minuty\" \/>\n<script type=\"application\/ld+json\" class=\"yoast-schema-graph\">{\"@context\":\"https:\\\/\\\/schema.org\",\"@graph\":[{\"@type\":\"WebPage\",\"@id\":\"https:\\\/\\\/luxpowertek.com\\\/donglefaqs\\\/\",\"url\":\"https:\\\/\\\/luxpowertek.com\\\/donglefaqs\\\/\",\"name\":\"Dongle FAQs -\",\"isPartOf\":{\"@id\":\"https:\\\/\\\/luxpowertek.com\\\/#website\"},\"datePublished\":\"2024-04-09T14:29:25+00:00\",\"dateModified\":\"2024-08-01T06:02:08+00:00\",\"breadcrumb\":{\"@id\":\"https:\\\/\\\/luxpowertek.com\\\/donglefaqs\\\/#breadcrumb\"},\"inLanguage\":\"pl-PL\",\"potentialAction\":[{\"@type\":\"ReadAction\",\"target\":[\"https:\\\/\\\/luxpowertek.com\\\/donglefaqs\\\/\"]}]},{\"@type\":\"BreadcrumbList\",\"@id\":\"https:\\\/\\\/luxpowertek.com\\\/donglefaqs\\\/#breadcrumb\",\"itemListElement\":[{\"@type\":\"ListItem\",\"position\":1,\"name\":\"Home\",\"item\":\"https:\\\/\\\/luxpowertek.com\\\/\"},{\"@type\":\"ListItem\",\"position\":2,\"name\":\"Dongle FAQs\"}]},{\"@type\":\"WebSite\",\"@id\":\"https:\\\/\\\/luxpowertek.com\\\/#website\",\"url\":\"https:\\\/\\\/luxpowertek.com\\\/\",\"name\":\"\",\"description\":\"\",\"potentialAction\":[{\"@type\":\"SearchAction\",\"target\":{\"@type\":\"EntryPoint\",\"urlTemplate\":\"https:\\\/\\\/luxpowertek.com\\\/?s={search_term_string}\"},\"query-input\":{\"@type\":\"PropertyValueSpecification\",\"valueRequired\":true,\"valueName\":\"search_term_string\"}}],\"inLanguage\":\"pl-PL\"}]}<\/script>\n<!-- \/ Yoast SEO plugin. -->","yoast_head_json":{"title":"Najcz\u0119\u015bciej zadawane pytania dotycz\u0105ce kluczy sprz\u0119towych \u2013","robots":{"index":"index","follow":"follow","max-snippet":"max-snippet:-1","max-image-preview":"max-image-preview:large","max-video-preview":"max-video-preview:-1"},"canonical":"https:\/\/luxpowertek.com\/pl\/klucz-sprzetowy\/","og_locale":"pl_PL","og_type":"article","og_title":"Dongle FAQs -","og_url":"https:\/\/luxpowertek.com\/pl\/klucz-sprzetowy\/","article_modified_time":"2024-08-01T06:02:08+00:00","twitter_card":"summary_large_image","twitter_misc":{"Est. reading time":"2 minuty"},"schema":{"@context":"https:\/\/schema.org","@graph":[{"@type":"WebPage","@id":"https:\/\/luxpowertek.com\/donglefaqs\/","url":"https:\/\/luxpowertek.com\/donglefaqs\/","name":"Najcz\u0119\u015bciej zadawane pytania dotycz\u0105ce kluczy sprz\u0119towych \u2013","isPartOf":{"@id":"https:\/\/luxpowertek.com\/#website"},"datePublished":"2024-04-09T14:29:25+00:00","dateModified":"2024-08-01T06:02:08+00:00","breadcrumb":{"@id":"https:\/\/luxpowertek.com\/donglefaqs\/#breadcrumb"},"inLanguage":"pl-PL","potentialAction":[{"@type":"ReadAction","target":["https:\/\/luxpowertek.com\/donglefaqs\/"]}]},{"@type":"BreadcrumbList","@id":"https:\/\/luxpowertek.com\/donglefaqs\/#breadcrumb","itemListElement":[{"@type":"ListItem","position":1,"name":"Home","item":"https:\/\/luxpowertek.com\/"},{"@type":"ListItem","position":2,"name":"Dongle FAQs"}]},{"@type":"WebSite","@id":"https:\/\/luxpowertek.com\/#website","url":"https:\/\/luxpowertek.com\/","name":"","description":"","potentialAction":[{"@type":"SearchAction","target":{"@type":"EntryPoint","urlTemplate":"https:\/\/luxpowertek.com\/?s={search_term_string}"},"query-input":{"@type":"PropertyValueSpecification","valueRequired":true,"valueName":"search_term_string"}}],"inLanguage":"pl-PL"}]}},"_links":{"self":[{"href":"https:\/\/luxpowertek.com\/pl\/wp-json\/wp\/v2\/pages\/8667","targetHints":{"allow":["GET"]}}],"collection":[{"href":"https:\/\/luxpowertek.com\/pl\/wp-json\/wp\/v2\/pages"}],"about":[{"href":"https:\/\/luxpowertek.com\/pl\/wp-json\/wp\/v2\/types\/page"}],"author":[{"embeddable":true,"href":"https:\/\/luxpowertek.com\/pl\/wp-json\/wp\/v2\/users\/3"}],"replies":[{"embeddable":true,"href":"https:\/\/luxpowertek.com\/pl\/wp-json\/wp\/v2\/comments?post=8667"}],"version-history":[{"count":20,"href":"https:\/\/luxpowertek.com\/pl\/wp-json\/wp\/v2\/pages\/8667\/revisions"}],"predecessor-version":[{"id":11353,"href":"https:\/\/luxpowertek.com\/pl\/wp-json\/wp\/v2\/pages\/8667\/revisions\/11353"}],"wp:attachment":[{"href":"https:\/\/luxpowertek.com\/pl\/wp-json\/wp\/v2\/media?parent=8667"}],"curies":[{"name":"wp","href":"https:\/\/api.w.org\/{rel}","templated":true}]}}