{"id":8648,"date":"2024-04-09T21:34:36","date_gmt":"2024-04-09T13:34:36","guid":{"rendered":"https:\/\/luxpowertek.com\/?page_id=8648"},"modified":"2024-08-01T10:57:41","modified_gmt":"2024-08-01T02:57:41","slug":"falownik-ac-dc-solarinverterfaq","status":"publish","type":"page","link":"https:\/\/luxpowertek.com\/pl\/falownik-ac-dc-solarinverterfaq\/","title":{"rendered":"Cz\u0119sto zadawane pytania dotycz\u0105ce falownik\u00f3w AC\/DC"},"content":{"rendered":"<div class=\"banner has-hover\" id=\"banner-2007928801\">\n          <div class=\"banner-inner fill\">\n        <div class=\"banner-bg fill\" >\n            <div class=\"bg fill bg-fill\"><\/div>\n                        <div class=\"overlay\"><\/div>            \n                    <\/div>\n\t\t\n        <div class=\"banner-layers container\">\n            <div class=\"fill banner-link\"><\/div>            \n   <div id=\"text-box-2128652005\" class=\"text-box banner-layer x50 md-x50 lg-x50 y50 md-y50 lg-y50 res-text\">\n                                <div class=\"text-box-content text dark\">\n              \n              <div class=\"text-inner text-center\">\n                  \n              <\/div>\n           <\/div>\n                            \n<style>\n#text-box-2128652005 {\n  width: 60%;\n}\n#text-box-2128652005 .text-box-content {\n  font-size: 100%;\n}\n@media (min-width:550px) {\n  #text-box-2128652005 {\n    width: 60%;\n  }\n}\n<\/style>\n    <\/div>\n \n        <\/div>\n      <\/div>\n\n            \n<style>\n#banner-2007928801 {\n  padding-top: 500px;\n}\n#banner-2007928801 .bg.bg-loaded {\n  background-image: url(https:\/\/luxpowertek.com\/wp-content\/uploads\/2024\/04\/six.webp);\n}\n#banner-2007928801 .overlay {\n  background-color: rgba(0, 0, 0, 0.401);\n}\n<\/style>\n  <\/div>\n\n\n\t<section class=\"section\" id=\"section_858436582\">\n\t\t<div class=\"bg section-bg fill bg-fill  bg-loaded\" >\n\n\t\t\t\n\t\t\t\n\t\t\t\n\n\t\t<\/div>\n\n\t\t\n\n\t\t<div class=\"section-content relative\">\n\t\t\t\n<div class=\"row\"  id=\"row-591539338\">\n\n\t<div id=\"col-145313903\" class=\"col small-12 large-12\"  >\n\t\t\t\t<div class=\"col-inner\"  >\n\t\t\t\n\t\t\t\n<p class=\"lead\" style=\"text-align: center;\"><span style=\"font-size: 105%;\"><strong>Cz\u0119sto zadawane pytania dotycz\u0105ce inwerter\u00f3w sprz\u0119\u017conych AC\/DC<\/strong><\/span><\/p>\n\t\t<\/div>\n\t\t\t\t\t<\/div>\n\n\t\n<\/div>\n<div class=\"row\"  id=\"row-677513621\">\n\n\t<div id=\"col-1322146157\" class=\"col small-12 large-12\"  >\n\t\t\t\t<div class=\"col-inner\"  >\n\t\t\t\n\t\t\t\n<div class=\"accordion\">\n\t<div id=\"accordion-4076607814\" class=\"accordion-item\">\n\t\t<a id=\"accordion-4076607814-label\" class=\"accordion-title plain\" href=\"#accordion-item-what-does-ac-coupling-mean\uff1f\" aria-expanded=\"false\" aria-controls=\"accordion-4076607814-content\" >\n\t\t\t<button class=\"toggle\" aria-label=\"D\u017awignia kolankowa\"><i class=\"icon-angle-down\"><\/i><\/button>\n\t\t\t<span>Co oznacza AC COUPLING?<\/span>\n\t\t<\/a>\n\t\t<div id=\"accordion-4076607814-content\" class=\"accordion-inner\" aria-labelledby=\"accordion-4076607814-label\" >\n\t\t\t\n<p class=\"lead\"><span style=\"font-size: 80%;\">A: Sprz\u0119ganie AC lub sprz\u0119\u017cenie AC odnosi si\u0119 przede wszystkim do systemu magazynowania \u0142adowanego z pr\u0105du przemiennego. Zazwyczaj stosowane w scenariuszach modernizacji wraz z istniej\u0105cymi systemami PV, sprz\u0119ganie AC umo\u017cliwia kompensacj\u0119 obci\u0105\u017cenia i \u0142adowanie akumulatora, gdy dost\u0119pna jest energia z sieci. Podczas przerw w dostawie pr\u0105du z sieci system magazynowania zapewnia napi\u0119cie odniesienia dla systemu PV, aby m\u00f3g\u0142 on nadal generowa\u0107 energi\u0119 bez wsparcia sieci.<\/span><\/p>\n\t\t<\/div>\n\t<\/div>\n\t\n\t<div id=\"accordion-826927381\" class=\"accordion-item\">\n\t\t<a id=\"accordion-826927381-label\" class=\"accordion-title plain\" href=\"#accordion-item-is-ac-couple-in-on-grid-mode-and-off-grid-mode-available-with-12kw-inverter-?\" aria-expanded=\"false\" aria-controls=\"accordion-826927381-content\" >\n\t\t\t<button class=\"toggle\" aria-label=\"D\u017awignia kolankowa\"><i class=\"icon-angle-down\"><\/i><\/button>\n\t\t\t<span>Czy klimatyzator mo\u017ce pracowa\u0107 w trybie sieciowym i poza sieci\u0105 z falownikiem 12 kW?<\/span>\n\t\t<\/a>\n\t\t<div id=\"accordion-826927381-content\" class=\"accordion-inner\" aria-labelledby=\"accordion-826927381-label\" >\n\t\t\t\n<p class=\"lead\"><span style=\"font-size: 80%;\">A: es, zar\u00f3wno tryby on-grid, jak i off-grid s\u0105 dost\u0119pne z falownikiem 12 kW. Istniej\u0105cy falownik PV musi by\u0107 pod\u0142\u0105czony do portu Gen, aby umo\u017cliwi\u0107 funkcjonalno\u015b\u0107 sprz\u0119\u017cenia AC.<\/span><\/p>\n\t\t<\/div>\n\t<\/div>\n\t\n\t<div id=\"accordion-1440627486\" class=\"accordion-item\">\n\t\t<a id=\"accordion-1440627486-label\" class=\"accordion-title plain\" href=\"#accordion-item-can-acs3600-achieve-zero-export?\" aria-expanded=\"false\" aria-controls=\"accordion-1440627486-content\" >\n\t\t\t<button class=\"toggle\" aria-label=\"D\u017awignia kolankowa\"><i class=\"icon-angle-down\"><\/i><\/button>\n\t\t\t<span>Czy ACS3600 mo\u017ce osi\u0105gn\u0105\u0107 zerowy eksport?<\/span>\n\t\t<\/a>\n\t\t<div id=\"accordion-1440627486-content\" class=\"accordion-inner\" aria-labelledby=\"accordion-1440627486-label\" >\n\t\t\t\n<p>A: ACS3600 nie mo\u017ce osi\u0105gn\u0105\u0107 prawdziwego zerowego eksportu z powodu pewnych ogranicze\u0144:<\/p>\n<ul>\n<li>Je\u015bli falownik fotowoltaiczny nie ma funkcji zerowego eksportu, ustawienie zerowego eksportu nie zadzia\u0142a, co spowoduje nadmiar energii zwrotnej do sieci.<\/li>\n<li>Je\u015bli falownik PV ma zerow\u0105 zdolno\u015b\u0107 eksportu, generuje energi\u0119 na podstawie obci\u0105\u017cenia. Gdy pr\u0105d z falownika zostanie wykryty przez transformator pr\u0105dowy (CT), generacja energii PV zostanie zatrzymana, uniemo\u017cliwiaj\u0105c \u0142adowanie akumulatora w tym czasie.<\/li>\n<\/ul>\n\t\t<\/div>\n\t<\/div>\n\t\n<\/div>\n<div class=\"accordion\">\n\t<div id=\"accordion-3114823132\" class=\"accordion-item\">\n\t\t<a id=\"accordion-3114823132-label\" class=\"accordion-title plain\" href=\"#accordion-item-what-does-the-acs-3600-provide?\" aria-expanded=\"false\" aria-controls=\"accordion-3114823132-content\" >\n\t\t\t<button class=\"toggle\" aria-label=\"D\u017awignia kolankowa\"><i class=\"icon-angle-down\"><\/i><\/button>\n\t\t\t<span>Co zapewnia ACS 3600?<\/span>\n\t\t<\/a>\n\t\t<div id=\"accordion-3114823132-content\" class=\"accordion-inner\" aria-labelledby=\"accordion-3114823132-label\" >\n\t\t\t\n<p class=\"lead\"><span style=\"font-size: 80%;\">A: ACS 3600, nasze urz\u0105dzenie sprz\u0119\u017cone pr\u0105dem przemiennym, integruje dwukierunkow\u0105 konwersj\u0119 mocy, akumulator magazynuj\u0105cy energi\u0119 i jednostk\u0119 zarz\u0105dzania bateri\u0105. Efektywnie magazynuje energi\u0119 ze \u017ar\u00f3de\u0142 s\u0142onecznych, sieciowych lub generatorowych, aby zasila\u0107 obci\u0105\u017cenia domowe w razie potrzeby. Ten system optymalizuje wykorzystanie energii s\u0142onecznej, zmniejsza wydatki na energi\u0119 elektryczn\u0105 i zapewnia niezawodn\u0105 energi\u0119 elektryczn\u0105 w domu. Podczas przerw w dostawie pr\u0105du generator bezproblemowo s\u0142u\u017cy jako zapasowe \u017ar\u00f3d\u0142o zasilania.<\/span><\/p>\n\t\t<\/div>\n\t<\/div>\n\t\n\t<div id=\"accordion-4023637693\" class=\"accordion-item\">\n\t\t<a id=\"accordion-4023637693-label\" class=\"accordion-title plain\" href=\"#accordion-item-what-is-the-difference-between-ac-and-dc-coupled?\" aria-expanded=\"false\" aria-controls=\"accordion-4023637693-content\" >\n\t\t\t<button class=\"toggle\" aria-label=\"D\u017awignia kolankowa\"><i class=\"icon-angle-down\"><\/i><\/button>\n\t\t\t<span>Jaka jest r\u00f3\u017cnica pomi\u0119dzy sprz\u0119\u017ceniem AC i DC?<\/span>\n\t\t<\/a>\n\t\t<div id=\"accordion-4023637693-content\" class=\"accordion-inner\" aria-labelledby=\"accordion-4023637693-label\" >\n\t\t\t\n<p class=\"lead\"><span style=\"font-size: 80%;\">A: W systemie sprz\u0119\u017conym pr\u0105dem przemiennym panele s\u0142oneczne wytwarzaj\u0105 pr\u0105d sta\u0142y, kt\u00f3ry jest przekszta\u0142cany na pr\u0105d przemienny przez falownik w celu zasilania urz\u0105dze\u0144. Wszelka energia elektryczna kierowana do akumulatora jest przekszta\u0142cana na pr\u0105d sta\u0142y przez falownik, zanim zostanie przekszta\u0142cona z powrotem na pr\u0105d przemienny do u\u017cytku w urz\u0105dzeniach lub zasilania sieci.<\/span><\/p>\n<p class=\"lead\"><span style=\"font-size: 80%;\">W systemie sprz\u0119\u017conym pr\u0105dem sta\u0142ym pr\u0105d sta\u0142y z paneli s\u0142onecznych bezpo\u015brednio \u0142aduje akumulatory s\u0142oneczne bez po\u015bredniej konwersji pr\u0105du przemiennego. Wszelka energia elektryczna wymagana do zasilania urz\u0105dze\u0144 lub sieci jest przekszta\u0142cana na pr\u0105d przemienny przez falownik, podobnie jak wszelka energia elektryczna roz\u0142adowywana z akumulatora.<\/span><\/p>\n\t\t<\/div>\n\t<\/div>\n\t\n\t<div id=\"accordion-684455740\" class=\"accordion-item\">\n\t\t<a id=\"accordion-684455740-label\" class=\"accordion-title plain\" href=\"#accordion-item-what-is-the-scenario-for-a-dc-coupled-inverter?\" aria-expanded=\"false\" aria-controls=\"accordion-684455740-content\" >\n\t\t\t<button class=\"toggle\" aria-label=\"D\u017awignia kolankowa\"><i class=\"icon-angle-down\"><\/i><\/button>\n\t\t\t<span>Jaki jest scenariusz dla falownika sprz\u0119\u017conego pr\u0105dem sta\u0142ym?<\/span>\n\t\t<\/a>\n\t\t<div id=\"accordion-684455740-content\" class=\"accordion-inner\" aria-labelledby=\"accordion-684455740-label\" >\n\t\t\t\n<p>A: W kontek\u015bcie falownika sprz\u0119\u017conego pr\u0105dem sta\u0142ym nasze urz\u0105dzenie \u0142\u0105czy si\u0119 z istniej\u0105cymi falownikami pod\u0142\u0105czonymi do sieci. Dzi\u0119ki maksymalnej mocy wej\u015bciowej PV 200 kW i mocy wyj\u015bciowej PV 100 kW oraz kompatybilno\u015bci z akumulatorami wysokiego napi\u0119cia 100\u2013700 V nadaje si\u0119 do zastosowa\u0144 komercyjnych i przemys\u0142owych na du\u017c\u0105 skal\u0119.<\/p>\n\t\t<\/div>\n\t<\/div>\n\t\n<\/div>\n\t\t<\/div>\n\t\t\t\t\t<\/div>\n\n\t\n\n\t<div id=\"col-1574582956\" class=\"col small-12 large-12\"  >\n\t\t\t\t<div class=\"col-inner\"  >\n\t\t\t\n\t\t\t\n\t\t<\/div>\n\t\t\t\t\t<\/div>\n\n\t\n<\/div>\n\t\t<\/div>\n\n\t\t\n<style>\n#section_858436582 {\n  padding-top: 30px;\n  padding-bottom: 30px;\n}\n<\/style>\n\t<\/section>","protected":false},"excerpt":{"rendered":"","protected":false},"author":3,"featured_media":0,"parent":0,"menu_order":0,"comment_status":"closed","ping_status":"closed","template":"page-transparent-header-light.php","meta":{"rop_custom_images_group":[],"rop_custom_messages_group":[],"rop_publish_now":"initial","rop_publish_now_accounts":[],"rop_publish_now_history":[],"rop_publish_now_status":"pending","footnotes":""},"class_list":["post-8648","page","type-page","status-publish","hentry"],"yoast_head":"<!-- This site is optimized with the Yoast SEO plugin v27.3 - https:\/\/yoast.com\/product\/yoast-seo-wordpress\/ -->\n<title>AC\/DC inverter FAQs -<\/title>\n<meta name=\"robots\" content=\"index, follow, max-snippet:-1, max-image-preview:large, max-video-preview:-1\" \/>\n<link rel=\"canonical\" href=\"https:\/\/luxpowertek.com\/pl\/falownik-ac-dc-solarinverterfaq\/\" \/>\n<meta property=\"og:locale\" content=\"pl_PL\" \/>\n<meta property=\"og:type\" content=\"article\" \/>\n<meta property=\"og:title\" content=\"AC\/DC inverter FAQs -\" \/>\n<meta property=\"og:url\" content=\"https:\/\/luxpowertek.com\/pl\/falownik-ac-dc-solarinverterfaq\/\" \/>\n<meta property=\"article:modified_time\" content=\"2024-08-01T02:57:41+00:00\" \/>\n<meta name=\"twitter:card\" content=\"summary_large_image\" \/>\n<meta name=\"twitter:label1\" content=\"Est. reading time\" \/>\n\t<meta name=\"twitter:data1\" content=\"2 minuty\" \/>\n<script type=\"application\/ld+json\" class=\"yoast-schema-graph\">{\"@context\":\"https:\\\/\\\/schema.org\",\"@graph\":[{\"@type\":\"WebPage\",\"@id\":\"https:\\\/\\\/luxpowertek.com\\\/solarinverter-ac-dc-inverterfaq\\\/\",\"url\":\"https:\\\/\\\/luxpowertek.com\\\/solarinverter-ac-dc-inverterfaq\\\/\",\"name\":\"AC\\\/DC inverter FAQs -\",\"isPartOf\":{\"@id\":\"https:\\\/\\\/luxpowertek.com\\\/#website\"},\"datePublished\":\"2024-04-09T13:34:36+00:00\",\"dateModified\":\"2024-08-01T02:57:41+00:00\",\"breadcrumb\":{\"@id\":\"https:\\\/\\\/luxpowertek.com\\\/solarinverter-ac-dc-inverterfaq\\\/#breadcrumb\"},\"inLanguage\":\"pl-PL\",\"potentialAction\":[{\"@type\":\"ReadAction\",\"target\":[\"https:\\\/\\\/luxpowertek.com\\\/solarinverter-ac-dc-inverterfaq\\\/\"]}]},{\"@type\":\"BreadcrumbList\",\"@id\":\"https:\\\/\\\/luxpowertek.com\\\/solarinverter-ac-dc-inverterfaq\\\/#breadcrumb\",\"itemListElement\":[{\"@type\":\"ListItem\",\"position\":1,\"name\":\"Home\",\"item\":\"https:\\\/\\\/luxpowertek.com\\\/\"},{\"@type\":\"ListItem\",\"position\":2,\"name\":\"AC\\\/DC inverter FAQs\"}]},{\"@type\":\"WebSite\",\"@id\":\"https:\\\/\\\/luxpowertek.com\\\/#website\",\"url\":\"https:\\\/\\\/luxpowertek.com\\\/\",\"name\":\"\",\"description\":\"\",\"potentialAction\":[{\"@type\":\"SearchAction\",\"target\":{\"@type\":\"EntryPoint\",\"urlTemplate\":\"https:\\\/\\\/luxpowertek.com\\\/?s={search_term_string}\"},\"query-input\":{\"@type\":\"PropertyValueSpecification\",\"valueRequired\":true,\"valueName\":\"search_term_string\"}}],\"inLanguage\":\"pl-PL\"}]}<\/script>\n<!-- \/ Yoast SEO plugin. -->","yoast_head_json":{"title":"Cz\u0119sto zadawane pytania dotycz\u0105ce inwerter\u00f3w AC\/DC -","robots":{"index":"index","follow":"follow","max-snippet":"max-snippet:-1","max-image-preview":"max-image-preview:large","max-video-preview":"max-video-preview:-1"},"canonical":"https:\/\/luxpowertek.com\/pl\/falownik-ac-dc-solarinverterfaq\/","og_locale":"pl_PL","og_type":"article","og_title":"AC\/DC inverter FAQs -","og_url":"https:\/\/luxpowertek.com\/pl\/falownik-ac-dc-solarinverterfaq\/","article_modified_time":"2024-08-01T02:57:41+00:00","twitter_card":"summary_large_image","twitter_misc":{"Est. reading time":"2 minuty"},"schema":{"@context":"https:\/\/schema.org","@graph":[{"@type":"WebPage","@id":"https:\/\/luxpowertek.com\/solarinverter-ac-dc-inverterfaq\/","url":"https:\/\/luxpowertek.com\/solarinverter-ac-dc-inverterfaq\/","name":"Cz\u0119sto zadawane pytania dotycz\u0105ce inwerter\u00f3w AC\/DC -","isPartOf":{"@id":"https:\/\/luxpowertek.com\/#website"},"datePublished":"2024-04-09T13:34:36+00:00","dateModified":"2024-08-01T02:57:41+00:00","breadcrumb":{"@id":"https:\/\/luxpowertek.com\/solarinverter-ac-dc-inverterfaq\/#breadcrumb"},"inLanguage":"pl-PL","potentialAction":[{"@type":"ReadAction","target":["https:\/\/luxpowertek.com\/solarinverter-ac-dc-inverterfaq\/"]}]},{"@type":"BreadcrumbList","@id":"https:\/\/luxpowertek.com\/solarinverter-ac-dc-inverterfaq\/#breadcrumb","itemListElement":[{"@type":"ListItem","position":1,"name":"Home","item":"https:\/\/luxpowertek.com\/"},{"@type":"ListItem","position":2,"name":"AC\/DC inverter FAQs"}]},{"@type":"WebSite","@id":"https:\/\/luxpowertek.com\/#website","url":"https:\/\/luxpowertek.com\/","name":"","description":"","potentialAction":[{"@type":"SearchAction","target":{"@type":"EntryPoint","urlTemplate":"https:\/\/luxpowertek.com\/?s={search_term_string}"},"query-input":{"@type":"PropertyValueSpecification","valueRequired":true,"valueName":"search_term_string"}}],"inLanguage":"pl-PL"}]}},"_links":{"self":[{"href":"https:\/\/luxpowertek.com\/pl\/wp-json\/wp\/v2\/pages\/8648","targetHints":{"allow":["GET"]}}],"collection":[{"href":"https:\/\/luxpowertek.com\/pl\/wp-json\/wp\/v2\/pages"}],"about":[{"href":"https:\/\/luxpowertek.com\/pl\/wp-json\/wp\/v2\/types\/page"}],"author":[{"embeddable":true,"href":"https:\/\/luxpowertek.com\/pl\/wp-json\/wp\/v2\/users\/3"}],"replies":[{"embeddable":true,"href":"https:\/\/luxpowertek.com\/pl\/wp-json\/wp\/v2\/comments?post=8648"}],"version-history":[{"count":6,"href":"https:\/\/luxpowertek.com\/pl\/wp-json\/wp\/v2\/pages\/8648\/revisions"}],"predecessor-version":[{"id":10917,"href":"https:\/\/luxpowertek.com\/pl\/wp-json\/wp\/v2\/pages\/8648\/revisions\/10917"}],"wp:attachment":[{"href":"https:\/\/luxpowertek.com\/pl\/wp-json\/wp\/v2\/media?parent=8648"}],"curies":[{"name":"wp","href":"https:\/\/api.w.org\/{rel}","templated":true}]}}