{"id":8646,"date":"2024-04-09T21:26:37","date_gmt":"2024-04-09T13:26:37","guid":{"rendered":"https:\/\/luxpowertek.com\/?page_id=8646"},"modified":"2024-07-04T10:34:11","modified_gmt":"2024-07-04T02:34:11","slug":"offgridinverterfaq","status":"publish","type":"page","link":"https:\/\/luxpowertek.com\/pl\/offgridinverterfaq\/","title":{"rendered":"Cz\u0119sto zadawane pytania dotycz\u0105ce falownik\u00f3w niezale\u017cnych od sieci"},"content":{"rendered":"<div class=\"banner has-hover\" id=\"banner-1506819168\">\n          <div class=\"banner-inner fill\">\n        <div class=\"banner-bg fill\" >\n            <div class=\"bg fill bg-fill\"><\/div>\n                        <div class=\"overlay\"><\/div>            \n                    <\/div>\n\t\t\n        <div class=\"banner-layers container\">\n            <div class=\"fill banner-link\"><\/div>            \n   <div id=\"text-box-1355868894\" class=\"text-box banner-layer x50 md-x50 lg-x50 y50 md-y50 lg-y50 res-text\">\n                                <div class=\"text-box-content text dark\">\n              \n              <div class=\"text-inner text-center\">\n                  \n              <\/div>\n           <\/div>\n                            \n<style>\n#text-box-1355868894 {\n  width: 60%;\n}\n#text-box-1355868894 .text-box-content {\n  font-size: 100%;\n}\n@media (min-width:550px) {\n  #text-box-1355868894 {\n    width: 60%;\n  }\n}\n<\/style>\n    <\/div>\n \n        <\/div>\n      <\/div>\n\n            \n<style>\n#banner-1506819168 {\n  padding-top: 500px;\n}\n#banner-1506819168 .bg.bg-loaded {\n  background-image: url(https:\/\/luxpowertek.com\/wp-content\/uploads\/2024\/04\/six.webp);\n}\n#banner-1506819168 .overlay {\n  background-color: rgba(0, 0, 0, 0.401);\n}\n<\/style>\n  <\/div>\n\n\n\t<section class=\"section\" id=\"section_287727354\">\n\t\t<div class=\"bg section-bg fill bg-fill  bg-loaded\" >\n\n\t\t\t\n\t\t\t\n\t\t\t\n\n\t\t<\/div>\n\n\t\t\n\n\t\t<div class=\"section-content relative\">\n\t\t\t\n<div class=\"row\"  id=\"row-293234036\">\n\n\t<div id=\"col-1983008671\" class=\"col small-12 large-12\"  >\n\t\t\t\t<div class=\"col-inner\"  >\n\t\t\t\n\t\t\t\n<p class=\"lead\" style=\"text-align: center;\"><strong><span style=\"font-size: 100%;\">Cz\u0119sto zadawane pytania dotycz\u0105ce falownik\u00f3w niezale\u017cnych od sieci<\/span><\/strong><\/p>\n\t\t<\/div>\n\t\t\t\t\t<\/div>\n\n\t\n<\/div>\n<div class=\"row\"  id=\"row-1199315487\">\n\n\t<div id=\"col-247093368\" class=\"col small-12 large-12\"  >\n\t\t\t\t<div class=\"col-inner\"  >\n\t\t\t\n\t\t\t\n<div class=\"accordion\">\n\t<div id=\"accordion-2076587853\" class=\"accordion-item\">\n\t\t<a id=\"accordion-2076587853-label\" class=\"accordion-title plain\" href=\"#accordion-item-why-does-my-sna-inverter-consistently-discharge-with-low-power-even-when-there-is-no-load-connected?\" aria-expanded=\"false\" aria-controls=\"accordion-2076587853-content\" >\n\t\t\t<button class=\"toggle\" aria-label=\"D\u017awignia kolankowa\"><i class=\"icon-angle-down\"><\/i><\/button>\n\t\t\t<span>Dlaczego m\u00f3j inwerter SNA stale roz\u0142adowuje si\u0119 przy niskiej mocy, nawet gdy nie jest pod\u0142\u0105czone \u017cadne obci\u0105\u017cenie?<\/span>\n\t\t<\/a>\n\t\t<div id=\"accordion-2076587853-content\" class=\"accordion-inner\" aria-labelledby=\"accordion-2076587853-label\" >\n\t\t\t\n<p class=\"lead\"><span style=\"font-size: 80%;\">A: Je\u015bli funkcja EPS (zasilania awaryjnego) jest w\u0142\u0105czona, falownik SNA mo\u017ce wy\u015bwietla\u0107 odczyt obci\u0105\u017cenia mniejszy ni\u017c 60 W, nawet gdy do portu wyj\u015bciowego EPS nie jest pod\u0142\u0105czone \u017cadne obci\u0105\u017cenie.<\/span><\/p>\n\t\t<\/div>\n\t<\/div>\n\t\n\t<div id=\"accordion-57193401\" class=\"accordion-item\">\n\t\t<a id=\"accordion-57193401-label\" class=\"accordion-title plain\" href=\"#accordion-item-what-does-warning-code-00-on-the-sna5000-inverter-indicate?\" aria-expanded=\"false\" aria-controls=\"accordion-57193401-content\" >\n\t\t\t<button class=\"toggle\" aria-label=\"D\u017awignia kolankowa\"><i class=\"icon-angle-down\"><\/i><\/button>\n\t\t\t<span>Co oznacza kod ostrzegawczy 00 na falowniku SNA5000?<\/span>\n\t\t<\/a>\n\t\t<div id=\"accordion-57193401-content\" class=\"accordion-inner\" aria-labelledby=\"accordion-57193401-label\" >\n\t\t\t\n<p class=\"lead\"><span style=\"font-size: 80%;\">A: Kod ostrzegawczy 00 oznacza \u201eb\u0142\u0105d komunikacji akumulatora\u201d, wskazuj\u0105c na awari\u0119 komunikacji mi\u0119dzy akumulatorem a falownikiem. Ponadto kod b\u0142\u0119du 00 mo\u017ce sugerowa\u0107 problem z komunikacj\u0105 mi\u0119dzy procesorami steruj\u0105cymi, co powoduje konieczno\u015b\u0107 aktualizacji oprogramowania uk\u0142adowego lub ponownego uruchomienia systemu. Kod stanu 00 wskazuje tryb \u201eczuwania\u201d, wskazuj\u0105c, \u017ce falownik pozostaje w trybie czuwania z powodu niespe\u0142nionych warunk\u00f3w prze\u0142\u0105czania tryb\u00f3w pracy.<\/span><\/p>\n\t\t<\/div>\n\t<\/div>\n\t\n\t<div id=\"accordion-3908619541\" class=\"accordion-item\">\n\t\t<a id=\"accordion-3908619541-label\" class=\"accordion-title plain\" href=\"#accordion-item-i-installed-two-100ah-batteries,-but-the-monitoring-platform-shows-only-100ah.-why-is-that?\" aria-expanded=\"false\" aria-controls=\"accordion-3908619541-content\" >\n\t\t\t<button class=\"toggle\" aria-label=\"D\u017awignia kolankowa\"><i class=\"icon-angle-down\"><\/i><\/button>\n\t\t\t<span>Zainstalowa\u0142em dwa akumulatory 100Ah, ale platforma monitoruj\u0105ca pokazuje tylko 100Ah. Dlaczego?<\/span>\n\t\t<\/a>\n\t\t<div id=\"accordion-3908619541-content\" class=\"accordion-inner\" aria-labelledby=\"accordion-3908619541-label\" >\n\t\t\t\n<p class=\"lead\"><span style=\"font-size: 80%;\">A: W falownikach SNA wentylator dzia\u0142a na podstawie okre\u015blonych prog\u00f3w mocy. Gdy moc \u0142adowania lub roz\u0142adowania przekracza 300 wat\u00f3w, aktywuj\u0105 si\u0119 wentylatory lewy i \u015brodkowy. Ponadto prawy wentylator w\u0142\u0105cza si\u0119, gdy moc PV przekracza 300 wat\u00f3w lub moc importu sieci przekracza 5000 VA.<\/span><\/p>\n\t\t<\/div>\n\t<\/div>\n\t\n<\/div>\n<div class=\"accordion\">\n\t<div id=\"accordion-3166653078\" class=\"accordion-item\">\n\t\t<a id=\"accordion-3166653078-label\" class=\"accordion-title plain\" href=\"#accordion-item-what-is-the-recommended-depth-of-discharge-for-the-battery,-and-how-can-it-be-adjusted?\" aria-expanded=\"false\" aria-controls=\"accordion-3166653078-content\" >\n\t\t\t<button class=\"toggle\" aria-label=\"D\u017awignia kolankowa\"><i class=\"icon-angle-down\"><\/i><\/button>\n\t\t\t<span>Jaka jest zalecana g\u0142\u0119boko\u015b\u0107 roz\u0142adowania akumulatora i jak mo\u017cna j\u0105 dostosowa\u0107?<\/span>\n\t\t<\/a>\n\t\t<div id=\"accordion-3166653078-content\" class=\"accordion-inner\" aria-labelledby=\"accordion-3166653078-label\" >\n\t\t\t\n<p class=\"lead\"><span style=\"font-size: 80%;\">A: Zalecana g\u0142\u0119boko\u015b\u0107 roz\u0142adowania (DOD) zale\u017cy od projektu systemu, w tym takich czynnik\u00f3w, jak pojemno\u015b\u0107 akumulatora i zu\u017cycie obci\u0105\u017cenia. W przypadku system\u00f3w ze stabilnym wej\u015bciem sieciowym, kt\u00f3rych celem jest 80% DOD, nale\u017cy dostosowa\u0107 \u201eOn-grid cutoff SOC or On-grid EOD\u201d do 20%. W przypadku system\u00f3w z niestabilnym lub zerowym wej\u015bciem sieciowym nale\u017cy ustawi\u0107 \u201eOff-grid cutoff SOC or discharge cutoff SOC\u201d na 20%, upewniaj\u0105c si\u0119, \u017ce jest on ni\u017cszy ni\u017c ustawienie \u201eOn-grid cutoff SOC\u201d.<\/span><\/p>\n\t\t<\/div>\n\t<\/div>\n\t\n\t<div id=\"accordion-3133292156\" class=\"accordion-item\">\n\t\t<a id=\"accordion-3133292156-label\" class=\"accordion-title plain\" href=\"#accordion-item-why-does-the-inverter-display-voltage-even-when-the-battery-breaker-is-off?\" aria-expanded=\"false\" aria-controls=\"accordion-3133292156-content\" >\n\t\t\t<button class=\"toggle\" aria-label=\"D\u017awignia kolankowa\"><i class=\"icon-angle-down\"><\/i><\/button>\n\t\t\t<span>Dlaczego falownik wy\u015bwietla napi\u0119cie, nawet gdy wy\u0142\u0105cznik akumulatora jest wy\u0142\u0105czony?<\/span>\n\t\t<\/a>\n\t\t<div id=\"accordion-3133292156-content\" class=\"accordion-inner\" aria-labelledby=\"accordion-3133292156-label\" >\n\t\t\t\n<p class=\"lead\"><span style=\"font-size: 80%;\">A: Je\u015bli akumulator dzia\u0142a w trybie litowym z komunikacj\u0105, dane dotycz\u0105ce napi\u0119cia pochodz\u0105 z BM akumulatora. Je\u015bli jednak odczyty napi\u0119cia utrzymuj\u0105 si\u0119 po wy\u0142\u0105czeniu wy\u0142\u0105cznika akumulatora, mo\u017ce to oznacza\u0107, \u017ce akumulator by\u0142 ostatnio aktywny lub falownik dzia\u0142a\u0142 w trybie \u0142adowania.<\/span><\/p>\n\t\t<\/div>\n\t<\/div>\n\t\n\t<div id=\"accordion-2133880213\" class=\"accordion-item\">\n\t\t<a id=\"accordion-2133880213-label\" class=\"accordion-title plain\" href=\"#accordion-item-what-fault-conditions-prompt-the-inverter-to-shut-off-its-output?\" aria-expanded=\"false\" aria-controls=\"accordion-2133880213-content\" >\n\t\t\t<button class=\"toggle\" aria-label=\"D\u017awignia kolankowa\"><i class=\"icon-angle-down\"><\/i><\/button>\n\t\t\t<span>Jakie usterki powoduj\u0105 wy\u0142\u0105czenie wyj\u015bcia falownika?<\/span>\n\t\t<\/a>\n\t\t<div id=\"accordion-2133880213-content\" class=\"accordion-inner\" aria-labelledby=\"accordion-2133880213-label\" >\n\t\t\t\n<p class=\"lead\"><span style=\"font-size: 80%;\">A: R\u00f3\u017cne warunki, takie jak przeci\u0105\u017cenie, zwarcie, przepi\u0119cie PV, przegrzanie lub awaria wentylatora mog\u0105 wywo\u0142a\u0107 awari\u0119 falownika, powoduj\u0105c wy\u0142\u0105czenie wyj\u015bcia. Wszelkie nieprawid\u0142owe warunki wykryte przez DSP doprowadz\u0105 do wy\u0142\u0105czenia.<\/span><\/p>\n\t\t<\/div>\n\t<\/div>\n\t\n<\/div>\n\t\t<\/div>\n\t\t\t\t\t<\/div>\n\n\t\n\n\t<div id=\"col-1062084475\" class=\"col small-12 large-12\"  >\n\t\t\t\t<div class=\"col-inner\"  >\n\t\t\t\n\t\t\t\n<div class=\"accordion\">\n\t<div id=\"accordion-2810683018\" class=\"accordion-item\">\n\t\t<a id=\"accordion-2810683018-label\" class=\"accordion-title plain\" href=\"#accordion-item-i-installed-two-100ah-batteries,-but-the-monitoring-platform-shows-only-100ah.-why-is-that?\" aria-expanded=\"false\" aria-controls=\"accordion-2810683018-content\" >\n\t\t\t<button class=\"toggle\" aria-label=\"D\u017awignia kolankowa\"><i class=\"icon-angle-down\"><\/i><\/button>\n\t\t\t<span>Zainstalowa\u0142em dwa akumulatory 100Ah, ale platforma monitoruj\u0105ca pokazuje tylko 100Ah. Dlaczego?<\/span>\n\t\t<\/a>\n\t\t<div id=\"accordion-2810683018-content\" class=\"accordion-inner\" aria-labelledby=\"accordion-2810683018-label\" >\n\t\t\t\n<p>A: Wy\u015bwietlany pr\u0105d na platformie monitoruj\u0105cej odzwierciedla dane dostarczone przez BM akumulatora. Je\u015bli BM dok\u0142adnie zg\u0142aszaj\u0105 ca\u0142kowity pr\u0105d 200 Ah, system monitoruj\u0105cy wy\u015bwietli 200 Ah. Nale\u017cy skonsultowa\u0107 si\u0119 z dostawc\u0105 akumulatora, aby uzyska\u0107 dok\u0142adne informacje.<\/p>\n\t\t<\/div>\n\t<\/div>\n\t\n\t<div id=\"accordion-3063143218\" class=\"accordion-item\">\n\t\t<a id=\"accordion-3063143218-label\" class=\"accordion-title plain\" href=\"#accordion-item-why-does-the-battery-state-of-charge-(soc)-experience-sudden-dramatic-increases?\" aria-expanded=\"false\" aria-controls=\"accordion-3063143218-content\" >\n\t\t\t<button class=\"toggle\" aria-label=\"D\u017awignia kolankowa\"><i class=\"icon-angle-down\"><\/i><\/button>\n\t\t\t<span>Dlaczego stan na\u0142adowania akumulatora (SOC) nagle drastycznie wzrasta?<\/span>\n\t\t<\/a>\n\t\t<div id=\"accordion-3063143218-content\" class=\"accordion-inner\" aria-labelledby=\"accordion-3063143218-label\" >\n\t\t\t\n<p class=\"lead\"><span style=\"font-size: 80%;\">A: Nag\u0142e zmiany w SOC mog\u0105 wynika\u0107 z problem\u00f3w z kalibracj\u0105 SOC akumulatora. Sprawd\u017a MaxCellVoltage i MinCellVoltage pod k\u0105tem nier\u00f3wnych napi\u0119\u0107 ogniw akumulatora.<\/span><\/p>\n\t\t<\/div>\n\t<\/div>\n\t\n\t<div id=\"accordion-1622427696\" class=\"accordion-item\">\n\t\t<a id=\"accordion-1622427696-label\" class=\"accordion-title plain\" href=\"#accordion-item-why-does-the-grid-continue-charging-despite-ac-charge-being-disabled?\" aria-expanded=\"false\" aria-controls=\"accordion-1622427696-content\" >\n\t\t\t<button class=\"toggle\" aria-label=\"D\u017awignia kolankowa\"><i class=\"icon-angle-down\"><\/i><\/button>\n\t\t\t<span>Dlaczego sie\u0107 nadal \u0142aduje, mimo \u017ce \u0142adowanie pr\u0105dem zmiennym jest wy\u0142\u0105czone?<\/span>\n\t\t<\/a>\n\t\t<div id=\"accordion-1622427696-content\" class=\"accordion-inner\" aria-labelledby=\"accordion-1622427696-label\" >\n\t\t\t\n<p class=\"lead\"><span style=\"font-size: 80%;\">A: Sprawd\u017a stan baterii na stronie g\u0142\u00f3wnej. Je\u015bli pokazuje konkretne kody, takie jak 0x10, 0x11, 0x12, 0x13, 0x20, 0x21, 0x22 lub 0x23, oznacza to, \u017ce bateria za\u017c\u0105da\u0142a wymuszonego \u0142adowania.<\/span><\/p>\n\t\t<\/div>\n\t<\/div>\n\t\n<\/div>\n<div class=\"accordion\">\n\t<div id=\"accordion-2853861281\" class=\"accordion-item\">\n\t\t<a id=\"accordion-2853861281-label\" class=\"accordion-title plain\" href=\"#accordion-item-the-battery-is-fully-charged,-yet-the-inverter-detects-a-battery-open-condition-(bat-volt-open).-why?\" aria-expanded=\"false\" aria-controls=\"accordion-2853861281-content\" >\n\t\t\t<button class=\"toggle\" aria-label=\"D\u017awignia kolankowa\"><i class=\"icon-angle-down\"><\/i><\/button>\n\t\t\t<span>Akumulator jest w pe\u0142ni na\u0142adowany, ale falownik wykrywa stan otwarty akumulatora (Bat Volt Open). Dlaczego?<\/span>\n\t\t<\/a>\n\t\t<div id=\"accordion-2853861281-content\" class=\"accordion-inner\" aria-labelledby=\"accordion-2853861281-label\" >\n\t\t\t\n<p>A: Mo\u017ce to nast\u0105pi\u0107 z powodu nag\u0142ej przerwy w dostawie pr\u0105du i jego odzyskania. Po odzyskaniu r\u0119cznie uruchom ponownie falownik, aby usun\u0105\u0107 usterk\u0119 lub sprawd\u017a, czy moc \u0142adowania falownika przekracza 300 W.<\/p>\n\t\t<\/div>\n\t<\/div>\n\t\n\t<div id=\"accordion-759223809\" class=\"accordion-item\">\n\t\t<a id=\"accordion-759223809-label\" class=\"accordion-title plain\" href=\"#accordion-item-why-does-my-battery-show-full-charge-while-the-voltage-remains-unusually-low?\" aria-expanded=\"false\" aria-controls=\"accordion-759223809-content\" >\n\t\t\t<button class=\"toggle\" aria-label=\"D\u017awignia kolankowa\"><i class=\"icon-angle-down\"><\/i><\/button>\n\t\t\t<span>Dlaczego akumulator wskazuje pe\u0142ne na\u0142adowanie, podczas gdy napi\u0119cie pozostaje nietypowo niskie?<\/span>\n\t\t<\/a>\n\t\t<div id=\"accordion-759223809-content\" class=\"accordion-inner\" aria-labelledby=\"accordion-759223809-label\" >\n\t\t\t\n<p class=\"lead\"><span style=\"font-size: 80%;\">A: Je\u015bli akumulator dzia\u0142a w trybie litowym, dane dotycz\u0105ce napi\u0119cia pochodz\u0105 z BMS akumulatora i nie s\u0105 powi\u0105zane z falownikiem. W trybie kwasowo-o\u0142owiowym dok\u0142adno\u015b\u0107 odczytu SOC mo\u017ce si\u0119 r\u00f3\u017cni\u0107, co sugeruje kontrol\u0119 napi\u0119cia jako alternatywne podej\u015bcie.<\/span><\/p>\n\t\t<\/div>\n\t<\/div>\n\t\n<\/div>\n\t\t<\/div>\n\t\t\t\t\t<\/div>\n\n\t\n<\/div>\n\t\t<\/div>\n\n\t\t\n<style>\n#section_287727354 {\n  padding-top: 30px;\n  padding-bottom: 30px;\n}\n<\/style>\n\t<\/section>","protected":false},"excerpt":{"rendered":"","protected":false},"author":3,"featured_media":0,"parent":0,"menu_order":0,"comment_status":"closed","ping_status":"closed","template":"page-transparent-header-light.php","meta":{"rop_custom_images_group":[],"rop_custom_messages_group":[],"rop_publish_now":"initial","rop_publish_now_accounts":[],"rop_publish_now_history":[],"rop_publish_now_status":"pending","footnotes":""},"class_list":["post-8646","page","type-page","status-publish","hentry"],"yoast_head":"<!-- This site is optimized with the Yoast SEO plugin v27.3 - https:\/\/yoast.com\/product\/yoast-seo-wordpress\/ -->\n<title>Off-grid Inverter FAQs -<\/title>\n<meta name=\"robots\" content=\"index, follow, max-snippet:-1, max-image-preview:large, max-video-preview:-1\" \/>\n<link rel=\"canonical\" href=\"https:\/\/luxpowertek.com\/pl\/offgridinverterfaq\/\" \/>\n<meta property=\"og:locale\" content=\"pl_PL\" \/>\n<meta property=\"og:type\" content=\"article\" \/>\n<meta property=\"og:title\" content=\"Off-grid Inverter FAQs -\" \/>\n<meta property=\"og:url\" content=\"https:\/\/luxpowertek.com\/pl\/offgridinverterfaq\/\" \/>\n<meta property=\"article:publisher\" content=\"https:\/\/www.facebook.com\/LUXPOWERTEK\" \/>\n<meta property=\"article:modified_time\" content=\"2024-07-04T02:34:11+00:00\" \/>\n<meta name=\"twitter:card\" content=\"summary_large_image\" \/>\n<meta name=\"twitter:label1\" content=\"Est. reading time\" \/>\n\t<meta name=\"twitter:data1\" content=\"3 minuty\" \/>\n<script type=\"application\/ld+json\" class=\"yoast-schema-graph\">{\"@context\":\"https:\\\/\\\/schema.org\",\"@graph\":[{\"@type\":\"WebPage\",\"@id\":\"https:\\\/\\\/luxpowertek.com\\\/offgridinverterfaq\\\/\",\"url\":\"https:\\\/\\\/luxpowertek.com\\\/offgridinverterfaq\\\/\",\"name\":\"Off-grid Inverter FAQs -\",\"isPartOf\":{\"@id\":\"https:\\\/\\\/luxpowertek.com\\\/#website\"},\"datePublished\":\"2024-04-09T13:26:37+00:00\",\"dateModified\":\"2024-07-04T02:34:11+00:00\",\"breadcrumb\":{\"@id\":\"https:\\\/\\\/luxpowertek.com\\\/offgridinverterfaq\\\/#breadcrumb\"},\"inLanguage\":\"pl-PL\",\"potentialAction\":[{\"@type\":\"ReadAction\",\"target\":[\"https:\\\/\\\/luxpowertek.com\\\/offgridinverterfaq\\\/\"]}]},{\"@type\":\"BreadcrumbList\",\"@id\":\"https:\\\/\\\/luxpowertek.com\\\/offgridinverterfaq\\\/#breadcrumb\",\"itemListElement\":[{\"@type\":\"ListItem\",\"position\":1,\"name\":\"Home\",\"item\":\"https:\\\/\\\/luxpowertek.com\\\/\"},{\"@type\":\"ListItem\",\"position\":2,\"name\":\"Off-grid Inverter FAQs\"}]},{\"@type\":\"WebSite\",\"@id\":\"https:\\\/\\\/luxpowertek.com\\\/#website\",\"url\":\"https:\\\/\\\/luxpowertek.com\\\/\",\"name\":\"\",\"description\":\"\",\"publisher\":{\"@id\":\"https:\\\/\\\/luxpowertek.com\\\/#organization\"},\"potentialAction\":[{\"@type\":\"SearchAction\",\"target\":{\"@type\":\"EntryPoint\",\"urlTemplate\":\"https:\\\/\\\/luxpowertek.com\\\/?s={search_term_string}\"},\"query-input\":{\"@type\":\"PropertyValueSpecification\",\"valueRequired\":true,\"valueName\":\"search_term_string\"}}],\"inLanguage\":\"pl-PL\"},{\"@type\":\"Organization\",\"@id\":\"https:\\\/\\\/luxpowertek.com\\\/#organization\",\"name\":\"LuxpowerTek\",\"url\":\"https:\\\/\\\/luxpowertek.com\\\/\",\"logo\":{\"@type\":\"ImageObject\",\"inLanguage\":\"pl-PL\",\"@id\":\"https:\\\/\\\/luxpowertek.com\\\/#\\\/schema\\\/logo\\\/image\\\/\",\"url\":\"https:\\\/\\\/luxpowertek.com\\\/wp-content\\\/uploads\\\/2024\\\/08\\\/Luxpower_logo_new.webp\",\"contentUrl\":\"https:\\\/\\\/luxpowertek.com\\\/wp-content\\\/uploads\\\/2024\\\/08\\\/Luxpower_logo_new.webp\",\"width\":1030,\"height\":186,\"caption\":\"LuxpowerTek\"},\"image\":{\"@id\":\"https:\\\/\\\/luxpowertek.com\\\/#\\\/schema\\\/logo\\\/image\\\/\"},\"sameAs\":[\"https:\\\/\\\/www.facebook.com\\\/LUXPOWERTEK\"]}]}<\/script>\n<!-- \/ Yoast SEO plugin. -->","yoast_head_json":{"title":"Cz\u0119sto zadawane pytania dotycz\u0105ce falownik\u00f3w niezale\u017cnych od sieci -","robots":{"index":"index","follow":"follow","max-snippet":"max-snippet:-1","max-image-preview":"max-image-preview:large","max-video-preview":"max-video-preview:-1"},"canonical":"https:\/\/luxpowertek.com\/pl\/offgridinverterfaq\/","og_locale":"pl_PL","og_type":"article","og_title":"Off-grid Inverter FAQs -","og_url":"https:\/\/luxpowertek.com\/pl\/offgridinverterfaq\/","article_publisher":"https:\/\/www.facebook.com\/LUXPOWERTEK","article_modified_time":"2024-07-04T02:34:11+00:00","twitter_card":"summary_large_image","twitter_misc":{"Est. reading time":"3 minuty"},"schema":{"@context":"https:\/\/schema.org","@graph":[{"@type":"WebPage","@id":"https:\/\/luxpowertek.com\/offgridinverterfaq\/","url":"https:\/\/luxpowertek.com\/offgridinverterfaq\/","name":"Cz\u0119sto zadawane pytania dotycz\u0105ce falownik\u00f3w niezale\u017cnych od sieci -","isPartOf":{"@id":"https:\/\/luxpowertek.com\/#website"},"datePublished":"2024-04-09T13:26:37+00:00","dateModified":"2024-07-04T02:34:11+00:00","breadcrumb":{"@id":"https:\/\/luxpowertek.com\/offgridinverterfaq\/#breadcrumb"},"inLanguage":"pl-PL","potentialAction":[{"@type":"ReadAction","target":["https:\/\/luxpowertek.com\/offgridinverterfaq\/"]}]},{"@type":"BreadcrumbList","@id":"https:\/\/luxpowertek.com\/offgridinverterfaq\/#breadcrumb","itemListElement":[{"@type":"ListItem","position":1,"name":"Home","item":"https:\/\/luxpowertek.com\/"},{"@type":"ListItem","position":2,"name":"Off-grid Inverter FAQs"}]},{"@type":"WebSite","@id":"https:\/\/luxpowertek.com\/#website","url":"https:\/\/luxpowertek.com\/","name":"","description":"","publisher":{"@id":"https:\/\/luxpowertek.com\/#organization"},"potentialAction":[{"@type":"SearchAction","target":{"@type":"EntryPoint","urlTemplate":"https:\/\/luxpowertek.com\/?s={search_term_string}"},"query-input":{"@type":"PropertyValueSpecification","valueRequired":true,"valueName":"search_term_string"}}],"inLanguage":"pl-PL"},{"@type":"Organization","@id":"https:\/\/luxpowertek.com\/#organization","name":"Powietrze","url":"https:\/\/luxpowertek.com\/","logo":{"@type":"ImageObject","inLanguage":"pl-PL","@id":"https:\/\/luxpowertek.com\/#\/schema\/logo\/image\/","url":"https:\/\/luxpowertek.com\/wp-content\/uploads\/2024\/08\/Luxpower_logo_new.webp","contentUrl":"https:\/\/luxpowertek.com\/wp-content\/uploads\/2024\/08\/Luxpower_logo_new.webp","width":1030,"height":186,"caption":"LuxpowerTek"},"image":{"@id":"https:\/\/luxpowertek.com\/#\/schema\/logo\/image\/"},"sameAs":["https:\/\/www.facebook.com\/LUXPOWERTEK"]}]}},"_links":{"self":[{"href":"https:\/\/luxpowertek.com\/pl\/wp-json\/wp\/v2\/pages\/8646","targetHints":{"allow":["GET"]}}],"collection":[{"href":"https:\/\/luxpowertek.com\/pl\/wp-json\/wp\/v2\/pages"}],"about":[{"href":"https:\/\/luxpowertek.com\/pl\/wp-json\/wp\/v2\/types\/page"}],"author":[{"embeddable":true,"href":"https:\/\/luxpowertek.com\/pl\/wp-json\/wp\/v2\/users\/3"}],"replies":[{"embeddable":true,"href":"https:\/\/luxpowertek.com\/pl\/wp-json\/wp\/v2\/comments?post=8646"}],"version-history":[{"count":8,"href":"https:\/\/luxpowertek.com\/pl\/wp-json\/wp\/v2\/pages\/8646\/revisions"}],"predecessor-version":[{"id":8661,"href":"https:\/\/luxpowertek.com\/pl\/wp-json\/wp\/v2\/pages\/8646\/revisions\/8661"}],"wp:attachment":[{"href":"https:\/\/luxpowertek.com\/pl\/wp-json\/wp\/v2\/media?parent=8646"}],"curies":[{"name":"wp","href":"https:\/\/api.w.org\/{rel}","templated":true}]}}