{"id":8510,"date":"2024-04-08T14:52:45","date_gmt":"2024-04-08T06:52:45","guid":{"rendered":"https:\/\/luxpowertek.com\/?page_id=8510"},"modified":"2024-08-07T15:06:41","modified_gmt":"2024-08-07T07:06:41","slug":"falownik-hybrydowy-solarny-faq","status":"publish","type":"page","link":"https:\/\/luxpowertek.com\/pl\/falownik-hybrydowy-solarny-faq\/","title":{"rendered":"Cz\u0119sto zadawane pytania dotycz\u0105ce hybrydowych falownik\u00f3w solarnych"},"content":{"rendered":"<div class=\"banner has-hover\" id=\"banner-549989428\">\n          <div class=\"banner-inner fill\">\n        <div class=\"banner-bg fill\" >\n            <div class=\"bg fill bg-fill\"><\/div>\n                        <div class=\"overlay\"><\/div>            \n                    <\/div>\n\t\t\n        <div class=\"banner-layers container\">\n            <div class=\"fill banner-link\"><\/div>            \n   <div id=\"text-box-715882906\" class=\"text-box banner-layer x50 md-x50 lg-x50 y50 md-y50 lg-y50 res-text\">\n                                <div class=\"text-box-content text dark\">\n              \n              <div class=\"text-inner text-center\">\n                  \n              <\/div>\n           <\/div>\n                            \n<style>\n#text-box-715882906 {\n  width: 60%;\n}\n#text-box-715882906 .text-box-content {\n  font-size: 100%;\n}\n@media (min-width:550px) {\n  #text-box-715882906 {\n    width: 60%;\n  }\n}\n<\/style>\n    <\/div>\n \n        <\/div>\n      <\/div>\n\n            \n<style>\n#banner-549989428 {\n  padding-top: 500px;\n}\n#banner-549989428 .bg.bg-loaded {\n  background-image: url(https:\/\/luxpowertek.com\/wp-content\/uploads\/2024\/04\/six.webp);\n}\n#banner-549989428 .overlay {\n  background-color: rgba(0, 0, 0, 0.401);\n}\n<\/style>\n  <\/div>\n\n\n\t<section class=\"section\" id=\"section_247599731\">\n\t\t<div class=\"bg section-bg fill bg-fill  bg-loaded\" >\n\n\t\t\t\n\t\t\t\n\t\t\t\n\n\t\t<\/div>\n\n\t\t\n\n\t\t<div class=\"section-content relative\">\n\t\t\t\n<div class=\"row\"  id=\"row-1662391363\">\n\n\t<div id=\"col-1615167932\" class=\"col small-12 large-12\"  >\n\t\t\t\t<div class=\"col-inner\"  >\n\t\t\t\n\t\t\t\n<p class=\"lead\" style=\"text-align: center;\"><strong><span style=\"font-size: 130%;\">Cz\u0119sto zadawane pytania dotycz\u0105ce hybrydowych falownik\u00f3w solarnych<\/span><\/strong><\/p>\n\t\t<\/div>\n\t\t\t\t\t<\/div>\n\n\t\n<\/div>\n<div class=\"row\"  id=\"row-945750722\">\n\n\t<div id=\"col-43272495\" class=\"col small-12 large-12\"  >\n\t\t\t\t<div class=\"col-inner\"  >\n\t\t\t\n\t\t\t\n<div class=\"accordion\">\n\t<div id=\"accordion-1250604641\" class=\"accordion-item\">\n\t\t<a id=\"accordion-1250604641-label\" class=\"accordion-title plain\" href=\"#accordion-item-does-lxp-us-12k-support-generator-remote-start-function-?\" aria-expanded=\"false\" aria-controls=\"accordion-1250604641-content\" >\n\t\t\t<button class=\"toggle\" aria-label=\"D\u017awignia kolankowa\"><i class=\"icon-angle-down\"><\/i><\/button>\n\t\t\t<span>Czy LXP-US 12K obs\u0142uguje funkcj\u0119 zdalnego uruchamiania generatora?<\/span>\n\t\t<\/a>\n\t\t<div id=\"accordion-1250604641-content\" class=\"accordion-inner\" aria-labelledby=\"accordion-1250604641-label\" >\n\t\t\t\n<p class=\"lead\"><span style=\"font-size: 80%;\">A: Tak, seria Luxpower 12kW obs\u0142uguje r\u00f3wnie\u017c funkcj\u0119 automatycznego uruchamiania generatora. Aby w\u0142\u0105czy\u0107 t\u0119 funkcj\u0119, upewnij si\u0119, \u017ce Tw\u00f3j generator obs\u0142uguje funkcj\u0119 automatycznego uruchamiania. Wystarczy pod\u0142\u0105czy\u0107 2-\u017cy\u0142owy kabel bezpo\u015brednio do portu styku bezpr\u0105dowego.<\/span><\/p>\n\t\t<\/div>\n\t<\/div>\n\t\n\t<div id=\"accordion-2889147655\" class=\"accordion-item\">\n\t\t<a id=\"accordion-2889147655-label\" class=\"accordion-title plain\" href=\"#accordion-item-what-does-grid-peak-shaving-mean?\" aria-expanded=\"false\" aria-controls=\"accordion-2889147655-content\" >\n\t\t\t<button class=\"toggle\" aria-label=\"D\u017awignia kolankowa\"><i class=\"icon-angle-down\"><\/i><\/button>\n\t\t\t<span>Co oznacza golenie Grid Peak?<\/span>\n\t\t<\/a>\n\t\t<div id=\"accordion-2889147655-content\" class=\"accordion-inner\" aria-labelledby=\"accordion-2889147655-label\" >\n\t\t\t\n<p class=\"lead\"><span style=\"font-size: 80%;\">A: Peak shaving oznacza, \u017ce podczas okresu peak shaving, gdy importowana moc jest mniejsza od warto\u015bci granicznej, akumulator zostanie na\u0142adowany. Gdy importowana moc z sieci jest wy\u017csza od warto\u015bci granicznej, akumulator roz\u0142aduje si\u0119, aby zrekompensowa\u0107 nadmiar mocy.<\/span><\/p>\n\t\t<\/div>\n\t<\/div>\n\t\n\t<div id=\"accordion-1022959745\" class=\"accordion-item\">\n\t\t<a id=\"accordion-1022959745-label\" class=\"accordion-title plain\" href=\"#accordion-item-why-is-the-inverter-connected-to-the-ac-grid,-but-there&#039;s-no-eps-output-from-the-inverter?\" aria-expanded=\"false\" aria-controls=\"accordion-1022959745-content\" >\n\t\t\t<button class=\"toggle\" aria-label=\"D\u017awignia kolankowa\"><i class=\"icon-angle-down\"><\/i><\/button>\n\t\t\t<span>Dlaczego falownik jest pod\u0142\u0105czony do sieci pr\u0105du przemiennego, a nie ma wyj\u015bcia EPS falownika?<\/span>\n\t\t<\/a>\n\t\t<div id=\"accordion-1022959745-content\" class=\"accordion-inner\" aria-labelledby=\"accordion-1022959745-label\" >\n\t\t\t\n<p class=\"lead\"><span style=\"font-size: 80%;\">A: Upewnij si\u0119, \u017ce napi\u0119cie wej\u015bciowe z sieci jest stabilne i mie\u015bci si\u0119 w zakresie 180\u2013270 V. Wahania napi\u0119cia wej\u015bciowego sieci mog\u0105 powodowa\u0107 cz\u0119ste prze\u0142\u0105czanie mi\u0119dzy trybami on-grid i off-grid, co potencjalnie mo\u017ce prowadzi\u0107 do awarii przeka\u017anika obej\u015bciowego. Konieczne jest zbadanie przyczyn niestabilnego napi\u0119cia wej\u015bciowego sieci. W razie potrzeby rozwa\u017c wymian\u0119 komponent\u00f3w p\u0142yty IO, aby skutecznie rozwi\u0105za\u0107 problem.<\/span><\/p>\n\t\t<\/div>\n\t<\/div>\n\t\n\t<div id=\"accordion-3105930866\" class=\"accordion-item\">\n\t\t<a id=\"accordion-3105930866-label\" class=\"accordion-title plain\" href=\"#accordion-item-what&#039;s-the-function-of-dustproof-insulating-foam-for-mainboard\uff1f\" aria-expanded=\"false\" aria-controls=\"accordion-3105930866-content\" >\n\t\t\t<button class=\"toggle\" aria-label=\"D\u017awignia kolankowa\"><i class=\"icon-angle-down\"><\/i><\/button>\n\t\t\t<span>Jak\u0105 funkcj\u0119 pe\u0142ni pianka izolacyjna przeciwpy\u0142owa dla p\u0142yty g\u0142\u00f3wnej?<\/span>\n\t\t<\/a>\n\t\t<div id=\"accordion-3105930866-content\" class=\"accordion-inner\" aria-labelledby=\"accordion-3105930866-label\" >\n\t\t\t\n<p class=\"lead\"><span style=\"font-size: 80%;\">A: Ten komponent s\u0142u\u017cy do zapobiegania gromadzeniu si\u0119 kurzu i izolowania p\u0142yty g\u0142\u00f3wnej. Odgrywa kluczow\u0105 rol\u0119 w zabezpieczaniu p\u0142yty g\u0142\u00f3wnej przed szkodliwym dzia\u0142aniem kurzu, brudu i innych zanieczyszcze\u0144. Ponadto zapewnia izolacj\u0119 i amortyzacj\u0119 wstrz\u0105s\u00f3w, aby zapewni\u0107 optymaln\u0105 funkcjonalno\u015b\u0107 i d\u0142ugowieczno\u015b\u0107 p\u0142yty g\u0142\u00f3wnej.<\/span><\/p>\n\t\t<\/div>\n\t<\/div>\n\t\n<\/div>\n<div class=\"accordion\">\n\t<div id=\"accordion-915348714\" class=\"accordion-item\">\n\t\t<a id=\"accordion-915348714-label\" class=\"accordion-title plain\" href=\"#accordion-item-why-does-the-loss-of-sync-trigger-signal-happen-in-a-parallel-system?\" aria-expanded=\"false\" aria-controls=\"accordion-915348714-content\" >\n\t\t\t<button class=\"toggle\" aria-label=\"D\u017awignia kolankowa\"><i class=\"icon-angle-down\"><\/i><\/button>\n\t\t\t<span>Dlaczego w systemie r\u00f3wnoleg\u0142ym dochodzi do utraty sygna\u0142u wyzwalaj\u0105cego synchronizacj\u0119?<\/span>\n\t\t<\/a>\n\t\t<div id=\"accordion-915348714-content\" class=\"accordion-inner\" aria-labelledby=\"accordion-915348714-label\" >\n\t\t\t\n<p class=\"lead\"><span style=\"font-size: 80%;\">A: Przed przyst\u0105pieniem do dalszych czynno\u015bci sprawd\u017a kabel r\u00f3wnoleg\u0142y CAN i p\u0142yt\u0119 interfejsu. W razie potrzeby rozwa\u017c wymian\u0119 p\u0142yty interfejsu w tym urz\u0105dzeniu i przeprowadzenie dok\u0142adnej inspekcji. Je\u015bli potrzebujesz dodatkowej pomocy technicznej, nie wahaj si\u0119 skontaktowa\u0107 z naszym zespo\u0142em wsparcia technicznego.<\/span><\/p>\n\t\t<\/div>\n\t<\/div>\n\t\n\t<div id=\"accordion-2676763728\" class=\"accordion-item\">\n\t\t<a id=\"accordion-2676763728-label\" class=\"accordion-title plain\" href=\"#accordion-item-can-i-use-the-installer-account-to-block-an-end-user-from-changing-settings?\" aria-expanded=\"false\" aria-controls=\"accordion-2676763728-content\" >\n\t\t\t<button class=\"toggle\" aria-label=\"D\u017awignia kolankowa\"><i class=\"icon-angle-down\"><\/i><\/button>\n\t\t\t<span>Czy mog\u0119 u\u017cy\u0107 konta instalatora, aby uniemo\u017cliwi\u0107 u\u017cytkownikowi ko\u0144cowemu zmian\u0119 ustawie\u0144?<\/span>\n\t\t<\/a>\n\t\t<div id=\"accordion-2676763728-content\" class=\"accordion-inner\" aria-labelledby=\"accordion-2676763728-label\" >\n\t\t\t\n<p class=\"lead\"><span style=\"font-size: 80%;\">A: Tak, dostosowa\u0142e\u015b dost\u0119p do Read-Only. Jednak to ustawienie nie wydaje si\u0119 mie\u0107 zastosowania podczas pr\u00f3by skonfigurowania ko\u0144ca falownika za pomoc\u0105 ekranu LCD.<\/span><\/p>\n\t\t<\/div>\n\t<\/div>\n\t\n<\/div>\n\t\t<\/div>\n\t\t\t\t\t<\/div>\n\n\t\n\n\t<div id=\"col-1099344613\" class=\"col small-12 large-12\"  >\n\t\t\t\t<div class=\"col-inner\"  >\n\t\t\t\n\t\t\t\n<div class=\"accordion\">\n\t<div id=\"accordion-2564059144\" class=\"accordion-item\">\n\t\t<a id=\"accordion-2564059144-label\" class=\"accordion-title plain\" href=\"#accordion-item-why-is-there-no-display-of-battery-voltage-and-soc-despite-connecting-the-battery-to-the-inverter?\" aria-expanded=\"false\" aria-controls=\"accordion-2564059144-content\" >\n\t\t\t<button class=\"toggle\" aria-label=\"D\u017awignia kolankowa\"><i class=\"icon-angle-down\"><\/i><\/button>\n\t\t\t<span>Dlaczego nie wida\u0107 napi\u0119cia akumulatora ani stopnia na\u0142adowania (SOC), mimo \u017ce akumulator jest pod\u0142\u0105czony do falownika?<\/span>\n\t\t<\/a>\n\t\t<div id=\"accordion-2564059144-content\" class=\"accordion-inner\" aria-labelledby=\"accordion-2564059144-label\" >\n\t\t\t\n<p class=\"lead\"><span style=\"font-size: 80%;\">A: Je\u015bli u\u017cywasz akumulatora litowego, koniecznie upewnij si\u0119, \u017ce nie ma b\u0142\u0119d\u00f3w komunikacji mi\u0119dzy falownikiem a akumulatorem. Z drugiej strony, je\u015bli u\u017cywasz akumulatora kwasowo-o\u0142owiowego, sprawd\u017a ustawienia akumulatora i w razie potrzeby prze\u0142\u0105cz go na tryb kwasowo-o\u0142owiowy.<\/span><\/p>\n\t\t<\/div>\n\t<\/div>\n\t\n\t<div id=\"accordion-1754216907\" class=\"accordion-item\">\n\t\t<a id=\"accordion-1754216907-label\" class=\"accordion-title plain\" href=\"#accordion-item-what-should-i-do-to-the-inverter-when-i-leave-home-for-a-long-time\uff1f\" aria-expanded=\"false\" aria-controls=\"accordion-1754216907-content\" >\n\t\t\t<button class=\"toggle\" aria-label=\"D\u017awignia kolankowa\"><i class=\"icon-angle-down\"><\/i><\/button>\n\t\t\t<span>Co powinienem zrobi\u0107 z falownikiem, gdy wyje\u017cd\u017cam z domu na d\u0142u\u017cszy czas?<\/span>\n\t\t<\/a>\n\t\t<div id=\"accordion-1754216907-content\" class=\"accordion-inner\" aria-labelledby=\"accordion-1754216907-label\" >\n\t\t\t\n<p class=\"lead\"><span style=\"font-size: 80%;\">A: Nie ma zagro\u017cenia bezpiecze\u0144stwa, gdy wychodzisz z domu. Mo\u017cesz zdalnie monitorowa\u0107 i ustawia\u0107 za pomoc\u0105 swojej aplikacji.<\/span><\/p>\n\t\t<\/div>\n\t<\/div>\n\t\n<\/div>\n<div class=\"accordion\">\n<\/div>\n\t\t<\/div>\n\t\t\t\t\t<\/div>\n\n\t\n<\/div>\n\t\t<\/div>\n\n\t\t\n<style>\n#section_247599731 {\n  padding-top: 30px;\n  padding-bottom: 30px;\n}\n<\/style>\n\t<\/section>","protected":false},"excerpt":{"rendered":"","protected":false},"author":3,"featured_media":0,"parent":0,"menu_order":0,"comment_status":"closed","ping_status":"closed","template":"page-transparent-header-light.php","meta":{"rop_custom_images_group":[],"rop_custom_messages_group":[],"rop_publish_now":"initial","rop_publish_now_accounts":[],"rop_publish_now_history":[],"rop_publish_now_status":"pending","footnotes":""},"class_list":["post-8510","page","type-page","status-publish","hentry"],"yoast_head":"<!-- This site is optimized with the Yoast SEO plugin v27.3 - https:\/\/yoast.com\/product\/yoast-seo-wordpress\/ -->\n<title>Solar Hybrid Inverter FAQs -<\/title>\n<meta name=\"robots\" content=\"index, follow, max-snippet:-1, max-image-preview:large, max-video-preview:-1\" \/>\n<link rel=\"canonical\" href=\"https:\/\/luxpowertek.com\/pl\/falownik-hybrydowy-solarny-faq\/\" \/>\n<meta property=\"og:locale\" content=\"pl_PL\" \/>\n<meta property=\"og:type\" content=\"article\" \/>\n<meta property=\"og:title\" content=\"Solar Hybrid Inverter FAQs -\" \/>\n<meta property=\"og:url\" content=\"https:\/\/luxpowertek.com\/pl\/falownik-hybrydowy-solarny-faq\/\" \/>\n<meta property=\"article:modified_time\" content=\"2024-08-07T07:06:41+00:00\" \/>\n<meta name=\"twitter:card\" content=\"summary_large_image\" \/>\n<meta name=\"twitter:label1\" content=\"Est. reading time\" \/>\n\t<meta name=\"twitter:data1\" content=\"3 minuty\" \/>\n<script type=\"application\/ld+json\" class=\"yoast-schema-graph\">{\"@context\":\"https:\\\/\\\/schema.org\",\"@graph\":[{\"@type\":\"WebPage\",\"@id\":\"https:\\\/\\\/luxpowertek.com\\\/solar-hybrid-inverter-faqs\\\/\",\"url\":\"https:\\\/\\\/luxpowertek.com\\\/solar-hybrid-inverter-faqs\\\/\",\"name\":\"Solar Hybrid Inverter FAQs -\",\"isPartOf\":{\"@id\":\"https:\\\/\\\/luxpowertek.com\\\/#website\"},\"datePublished\":\"2024-04-08T06:52:45+00:00\",\"dateModified\":\"2024-08-07T07:06:41+00:00\",\"breadcrumb\":{\"@id\":\"https:\\\/\\\/luxpowertek.com\\\/solar-hybrid-inverter-faqs\\\/#breadcrumb\"},\"inLanguage\":\"pl-PL\",\"potentialAction\":[{\"@type\":\"ReadAction\",\"target\":[\"https:\\\/\\\/luxpowertek.com\\\/solar-hybrid-inverter-faqs\\\/\"]}]},{\"@type\":\"BreadcrumbList\",\"@id\":\"https:\\\/\\\/luxpowertek.com\\\/solar-hybrid-inverter-faqs\\\/#breadcrumb\",\"itemListElement\":[{\"@type\":\"ListItem\",\"position\":1,\"name\":\"Home\",\"item\":\"https:\\\/\\\/luxpowertek.com\\\/\"},{\"@type\":\"ListItem\",\"position\":2,\"name\":\"Solar Hybrid Inverter FAQs\"}]},{\"@type\":\"WebSite\",\"@id\":\"https:\\\/\\\/luxpowertek.com\\\/#website\",\"url\":\"https:\\\/\\\/luxpowertek.com\\\/\",\"name\":\"\",\"description\":\"\",\"potentialAction\":[{\"@type\":\"SearchAction\",\"target\":{\"@type\":\"EntryPoint\",\"urlTemplate\":\"https:\\\/\\\/luxpowertek.com\\\/?s={search_term_string}\"},\"query-input\":{\"@type\":\"PropertyValueSpecification\",\"valueRequired\":true,\"valueName\":\"search_term_string\"}}],\"inLanguage\":\"pl-PL\"}]}<\/script>\n<!-- \/ Yoast SEO plugin. -->","yoast_head_json":{"title":"Cz\u0119sto zadawane pytania dotycz\u0105ce hybrydowych falownik\u00f3w solarnych -","robots":{"index":"index","follow":"follow","max-snippet":"max-snippet:-1","max-image-preview":"max-image-preview:large","max-video-preview":"max-video-preview:-1"},"canonical":"https:\/\/luxpowertek.com\/pl\/falownik-hybrydowy-solarny-faq\/","og_locale":"pl_PL","og_type":"article","og_title":"Solar Hybrid Inverter FAQs -","og_url":"https:\/\/luxpowertek.com\/pl\/falownik-hybrydowy-solarny-faq\/","article_modified_time":"2024-08-07T07:06:41+00:00","twitter_card":"summary_large_image","twitter_misc":{"Est. reading time":"3 minuty"},"schema":{"@context":"https:\/\/schema.org","@graph":[{"@type":"WebPage","@id":"https:\/\/luxpowertek.com\/solar-hybrid-inverter-faqs\/","url":"https:\/\/luxpowertek.com\/solar-hybrid-inverter-faqs\/","name":"Cz\u0119sto zadawane pytania dotycz\u0105ce hybrydowych falownik\u00f3w solarnych -","isPartOf":{"@id":"https:\/\/luxpowertek.com\/#website"},"datePublished":"2024-04-08T06:52:45+00:00","dateModified":"2024-08-07T07:06:41+00:00","breadcrumb":{"@id":"https:\/\/luxpowertek.com\/solar-hybrid-inverter-faqs\/#breadcrumb"},"inLanguage":"pl-PL","potentialAction":[{"@type":"ReadAction","target":["https:\/\/luxpowertek.com\/solar-hybrid-inverter-faqs\/"]}]},{"@type":"BreadcrumbList","@id":"https:\/\/luxpowertek.com\/solar-hybrid-inverter-faqs\/#breadcrumb","itemListElement":[{"@type":"ListItem","position":1,"name":"Home","item":"https:\/\/luxpowertek.com\/"},{"@type":"ListItem","position":2,"name":"Solar Hybrid Inverter FAQs"}]},{"@type":"WebSite","@id":"https:\/\/luxpowertek.com\/#website","url":"https:\/\/luxpowertek.com\/","name":"","description":"","potentialAction":[{"@type":"SearchAction","target":{"@type":"EntryPoint","urlTemplate":"https:\/\/luxpowertek.com\/?s={search_term_string}"},"query-input":{"@type":"PropertyValueSpecification","valueRequired":true,"valueName":"search_term_string"}}],"inLanguage":"pl-PL"}]}},"_links":{"self":[{"href":"https:\/\/luxpowertek.com\/pl\/wp-json\/wp\/v2\/pages\/8510","targetHints":{"allow":["GET"]}}],"collection":[{"href":"https:\/\/luxpowertek.com\/pl\/wp-json\/wp\/v2\/pages"}],"about":[{"href":"https:\/\/luxpowertek.com\/pl\/wp-json\/wp\/v2\/types\/page"}],"author":[{"embeddable":true,"href":"https:\/\/luxpowertek.com\/pl\/wp-json\/wp\/v2\/users\/3"}],"replies":[{"embeddable":true,"href":"https:\/\/luxpowertek.com\/pl\/wp-json\/wp\/v2\/comments?post=8510"}],"version-history":[{"count":12,"href":"https:\/\/luxpowertek.com\/pl\/wp-json\/wp\/v2\/pages\/8510\/revisions"}],"predecessor-version":[{"id":11626,"href":"https:\/\/luxpowertek.com\/pl\/wp-json\/wp\/v2\/pages\/8510\/revisions\/11626"}],"wp:attachment":[{"href":"https:\/\/luxpowertek.com\/pl\/wp-json\/wp\/v2\/media?parent=8510"}],"curies":[{"name":"wp","href":"https:\/\/api.w.org\/{rel}","templated":true}]}}