{"id":7201,"date":"2023-07-14T17:08:17","date_gmt":"2023-07-14T09:08:17","guid":{"rendered":"https:\/\/luxpowertek.com\/?page_id=7201"},"modified":"2023-07-15T18:19:13","modified_gmt":"2023-07-15T10:19:13","slug":"saprodukty","status":"publish","type":"page","link":"https:\/\/luxpowertek.com\/pl\/saprodukty\/","title":{"rendered":"Produkty SA"},"content":{"rendered":"<div id=\"gap-1685327290\" class=\"gap-element clearfix\" style=\"display:block; height:auto;\">\n\t\t\n<style>\n#gap-1685327290 {\n  padding-top: 30px;\n}\n<\/style>\n\t<\/div>\n\t\n<div class=\"row\"  id=\"row-18117337\">\n\n\t<div id=\"col-515633444\" class=\"col medium-1 small-12 large-1\"  >\n\t\t\t\t<div class=\"col-inner\"  >\n\t\t\t\n\t\t\t\n\t\t<\/div>\n\t\t\t\t\n<style>\n#col-515633444 > .col-inner {\n  margin: 0px 0px 0px 37px;\n}\n<\/style>\n\t<\/div>\n\n\t\n\n\t<div id=\"col-1854965788\" class=\"col medium-4 small-12 large-4\"  >\n\t\t\t\t<div class=\"col-inner\"  >\n\t\t\t\n\t\t\t\n\t<div class=\"img has-hover x md-x lg-x y md-y lg-y\" id=\"image_2023934171\">\n\t\t\t\t\t\t\t\t<div class=\"img-inner dark\" >\n\t\t\t<img loading=\"lazy\" decoding=\"async\" width=\"827\" height=\"1030\" src=\"https:\/\/luxpowertek.com\/wp-content\/uploads\/2023\/05\/ECO-6k-827x1030.webp\" class=\"attachment-large size-large\" alt=\"Falownik solarny\" srcset=\"https:\/\/luxpowertek.com\/wp-content\/uploads\/2023\/05\/ECO-6k-827x1030.webp 827w, https:\/\/luxpowertek.com\/wp-content\/uploads\/2023\/05\/ECO-6k-241x300.webp 241w, https:\/\/luxpowertek.com\/wp-content\/uploads\/2023\/05\/ECO-6k-768x957.webp 768w, https:\/\/luxpowertek.com\/wp-content\/uploads\/2023\/05\/ECO-6k-1233x1536.webp 1233w, https:\/\/luxpowertek.com\/wp-content\/uploads\/2023\/05\/ECO-6k-800x996.webp 800w, https:\/\/luxpowertek.com\/wp-content\/uploads\/2023\/05\/ECO-6k.webp 1580w\" sizes=\"auto, (max-width: 827px) 100vw, 827px\" \/>\t\t\t\t\t\t\n\t\t\t\t\t<\/div>\n\t\t\t\t\t\t\t\t\n<style>\n#image_2023934171 {\n  width: 88%;\n}\n<\/style>\n\t<\/div>\n\t\n\t\t<\/div>\n\t\t\t\t\n<style>\n#col-1854965788 > .col-inner {\n  margin: 0px 0px 0px 20px;\n}\n<\/style>\n\t<\/div>\n\n\t\n\n\t<div id=\"col-782030264\" class=\"col medium-5 small-12 large-5\"  >\n\t\t\t\t<div class=\"col-inner\"  >\n\t\t\t\n\t\t\t\n<h3><span style=\"color: #00a859\">SNA3-6k<\/span><\/h3>\n<ul>\n<li style=\"text-align: left\">Inteligentne tryby poza sieci\u0105 i hybrydowe<\/li>\n<li>Jednoczesne obci\u0105\u017cenie pr\u0105dem zmiennym i fotowoltaicznym<\/li>\n<li>Szeroki zakres napi\u0119cia wej\u015bciowego PV 100V~480V<\/li>\n<li>Przetwornica DC na DC \u0142atwa w u\u017cyciu z bateri\u0105<\/li>\n<li>Bezp\u0142atny monitoring i zdalna aktualizacja<\/li>\n<li>Jednofazowy lub niezr\u00f3wnowa\u017cony tr\u00f3jfazowy<\/li>\n<li>Obs\u0142uga do 16 jednostek r\u00f3wnolegle<\/li>\n<li>Niezale\u017cny interfejs generatora<\/li>\n<li>Automatycznie wygenerowany falownik hosta do zarz\u0105dzania ca\u0142ym systemem<\/li>\n<\/ul>\n<div class=\"row\"  id=\"row-1348828335\">\n\n\t<div id=\"col-985383985\" class=\"col medium-5 small-12 large-5\"  >\n\t\t\t\t<div class=\"col-inner\"  >\n\t\t\t\n\t\t\t\n\n\t\t<div class=\"icon-box featured-box icon-box-left text-left\"  >\n\t\t\t\t\t<div class=\"icon-box-img\" style=\"width: 39px\">\n\t\t\t\t<div class=\"icon\">\n\t\t\t\t\t<div class=\"icon-inner\" >\n\t\t\t\t\t\t<img loading=\"lazy\" decoding=\"async\" width=\"171\" height=\"171\" src=\"https:\/\/luxpowertek.com\/wp-content\/uploads\/2021\/12\/wordpress-pdf-icon-1.png\" class=\"attachment-medium size-medium\" alt=\"\" srcset=\"https:\/\/luxpowertek.com\/wp-content\/uploads\/2021\/12\/wordpress-pdf-icon-1.png 171w, https:\/\/luxpowertek.com\/wp-content\/uploads\/2021\/12\/wordpress-pdf-icon-1-100x100.png 100w, https:\/\/luxpowertek.com\/wp-content\/uploads\/2021\/12\/wordpress-pdf-icon-1-80x80.png 80w\" sizes=\"auto, (max-width: 171px) 100vw, 171px\" \/>\t\t\t\t\t<\/div>\n\t\t\t\t<\/div>\n\t\t\t<\/div>\n\t\t\t\t<div class=\"icon-box-text last-reset\">\n\t\t\t\t\t\t\t\t\t\n\t<div id=\"text-1439325203\" class=\"text\">\n\t\t\n<p><a href=\"https:\/\/luxpowertek.com\/wp-content\/uploads\/2023\/07\/SNA-3-6k-Single-phase-specification.pdf\">Specyfikacja<\/a><\/p>\n\t\t\n<style>\n#text-1439325203 {\n  line-height: 3;\n}\n<\/style>\n\t<\/div>\n\t\n\t\t<\/div>\n\t<\/div>\n\t\n\t\n\t\t<\/div>\n\t\t\t\t\n<style>\n#col-985383985 > .col-inner {\n  margin: 0px 25px 0px 28px;\n}\n<\/style>\n\t<\/div>\n\n\t\n\n\t<div id=\"col-393529703\" class=\"col medium-5 small-12 large-5\"  >\n\t\t\t\t<div class=\"col-inner\"  >\n\t\t\t\n\t\t\t\n\n\t\t<div class=\"icon-box featured-box icon-box-left text-left\"  style=\"margin:0px 0px 0px 75px;\">\n\t\t\t\t\t<div class=\"icon-box-img\" style=\"width: 39px\">\n\t\t\t\t<div class=\"icon\">\n\t\t\t\t\t<div class=\"icon-inner\" >\n\t\t\t\t\t\t<img loading=\"lazy\" decoding=\"async\" width=\"171\" height=\"171\" src=\"https:\/\/luxpowertek.com\/wp-content\/uploads\/2021\/12\/wordpress-pdf-icon-1.png\" class=\"attachment-medium size-medium\" alt=\"\" srcset=\"https:\/\/luxpowertek.com\/wp-content\/uploads\/2021\/12\/wordpress-pdf-icon-1.png 171w, https:\/\/luxpowertek.com\/wp-content\/uploads\/2021\/12\/wordpress-pdf-icon-1-100x100.png 100w, https:\/\/luxpowertek.com\/wp-content\/uploads\/2021\/12\/wordpress-pdf-icon-1-80x80.png 80w\" sizes=\"auto, (max-width: 171px) 100vw, 171px\" \/>\t\t\t\t\t<\/div>\n\t\t\t\t<\/div>\n\t\t\t<\/div>\n\t\t\t\t<div class=\"icon-box-text last-reset\">\n\t\t\t\t\t\t\t\t\t\n\t<div id=\"text-3544703439\" class=\"text\">\n\t\t\n<p><a href=\"https:\/\/luxpowertek.com\/wp-content\/uploads\/2023\/07\/Eco-Hybrid-SNA-3-6k-User-Manual.pdf\">\u00a0Instrukcja obs\u0142ugi<\/a><\/p>\n\t\t\n<style>\n#text-3544703439 {\n  line-height: 3;\n}\n<\/style>\n\t<\/div>\n\t\n\t\t<\/div>\n\t<\/div>\n\t\n\t\n\t\t<\/div>\n\t\t\t\t\n<style>\n#col-393529703 > .col-inner {\n  margin: 0px 0px 0px -45px;\n}\n<\/style>\n\t<\/div>\n\n\t\n<\/div>\n\t\t<\/div>\n\t\t\t\t\n<style>\n#col-782030264 > .col-inner {\n  padding: 0px 0px 0px 0px;\n  margin: 29px 7px -6px -1px;\n}\n<\/style>\n\t<\/div>\n\n\t\n\n\t<div id=\"col-2026841940\" class=\"col medium-1 small-12 large-1\"  >\n\t\t\t\t<div class=\"col-inner\"  >\n\t\t\t\n\t\t\t\n\t\t<\/div>\n\t\t\t\t\n<style>\n#col-2026841940 > .col-inner {\n  margin: 0px 0px 0px 2px0;\n}\n<\/style>\n\t<\/div>\n\n\t\n<\/div>\n<div class=\"is-divider divider clearfix\" style=\"max-width:1280px;background-color:rgb(27, 129, 71);\"><\/div>\n\t<div id=\"gap-1712100286\" class=\"gap-element clearfix\" style=\"display:block; height:auto;\">\n\t\t\n<style>\n#gap-1712100286 {\n  padding-top: 50px;\n}\n<\/style>\n\t<\/div>\n\t\n<div class=\"row\"  id=\"row-1922499320\">\n\n\t<div id=\"col-1762066163\" class=\"col medium-1 small-12 large-1\"  >\n\t\t\t\t<div class=\"col-inner\"  >\n\t\t\t\n\t\t\t\n\t\t<\/div>\n\t\t\t\t\n<style>\n#col-1762066163 > .col-inner {\n  margin: 0px 0px 0px 37px;\n}\n<\/style>\n\t<\/div>\n\n\t\n\n\t<div id=\"col-1462171559\" class=\"col medium-4 small-12 large-4\"  >\n\t\t\t\t<div class=\"col-inner\"  >\n\t\t\t\n\t\t\t\n\t<div class=\"img has-hover x md-x lg-x y md-y lg-y\" id=\"image_1874992847\">\n\t\t\t\t\t\t\t\t<div class=\"img-inner dark\" style=\"margin:0px 16px 29px 0px;\">\n\t\t\t<img loading=\"lazy\" decoding=\"async\" width=\"892\" height=\"1030\" src=\"https:\/\/luxpowertek.com\/wp-content\/uploads\/2023\/05\/EU-8-10k-892x1030.webp\" class=\"attachment-large size-large\" alt=\"\" srcset=\"https:\/\/luxpowertek.com\/wp-content\/uploads\/2023\/05\/EU-8-10k-892x1030.webp 892w, https:\/\/luxpowertek.com\/wp-content\/uploads\/2023\/05\/EU-8-10k-260x300.webp 260w, https:\/\/luxpowertek.com\/wp-content\/uploads\/2023\/05\/EU-8-10k-768x887.webp 768w, https:\/\/luxpowertek.com\/wp-content\/uploads\/2023\/05\/EU-8-10k-1330x1536.webp 1330w, https:\/\/luxpowertek.com\/wp-content\/uploads\/2023\/05\/EU-8-10k-800x924.webp 800w, https:\/\/luxpowertek.com\/wp-content\/uploads\/2023\/05\/EU-8-10k.webp 1546w\" sizes=\"auto, (max-width: 892px) 100vw, 892px\" \/>\t\t\t\t\t\t\n\t\t\t\t\t<\/div>\n\t\t\t\t\t\t\t\t\n<style>\n#image_1874992847 {\n  width: 88%;\n}\n<\/style>\n\t<\/div>\n\t\n\t\t<\/div>\n\t\t\t\t\n<style>\n#col-1462171559 > .col-inner {\n  padding: 0px 0px 0px 44px;\n  margin: 0px 0px 0px 20px;\n}\n<\/style>\n\t<\/div>\n\n\t\n\n\t<div id=\"col-1341125605\" class=\"col medium-6 small-12 large-6\"  >\n\t\t\t\t<div class=\"col-inner\"  >\n\t\t\t\n\t\t\t\n<h3><span style=\"color: #00a859\">LXP-LB-EU 8-10k<\/span><\/h3>\n<ul>\n<li>Pr\u0105d \u0142adowania\/roz\u0142adowywania 210 A umo\u017cliwia szybkie \u0142adowanie akumulatora, a jednocze\u015bnie zaspokaja wysokie zapotrzebowanie na energi\u0119 w gospodarstwach domowych<\/li>\n<li>Wiele tryb\u00f3w pracy, odpowiednich do r\u00f3\u017cnych warunk\u00f3w zasilania<\/li>\n<li>Dost\u0119pny oddzielny interfejs generatora i funkcja sprz\u0119\u017cenia pr\u0105du przemiennego.<\/li>\n<li>Przeka\u017anik przelotowy 90A do UPS, \u0142atwa instalacja<\/li>\n<li>Zaawansowany r\u00f3wnoleg\u0142y, do 6 jednostek<\/li>\n<li>Inteligentne sterowanie obci\u0105\u017ceniem<\/li>\n<li>\u0141atwy w u\u017cyciu z bateriami<\/li>\n<li>Kolorowy dotykowy wy\u015bwietlacz LCD, IP65<\/li>\n<\/ul>\n<div class=\"row\"  id=\"row-86806045\">\n\n\t<div id=\"col-683623327\" class=\"col medium-4 small-12 large-4\"  >\n\t\t\t\t<div class=\"col-inner\"  >\n\t\t\t\n\t\t\t\n\n\t\t<div class=\"icon-box featured-box icon-box-left text-left\"  >\n\t\t\t\t\t<div class=\"icon-box-img\" style=\"width: 39px\">\n\t\t\t\t<div class=\"icon\">\n\t\t\t\t\t<div class=\"icon-inner\" >\n\t\t\t\t\t\t<img loading=\"lazy\" decoding=\"async\" width=\"171\" height=\"171\" src=\"https:\/\/luxpowertek.com\/wp-content\/uploads\/2021\/12\/wordpress-pdf-icon-1.png\" class=\"attachment-medium size-medium\" alt=\"\" srcset=\"https:\/\/luxpowertek.com\/wp-content\/uploads\/2021\/12\/wordpress-pdf-icon-1.png 171w, https:\/\/luxpowertek.com\/wp-content\/uploads\/2021\/12\/wordpress-pdf-icon-1-100x100.png 100w, https:\/\/luxpowertek.com\/wp-content\/uploads\/2021\/12\/wordpress-pdf-icon-1-80x80.png 80w\" sizes=\"auto, (max-width: 171px) 100vw, 171px\" \/>\t\t\t\t\t<\/div>\n\t\t\t\t<\/div>\n\t\t\t<\/div>\n\t\t\t\t<div class=\"icon-box-text last-reset\">\n\t\t\t\t\t\t\t\t\t\n\t<div id=\"text-3782667124\" class=\"text\">\n\t\t\n<p><a href=\"https:\/\/luxpowertek.com\/wp-content\/uploads\/2023\/07\/LXP-LB-EU-8-10k-specification.pdf\">Specyfikacja<\/a><\/p>\n\t\t\n<style>\n#text-3782667124 {\n  line-height: 3;\n}\n<\/style>\n\t<\/div>\n\t\n\t\t<\/div>\n\t<\/div>\n\t\n\t\n\t\t<\/div>\n\t\t\t\t\n<style>\n#col-683623327 > .col-inner {\n  margin: 0px 0px 0px 40px;\n}\n<\/style>\n\t<\/div>\n\n\t\n\n\t<div id=\"col-875599868\" class=\"col medium-4 small-12 large-4\"  >\n\t\t\t\t<div class=\"col-inner\"  >\n\t\t\t\n\t\t\t\n\n\t\t<div class=\"icon-box featured-box icon-box-left text-left\"  style=\"margin:0px 0px 0px 75px;\">\n\t\t\t\t\t<div class=\"icon-box-img\" style=\"width: 39px\">\n\t\t\t\t<div class=\"icon\">\n\t\t\t\t\t<div class=\"icon-inner\" >\n\t\t\t\t\t\t<img loading=\"lazy\" decoding=\"async\" width=\"171\" height=\"171\" src=\"https:\/\/luxpowertek.com\/wp-content\/uploads\/2021\/12\/wordpress-pdf-icon-1.png\" class=\"attachment-medium size-medium\" alt=\"\" srcset=\"https:\/\/luxpowertek.com\/wp-content\/uploads\/2021\/12\/wordpress-pdf-icon-1.png 171w, https:\/\/luxpowertek.com\/wp-content\/uploads\/2021\/12\/wordpress-pdf-icon-1-100x100.png 100w, https:\/\/luxpowertek.com\/wp-content\/uploads\/2021\/12\/wordpress-pdf-icon-1-80x80.png 80w\" sizes=\"auto, (max-width: 171px) 100vw, 171px\" \/>\t\t\t\t\t<\/div>\n\t\t\t\t<\/div>\n\t\t\t<\/div>\n\t\t\t\t<div class=\"icon-box-text last-reset\">\n\t\t\t\t\t\t\t\t\t\n\t<div id=\"text-1245856204\" class=\"text\">\n\t\t\n<p><a href=\"https:\/\/luxpowertek.com\/wp-content\/uploads\/2023\/07\/LXP-LB-EU-8-10k-specification.pdf\">Instrukcja obs\u0142ugi<\/a><\/p>\n\t\t\n<style>\n#text-1245856204 {\n  line-height: 3;\n}\n<\/style>\n\t<\/div>\n\t\n\t\t<\/div>\n\t<\/div>\n\t\n\t\n\t\t<\/div>\n\t\t\t\t\n<style>\n#col-875599868 > .col-inner {\n  margin: 0px 0px 0px -35px;\n}\n<\/style>\n\t<\/div>\n\n\t\n<\/div>\n\t\t<\/div>\n\t\t\t\t\t<\/div>\n\n\t\n\n\t<div id=\"col-619335912\" class=\"col medium-1 small-12 large-1\"  >\n\t\t\t\t<div class=\"col-inner\"  >\n\t\t\t\n\t\t\t\n\t\t<\/div>\n\t\t\t\t\n<style>\n#col-619335912 > .col-inner {\n  margin: 0px 0px 0px 2px0;\n}\n<\/style>\n\t<\/div>\n\n\t\n<\/div>\n<div class=\"is-divider divider clearfix\" style=\"max-width:1280px;background-color:rgb(27, 129, 71);\"><\/div>\n\t<div id=\"gap-933574359\" class=\"gap-element clearfix\" style=\"display:block; height:auto;\">\n\t\t\n<style>\n#gap-933574359 {\n  padding-top: 30px;\n}\n<\/style>\n\t<\/div>\n\t\n<div class=\"row\"  id=\"row-1304917467\">\n\n\t<div id=\"col-1452440625\" class=\"col medium-1 small-12 large-1\"  >\n\t\t\t\t<div class=\"col-inner\"  >\n\t\t\t\n\t\t\t\n\t\t<\/div>\n\t\t\t\t\n<style>\n#col-1452440625 > .col-inner {\n  margin: 0px 0px 0px 37px;\n}\n<\/style>\n\t<\/div>\n\n\t\n\n\t<div id=\"col-1059871938\" class=\"col medium-4 small-12 large-4\"  >\n\t\t\t\t<div class=\"col-inner\"  >\n\t\t\t\n\t\t\t\n\t<div class=\"img has-hover x md-x lg-x y md-y lg-y\" id=\"image_1668934563\">\n\t\t\t\t\t\t\t\t<div class=\"img-inner dark\" >\n\t\t\t<img loading=\"lazy\" decoding=\"async\" width=\"827\" height=\"1030\" src=\"https:\/\/luxpowertek.com\/wp-content\/uploads\/2023\/05\/LXP-12k-827x1030.webp\" class=\"attachment-large size-large\" alt=\"\" srcset=\"https:\/\/luxpowertek.com\/wp-content\/uploads\/2023\/05\/LXP-12k-827x1030.webp 827w, https:\/\/luxpowertek.com\/wp-content\/uploads\/2023\/05\/LXP-12k-241x300.webp 241w, https:\/\/luxpowertek.com\/wp-content\/uploads\/2023\/05\/LXP-12k-768x957.webp 768w, https:\/\/luxpowertek.com\/wp-content\/uploads\/2023\/05\/LXP-12k-1233x1536.webp 1233w, https:\/\/luxpowertek.com\/wp-content\/uploads\/2023\/05\/LXP-12k-800x996.webp 800w, https:\/\/luxpowertek.com\/wp-content\/uploads\/2023\/05\/LXP-12k.webp 1580w\" sizes=\"auto, (max-width: 827px) 100vw, 827px\" \/>\t\t\t\t\t\t\n\t\t\t\t\t<\/div>\n\t\t\t\t\t\t\t\t\n<style>\n#image_1668934563 {\n  width: 84%;\n}\n<\/style>\n\t<\/div>\n\t\n\t\t<\/div>\n\t\t\t\t\n<style>\n#col-1059871938 > .col-inner {\n  margin: 0px 0px 0px 39px;\n}\n<\/style>\n\t<\/div>\n\n\t\n\n\t<div id=\"col-1443458524\" class=\"col medium-6 small-12 large-6\"  >\n\t\t\t\t<div class=\"col-inner\"  >\n\t\t\t\n\t\t\t\n<h3><span style=\"color: #00a859\">LXP-LB-EU 12k<\/span><\/h3>\n<ul>\n<li>Maksymalny pr\u0105d \u0142adowania\/roz\u0142adowania 250A pozwala systemowi osi\u0105gn\u0105\u0107 imponuj\u0105c\u0105 wydajno\u015b\u0107: 99%<\/li>\n<li>Funkcja sprz\u0119\u017cenia AC rozszerza mo\u017cliwo\u015bci interfejsu istniej\u0105cych generator\u00f3w diesla, umo\u017cliwiaj\u0105c u\u017cytkownikom pod\u0142\u0105czanie ich do istniej\u0105cych system\u00f3w sieciowych i ponowne osi\u0105gni\u0119cie niezale\u017cno\u015bci energetycznej<\/li>\n<li>Znamionowa moc zasilania poza sieci\u0105 wynosi 12 kW<\/li>\n<li>Obs\u0142uga do 10 sztuk r\u00f3wnolegle<\/li>\n<li>Inteligentne sterowanie obci\u0105\u017ceniem<\/li>\n<li>Zintegrowany modu\u0142 UPS, p\u0142ynne prze\u0142\u0105czanie mi\u0119dzy sieci\u0105 a zasilaniem w czasie poni\u017cej 20 ms<\/li>\n<li>3 wej\u015bcia MPPT, maksymalnie do 18 kW<\/li>\n<li>Kolorowy dotykowy wy\u015bwietlacz LCD, IP65<\/li>\n<\/ul>\n<div class=\"row\"  id=\"row-1473255769\">\n\n\t<div id=\"col-205067529\" class=\"col medium-4 small-12 large-4\"  >\n\t\t\t\t<div class=\"col-inner\"  >\n\t\t\t\n\t\t\t\n\n\t\t<div class=\"icon-box featured-box icon-box-left text-left\"  >\n\t\t\t\t\t<div class=\"icon-box-img\" style=\"width: 39px\">\n\t\t\t\t<div class=\"icon\">\n\t\t\t\t\t<div class=\"icon-inner\" >\n\t\t\t\t\t\t<img loading=\"lazy\" decoding=\"async\" width=\"171\" height=\"171\" src=\"https:\/\/luxpowertek.com\/wp-content\/uploads\/2021\/12\/wordpress-pdf-icon-1.png\" class=\"attachment-medium size-medium\" alt=\"\" srcset=\"https:\/\/luxpowertek.com\/wp-content\/uploads\/2021\/12\/wordpress-pdf-icon-1.png 171w, https:\/\/luxpowertek.com\/wp-content\/uploads\/2021\/12\/wordpress-pdf-icon-1-100x100.png 100w, https:\/\/luxpowertek.com\/wp-content\/uploads\/2021\/12\/wordpress-pdf-icon-1-80x80.png 80w\" sizes=\"auto, (max-width: 171px) 100vw, 171px\" \/>\t\t\t\t\t<\/div>\n\t\t\t\t<\/div>\n\t\t\t<\/div>\n\t\t\t\t<div class=\"icon-box-text last-reset\">\n\t\t\t\t\t\t\t\t\t\n\t<div id=\"text-3628989262\" class=\"text\">\n\t\t\n<p><a href=\"https:\/\/luxpowertek.com\/wp-content\/uploads\/2023\/07\/LXP-LB-EU-12k-specification.pdf\">Specyfikacja<\/a><\/p>\n\t\t\n<style>\n#text-3628989262 {\n  line-height: 3;\n}\n<\/style>\n\t<\/div>\n\t\n\t\t<\/div>\n\t<\/div>\n\t\n\t\n\t\t<\/div>\n\t\t\t\t\n<style>\n#col-205067529 > .col-inner {\n  margin: 0px 0px 0px 40px;\n}\n<\/style>\n\t<\/div>\n\n\t\n\n\t<div id=\"col-640713834\" class=\"col medium-4 small-12 large-4\"  >\n\t\t\t\t<div class=\"col-inner\"  >\n\t\t\t\n\t\t\t\n\n\t\t<div class=\"icon-box featured-box icon-box-left text-left\"  style=\"margin:0px 0px 0px 75px;\">\n\t\t\t\t\t<div class=\"icon-box-img\" style=\"width: 39px\">\n\t\t\t\t<div class=\"icon\">\n\t\t\t\t\t<div class=\"icon-inner\" >\n\t\t\t\t\t\t<img loading=\"lazy\" decoding=\"async\" width=\"171\" height=\"171\" src=\"https:\/\/luxpowertek.com\/wp-content\/uploads\/2021\/12\/wordpress-pdf-icon-1.png\" class=\"attachment-medium size-medium\" alt=\"\" srcset=\"https:\/\/luxpowertek.com\/wp-content\/uploads\/2021\/12\/wordpress-pdf-icon-1.png 171w, https:\/\/luxpowertek.com\/wp-content\/uploads\/2021\/12\/wordpress-pdf-icon-1-100x100.png 100w, https:\/\/luxpowertek.com\/wp-content\/uploads\/2021\/12\/wordpress-pdf-icon-1-80x80.png 80w\" sizes=\"auto, (max-width: 171px) 100vw, 171px\" \/>\t\t\t\t\t<\/div>\n\t\t\t\t<\/div>\n\t\t\t<\/div>\n\t\t\t\t<div class=\"icon-box-text last-reset\">\n\t\t\t\t\t\t\t\t\t\n\t<div id=\"text-446813064\" class=\"text\">\n\t\t\n<p><a href=\"https:\/\/luxpowertek.com\/wp-content\/uploads\/2023\/07\/LXP-LB-EU-12k-user-manual.pdf\">Instrukcja obs\u0142ugi<\/a><\/p>\n\t\t\n<style>\n#text-446813064 {\n  line-height: 3;\n}\n<\/style>\n\t<\/div>\n\t\n\t\t<\/div>\n\t<\/div>\n\t\n\t\n\t\t<\/div>\n\t\t\t\t\n<style>\n#col-640713834 > .col-inner {\n  margin: 0px 0px 0px -35px;\n}\n<\/style>\n\t<\/div>\n\n\t\n<\/div>\n\t\t<\/div>\n\t\t\t\t\t<\/div>\n\n\t\n\n\t<div id=\"col-703265120\" class=\"col medium-1 small-12 large-1\"  >\n\t\t\t\t<div class=\"col-inner\"  >\n\t\t\t\n\t\t\t\n\t\t<\/div>\n\t\t\t\t\n<style>\n#col-703265120 > .col-inner {\n  margin: 0px 0px 0px 2px0;\n}\n<\/style>\n\t<\/div>\n\n\t\n<\/div>\n<div class=\"row\"  id=\"row-356180593\">\n\n\t<div id=\"col-2117555442\" class=\"col medium-2 small-12 large-2\"  >\n\t\t\t\t<div class=\"col-inner\"  >\n\t\t\t\n\t\t\t\n\t\t<\/div>\n\t\t\t\t\t<\/div>\n\n\t\n\n\t<div id=\"col-612608520\" class=\"col medium-4 small-12 large-4\"  >\n\t\t\t\t<div class=\"col-inner\"  >\n\t\t\t\n\t\t\t\n<a class=\"button secondary expand\"  style=\"border-radius:19px;padding:0px 7px 0px 48px;\">\n    <span>Wsparcie DIY<\/span>\n  <\/a>\n\n\t\t<\/div>\n\t\t\t\t\n<style>\n#col-612608520 > .col-inner {\n  margin: 50px 6px 21px 6px;\n}\n<\/style>\n\t<\/div>\n\n\t\n\n\t<div id=\"col-1659670076\" class=\"col medium-4 small-12 large-4\"  >\n\t\t\t\t<div class=\"col-inner\"  >\n\t\t\t\n\t\t\t\n<a class=\"button secondary expand\"  style=\"border-radius:19px;padding:0px 0px 0px 48px;\">\n    <span>Wsparcie instalatora<\/span>\n  <\/a>\n\n\t\t<\/div>\n\t\t\t\t\n<style>\n#col-1659670076 > .col-inner {\n  margin: 50px 0px 0px 0px;\n}\n<\/style>\n\t<\/div>\n\n\t\n\n\t<div id=\"col-803770943\" class=\"col medium-2 small-12 large-2\"  >\n\t\t\t\t<div class=\"col-inner\"  >\n\t\t\t\n\t\t\t\n\t\t<\/div>\n\t\t\t\t\t<\/div>\n\n\t\n<\/div>\n<div class=\"row\"  id=\"row-828094472\">\n<\/div>","protected":false},"excerpt":{"rendered":"","protected":false},"author":3,"featured_media":0,"parent":0,"menu_order":0,"comment_status":"closed","ping_status":"closed","template":"","meta":{"rop_custom_images_group":[],"rop_custom_messages_group":[],"rop_publish_now":"initial","rop_publish_now_accounts":[],"rop_publish_now_history":[],"rop_publish_now_status":"pending","footnotes":""},"class_list":["post-7201","page","type-page","status-publish","hentry"],"yoast_head":"<!-- This site is optimized with the Yoast SEO plugin v27.3 - https:\/\/yoast.com\/product\/yoast-seo-wordpress\/ -->\n<title>SA products -<\/title>\n<meta name=\"robots\" content=\"index, follow, max-snippet:-1, max-image-preview:large, max-video-preview:-1\" \/>\n<link rel=\"canonical\" href=\"https:\/\/luxpowertek.com\/pl\/saprodukty\/\" \/>\n<meta property=\"og:locale\" content=\"pl_PL\" \/>\n<meta property=\"og:type\" content=\"article\" \/>\n<meta property=\"og:title\" content=\"SA products -\" \/>\n<meta property=\"og:url\" content=\"https:\/\/luxpowertek.com\/pl\/saprodukty\/\" \/>\n<meta property=\"article:modified_time\" content=\"2023-07-15T10:19:13+00:00\" \/>\n<meta name=\"twitter:card\" content=\"summary_large_image\" \/>\n<meta name=\"twitter:label1\" content=\"Est. reading time\" \/>\n\t<meta name=\"twitter:data1\" content=\"3 minuty\" \/>\n<script type=\"application\/ld+json\" class=\"yoast-schema-graph\">{\"@context\":\"https:\\\/\\\/schema.org\",\"@graph\":[{\"@type\":\"WebPage\",\"@id\":\"https:\\\/\\\/luxpowertek.com\\\/saproducts\\\/\",\"url\":\"https:\\\/\\\/luxpowertek.com\\\/saproducts\\\/\",\"name\":\"SA products -\",\"isPartOf\":{\"@id\":\"https:\\\/\\\/luxpowertek.com\\\/#website\"},\"datePublished\":\"2023-07-14T09:08:17+00:00\",\"dateModified\":\"2023-07-15T10:19:13+00:00\",\"breadcrumb\":{\"@id\":\"https:\\\/\\\/luxpowertek.com\\\/saproducts\\\/#breadcrumb\"},\"inLanguage\":\"pl-PL\",\"potentialAction\":[{\"@type\":\"ReadAction\",\"target\":[\"https:\\\/\\\/luxpowertek.com\\\/saproducts\\\/\"]}]},{\"@type\":\"BreadcrumbList\",\"@id\":\"https:\\\/\\\/luxpowertek.com\\\/saproducts\\\/#breadcrumb\",\"itemListElement\":[{\"@type\":\"ListItem\",\"position\":1,\"name\":\"Home\",\"item\":\"https:\\\/\\\/luxpowertek.com\\\/\"},{\"@type\":\"ListItem\",\"position\":2,\"name\":\"SA products\"}]},{\"@type\":\"WebSite\",\"@id\":\"https:\\\/\\\/luxpowertek.com\\\/#website\",\"url\":\"https:\\\/\\\/luxpowertek.com\\\/\",\"name\":\"\",\"description\":\"\",\"potentialAction\":[{\"@type\":\"SearchAction\",\"target\":{\"@type\":\"EntryPoint\",\"urlTemplate\":\"https:\\\/\\\/luxpowertek.com\\\/?s={search_term_string}\"},\"query-input\":{\"@type\":\"PropertyValueSpecification\",\"valueRequired\":true,\"valueName\":\"search_term_string\"}}],\"inLanguage\":\"pl-PL\"}]}<\/script>\n<!-- \/ Yoast SEO plugin. -->","yoast_head_json":{"title":"Produkty SA -","robots":{"index":"index","follow":"follow","max-snippet":"max-snippet:-1","max-image-preview":"max-image-preview:large","max-video-preview":"max-video-preview:-1"},"canonical":"https:\/\/luxpowertek.com\/pl\/saprodukty\/","og_locale":"pl_PL","og_type":"article","og_title":"SA products -","og_url":"https:\/\/luxpowertek.com\/pl\/saprodukty\/","article_modified_time":"2023-07-15T10:19:13+00:00","twitter_card":"summary_large_image","twitter_misc":{"Est. reading time":"3 minuty"},"schema":{"@context":"https:\/\/schema.org","@graph":[{"@type":"WebPage","@id":"https:\/\/luxpowertek.com\/saproducts\/","url":"https:\/\/luxpowertek.com\/saproducts\/","name":"Produkty SA -","isPartOf":{"@id":"https:\/\/luxpowertek.com\/#website"},"datePublished":"2023-07-14T09:08:17+00:00","dateModified":"2023-07-15T10:19:13+00:00","breadcrumb":{"@id":"https:\/\/luxpowertek.com\/saproducts\/#breadcrumb"},"inLanguage":"pl-PL","potentialAction":[{"@type":"ReadAction","target":["https:\/\/luxpowertek.com\/saproducts\/"]}]},{"@type":"BreadcrumbList","@id":"https:\/\/luxpowertek.com\/saproducts\/#breadcrumb","itemListElement":[{"@type":"ListItem","position":1,"name":"Home","item":"https:\/\/luxpowertek.com\/"},{"@type":"ListItem","position":2,"name":"SA products"}]},{"@type":"WebSite","@id":"https:\/\/luxpowertek.com\/#website","url":"https:\/\/luxpowertek.com\/","name":"","description":"","potentialAction":[{"@type":"SearchAction","target":{"@type":"EntryPoint","urlTemplate":"https:\/\/luxpowertek.com\/?s={search_term_string}"},"query-input":{"@type":"PropertyValueSpecification","valueRequired":true,"valueName":"search_term_string"}}],"inLanguage":"pl-PL"}]}},"_links":{"self":[{"href":"https:\/\/luxpowertek.com\/pl\/wp-json\/wp\/v2\/pages\/7201","targetHints":{"allow":["GET"]}}],"collection":[{"href":"https:\/\/luxpowertek.com\/pl\/wp-json\/wp\/v2\/pages"}],"about":[{"href":"https:\/\/luxpowertek.com\/pl\/wp-json\/wp\/v2\/types\/page"}],"author":[{"embeddable":true,"href":"https:\/\/luxpowertek.com\/pl\/wp-json\/wp\/v2\/users\/3"}],"replies":[{"embeddable":true,"href":"https:\/\/luxpowertek.com\/pl\/wp-json\/wp\/v2\/comments?post=7201"}],"version-history":[{"count":0,"href":"https:\/\/luxpowertek.com\/pl\/wp-json\/wp\/v2\/pages\/7201\/revisions"}],"wp:attachment":[{"href":"https:\/\/luxpowertek.com\/pl\/wp-json\/wp\/v2\/media?parent=7201"}],"curies":[{"name":"wp","href":"https:\/\/api.w.org\/{rel}","templated":true}]}}