{"id":2364,"date":"2021-12-24T11:21:35","date_gmt":"2021-12-24T03:21:35","guid":{"rendered":"https:\/\/nibianqi.bbswaimao.com\/?page_id=2364"},"modified":"2022-03-24T11:44:50","modified_gmt":"2022-03-24T03:44:50","slug":"falownik-sprzezony-pradem-przemiennym","status":"publish","type":"page","link":"https:\/\/luxpowertek.com\/pl\/falownik-sprzezony-pradem-przemiennym\/","title":{"rendered":"Falownik sprz\u0119\u017cony pr\u0105dem przemiennym"},"content":{"rendered":"<section class=\"section custom_title_buttom\" id=\"section_321173494\">\n\t\t<div class=\"bg section-bg fill bg-fill  bg-loaded\" >\n\n\t\t\t\n\t\t\t\n\t\t\t\n\n\t\t<\/div>\n\n\t\t\n\n\t\t<div class=\"section-content relative\">\n\t\t\t\n<div class=\"row\"  id=\"row-160206561\">\n\n\t<div id=\"col-23143075\" class=\"col small-12 large-12\"  >\n\t\t\t\t<div class=\"col-inner text-center\"  >\n\t\t\t\n\t\t\t\n<h1>Falownik sprz\u0119\u017cony pr\u0105dem przemiennym<\/h1>\n<div class=\"row\"  id=\"row-750782405\">\n\n\t<div id=\"col-7403100\" class=\"col hide-for-small medium-3 small-6 large-3\"  >\n\t\t\t\t<div class=\"col-inner\"  >\n\t\t\t\n\t\t\t\n\t\t<\/div>\n\t\t\t\t\t<\/div>\n\n\t\n\n\t<div id=\"col-622894473\" class=\"col medium-3 small-6 large-3\"  >\n\t\t\t\t<div class=\"col-inner\"  >\n\t\t\t\n\t\t\t\n\t<div class=\"box has-hover   has-hover box-text-bottom\" >\n\n\t\t<div class=\"box-image\" >\n\t\t\t<a href=\"https:\/\/luxpowertek.com\/pl\/lxp-sqpod-3600\/\" >\t\t\t<div class=\"image-zoom\" >\n\t\t\t\t<img loading=\"lazy\" decoding=\"async\" width=\"800\" height=\"800\" src=\"https:\/\/luxpowertek.com\/wp-content\/uploads\/2021\/12\/Luxpower-inverter-SQPOD-1-min.png\" class=\"attachment-original size-original\" alt=\"falownik uxpower SQPOD 1 min\" \/>\t\t\t\t\t\t\t\t\t\t\t<\/div>\n\t\t\t<\/a>\t\t<\/div>\n\n\t\t<div class=\"box-text text-center\" >\n\t\t\t<div class=\"box-text-inner\">\n\t\t\t\t\n<h3><a href=\"https:\/\/luxpowertek.com\/pl\/lxp-sqpod-3600\/\">Falownik Luxpower SQPOD<\/a><\/h3>\n\t\t\t<\/div>\n\t\t<\/div>\n\t<\/div>\n\t\n\t\t<\/div>\n\t\t\t\t\t<\/div>\n\n\t\n\n\t<div id=\"col-652216392\" class=\"col medium-3 small-6 large-3\"  >\n\t\t\t\t<div class=\"col-inner\"  >\n\t\t\t\n\t\t\t\n\t<div class=\"box has-hover   has-hover box-text-bottom\" >\n\n\t\t<div class=\"box-image\" >\n\t\t\t<a href=\"https:\/\/luxpowertek.com\/pl\/lxp-ac-3600\/\" >\t\t\t<div class=\"image-zoom\" >\n\t\t\t\t<img loading=\"lazy\" decoding=\"async\" width=\"800\" height=\"800\" src=\"https:\/\/luxpowertek.com\/wp-content\/uploads\/2021\/12\/Luxpower-inverter-ACS3600-1-min.png\" class=\"attachment-original size-original\" alt=\"\" \/>\t\t\t\t\t\t\t\t\t\t\t<\/div>\n\t\t\t<\/a>\t\t<\/div>\n\n\t\t<div class=\"box-text text-center\" >\n\t\t\t<div class=\"box-text-inner\">\n\t\t\t\t\n<h3><a href=\"https:\/\/luxpowertek.com\/pl\/lxp-ac-3600\/\">Falownik Luxpower ACS3600<\/a><\/h3>\n\t\t\t<\/div>\n\t\t<\/div>\n\t<\/div>\n\t\n\t\t<\/div>\n\t\t\t\t\t<\/div>\n\n\t\n\n\t<div id=\"col-1469301201\" class=\"col hide-for-small medium-3 small-6 large-3\"  >\n\t\t\t\t<div class=\"col-inner\"  >\n\t\t\t\n\t\t\t\n\t\t<\/div>\n\t\t\t\t\t<\/div>\n\n\t\n<\/div>\n\t\t<\/div>\n\t\t\t\t\t<\/div>\n\n\t\n<\/div>\n\t\t<\/div>\n\n\t\t\n<style>\n#section_321173494 {\n  padding-top: 30px;\n  padding-bottom: 30px;\n}\n<\/style>\n\t<\/section>\n\t\n\t<section class=\"section custom_title_buttom custom_title_alian\" id=\"section_765493155\">\n\t\t<div class=\"bg section-bg fill bg-fill  bg-loaded\" >\n\n\t\t\t\n\t\t\t\n\t\t\t\n\n\t\t<\/div>\n\n\t\t\n\n\t\t<div class=\"section-content relative\">\n\t\t\t\n<div class=\"row\"  id=\"row-1753852757\">\n\n\t<div id=\"col-1509689686\" class=\"col small-12 large-12\"  >\n\t\t\t\t<div class=\"col-inner\"  >\n\t\t\t\n\t\t\t\n\t<div id=\"text-2684577385\" class=\"text\">\n\t\t\n<h2>Seria inwerter\u00f3w sprz\u0119\u017conych pr\u0105dem przemiennym<\/h2>\n\t\t\n<style>\n#text-2684577385 {\n  text-align: center;\n}\n@media (min-width:550px) {\n  #text-2684577385 {\n    text-align: center;\n  }\n}\n<\/style>\n\t<\/div>\n\t\n\t\t<\/div>\n\t\t\t\t\t<\/div>\n\n\t\n<\/div>\n<div class=\"row\"  id=\"row-1745500611\">\n\n\t<div id=\"col-1064104983\" class=\"col small-12 large-12\"  >\n\t\t\t\t<div class=\"col-inner\"  >\n\t\t\t\n\t\t\t\n\t<div id=\"gap-1617466206\" class=\"gap-element clearfix\" style=\"display:block; height:auto;\">\n\t\t\n<style>\n#gap-1617466206 {\n  padding-top: 30px;\n}\n<\/style>\n\t<\/div>\n\t\n<div class=\"row\"  id=\"row-94255246\">\n\n\t<div id=\"col-1284373530\" class=\"col medium-3 small-6 large-3\"  >\n\t\t\t\t<div class=\"col-inner\"  >\n\t\t\t\n\t\t\t\n\n\t\t<div class=\"icon-box featured-box icon-box-center text-center\"  >\n\t\t\t\t\t<div class=\"icon-box-img\" style=\"width: 60px\">\n\t\t\t\t<div class=\"icon\">\n\t\t\t\t\t<div class=\"icon-inner\" >\n\t\t\t\t\t\t<img loading=\"lazy\" decoding=\"async\" width=\"300\" height=\"300\" src=\"https:\/\/luxpowertek.com\/wp-content\/uploads\/2021\/12\/2-3-300x300.png\" class=\"attachment-medium size-medium\" alt=\"\" srcset=\"https:\/\/luxpowertek.com\/wp-content\/uploads\/2021\/12\/2-3-300x300.png 300w, https:\/\/luxpowertek.com\/wp-content\/uploads\/2021\/12\/2-3-100x100.png 100w, https:\/\/luxpowertek.com\/wp-content\/uploads\/2021\/12\/2-3-80x80.png 80w, https:\/\/luxpowertek.com\/wp-content\/uploads\/2021\/12\/2-3-500x500.png 500w, https:\/\/luxpowertek.com\/wp-content\/uploads\/2021\/12\/2-3.png 512w\" sizes=\"auto, (max-width: 300px) 100vw, 300px\" \/>\t\t\t\t\t<\/div>\n\t\t\t\t<\/div>\n\t\t\t<\/div>\n\t\t\t\t<div class=\"icon-box-text last-reset\">\n\t\t\t\t\t\t\t\t\t\n<h3>Inteligentny UPS<\/h3>\n<p>Plug &amp; Play, p\u0142ynne prze\u0142\u0105czanie w czasie poni\u017cej 10 msWystarczaj\u0105ce zasilanie awaryjne do u\u017cytku awaryjnego<\/p>\n\t\t<\/div>\n\t<\/div>\n\t\n\t\n\t\t<\/div>\n\t\t\t\t\t<\/div>\n\n\t\n\n\t<div id=\"col-998217406\" class=\"col medium-3 small-6 large-3\"  >\n\t\t\t\t<div class=\"col-inner\"  >\n\t\t\t\n\t\t\t\n\n\t\t<div class=\"icon-box featured-box icon-box-center text-center\"  >\n\t\t\t\t\t<div class=\"icon-box-img\" style=\"width: 60px\">\n\t\t\t\t<div class=\"icon\">\n\t\t\t\t\t<div class=\"icon-inner\" >\n\t\t\t\t\t\t<img loading=\"lazy\" decoding=\"async\" width=\"300\" height=\"300\" src=\"https:\/\/luxpowertek.com\/wp-content\/uploads\/2021\/12\/4-3-300x300.png\" class=\"attachment-medium size-medium\" alt=\"\" srcset=\"https:\/\/luxpowertek.com\/wp-content\/uploads\/2021\/12\/4-3-300x300.png 300w, https:\/\/luxpowertek.com\/wp-content\/uploads\/2021\/12\/4-3-100x100.png 100w, https:\/\/luxpowertek.com\/wp-content\/uploads\/2021\/12\/4-3-80x80.png 80w, https:\/\/luxpowertek.com\/wp-content\/uploads\/2021\/12\/4-3-500x500.png 500w, https:\/\/luxpowertek.com\/wp-content\/uploads\/2021\/12\/4-3.png 512w\" sizes=\"auto, (max-width: 300px) 100vw, 300px\" \/>\t\t\t\t\t<\/div>\n\t\t\t\t<\/div>\n\t\t\t<\/div>\n\t\t\t\t<div class=\"icon-box-text last-reset\">\n\t\t\t\t\t\t\t\t\t\n<h3>Zaawansowane r\u00f3wnoleg\u0142o\u015bci dla SQPOD<\/h3>\n<p>Do 10 jednostek r\u00f3wnolegle, mo\u017cliwo\u015b\u0107 rozbudowy do 36 kW Jednofazowe i niezbalansowane tr\u00f3jfazowe po\u0142\u0105czenie r\u00f3wnoleg\u0142e Brak ogranicze\u0144 co do d\u0142ugo\u015bci kabla \u0142\u0105cz\u0105cego z akumulatorem lub ACost falownik generowany automatycznie w celu zarz\u0105dzania ca\u0142ym systemem<\/p>\n\t\t<\/div>\n\t<\/div>\n\t\n\t\n\t\t<\/div>\n\t\t\t\t\t<\/div>\n\n\t\n\n\t<div id=\"col-344166764\" class=\"col medium-3 small-6 large-3\"  >\n\t\t\t\t<div class=\"col-inner\"  >\n\t\t\t\n\t\t\t\n\n\t\t<div class=\"icon-box featured-box icon-box-center text-center\"  >\n\t\t\t\t\t<div class=\"icon-box-img\" style=\"width: 60px\">\n\t\t\t\t<div class=\"icon\">\n\t\t\t\t\t<div class=\"icon-inner\" >\n\t\t\t\t\t\t<img loading=\"lazy\" decoding=\"async\" width=\"300\" height=\"300\" src=\"https:\/\/luxpowertek.com\/wp-content\/uploads\/2021\/12\/3-3-300x300.png\" class=\"attachment-medium size-medium\" alt=\"\" srcset=\"https:\/\/luxpowertek.com\/wp-content\/uploads\/2021\/12\/3-3-300x300.png 300w, https:\/\/luxpowertek.com\/wp-content\/uploads\/2021\/12\/3-3-100x100.png 100w, https:\/\/luxpowertek.com\/wp-content\/uploads\/2021\/12\/3-3-80x80.png 80w, https:\/\/luxpowertek.com\/wp-content\/uploads\/2021\/12\/3-3-500x500.png 500w, https:\/\/luxpowertek.com\/wp-content\/uploads\/2021\/12\/3-3.png 512w\" sizes=\"auto, (max-width: 300px) 100vw, 300px\" \/>\t\t\t\t\t<\/div>\n\t\t\t\t<\/div>\n\t\t\t<\/div>\n\t\t\t\t<div class=\"icon-box-text last-reset\">\n\t\t\t\t\t\t\t\t\t\n<h3>\u0141atwy w u\u017cyciu z bateri\u0105<\/h3>\n<p>Zdalna aktualizacja oprogramowania uk\u0142adowego BMSSzeroka gama kompatybilnych marek bateriiWybudzanie baterii litowej po wy\u0142\u0105czeniu bateriiPodstawowe informacje przesy\u0142ane na serwer Lux w celu szybkiej diagnostyki ESSElastyczne po\u0142\u0105czenia z bateri\u0105, grup\u0105 lub podzia\u0142em dost\u0119pne<\/p>\n\t\t<\/div>\n\t<\/div>\n\t\n\t\n\t\t<\/div>\n\t\t\t\t\t<\/div>\n\n\t\n\n\t<div id=\"col-807877232\" class=\"col medium-3 small-6 large-3\"  >\n\t\t\t\t<div class=\"col-inner\"  >\n\t\t\t\n\t\t\t\n\n\t\t<div class=\"icon-box featured-box icon-box-center text-center\"  >\n\t\t\t\t\t<div class=\"icon-box-img\" style=\"width: 60px\">\n\t\t\t\t<div class=\"icon\">\n\t\t\t\t\t<div class=\"icon-inner\" >\n\t\t\t\t\t\t<img loading=\"lazy\" decoding=\"async\" width=\"300\" height=\"300\" src=\"https:\/\/luxpowertek.com\/wp-content\/uploads\/2021\/12\/5-1-300x300.png\" class=\"attachment-medium size-medium\" alt=\"\" srcset=\"https:\/\/luxpowertek.com\/wp-content\/uploads\/2021\/12\/5-1-300x300.png 300w, https:\/\/luxpowertek.com\/wp-content\/uploads\/2021\/12\/5-1-100x100.png 100w, https:\/\/luxpowertek.com\/wp-content\/uploads\/2021\/12\/5-1-80x80.png 80w, https:\/\/luxpowertek.com\/wp-content\/uploads\/2021\/12\/5-1-500x500.png 500w, https:\/\/luxpowertek.com\/wp-content\/uploads\/2021\/12\/5-1.png 512w\" sizes=\"auto, (max-width: 300px) 100vw, 300px\" \/>\t\t\t\t\t<\/div>\n\t\t\t\t<\/div>\n\t\t\t<\/div>\n\t\t\t\t<div class=\"icon-box-text last-reset\">\n\t\t\t\t\t\t\t\t\t\n<h3>Inteligentne tryby pracy<\/h3>\n<p>Tryb w\u0142asnego zu\u017cycia dla obszar\u00f3w o wysokiej taryfieTryb priorytetu \u0142adowania dla obszar\u00f3w, w kt\u00f3rych zasilanie sieciowe jest niestabilneTryb wymuszonego \u0142adowania i roz\u0142adowywania dla obszar\u00f3w, w kt\u00f3rych taryfa zmienia si\u0119 w czasie<\/p>\n\t\t<\/div>\n\t<\/div>\n\t\n\t\n\t\t<\/div>\n\t\t\t\t\t<\/div>\n\n\t\n<\/div>\n<div class=\"row\"  id=\"row-519941519\">\n\n\t<div id=\"col-412007888\" class=\"col small-12 large-12\"  >\n\t\t\t\t<div class=\"col-inner text-center\"  >\n\t\t\t\n\t\t\t\n\t<div id=\"gap-2004461124\" class=\"gap-element clearfix\" style=\"display:block; height:auto;\">\n\t\t\n<style>\n#gap-2004461124 {\n  padding-top: 19px;\n}\n<\/style>\n\t<\/div>\n\t\n<p><a class=\"button white button_green\" style=\"border-radius: 8px;\" data-fancybox=\"\" data-src=\"#hidden-CF7\">Popro\u015b o wycen\u0119<\/a><\/p>\n\t\t<\/div>\n\t\t\t\t\t<\/div>\n\n\t\n<\/div>\n\t\t<\/div>\n\t\t\t\t\t<\/div>\n\n\t\n<\/div>\n\t\t<\/div>\n\n\t\t\n<style>\n#section_765493155 {\n  padding-top: 30px;\n  padding-bottom: 30px;\n}\n<\/style>\n\t<\/section>\n\t\n\t<section class=\"section custom_title_buttom\" id=\"section_114712727\">\n\t\t<div class=\"bg section-bg fill bg-fill  bg-loaded\" >\n\n\t\t\t\n\t\t\t\n\t\t\t\n\n\t\t<\/div>\n\n\t\t\n\n\t\t<div class=\"section-content relative\">\n\t\t\t\n<div class=\"row\"  id=\"row-1953895552\">\n\n\t<div id=\"col-527757742\" class=\"col small-12 large-12\"  >\n\t\t\t\t<div class=\"col-inner text-center\"  >\n\t\t\t\n\t\t\t\n\t<div id=\"text-1504056533\" class=\"text\">\n\t\t\n<h2>Jak dzia\u0142a inwerter sprz\u0119\u017cony pr\u0105dem przemiennym<\/h2>\n\t\t\n<style>\n#text-1504056533 {\n  text-align: center;\n}\n@media (min-width:550px) {\n  #text-1504056533 {\n    text-align: center;\n  }\n}\n<\/style>\n\t<\/div>\n\t\n<div class=\"row\"  id=\"row-483394746\">\n\n\t<div id=\"col-701753646\" class=\"col medium-6 small-12 large-6\"  >\n\t\t\t\t<div class=\"col-inner\"  >\n\t\t\t\n\t\t\t\n\t<div class=\"img has-hover x md-x lg-x y md-y lg-y\" id=\"image_1399582829\">\n\t\t\t\t\t\t\t\t<div class=\"img-inner image-cover dark\" style=\"padding-top:80%;\">\n\t\t\t<img loading=\"lazy\" decoding=\"async\" width=\"1206\" height=\"1003\" src=\"https:\/\/luxpowertek.com\/wp-content\/uploads\/2021\/12\/Luxpowertek-catalog-20211126-11-1.jpg\" class=\"attachment-original size-original\" alt=\"\" srcset=\"https:\/\/luxpowertek.com\/wp-content\/uploads\/2021\/12\/Luxpowertek-catalog-20211126-11-1.jpg 1206w, https:\/\/luxpowertek.com\/wp-content\/uploads\/2021\/12\/Luxpowertek-catalog-20211126-11-1-300x250.jpg 300w, https:\/\/luxpowertek.com\/wp-content\/uploads\/2021\/12\/Luxpowertek-catalog-20211126-11-1-1030x857.jpg 1030w, https:\/\/luxpowertek.com\/wp-content\/uploads\/2021\/12\/Luxpowertek-catalog-20211126-11-1-768x639.jpg 768w, https:\/\/luxpowertek.com\/wp-content\/uploads\/2021\/12\/Luxpowertek-catalog-20211126-11-1-800x665.jpg 800w\" sizes=\"auto, (max-width: 1206px) 100vw, 1206px\" \/>\t\t\t\t\t\t\n\t\t\t\t\t<\/div>\n\t\t\t\t\t\t\t\t\n<style>\n#image_1399582829 {\n  width: 100%;\n}\n<\/style>\n\t<\/div>\n\t\n\t<div id=\"text-3621722798\" class=\"text\">\n\t\t\n<h3 style=\"text-align: center;\">Pod\u0142\u0105czenie uk\u0142adu sprz\u0119gaj\u0105cego AC<\/h3>\n<p>Aby zmodernizowa\u0107 istniej\u0105cy system solarny on-grid do systemu sprz\u0119gania pr\u0105du przemiennego magazynowania energii. Nie mog\u0142oby by\u0107 to prostsze ni\u017c zainstalowanie falownika serii LXP AC sprz\u0119\u017conego po stronie pr\u0105du przemiennego z pakietem akumulator\u00f3w.<\/p>\n\t\t\n<style>\n#text-3621722798 {\n  text-align: left;\n}\n<\/style>\n\t<\/div>\n\t\n\t\t<\/div>\n\t\t\t\t\t<\/div>\n\n\t\n\n\t<div id=\"col-757202392\" class=\"col medium-6 small-12 large-6\"  >\n\t\t\t\t<div class=\"col-inner\"  >\n\t\t\t\n\t\t\t\n\t<div class=\"img has-hover x md-x lg-x y md-y lg-y\" id=\"image_702220107\">\n\t\t\t\t\t\t\t\t<div class=\"img-inner image-cover dark\" style=\"padding-top:80%;\">\n\t\t\t<img loading=\"lazy\" decoding=\"async\" width=\"1031\" height=\"827\" src=\"https:\/\/luxpowertek.com\/wp-content\/uploads\/2021\/12\/Luxpowertek-catalog-20211126-11-2.jpg\" class=\"attachment-original size-original\" alt=\"\" srcset=\"https:\/\/luxpowertek.com\/wp-content\/uploads\/2021\/12\/Luxpowertek-catalog-20211126-11-2.jpg 1031w, https:\/\/luxpowertek.com\/wp-content\/uploads\/2021\/12\/Luxpowertek-catalog-20211126-11-2-300x241.jpg 300w, https:\/\/luxpowertek.com\/wp-content\/uploads\/2021\/12\/Luxpowertek-catalog-20211126-11-2-768x616.jpg 768w, https:\/\/luxpowertek.com\/wp-content\/uploads\/2021\/12\/Luxpowertek-catalog-20211126-11-2-800x642.jpg 800w\" sizes=\"auto, (max-width: 1031px) 100vw, 1031px\" \/>\t\t\t\t\t\t\n\t\t\t\t\t<\/div>\n\t\t\t\t\t\t\t\t\n<style>\n#image_702220107 {\n  width: 100%;\n}\n<\/style>\n\t<\/div>\n\t\n\t<div id=\"text-3938555224\" class=\"text\">\n\t\t\n<h3 style=\"text-align: center;\">Samowystarczalne zu\u017cycie pr\u0105du przemiennego z inwertera<\/h3>\n<p>W trybie samowystarczalnego sprz\u0119\u017cenia AC, inwerter sprz\u0119\u017cony AC wykryje moc generowan\u0105 przez inwerter sieciowy, kt\u00f3ra zostanie najpierw wykorzystana przez obci\u0105\u017cenia lokalne, a reszta zostanie zmagazynowana w akumulatorze za pomoc\u0105 inwertera sprz\u0119\u017conego AC, nadmiar mocy zostanie odes\u0142any do sieci. Jest to domy\u015blny tryb, kt\u00f3ry zwi\u0119kszy wska\u017anik autokonsumpcji i znacznie obni\u017cy rachunek za energi\u0119.<\/p>\n\t\t\n<style>\n#text-3938555224 {\n  text-align: left;\n}\n<\/style>\n\t<\/div>\n\t\n\t\t<\/div>\n\t\t\t\t\t<\/div>\n\n\t\n<\/div>\n<div class=\"row\"  id=\"row-1178712569\">\n\n\t<div id=\"col-27664416\" class=\"col medium-6 small-12 large-6\"  >\n\t\t\t\t<div class=\"col-inner\"  >\n\t\t\t\n\t\t\t\n\t<div class=\"img has-hover x md-x lg-x y md-y lg-y\" id=\"image_756812292\">\n\t\t\t\t\t\t\t\t<div class=\"img-inner image-cover dark\" style=\"padding-top:80%;\">\n\t\t\t<img loading=\"lazy\" decoding=\"async\" width=\"1028\" height=\"796\" src=\"https:\/\/luxpowertek.com\/wp-content\/uploads\/2021\/12\/Luxpowertek-catalog-20211126-11-3.jpg\" class=\"attachment-original size-original\" alt=\"\" srcset=\"https:\/\/luxpowertek.com\/wp-content\/uploads\/2021\/12\/Luxpowertek-catalog-20211126-11-3.jpg 1028w, https:\/\/luxpowertek.com\/wp-content\/uploads\/2021\/12\/Luxpowertek-catalog-20211126-11-3-300x232.jpg 300w, https:\/\/luxpowertek.com\/wp-content\/uploads\/2021\/12\/Luxpowertek-catalog-20211126-11-3-768x595.jpg 768w, https:\/\/luxpowertek.com\/wp-content\/uploads\/2021\/12\/Luxpowertek-catalog-20211126-11-3-800x619.jpg 800w\" sizes=\"auto, (max-width: 1028px) 100vw, 1028px\" \/>\t\t\t\t\t\t\n\t\t\t\t\t<\/div>\n\t\t\t\t\t\t\t\t\n<style>\n#image_756812292 {\n  width: 100%;\n}\n<\/style>\n\t<\/div>\n\t\n\t\t<\/div>\n\t\t\t\t\t<\/div>\n\n\t\n\n\t<div id=\"col-1133686493\" class=\"col medium-6 small-12 large-6\"  >\n\t\t\t\t<div class=\"col-inner\"  >\n\t\t\t\n\t\t\t\n\t<div id=\"gap-2030605566\" class=\"gap-element clearfix\" style=\"display:block; height:auto;\">\n\t\t\n<style>\n#gap-2030605566 {\n  padding-top: 7px;\n}\n<\/style>\n\t<\/div>\n\t\n<div class=\"video video-fit mb\" style=\"padding-top:60%;\"><p><iframe loading=\"lazy\" title=\"Przegl\u0105d hybrydy LXP 3.6K firmy LUXPOWER\" width=\"1020\" height=\"574\" src=\"https:\/\/www.youtube.com\/embed\/v9DIwGmjU0U?list=PLzioA4ti0PD6hU9t7A_9RiXSca4IvOLdo\" frameborder=\"0\" allow=\"accelerometer; autoplay; clipboard-write; encrypted-media; gyroscope; picture-in-picture\" allowfullscreen><\/iframe><\/p>\n<\/div>\n\t\t<\/div>\n\t\t\t\t\t<\/div>\n\n\t\n<\/div>\n<div class=\"row\"  id=\"row-937489978\">\n\n\t<div id=\"col-937718958\" class=\"col small-12 large-12\"  >\n\t\t\t\t<div class=\"col-inner\"  >\n\t\t\t\n\t\t\t\n<div class=\"row align-middle\"  id=\"row-805594200\">\n\n\t<div id=\"col-381223917\" class=\"col medium-6 small-12 large-6\"  >\n\t\t\t\t<div class=\"col-inner\"  >\n\t\t\t\n\t\t\t\n\t<div id=\"text-2937477229\" class=\"text\">\n\t\t\n<h3 style=\"text-align: center;\">R\u00f3\u017cnica si\u0142 Amp AC Czas sprz\u0119\u017cenia U\u017cycie<\/h3>\n<p>Ten tryb sprz\u0119\u017cenia pr\u0105du zmiennego z r\u00f3\u017cnic\u0105 amper\u00f3w jest odpowiedni do sytuacji, w kt\u00f3rych r\u00f3\u017cnica cen energii jest du\u017ca. U\u017cytkownik mo\u017ce ustawi\u0107 czas \u0142adowania i roz\u0142adowywania oraz priorytet wykorzystania energii w ramach trybu Force Time Use. U\u017cytkownik mo\u017ce r\u00f3wnie\u017c wybra\u0107, czy \u0142adowa\u0107 akumulator za pomoc\u0105 zasilania sieciowego, je\u015bli zezwalaj\u0105 na to przepisy.<\/p>\n\t\t\n<style>\n#text-2937477229 {\n  text-align: left;\n}\n<\/style>\n\t<\/div>\n\t\n\t\t<\/div>\n\t\t\t\t\t<\/div>\n\n\t\n\n\t<div id=\"col-1068633173\" class=\"col medium-6 small-12 large-6\"  >\n\t\t\t\t<div class=\"col-inner\"  >\n\t\t\t\n\t\t\t\n<p><a class=\"button white button_green\" style=\"border-radius: 8px;\" data-fancybox=\"\" data-src=\"#hidden-CF7\">Popro\u015b o wycen\u0119<\/a><\/p>\n\t\t<\/div>\n\t\t\t\t\t<\/div>\n\n\t\n<\/div>\n\t\t<\/div>\n\t\t\t\t\t<\/div>\n\n\t\n<\/div>\n\t\t<\/div>\n\t\t\t\t\t<\/div>\n\n\t\n<\/div>\n\t\t<\/div>\n\n\t\t\n<style>\n#section_114712727 {\n  padding-top: 30px;\n  padding-bottom: 30px;\n}\n<\/style>\n\t<\/section>","protected":false},"excerpt":{"rendered":"","protected":false},"author":1,"featured_media":0,"parent":0,"menu_order":0,"comment_status":"closed","ping_status":"closed","template":"page-blank.php","meta":{"rop_custom_images_group":[],"rop_custom_messages_group":[],"rop_publish_now":"initial","rop_publish_now_accounts":[],"rop_publish_now_history":[],"rop_publish_now_status":"pending","footnotes":""},"class_list":["post-2364","page","type-page","status-publish","hentry"],"yoast_head":"<!-- This site is optimized with the Yoast SEO plugin v27.3 - https:\/\/yoast.com\/product\/yoast-seo-wordpress\/ -->\n<title>AC Coupled Inverter | Difference Amp AC Coupled Battery Inverter<\/title>\n<meta name=\"description\" content=\"AC coupling uses your existing system to feed power into a battery-based inverter\/charger to charge the battery pack.\" \/>\n<meta name=\"robots\" content=\"index, follow, max-snippet:-1, max-image-preview:large, max-video-preview:-1\" \/>\n<link rel=\"canonical\" href=\"https:\/\/luxpowertek.com\/pl\/falownik-sprzezony-pradem-przemiennym\/\" \/>\n<meta property=\"og:locale\" content=\"pl_PL\" \/>\n<meta property=\"og:type\" content=\"article\" \/>\n<meta property=\"og:title\" content=\"AC Coupled Inverter | Difference Amp AC Coupled Battery Inverter\" \/>\n<meta property=\"og:description\" content=\"AC coupling uses your existing system to feed power into a battery-based inverter\/charger to charge the battery pack.\" \/>\n<meta property=\"og:url\" content=\"https:\/\/luxpowertek.com\/pl\/falownik-sprzezony-pradem-przemiennym\/\" \/>\n<meta property=\"article:modified_time\" content=\"2022-03-24T03:44:50+00:00\" \/>\n<meta name=\"twitter:card\" content=\"summary_large_image\" \/>\n<meta name=\"twitter:label1\" content=\"Est. reading time\" \/>\n\t<meta name=\"twitter:data1\" content=\"3 minuty\" \/>\n<script type=\"application\/ld+json\" class=\"yoast-schema-graph\">{\"@context\":\"https:\\\/\\\/schema.org\",\"@graph\":[{\"@type\":\"WebPage\",\"@id\":\"https:\\\/\\\/luxpowertek.com\\\/ac-coupled-inverter\\\/\",\"url\":\"https:\\\/\\\/luxpowertek.com\\\/ac-coupled-inverter\\\/\",\"name\":\"AC Coupled Inverter | Difference Amp AC Coupled Battery Inverter\",\"isPartOf\":{\"@id\":\"https:\\\/\\\/luxpowertek.com\\\/#website\"},\"datePublished\":\"2021-12-24T03:21:35+00:00\",\"dateModified\":\"2022-03-24T03:44:50+00:00\",\"description\":\"AC coupling uses your existing system to feed power into a battery-based inverter\\\/charger to charge the battery pack.\",\"breadcrumb\":{\"@id\":\"https:\\\/\\\/luxpowertek.com\\\/ac-coupled-inverter\\\/#breadcrumb\"},\"inLanguage\":\"pl-PL\",\"potentialAction\":[{\"@type\":\"ReadAction\",\"target\":[\"https:\\\/\\\/luxpowertek.com\\\/ac-coupled-inverter\\\/\"]}]},{\"@type\":\"BreadcrumbList\",\"@id\":\"https:\\\/\\\/luxpowertek.com\\\/ac-coupled-inverter\\\/#breadcrumb\",\"itemListElement\":[{\"@type\":\"ListItem\",\"position\":1,\"name\":\"Home\",\"item\":\"https:\\\/\\\/luxpowertek.com\\\/\"},{\"@type\":\"ListItem\",\"position\":2,\"name\":\"AC Coupled Inverter\"}]},{\"@type\":\"WebSite\",\"@id\":\"https:\\\/\\\/luxpowertek.com\\\/#website\",\"url\":\"https:\\\/\\\/luxpowertek.com\\\/\",\"name\":\"\",\"description\":\"\",\"potentialAction\":[{\"@type\":\"SearchAction\",\"target\":{\"@type\":\"EntryPoint\",\"urlTemplate\":\"https:\\\/\\\/luxpowertek.com\\\/?s={search_term_string}\"},\"query-input\":{\"@type\":\"PropertyValueSpecification\",\"valueRequired\":true,\"valueName\":\"search_term_string\"}}],\"inLanguage\":\"pl-PL\"}]}<\/script>\n<!-- \/ Yoast SEO plugin. -->","yoast_head_json":{"title":"Falownik sprz\u0119\u017cony pr\u0105dem przemiennym | R\u00f3\u017cnica Amp Falownik sprz\u0119\u017cony pr\u0105dem przemiennym","description":"W przypadku sprz\u0119\u017cenia pr\u0105du przemiennego u\u017cywany jest istniej\u0105cy system do zasilania inwertera\/\u0142adowarki akumulatorowej w celu na\u0142adowania zestawu akumulator\u00f3w.","robots":{"index":"index","follow":"follow","max-snippet":"max-snippet:-1","max-image-preview":"max-image-preview:large","max-video-preview":"max-video-preview:-1"},"canonical":"https:\/\/luxpowertek.com\/pl\/falownik-sprzezony-pradem-przemiennym\/","og_locale":"pl_PL","og_type":"article","og_title":"AC Coupled Inverter | Difference Amp AC Coupled Battery Inverter","og_description":"AC coupling uses your existing system to feed power into a battery-based inverter\/charger to charge the battery pack.","og_url":"https:\/\/luxpowertek.com\/pl\/falownik-sprzezony-pradem-przemiennym\/","article_modified_time":"2022-03-24T03:44:50+00:00","twitter_card":"summary_large_image","twitter_misc":{"Est. reading time":"3 minuty"},"schema":{"@context":"https:\/\/schema.org","@graph":[{"@type":"WebPage","@id":"https:\/\/luxpowertek.com\/ac-coupled-inverter\/","url":"https:\/\/luxpowertek.com\/ac-coupled-inverter\/","name":"Falownik sprz\u0119\u017cony pr\u0105dem przemiennym | R\u00f3\u017cnica Amp Falownik sprz\u0119\u017cony pr\u0105dem przemiennym","isPartOf":{"@id":"https:\/\/luxpowertek.com\/#website"},"datePublished":"2021-12-24T03:21:35+00:00","dateModified":"2022-03-24T03:44:50+00:00","description":"W przypadku sprz\u0119\u017cenia pr\u0105du przemiennego u\u017cywany jest istniej\u0105cy system do zasilania inwertera\/\u0142adowarki akumulatorowej w celu na\u0142adowania zestawu akumulator\u00f3w.","breadcrumb":{"@id":"https:\/\/luxpowertek.com\/ac-coupled-inverter\/#breadcrumb"},"inLanguage":"pl-PL","potentialAction":[{"@type":"ReadAction","target":["https:\/\/luxpowertek.com\/ac-coupled-inverter\/"]}]},{"@type":"BreadcrumbList","@id":"https:\/\/luxpowertek.com\/ac-coupled-inverter\/#breadcrumb","itemListElement":[{"@type":"ListItem","position":1,"name":"Home","item":"https:\/\/luxpowertek.com\/"},{"@type":"ListItem","position":2,"name":"AC Coupled Inverter"}]},{"@type":"WebSite","@id":"https:\/\/luxpowertek.com\/#website","url":"https:\/\/luxpowertek.com\/","name":"","description":"","potentialAction":[{"@type":"SearchAction","target":{"@type":"EntryPoint","urlTemplate":"https:\/\/luxpowertek.com\/?s={search_term_string}"},"query-input":{"@type":"PropertyValueSpecification","valueRequired":true,"valueName":"search_term_string"}}],"inLanguage":"pl-PL"}]}},"_links":{"self":[{"href":"https:\/\/luxpowertek.com\/pl\/wp-json\/wp\/v2\/pages\/2364","targetHints":{"allow":["GET"]}}],"collection":[{"href":"https:\/\/luxpowertek.com\/pl\/wp-json\/wp\/v2\/pages"}],"about":[{"href":"https:\/\/luxpowertek.com\/pl\/wp-json\/wp\/v2\/types\/page"}],"author":[{"embeddable":true,"href":"https:\/\/luxpowertek.com\/pl\/wp-json\/wp\/v2\/users\/1"}],"replies":[{"embeddable":true,"href":"https:\/\/luxpowertek.com\/pl\/wp-json\/wp\/v2\/comments?post=2364"}],"version-history":[{"count":0,"href":"https:\/\/luxpowertek.com\/pl\/wp-json\/wp\/v2\/pages\/2364\/revisions"}],"wp:attachment":[{"href":"https:\/\/luxpowertek.com\/pl\/wp-json\/wp\/v2\/media?parent=2364"}],"curies":[{"name":"wp","href":"https:\/\/api.w.org\/{rel}","templated":true}]}}