{"id":2354,"date":"2021-12-24T11:09:56","date_gmt":"2021-12-24T03:09:56","guid":{"rendered":"https:\/\/nibianqi.bbswaimao.com\/?page_id=2354"},"modified":"2023-12-07T10:32:24","modified_gmt":"2023-12-07T02:32:24","slug":"eko-hybryda-sna","status":"publish","type":"page","link":"https:\/\/luxpowertek.com\/pl\/eko-hybryda-sna\/","title":{"rendered":"ECO Hybrydowy SNA 3-5k"},"content":{"rendered":"<div class=\"banner has-hover\" id=\"banner-1843632905\">\n          <div class=\"banner-inner fill\">\n        <div class=\"banner-bg fill\" >\n            <div class=\"bg fill bg-fill\"><\/div>\n                        <div class=\"overlay\"><\/div>            \n                    <\/div>\n\t\t\n        <div class=\"banner-layers container\">\n            <div class=\"fill banner-link\"><\/div>            \n   <div id=\"text-box-772321533\" class=\"text-box banner-layer x50 md-x50 lg-x50 y50 md-y50 lg-y50 res-text\">\n                                <div class=\"text-box-content text dark\">\n              \n              <div class=\"text-inner text-center\">\n                  \n<h1><span style=\"font-size: 75%\">ECO Hybrydowy SNA 3-5k<\/span><\/h1>\n<h3>\u00a0 \u00a0 \u00a0 \u00a0 \u00a0 \u00a0 \u00a0 \u00a0 \u00a0 \u00a0 \u00a0 \u00a0\u2013 Najlepiej sprzedaj\u0105cy si\u0119 falownik Off Grid<\/h3>\n              <\/div>\n           <\/div>\n                            \n<style>\n#text-box-772321533 {\n  width: 60%;\n}\n#text-box-772321533 .text-box-content {\n  font-size: 100%;\n}\n<\/style>\n    <\/div>\n \n        <\/div>\n      <\/div>\n\n            \n<style>\n#banner-1843632905 {\n  padding-top: 78%;\n}\n#banner-1843632905 .bg.bg-loaded {\n  background-image: url(https:\/\/luxpowertek.com\/wp-content\/uploads\/2021\/12\/SNA-3-5kW.jpg);\n}\n#banner-1843632905 .overlay {\n  background-color: rgba(0, 0, 0, 0.2);\n}\n@media (min-width:550px) {\n  #banner-1843632905 {\n    padding-top: 38%;\n  }\n}\n<\/style>\n  <\/div>\n\n\n\t<section class=\"section custom_title_buttom\" id=\"section_31511565\">\n\t\t<div class=\"bg section-bg fill bg-fill  bg-loaded\" >\n\n\t\t\t\n\t\t\t\n\t\t\t\n\n\t\t<\/div>\n\n\t\t\n\n\t\t<div class=\"section-content relative\">\n\t\t\t\n<div class=\"row\"  id=\"row-1087927790\">\n\n\t<div id=\"col-1642946619\" class=\"col small-12 large-12\"  >\n\t\t\t\t<div class=\"col-inner text-center\"  >\n\t\t\t\n\t\t\t\n<h2>Wydajno\u015b\u0107 falownika poza sieci\u0105<\/h2>\n\t\t<\/div>\n\t\t\t\t\t<\/div>\n\n\t\n<\/div>\n\t\t<\/div>\n\n\t\t\n<style>\n#section_31511565 {\n  padding-top: 9px;\n  padding-bottom: 9px;\n}\n@media (min-width:550px) {\n  #section_31511565 {\n    padding-top: 30px;\n    padding-bottom: 30px;\n  }\n}\n<\/style>\n\t<\/section>\n\t\n\t<section class=\"section custom_productspage_section\" id=\"section_986994532\">\n\t\t<div class=\"bg section-bg fill bg-fill  bg-loaded\" >\n\n\t\t\t\n\t\t\t\n\t\t\t\n\n\t\t<\/div>\n\n\t\t\n\n\t\t<div class=\"section-content relative\">\n\t\t\t\n<div class=\"row align-middle\"  id=\"row-889576049\">\n\n\t<div id=\"col-376677984\" class=\"col medium-6 small-12 large-6\"  >\n\t\t\t\t<div class=\"col-inner text-center\"  >\n\t\t\t\n\t\t\t\n\t<div class=\"img has-hover x md-x lg-x y md-y lg-y\" id=\"image_2043774275\">\n\t\t\t\t\t\t\t\t<div class=\"img-inner dark\" >\n\t\t\t<img loading=\"lazy\" decoding=\"async\" width=\"630\" height=\"1030\" src=\"https:\/\/luxpowertek.com\/wp-content\/uploads\/2023\/05\/ECO-001-A-630x1030.webp\" class=\"attachment-large size-large\" alt=\"\" srcset=\"https:\/\/luxpowertek.com\/wp-content\/uploads\/2023\/05\/ECO-001-A-630x1030.webp 630w, https:\/\/luxpowertek.com\/wp-content\/uploads\/2023\/05\/ECO-001-A-183x300.webp 183w, https:\/\/luxpowertek.com\/wp-content\/uploads\/2023\/05\/ECO-001-A-768x1256.webp 768w, https:\/\/luxpowertek.com\/wp-content\/uploads\/2023\/05\/ECO-001-A-939x1536.webp 939w, https:\/\/luxpowertek.com\/wp-content\/uploads\/2023\/05\/ECO-001-A-800x1308.webp 800w, https:\/\/luxpowertek.com\/wp-content\/uploads\/2023\/05\/ECO-001-A.webp 1091w\" sizes=\"auto, (max-width: 630px) 100vw, 630px\" \/>\t\t\t\t\t\t\n\t\t\t\t\t<\/div>\n\t\t\t\t\t\t\t\t\n<style>\n#image_2043774275 {\n  width: 40%;\n}\n<\/style>\n\t<\/div>\n\t\n\t\t<\/div>\n\t\t\t\t\t<\/div>\n\n\t\n\n\t<div id=\"col-1071752174\" class=\"col medium-6 small-12 large-6\"  >\n\t\t\t\t<div class=\"col-inner\"  >\n\t\t\t\n\t\t\t\n<ul>\n<li><span style=\"font-size: 120%\">Inteligentne tryby poza sieci\u0105 i hybrydowe<\/span><\/li>\n<li><span style=\"font-size: 120%\">Jednoczesne obci\u0105\u017cenie pr\u0105dem zmiennym i fotowoltaicznym<\/span><\/li>\n<li><span style=\"font-size: 120%\">Szeroki zakres napi\u0119cia wej\u015bciowego PV 100V~480V<\/span><\/li>\n<\/ul>\n\t\t<\/div>\n\t\t\t\t\t<\/div>\n\n\t\n<\/div>\n\t\t<\/div>\n\n\t\t\n<style>\n#section_986994532 {\n  padding-top: 0px;\n  padding-bottom: 0px;\n}\n@media (min-width:550px) {\n  #section_986994532 {\n    padding-top: 55px;\n    padding-bottom: 55px;\n  }\n}\n<\/style>\n\t<\/section>\n\t\n\t<section class=\"section custom_productspage_section\" id=\"section_2012020122\">\n\t\t<div class=\"bg section-bg fill bg-fill  bg-loaded\" >\n\n\t\t\t\n\t\t\t\n\t\t\t\n\t<div class=\"is-border\"\n\t\tstyle=\"border-width:1 0px 0px 0px;\">\n\t<\/div>\n\n\t\t<\/div>\n\n\t\t\n\n\t\t<div class=\"section-content relative\">\n\t\t\t\n<div class=\"row align-middle\"  id=\"row-1488057926\">\n\n\t<div id=\"col-1272099547\" class=\"col hide-for-small medium-2 small-12 large-2\"  >\n\t\t\t\t<div class=\"col-inner\"  >\n\t\t\t\n\t\t\t\n\t\t<\/div>\n\t\t\t\t\t<\/div>\n\n\t\n\n\t<div id=\"col-108419851\" class=\"col medium-4 small-12 large-4\"  >\n\t\t\t\t<div class=\"col-inner\"  >\n\t\t\t\n\t\t\t\n<ul>\n<li><span style=\"font-size: 120%\">Przetwornica DC na DC \u0142atwa w u\u017cyciu z bateri\u0105<\/span><\/li>\n<li><span style=\"font-size: 120%\">Bezp\u0142atny monitoring i zdalna aktualizacja<\/span><\/li>\n<li><span style=\"font-size: 120%\">Jednofazowy lub niezr\u00f3wnowa\u017cony tr\u00f3jfazowy<\/span><\/li>\n<\/ul>\n\t\t<\/div>\n\t\t\t\t\t<\/div>\n\n\t\n\n\t<div id=\"col-455984408\" class=\"col medium-6 small-12 large-6\"  >\n\t\t\t\t<div class=\"col-inner text-center\"  >\n\t\t\t\n\t\t\t\n\t<div class=\"img has-hover x md-x lg-x y md-y lg-y\" id=\"image_1682736145\">\n\t\t\t\t\t\t\t\t<div class=\"img-inner dark\" >\n\t\t\t<img loading=\"lazy\" decoding=\"async\" width=\"1015\" height=\"1582\" src=\"https:\/\/luxpowertek.com\/wp-content\/uploads\/2023\/05\/ECO-002.webp\" class=\"attachment-original size-original\" alt=\"\" srcset=\"https:\/\/luxpowertek.com\/wp-content\/uploads\/2023\/05\/ECO-002.webp 1015w, https:\/\/luxpowertek.com\/wp-content\/uploads\/2023\/05\/ECO-002-192x300.webp 192w, https:\/\/luxpowertek.com\/wp-content\/uploads\/2023\/05\/ECO-002-661x1030.webp 661w, https:\/\/luxpowertek.com\/wp-content\/uploads\/2023\/05\/ECO-002-768x1197.webp 768w, https:\/\/luxpowertek.com\/wp-content\/uploads\/2023\/05\/ECO-002-985x1536.webp 985w, https:\/\/luxpowertek.com\/wp-content\/uploads\/2023\/05\/ECO-002-800x1247.webp 800w\" sizes=\"auto, (max-width: 1015px) 100vw, 1015px\" \/>\t\t\t\t\t\t\n\t\t\t\t\t<\/div>\n\t\t\t\t\t\t\t\t\n<style>\n#image_1682736145 {\n  width: 40%;\n}\n<\/style>\n\t<\/div>\n\t\n\t\t<\/div>\n\t\t\t\t\t<\/div>\n\n\t\n<\/div>\n\t\t<\/div>\n\n\t\t\n<style>\n#section_2012020122 {\n  padding-top: 0px;\n  padding-bottom: 0px;\n}\n@media (min-width:550px) {\n  #section_2012020122 {\n    padding-top: 55px;\n    padding-bottom: 55px;\n  }\n}\n<\/style>\n\t<\/section>\n\t\n\t<section class=\"section custom_productspage_section\" id=\"section_1694183434\">\n\t\t<div class=\"bg section-bg fill bg-fill  bg-loaded\" >\n\n\t\t\t\n\t\t\t\n\t\t\t\n\n\t\t<\/div>\n\n\t\t\n\n\t\t<div class=\"section-content relative\">\n\t\t\t\n<div class=\"row align-middle\"  id=\"row-199738119\">\n\n\t<div id=\"col-1079776412\" class=\"col medium-6 small-12 large-6\"  >\n\t\t\t\t<div class=\"col-inner text-center\"  >\n\t\t\t\n\t\t\t\n\t<div class=\"img has-hover x md-x lg-x y md-y lg-y\" id=\"image_1372931872\">\n\t\t\t\t\t\t\t\t<div class=\"img-inner dark\" >\n\t\t\t<img loading=\"lazy\" decoding=\"async\" width=\"1007\" height=\"1596\" src=\"https:\/\/luxpowertek.com\/wp-content\/uploads\/2023\/05\/ECO-003.webp\" class=\"attachment-original size-original\" alt=\"\" srcset=\"https:\/\/luxpowertek.com\/wp-content\/uploads\/2023\/05\/ECO-003.webp 1007w, https:\/\/luxpowertek.com\/wp-content\/uploads\/2023\/05\/ECO-003-189x300.webp 189w, https:\/\/luxpowertek.com\/wp-content\/uploads\/2023\/05\/ECO-003-650x1030.webp 650w, https:\/\/luxpowertek.com\/wp-content\/uploads\/2023\/05\/ECO-003-768x1217.webp 768w, https:\/\/luxpowertek.com\/wp-content\/uploads\/2023\/05\/ECO-003-969x1536.webp 969w, https:\/\/luxpowertek.com\/wp-content\/uploads\/2023\/05\/ECO-003-800x1268.webp 800w\" sizes=\"auto, (max-width: 1007px) 100vw, 1007px\" \/>\t\t\t\t\t\t\n\t\t\t\t\t<\/div>\n\t\t\t\t\t\t\t\t\n<style>\n#image_1372931872 {\n  width: 40%;\n}\n<\/style>\n\t<\/div>\n\t\n\t\t<\/div>\n\t\t\t\t\t<\/div>\n\n\t\n\n\t<div id=\"col-417875099\" class=\"col medium-6 small-12 large-6\"  >\n\t\t\t\t<div class=\"col-inner\"  >\n\t\t\t\n\t\t\t\n<ul>\n<li><span style=\"font-size: 120%\">Zaawansowany r\u00f3wnoleg\u0142y, do 16 jednostek<\/span><\/li>\n<li><span style=\"font-size: 120%\">Niezale\u017cny interfejs generatora<\/span><\/li>\n<li><span style=\"font-size: 120%\">Automatycznie wygenerowany falownik hosta do zarz\u0105dzania ca\u0142ym systemem<\/span><\/li>\n<\/ul>\n\t\t<\/div>\n\t\t\t\t\t<\/div>\n\n\t\n<\/div>\n\t\t<\/div>\n\n\t\t\n<style>\n#section_1694183434 {\n  padding-top: 0px;\n  padding-bottom: 0px;\n}\n@media (min-width:550px) {\n  #section_1694183434 {\n    padding-top: 55px;\n    padding-bottom: 55px;\n  }\n}\n<\/style>\n\t<\/section>\n\t\n\t<section class=\"section custom_title_buttom has-parallax\" id=\"section_2103028318\">\n\t\t<div class=\"bg section-bg fill bg-fill\" data-parallax-container=\".section\" data-parallax-background data-parallax=\"-10\">\n\n\t\t\t\n\t\t\t<div class=\"section-bg-overlay absolute fill\"><\/div>\n\t\t\t\n\n\t\t<\/div>\n\n\t\t\n\n\t\t<div class=\"section-content relative\">\n\t\t\t\n<div class=\"row\"  id=\"row-2015136720\">\n\n\t<div id=\"col-1462097125\" class=\"col small-12 large-12\"  >\n\t\t\t\t<div class=\"col-inner text-center\"  >\n\t\t\t\n\t\t\t\n<h2>Wydajno\u015b\u0107 falownika poza sieci\u0105<\/h2>\n\t\t<\/div>\n\t\t\t\t\t<\/div>\n\n\t\n<\/div>\n<div class=\"row\"  id=\"row-622994662\">\n\n\t<div id=\"col-1386961482\" class=\"col medium-8 small-12 large-8\"  >\n\t\t\t\t<div class=\"col-inner\"  >\n\t\t\t\n\t\t\t\n<div class=\"row\"  id=\"row-1334445734\">\n\n\t<div id=\"col-1923880818\" class=\"col medium-6 small-12 large-6\"  data-animate=\"flipInX\">\n\t\t\t\t<div class=\"col-inner\"  >\n\t\t\t\n\t\t\t\n\t<div id=\"text-1116077832\" class=\"text\">\n\t\t\n<p><span style=\"font-size: 450%\">93%<\/span><\/p>\n<h3>Wydajno\u015b\u0107 pracy akumulatora<\/h3>\n\t\t\n<style>\n#text-1116077832 {\n  text-align: center;\n}\n<\/style>\n\t<\/div>\n\t\n\t\t<\/div>\n\t\t\t\t\t<\/div>\n\n\t\n\n\t<div id=\"col-1895583314\" class=\"col medium-6 small-12 large-6\"  data-animate=\"flipInX\">\n\t\t\t\t<div class=\"col-inner\"  >\n\t\t\t\n\t\t\t\n\t<div id=\"text-1201511107\" class=\"text\">\n\t\t\n<p><span style=\"font-size: 450%\">93%<\/span><\/p>\n<h3>Maksymalna wydajno\u015b\u0107<\/h3>\n\t\t\n<style>\n#text-1201511107 {\n  text-align: center;\n}\n<\/style>\n\t<\/div>\n\t\n\t\t<\/div>\n\t\t\t\t\t<\/div>\n\n\t\n<\/div>\n\t\t<\/div>\n\t\t\t\t\t<\/div>\n\n\t\n<\/div>\n\t\t<\/div>\n\n\t\t\n<style>\n#section_2103028318 {\n  padding-top: 9px;\n  padding-bottom: 9px;\n}\n#section_2103028318 .section-bg-overlay {\n  background-color: rgba(255, 255, 255, 0.9);\n}\n#section_2103028318 .section-bg.bg-loaded {\n  background-image: url(https:\/\/luxpowertek.com\/wp-content\/uploads\/2021\/12\/unnamed-1.jpg);\n}\n@media (min-width:550px) {\n  #section_2103028318 {\n    padding-top: 30px;\n    padding-bottom: 30px;\n  }\n}\n<\/style>\n\t<\/section>\n\t\n\t<section class=\"section custom_title_buttom\" id=\"section_882687959\">\n\t\t<div class=\"bg section-bg fill bg-fill  bg-loaded\" >\n\n\t\t\t\n\t\t\t\n\t\t\t\n\n\t\t<\/div>\n\n\t\t\n\n\t\t<div class=\"section-content relative\">\n\t\t\t\n<div class=\"row\"  id=\"row-1302544775\">\n\n\t<div id=\"col-215067785\" class=\"col small-12 large-12\"  >\n\t\t\t\t<div class=\"col-inner text-center\"  >\n\t\t\t\n\t\t\t\n<h2>Zastosowanie falownika Off Grid<\/h2>\n\t\t<\/div>\n\t\t\t\t\t<\/div>\n\n\t\n<\/div>\n<div class=\"row\"  id=\"row-1093449261\">\n\n\t<div id=\"col-15765905\" class=\"col small-12 large-12\"  >\n\t\t\t\t<div class=\"col-inner text-center\"  >\n\t\t\t\n\t\t\t\n<h3>Rozwi\u0105zania<\/h3>\n<div class=\"is-divider divider clearfix\" style=\"max-width:60px;background-color:rgb(96, 169, 132);\"><\/div>\n\t<div id=\"text-3359482930\" class=\"text\">\n\t\t\n<div class=\"page\" title=\"Strona 8\">\n<div class=\"section\">\n<div class=\"layoutArea\">\n<div class=\"column\">\n<p style=\"text-align: left\">Tysi\u0105ce hybrydowych inwerter\u00f3w i klimatyzator\u00f3w zainstalowanych na ca\u0142ym \u015bwiecie.<\/p>\n<p style=\"text-align: left\">Firma Lux Power posun\u0119\u0142a si\u0119 jeszcze dalej, zapewniaj\u0105c zasilanie ka\u017cdemu domowi, niezale\u017cnie od tego, czy jest on pod\u0142\u0105czony do sieci energetycznej.<\/p>\n<p style=\"text-align: left\"><span style=\"color: #008080;font-size: 95%\"><strong>ECO Hybrid SNA 3-5K jest ju\u017c dost\u0119pny dla dom\u00f3w poszukuj\u0105cych stabilnego \u017ar\u00f3d\u0142a zasilania.<\/strong><\/span><\/p>\n<p style=\"text-align: left\"><span style=\"color: #008080;font-size: 95%\"><strong>Zapytaj swojego lokalnego dystrybutora, zreorganizuj zasilanie w domu. Koniec z przerwami w dostawie pr\u0105du.<\/strong><\/span><\/p>\n<\/div>\n<\/div>\n<\/div>\n<\/div>\n\t\t\n<style>\n#text-3359482930 {\n  text-align: center;\n}\n<\/style>\n\t<\/div>\n\t\n\t<div class=\"img has-hover x md-x lg-x y md-y lg-y\" id=\"image_1136690705\">\n\t\t\t\t\t\t\t\t<div class=\"img-inner dark\" >\n\t\t\t<img loading=\"lazy\" decoding=\"async\" width=\"935\" height=\"664\" src=\"https:\/\/luxpowertek.com\/wp-content\/uploads\/2021\/12\/applicationimg1-2.png\" class=\"attachment-original size-original\" alt=\"falownik hybrydowy\" srcset=\"https:\/\/luxpowertek.com\/wp-content\/uploads\/2021\/12\/applicationimg1-2.png 935w, https:\/\/luxpowertek.com\/wp-content\/uploads\/2021\/12\/applicationimg1-2-300x213.png 300w, https:\/\/luxpowertek.com\/wp-content\/uploads\/2021\/12\/applicationimg1-2-768x545.png 768w, https:\/\/luxpowertek.com\/wp-content\/uploads\/2021\/12\/applicationimg1-2-800x568.png 800w\" sizes=\"auto, (max-width: 935px) 100vw, 935px\" \/>\t\t\t\t\t\t\n\t\t\t\t\t<\/div>\n\t\t\t\t\t\t\t\t\n<style>\n#image_1136690705 {\n  width: 56%;\n}\n<\/style>\n\t<\/div>\n\t\n\t\t<\/div>\n\t\t\t\t\t<\/div>\n\n\t\n<\/div>\n\t\t<\/div>\n\n\t\t\n<style>\n#section_882687959 {\n  padding-top: 9px;\n  padding-bottom: 9px;\n}\n@media (min-width:550px) {\n  #section_882687959 {\n    padding-top: 30px;\n    padding-bottom: 30px;\n  }\n}\n<\/style>\n\t<\/section>\n\t\n\t<section class=\"section\" id=\"section_958206259\">\n\t\t<div class=\"bg section-bg fill bg-fill  bg-loaded\" >\n\n\t\t\t\n\t\t\t\n\t\t\t\n\n\t\t<\/div>\n\n\t\t\n\n\t\t<div class=\"section-content relative\">\n\t\t\t\n<div class=\"row\"  id=\"row-343619534\">\n\n\t<div id=\"col-462068991\" class=\"col small-12 large-12\"  >\n\t\t\t\t<div class=\"col-inner text-center\"  >\n\t\t\t\n\t\t\t\n<h3>Tryby pracy falownika Off Grid<\/h3>\n<div class=\"is-divider divider clearfix\" style=\"max-width:60px;background-color:rgb(96, 169, 132);\"><\/div>\n\t<div class=\"img has-hover x md-x lg-x y md-y lg-y\" id=\"image_478773788\">\n\t\t\t\t\t\t\t\t<div class=\"img-inner dark\" >\n\t\t\t<img loading=\"lazy\" decoding=\"async\" width=\"935\" height=\"468\" src=\"https:\/\/luxpowertek.com\/wp-content\/uploads\/2021\/12\/applicationimg2-2.jpg\" class=\"attachment-original size-original\" alt=\"\" srcset=\"https:\/\/luxpowertek.com\/wp-content\/uploads\/2021\/12\/applicationimg2-2.jpg 935w, https:\/\/luxpowertek.com\/wp-content\/uploads\/2021\/12\/applicationimg2-2-300x150.jpg 300w, https:\/\/luxpowertek.com\/wp-content\/uploads\/2021\/12\/applicationimg2-2-768x384.jpg 768w, https:\/\/luxpowertek.com\/wp-content\/uploads\/2021\/12\/applicationimg2-2-800x400.jpg 800w\" sizes=\"auto, (max-width: 935px) 100vw, 935px\" \/>\t\t\t\t\t\t\n\t\t\t\t\t<\/div>\n\t\t\t\t\t\t\t\t\n<style>\n#image_478773788 {\n  width: 64%;\n}\n<\/style>\n\t<\/div>\n\t\n\t<div id=\"text-2040545626\" class=\"text\">\n\t\t\n<p>Inwerter szeregowy SNA5000 off grid mo\u017ce obs\u0142ugiwa\u0107 system konwertera DC na DC, aby dzia\u0142a\u0142 jako zasilanie zapasowe lub zamiennik generatora diesla. Poniewa\u017c inwerter obs\u0142uguje funkcj\u0119 r\u00f3wnoleg\u0142\u0105, moc systemu mo\u017ce wynosi\u0107 od 3 kW do 80 kW. Inwerter obs\u0142uguje tryby pracy konwertera DC DC.<\/p>\n<p><strong>Ca\u0142kowity tryb pracy poza sieci\u0105: <\/strong>Pracuj\u0105c jak tradycyjne inwertery niezale\u017cne od sieci, mog\u0105 najpierw przesy\u0142a\u0107 moc do sieci, do akumulatora lub do paneli s\u0142onecznych.<\/p>\n<p><strong>Tryb pracy hybrydowej:\u00a0<\/strong>Pracuj\u0105c jako hybrydowy przetwornik DC\/DC, obs\u0142uguje wsp\u00f3lnie obci\u0105\u017cenie s\u0142oneczne i sieciowe, mo\u017ce pracowa\u0107 w trybie w\u0142asnego zu\u017cycia lub w trybie priorytetowego \u0142adowania.<\/p>\n\t\t\n<style>\n#text-2040545626 {\n  text-align: left;\n}\n<\/style>\n\t<\/div>\n\t\n\t\t<\/div>\n\t\t\t\t\t<\/div>\n\n\t\n<\/div>\n\t\t<\/div>\n\n\t\t\n<style>\n#section_958206259 {\n  padding-top: 30px;\n  padding-bottom: 30px;\n}\n<\/style>\n\t<\/section>","protected":false},"excerpt":{"rendered":"","protected":false},"author":1,"featured_media":1650,"parent":0,"menu_order":0,"comment_status":"closed","ping_status":"closed","template":"page-transparent-header-light.php","meta":{"rop_custom_images_group":[],"rop_custom_messages_group":[],"rop_publish_now":"initial","rop_publish_now_accounts":[],"rop_publish_now_history":[],"rop_publish_now_status":"pending","footnotes":""},"class_list":["post-2354","page","type-page","status-publish","has-post-thumbnail","hentry"],"yoast_head":"<!-- This site is optimized with the Yoast SEO plugin v27.3 - https:\/\/yoast.com\/product\/yoast-seo-wordpress\/ -->\n<title>ECO Hybrid SNA 3-5k - High Power DCDC Converter<\/title>\n<meta name=\"description\" content=\"A DC DC converter is an electrical system (device) that converts a direct current (DC) source from one voltage level to another.\" \/>\n<meta name=\"robots\" content=\"index, follow, max-snippet:-1, max-image-preview:large, max-video-preview:-1\" \/>\n<link rel=\"canonical\" href=\"https:\/\/luxpowertek.com\/pl\/eko-hybryda-sna\/\" \/>\n<meta property=\"og:locale\" content=\"pl_PL\" \/>\n<meta property=\"og:type\" content=\"article\" \/>\n<meta property=\"og:title\" content=\"ECO Hybrid SNA 3-5k - High Power DCDC Converter\" \/>\n<meta property=\"og:description\" content=\"A DC DC converter is an electrical system (device) that converts a direct current (DC) source from one voltage level to another.\" \/>\n<meta property=\"og:url\" content=\"https:\/\/luxpowertek.com\/pl\/eko-hybryda-sna\/\" \/>\n<meta property=\"article:modified_time\" content=\"2023-12-07T02:32:24+00:00\" \/>\n<meta property=\"og:image\" content=\"https:\/\/luxpowertek.com\/wp-content\/uploads\/2021\/12\/Luxpower-inverter-LXP-4-6HB-2-min.jpg\" \/>\n\t<meta property=\"og:image:width\" content=\"800\" \/>\n\t<meta property=\"og:image:height\" content=\"800\" \/>\n\t<meta property=\"og:image:type\" content=\"image\/jpeg\" \/>\n<meta name=\"twitter:card\" content=\"summary_large_image\" \/>\n<meta name=\"twitter:label1\" content=\"Est. reading time\" \/>\n\t<meta name=\"twitter:data1\" content=\"2 minuty\" \/>\n<script type=\"application\/ld+json\" class=\"yoast-schema-graph\">{\"@context\":\"https:\\\/\\\/schema.org\",\"@graph\":[{\"@type\":\"WebPage\",\"@id\":\"https:\\\/\\\/luxpowertek.com\\\/eco-hybrid-sna\\\/\",\"url\":\"https:\\\/\\\/luxpowertek.com\\\/eco-hybrid-sna\\\/\",\"name\":\"ECO Hybrid SNA 3-5k - High Power DCDC Converter\",\"isPartOf\":{\"@id\":\"https:\\\/\\\/luxpowertek.com\\\/#website\"},\"primaryImageOfPage\":{\"@id\":\"https:\\\/\\\/luxpowertek.com\\\/eco-hybrid-sna\\\/#primaryimage\"},\"image\":{\"@id\":\"https:\\\/\\\/luxpowertek.com\\\/eco-hybrid-sna\\\/#primaryimage\"},\"thumbnailUrl\":\"https:\\\/\\\/luxpowertek.com\\\/wp-content\\\/uploads\\\/2021\\\/12\\\/Luxpower-inverter-LXP-4-6HB-2-min.jpg\",\"datePublished\":\"2021-12-24T03:09:56+00:00\",\"dateModified\":\"2023-12-07T02:32:24+00:00\",\"description\":\"A DC DC converter is an electrical system (device) that converts a direct current (DC) source from one voltage level to another.\",\"breadcrumb\":{\"@id\":\"https:\\\/\\\/luxpowertek.com\\\/eco-hybrid-sna\\\/#breadcrumb\"},\"inLanguage\":\"pl-PL\",\"potentialAction\":[{\"@type\":\"ReadAction\",\"target\":[\"https:\\\/\\\/luxpowertek.com\\\/eco-hybrid-sna\\\/\"]}]},{\"@type\":\"ImageObject\",\"inLanguage\":\"pl-PL\",\"@id\":\"https:\\\/\\\/luxpowertek.com\\\/eco-hybrid-sna\\\/#primaryimage\",\"url\":\"https:\\\/\\\/luxpowertek.com\\\/wp-content\\\/uploads\\\/2021\\\/12\\\/Luxpower-inverter-LXP-4-6HB-2-min.jpg\",\"contentUrl\":\"https:\\\/\\\/luxpowertek.com\\\/wp-content\\\/uploads\\\/2021\\\/12\\\/Luxpower-inverter-LXP-4-6HB-2-min.jpg\",\"width\":800,\"height\":800,\"caption\":\"DC DC converter\"},{\"@type\":\"BreadcrumbList\",\"@id\":\"https:\\\/\\\/luxpowertek.com\\\/eco-hybrid-sna\\\/#breadcrumb\",\"itemListElement\":[{\"@type\":\"ListItem\",\"position\":1,\"name\":\"Home\",\"item\":\"https:\\\/\\\/luxpowertek.com\\\/\"},{\"@type\":\"ListItem\",\"position\":2,\"name\":\"ECO Hybrid SNA 3-5k\"}]},{\"@type\":\"WebSite\",\"@id\":\"https:\\\/\\\/luxpowertek.com\\\/#website\",\"url\":\"https:\\\/\\\/luxpowertek.com\\\/\",\"name\":\"\",\"description\":\"\",\"potentialAction\":[{\"@type\":\"SearchAction\",\"target\":{\"@type\":\"EntryPoint\",\"urlTemplate\":\"https:\\\/\\\/luxpowertek.com\\\/?s={search_term_string}\"},\"query-input\":{\"@type\":\"PropertyValueSpecification\",\"valueRequired\":true,\"valueName\":\"search_term_string\"}}],\"inLanguage\":\"pl-PL\"}]}<\/script>\n<!-- \/ Yoast SEO plugin. -->","yoast_head_json":{"title":"ECO Hybrid SNA 3-5k - Przetwornica DCDC du\u017cej mocy","description":"Przetwornica pr\u0105du sta\u0142ego to uk\u0142ad elektryczny (urz\u0105dzenie), kt\u00f3ry zamienia \u017ar\u00f3d\u0142o pr\u0105du sta\u0142ego (DC) z jednego poziomu napi\u0119cia na inny.","robots":{"index":"index","follow":"follow","max-snippet":"max-snippet:-1","max-image-preview":"max-image-preview:large","max-video-preview":"max-video-preview:-1"},"canonical":"https:\/\/luxpowertek.com\/pl\/eko-hybryda-sna\/","og_locale":"pl_PL","og_type":"article","og_title":"ECO Hybrid SNA 3-5k - High Power DCDC Converter","og_description":"A DC DC converter is an electrical system (device) that converts a direct current (DC) source from one voltage level to another.","og_url":"https:\/\/luxpowertek.com\/pl\/eko-hybryda-sna\/","article_modified_time":"2023-12-07T02:32:24+00:00","og_image":[{"width":800,"height":800,"url":"https:\/\/luxpowertek.com\/wp-content\/uploads\/2021\/12\/Luxpower-inverter-LXP-4-6HB-2-min.jpg","type":"image\/jpeg"}],"twitter_card":"summary_large_image","twitter_misc":{"Est. reading time":"2 minuty"},"schema":{"@context":"https:\/\/schema.org","@graph":[{"@type":"WebPage","@id":"https:\/\/luxpowertek.com\/eco-hybrid-sna\/","url":"https:\/\/luxpowertek.com\/eco-hybrid-sna\/","name":"ECO Hybrid SNA 3-5k - Przetwornica DCDC du\u017cej mocy","isPartOf":{"@id":"https:\/\/luxpowertek.com\/#website"},"primaryImageOfPage":{"@id":"https:\/\/luxpowertek.com\/eco-hybrid-sna\/#primaryimage"},"image":{"@id":"https:\/\/luxpowertek.com\/eco-hybrid-sna\/#primaryimage"},"thumbnailUrl":"https:\/\/luxpowertek.com\/wp-content\/uploads\/2021\/12\/Luxpower-inverter-LXP-4-6HB-2-min.jpg","datePublished":"2021-12-24T03:09:56+00:00","dateModified":"2023-12-07T02:32:24+00:00","description":"Przetwornica pr\u0105du sta\u0142ego to uk\u0142ad elektryczny (urz\u0105dzenie), kt\u00f3ry zamienia \u017ar\u00f3d\u0142o pr\u0105du sta\u0142ego (DC) z jednego poziomu napi\u0119cia na inny.","breadcrumb":{"@id":"https:\/\/luxpowertek.com\/eco-hybrid-sna\/#breadcrumb"},"inLanguage":"pl-PL","potentialAction":[{"@type":"ReadAction","target":["https:\/\/luxpowertek.com\/eco-hybrid-sna\/"]}]},{"@type":"ImageObject","inLanguage":"pl-PL","@id":"https:\/\/luxpowertek.com\/eco-hybrid-sna\/#primaryimage","url":"https:\/\/luxpowertek.com\/wp-content\/uploads\/2021\/12\/Luxpower-inverter-LXP-4-6HB-2-min.jpg","contentUrl":"https:\/\/luxpowertek.com\/wp-content\/uploads\/2021\/12\/Luxpower-inverter-LXP-4-6HB-2-min.jpg","width":800,"height":800,"caption":"DC DC converter"},{"@type":"BreadcrumbList","@id":"https:\/\/luxpowertek.com\/eco-hybrid-sna\/#breadcrumb","itemListElement":[{"@type":"ListItem","position":1,"name":"Home","item":"https:\/\/luxpowertek.com\/"},{"@type":"ListItem","position":2,"name":"ECO Hybrid SNA 3-5k"}]},{"@type":"WebSite","@id":"https:\/\/luxpowertek.com\/#website","url":"https:\/\/luxpowertek.com\/","name":"","description":"","potentialAction":[{"@type":"SearchAction","target":{"@type":"EntryPoint","urlTemplate":"https:\/\/luxpowertek.com\/?s={search_term_string}"},"query-input":{"@type":"PropertyValueSpecification","valueRequired":true,"valueName":"search_term_string"}}],"inLanguage":"pl-PL"}]}},"_links":{"self":[{"href":"https:\/\/luxpowertek.com\/pl\/wp-json\/wp\/v2\/pages\/2354","targetHints":{"allow":["GET"]}}],"collection":[{"href":"https:\/\/luxpowertek.com\/pl\/wp-json\/wp\/v2\/pages"}],"about":[{"href":"https:\/\/luxpowertek.com\/pl\/wp-json\/wp\/v2\/types\/page"}],"author":[{"embeddable":true,"href":"https:\/\/luxpowertek.com\/pl\/wp-json\/wp\/v2\/users\/1"}],"replies":[{"embeddable":true,"href":"https:\/\/luxpowertek.com\/pl\/wp-json\/wp\/v2\/comments?post=2354"}],"version-history":[{"count":0,"href":"https:\/\/luxpowertek.com\/pl\/wp-json\/wp\/v2\/pages\/2354\/revisions"}],"wp:featuredmedia":[{"embeddable":true,"href":"https:\/\/luxpowertek.com\/pl\/wp-json\/wp\/v2\/media\/1650"}],"wp:attachment":[{"href":"https:\/\/luxpowertek.com\/pl\/wp-json\/wp\/v2\/media?parent=2354"}],"curies":[{"name":"wp","href":"https:\/\/api.w.org\/{rel}","templated":true}]}}