{"id":15397,"date":"2025-08-22T10:13:17","date_gmt":"2025-08-22T02:13:17","guid":{"rendered":"https:\/\/luxpowertek.com\/?page_id=15397"},"modified":"2025-08-22T14:37:04","modified_gmt":"2025-08-22T06:37:04","slug":"polityka-reagowania-na-luki-w-zabezpieczeniach","status":"publish","type":"page","link":"https:\/\/luxpowertek.com\/pl\/polityka-reagowania-na-luki-w-zabezpieczeniach\/","title":{"rendered":"Polityka reagowania na luki w zabezpieczeniach"},"content":{"rendered":"<div class=\"banner has-hover\" id=\"banner-603964467\">\n          <div class=\"banner-inner fill\">\n        <div class=\"banner-bg fill\" >\n            <div class=\"bg fill bg-fill\"><\/div>\n                        <div class=\"overlay\"><\/div>            \n                    <\/div>\n\t\t\n        <div class=\"banner-layers container\">\n            <div class=\"fill banner-link\"><\/div>            \n   <div id=\"text-box-1872390792\" class=\"text-box banner-layer x50 md-x50 lg-x50 y50 md-y50 lg-y50 res-text\">\n                                <div class=\"text-box-content text dark\">\n              \n              <div class=\"text-inner text-center\">\n                  \n\t<div id=\"text-1424625145\" class=\"text\">\n\t\t\n<h1><b> Polityka reagowania na luki w zabezpieczeniach<\/b><\/h1>\n\t\t\n<style>\n#text-1424625145 {\n  line-height: 1.95;\n  text-align: center;\n  color: rgb(255,255,255);\n}\n#text-1424625145 > * {\n  color: rgb(255,255,255);\n}\n<\/style>\n\t<\/div>\n\t\n              <\/div>\n           <\/div>\n                            \n<style>\n#text-box-1872390792 {\n  width: 61%;\n}\n#text-box-1872390792 .text-box-content {\n  font-size: 100%;\n}\n<\/style>\n    <\/div>\n \n        <\/div>\n      <\/div>\n\n            \n<style>\n#banner-603964467 {\n  padding-top: 500px;\n}\n#banner-603964467 .bg.bg-loaded {\n  background-image: url(https:\/\/luxpowertek.com\/wp-content\/uploads\/2025\/08\/luosidao-1030x687.webp);\n}\n#banner-603964467 .overlay {\n  background-color: rgba(0,0,0,.5);\n}\n#banner-603964467 .bg {\n  background-position: 35% 47%;\n}\n<\/style>\n  <\/div>\n\n\n\t<div id=\"gap-950483547\" class=\"gap-element clearfix\" style=\"display:block; height:auto;\">\n\t\t\n<style>\n#gap-950483547 {\n  padding-top: 30px;\n}\n<\/style>\n\t<\/div>\n\t\n<div class=\"row\"  id=\"row-871887813\">\n\n\t<div id=\"col-286360764\" class=\"col medium-5 small-12 large-5\"  >\n\t\t\t\t<div class=\"col-inner\"  >\n\t\t\t\n\t\t\t\n\t<div class=\"img has-hover x md-x lg-x y md-y lg-y\" id=\"image_975136723\">\n\t\t\t\t\t\t\t\t<div class=\"img-inner dark\" >\n\t\t\t<img loading=\"lazy\" decoding=\"async\" width=\"2560\" height=\"1706\" src=\"https:\/\/luxpowertek.com\/wp-content\/uploads\/2025\/08\/fangdajing-2-scaled.webp\" class=\"attachment-original size-original\" alt=\"\" srcset=\"https:\/\/luxpowertek.com\/wp-content\/uploads\/2025\/08\/fangdajing-2-scaled.webp 2560w, https:\/\/luxpowertek.com\/wp-content\/uploads\/2025\/08\/fangdajing-2-300x200.webp 300w, https:\/\/luxpowertek.com\/wp-content\/uploads\/2025\/08\/fangdajing-2-1030x686.webp 1030w, https:\/\/luxpowertek.com\/wp-content\/uploads\/2025\/08\/fangdajing-2-768x512.webp 768w, https:\/\/luxpowertek.com\/wp-content\/uploads\/2025\/08\/fangdajing-2-1536x1024.webp 1536w, https:\/\/luxpowertek.com\/wp-content\/uploads\/2025\/08\/fangdajing-2-2048x1365.webp 2048w, https:\/\/luxpowertek.com\/wp-content\/uploads\/2025\/08\/fangdajing-2-18x12.webp 18w, https:\/\/luxpowertek.com\/wp-content\/uploads\/2025\/08\/fangdajing-2-510x340.webp 510w\" sizes=\"auto, (max-width: 2560px) 100vw, 2560px\" \/>\t\t\t\t\t\t\n\t\t\t\t\t<\/div>\n\t\t\t\t\t\t\t\t\n<style>\n#image_975136723 {\n  width: 100%;\n}\n<\/style>\n\t<\/div>\n\t\n\t\t<\/div>\n\t\t\t\t\t<\/div>\n\n\t\n\n\t<div id=\"col-1807169181\" class=\"col medium-7 small-12 large-7\"  >\n\t\t\t\t<div class=\"col-inner\"  >\n\t\t\t\n\t\t\t\n<h2><span style=\"font-size: 140%;\"><b>1. Cel polityki<\/b><\/span><\/h2>\n\t<div id=\"gap-1718236237\" class=\"gap-element clearfix\" style=\"display:block; height:auto;\">\n\t\t\n<style>\n#gap-1718236237 {\n  padding-top: 110px;\n}\n<\/style>\n\t<\/div>\n\t\n<p><span style=\"font-size: 95%;\" data-font-family=\"default\">LuxpowerTek zobowi\u0105zuje si\u0119 do dostarczania bezpiecznych i niezawodnych produkt\u00f3w i us\u0142ug naszym klientom na ca\u0142ym \u015bwiecie. Zach\u0119camy badaczy bezpiecze\u0144stwa, partner\u00f3w i klient\u00f3w do zg\u0142aszania potencjalnych luk w zabezpieczeniach za po\u015brednictwem\u2026 <strong>odpowiedzialne praktyki ujawniania informacji<\/strong>co pozwala nam na szybkie reagowanie na ryzyko i jego ograniczanie.<\/span><\/p>\n\t\t<\/div>\n\t\t\t\t\t<\/div>\n\n\t\n<\/div>\n<div class=\"row\"  id=\"row-334732495\">\n\n\t<div id=\"col-1163321897\" class=\"col medium-6 small-12 large-6\"  >\n\t\t\t\t<div class=\"col-inner\"  >\n\t\t\t\n\t\t\t\n<h2><span style=\"font-size: 140%;\"><b>2. Proces raportowania<\/b><\/span><\/h2>\n\t<div id=\"gap-2124525636\" class=\"gap-element clearfix\" style=\"display:block; height:auto;\">\n\t\t\n<style>\n#gap-2124525636 {\n  padding-top: 10px;\n}\n<\/style>\n\t<\/div>\n\t\n<p><span style=\"font-size: 95%;\" data-font-family=\"default\">Aby zg\u0142osi\u0107 luk\u0119 w zabezpieczeniach, skorzystaj z nast\u0119puj\u0105cych kana\u0142\u00f3w:<\/span><\/p>\n<div class=\"row\"  id=\"row-901173186\">\n\n\t<div id=\"col-379287457\" class=\"col medium-2 small-12 large-2\"  >\n\t\t\t\t<div class=\"col-inner\"  >\n\t\t\t\n\t\t\t\n\t<div class=\"img has-hover x md-x lg-x y md-y lg-y\" id=\"image_924871121\">\n\t\t\t\t\t\t\t\t<div class=\"img-inner dark\" style=\"margin:-4px 0px 0px 0px;\">\n\t\t\t<img loading=\"lazy\" decoding=\"async\" width=\"200\" height=\"200\" src=\"https:\/\/luxpowertek.com\/wp-content\/uploads\/2025\/08\/email.webp\" class=\"attachment-large size-large\" alt=\"\" srcset=\"https:\/\/luxpowertek.com\/wp-content\/uploads\/2025\/08\/email.webp 200w, https:\/\/luxpowertek.com\/wp-content\/uploads\/2025\/08\/email-80x80.webp 80w, https:\/\/luxpowertek.com\/wp-content\/uploads\/2025\/08\/email-12x12.webp 12w, https:\/\/luxpowertek.com\/wp-content\/uploads\/2025\/08\/email-100x100.webp 100w\" sizes=\"auto, (max-width: 200px) 100vw, 200px\" \/>\t\t\t\t\t\t\n\t\t\t\t\t<\/div>\n\t\t\t\t\t\t\t\t\n<style>\n#image_924871121 {\n  width: 100%;\n}\n<\/style>\n\t<\/div>\n\t\n\t\t<\/div>\n\t\t\t\t\t<\/div>\n\n\t\n\n\t<div id=\"col-475730792\" class=\"col medium-10 small-12 large-10\"  >\n\t\t\t\t<div class=\"col-inner\"  >\n\t\t\t\n\t\t\t\n\t<div id=\"text-1546460811\" class=\"text\">\n\t\t\n<p style=\"text-align: left;\"><b><span data-font-family=\"default\">E-mail<\/span><\/b><\/p>\n<p style=\"text-align: left;\"><span data-font-family=\"default\">security@luxpowertek.com <\/span>(Zalecane szyfrowanie PGP)<\/p>\n\t\t\n<style>\n#text-1546460811 {\n  line-height: 1.25;\n  text-align: left;\n}\n<\/style>\n\t<\/div>\n\t\n\t\t<\/div>\n\t\t\t\t\t<\/div>\n\n\t\n<\/div>\n<div class=\"row\"  id=\"row-991650467\">\n\n\t<div id=\"col-1151918627\" class=\"col medium-2 small-12 large-2\"  >\n\t\t\t\t<div class=\"col-inner\"  >\n\t\t\t\n\t\t\t\n\t<div class=\"img has-hover x md-x lg-x y md-y lg-y\" id=\"image_1704478513\">\n\t\t\t\t\t\t\t\t<div class=\"img-inner dark\" style=\"margin:-4px 0px 0px 0px;\">\n\t\t\t<img loading=\"lazy\" decoding=\"async\" width=\"512\" height=\"512\" src=\"https:\/\/luxpowertek.com\/wp-content\/uploads\/2025\/08\/Lot.webp\" class=\"attachment-large size-large\" alt=\"\" srcset=\"https:\/\/luxpowertek.com\/wp-content\/uploads\/2025\/08\/Lot.webp 512w, https:\/\/luxpowertek.com\/wp-content\/uploads\/2025\/08\/Lot-300x300.webp 300w, https:\/\/luxpowertek.com\/wp-content\/uploads\/2025\/08\/Lot-80x80.webp 80w, https:\/\/luxpowertek.com\/wp-content\/uploads\/2025\/08\/Lot-12x12.webp 12w, https:\/\/luxpowertek.com\/wp-content\/uploads\/2025\/08\/Lot-510x510.webp 510w, https:\/\/luxpowertek.com\/wp-content\/uploads\/2025\/08\/Lot-100x100.webp 100w\" sizes=\"auto, (max-width: 512px) 100vw, 512px\" \/>\t\t\t\t\t\t\n\t\t\t\t\t<\/div>\n\t\t\t\t\t\t\t\t\n<style>\n#image_1704478513 {\n  width: 100%;\n}\n<\/style>\n\t<\/div>\n\t\n\t\t<\/div>\n\t\t\t\t\t<\/div>\n\n\t\n\n\t<div id=\"col-1166048186\" class=\"col medium-10 small-12 large-10\"  >\n\t\t\t\t<div class=\"col-inner\"  >\n\t\t\t\n\t\t\t\n\t<div id=\"text-3674485251\" class=\"text\">\n\t\t\n<p><b><span data-font-family=\"default\">Formularz online\/Portal bezpiecze\u0144stwa<\/span><\/b><\/p>\n<p><span data-font-family=\"default\">Szczeg\u00f3\u0142y dotycz\u0105ce ka\u017cdego dedykowanego portalu bezpiecze\u0144stwa zostan\u0105 og\u0142oszone osobno<\/span><\/p>\n\t\t\n<style>\n#text-3674485251 {\n  line-height: 1.25;\n  text-align: left;\n}\n<\/style>\n\t<\/div>\n\t\n\t\t<\/div>\n\t\t\t\t\t<\/div>\n\n\t\n<\/div>\n<p><span data-font-family=\"default\">Prosimy o uwzgl\u0119dnienie w raporcie nast\u0119puj\u0105cych informacji:<\/span><\/p>\n<ul>\n<li><span data-font-family=\"default\">Model produktu, kt\u00f3rego dotyczy problem, oraz wersja oprogramowania sprz\u0119towego\/oprogramowania<\/span><\/li>\n<li><span data-font-family=\"default\">Szczeg\u00f3\u0142owy opis luki w zabezpieczeniach i kroki umo\u017cliwiaj\u0105ce jej odtworzenie (lub dow\u00f3d koncepcji)<\/span><\/li>\n<li><span data-font-family=\"default\">Analiza potencjalnego wp\u0142ywu<\/span><\/li>\n<li><span data-font-family=\"default\">Dane kontaktowe do komunikacji nast\u0119pczej<\/span><\/li>\n<\/ul>\n\t\t<\/div>\n\t\t\t\t\t<\/div>\n\n\t\n\n\t<div id=\"col-672590785\" class=\"col medium-6 small-12 large-6\"  >\n\t\t\t\t<div class=\"col-inner\"  >\n\t\t\t\n\t\t\t\n\t<div class=\"img has-hover x md-x lg-x y md-y lg-y\" id=\"image_917832348\">\n\t\t\t\t\t\t\t\t<div class=\"img-inner dark\" >\n\t\t\t<img loading=\"lazy\" decoding=\"async\" width=\"1920\" height=\"1280\" src=\"https:\/\/luxpowertek.com\/wp-content\/uploads\/2025\/08\/tijiao.webp\" class=\"attachment-original size-original\" alt=\"\" srcset=\"https:\/\/luxpowertek.com\/wp-content\/uploads\/2025\/08\/tijiao.webp 1920w, https:\/\/luxpowertek.com\/wp-content\/uploads\/2025\/08\/tijiao-300x200.webp 300w, https:\/\/luxpowertek.com\/wp-content\/uploads\/2025\/08\/tijiao-1030x687.webp 1030w, https:\/\/luxpowertek.com\/wp-content\/uploads\/2025\/08\/tijiao-768x512.webp 768w, https:\/\/luxpowertek.com\/wp-content\/uploads\/2025\/08\/tijiao-1536x1024.webp 1536w, https:\/\/luxpowertek.com\/wp-content\/uploads\/2025\/08\/tijiao-18x12.webp 18w, https:\/\/luxpowertek.com\/wp-content\/uploads\/2025\/08\/tijiao-510x340.webp 510w\" sizes=\"auto, (max-width: 1920px) 100vw, 1920px\" \/>\t\t\t\t\t\t\n\t\t\t\t\t<\/div>\n\t\t\t\t\t\t\t\t\n<style>\n#image_917832348 {\n  width: 100%;\n}\n<\/style>\n\t<\/div>\n\t\n<p><strong>PORADY:<\/strong><\/p>\n<p><span data-font-family=\"default\">Aby zapewni\u0107 odpowiedzialne ujawnienie informacji, prosimy o powstrzymanie si\u0119 od publicznego ujawniania luki w zabezpieczeniach do czasu wydania oficjalnej poprawki.<\/span><\/p>\n\t\t<\/div>\n\t\t\t\t\t<\/div>\n\n\t\n<\/div>\n<h2><span style=\"font-size: 140%;\"><b>3. Zakres test\u00f3w bezpiecze\u0144stwa i granice zgodno\u015bci<\/b><\/span><\/h2>\n\t<div id=\"gap-507030631\" class=\"gap-element clearfix\" style=\"display:block; height:auto;\">\n\t\t\n<style>\n#gap-507030631 {\n  padding-top: 30px;\n}\n<\/style>\n\t<\/div>\n\t\n<h2><strong><span style=\"color: #63ad82;\">Dozwolone dzia\u0142ania testowe<\/span>\u2705<\/strong><\/h2>\n<ul>\n<li><span data-font-family=\"default\">Testowanie urz\u0105dze\u0144 lokalnych<\/span><\/li>\n<li><span data-font-family=\"default\">Analiza komunikacji sieciowej<\/span><\/li>\n<li><span data-font-family=\"default\">Weryfikacja konfiguracji i uprawnie\u0144<\/span><\/li>\n<\/ul>\n\t<div id=\"gap-1416558122\" class=\"gap-element clearfix\" style=\"display:block; height:auto;\">\n\t\t\n<style>\n#gap-1416558122 {\n  padding-top: 30px;\n}\n<\/style>\n\t<\/div>\n\t\n<h2><span style=\"color: #d83131;\"><b>Zabronione dzia\u0142ania\u274c<\/b><\/span><\/h2>\n<ul>\n<li><span data-font-family=\"default\">Nieautoryzowany dost\u0119p lub kradzie\u017c danych u\u017cytkownika<\/span><\/li>\n<li><span data-font-family=\"default\">Wykorzystanie luk powoduj\u0105cych zak\u0142\u00f3cenia lub uszkodzenia us\u0142ug<\/span><\/li>\n<li><span data-font-family=\"default\">Skanowanie na du\u017c\u0105 skal\u0119 lub ataki typu \u201eodmowa us\u0142ugi\u201d skierowane przeciwko \u015brodowiskom produkcyjnym<\/span><\/li>\n<\/ul>\n\t<div id=\"gap-884668936\" class=\"gap-element clearfix\" style=\"display:block; height:auto;\">\n\t\t\n<style>\n#gap-884668936 {\n  padding-top: 50px;\n}\n<\/style>\n\t<\/div>\n\t\n<h2><span style=\"font-size: 140%;\"><b>4. Proces i harmonogram reagowania na luki w zabezpieczeniach<\/b><\/span><\/h2>\n<p><span data-font-family=\"default\">LuxpowerTek stosuje si\u0119 do najlepszych mi\u0119dzynarodowych praktyk i opracowa\u0142 standardowy proces reagowania na luki w zabezpieczeniach:<\/span><\/p>\n<ol>\n<li><b><span data-font-family=\"default\">Potwierdzenie<\/span><\/b><span data-font-family=\"default\">: W ci\u0105gu 5 dni roboczych od otrzymania raportu potwierdzimy jego otrzymanie.<\/span><\/li>\n<li><b><span data-font-family=\"default\">Walidacja i ocena<\/span><\/b><span data-font-family=\"default\">Nasz zesp\u00f3\u0142 ds. bezpiecze\u0144stwa zweryfikuje luk\u0119 w zabezpieczeniach i oceni jej poziom ryzyka, korzystaj\u0105c ze standardu CVSS v3.1.<\/span><\/li>\n<li><b><span data-font-family=\"default\">Plan naprawy<\/span><\/b><span data-font-family=\"default\">:W zale\u017cno\u015bci od powagi problemu opracujemy plan naprawczy lub \u0142agodz\u0105cy.<\/span><\/li>\n<li><b><span data-font-family=\"default\">Komunikacja<\/span><\/b><span data-font-family=\"default\">:B\u0119dziemy utrzymywa\u0107 kontakt z reporterem przez ca\u0142y czas trwania procesu i w razie potrzeby zwr\u00f3cimy si\u0119 do niego z pro\u015bb\u0105 o dodatkowe informacje.<\/span><\/li>\n<li><b><span data-font-family=\"default\">Ujawnienie publiczne<\/span><\/b> <b><span data-font-family=\"default\">pewny<\/span><\/b><span data-font-family=\"default\">:Po rozwi\u0105zaniu problemu w naszym biuletynie bezpiecze\u0144stwa zostanie opublikowane ostrze\u017cenie o podatno\u015bci, z podzi\u0119kowaniem dla badacza, je\u015bli wyrazi\u0142 on na to zgod\u0119.<\/span><\/li>\n<\/ol>\n<p><span data-font-family=\"default\">Typowy harmonogram rozwi\u0105zania i ujawnienia jest nast\u0119puj\u0105cy: <strong>90\u2013120<\/strong> dni, przy czym najwa\u017cniejsze luki w zabezpieczeniach s\u0105 traktowane priorytetowo i rozpatrywane przyspieszonym trybem.<\/span><\/p>\n\t<div id=\"gap-685913384\" class=\"gap-element clearfix\" style=\"display:block; height:auto;\">\n\t\t\n<style>\n#gap-685913384 {\n  padding-top: 60px;\n}\n<\/style>\n\t<\/div>\n\t\n<h2><span style=\"font-size: 140%;\"><b>5. Klasyfikacja stopnia zagro\u017cenia<\/b><\/span><\/h2>\n<p><span data-font-family=\"default\">Klasyfikacja luk w zabezpieczeniach na podstawie standardu CVSS v3.1 wygl\u0105da nast\u0119puj\u0105co:<\/span><\/p>\n<div class=\"row\"  id=\"row-1612875044\">\n\n\t<div id=\"col-2131454671\" class=\"col medium-3 small-6 large-3\"  >\n\t\t\t\t<div class=\"col-inner\"  >\n\t\t\t\n\t\t\t\n<p><b><span data-font-family=\"default\">Niski (0,1\u20133,9)<\/span><\/b><\/p>\n<p><span data-font-family=\"default\">Minimalny wp\u0142yw, rozwi\u0105zany w kolejnych iteracjach.<\/span><\/p>\n\t\t<\/div>\n\t\t\t\t\t<\/div>\n\n\t\n\n\t<div id=\"col-373257487\" class=\"col medium-3 small-6 large-3\"  >\n\t\t\t\t<div class=\"col-inner\"  >\n\t\t\t\n\t\t\t\n<p><b><span data-font-family=\"default\">\u015aredni (4,0\u20136,9)<\/span><\/b><\/p>\n<p><span data-font-family=\"default\"> Ograniczony wp\u0142yw, uwzgl\u0119dniony w rutynowych aktualizacjach oprogramowania.<\/span><\/p>\n\t\t<\/div>\n\t\t\t\t\t<\/div>\n\n\t\n\n\t<div id=\"col-1395092294\" class=\"col medium-3 small-6 large-3\"  >\n\t\t\t\t<div class=\"col-inner\"  >\n\t\t\t\n\t\t\t\n<p><b><span data-font-family=\"default\">Wysoki (7,0\u20138,9)<\/span><\/b><\/p>\n<p><span data-font-family=\"default\"> Priorytetowo traktowane s\u0105 powa\u017cne luki w zabezpieczeniach, kt\u00f3re nale\u017cy jak najszybciej rozwi\u0105za\u0107.<\/span><\/p>\n\t\t<\/div>\n\t\t\t\t\t<\/div>\n\n\t\n\n\t<div id=\"col-1255504232\" class=\"col medium-3 small-6 large-3\"  >\n\t\t\t\t<div class=\"col-inner\"  >\n\t\t\t\n\t\t\t\n<p><b><span data-font-family=\"default\">Krytyczny (9,0\u201310,0)<\/span><\/b><\/p>\n<p><span data-font-family=\"default\"> Natychmiastowa naprawa i pilne wydanie poprawki.<\/span><\/p>\n\t\t<\/div>\n\t\t\t\t\t<\/div>\n\n\t\n<\/div>\n<h2><span style=\"font-size: 140%;\">6. Zawiadomienie<\/span><\/h2>\n<h2><b><span data-font-family=\"default\">Zasady skoordynowanego ujawniania informacji<\/span><\/b><\/h2>\n<p><span data-font-family=\"default\">LuxpowerTek przestrzega <\/span><b><span data-font-family=\"default\">CVD<\/span><\/b><b><span data-font-family=\"default\">(Skoordynowane ujawnianie luk w zabezpieczeniach)<\/span><\/b><span data-font-family=\"default\"> model zapewniaj\u0105cy, \u017ce luki w zabezpieczeniach nie zostan\u0105 ujawnione publicznie przed wydaniem poprawki. <\/span><\/p>\n<p><span data-font-family=\"default\">Od badaczy oczekuje si\u0119 podania rozs\u0105dnego czasu na przeprowadzenie naprawy, zazwyczaj<\/span><b><span data-font-family=\"default\"> 90 dni<\/span><\/b><span data-font-family=\"default\">, aby u\u0142atwi\u0107 terminowe rozwi\u0105zanie.<\/span><\/p>\n<h2><b><span data-font-family=\"default\">Zwolnienie prawne<\/span><\/b><\/h2>\n<p><span data-font-family=\"default\">Je\u017celi testy i ujawnianie luk w zabezpieczeniach b\u0119d\u0105 przeprowadzane zgodnie z niniejsz\u0105 polityk\u0105, LuxpowerTek nie b\u0119dzie podejmowa\u0107 krok\u00f3w prawnych przeciwko badaczom i b\u0119dzie bra\u0107 pod uwag\u0119 takie dzia\u0142ania jako: <\/span><b><span data-font-family=\"default\">badania nad bezpiecze\u0144stwem prowadzone w dobrej wierze.<\/span><\/b><\/p>\n<h2><b><span data-font-family=\"default\">Zastrze\u017cenie<\/span><\/b><\/h2>\n<p><i><span data-font-family=\"default\">Niniejsza polityka mo\u017ce ulec aktualizacji<\/span><\/i><span data-font-family=\"default\">d, aby odzwierciedla\u0107 rozw\u00f3j bran\u017cy i wymogi prawne. LuxpowerTek nie ponosi \u017cadnej odpowiedzialno\u015bci ani gwarancji za jakiekolwiek bezpo\u015brednie lub po\u015brednie straty wynikaj\u0105ce z ujawnienia luk w zabezpieczeniach lub op\u00f3\u017anie\u0144 w ich usuwaniu.<\/span><\/p>","protected":false},"excerpt":{"rendered":"<p>3. Zakres testowania bezpiecze\u0144stwa i granice zgodno\u015bci Dozwolone dzia\u0142ania testowe\u2705 Testowanie urz\u0105dze\u0144 lokalnych Analiza komunikacji sieciowej Sprawdzanie konfiguracji i uprawnie\u0144 Dzia\u0142ania zabronione\u274c Nieautoryzowany dost\u0119p lub kradzie\u017c danych u\u017cytkownika Wykorzystywanie luk w zabezpieczeniach powoduj\u0105ce zak\u0142\u00f3cenia lub uszkodzenia us\u0142ug Skanowanie na du\u017c\u0105 skal\u0119 lub ataki typu \u201eodmowa us\u0142ugi\u201d wymierzone w \u015brodowiska produkcyjne 4. Proces i harmonogram reagowania na luki w zabezpieczeniach LuxpowerTek przestrzega mi\u0119dzynarodowych\u2026<\/p>","protected":false},"author":3,"featured_media":0,"parent":0,"menu_order":0,"comment_status":"closed","ping_status":"closed","template":"","meta":{"rop_custom_images_group":[],"rop_custom_messages_group":[],"rop_publish_now":"initial","rop_publish_now_accounts":[],"rop_publish_now_history":[],"rop_publish_now_status":"pending","footnotes":""},"class_list":["post-15397","page","type-page","status-publish","hentry"],"yoast_head":"<!-- This site is optimized with the Yoast SEO plugin v27.3 - https:\/\/yoast.com\/product\/yoast-seo-wordpress\/ -->\n<title>Vulnerability Response Policy -<\/title>\n<meta name=\"robots\" content=\"index, follow, max-snippet:-1, max-image-preview:large, max-video-preview:-1\" \/>\n<link rel=\"canonical\" href=\"https:\/\/luxpowertek.com\/pl\/polityka-reagowania-na-luki-w-zabezpieczeniach\/\" \/>\n<meta property=\"og:locale\" content=\"pl_PL\" \/>\n<meta property=\"og:type\" content=\"article\" \/>\n<meta property=\"og:title\" content=\"Vulnerability Response Policy -\" \/>\n<meta property=\"og:description\" content=\"3. Security Testing Scope and Compliance Boundaries Permitted Testing Activities\u2705 Local device testing Network communication analysis Configuration and permission validation Prohibited Activities\u274c Unauthorized access or theft of user data Exploitation of vulnerabilities causing service disruption or damage Large-scale scanning or denial-of-service attacks targeting production environments 4. Vulnerability Response Process and Timeline LuxpowerTek adheres to international...\" \/>\n<meta property=\"og:url\" content=\"https:\/\/luxpowertek.com\/pl\/polityka-reagowania-na-luki-w-zabezpieczeniach\/\" \/>\n<meta property=\"article:modified_time\" content=\"2025-08-22T06:37:04+00:00\" \/>\n<meta name=\"twitter:card\" content=\"summary_large_image\" \/>\n<meta name=\"twitter:label1\" content=\"Est. reading time\" \/>\n\t<meta name=\"twitter:data1\" content=\"3 minuty\" \/>\n<script type=\"application\/ld+json\" class=\"yoast-schema-graph\">{\"@context\":\"https:\\\/\\\/schema.org\",\"@graph\":[{\"@type\":\"WebPage\",\"@id\":\"https:\\\/\\\/luxpowertek.com\\\/vulnerability-response-policy\\\/\",\"url\":\"https:\\\/\\\/luxpowertek.com\\\/vulnerability-response-policy\\\/\",\"name\":\"Vulnerability Response Policy -\",\"isPartOf\":{\"@id\":\"https:\\\/\\\/luxpowertek.com\\\/#website\"},\"datePublished\":\"2025-08-22T02:13:17+00:00\",\"dateModified\":\"2025-08-22T06:37:04+00:00\",\"breadcrumb\":{\"@id\":\"https:\\\/\\\/luxpowertek.com\\\/vulnerability-response-policy\\\/#breadcrumb\"},\"inLanguage\":\"pl-PL\",\"potentialAction\":[{\"@type\":\"ReadAction\",\"target\":[\"https:\\\/\\\/luxpowertek.com\\\/vulnerability-response-policy\\\/\"]}]},{\"@type\":\"BreadcrumbList\",\"@id\":\"https:\\\/\\\/luxpowertek.com\\\/vulnerability-response-policy\\\/#breadcrumb\",\"itemListElement\":[{\"@type\":\"ListItem\",\"position\":1,\"name\":\"Home\",\"item\":\"https:\\\/\\\/luxpowertek.com\\\/\"},{\"@type\":\"ListItem\",\"position\":2,\"name\":\"Vulnerability Response Policy\"}]},{\"@type\":\"WebSite\",\"@id\":\"https:\\\/\\\/luxpowertek.com\\\/#website\",\"url\":\"https:\\\/\\\/luxpowertek.com\\\/\",\"name\":\"\",\"description\":\"\",\"potentialAction\":[{\"@type\":\"SearchAction\",\"target\":{\"@type\":\"EntryPoint\",\"urlTemplate\":\"https:\\\/\\\/luxpowertek.com\\\/?s={search_term_string}\"},\"query-input\":{\"@type\":\"PropertyValueSpecification\",\"valueRequired\":true,\"valueName\":\"search_term_string\"}}],\"inLanguage\":\"pl-PL\"}]}<\/script>\n<!-- \/ Yoast SEO plugin. -->","yoast_head_json":{"title":"Polityka reagowania na luki w zabezpieczeniach","robots":{"index":"index","follow":"follow","max-snippet":"max-snippet:-1","max-image-preview":"max-image-preview:large","max-video-preview":"max-video-preview:-1"},"canonical":"https:\/\/luxpowertek.com\/pl\/polityka-reagowania-na-luki-w-zabezpieczeniach\/","og_locale":"pl_PL","og_type":"article","og_title":"Vulnerability Response Policy -","og_description":"3. Security Testing Scope and Compliance Boundaries Permitted Testing Activities\u2705 Local device testing Network communication analysis Configuration and permission validation Prohibited Activities\u274c Unauthorized access or theft of user data Exploitation of vulnerabilities causing service disruption or damage Large-scale scanning or denial-of-service attacks targeting production environments 4. Vulnerability Response Process and Timeline LuxpowerTek adheres to international...","og_url":"https:\/\/luxpowertek.com\/pl\/polityka-reagowania-na-luki-w-zabezpieczeniach\/","article_modified_time":"2025-08-22T06:37:04+00:00","twitter_card":"summary_large_image","twitter_misc":{"Est. reading time":"3 minuty"},"schema":{"@context":"https:\/\/schema.org","@graph":[{"@type":"WebPage","@id":"https:\/\/luxpowertek.com\/vulnerability-response-policy\/","url":"https:\/\/luxpowertek.com\/vulnerability-response-policy\/","name":"Polityka reagowania na luki w zabezpieczeniach","isPartOf":{"@id":"https:\/\/luxpowertek.com\/#website"},"datePublished":"2025-08-22T02:13:17+00:00","dateModified":"2025-08-22T06:37:04+00:00","breadcrumb":{"@id":"https:\/\/luxpowertek.com\/vulnerability-response-policy\/#breadcrumb"},"inLanguage":"pl-PL","potentialAction":[{"@type":"ReadAction","target":["https:\/\/luxpowertek.com\/vulnerability-response-policy\/"]}]},{"@type":"BreadcrumbList","@id":"https:\/\/luxpowertek.com\/vulnerability-response-policy\/#breadcrumb","itemListElement":[{"@type":"ListItem","position":1,"name":"Home","item":"https:\/\/luxpowertek.com\/"},{"@type":"ListItem","position":2,"name":"Vulnerability Response Policy"}]},{"@type":"WebSite","@id":"https:\/\/luxpowertek.com\/#website","url":"https:\/\/luxpowertek.com\/","name":"","description":"","potentialAction":[{"@type":"SearchAction","target":{"@type":"EntryPoint","urlTemplate":"https:\/\/luxpowertek.com\/?s={search_term_string}"},"query-input":{"@type":"PropertyValueSpecification","valueRequired":true,"valueName":"search_term_string"}}],"inLanguage":"pl-PL"}]}},"_links":{"self":[{"href":"https:\/\/luxpowertek.com\/pl\/wp-json\/wp\/v2\/pages\/15397","targetHints":{"allow":["GET"]}}],"collection":[{"href":"https:\/\/luxpowertek.com\/pl\/wp-json\/wp\/v2\/pages"}],"about":[{"href":"https:\/\/luxpowertek.com\/pl\/wp-json\/wp\/v2\/types\/page"}],"author":[{"embeddable":true,"href":"https:\/\/luxpowertek.com\/pl\/wp-json\/wp\/v2\/users\/3"}],"replies":[{"embeddable":true,"href":"https:\/\/luxpowertek.com\/pl\/wp-json\/wp\/v2\/comments?post=15397"}],"version-history":[{"count":11,"href":"https:\/\/luxpowertek.com\/pl\/wp-json\/wp\/v2\/pages\/15397\/revisions"}],"predecessor-version":[{"id":15427,"href":"https:\/\/luxpowertek.com\/pl\/wp-json\/wp\/v2\/pages\/15397\/revisions\/15427"}],"wp:attachment":[{"href":"https:\/\/luxpowertek.com\/pl\/wp-json\/wp\/v2\/media?parent=15397"}],"curies":[{"name":"wp","href":"https:\/\/api.w.org\/{rel}","templated":true}]}}