{"id":13289,"date":"2024-09-18T18:26:34","date_gmt":"2024-09-18T10:26:34","guid":{"rendered":"https:\/\/luxpowertek.com\/?page_id=13289"},"modified":"2024-09-18T21:15:03","modified_gmt":"2024-09-18T13:15:03","slug":"magazynowanie-energii-slonecznej-uk-2024","status":"publish","type":"page","link":"https:\/\/luxpowertek.com\/pl\/magazynowanie-energii-slonecznej-uk-2024\/","title":{"rendered":"Solar &amp; Storage UK 2024"},"content":{"rendered":"<div class=\"slider-wrapper relative\" id=\"slider-1692717284\" >\n    <div class=\"slider slider-nav-circle slider-nav-large slider-nav-light slider-style-normal\"\n        data-flickity-options='{            \"cellAlign\": \"center\",            \"imagesLoaded\": true,            \"lazyLoad\": 1,            \"freeScroll\": false,            \"wrapAround\": true,            \"autoPlay\": 6000,            \"pauseAutoPlayOnHover\" : true,            \"prevNextButtons\": true,            \"contain\" : true,            \"adaptiveHeight\" : true,            \"dragThreshold\" : 10,            \"percentPosition\": true,            \"pageDots\": true,            \"rightToLeft\": false,            \"draggable\": true,            \"selectedAttraction\": 0.1,            \"parallax\" : 0,            \"friction\": 0.6        }'\n        >\n        \n\n  <div class=\"banner has-hover\" id=\"banner-1075224085\">\n          <div class=\"banner-inner fill\">\n        <div class=\"banner-bg fill\" >\n            <div class=\"bg fill bg-fill\"><\/div>\n                        <div class=\"overlay\"><\/div>            \n                    <\/div>\n\t\t\n        <div class=\"banner-layers container\">\n            <div class=\"fill banner-link\"><\/div>            \n   <div id=\"text-box-729832869\" class=\"text-box banner-layer x50 md-x50 lg-x50 y50 md-y50 lg-y50 res-text\">\n                                <div class=\"text-box-content text dark\">\n              \n              <div class=\"text-inner text-center\">\n                  \n<h1>Poznaj Luxpower na stoisku #B48<\/h1>\n<div id=\"timer-646001549\" class=\"ux-timer light\" data-text-plural=\"s\" data-text-hour=\"hour\" data-text-day=\"day\" data-text-week=\"week\" data-text-min=\"min\" data-text-sec=\"sec\" data-text-hour-p=\"\" data-text-day-p=\"\" data-text-week-p=\"\" data-text-min-p=\"\" data-text-sec-p=\"\" data-countdown=\"2024\/9\/24 18:00\"><span>&nbsp;<div class=\"loading-spin dark centered\"><\/div><strong>&nbsp;<\/strong><\/span><\/div>\n<style>\n#timer-646001549 {\n  font-size: 307%;\n}\n#timer-646001549 span {\n  background-color: rgba(255, 255, 255, 0.86);\n}\n<\/style>\n\n\t<div id=\"gap-732384937\" class=\"gap-element clearfix\" style=\"display:block; height:auto;\">\n\t\t\n<style>\n#gap-732384937 {\n  padding-top: 30px;\n}\n<\/style>\n\t<\/div>\n\t\n<a href=\"https:\/\/secure.terrapinn.com\/V5\/step2.aspx?q=3759484CPSS&#038;TMID=4251512&#038;EID=10835\" target=\"_blank\" class=\"button secondary is-larger\" rel=\"noopener\"  style=\"border-radius:10px;\">\n    <span>Zarejestruj si\u0119 teraz<\/span>\n  <i class=\"icon-angle-right\" aria-hidden=\"true\" ><\/i><\/a>\n\n              <\/div>\n           <\/div>\n                            \n<style>\n#text-box-729832869 {\n  width: 80%;\n}\n#text-box-729832869 .text-box-content {\n  font-size: 100%;\n}\n@media (min-width:550px) {\n  #text-box-729832869 {\n    width: 69%;\n  }\n}\n<\/style>\n    <\/div>\n \n        <\/div>\n      <\/div>\n\n            \n<style>\n#banner-1075224085 {\n  padding-top: 706px;\n}\n#banner-1075224085 .bg.bg-loaded {\n  background-image: url(https:\/\/luxpowertek.com\/wp-content\/uploads\/2024\/08\/UK-EXPO-scaled.webp);\n}\n#banner-1075224085 .overlay {\n  background-color: rgba(79, 79, 79, 0.5);\n}\n#banner-1075224085 .bg {\n  background-position: 40% 54%;\n}\n<\/style>\n  <\/div>\n\n\n     <\/div>\n\n     <div class=\"loading-spin dark large centered\"><\/div>\n\n\t<\/div>\n\n\n<div class=\"row\"  id=\"row-672622914\">\n\n\t<div id=\"col-1836223072\" class=\"col small-12 large-12\"  >\n\t\t\t\t<div class=\"col-inner\"  >\n\t\t\t\n\t\t\t\n\t<div id=\"text-3868830301\" class=\"text\">\n\t\t\n<h1 class=\"uppercase\" style=\"text-align: center;\">Do\u0142\u0105cz do nas na konferencji Solar &amp; Storage Live UK 2024!<\/h1>\n<h1 class=\"uppercase\" style=\"text-align: center;\">Zasilanie przysz\u0142o\u015bci rozwi\u0105za\u0144 w zakresie czystej energii<\/h1>\n\t\t\n<style>\n#text-3868830301 {\n  text-align: center;\n}\n<\/style>\n\t<\/div>\n\t\n\t\t<\/div>\n\t\t\t\t\t<\/div>\n\n\t\n<\/div>\n<div class=\"row\"  id=\"row-317806270\">\n\n\t<div id=\"col-1400123279\" class=\"col medium-6 small-12 large-6\"  >\n\t\t\t\t<div class=\"col-inner\"  >\n\t\t\t\n\t\t\t\n\t<div id=\"text-2407379157\" class=\"text\">\n\t\t\n\t\t\n<style>\n#text-2407379157 {\n  text-align: left;\n}\n<\/style>\n\t<\/div>\n\t\n<ul>\n<li><span style=\"font-size: 120%;\"><strong>Data<\/strong>: 24-26 wrze\u015bnia 2024 r.<\/span><\/li>\n<li><span style=\"font-size: 120%;\"><strong>Lokalizacja<\/strong>:NEC, Birmingham, Wielka Brytania<\/span><\/li>\n<li><span style=\"font-size: 120%;\"><strong>Budka<\/strong>: #B48<\/span><\/li>\n<\/ul>\n<p><span style=\"font-size: 100%;\">Luxpower z przyjemno\u015bci\u0105 zaprezentuje swoje najnowocze\u015bniejsze rozwi\u0105zania w zakresie magazynowania energii na targach Solar &amp; Storage Live UK 2024. Wraz z rozwojem krajobrazu energetycznego nasze hybrydowe i niezale\u017cne od sieci inwertery s\u0105 projektowane w celu zapewnienia zr\u00f3wnowa\u017conych i wydajnych rozwi\u0105za\u0144 energetycznych zar\u00f3wno do zastosowa\u0144 mieszkaniowych, jak i komercyjnych.<\/span><\/p>\n<a href=\"https:\/\/luxpowertek.com\/pl\/produkty\/\" class=\"button secondary\"  style=\"border-radius:10px;\">\n    <span>Odkryj nasze produkty<\/span>\n  <i class=\"icon-angle-right\" aria-hidden=\"true\" ><\/i><\/a>\n\n\t\t<\/div>\n\t\t\t\t\t<\/div>\n\n\t\n\n\t<div id=\"col-391543441\" class=\"col medium-6 small-12 large-6\"  >\n\t\t\t\t<div class=\"col-inner\"  >\n\t\t\t\n\t\t\t\n\t<div id=\"gap-1090535890\" class=\"gap-element clearfix\" style=\"display:block; height:auto;\">\n\t\t\n<style>\n#gap-1090535890 {\n  padding-top: 30px;\n}\n<\/style>\n\t<\/div>\n\t\n\n  <div class=\"banner has-hover\" id=\"banner-1802521933\">\n          <div class=\"banner-inner fill\">\n        <div class=\"banner-bg fill\" >\n            <div class=\"bg fill bg-fill\"><\/div>\n                                    \n                    <\/div>\n\t\t\n        <div class=\"banner-layers container\">\n            <div class=\"fill banner-link\"><\/div>            \n   <div id=\"text-box-1351413547\" class=\"text-box banner-layer x50 md-x50 lg-x50 y50 md-y50 lg-y50 res-text\">\n                                <div class=\"text-box-content text dark\">\n              \n              <div class=\"text-inner text-center\">\n                  \n              <\/div>\n           <\/div>\n                            \n<style>\n#text-box-1351413547 {\n  width: 60%;\n}\n#text-box-1351413547 .text-box-content {\n  font-size: 100%;\n}\n<\/style>\n    <\/div>\n \n        <\/div>\n      <\/div>\n\n            \n<style>\n#banner-1802521933 {\n  padding-top: 56.25%;\n}\n#banner-1802521933 .bg.bg-loaded {\n  background-image: url(https:\/\/luxpowertek.com\/wp-content\/uploads\/2024\/09\/EU-Series.webp);\n}\n<\/style>\n  <\/div>\n\n\n\t\t<\/div>\n\t\t\t\t\t<\/div>\n\n\t\n<\/div>\n<div class=\"row\"  id=\"row-1582024468\">\n\n\t<div id=\"col-363159472\" class=\"col medium-4 small-12 large-4\"  >\n\t\t\t\t<div class=\"col-inner\"  >\n\t\t\t\n\t\t\t\n\t\t<\/div>\n\t\t\t\t\t<\/div>\n\n\t\n\n\t<div id=\"col-1642530321\" class=\"col medium-4 small-12 large-4\"  >\n\t\t\t\t<div class=\"col-inner\"  >\n\t\t\t\n\t\t\t\n\t\t<\/div>\n\t\t\t\t\t<\/div>\n\n\t\n\n\t<div id=\"col-1113808359\" class=\"col medium-4 small-12 large-4\"  >\n\t\t\t\t<div class=\"col-inner\"  >\n\t\t\t\n\t\t\t\n\t\t<\/div>\n\t\t\t\t\t<\/div>\n\n\t\n<\/div>\n\t<div id=\"gap-1693916005\" class=\"gap-element clearfix\" style=\"display:block; height:auto;\">\n\t\t\n<style>\n#gap-1693916005 {\n  padding-top: 30px;\n}\n<\/style>\n\t<\/div>\n\t\n<div class=\"row\"  id=\"row-499071072\">\n\n\t<div id=\"col-952980772\" class=\"col medium-6 small-12 large-6\"  >\n\t\t\t\t<div class=\"col-inner\"  >\n\t\t\t\n\t\t\t\n<h2>Czego mo\u017cna si\u0119 spodziewa\u0107 w bran\u017cy solarnej i magazynowania energii w Wielkiej Brytanii w 2024 r.<\/h2>\n<ul>\n<li><span style=\"font-size: 100%;\"><strong>Innowacyjne inwertery hybrydowe i niezale\u017cne od sieci<\/strong>:Prezentacja najnowocze\u015bniejszych hybrydowych i niezale\u017cnych od sieci inwerter\u00f3w Luxpower przeznaczonych do zastosowa\u0144 domowych i ma\u0142ych przedsi\u0119biorstw, wykorzystuj\u0105cych technologi\u0119 rozdzielonej fazy.<\/span><\/li>\n<li><span style=\"font-size: 100%;\"><strong>Najnowsze rozwi\u0105zania w zakresie inteligentnego obci\u0105\u017cenia i sprz\u0119gania pr\u0105du przemiennego<\/strong>:W jaki spos\u00f3b inwertery Luxpower mog\u0105 inteligentnie zarz\u0105dza\u0107 zu\u017cyciem energii, integruj\u0105c si\u0119 z r\u00f3\u017cnymi systemami energii odnawialnej.<\/span><\/li>\n<li><span style=\"font-size: 100%;\"><strong>Wprowadzanie nowych produkt\u00f3w<\/strong>:Wprowadzenie do najnowszych modeli produkt\u00f3w SNA 12K off-grid i ich funkcji firmy Luxpower, kt\u00f3re zostan\u0105 zaprezentowane wy\u0142\u0105cznie podczas wydarzenia.<\/span><\/li>\n<\/ul>\n<a href=\"https:\/\/secure.terrapinn.com\/V5\/step2.aspx?q=3759484CPSS&#038;TMID=4251512&#038;EID=10835\" target=\"_blank\" class=\"button secondary\" rel=\"noopener\"  style=\"border-radius:10px;\">\n    <span>Aby otrzyma\u0107 bezp\u0142atne bilety<\/span>\n  <i class=\"icon-angle-right\" aria-hidden=\"true\" ><\/i><\/a>\n\n\t\t<\/div>\n\t\t\t\t\n<style>\n#col-952980772 > .col-inner {\n  padding: 0px 17px 34px 0px;\n}\n<\/style>\n\t<\/div>\n\n\t\n\n\t<div id=\"col-622713242\" class=\"col medium-6 small-12 large-6\"  >\n\t\t\t\t<div class=\"col-inner\"  >\n\t\t\t\n\t\t\t\n<div class=\"slider-wrapper relative\" id=\"slider-232294098\" >\n    <div class=\"slider slider-nav-circle slider-nav-large slider-nav-light slider-style-normal\"\n        data-flickity-options='{            \"cellAlign\": \"center\",            \"imagesLoaded\": true,            \"lazyLoad\": 1,            \"freeScroll\": false,            \"wrapAround\": true,            \"autoPlay\": 6000,            \"pauseAutoPlayOnHover\" : true,            \"prevNextButtons\": true,            \"contain\" : true,            \"adaptiveHeight\" : true,            \"dragThreshold\" : 10,            \"percentPosition\": true,            \"pageDots\": true,            \"rightToLeft\": false,            \"draggable\": true,            \"selectedAttraction\": 0.1,            \"parallax\" : 0,            \"friction\": 0.6        }'\n        >\n        \n\n  <div class=\"banner has-hover\" id=\"banner-737527452\">\n          <div class=\"banner-inner fill\">\n        <div class=\"banner-bg fill\" >\n            <div class=\"bg fill bg-fill\"><\/div>\n                                    \n                    <\/div>\n\t\t\n        <div class=\"banner-layers container\">\n            <div class=\"fill banner-link\"><\/div>            \n   <div id=\"text-box-846610430\" class=\"text-box banner-layer x50 md-x50 lg-x50 y50 md-y50 lg-y50 res-text\">\n                                <div class=\"text-box-content text dark\">\n              \n              <div class=\"text-inner text-center\">\n                  \n              <\/div>\n           <\/div>\n                            \n<style>\n#text-box-846610430 {\n  width: 60%;\n}\n#text-box-846610430 .text-box-content {\n  font-size: 100%;\n}\n<\/style>\n    <\/div>\n \n        <\/div>\n      <\/div>\n\n            \n<style>\n#banner-737527452 {\n  padding-top: 500px;\n}\n#banner-737527452 .bg.bg-loaded {\n  background-image: url(https:\/\/luxpowertek.com\/wp-content\/uploads\/2024\/08\/three-2.webp);\n}\n#banner-737527452 .bg {\n  background-position: 0% 14%;\n}\n<\/style>\n  <\/div>\n\n\n     <\/div>\n\n     <div class=\"loading-spin dark large centered\"><\/div>\n\n\t<\/div>\n\n\n\t\t<\/div>\n\t\t\t\t\t<\/div>\n\n\t\n<\/div>\n\t<div id=\"gap-708850101\" class=\"gap-element clearfix\" style=\"display:block; height:auto;\">\n\t\t\n<style>\n#gap-708850101 {\n  padding-top: 30px;\n}\n<\/style>\n\t<\/div>\n\t\n<div class=\"row\"  id=\"row-1762758270\">\n\n\t<div id=\"col-1136411148\" class=\"col small-12 large-12\"  >\n\t\t\t\t<div class=\"col-inner\"  >\n\t\t\t\n\t\t\t\n\t<div id=\"text-70678282\" class=\"text\">\n\t\t\n<h3>Agenda Luxpower<\/h3>\n\t\t\n<style>\n#text-70678282 {\n  text-align: center;\n}\n<\/style>\n\t<\/div>\n\t\n<ul>\n<li>\n<p><strong>Pokazy produkt\u00f3w<\/strong><\/p>\n<p>Zaprezentujemy nasze najnowsze produkty, w tym: <strong>SNA 12K USA<\/strong> falownik niezale\u017cny od sieci, <strong>Falowniki hybrydowe<\/strong>, I <strong>rozwi\u0105zania w zakresie magazynowania energii<\/strong>. Odwiedzaj\u0105cy mog\u0105 zobaczy\u0107 z pierwszej r\u0119ki, jak nasze systemy bezproblemowo integruj\u0105 si\u0119 z energi\u0105 s\u0142oneczn\u0105, aby zoptymalizowa\u0107 efektywno\u015b\u0107 energetyczn\u0105.<\/li>\n<li>\n<p><strong>Wyja\u015bnienia techniczne i prezentacje na \u017cywo<\/strong><\/p>\n<p>Nasi in\u017cynierowie eksperci b\u0119d\u0105 prowadzi\u0107 pokazy na \u017cywo w wyznaczonych godzinach w ci\u0105gu dnia, oferuj\u0105c szczeg\u00f3\u0142owe wyja\u015bnienia dotycz\u0105ce sposobu dzia\u0142ania naszych produkt\u00f3w. <strong>Inteligentne zarz\u0105dzanie obci\u0105\u017ceniem<\/strong>, <strong>Sprz\u0119g\u0142o AC<\/strong>, I <strong>Integracja portu GEN<\/strong> pracy. To \u015bwietna okazja, aby zrozumie\u0107, jak nasze rozwi\u0105zania pasuj\u0105 do zastosowa\u0144 mieszkaniowych i komercyjnych.<\/li>\n<li>\n<p><strong>Wsparcie techniczne na miejscu<\/strong><\/p>\n<p>Nasz zesp\u00f3\u0142 techniczny b\u0119dzie na miejscu, aby zapewni\u0107 natychmiastowe wsparcie i odpowiedzie\u0107 na wszelkie pytania dotycz\u0105ce produktu. Niezale\u017cnie od tego, czy jeste\u015b dystrybutorem, instalatorem czy u\u017cytkownikiem ko\u0144cowym, nasz zesp\u00f3\u0142 jest gotowy pom\u00f3c w przypadku wszelkich zapyta\u0144 i udzieli\u0107 wskaz\u00f3wek dotycz\u0105cych konfiguracji systemu.<\/li>\n<li>\n<p><strong>Spotkania biznesowe i networking<\/strong><\/p>\n<p>Zapraszamy dystrybutor\u00f3w, instalator\u00f3w i profesjonalist\u00f3w z bran\u017cy do dyskusji na temat potencjalnych wsp\u00f3\u0142prac biznesowych. Nasz zesp\u00f3\u0142 handlowy b\u0119dzie dost\u0119pny przez ca\u0142e wydarzenie, aby zbada\u0107 mo\u017cliwo\u015bci partnerstwa i dostosowa\u0107 rozwi\u0105zania do konkretnych potrzeb rynku.<\/li>\n<li>\n<p><strong>Ekskluzywne Prezentacje Handlowe<\/strong><\/p>\n<p>Ka\u017cdego dnia b\u0119dziemy oferowa\u0107 ekskluzywne sesje skupiaj\u0105ce si\u0119 na tym, jak <strong>Rozwi\u0105zania Luxpower<\/strong> mo\u017ce pom\u00f3c przedsi\u0119biorstwom zwi\u0119kszy\u0107 niezale\u017cno\u015b\u0107 energetyczn\u0105, obni\u017cy\u0107 koszty i osi\u0105gn\u0105\u0107 nowe cele w zakresie zr\u00f3wnowa\u017conego rozwoju.<\/li>\n<\/ul>\n\t\t<\/div>\n\t\t\t\t\t<\/div>\n\n\t\n<\/div>\n\t<div id=\"gap-1842493709\" class=\"gap-element clearfix\" style=\"display:block; height:auto;\">\n\t\t\n<style>\n#gap-1842493709 {\n  padding-top: 30px;\n}\n<\/style>\n\t<\/div>\n\t\n<div class=\"row\"  id=\"row-1173936397\">\n\n\t<div id=\"col-367945434\" class=\"col small-12 large-12\"  >\n\t\t\t\t<div class=\"col-inner\"  >\n\t\t\t\n\t\t\t\n<div class=\"text-center\"><div class=\"is-divider divider clearfix\" style=\"max-width:1080px;\"><\/div><\/div>\n\t\t<\/div>\n\t\t\t\t\t<\/div>\n\n\t\n<\/div>\n\n  <div class=\"banner has-hover\" id=\"banner-1816756283\">\n          <div class=\"banner-inner fill\">\n        <div class=\"banner-bg fill\" >\n            <div class=\"bg fill bg-fill\"><\/div>\n                                    \n                    <\/div>\n\t\t\t<div class=\"ux-shape-divider ux-shape-divider--top ux-shape-divider--style-triangle-opacity\">\n\t\t<svg viewbox=\"0 0 1000 100\" xmlns=\"http:\/\/www.w3.org\/2000\/svg\" preserveaspectratio=\"none\">\n\t<path class=\"ux-shape-fill\" d=\"M1025 100H-25L500 24L1025 100Z\"\/>\n\t<path class=\"ux-shape-fill\" opacity=\"0.3\" d=\"M1025 100H-25L500 0L1025 100Z\"\/>\n<\/svg>\n\t<\/div>\n\n        <div class=\"banner-layers container\">\n            <div class=\"fill banner-link\"><\/div>            \n   <div id=\"text-box-2074395516\" class=\"text-box banner-layer x50 md-x50 lg-x50 y50 md-y50 lg-y50 res-text\">\n                                <div class=\"text-box-content text dark\">\n              \n              <div class=\"text-inner text-center\">\n                  \n<a href=\"https:\/\/secure.terrapinn.com\/V5\/step2.aspx?q=3759484CPSS&#038;TMID=4251512&#038;EID=10835\" target=\"_blank\" class=\"button primary\" rel=\"noopener\"  style=\"border-radius:10px;\">\n    <span>Aby otrzyma\u0107 bezp\u0142atne bilety<\/span>\n  <\/a>\n\n              <\/div>\n           <\/div>\n                            \n<style>\n#text-box-2074395516 {\n  width: 60%;\n}\n#text-box-2074395516 .text-box-content {\n  font-size: 100%;\n}\n<\/style>\n    <\/div>\n \n        <\/div>\n      <\/div>\n\n            \n<style>\n#banner-1816756283 {\n  padding-top: 500px;\n}\n#banner-1816756283 .bg.bg-loaded {\n  background-image: url(https:\/\/luxpowertek.com\/wp-content\/uploads\/2024\/08\/a10-scaled.webp);\n}\n#banner-1816756283 .ux-shape-divider--top svg {\n  height: 150px;\n  --divider-top-width: 100%;\n}\n<\/style>\n  <\/div>\n\n\n\t<div id=\"gap-1210043433\" class=\"gap-element clearfix\" style=\"display:block; height:auto;\">\n\t\t\n<style>\n#gap-1210043433 {\n  padding-top: 54px;\n}\n<\/style>\n\t<\/div>","protected":false},"excerpt":{"rendered":"","protected":false},"author":3,"featured_media":0,"parent":0,"menu_order":0,"comment_status":"closed","ping_status":"closed","template":"page-blank.php","meta":{"rop_custom_images_group":[],"rop_custom_messages_group":[],"rop_publish_now":"initial","rop_publish_now_accounts":[],"rop_publish_now_history":[],"rop_publish_now_status":"pending","footnotes":""},"class_list":["post-13289","page","type-page","status-publish","hentry"],"yoast_head":"<!-- This site is optimized with the Yoast SEO plugin v27.3 - https:\/\/yoast.com\/product\/yoast-seo-wordpress\/ -->\n<title>Solar &amp; Storage UK 2024 -<\/title>\n<meta name=\"robots\" content=\"index, follow, max-snippet:-1, max-image-preview:large, max-video-preview:-1\" \/>\n<link rel=\"canonical\" href=\"https:\/\/luxpowertek.com\/pl\/magazynowanie-energii-slonecznej-uk-2024\/\" \/>\n<meta property=\"og:locale\" content=\"pl_PL\" \/>\n<meta property=\"og:type\" content=\"article\" \/>\n<meta property=\"og:title\" content=\"Solar &amp; Storage UK 2024 -\" \/>\n<meta property=\"og:url\" content=\"https:\/\/luxpowertek.com\/pl\/magazynowanie-energii-slonecznej-uk-2024\/\" \/>\n<meta property=\"article:publisher\" content=\"https:\/\/www.facebook.com\/LUXPOWERTEK\" \/>\n<meta property=\"article:modified_time\" content=\"2024-09-18T13:15:03+00:00\" \/>\n<meta name=\"twitter:card\" content=\"summary_large_image\" \/>\n<script type=\"application\/ld+json\" class=\"yoast-schema-graph\">{\"@context\":\"https:\\\/\\\/schema.org\",\"@graph\":[{\"@type\":\"WebPage\",\"@id\":\"https:\\\/\\\/luxpowertek.com\\\/es\\\/almacenamiento-solar-reino-unido-2024\\\/\",\"url\":\"https:\\\/\\\/luxpowertek.com\\\/es\\\/almacenamiento-solar-reino-unido-2024\\\/\",\"name\":\"Solar & Storage UK 2024 -\",\"isPartOf\":{\"@id\":\"https:\\\/\\\/luxpowertek.com\\\/#website\"},\"datePublished\":\"2024-09-18T10:26:34+00:00\",\"dateModified\":\"2024-09-18T13:15:03+00:00\",\"breadcrumb\":{\"@id\":\"https:\\\/\\\/luxpowertek.com\\\/es\\\/almacenamiento-solar-reino-unido-2024\\\/#breadcrumb\"},\"inLanguage\":\"pl-PL\",\"potentialAction\":[{\"@type\":\"ReadAction\",\"target\":[\"https:\\\/\\\/luxpowertek.com\\\/es\\\/almacenamiento-solar-reino-unido-2024\\\/\"]}]},{\"@type\":\"BreadcrumbList\",\"@id\":\"https:\\\/\\\/luxpowertek.com\\\/es\\\/almacenamiento-solar-reino-unido-2024\\\/#breadcrumb\",\"itemListElement\":[{\"@type\":\"ListItem\",\"position\":1,\"name\":\"Home\",\"item\":\"https:\\\/\\\/luxpowertek.com\\\/\"},{\"@type\":\"ListItem\",\"position\":2,\"name\":\"Solar &#038; Storage UK 2024\"}]},{\"@type\":\"WebSite\",\"@id\":\"https:\\\/\\\/luxpowertek.com\\\/#website\",\"url\":\"https:\\\/\\\/luxpowertek.com\\\/\",\"name\":\"\",\"description\":\"\",\"publisher\":{\"@id\":\"https:\\\/\\\/luxpowertek.com\\\/#organization\"},\"potentialAction\":[{\"@type\":\"SearchAction\",\"target\":{\"@type\":\"EntryPoint\",\"urlTemplate\":\"https:\\\/\\\/luxpowertek.com\\\/?s={search_term_string}\"},\"query-input\":{\"@type\":\"PropertyValueSpecification\",\"valueRequired\":true,\"valueName\":\"search_term_string\"}}],\"inLanguage\":\"pl-PL\"},{\"@type\":\"Organization\",\"@id\":\"https:\\\/\\\/luxpowertek.com\\\/#organization\",\"name\":\"LuxpowerTek\",\"url\":\"https:\\\/\\\/luxpowertek.com\\\/\",\"logo\":{\"@type\":\"ImageObject\",\"inLanguage\":\"pl-PL\",\"@id\":\"https:\\\/\\\/luxpowertek.com\\\/#\\\/schema\\\/logo\\\/image\\\/\",\"url\":\"https:\\\/\\\/luxpowertek.com\\\/wp-content\\\/uploads\\\/2024\\\/08\\\/Luxpower_logo_new.webp\",\"contentUrl\":\"https:\\\/\\\/luxpowertek.com\\\/wp-content\\\/uploads\\\/2024\\\/08\\\/Luxpower_logo_new.webp\",\"width\":1030,\"height\":186,\"caption\":\"LuxpowerTek\"},\"image\":{\"@id\":\"https:\\\/\\\/luxpowertek.com\\\/#\\\/schema\\\/logo\\\/image\\\/\"},\"sameAs\":[\"https:\\\/\\\/www.facebook.com\\\/LUXPOWERTEK\"]}]}<\/script>\n<!-- \/ Yoast SEO plugin. -->","yoast_head_json":{"title":"Energia s\u0142oneczna i magazynowanie energii Wielka Brytania 2024 -","robots":{"index":"index","follow":"follow","max-snippet":"max-snippet:-1","max-image-preview":"max-image-preview:large","max-video-preview":"max-video-preview:-1"},"canonical":"https:\/\/luxpowertek.com\/pl\/magazynowanie-energii-slonecznej-uk-2024\/","og_locale":"pl_PL","og_type":"article","og_title":"Solar & Storage UK 2024 -","og_url":"https:\/\/luxpowertek.com\/pl\/magazynowanie-energii-slonecznej-uk-2024\/","article_publisher":"https:\/\/www.facebook.com\/LUXPOWERTEK","article_modified_time":"2024-09-18T13:15:03+00:00","twitter_card":"summary_large_image","schema":{"@context":"https:\/\/schema.org","@graph":[{"@type":"WebPage","@id":"https:\/\/luxpowertek.com\/es\/almacenamiento-solar-reino-unido-2024\/","url":"https:\/\/luxpowertek.com\/es\/almacenamiento-solar-reino-unido-2024\/","name":"Energia s\u0142oneczna i magazynowanie energii Wielka Brytania 2024 -","isPartOf":{"@id":"https:\/\/luxpowertek.com\/#website"},"datePublished":"2024-09-18T10:26:34+00:00","dateModified":"2024-09-18T13:15:03+00:00","breadcrumb":{"@id":"https:\/\/luxpowertek.com\/es\/almacenamiento-solar-reino-unido-2024\/#breadcrumb"},"inLanguage":"pl-PL","potentialAction":[{"@type":"ReadAction","target":["https:\/\/luxpowertek.com\/es\/almacenamiento-solar-reino-unido-2024\/"]}]},{"@type":"BreadcrumbList","@id":"https:\/\/luxpowertek.com\/es\/almacenamiento-solar-reino-unido-2024\/#breadcrumb","itemListElement":[{"@type":"ListItem","position":1,"name":"Home","item":"https:\/\/luxpowertek.com\/"},{"@type":"ListItem","position":2,"name":"Solar &#038; Storage UK 2024"}]},{"@type":"WebSite","@id":"https:\/\/luxpowertek.com\/#website","url":"https:\/\/luxpowertek.com\/","name":"","description":"","publisher":{"@id":"https:\/\/luxpowertek.com\/#organization"},"potentialAction":[{"@type":"SearchAction","target":{"@type":"EntryPoint","urlTemplate":"https:\/\/luxpowertek.com\/?s={search_term_string}"},"query-input":{"@type":"PropertyValueSpecification","valueRequired":true,"valueName":"search_term_string"}}],"inLanguage":"pl-PL"},{"@type":"Organization","@id":"https:\/\/luxpowertek.com\/#organization","name":"Powietrze","url":"https:\/\/luxpowertek.com\/","logo":{"@type":"ImageObject","inLanguage":"pl-PL","@id":"https:\/\/luxpowertek.com\/#\/schema\/logo\/image\/","url":"https:\/\/luxpowertek.com\/wp-content\/uploads\/2024\/08\/Luxpower_logo_new.webp","contentUrl":"https:\/\/luxpowertek.com\/wp-content\/uploads\/2024\/08\/Luxpower_logo_new.webp","width":1030,"height":186,"caption":"LuxpowerTek"},"image":{"@id":"https:\/\/luxpowertek.com\/#\/schema\/logo\/image\/"},"sameAs":["https:\/\/www.facebook.com\/LUXPOWERTEK"]}]}},"_links":{"self":[{"href":"https:\/\/luxpowertek.com\/pl\/wp-json\/wp\/v2\/pages\/13289","targetHints":{"allow":["GET"]}}],"collection":[{"href":"https:\/\/luxpowertek.com\/pl\/wp-json\/wp\/v2\/pages"}],"about":[{"href":"https:\/\/luxpowertek.com\/pl\/wp-json\/wp\/v2\/types\/page"}],"author":[{"embeddable":true,"href":"https:\/\/luxpowertek.com\/pl\/wp-json\/wp\/v2\/users\/3"}],"replies":[{"embeddable":true,"href":"https:\/\/luxpowertek.com\/pl\/wp-json\/wp\/v2\/comments?post=13289"}],"version-history":[{"count":7,"href":"https:\/\/luxpowertek.com\/pl\/wp-json\/wp\/v2\/pages\/13289\/revisions"}],"predecessor-version":[{"id":13303,"href":"https:\/\/luxpowertek.com\/pl\/wp-json\/wp\/v2\/pages\/13289\/revisions\/13303"}],"wp:attachment":[{"href":"https:\/\/luxpowertek.com\/pl\/wp-json\/wp\/v2\/media?parent=13289"}],"curies":[{"name":"wp","href":"https:\/\/api.w.org\/{rel}","templated":true}]}}