{"id":11452,"date":"2024-08-03T21:50:21","date_gmt":"2024-08-03T13:50:21","guid":{"rendered":"https:\/\/luxpowertek.com\/?page_id=11452"},"modified":"2025-11-07T16:32:09","modified_gmt":"2025-11-07T08:32:09","slug":"aplikacje","status":"publish","type":"page","link":"https:\/\/luxpowertek.com\/pl\/aplikacje\/","title":{"rendered":"Aplikacje"},"content":{"rendered":"<div class=\"banner has-hover\" id=\"banner-148395997\">\n          <div class=\"banner-inner fill\">\n        <div class=\"banner-bg fill\" >\n            <div class=\"bg fill bg-fill\"><\/div>\n                                    \n                    <\/div>\n\t\t\n        <div class=\"banner-layers container\">\n            <div class=\"fill banner-link\"><\/div>            \n   <div id=\"text-box-327255584\" class=\"text-box banner-layer x50 md-x50 lg-x50 y50 md-y50 lg-y50 res-text\">\n                                <div class=\"text-box-content text dark\">\n              \n              <div class=\"text-inner text-center\">\n                  \n              <\/div>\n           <\/div>\n                            \n<style>\n#text-box-327255584 {\n  width: 60%;\n}\n#text-box-327255584 .text-box-content {\n  font-size: 100%;\n}\n<\/style>\n    <\/div>\n \n        <\/div>\n      <\/div>\n\n            \n<style>\n#banner-148395997 {\n  padding-top: 40%;\n}\n#banner-148395997 .bg.bg-loaded {\n  background-image: url(https:\/\/luxpowertek.com\/wp-content\/uploads\/2024\/07\/Case-Study-scaled.webp);\n}\n<\/style>\n  <\/div>\n\n\n\t<section class=\"section\" id=\"section_96660544\">\n\t\t<div class=\"bg section-bg fill bg-fill  bg-loaded\" >\n\n\t\t\t\n\t\t\t\n\t\t\t\n\n\t\t<\/div>\n\n\t\t\n\n\t\t<div class=\"section-content relative\">\n\t\t\t\n<div class=\"row\"  id=\"row-373827872\">\n\n\t<div id=\"col-1879755504\" class=\"col small-12 large-12\"  >\n\t\t\t\t<div class=\"col-inner\"  >\n\t\t\t\n\t\t\t\n\t<div id=\"text-645554264\" class=\"text\">\n\t\t\n<h1 class=\"lead\"><span style=\"font-size: 115%;\"><strong>Przypadki klient\u00f3w<\/strong><\/span><\/h1>\n\t\t\n<style>\n#text-645554264 {\n  text-align: center;\n}\n<\/style>\n\t<\/div>\n\t\n\t\t<\/div>\n\t\t\t\t\t<\/div>\n\n\t\n<\/div>\n<div class=\"row\"  id=\"row-809167552\">\n\n\t<div id=\"col-1233300855\" class=\"col medium-4 small-12 large-4\"  >\n\t\t\t\t<div class=\"col-inner\" style=\"background-color:rgb(255,255,255);\" >\n\t\t\t\n\t\t\t\n<div class=\"row\"  id=\"row-1511411219\">\n\n\t<div id=\"col-527376386\" class=\"col small-12 large-12\"  >\n\t\t\t\t<div class=\"col-inner\"  >\n\t\t\t\n\t\t\t\n\t<div class=\"box has-hover   has-hover box-text-bottom\" >\n\n\t\t<div class=\"box-image\" >\n\t\t\t\t\t\t<div class=\"image-cover\" style=\"padding-top:100%;\">\n\t\t\t\t<img loading=\"lazy\" decoding=\"async\" width=\"1440\" height=\"1080\" src=\"https:\/\/luxpowertek.com\/wp-content\/uploads\/2024\/07\/Japan-case.webp\" class=\"attachment-original size-original\" alt=\"\" srcset=\"https:\/\/luxpowertek.com\/wp-content\/uploads\/2024\/07\/Japan-case.webp 1440w, https:\/\/luxpowertek.com\/wp-content\/uploads\/2024\/07\/Japan-case-300x225.webp 300w, https:\/\/luxpowertek.com\/wp-content\/uploads\/2024\/07\/Japan-case-1030x773.webp 1030w, https:\/\/luxpowertek.com\/wp-content\/uploads\/2024\/07\/Japan-case-768x576.webp 768w, https:\/\/luxpowertek.com\/wp-content\/uploads\/2024\/07\/Japan-case-510x383.webp 510w\" sizes=\"auto, (max-width: 1440px) 100vw, 1440px\" \/>\t\t\t\t\t\t\t\t\t\t\t<\/div>\n\t\t\t\t\t<\/div>\n\n\t\t<div class=\"box-text text-center\" >\n\t\t\t<div class=\"box-text-inner\">\n\t\t\t\t\n\t<div id=\"text-3811827801\" class=\"text\">\n\t\t\n<p class=\"lead\" style=\"text-align: center;\"><strong>LSP 100K w Japonii<\/strong><\/p>\n<p class=\"lead\" style=\"text-align: center;\"><strong><span style=\"color: #63ad80;\">Farma fotowoltaiczna 3,6 MWh<\/span><\/strong><\/p>\n<p class=\"lead\"><span style=\"font-size: 90%;\">Ta farma s\u0142oneczna w Japonii, sk\u0142adaj\u0105ca si\u0119 z 9 jednostek Luxpower 100K, zosta\u0142a przekszta\u0142cona w elektrowni\u0119 pr\u0105du sta\u0142ego, kt\u00f3ra mo\u017ce przetwarza\u0107 1,8 MW energii fotowoltaicznej i \u0142adowa\u0107 akumulatory moc\u0105 do 900 kW.<\/span><\/p>\n<p>\u00a0<\/p>\n<p>\u00a0<\/p>\n<p>\u00a0<\/p>\n<p>\u00a0<\/p>\n\t\t\n<style>\n#text-3811827801 {\n  text-align: left;\n}\n<\/style>\n\t<\/div>\n\t\n<a href=\"https:\/\/www.tiktok.com\/t\/ZTN9ojcxU\/\" class=\"button secondary is-outline is-large\"  style=\"border-radius:99px;\">\n    <span>Zobacz wi\u0119cej<\/span>\n  <\/a>\n\n\t\t\t<\/div>\n\t\t<\/div>\n\t<\/div>\n\t\n\t\t<\/div>\n\t\t\t\t\t<\/div>\n\n\t\n\n<style>\n#row-1511411219 > .col > .col-inner {\n  background-color: rgba(9, 1, 1, 0.116);\n  border-radius: 15px;\n}\n<\/style>\n<\/div>\n\t\t<\/div>\n\t\t\t\t\t<\/div>\n\n\t\n\n\t<div id=\"col-86695794\" class=\"col medium-4 small-12 large-4\"  >\n\t\t\t\t<div class=\"col-inner\"  >\n\t\t\t\n\t\t\t\n<div class=\"row\"  id=\"row-1979760801\">\n\n\t<div id=\"col-59510045\" class=\"col small-12 large-12\"  >\n\t\t\t\t<div class=\"col-inner\"  >\n\t\t\t\n\t\t\t\n\t<div class=\"box has-hover   has-hover box-text-bottom\" >\n\n\t\t<div class=\"box-image\" >\n\t\t\t\t\t\t<div class=\"image-cover\" style=\"padding-top:100%;\">\n\t\t\t\t<img loading=\"lazy\" decoding=\"async\" width=\"1440\" height=\"1080\" src=\"https:\/\/luxpowertek.com\/wp-content\/uploads\/2024\/07\/UK-case.webp\" class=\"attachment-original size-original\" alt=\"\" srcset=\"https:\/\/luxpowertek.com\/wp-content\/uploads\/2024\/07\/UK-case.webp 1440w, https:\/\/luxpowertek.com\/wp-content\/uploads\/2024\/07\/UK-case-300x225.webp 300w, https:\/\/luxpowertek.com\/wp-content\/uploads\/2024\/07\/UK-case-1030x773.webp 1030w, https:\/\/luxpowertek.com\/wp-content\/uploads\/2024\/07\/UK-case-768x576.webp 768w, https:\/\/luxpowertek.com\/wp-content\/uploads\/2024\/07\/UK-case-510x383.webp 510w\" sizes=\"auto, (max-width: 1440px) 100vw, 1440px\" \/>\t\t\t\t\t\t\t\t\t\t\t<\/div>\n\t\t\t\t\t<\/div>\n\n\t\t<div class=\"box-text text-center\" >\n\t\t\t<div class=\"box-text-inner\">\n\t\t\t\t\n\t<div id=\"text-1613740728\" class=\"text\">\n\t\t\n<p class=\"lead\" style=\"text-align: center;\"><strong>TriP 20K w Wielkiej Brytanii<\/strong><\/p>\n<p class=\"lead\" style=\"text-align: center;\"><span style=\"color: #63ad80;\"><strong>76,8 kWh PV&amp;ESS Pole kempingowe<\/strong><\/span><\/p>\n<p class=\"lead\"><span style=\"font-size: 80%;\">Obejrzyj instalacj\u0119 dw\u00f3ch jednostek hybrydowego inwertera magazynuj\u0105cego energi\u0119 Luxpower 3-fazowego TriP 6-20K w Wielkiej Brytanii, zasilaj\u0105cych pole kempingowe ca\u0142kowicie niezale\u017cne od sieci!<\/span><\/p>\n<p class=\"lead\"><span style=\"font-size: 80%;\">Dzi\u0119ki solidnej konstrukcji urz\u0105dzenie obs\u0142uguje moc wej\u015bciow\u0105 PV 30 kW i dostarcza moc wyj\u015bciow\u0105 UPS 20 kW, gwarantuj\u0105c niezawodn\u0105 prac\u0119 zar\u00f3wno w zastosowaniach mieszkaniowych, jak i komercyjnych.<\/span><\/p>\n\t\t\n<style>\n#text-1613740728 {\n  text-align: left;\n}\n<\/style>\n\t<\/div>\n\t\n<a class=\"button secondary is-outline is-large\"  style=\"border-radius:99px;\">\n    <span>Zobacz wi\u0119cej<\/span>\n  <\/a>\n\n\t\t\t<\/div>\n\t\t<\/div>\n\t<\/div>\n\t\n\t\t<\/div>\n\t\t\t\t\t<\/div>\n\n\t\n\n<style>\n#row-1979760801 > .col > .col-inner {\n  background-color: rgba(9, 1, 1, 0.116);\n  border-radius: 15px;\n}\n<\/style>\n<\/div>\n\t\t<\/div>\n\t\t\t\t\t<\/div>\n\n\t\n\n\t<div id=\"col-1132992261\" class=\"col medium-4 small-12 large-4\"  >\n\t\t\t\t<div class=\"col-inner\"  >\n\t\t\t\n\t\t\t\n<div class=\"row\"  id=\"row-1829746895\">\n\n\t<div id=\"col-1008076501\" class=\"col small-12 large-12\"  >\n\t\t\t\t<div class=\"col-inner\"  >\n\t\t\t\n\t\t\t\n\t<div class=\"box has-hover   has-hover box-text-bottom\" >\n\n\t\t<div class=\"box-image\" >\n\t\t\t\t\t\t<div class=\"\" >\n\t\t\t\t<img loading=\"lazy\" decoding=\"async\" width=\"1280\" height=\"1280\" src=\"https:\/\/luxpowertek.com\/wp-content\/uploads\/2024\/07\/Vietnam-case.webp\" class=\"attachment-original size-original\" alt=\"\" srcset=\"https:\/\/luxpowertek.com\/wp-content\/uploads\/2024\/07\/Vietnam-case.webp 1280w, https:\/\/luxpowertek.com\/wp-content\/uploads\/2024\/07\/Vietnam-case-300x300.webp 300w, https:\/\/luxpowertek.com\/wp-content\/uploads\/2024\/07\/Vietnam-case-1030x1030.webp 1030w, https:\/\/luxpowertek.com\/wp-content\/uploads\/2024\/07\/Vietnam-case-80x80.webp 80w, https:\/\/luxpowertek.com\/wp-content\/uploads\/2024\/07\/Vietnam-case-768x768.webp 768w, https:\/\/luxpowertek.com\/wp-content\/uploads\/2024\/07\/Vietnam-case-510x510.webp 510w, https:\/\/luxpowertek.com\/wp-content\/uploads\/2024\/07\/Vietnam-case-100x100.webp 100w\" sizes=\"auto, (max-width: 1280px) 100vw, 1280px\" \/>\t\t\t\t\t\t\t\t\t\t\t<\/div>\n\t\t\t\t\t<\/div>\n\n\t\t<div class=\"box-text text-center\" >\n\t\t\t<div class=\"box-text-inner\">\n\t\t\t\t\n\t<div id=\"text-2419140297\" class=\"text\">\n\t\t\n<p class=\"lead\" style=\"text-align: center;\"><strong>LXP-EU 10K w Wietnamie<\/strong><\/p>\n<p class=\"lead\" style=\"text-align: center;\"><span style=\"color: #63ad80;\"><strong>Rozbudowa systemu z 3 do 7 jednostek<\/strong><\/span><\/p>\n<p class=\"lead\"><span style=\"font-size: 80%;\">W ci\u0105gu ostatnich czterech miesi\u0119cy nasi klienci wyruszyli w ekscytuj\u0105c\u0105 podr\u00f3\u017c transformacji energetycznej. Zdecydowali si\u0119 zainstalowa\u0107 3 jednostki falownik\u00f3w solarnych LXP-EU 10K i osi\u0105gn\u0119li generacj\u0119 energii pod\u0142\u0105czon\u0105 do sieci. Wraz ze wzrostem popytu skala systemu nadal si\u0119 powi\u0119ksza\u0142a, z pocz\u0105tkowych 3 falownik\u00f3w do 5, a ostatecznie do 7.\u00a0<\/span><\/p>\n\t\t\n<style>\n#text-2419140297 {\n  text-align: left;\n}\n<\/style>\n\t<\/div>\n\t\n<a href=\"https:\/\/www.tiktok.com\/t\/ZTNx1dcTC\/\" class=\"button secondary is-outline is-large\"  style=\"border-radius:99px;\">\n    <span>Zobacz wi\u0119cej<\/span>\n  <\/a>\n\n\t\t\t<\/div>\n\t\t<\/div>\n\t<\/div>\n\t\n\t\t<\/div>\n\t\t\t\t\t<\/div>\n\n\t\n\n<style>\n#row-1829746895 > .col > .col-inner {\n  background-color: rgba(9, 1, 1, 0.116);\n  border-radius: 15px;\n}\n<\/style>\n<\/div>\n\t\t<\/div>\n\t\t\t\t\t<\/div>\n\n\t\n<\/div>\n<div class=\"row\"  id=\"row-614395947\">\n\n\t<div id=\"col-103185395\" class=\"col medium-4 small-12 large-4\"  >\n\t\t\t\t<div class=\"col-inner\"  >\n\t\t\t\n\t\t\t\n<div class=\"row\"  id=\"row-178889397\">\n\n\t<div id=\"col-694258234\" class=\"col small-12 large-12\"  >\n\t\t\t\t<div class=\"col-inner\"  >\n\t\t\t\n\t\t\t\n\t<div class=\"box has-hover   has-hover box-text-bottom\" >\n\n\t\t<div class=\"box-image\" >\n\t\t\t\t\t\t<div class=\"image-cover\" style=\"padding-top:100%;\">\n\t\t\t\t<img loading=\"lazy\" decoding=\"async\" width=\"1200\" height=\"1600\" src=\"https:\/\/luxpowertek.com\/wp-content\/uploads\/2024\/07\/Lebanon-case.webp\" class=\"attachment-original size-original\" alt=\"\" srcset=\"https:\/\/luxpowertek.com\/wp-content\/uploads\/2024\/07\/Lebanon-case.webp 1200w, https:\/\/luxpowertek.com\/wp-content\/uploads\/2024\/07\/Lebanon-case-225x300.webp 225w, https:\/\/luxpowertek.com\/wp-content\/uploads\/2024\/07\/Lebanon-case-773x1030.webp 773w, https:\/\/luxpowertek.com\/wp-content\/uploads\/2024\/07\/Lebanon-case-768x1024.webp 768w, https:\/\/luxpowertek.com\/wp-content\/uploads\/2024\/07\/Lebanon-case-1152x1536.webp 1152w, https:\/\/luxpowertek.com\/wp-content\/uploads\/2024\/07\/Lebanon-case-510x680.webp 510w\" sizes=\"auto, (max-width: 1200px) 100vw, 1200px\" \/>\t\t\t\t\t\t\t\t\t\t\t<\/div>\n\t\t\t\t\t<\/div>\n\n\t\t<div class=\"box-text text-center\" >\n\t\t\t<div class=\"box-text-inner\">\n\t\t\t\t\n\t<div id=\"text-291840863\" class=\"text\">\n\t\t\n<p class=\"lead\" style=\"text-align: center;\"><strong>LXP 12K w Libanie<\/strong><\/p>\n<h4><\/h4>\n<p class=\"lead\" style=\"text-align: center;\"><span style=\"color: #63ad80;\"><strong>30 kWh zapasowa bateria ca\u0142ego domu<\/strong><\/span><\/p>\n<p>Dzi\u0119ki systemowi akumulator\u00f3w o mocy 30 kWh i inteligentnemu zarz\u0105dzaniu przez hybrydowy inwerter Luxpower LXP 12 kW urz\u0105dzenie skutecznie hartuje \u015br\u00f3dziemnomorskie s\u0142o\u0144ce, zapewniaj\u0105c bezproblemowe zasilanie ca\u0142ego domu.<br \/>\n\t\t\n<style>\n#text-291840863 {\n  text-align: left;\n}\n<\/style>\n\t<\/div>\n\t\n<a href=\"https:\/\/www.tiktok.com\/t\/ZTNx1x38T\/\" class=\"button secondary is-outline is-large\"  style=\"border-radius:99px;\">\n    <span>Zobacz wi\u0119cej<\/span>\n  <\/a>\n\n\t\t\t<\/div>\n\t\t<\/div>\n\t<\/div>\n\t\n\t\t<\/div>\n\t\t\t\t\t<\/div>\n\n\t\n\n<style>\n#row-178889397 > .col > .col-inner {\n  background-color: rgba(9, 1, 1, 0.116);\n  border-radius: 15px;\n}\n<\/style>\n<\/div>\n\t\t<\/div>\n\t\t\t\t\t<\/div>\n\n\t\n\n\t<div id=\"col-1058057528\" class=\"col medium-4 small-12 large-4\"  >\n\t\t\t\t<div class=\"col-inner\"  >\n\t\t\t\n\t\t\t\n<div class=\"row\"  id=\"row-1622475780\">\n\n\t<div id=\"col-1415910699\" class=\"col small-12 large-12\"  >\n\t\t\t\t<div class=\"col-inner\"  >\n\t\t\t\n\t\t\t\n\t<div class=\"box has-hover   has-hover box-text-bottom\" >\n\n\t\t<div class=\"box-image\" >\n\t\t\t\t\t\t<div class=\"image-cover\" style=\"padding-top:100%;\">\n\t\t\t\t<img loading=\"lazy\" decoding=\"async\" width=\"1284\" height=\"963\" src=\"https:\/\/luxpowertek.com\/wp-content\/uploads\/2024\/07\/CA-Case.webp\" class=\"attachment-original size-original\" alt=\"\" srcset=\"https:\/\/luxpowertek.com\/wp-content\/uploads\/2024\/07\/CA-Case.webp 1284w, https:\/\/luxpowertek.com\/wp-content\/uploads\/2024\/07\/CA-Case-300x225.webp 300w, https:\/\/luxpowertek.com\/wp-content\/uploads\/2024\/07\/CA-Case-1030x773.webp 1030w, https:\/\/luxpowertek.com\/wp-content\/uploads\/2024\/07\/CA-Case-768x576.webp 768w, https:\/\/luxpowertek.com\/wp-content\/uploads\/2024\/07\/CA-Case-510x383.webp 510w\" sizes=\"auto, (max-width: 1284px) 100vw, 1284px\" \/>\t\t\t\t\t\t\t\t\t\t\t<\/div>\n\t\t\t\t\t<\/div>\n\n\t\t<div class=\"box-text text-center\" >\n\t\t\t<div class=\"box-text-inner\">\n\t\t\t\t\n\t<div id=\"text-4166589969\" class=\"text\">\n\t\t\n<p class=\"lead\" style=\"text-align: center;\"><strong>LXP-US 10K w Kalifornii<\/strong><\/p>\n<h4><\/h4>\n<p class=\"lead\" style=\"text-align: center;\"><span style=\"color: #63ad80;\"><strong>System 20 kWh dla ca\u0142ego magazynu<\/strong><\/span><\/p>\n<p>Zapewnili\u015bmy niezawodne wsparcie energetyczne dla ma\u0142ego magazynu. Zainstalowali\u015bmy falownik LXP-LB-US 10K, wyposa\u017cony w dwa zestawy baterii 10 kWh, o \u0142\u0105cznej pojemno\u015bci magazynowej 20 kWh. Ten system zapewnia ci\u0105g\u0142e wsparcie energetyczne dla magazynu, pomagaj\u0105c obni\u017cy\u0107 koszty energii i zale\u017cno\u015b\u0107 od tradycyjnej sieci.<br \/>\n\t\t\n<style>\n#text-4166589969 {\n  text-align: left;\n}\n<\/style>\n\t<\/div>\n\t\n<a href=\"https:\/\/www.tiktok.com\/t\/ZTNx1x38T\/\" class=\"button secondary is-outline is-large\"  style=\"border-radius:99px;\">\n    <span>Zobacz wi\u0119cej<\/span>\n  <\/a>\n\n\t\t\t<\/div>\n\t\t<\/div>\n\t<\/div>\n\t\n\t\t<\/div>\n\t\t\t\t\t<\/div>\n\n\t\n\n<style>\n#row-1622475780 > .col > .col-inner {\n  background-color: rgba(9, 1, 1, 0.116);\n  border-radius: 15px;\n}\n<\/style>\n<\/div>\n\t\t<\/div>\n\t\t\t\t\t<\/div>\n\n\t\n<\/div>\n\t\t<\/div>\n\n\t\t\n<style>\n#section_96660544 {\n  padding-top: 30px;\n  padding-bottom: 30px;\n}\n<\/style>\n\t<\/section>","protected":false},"excerpt":{"rendered":"","protected":false},"author":1,"featured_media":0,"parent":0,"menu_order":0,"comment_status":"closed","ping_status":"closed","template":"page-blank.php","meta":{"rop_custom_images_group":[],"rop_custom_messages_group":[],"rop_publish_now":"initial","rop_publish_now_accounts":[],"rop_publish_now_history":[],"rop_publish_now_status":"pending","footnotes":""},"class_list":["post-11452","page","type-page","status-publish","hentry"],"yoast_head":"<!-- This site is optimized with the Yoast SEO plugin v27.3 - https:\/\/yoast.com\/product\/yoast-seo-wordpress\/ -->\n<title>Customer Cases - Luxpower<\/title>\n<meta name=\"description\" content=\"Click here to view real cases of using our solar inverters in various countries.\" \/>\n<meta name=\"robots\" content=\"index, follow, max-snippet:-1, max-image-preview:large, max-video-preview:-1\" \/>\n<link rel=\"canonical\" href=\"https:\/\/luxpowertek.com\/pl\/aplikacje\/\" \/>\n<meta property=\"og:locale\" content=\"pl_PL\" \/>\n<meta property=\"og:type\" content=\"article\" \/>\n<meta property=\"og:title\" content=\"Customer Cases - Luxpower\" \/>\n<meta property=\"og:description\" content=\"Click here to view real cases of using our solar inverters in various countries.\" \/>\n<meta property=\"og:url\" content=\"https:\/\/luxpowertek.com\/pl\/aplikacje\/\" \/>\n<meta property=\"article:modified_time\" content=\"2025-11-07T08:32:09+00:00\" \/>\n<meta name=\"twitter:card\" content=\"summary_large_image\" \/>\n<meta name=\"twitter:label1\" content=\"Est. reading time\" \/>\n\t<meta name=\"twitter:data1\" content=\"2 minuty\" \/>\n<script type=\"application\/ld+json\" class=\"yoast-schema-graph\">{\"@context\":\"https:\\\/\\\/schema.org\",\"@graph\":[{\"@type\":\"WebPage\",\"@id\":\"https:\\\/\\\/luxpowertek.com\\\/applications\\\/\",\"url\":\"https:\\\/\\\/luxpowertek.com\\\/applications\\\/\",\"name\":\"Customer Cases - Luxpower\",\"isPartOf\":{\"@id\":\"https:\\\/\\\/luxpowertek.com\\\/#website\"},\"datePublished\":\"2024-08-03T13:50:21+00:00\",\"dateModified\":\"2025-11-07T08:32:09+00:00\",\"description\":\"Click here to view real cases of using our solar inverters in various countries.\",\"breadcrumb\":{\"@id\":\"https:\\\/\\\/luxpowertek.com\\\/applications\\\/#breadcrumb\"},\"inLanguage\":\"pl-PL\",\"potentialAction\":[{\"@type\":\"ReadAction\",\"target\":[\"https:\\\/\\\/luxpowertek.com\\\/applications\\\/\"]}]},{\"@type\":\"BreadcrumbList\",\"@id\":\"https:\\\/\\\/luxpowertek.com\\\/applications\\\/#breadcrumb\",\"itemListElement\":[{\"@type\":\"ListItem\",\"position\":1,\"name\":\"Home\",\"item\":\"https:\\\/\\\/luxpowertek.com\\\/\"},{\"@type\":\"ListItem\",\"position\":2,\"name\":\"Applications\"}]},{\"@type\":\"WebSite\",\"@id\":\"https:\\\/\\\/luxpowertek.com\\\/#website\",\"url\":\"https:\\\/\\\/luxpowertek.com\\\/\",\"name\":\"\",\"description\":\"\",\"potentialAction\":[{\"@type\":\"SearchAction\",\"target\":{\"@type\":\"EntryPoint\",\"urlTemplate\":\"https:\\\/\\\/luxpowertek.com\\\/?s={search_term_string}\"},\"query-input\":{\"@type\":\"PropertyValueSpecification\",\"valueRequired\":true,\"valueName\":\"search_term_string\"}}],\"inLanguage\":\"pl-PL\"}]}<\/script>\n<!-- \/ Yoast SEO plugin. -->","yoast_head_json":{"title":"Przypadki klient\u00f3w - Luxpower","description":"Kliknij tutaj, aby zapozna\u0107 si\u0119 z rzeczywistymi przypadkami wykorzystania naszych inwerter\u00f3w solarnych w r\u00f3\u017cnych krajach.","robots":{"index":"index","follow":"follow","max-snippet":"max-snippet:-1","max-image-preview":"max-image-preview:large","max-video-preview":"max-video-preview:-1"},"canonical":"https:\/\/luxpowertek.com\/pl\/aplikacje\/","og_locale":"pl_PL","og_type":"article","og_title":"Customer Cases - Luxpower","og_description":"Click here to view real cases of using our solar inverters in various countries.","og_url":"https:\/\/luxpowertek.com\/pl\/aplikacje\/","article_modified_time":"2025-11-07T08:32:09+00:00","twitter_card":"summary_large_image","twitter_misc":{"Est. reading time":"2 minuty"},"schema":{"@context":"https:\/\/schema.org","@graph":[{"@type":"WebPage","@id":"https:\/\/luxpowertek.com\/applications\/","url":"https:\/\/luxpowertek.com\/applications\/","name":"Przypadki klient\u00f3w - Luxpower","isPartOf":{"@id":"https:\/\/luxpowertek.com\/#website"},"datePublished":"2024-08-03T13:50:21+00:00","dateModified":"2025-11-07T08:32:09+00:00","description":"Kliknij tutaj, aby zapozna\u0107 si\u0119 z rzeczywistymi przypadkami wykorzystania naszych inwerter\u00f3w solarnych w r\u00f3\u017cnych krajach.","breadcrumb":{"@id":"https:\/\/luxpowertek.com\/applications\/#breadcrumb"},"inLanguage":"pl-PL","potentialAction":[{"@type":"ReadAction","target":["https:\/\/luxpowertek.com\/applications\/"]}]},{"@type":"BreadcrumbList","@id":"https:\/\/luxpowertek.com\/applications\/#breadcrumb","itemListElement":[{"@type":"ListItem","position":1,"name":"Home","item":"https:\/\/luxpowertek.com\/"},{"@type":"ListItem","position":2,"name":"Applications"}]},{"@type":"WebSite","@id":"https:\/\/luxpowertek.com\/#website","url":"https:\/\/luxpowertek.com\/","name":"","description":"","potentialAction":[{"@type":"SearchAction","target":{"@type":"EntryPoint","urlTemplate":"https:\/\/luxpowertek.com\/?s={search_term_string}"},"query-input":{"@type":"PropertyValueSpecification","valueRequired":true,"valueName":"search_term_string"}}],"inLanguage":"pl-PL"}]}},"_links":{"self":[{"href":"https:\/\/luxpowertek.com\/pl\/wp-json\/wp\/v2\/pages\/11452","targetHints":{"allow":["GET"]}}],"collection":[{"href":"https:\/\/luxpowertek.com\/pl\/wp-json\/wp\/v2\/pages"}],"about":[{"href":"https:\/\/luxpowertek.com\/pl\/wp-json\/wp\/v2\/types\/page"}],"author":[{"embeddable":true,"href":"https:\/\/luxpowertek.com\/pl\/wp-json\/wp\/v2\/users\/1"}],"replies":[{"embeddable":true,"href":"https:\/\/luxpowertek.com\/pl\/wp-json\/wp\/v2\/comments?post=11452"}],"version-history":[{"count":10,"href":"https:\/\/luxpowertek.com\/pl\/wp-json\/wp\/v2\/pages\/11452\/revisions"}],"predecessor-version":[{"id":16466,"href":"https:\/\/luxpowertek.com\/pl\/wp-json\/wp\/v2\/pages\/11452\/revisions\/16466"}],"wp:attachment":[{"href":"https:\/\/luxpowertek.com\/pl\/wp-json\/wp\/v2\/media?parent=11452"}],"curies":[{"name":"wp","href":"https:\/\/api.w.org\/{rel}","templated":true}]}}