{"id":9146,"date":"2024-06-08T15:35:40","date_gmt":"2024-06-08T07:35:40","guid":{"rendered":"https:\/\/luxpowertek.com\/?page_id=9146"},"modified":"2025-11-07T16:24:18","modified_gmt":"2025-11-07T08:24:18","slug":"registratore-dati-di-prodotto-wlan","status":"publish","type":"page","link":"https:\/\/luxpowertek.com\/it\/registratore-dati-di-prodotto-wlan\/","title":{"rendered":"WLAN"},"content":{"rendered":"<section class=\"section hide-for-small\" id=\"section_1457233097\">\n\t\t<div class=\"bg section-bg fill bg-fill  bg-loaded\" >\n\n\t\t\t\n\t\t\t\n\t\t\t\n\n\t\t<\/div>\n\n\t\t\n\n\t\t<div class=\"section-content relative\">\n\t\t\t\n\n  <div class=\"banner has-hover\" id=\"banner-1128761389\">\n          <div class=\"banner-inner fill\">\n        <div class=\"banner-bg fill\" >\n            <div class=\"bg fill bg-fill\"><\/div>\n                        <div class=\"overlay\"><\/div>            \n                    <\/div>\n\t\t\n        <div class=\"banner-layers container\">\n            <div class=\"fill banner-link\"><\/div>            \n   <div id=\"text-box-343367166\" class=\"text-box banner-layer x50 md-x50 lg-x50 y50 md-y50 lg-y50 res-text\">\n                                <div class=\"text-box-content text dark\">\n              \n              <div class=\"text-inner text-center\">\n                  \n<h1 class=\"uppercase lead\"><span style=\"font-size: 75%; color: #282828;\"><strong>WLAN<\/strong><\/span><\/h1>\n<p class=\"uppercase lead\"><span style=\"color: #282828;\">Modulo di comunicazione<\/span><\/p>\n              <\/div>\n           <\/div>\n                            \n<style>\n#text-box-343367166 {\n  width: 65%;\n}\n#text-box-343367166 .text-box-content {\n  font-size: 100%;\n}\n<\/style>\n    <\/div>\n \n        <\/div>\n      <\/div>\n\n            \n<style>\n#banner-1128761389 {\n  padding-top: 30%;\n}\n#banner-1128761389 .overlay {\n  background-color: rgb(255, 255, 255);\n}\n<\/style>\n  <\/div>\n\n\n\n  <div class=\"banner has-hover\" id=\"banner-351988787\">\n          <div class=\"banner-inner fill\">\n        <div class=\"banner-bg fill\" >\n            <div class=\"bg fill bg-fill\"><\/div>\n                        <div class=\"overlay\"><\/div>            \n                    <\/div>\n\t\t\n        <div class=\"banner-layers container\">\n            <div class=\"fill banner-link\"><\/div>            \n   <div id=\"text-box-1779028173\" class=\"text-box banner-layer x5 md-x5 lg-x5 y15 md-y15 lg-y15 res-text\">\n                                <div class=\"text-box-content text dark\">\n              \n              <div class=\"text-inner text-center\">\n                  \n<p><span style=\"color: #282828;\">Il modulo di comunicazione WLAN di Luxpower utilizza una porta USB, consentendo una connessione plug-and-play. Questo modulo \u00e8 adatto alle aree coperte da segnali di rete locale (LAN), garantendo una raccolta dati pi\u00f9 rapida, ampia e affidabile. Pu\u00f2 trasmettere al sistema di monitoraggio LuxCloud i dati operativi in tempo reale delle centrali fotovoltaiche e delle batterie di accumulo dell'energia, facilitando un'analisi accurata e completa dei dati, nonch\u00e9 la segnalazione e la gestione dei guasti. Il sistema LuxCloud pu\u00f2 impartire comandi di controllo all'inverter, consentendo una gestione stabile, affidabile e intelligente delle operazioni della centrale fotovoltaica e dei servizi di manutenzione.<\/span><\/p>\n<a href=\"https:\/\/luxpowertek.com\/wp-content\/uploads\/2024\/07\/02-03-01-DL-WLAN-Quick-Setting-Guidance_20230910.pdf\" class=\"button secondary\"  style=\"border-radius:10px;\">\n    <span>Scarica il manuale d'uso<\/span>\n  <\/a>\n\n              <\/div>\n           <\/div>\n                            \n<style>\n#text-box-1779028173 {\n  width: 52%;\n}\n#text-box-1779028173 .text-box-content {\n  font-size: 100%;\n}\n<\/style>\n    <\/div>\n \n   <div id=\"text-box-1074578469\" class=\"text-box banner-layer x100 md-x100 lg-x100 y50 md-y50 lg-y50 res-text\">\n                                <div class=\"text-box-content text dark\">\n              \n              <div class=\"text-inner text-center\">\n                  \n\t<div class=\"img has-hover x md-x lg-x y md-y lg-y\" id=\"image_1432328012\">\n\t\t\t\t\t\t\t\t<div class=\"img-inner dark\" >\n\t\t\t<img loading=\"lazy\" decoding=\"async\" width=\"2560\" height=\"1920\" src=\"https:\/\/luxpowertek.com\/wp-content\/uploads\/2024\/07\/WLAN-1-scaled.webp\" class=\"attachment-original size-original\" alt=\"\" srcset=\"https:\/\/luxpowertek.com\/wp-content\/uploads\/2024\/07\/WLAN-1-scaled.webp 2560w, https:\/\/luxpowertek.com\/wp-content\/uploads\/2024\/07\/WLAN-1-300x225.webp 300w, https:\/\/luxpowertek.com\/wp-content\/uploads\/2024\/07\/WLAN-1-1030x773.webp 1030w, https:\/\/luxpowertek.com\/wp-content\/uploads\/2024\/07\/WLAN-1-768x576.webp 768w, https:\/\/luxpowertek.com\/wp-content\/uploads\/2024\/07\/WLAN-1-1536x1152.webp 1536w, https:\/\/luxpowertek.com\/wp-content\/uploads\/2024\/07\/WLAN-1-2048x1536.webp 2048w, https:\/\/luxpowertek.com\/wp-content\/uploads\/2024\/07\/WLAN-1-510x383.webp 510w\" sizes=\"auto, (max-width: 2560px) 100vw, 2560px\" \/>\t\t\t\t\t\t\n\t\t\t\t\t<\/div>\n\t\t\t\t\t\t\t\t\n<style>\n#image_1432328012 {\n  width: 100%;\n}\n<\/style>\n\t<\/div>\n\t\n              <\/div>\n           <\/div>\n                            \n<style>\n#text-box-1074578469 {\n  width: 38%;\n}\n#text-box-1074578469 .text-box-content {\n  font-size: 100%;\n}\n<\/style>\n    <\/div>\n \n        <\/div>\n      <\/div>\n\n            \n<style>\n#banner-351988787 {\n  padding-top: 500px;\n}\n#banner-351988787 .overlay {\n  background-color: rgba(249, 247, 247, 0.959);\n}\n<\/style>\n  <\/div>\n\n\n\n  <div class=\"banner has-hover\" id=\"banner-622464606\">\n          <div class=\"banner-inner fill\">\n        <div class=\"banner-bg fill\" >\n            <div class=\"bg fill bg-fill\"><\/div>\n                        <div class=\"overlay\"><\/div>            \n                    <\/div>\n\t\t\n        <div class=\"banner-layers container\">\n            <div class=\"fill banner-link\"><\/div>            \n   <div id=\"text-box-1071972954\" class=\"text-box banner-layer x0 md-x0 lg-x0 y20 md-y20 lg-y20 res-text\">\n                                <div class=\"text-box-content text dark\">\n              \n              <div class=\"text-inner text-center\">\n                  \n<a class=\"button primary\"  style=\"border-radius:10px;\">\n    <span>Plug and play, installazione rapida<\/span>\n  <\/a>\n\n<a class=\"button primary\"  style=\"border-radius:10px;\">\n    <span>Allarme guasti, monitoraggio in tempo reale<\/span>\n  <\/a>\n\n<a class=\"button primary\"  style=\"border-radius:10px;\">\n    <span>Indicatore di stato, facile da visualizzare lo stato di lavoro<\/span>\n  <\/a>\n\n<a class=\"button primary\"  style=\"border-radius:10px;\">\n    <span>Supporta la comunicazione LAN<\/span>\n  <\/a>\n\n              <\/div>\n           <\/div>\n                            \n<style>\n#text-box-1071972954 {\n  width: 51%;\n}\n#text-box-1071972954 .text-box-content {\n  font-size: 100%;\n}\n<\/style>\n    <\/div>\n \n   <div id=\"text-box-64322347\" class=\"text-box banner-layer x100 md-x100 lg-x100 y10 md-y10 lg-y10 res-text\">\n                                <div class=\"text-box-content text dark\">\n              \n              <div class=\"text-inner text-center\">\n                  \n\t<div class=\"img has-hover x md-x lg-x y md-y lg-y\" id=\"image_131801006\">\n\t\t\t\t\t\t\t\t<div class=\"img-inner dark\" >\n\t\t\t<img loading=\"lazy\" decoding=\"async\" width=\"2560\" height=\"1920\" src=\"https:\/\/luxpowertek.com\/wp-content\/uploads\/2024\/07\/WLAN-left-scaled.webp\" class=\"attachment-original size-original\" alt=\"\" srcset=\"https:\/\/luxpowertek.com\/wp-content\/uploads\/2024\/07\/WLAN-left-scaled.webp 2560w, https:\/\/luxpowertek.com\/wp-content\/uploads\/2024\/07\/WLAN-left-300x225.webp 300w, https:\/\/luxpowertek.com\/wp-content\/uploads\/2024\/07\/WLAN-left-1030x773.webp 1030w, https:\/\/luxpowertek.com\/wp-content\/uploads\/2024\/07\/WLAN-left-768x576.webp 768w, https:\/\/luxpowertek.com\/wp-content\/uploads\/2024\/07\/WLAN-left-1536x1152.webp 1536w, https:\/\/luxpowertek.com\/wp-content\/uploads\/2024\/07\/WLAN-left-2048x1536.webp 2048w, https:\/\/luxpowertek.com\/wp-content\/uploads\/2024\/07\/WLAN-left-510x383.webp 510w\" sizes=\"auto, (max-width: 2560px) 100vw, 2560px\" \/>\t\t\t\t\t\t\n\t\t\t\t\t<\/div>\n\t\t\t\t\t\t\t\t\n<style>\n#image_131801006 {\n  width: 100%;\n}\n<\/style>\n\t<\/div>\n\t\n              <\/div>\n           <\/div>\n                            \n<style>\n#text-box-64322347 .text-box-content {\n  border-radius: 65px;\n  font-size: 100%;\n  transform: rotate(-65deg);\n}\n#text-box-64322347 {\n  width: 37%;\n}\n<\/style>\n    <\/div>\n \n        <\/div>\n      <\/div>\n\n            \n<style>\n#banner-622464606 {\n  padding-top: 371px;\n}\n#banner-622464606 .overlay {\n  background-color: rgba(210, 210, 210, 0.965);\n}\n<\/style>\n  <\/div>\n\n\n\n  <div class=\"banner has-hover\" id=\"banner-598496919\">\n          <div class=\"banner-inner fill\">\n        <div class=\"banner-bg fill\" >\n            <div class=\"bg fill bg-fill\"><\/div>\n                        <div class=\"overlay\"><\/div>            \n                    <\/div>\n\t\t\n        <div class=\"banner-layers container\">\n            <div class=\"fill banner-link\"><\/div>            \n   <div id=\"text-box-1308073069\" class=\"text-box banner-layer x50 md-x50 lg-x50 y25 md-y25 lg-y25 res-text\">\n                                <div class=\"text-box-content text dark\">\n              \n              <div class=\"text-inner text-center\">\n                  \n<p><span style=\"font-size: 150%;\"><strong>Trova altri prodotti Luxpower<\/strong><\/span><\/p>\n<a href=\"https:\/\/luxpowertek.com\/it\/prodotti\/\" class=\"button white\"  style=\"border-radius:38px;\">\n    <span>Elenco dei prodotti<\/span>\n  <i class=\"icon-angle-right\" aria-hidden=\"true\" ><\/i><\/a>\n\n<a href=\"https:\/\/luxpowertek.com\/it\/contatto_noi\/\" class=\"button secondary\"  style=\"border-radius:99px;\">\n    <span>Contatto<\/span>\n  <i class=\"icon-angle-right\" aria-hidden=\"true\" ><\/i><\/a>\n\n              <\/div>\n           <\/div>\n                            \n<style>\n#text-box-1308073069 {\n  width: 60%;\n}\n#text-box-1308073069 .text-box-content {\n  font-size: 100%;\n}\n<\/style>\n    <\/div>\n \n        <\/div>\n      <\/div>\n\n            \n<style>\n#banner-598496919 {\n  padding-top: 32.29%;\n}\n#banner-598496919 .bg.bg-loaded {\n  background-image: url(https:\/\/luxpowertek.com\/wp-content\/uploads\/2024\/04\/seven-scaled.webp);\n}\n#banner-598496919 .overlay {\n  background-color: rgba(0, 0, 0, 0.599);\n}\n<\/style>\n  <\/div>\n\n\n\t\t<\/div>\n\n\t\t\n<style>\n#section_1457233097 {\n  padding-top: 30px;\n  padding-bottom: 30px;\n}\n<\/style>\n\t<\/section>\n\t\n\t<section class=\"section show-for-small\" id=\"section_1556460101\">\n\t\t<div class=\"bg section-bg fill bg-fill  bg-loaded\" >\n\n\t\t\t\n\t\t\t\n\t\t\t\n\n\t\t<\/div>\n\n\t\t\n\n\t\t<div class=\"section-content relative\">\n\t\t\t\n\t<div id=\"gap-469827553\" class=\"gap-element clearfix\" style=\"display:block; height:auto;\">\n\t\t\n<style>\n#gap-469827553 {\n  padding-top: 60px;\n}\n@media (min-width:550px) {\n  #gap-469827553 {\n    padding-top: 30px;\n  }\n}\n<\/style>\n\t<\/div>\n\t\n<div class=\"row\"  id=\"row-579804569\">\n\n\t<div id=\"col-1911266009\" class=\"col small-12 large-12\"  >\n\t\t\t\t<div class=\"col-inner text-center\"  >\n\t\t\t\n\t\t\t\n<p class=\"uppercase lead\"><span style=\"font-size: 200%;\"><strong>WLAN<\/strong><\/span><\/p>\n<p class=\"lead\"><strong>Modulo di comunicazione<\/strong><\/p>\n<div class=\"text-center\"><div class=\"is-divider divider clearfix\" style=\"max-width:1280px;background-color:rgb(99, 173, 130);\"><\/div><\/div>\n\n  <div class=\"banner has-hover\" id=\"banner-344350918\">\n          <div class=\"banner-inner fill\">\n        <div class=\"banner-bg fill\" >\n            <div class=\"bg fill bg-fill\"><\/div>\n                                    \n                    <\/div>\n\t\t\n        <div class=\"banner-layers container\">\n            <div class=\"fill banner-link\"><\/div>            \n\t<div class=\"img has-hover x50 md-x50 lg-x50 y50 md-y50 lg-y50\" id=\"image_1766937260\">\n\t\t\t\t\t\t\t\t<div class=\"img-inner dark\" style=\"margin:-100px 0px -100px 0px;\">\n\t\t\t<img loading=\"lazy\" decoding=\"async\" width=\"2560\" height=\"1920\" src=\"https:\/\/luxpowertek.com\/wp-content\/uploads\/2024\/07\/WLAN-1-scaled.webp\" class=\"attachment-original size-original\" alt=\"\" srcset=\"https:\/\/luxpowertek.com\/wp-content\/uploads\/2024\/07\/WLAN-1-scaled.webp 2560w, https:\/\/luxpowertek.com\/wp-content\/uploads\/2024\/07\/WLAN-1-300x225.webp 300w, https:\/\/luxpowertek.com\/wp-content\/uploads\/2024\/07\/WLAN-1-1030x773.webp 1030w, https:\/\/luxpowertek.com\/wp-content\/uploads\/2024\/07\/WLAN-1-768x576.webp 768w, https:\/\/luxpowertek.com\/wp-content\/uploads\/2024\/07\/WLAN-1-1536x1152.webp 1536w, https:\/\/luxpowertek.com\/wp-content\/uploads\/2024\/07\/WLAN-1-2048x1536.webp 2048w, https:\/\/luxpowertek.com\/wp-content\/uploads\/2024\/07\/WLAN-1-510x383.webp 510w\" sizes=\"auto, (max-width: 2560px) 100vw, 2560px\" \/>\t\t\t\t\t\t\n\t\t\t\t\t<\/div>\n\t\t\t\t\t\t\t\t\n<style>\n#image_1766937260 {\n  width: 100%;\n}\n@media (min-width:550px) {\n  #image_1766937260 {\n    width: 100%;\n  }\n}\n<\/style>\n\t<\/div>\n\t\n        <\/div>\n      <\/div>\n\n            \n<style>\n#banner-344350918 {\n  padding-top: 300px;\n  background-color: rgba(249, 247, 247, 0.959);\n}\n@media (min-width:550px) {\n  #banner-344350918 {\n    padding-top: 500px;\n  }\n}\n<\/style>\n  <\/div>\n\n\n\t<div id=\"gap-2061177212\" class=\"gap-element clearfix\" style=\"display:block; height:auto;\">\n\t\t\n<style>\n#gap-2061177212 {\n  padding-top: 30px;\n}\n@media (min-width:550px) {\n  #gap-2061177212 {\n    padding-top: 30px;\n  }\n}\n<\/style>\n\t<\/div>\n\t\n\t<div id=\"text-1843198525\" class=\"text\">\n\t\t\n<p>Il modulo di comunicazione WLAN di Luxpower utilizza una porta USB, consentendo una connessione plug-and-play. Questo modulo \u00e8 adatto alle aree coperte da segnali di rete locale (LAN), garantendo una raccolta dati pi\u00f9 rapida, ampia e affidabile. Pu\u00f2 trasmettere al sistema di monitoraggio LuxCloud i dati operativi in tempo reale delle centrali fotovoltaiche e delle batterie di accumulo dell'energia, facilitando un'analisi accurata e completa dei dati, nonch\u00e9 la segnalazione e la gestione dei guasti. Il sistema LuxCloud pu\u00f2 impartire comandi di controllo all'inverter, consentendo una gestione stabile, affidabile e intelligente delle operazioni della centrale fotovoltaica e dei servizi di manutenzione.<br \/>\n\t\t\n<style>\n#text-1843198525 {\n  font-size: 0.96rem;\n  line-height: 1.75;\n}\n<\/style>\n\t<\/div>\n\t\n<a href=\"https:\/\/luxpowertek.com\/wp-content\/uploads\/2024\/07\/02-03-01-DL-WLAN-Quick-Setting-Guidance_20230910.pdf\" class=\"button secondary is-outline\"  style=\"border-radius:10px;\">\n    <span>Scarica il manuale d'uso<\/span>\n  <\/a>\n\n\t<div id=\"gap-288934503\" class=\"gap-element clearfix\" style=\"display:block; height:auto;\">\n\t\t\n<style>\n#gap-288934503 {\n  padding-top: 30px;\n}\n@media (min-width:550px) {\n  #gap-288934503 {\n    padding-top: 30px;\n  }\n}\n<\/style>\n\t<\/div>\n\t\n\n  <div class=\"banner has-hover\" id=\"banner-153049956\">\n          <div class=\"banner-inner fill\">\n        <div class=\"banner-bg fill\" >\n            <div class=\"bg fill bg-fill\"><\/div>\n                                    \n                    <\/div>\n\t\t\n        <div class=\"banner-layers container\">\n            <div class=\"fill banner-link\"><\/div>            \n\t<div class=\"img has-hover x0 md-x50 lg-x50 y50 md-y50 lg-y50\" id=\"image_755520294\">\n\t\t\t\t\t\t\t\t<div class=\"img-inner dark\" style=\"margin:-100px -50px -100px -8px;\">\n\t\t\t<img loading=\"lazy\" decoding=\"async\" width=\"2560\" height=\"1920\" src=\"https:\/\/luxpowertek.com\/wp-content\/uploads\/2024\/07\/WLAN-left-scaled.webp\" class=\"attachment-original size-original\" alt=\"\" srcset=\"https:\/\/luxpowertek.com\/wp-content\/uploads\/2024\/07\/WLAN-left-scaled.webp 2560w, https:\/\/luxpowertek.com\/wp-content\/uploads\/2024\/07\/WLAN-left-300x225.webp 300w, https:\/\/luxpowertek.com\/wp-content\/uploads\/2024\/07\/WLAN-left-1030x773.webp 1030w, https:\/\/luxpowertek.com\/wp-content\/uploads\/2024\/07\/WLAN-left-768x576.webp 768w, https:\/\/luxpowertek.com\/wp-content\/uploads\/2024\/07\/WLAN-left-1536x1152.webp 1536w, https:\/\/luxpowertek.com\/wp-content\/uploads\/2024\/07\/WLAN-left-2048x1536.webp 2048w, https:\/\/luxpowertek.com\/wp-content\/uploads\/2024\/07\/WLAN-left-510x383.webp 510w\" sizes=\"auto, (max-width: 2560px) 100vw, 2560px\" \/>\t\t\t\t\t\t\n\t\t\t\t\t<\/div>\n\t\t\t\t\t\t\t\t\n<style>\n#image_755520294 {\n  width: 100%;\n}\n@media (min-width:550px) {\n  #image_755520294 {\n    width: 100%;\n  }\n}\n<\/style>\n\t<\/div>\n\t\n        <\/div>\n      <\/div>\n\n            \n<style>\n#banner-153049956 {\n  padding-top: 300px;\n  background-color: rgba(249, 247, 247, 0.959);\n}\n@media (min-width:550px) {\n  #banner-153049956 {\n    padding-top: 500px;\n  }\n}\n<\/style>\n  <\/div>\n\n\n\t<div id=\"gap-189821968\" class=\"gap-element clearfix\" style=\"display:block; height:auto;\">\n\t\t\n<style>\n#gap-189821968 {\n  padding-top: 30px;\n}\n@media (min-width:550px) {\n  #gap-189821968 {\n    padding-top: 30px;\n  }\n}\n<\/style>\n\t<\/div>\n\t\n\t<div id=\"text-2300770955\" class=\"text\">\n\t\t\n<ul>\n<li>Plug and play, installazione rapida<\/li>\n<li>Allarme guasti, monitoraggio in tempo reale<\/li>\n<li>Indicatore di stato, facile da visualizzare lo stato di lavoro<\/li>\n<li>Supporta la comunicazione LAN<\/li>\n<\/ul>\n\t\t\n<style>\n#text-2300770955 {\n  font-size: 0.96rem;\n  line-height: 1.75;\n  text-align: left;\n}\n<\/style>\n\t<\/div>\n\t\n\t\t<\/div>\n\t\t\t\t\t<\/div>\n\n\t\n<\/div>\n\t<div id=\"gap-42532489\" class=\"gap-element clearfix\" style=\"display:block; height:auto;\">\n\t\t\n<style>\n#gap-42532489 {\n  padding-top: 15px;\n}\n@media (min-width:550px) {\n  #gap-42532489 {\n    padding-top: 30px;\n  }\n}\n<\/style>\n\t<\/div>\n\t\n\n  <div class=\"banner has-hover show-for-small\" id=\"banner-1617883699\">\n          <div class=\"banner-inner fill\">\n        <div class=\"banner-bg fill\" >\n            <div class=\"bg fill bg-fill\"><\/div>\n                        <div class=\"overlay\"><\/div>            \n                    <\/div>\n\t\t\n        <div class=\"banner-layers container\">\n            <div class=\"fill banner-link\"><\/div>            \n   <div id=\"text-box-1778699053\" class=\"text-box banner-layer x50 md-x50 lg-x50 y25 md-y25 lg-y25 res-text\">\n                                <div class=\"text-box-content text dark\">\n              \n              <div class=\"text-inner text-center\">\n                  \n<p><span style=\"font-size: 150%;\"><strong>Trova altri prodotti Luxpower<\/strong><\/span><\/p>\n<a href=\"https:\/\/luxpowertek.com\/it\/prodotti\/\" class=\"button white\"  style=\"border-radius:38px;\">\n    <span>Elenco dei prodotti<\/span>\n  <i class=\"icon-angle-right\" aria-hidden=\"true\" ><\/i><\/a>\n\n<a href=\"https:\/\/luxpowertek.com\/it\/contatto_noi\/\" target=\"_blank\" class=\"button secondary\" rel=\"noopener\"  style=\"border-radius:99px;\">\n    <span>Contatto<\/span>\n  <i class=\"icon-angle-right\" aria-hidden=\"true\" ><\/i><\/a>\n\n              <\/div>\n           <\/div>\n                            \n<style>\n#text-box-1778699053 {\n  width: 60%;\n}\n#text-box-1778699053 .text-box-content {\n  font-size: 100%;\n}\n@media (min-width:550px) {\n  #text-box-1778699053 {\n    width: 60%;\n  }\n}\n<\/style>\n    <\/div>\n \n        <\/div>\n      <\/div>\n\n            \n<style>\n#banner-1617883699 {\n  padding-top: 200px;\n}\n#banner-1617883699 .bg.bg-loaded {\n  background-image: url(https:\/\/luxpowertek.com\/wp-content\/uploads\/2024\/04\/seven-scaled.webp);\n}\n#banner-1617883699 .overlay {\n  background-color: rgba(0, 0, 0, 0.599);\n}\n@media (min-width:550px) {\n  #banner-1617883699 {\n    padding-top: 32.29%;\n  }\n}\n<\/style>\n  <\/div>\n\n\n\t\t<\/div>\n\n\t\t\n<style>\n#section_1556460101 {\n  padding-top: 30px;\n  padding-bottom: 30px;\n}\n<\/style>\n\t<\/section>","protected":false},"excerpt":{"rendered":"","protected":false},"author":3,"featured_media":0,"parent":0,"menu_order":0,"comment_status":"closed","ping_status":"closed","template":"page-transparent-header-light.php","meta":{"rop_custom_images_group":[],"rop_custom_messages_group":[],"rop_publish_now":"initial","rop_publish_now_accounts":[],"rop_publish_now_history":[],"rop_publish_now_status":"pending","footnotes":""},"class_list":["post-9146","page","type-page","status-publish","hentry"],"yoast_head":"<!-- This site is optimized with the Yoast SEO plugin v27.3 - https:\/\/yoast.com\/product\/yoast-seo-wordpress\/ -->\n<title>Inverter-Data-Logger-WLAN - LuxpowerTek<\/title>\n<meta name=\"description\" content=\"Luxpower\u2019s WLAN communication module utilizes a USB port, enabling a plug-and-play connection.\" \/>\n<meta name=\"robots\" content=\"index, follow, max-snippet:-1, max-image-preview:large, max-video-preview:-1\" \/>\n<link rel=\"canonical\" href=\"https:\/\/luxpowertek.com\/it\/registratore-dati-di-prodotto-wlan\/\" \/>\n<meta property=\"og:locale\" content=\"it_IT\" \/>\n<meta property=\"og:type\" content=\"article\" \/>\n<meta property=\"og:title\" content=\"Inverter-Data-Logger-WLAN - LuxpowerTek\" \/>\n<meta property=\"og:description\" content=\"Luxpower\u2019s WLAN communication module utilizes a USB port, enabling a plug-and-play connection.\" \/>\n<meta property=\"og:url\" content=\"https:\/\/luxpowertek.com\/it\/registratore-dati-di-prodotto-wlan\/\" \/>\n<meta property=\"article:modified_time\" content=\"2025-11-07T08:24:18+00:00\" \/>\n<meta name=\"twitter:card\" content=\"summary_large_image\" \/>\n<meta name=\"twitter:label1\" content=\"Tempo di lettura stimato\" \/>\n\t<meta name=\"twitter:data1\" content=\"2 minuti\" \/>\n<script type=\"application\/ld+json\" class=\"yoast-schema-graph\">{\"@context\":\"https:\\\/\\\/schema.org\",\"@graph\":[{\"@type\":\"WebPage\",\"@id\":\"https:\\\/\\\/luxpowertek.com\\\/product-data-logger-wlan\\\/\",\"url\":\"https:\\\/\\\/luxpowertek.com\\\/product-data-logger-wlan\\\/\",\"name\":\"Inverter-Data-Logger-WLAN - LuxpowerTek\",\"isPartOf\":{\"@id\":\"https:\\\/\\\/luxpowertek.com\\\/#website\"},\"datePublished\":\"2024-06-08T07:35:40+00:00\",\"dateModified\":\"2025-11-07T08:24:18+00:00\",\"description\":\"Luxpower\u2019s WLAN communication module utilizes a USB port, enabling a plug-and-play connection.\",\"breadcrumb\":{\"@id\":\"https:\\\/\\\/luxpowertek.com\\\/product-data-logger-wlan\\\/#breadcrumb\"},\"inLanguage\":\"it-IT\",\"potentialAction\":[{\"@type\":\"ReadAction\",\"target\":[\"https:\\\/\\\/luxpowertek.com\\\/product-data-logger-wlan\\\/\"]}]},{\"@type\":\"BreadcrumbList\",\"@id\":\"https:\\\/\\\/luxpowertek.com\\\/product-data-logger-wlan\\\/#breadcrumb\",\"itemListElement\":[{\"@type\":\"ListItem\",\"position\":1,\"name\":\"Home\",\"item\":\"https:\\\/\\\/luxpowertek.com\\\/\"},{\"@type\":\"ListItem\",\"position\":2,\"name\":\"WLAN\"}]},{\"@type\":\"WebSite\",\"@id\":\"https:\\\/\\\/luxpowertek.com\\\/#website\",\"url\":\"https:\\\/\\\/luxpowertek.com\\\/\",\"name\":\"\",\"description\":\"\",\"potentialAction\":[{\"@type\":\"SearchAction\",\"target\":{\"@type\":\"EntryPoint\",\"urlTemplate\":\"https:\\\/\\\/luxpowertek.com\\\/?s={search_term_string}\"},\"query-input\":{\"@type\":\"PropertyValueSpecification\",\"valueRequired\":true,\"valueName\":\"search_term_string\"}}],\"inLanguage\":\"it-IT\"}]}<\/script>\n<!-- \/ Yoast SEO plugin. -->","yoast_head_json":{"title":"Inverter-Data-Logger-WLAN - LuxpowerTek","description":"Il modulo di comunicazione WLAN di Luxpower utilizza una porta USB, consentendo una connessione plug-and-play.","robots":{"index":"index","follow":"follow","max-snippet":"max-snippet:-1","max-image-preview":"max-image-preview:large","max-video-preview":"max-video-preview:-1"},"canonical":"https:\/\/luxpowertek.com\/it\/registratore-dati-di-prodotto-wlan\/","og_locale":"it_IT","og_type":"article","og_title":"Inverter-Data-Logger-WLAN - LuxpowerTek","og_description":"Luxpower\u2019s WLAN communication module utilizes a USB port, enabling a plug-and-play connection.","og_url":"https:\/\/luxpowertek.com\/it\/registratore-dati-di-prodotto-wlan\/","article_modified_time":"2025-11-07T08:24:18+00:00","twitter_card":"summary_large_image","twitter_misc":{"Tempo di lettura stimato":"2 minuti"},"schema":{"@context":"https:\/\/schema.org","@graph":[{"@type":"WebPage","@id":"https:\/\/luxpowertek.com\/product-data-logger-wlan\/","url":"https:\/\/luxpowertek.com\/product-data-logger-wlan\/","name":"Inverter-Data-Logger-WLAN - LuxpowerTek","isPartOf":{"@id":"https:\/\/luxpowertek.com\/#website"},"datePublished":"2024-06-08T07:35:40+00:00","dateModified":"2025-11-07T08:24:18+00:00","description":"Il modulo di comunicazione WLAN di Luxpower utilizza una porta USB, consentendo una connessione plug-and-play.","breadcrumb":{"@id":"https:\/\/luxpowertek.com\/product-data-logger-wlan\/#breadcrumb"},"inLanguage":"it-IT","potentialAction":[{"@type":"ReadAction","target":["https:\/\/luxpowertek.com\/product-data-logger-wlan\/"]}]},{"@type":"BreadcrumbList","@id":"https:\/\/luxpowertek.com\/product-data-logger-wlan\/#breadcrumb","itemListElement":[{"@type":"ListItem","position":1,"name":"Home","item":"https:\/\/luxpowertek.com\/"},{"@type":"ListItem","position":2,"name":"WLAN"}]},{"@type":"WebSite","@id":"https:\/\/luxpowertek.com\/#website","url":"https:\/\/luxpowertek.com\/","name":"","description":"","potentialAction":[{"@type":"SearchAction","target":{"@type":"EntryPoint","urlTemplate":"https:\/\/luxpowertek.com\/?s={search_term_string}"},"query-input":{"@type":"PropertyValueSpecification","valueRequired":true,"valueName":"search_term_string"}}],"inLanguage":"it-IT"}]}},"_links":{"self":[{"href":"https:\/\/luxpowertek.com\/it\/wp-json\/wp\/v2\/pages\/9146","targetHints":{"allow":["GET"]}}],"collection":[{"href":"https:\/\/luxpowertek.com\/it\/wp-json\/wp\/v2\/pages"}],"about":[{"href":"https:\/\/luxpowertek.com\/it\/wp-json\/wp\/v2\/types\/page"}],"author":[{"embeddable":true,"href":"https:\/\/luxpowertek.com\/it\/wp-json\/wp\/v2\/users\/3"}],"replies":[{"embeddable":true,"href":"https:\/\/luxpowertek.com\/it\/wp-json\/wp\/v2\/comments?post=9146"}],"version-history":[{"count":20,"href":"https:\/\/luxpowertek.com\/it\/wp-json\/wp\/v2\/pages\/9146\/revisions"}],"predecessor-version":[{"id":16459,"href":"https:\/\/luxpowertek.com\/it\/wp-json\/wp\/v2\/pages\/9146\/revisions\/16459"}],"wp:attachment":[{"href":"https:\/\/luxpowertek.com\/it\/wp-json\/wp\/v2\/media?parent=9146"}],"curies":[{"name":"wp","href":"https:\/\/api.w.org\/{rel}","templated":true}]}}