{"id":8648,"date":"2024-04-09T21:34:36","date_gmt":"2024-04-09T13:34:36","guid":{"rendered":"https:\/\/luxpowertek.com\/?page_id=8648"},"modified":"2024-08-01T10:57:41","modified_gmt":"2024-08-01T02:57:41","slug":"inverter-solare-ac-dc-inverterfaq","status":"publish","type":"page","link":"https:\/\/luxpowertek.com\/it\/inverter-solare-ac-dc-inverterfaq\/","title":{"rendered":"FAQ sugli inverter AC\/DC"},"content":{"rendered":"<div class=\"banner has-hover\" id=\"banner-394870621\">\n          <div class=\"banner-inner fill\">\n        <div class=\"banner-bg fill\" >\n            <div class=\"bg fill bg-fill\"><\/div>\n                        <div class=\"overlay\"><\/div>            \n                    <\/div>\n\t\t\n        <div class=\"banner-layers container\">\n            <div class=\"fill banner-link\"><\/div>            \n   <div id=\"text-box-1532087219\" class=\"text-box banner-layer x50 md-x50 lg-x50 y50 md-y50 lg-y50 res-text\">\n                                <div class=\"text-box-content text dark\">\n              \n              <div class=\"text-inner text-center\">\n                  \n              <\/div>\n           <\/div>\n                            \n<style>\n#text-box-1532087219 {\n  width: 60%;\n}\n#text-box-1532087219 .text-box-content {\n  font-size: 100%;\n}\n@media (min-width:550px) {\n  #text-box-1532087219 {\n    width: 60%;\n  }\n}\n<\/style>\n    <\/div>\n \n        <\/div>\n      <\/div>\n\n            \n<style>\n#banner-394870621 {\n  padding-top: 500px;\n}\n#banner-394870621 .bg.bg-loaded {\n  background-image: url(https:\/\/luxpowertek.com\/wp-content\/uploads\/2024\/04\/six.webp);\n}\n#banner-394870621 .overlay {\n  background-color: rgba(0, 0, 0, 0.401);\n}\n<\/style>\n  <\/div>\n\n\n\t<section class=\"section\" id=\"section_1275743412\">\n\t\t<div class=\"bg section-bg fill bg-fill  bg-loaded\" >\n\n\t\t\t\n\t\t\t\n\t\t\t\n\n\t\t<\/div>\n\n\t\t\n\n\t\t<div class=\"section-content relative\">\n\t\t\t\n<div class=\"row\"  id=\"row-100725476\">\n\n\t<div id=\"col-804240111\" class=\"col small-12 large-12\"  >\n\t\t\t\t<div class=\"col-inner\"  >\n\t\t\t\n\t\t\t\n<p class=\"lead\" style=\"text-align: center;\"><span style=\"font-size: 105%;\"><strong>FAQ sull'inverter accoppiato CA\/CC<\/strong><\/span><\/p>\n\t\t<\/div>\n\t\t\t\t\t<\/div>\n\n\t\n<\/div>\n<div class=\"row\"  id=\"row-635857623\">\n\n\t<div id=\"col-1987155709\" class=\"col small-12 large-12\"  >\n\t\t\t\t<div class=\"col-inner\"  >\n\t\t\t\n\t\t\t\n<div class=\"accordion\">\n\t<div id=\"accordion-914022210\" class=\"accordion-item\">\n\t\t<a id=\"accordion-914022210-label\" class=\"accordion-title plain\" href=\"#accordion-item-what-does-ac-coupling-mean\uff1f\" aria-expanded=\"false\" aria-controls=\"accordion-914022210-content\" >\n\t\t\t<button class=\"toggle\" aria-label=\"Attiva\/Disattiva\"><i class=\"icon-angle-down\"><\/i><\/button>\n\t\t\t<span>Che cosa significa \"ACCOPPIAMENTO CA\"?<\/span>\n\t\t<\/a>\n\t\t<div id=\"accordion-914022210-content\" class=\"accordion-inner\" aria-labelledby=\"accordion-914022210-label\" >\n\t\t\t\n<p class=\"lead\"><span style=\"font-size: 80%;\">R: L'accoppiamento in corrente alternata, o AC coupled, si riferisce principalmente a un sistema di accumulo che viene caricato dalla corrente alternata. Tipicamente utilizzato in scenari di retrofit accanto a impianti fotovoltaici esistenti, l'accoppiamento CA consente di compensare il carico e di caricare le batterie quando \u00e8 disponibile l'energia di rete. Durante le interruzioni della rete, il sistema di accumulo fornisce un riferimento di tensione all'impianto fotovoltaico per continuare a generare energia senza il supporto della rete.<\/span><\/p>\n\t\t<\/div>\n\t<\/div>\n\t\n\t<div id=\"accordion-1898656036\" class=\"accordion-item\">\n\t\t<a id=\"accordion-1898656036-label\" class=\"accordion-title plain\" href=\"#accordion-item-is-ac-couple-in-on-grid-mode-and-off-grid-mode-available-with-12kw-inverter-?\" aria-expanded=\"false\" aria-controls=\"accordion-1898656036-content\" >\n\t\t\t<button class=\"toggle\" aria-label=\"Attiva\/Disattiva\"><i class=\"icon-angle-down\"><\/i><\/button>\n\t\t\t<span>La coppia AC in modalit\u00e0 on-grid e off grid \u00e8 disponibile con l'inverter da 12kw?<\/span>\n\t\t<\/a>\n\t\t<div id=\"accordion-1898656036-content\" class=\"accordion-inner\" aria-labelledby=\"accordion-1898656036-label\" >\n\t\t\t\n<p class=\"lead\"><span style=\"font-size: 80%;\">R: es, le modalit\u00e0 on-grid e off-grid sono disponibili con un inverter da 12kW. L'inverter fotovoltaico esistente deve essere collegato alla porta Gen per abilitare la funzionalit\u00e0 di accoppiamento CA.<\/span><\/p>\n\t\t<\/div>\n\t<\/div>\n\t\n\t<div id=\"accordion-2242827195\" class=\"accordion-item\">\n\t\t<a id=\"accordion-2242827195-label\" class=\"accordion-title plain\" href=\"#accordion-item-can-acs3600-achieve-zero-export?\" aria-expanded=\"false\" aria-controls=\"accordion-2242827195-content\" >\n\t\t\t<button class=\"toggle\" aria-label=\"Attiva\/Disattiva\"><i class=\"icon-angle-down\"><\/i><\/button>\n\t\t\t<span>L'ACS3600 pu\u00f2 raggiungere l'esportazione zero?<\/span>\n\t\t<\/a>\n\t\t<div id=\"accordion-2242827195-content\" class=\"accordion-inner\" aria-labelledby=\"accordion-2242827195-label\" >\n\t\t\t\n<p>R: L'ACS3600 non \u00e8 in grado di ottenere una vera esportazione zero a causa di alcune limitazioni:<\/p>\n<ul>\n<li>Se l'inverter fotovoltaico non dispone della funzionalit\u00e0 di esportazione zero, l'impostazione di tale funzione non funziona, con conseguente ritorno di energia in eccesso alla rete.<\/li>\n<li>Se l'inverter fotovoltaico ha una capacit\u00e0 di esportazione pari a zero, genera energia in base al carico. Quando la corrente dell'inverter viene rilevata da un trasformatore di corrente (CT), la generazione di energia fotovoltaica si interrompe, impedendo la ricarica della batteria durante questo periodo.<\/li>\n<\/ul>\n\t\t<\/div>\n\t<\/div>\n\t\n<\/div>\n<div class=\"accordion\">\n\t<div id=\"accordion-628345363\" class=\"accordion-item\">\n\t\t<a id=\"accordion-628345363-label\" class=\"accordion-title plain\" href=\"#accordion-item-what-does-the-acs-3600-provide?\" aria-expanded=\"false\" aria-controls=\"accordion-628345363-content\" >\n\t\t\t<button class=\"toggle\" aria-label=\"Attiva\/Disattiva\"><i class=\"icon-angle-down\"><\/i><\/button>\n\t\t\t<span>Cosa offre l'ACS 3600?<\/span>\n\t\t<\/a>\n\t\t<div id=\"accordion-628345363-content\" class=\"accordion-inner\" aria-labelledby=\"accordion-628345363-label\" >\n\t\t\t\n<p class=\"lead\"><span style=\"font-size: 80%;\">R: L'ACS 3600, il nostro dispositivo ad accoppiamento CA, integra una conversione di potenza bidirezionale, una batteria di accumulo dell'energia e un'unit\u00e0 di gestione della batteria. Immagazzina in modo efficiente l'energia proveniente da fonti solari, dalla rete o da un generatore per alimentare i carichi domestici secondo le necessit\u00e0. Questo sistema ottimizza l'utilizzo dell'energia solare, riduce le spese per l'elettricit\u00e0 e garantisce un'elettricit\u00e0 domestica affidabile. Durante le interruzioni della rete, il generatore funge da fonte di alimentazione di riserva.<\/span><\/p>\n\t\t<\/div>\n\t<\/div>\n\t\n\t<div id=\"accordion-259728869\" class=\"accordion-item\">\n\t\t<a id=\"accordion-259728869-label\" class=\"accordion-title plain\" href=\"#accordion-item-what-is-the-difference-between-ac-and-dc-coupled?\" aria-expanded=\"false\" aria-controls=\"accordion-259728869-content\" >\n\t\t\t<button class=\"toggle\" aria-label=\"Attiva\/Disattiva\"><i class=\"icon-angle-down\"><\/i><\/button>\n\t\t\t<span>Qual \u00e8 la differenza tra accoppiamento CA e CC?<\/span>\n\t\t<\/a>\n\t\t<div id=\"accordion-259728869-content\" class=\"accordion-inner\" aria-labelledby=\"accordion-259728869-label\" >\n\t\t\t\n<p class=\"lead\"><span style=\"font-size: 80%;\">R: In un sistema accoppiato alla corrente alternata, i pannelli solari producono corrente continua, che viene convertita in corrente alternata da un inverter per alimentare gli apparecchi. L'elettricit\u00e0 diretta a una batteria viene convertita in corrente continua da un inverter prima di essere riconvertita in corrente alternata per l'uso degli apparecchi o per l'alimentazione della rete.<\/span><\/p>\n<p class=\"lead\"><span style=\"font-size: 80%;\">In un sistema ad accoppiamento in corrente continua, l'energia in corrente continua proveniente dai pannelli solari carica direttamente le batterie solari senza conversione intermedia in corrente alternata. L'elettricit\u00e0 necessaria per gli elettrodomestici o per l'alimentazione della rete viene convertita in corrente alternata da un inverter, cos\u00ec come l'elettricit\u00e0 scaricata dalla batteria.<\/span><\/p>\n\t\t<\/div>\n\t<\/div>\n\t\n\t<div id=\"accordion-3290547236\" class=\"accordion-item\">\n\t\t<a id=\"accordion-3290547236-label\" class=\"accordion-title plain\" href=\"#accordion-item-what-is-the-scenario-for-a-dc-coupled-inverter?\" aria-expanded=\"false\" aria-controls=\"accordion-3290547236-content\" >\n\t\t\t<button class=\"toggle\" aria-label=\"Attiva\/Disattiva\"><i class=\"icon-angle-down\"><\/i><\/button>\n\t\t\t<span>Qual \u00e8 lo scenario per un inverter con accoppiamento in CC?<\/span>\n\t\t<\/a>\n\t\t<div id=\"accordion-3290547236-content\" class=\"accordion-inner\" aria-labelledby=\"accordion-3290547236-label\" >\n\t\t\t\n<p>R: Nel contesto di un inverter ad accoppiamento CC, il nostro dispositivo si interfaccia con gli inverter grid-tied esistenti. Con una capacit\u00e0 massima di 200 kW in ingresso e 100 kW in uscita e la compatibilit\u00e0 con batterie ad alta tensione da 100-700 V, \u00e8 adatto ad applicazioni commerciali e industriali su larga scala.<\/p>\n\t\t<\/div>\n\t<\/div>\n\t\n<\/div>\n\t\t<\/div>\n\t\t\t\t\t<\/div>\n\n\t\n\n\t<div id=\"col-1754980158\" class=\"col small-12 large-12\"  >\n\t\t\t\t<div class=\"col-inner\"  >\n\t\t\t\n\t\t\t\n\t\t<\/div>\n\t\t\t\t\t<\/div>\n\n\t\n<\/div>\n\t\t<\/div>\n\n\t\t\n<style>\n#section_1275743412 {\n  padding-top: 30px;\n  padding-bottom: 30px;\n}\n<\/style>\n\t<\/section>","protected":false},"excerpt":{"rendered":"","protected":false},"author":3,"featured_media":0,"parent":0,"menu_order":0,"comment_status":"closed","ping_status":"closed","template":"page-transparent-header-light.php","meta":{"rop_custom_images_group":[],"rop_custom_messages_group":[],"rop_publish_now":"initial","rop_publish_now_accounts":[],"rop_publish_now_history":[],"rop_publish_now_status":"pending","footnotes":""},"class_list":["post-8648","page","type-page","status-publish","hentry"],"yoast_head":"<!-- This site is optimized with the Yoast SEO plugin v27.3 - https:\/\/yoast.com\/product\/yoast-seo-wordpress\/ -->\n<title>AC\/DC inverter FAQs -<\/title>\n<meta name=\"robots\" content=\"index, follow, max-snippet:-1, max-image-preview:large, max-video-preview:-1\" \/>\n<link rel=\"canonical\" href=\"https:\/\/luxpowertek.com\/it\/inverter-solare-ac-dc-inverterfaq\/\" \/>\n<meta property=\"og:locale\" content=\"it_IT\" \/>\n<meta property=\"og:type\" content=\"article\" \/>\n<meta property=\"og:title\" content=\"AC\/DC inverter FAQs -\" \/>\n<meta property=\"og:url\" content=\"https:\/\/luxpowertek.com\/it\/inverter-solare-ac-dc-inverterfaq\/\" \/>\n<meta property=\"article:publisher\" content=\"https:\/\/www.facebook.com\/LUXPOWERTEK\" \/>\n<meta property=\"article:modified_time\" content=\"2024-08-01T02:57:41+00:00\" \/>\n<meta name=\"twitter:card\" content=\"summary_large_image\" \/>\n<meta name=\"twitter:label1\" content=\"Tempo di lettura stimato\" \/>\n\t<meta name=\"twitter:data1\" content=\"2 minuti\" \/>\n<script type=\"application\/ld+json\" class=\"yoast-schema-graph\">{\"@context\":\"https:\\\/\\\/schema.org\",\"@graph\":[{\"@type\":\"WebPage\",\"@id\":\"https:\\\/\\\/luxpowertek.com\\\/solarinverter-ac-dc-inverterfaq\\\/\",\"url\":\"https:\\\/\\\/luxpowertek.com\\\/solarinverter-ac-dc-inverterfaq\\\/\",\"name\":\"AC\\\/DC inverter FAQs -\",\"isPartOf\":{\"@id\":\"https:\\\/\\\/luxpowertek.com\\\/#website\"},\"datePublished\":\"2024-04-09T13:34:36+00:00\",\"dateModified\":\"2024-08-01T02:57:41+00:00\",\"breadcrumb\":{\"@id\":\"https:\\\/\\\/luxpowertek.com\\\/solarinverter-ac-dc-inverterfaq\\\/#breadcrumb\"},\"inLanguage\":\"it-IT\",\"potentialAction\":[{\"@type\":\"ReadAction\",\"target\":[\"https:\\\/\\\/luxpowertek.com\\\/solarinverter-ac-dc-inverterfaq\\\/\"]}]},{\"@type\":\"BreadcrumbList\",\"@id\":\"https:\\\/\\\/luxpowertek.com\\\/solarinverter-ac-dc-inverterfaq\\\/#breadcrumb\",\"itemListElement\":[{\"@type\":\"ListItem\",\"position\":1,\"name\":\"Home\",\"item\":\"https:\\\/\\\/luxpowertek.com\\\/\"},{\"@type\":\"ListItem\",\"position\":2,\"name\":\"AC\\\/DC inverter FAQs\"}]},{\"@type\":\"WebSite\",\"@id\":\"https:\\\/\\\/luxpowertek.com\\\/#website\",\"url\":\"https:\\\/\\\/luxpowertek.com\\\/\",\"name\":\"\",\"description\":\"\",\"publisher\":{\"@id\":\"https:\\\/\\\/luxpowertek.com\\\/#organization\"},\"potentialAction\":[{\"@type\":\"SearchAction\",\"target\":{\"@type\":\"EntryPoint\",\"urlTemplate\":\"https:\\\/\\\/luxpowertek.com\\\/?s={search_term_string}\"},\"query-input\":{\"@type\":\"PropertyValueSpecification\",\"valueRequired\":true,\"valueName\":\"search_term_string\"}}],\"inLanguage\":\"it-IT\"},{\"@type\":\"Organization\",\"@id\":\"https:\\\/\\\/luxpowertek.com\\\/#organization\",\"name\":\"LuxpowerTek\",\"url\":\"https:\\\/\\\/luxpowertek.com\\\/\",\"logo\":{\"@type\":\"ImageObject\",\"inLanguage\":\"it-IT\",\"@id\":\"https:\\\/\\\/luxpowertek.com\\\/#\\\/schema\\\/logo\\\/image\\\/\",\"url\":\"https:\\\/\\\/luxpowertek.com\\\/wp-content\\\/uploads\\\/2024\\\/08\\\/Luxpower_logo_new.webp\",\"contentUrl\":\"https:\\\/\\\/luxpowertek.com\\\/wp-content\\\/uploads\\\/2024\\\/08\\\/Luxpower_logo_new.webp\",\"width\":1030,\"height\":186,\"caption\":\"LuxpowerTek\"},\"image\":{\"@id\":\"https:\\\/\\\/luxpowertek.com\\\/#\\\/schema\\\/logo\\\/image\\\/\"},\"sameAs\":[\"https:\\\/\\\/www.facebook.com\\\/LUXPOWERTEK\"]}]}<\/script>\n<!-- \/ Yoast SEO plugin. -->","yoast_head_json":{"title":"FAQ sugli inverter AC\/DC -","robots":{"index":"index","follow":"follow","max-snippet":"max-snippet:-1","max-image-preview":"max-image-preview:large","max-video-preview":"max-video-preview:-1"},"canonical":"https:\/\/luxpowertek.com\/it\/inverter-solare-ac-dc-inverterfaq\/","og_locale":"it_IT","og_type":"article","og_title":"AC\/DC inverter FAQs -","og_url":"https:\/\/luxpowertek.com\/it\/inverter-solare-ac-dc-inverterfaq\/","article_publisher":"https:\/\/www.facebook.com\/LUXPOWERTEK","article_modified_time":"2024-08-01T02:57:41+00:00","twitter_card":"summary_large_image","twitter_misc":{"Tempo di lettura stimato":"2 minuti"},"schema":{"@context":"https:\/\/schema.org","@graph":[{"@type":"WebPage","@id":"https:\/\/luxpowertek.com\/solarinverter-ac-dc-inverterfaq\/","url":"https:\/\/luxpowertek.com\/solarinverter-ac-dc-inverterfaq\/","name":"FAQ sugli inverter AC\/DC -","isPartOf":{"@id":"https:\/\/luxpowertek.com\/#website"},"datePublished":"2024-04-09T13:34:36+00:00","dateModified":"2024-08-01T02:57:41+00:00","breadcrumb":{"@id":"https:\/\/luxpowertek.com\/solarinverter-ac-dc-inverterfaq\/#breadcrumb"},"inLanguage":"it-IT","potentialAction":[{"@type":"ReadAction","target":["https:\/\/luxpowertek.com\/solarinverter-ac-dc-inverterfaq\/"]}]},{"@type":"BreadcrumbList","@id":"https:\/\/luxpowertek.com\/solarinverter-ac-dc-inverterfaq\/#breadcrumb","itemListElement":[{"@type":"ListItem","position":1,"name":"Home","item":"https:\/\/luxpowertek.com\/"},{"@type":"ListItem","position":2,"name":"AC\/DC inverter FAQs"}]},{"@type":"WebSite","@id":"https:\/\/luxpowertek.com\/#website","url":"https:\/\/luxpowertek.com\/","name":"","description":"","publisher":{"@id":"https:\/\/luxpowertek.com\/#organization"},"potentialAction":[{"@type":"SearchAction","target":{"@type":"EntryPoint","urlTemplate":"https:\/\/luxpowertek.com\/?s={search_term_string}"},"query-input":{"@type":"PropertyValueSpecification","valueRequired":true,"valueName":"search_term_string"}}],"inLanguage":"it-IT"},{"@type":"Organization","@id":"https:\/\/luxpowertek.com\/#organization","name":"Prodotti","url":"https:\/\/luxpowertek.com\/","logo":{"@type":"ImageObject","inLanguage":"it-IT","@id":"https:\/\/luxpowertek.com\/#\/schema\/logo\/image\/","url":"https:\/\/luxpowertek.com\/wp-content\/uploads\/2024\/08\/Luxpower_logo_new.webp","contentUrl":"https:\/\/luxpowertek.com\/wp-content\/uploads\/2024\/08\/Luxpower_logo_new.webp","width":1030,"height":186,"caption":"LuxpowerTek"},"image":{"@id":"https:\/\/luxpowertek.com\/#\/schema\/logo\/image\/"},"sameAs":["https:\/\/www.facebook.com\/LUXPOWERTEK"]}]}},"_links":{"self":[{"href":"https:\/\/luxpowertek.com\/it\/wp-json\/wp\/v2\/pages\/8648","targetHints":{"allow":["GET"]}}],"collection":[{"href":"https:\/\/luxpowertek.com\/it\/wp-json\/wp\/v2\/pages"}],"about":[{"href":"https:\/\/luxpowertek.com\/it\/wp-json\/wp\/v2\/types\/page"}],"author":[{"embeddable":true,"href":"https:\/\/luxpowertek.com\/it\/wp-json\/wp\/v2\/users\/3"}],"replies":[{"embeddable":true,"href":"https:\/\/luxpowertek.com\/it\/wp-json\/wp\/v2\/comments?post=8648"}],"version-history":[{"count":6,"href":"https:\/\/luxpowertek.com\/it\/wp-json\/wp\/v2\/pages\/8648\/revisions"}],"predecessor-version":[{"id":10917,"href":"https:\/\/luxpowertek.com\/it\/wp-json\/wp\/v2\/pages\/8648\/revisions\/10917"}],"wp:attachment":[{"href":"https:\/\/luxpowertek.com\/it\/wp-json\/wp\/v2\/media?parent=8648"}],"curies":[{"name":"wp","href":"https:\/\/api.w.org\/{rel}","templated":true}]}}