{"id":8646,"date":"2024-04-09T21:26:37","date_gmt":"2024-04-09T13:26:37","guid":{"rendered":"https:\/\/luxpowertek.com\/?page_id=8646"},"modified":"2024-07-04T10:34:11","modified_gmt":"2024-07-04T02:34:11","slug":"offgridinverterfaq","status":"publish","type":"page","link":"https:\/\/luxpowertek.com\/it\/offgridinverterfaq\/","title":{"rendered":"FAQ sugli inverter off-grid"},"content":{"rendered":"<div class=\"banner has-hover\" id=\"banner-1295792410\">\n          <div class=\"banner-inner fill\">\n        <div class=\"banner-bg fill\" >\n            <div class=\"bg fill bg-fill\"><\/div>\n                        <div class=\"overlay\"><\/div>            \n                    <\/div>\n\t\t\n        <div class=\"banner-layers container\">\n            <div class=\"fill banner-link\"><\/div>            \n   <div id=\"text-box-799105584\" class=\"text-box banner-layer x50 md-x50 lg-x50 y50 md-y50 lg-y50 res-text\">\n                                <div class=\"text-box-content text dark\">\n              \n              <div class=\"text-inner text-center\">\n                  \n              <\/div>\n           <\/div>\n                            \n<style>\n#text-box-799105584 {\n  width: 60%;\n}\n#text-box-799105584 .text-box-content {\n  font-size: 100%;\n}\n@media (min-width:550px) {\n  #text-box-799105584 {\n    width: 60%;\n  }\n}\n<\/style>\n    <\/div>\n \n        <\/div>\n      <\/div>\n\n            \n<style>\n#banner-1295792410 {\n  padding-top: 500px;\n}\n#banner-1295792410 .bg.bg-loaded {\n  background-image: url(https:\/\/luxpowertek.com\/wp-content\/uploads\/2024\/04\/six.webp);\n}\n#banner-1295792410 .overlay {\n  background-color: rgba(0, 0, 0, 0.401);\n}\n<\/style>\n  <\/div>\n\n\n\t<section class=\"section\" id=\"section_571786848\">\n\t\t<div class=\"bg section-bg fill bg-fill  bg-loaded\" >\n\n\t\t\t\n\t\t\t\n\t\t\t\n\n\t\t<\/div>\n\n\t\t\n\n\t\t<div class=\"section-content relative\">\n\t\t\t\n<div class=\"row\"  id=\"row-2123961388\">\n\n\t<div id=\"col-31985281\" class=\"col small-12 large-12\"  >\n\t\t\t\t<div class=\"col-inner\"  >\n\t\t\t\n\t\t\t\n<p class=\"lead\" style=\"text-align: center;\"><strong><span style=\"font-size: 100%;\">FAQ sugli inverter off-grid<\/span><\/strong><\/p>\n\t\t<\/div>\n\t\t\t\t\t<\/div>\n\n\t\n<\/div>\n<div class=\"row\"  id=\"row-1775072720\">\n\n\t<div id=\"col-1371063473\" class=\"col small-12 large-12\"  >\n\t\t\t\t<div class=\"col-inner\"  >\n\t\t\t\n\t\t\t\n<div class=\"accordion\">\n\t<div id=\"accordion-1490512883\" class=\"accordion-item\">\n\t\t<a id=\"accordion-1490512883-label\" class=\"accordion-title plain\" href=\"#accordion-item-why-does-my-sna-inverter-consistently-discharge-with-low-power-even-when-there-is-no-load-connected?\" aria-expanded=\"false\" aria-controls=\"accordion-1490512883-content\" >\n\t\t\t<button class=\"toggle\" aria-label=\"Attiva\/Disattiva\"><i class=\"icon-angle-down\"><\/i><\/button>\n\t\t\t<span>Perch\u00e9 il mio inverter SNA si scarica costantemente a bassa potenza anche quando non \u00e8 collegato alcun carico?<\/span>\n\t\t<\/a>\n\t\t<div id=\"accordion-1490512883-content\" class=\"accordion-inner\" aria-labelledby=\"accordion-1490512883-label\" >\n\t\t\t\n<p class=\"lead\"><span style=\"font-size: 80%;\">R: Se la funzione EPS (power backup) \u00e8 attivata, l'inverter SNA potrebbe visualizzare una lettura del carico inferiore a 60 watt anche quando nessun carico \u00e8 collegato alla porta di uscita EPS.<\/span><\/p>\n\t\t<\/div>\n\t<\/div>\n\t\n\t<div id=\"accordion-1224024648\" class=\"accordion-item\">\n\t\t<a id=\"accordion-1224024648-label\" class=\"accordion-title plain\" href=\"#accordion-item-what-does-warning-code-00-on-the-sna5000-inverter-indicate?\" aria-expanded=\"false\" aria-controls=\"accordion-1224024648-content\" >\n\t\t\t<button class=\"toggle\" aria-label=\"Attiva\/Disattiva\"><i class=\"icon-angle-down\"><\/i><\/button>\n\t\t\t<span>Cosa indica il codice di avviso 00 sull'inverter SNA5000?<\/span>\n\t\t<\/a>\n\t\t<div id=\"accordion-1224024648-content\" class=\"accordion-inner\" aria-labelledby=\"accordion-1224024648-label\" >\n\t\t\t\n<p class=\"lead\"><span style=\"font-size: 80%;\">R: Il codice di avvertenza 00 indica un \"errore di comunicazione della batteria\", che segnala un guasto nella comunicazione tra la batteria e l'inverter. Inoltre, il codice di errore 00 pu\u00f2 suggerire un problema di comunicazione tra le CPU di controllo, che richiede un aggiornamento del firmware o il riavvio del sistema. Il codice di stato 00 indica la modalit\u00e0 \"Standby\", a indicare che l'inverter rimane in standby a causa di condizioni non soddisfatte per cambiare modalit\u00e0 di lavoro.<\/span><\/p>\n\t\t<\/div>\n\t<\/div>\n\t\n\t<div id=\"accordion-485176470\" class=\"accordion-item\">\n\t\t<a id=\"accordion-485176470-label\" class=\"accordion-title plain\" href=\"#accordion-item-i-installed-two-100ah-batteries,-but-the-monitoring-platform-shows-only-100ah.-why-is-that?\" aria-expanded=\"false\" aria-controls=\"accordion-485176470-content\" >\n\t\t\t<button class=\"toggle\" aria-label=\"Attiva\/Disattiva\"><i class=\"icon-angle-down\"><\/i><\/button>\n\t\t\t<span>Ho installato due batterie da 100Ah, ma la piattaforma di monitoraggio mostra solo 100Ah. Perch\u00e9?<\/span>\n\t\t<\/a>\n\t\t<div id=\"accordion-485176470-content\" class=\"accordion-inner\" aria-labelledby=\"accordion-485176470-label\" >\n\t\t\t\n<p class=\"lead\"><span style=\"font-size: 80%;\">R: Negli inverter SNA, la ventola funziona in base a soglie di potenza specifiche. Quando la potenza di carica o scarica supera i 300 watt, si attivano le ventole di sinistra e centrale. Inoltre, la ventola destra si attiva quando la potenza fotovoltaica supera i 300 watt o la potenza di importazione dalla rete supera i 5000 VA.<\/span><\/p>\n\t\t<\/div>\n\t<\/div>\n\t\n<\/div>\n<div class=\"accordion\">\n\t<div id=\"accordion-3212253853\" class=\"accordion-item\">\n\t\t<a id=\"accordion-3212253853-label\" class=\"accordion-title plain\" href=\"#accordion-item-what-is-the-recommended-depth-of-discharge-for-the-battery,-and-how-can-it-be-adjusted?\" aria-expanded=\"false\" aria-controls=\"accordion-3212253853-content\" >\n\t\t\t<button class=\"toggle\" aria-label=\"Attiva\/Disattiva\"><i class=\"icon-angle-down\"><\/i><\/button>\n\t\t\t<span>Qual \u00e8 la profondit\u00e0 di scarica consigliata per la batteria e come pu\u00f2 essere regolata?<\/span>\n\t\t<\/a>\n\t\t<div id=\"accordion-3212253853-content\" class=\"accordion-inner\" aria-labelledby=\"accordion-3212253853-label\" >\n\t\t\t\n<p class=\"lead\"><span style=\"font-size: 80%;\">R: La profondit\u00e0 di scarica (DOD) consigliata dipende dalla progettazione del sistema, compresi fattori quali la capacit\u00e0 della batteria e il consumo del carico. Per i sistemi con ingresso di rete stabile che mirano a un DOD di 80%, regolare \"On-grid cutoff SOC o On-grid EOD\" su 20%. Per i sistemi con ingresso alla rete instabile o assente, impostare \"Off-grid cutoff SOC o discharge cutoff SOC\" su 20%, assicurandosi che sia inferiore all'impostazione \"On-grid cutoff SOC\".<\/span><\/p>\n\t\t<\/div>\n\t<\/div>\n\t\n\t<div id=\"accordion-4277903778\" class=\"accordion-item\">\n\t\t<a id=\"accordion-4277903778-label\" class=\"accordion-title plain\" href=\"#accordion-item-why-does-the-inverter-display-voltage-even-when-the-battery-breaker-is-off?\" aria-expanded=\"false\" aria-controls=\"accordion-4277903778-content\" >\n\t\t\t<button class=\"toggle\" aria-label=\"Attiva\/Disattiva\"><i class=\"icon-angle-down\"><\/i><\/button>\n\t\t\t<span>Perch\u00e9 l'inverter visualizza la tensione anche quando l'interruttore della batteria \u00e8 spento?<\/span>\n\t\t<\/a>\n\t\t<div id=\"accordion-4277903778-content\" class=\"accordion-inner\" aria-labelledby=\"accordion-4277903778-label\" >\n\t\t\t\n<p class=\"lead\"><span style=\"font-size: 80%;\">R: Se la batteria funziona in modalit\u00e0 litio con comunicazione, i dati di tensione provengono dai BM della batteria. Tuttavia, se le letture di tensione persistono dopo lo spegnimento dell'interruttore della batteria, ci\u00f2 potrebbe indicare che la batteria \u00e8 stata attiva di recente o che l'inverter ha funzionato in modalit\u00e0 di carica.<\/span><\/p>\n\t\t<\/div>\n\t<\/div>\n\t\n\t<div id=\"accordion-1836657738\" class=\"accordion-item\">\n\t\t<a id=\"accordion-1836657738-label\" class=\"accordion-title plain\" href=\"#accordion-item-what-fault-conditions-prompt-the-inverter-to-shut-off-its-output?\" aria-expanded=\"false\" aria-controls=\"accordion-1836657738-content\" >\n\t\t\t<button class=\"toggle\" aria-label=\"Attiva\/Disattiva\"><i class=\"icon-angle-down\"><\/i><\/button>\n\t\t\t<span>Quali condizioni di guasto inducono l'inverter a spegnere la propria uscita?<\/span>\n\t\t<\/a>\n\t\t<div id=\"accordion-1836657738-content\" class=\"accordion-inner\" aria-labelledby=\"accordion-1836657738-label\" >\n\t\t\t\n<p class=\"lead\"><span style=\"font-size: 80%;\">R: Varie condizioni come sovraccarico, cortocircuito, sovratensione fotovoltaica, surriscaldamento o guasto della ventola possono innescare un guasto nell'inverter, causando lo spegnimento dell'uscita. Qualsiasi condizione anomala rilevata dal DSP provoca lo spegnimento.<\/span><\/p>\n\t\t<\/div>\n\t<\/div>\n\t\n<\/div>\n\t\t<\/div>\n\t\t\t\t\t<\/div>\n\n\t\n\n\t<div id=\"col-643378632\" class=\"col small-12 large-12\"  >\n\t\t\t\t<div class=\"col-inner\"  >\n\t\t\t\n\t\t\t\n<div class=\"accordion\">\n\t<div id=\"accordion-3813922748\" class=\"accordion-item\">\n\t\t<a id=\"accordion-3813922748-label\" class=\"accordion-title plain\" href=\"#accordion-item-i-installed-two-100ah-batteries,-but-the-monitoring-platform-shows-only-100ah.-why-is-that?\" aria-expanded=\"false\" aria-controls=\"accordion-3813922748-content\" >\n\t\t\t<button class=\"toggle\" aria-label=\"Attiva\/Disattiva\"><i class=\"icon-angle-down\"><\/i><\/button>\n\t\t\t<span>Ho installato due batterie da 100Ah, ma la piattaforma di monitoraggio mostra solo 100Ah. Perch\u00e9?<\/span>\n\t\t<\/a>\n\t\t<div id=\"accordion-3813922748-content\" class=\"accordion-inner\" aria-labelledby=\"accordion-3813922748-label\" >\n\t\t\t\n<p>R: La corrente visualizzata sulla piattaforma di monitoraggio riflette i dati forniti dai BM della batteria. Se i BM riportano accuratamente una corrente totale di 200Ah, il sistema di monitoraggio visualizzer\u00e0 200Ah. Per informazioni precise, consultare il fornitore della batteria.<\/p>\n\t\t<\/div>\n\t<\/div>\n\t\n\t<div id=\"accordion-1763692499\" class=\"accordion-item\">\n\t\t<a id=\"accordion-1763692499-label\" class=\"accordion-title plain\" href=\"#accordion-item-why-does-the-battery-state-of-charge-(soc)-experience-sudden-dramatic-increases?\" aria-expanded=\"false\" aria-controls=\"accordion-1763692499-content\" >\n\t\t\t<button class=\"toggle\" aria-label=\"Attiva\/Disattiva\"><i class=\"icon-angle-down\"><\/i><\/button>\n\t\t\t<span>Perch\u00e9 lo stato di carica della batteria (SOC) subisce aumenti improvvisi e drastici?<\/span>\n\t\t<\/a>\n\t\t<div id=\"accordion-1763692499-content\" class=\"accordion-inner\" aria-labelledby=\"accordion-1763692499-label\" >\n\t\t\t\n<p class=\"lead\"><span style=\"font-size: 80%;\">R: Le variazioni improvvise del SOC possono essere dovute a problemi di calibrazione del SOC della batteria. Controllare MaxCellVoltage e MinCellVoltage per verificare se le tensioni delle celle della batteria sono sbilanciate.<\/span><\/p>\n\t\t<\/div>\n\t<\/div>\n\t\n\t<div id=\"accordion-2677020313\" class=\"accordion-item\">\n\t\t<a id=\"accordion-2677020313-label\" class=\"accordion-title plain\" href=\"#accordion-item-why-does-the-grid-continue-charging-despite-ac-charge-being-disabled?\" aria-expanded=\"false\" aria-controls=\"accordion-2677020313-content\" >\n\t\t\t<button class=\"toggle\" aria-label=\"Attiva\/Disattiva\"><i class=\"icon-angle-down\"><\/i><\/button>\n\t\t\t<span>Perch\u00e9 la rete continua a caricare nonostante la carica CA sia disattivata?<\/span>\n\t\t<\/a>\n\t\t<div id=\"accordion-2677020313-content\" class=\"accordion-inner\" aria-labelledby=\"accordion-2677020313-label\" >\n\t\t\t\n<p class=\"lead\"><span style=\"font-size: 80%;\">R: Controllare lo stato della batteria nella pagina iniziale. Se mostra codici specifici come 0x10, 0x11, 0x12, 0x13, 0x20, 0x21, 0x22 o 0x23, significa che la batteria ha richiesto una ricarica forzata.<\/span><\/p>\n\t\t<\/div>\n\t<\/div>\n\t\n<\/div>\n<div class=\"accordion\">\n\t<div id=\"accordion-1427641313\" class=\"accordion-item\">\n\t\t<a id=\"accordion-1427641313-label\" class=\"accordion-title plain\" href=\"#accordion-item-the-battery-is-fully-charged,-yet-the-inverter-detects-a-battery-open-condition-(bat-volt-open).-why?\" aria-expanded=\"false\" aria-controls=\"accordion-1427641313-content\" >\n\t\t\t<button class=\"toggle\" aria-label=\"Attiva\/Disattiva\"><i class=\"icon-angle-down\"><\/i><\/button>\n\t\t\t<span>La batteria \u00e8 completamente carica, ma l'inverter rileva una condizione di batteria aperta (Bat Volt Open). Perch\u00e9?<\/span>\n\t\t<\/a>\n\t\t<div id=\"accordion-1427641313-content\" class=\"accordion-inner\" aria-labelledby=\"accordion-1427641313-label\" >\n\t\t\t\n<p>R: Il problema potrebbe verificarsi a causa di un'interruzione istantanea dell'alimentazione e del suo ripristino. Dopo il recupero, riavviare manualmente l'inverter per eliminare il guasto, oppure verificare se la potenza di carica dell'inverter supera i 300W.<\/p>\n\t\t<\/div>\n\t<\/div>\n\t\n\t<div id=\"accordion-1286259576\" class=\"accordion-item\">\n\t\t<a id=\"accordion-1286259576-label\" class=\"accordion-title plain\" href=\"#accordion-item-why-does-my-battery-show-full-charge-while-the-voltage-remains-unusually-low?\" aria-expanded=\"false\" aria-controls=\"accordion-1286259576-content\" >\n\t\t\t<button class=\"toggle\" aria-label=\"Attiva\/Disattiva\"><i class=\"icon-angle-down\"><\/i><\/button>\n\t\t\t<span>Perch\u00e9 la batteria mostra una carica completa mentre la tensione rimane insolitamente bassa?<\/span>\n\t\t<\/a>\n\t\t<div id=\"accordion-1286259576-content\" class=\"accordion-inner\" aria-labelledby=\"accordion-1286259576-label\" >\n\t\t\t\n<p class=\"lead\"><span style=\"font-size: 80%;\">R: Se la batteria funziona in modalit\u00e0 litio, i dati sulla tensione provengono dal BMS della batteria e non sono correlati all'inverter. In modalit\u00e0 piombo acido, l'accuratezza della lettura del SOC pu\u00f2 variare, suggerendo il controllo della tensione come approccio alternativo.<\/span><\/p>\n\t\t<\/div>\n\t<\/div>\n\t\n<\/div>\n\t\t<\/div>\n\t\t\t\t\t<\/div>\n\n\t\n<\/div>\n\t\t<\/div>\n\n\t\t\n<style>\n#section_571786848 {\n  padding-top: 30px;\n  padding-bottom: 30px;\n}\n<\/style>\n\t<\/section>","protected":false},"excerpt":{"rendered":"","protected":false},"author":3,"featured_media":0,"parent":0,"menu_order":0,"comment_status":"closed","ping_status":"closed","template":"page-transparent-header-light.php","meta":{"rop_custom_images_group":[],"rop_custom_messages_group":[],"rop_publish_now":"initial","rop_publish_now_accounts":[],"rop_publish_now_history":[],"rop_publish_now_status":"pending","footnotes":""},"class_list":["post-8646","page","type-page","status-publish","hentry"],"yoast_head":"<!-- This site is optimized with the Yoast SEO plugin v27.3 - https:\/\/yoast.com\/product\/yoast-seo-wordpress\/ -->\n<title>Off-grid Inverter FAQs -<\/title>\n<meta name=\"robots\" content=\"index, follow, max-snippet:-1, max-image-preview:large, max-video-preview:-1\" \/>\n<link rel=\"canonical\" href=\"https:\/\/luxpowertek.com\/it\/offgridinverterfaq\/\" \/>\n<meta property=\"og:locale\" content=\"it_IT\" \/>\n<meta property=\"og:type\" content=\"article\" \/>\n<meta property=\"og:title\" content=\"Off-grid Inverter FAQs -\" \/>\n<meta property=\"og:url\" content=\"https:\/\/luxpowertek.com\/it\/offgridinverterfaq\/\" \/>\n<meta property=\"article:publisher\" content=\"https:\/\/www.facebook.com\/LUXPOWERTEK\" \/>\n<meta property=\"article:modified_time\" content=\"2024-07-04T02:34:11+00:00\" \/>\n<meta name=\"twitter:card\" content=\"summary_large_image\" \/>\n<meta name=\"twitter:label1\" content=\"Tempo di lettura stimato\" \/>\n\t<meta name=\"twitter:data1\" content=\"3 minuti\" \/>\n<script type=\"application\/ld+json\" class=\"yoast-schema-graph\">{\"@context\":\"https:\\\/\\\/schema.org\",\"@graph\":[{\"@type\":\"WebPage\",\"@id\":\"https:\\\/\\\/luxpowertek.com\\\/offgridinverterfaq\\\/\",\"url\":\"https:\\\/\\\/luxpowertek.com\\\/offgridinverterfaq\\\/\",\"name\":\"Off-grid Inverter FAQs -\",\"isPartOf\":{\"@id\":\"https:\\\/\\\/luxpowertek.com\\\/#website\"},\"datePublished\":\"2024-04-09T13:26:37+00:00\",\"dateModified\":\"2024-07-04T02:34:11+00:00\",\"breadcrumb\":{\"@id\":\"https:\\\/\\\/luxpowertek.com\\\/offgridinverterfaq\\\/#breadcrumb\"},\"inLanguage\":\"it-IT\",\"potentialAction\":[{\"@type\":\"ReadAction\",\"target\":[\"https:\\\/\\\/luxpowertek.com\\\/offgridinverterfaq\\\/\"]}]},{\"@type\":\"BreadcrumbList\",\"@id\":\"https:\\\/\\\/luxpowertek.com\\\/offgridinverterfaq\\\/#breadcrumb\",\"itemListElement\":[{\"@type\":\"ListItem\",\"position\":1,\"name\":\"Home\",\"item\":\"https:\\\/\\\/luxpowertek.com\\\/\"},{\"@type\":\"ListItem\",\"position\":2,\"name\":\"Off-grid Inverter FAQs\"}]},{\"@type\":\"WebSite\",\"@id\":\"https:\\\/\\\/luxpowertek.com\\\/#website\",\"url\":\"https:\\\/\\\/luxpowertek.com\\\/\",\"name\":\"\",\"description\":\"\",\"publisher\":{\"@id\":\"https:\\\/\\\/luxpowertek.com\\\/#organization\"},\"potentialAction\":[{\"@type\":\"SearchAction\",\"target\":{\"@type\":\"EntryPoint\",\"urlTemplate\":\"https:\\\/\\\/luxpowertek.com\\\/?s={search_term_string}\"},\"query-input\":{\"@type\":\"PropertyValueSpecification\",\"valueRequired\":true,\"valueName\":\"search_term_string\"}}],\"inLanguage\":\"it-IT\"},{\"@type\":\"Organization\",\"@id\":\"https:\\\/\\\/luxpowertek.com\\\/#organization\",\"name\":\"LuxpowerTek\",\"url\":\"https:\\\/\\\/luxpowertek.com\\\/\",\"logo\":{\"@type\":\"ImageObject\",\"inLanguage\":\"it-IT\",\"@id\":\"https:\\\/\\\/luxpowertek.com\\\/#\\\/schema\\\/logo\\\/image\\\/\",\"url\":\"https:\\\/\\\/luxpowertek.com\\\/wp-content\\\/uploads\\\/2024\\\/08\\\/Luxpower_logo_new.webp\",\"contentUrl\":\"https:\\\/\\\/luxpowertek.com\\\/wp-content\\\/uploads\\\/2024\\\/08\\\/Luxpower_logo_new.webp\",\"width\":1030,\"height\":186,\"caption\":\"LuxpowerTek\"},\"image\":{\"@id\":\"https:\\\/\\\/luxpowertek.com\\\/#\\\/schema\\\/logo\\\/image\\\/\"},\"sameAs\":[\"https:\\\/\\\/www.facebook.com\\\/LUXPOWERTEK\"]}]}<\/script>\n<!-- \/ Yoast SEO plugin. -->","yoast_head_json":{"title":"Domande frequenti sugli inverter off-grid -","robots":{"index":"index","follow":"follow","max-snippet":"max-snippet:-1","max-image-preview":"max-image-preview:large","max-video-preview":"max-video-preview:-1"},"canonical":"https:\/\/luxpowertek.com\/it\/offgridinverterfaq\/","og_locale":"it_IT","og_type":"article","og_title":"Off-grid Inverter FAQs -","og_url":"https:\/\/luxpowertek.com\/it\/offgridinverterfaq\/","article_publisher":"https:\/\/www.facebook.com\/LUXPOWERTEK","article_modified_time":"2024-07-04T02:34:11+00:00","twitter_card":"summary_large_image","twitter_misc":{"Tempo di lettura stimato":"3 minuti"},"schema":{"@context":"https:\/\/schema.org","@graph":[{"@type":"WebPage","@id":"https:\/\/luxpowertek.com\/offgridinverterfaq\/","url":"https:\/\/luxpowertek.com\/offgridinverterfaq\/","name":"Domande frequenti sugli inverter off-grid -","isPartOf":{"@id":"https:\/\/luxpowertek.com\/#website"},"datePublished":"2024-04-09T13:26:37+00:00","dateModified":"2024-07-04T02:34:11+00:00","breadcrumb":{"@id":"https:\/\/luxpowertek.com\/offgridinverterfaq\/#breadcrumb"},"inLanguage":"it-IT","potentialAction":[{"@type":"ReadAction","target":["https:\/\/luxpowertek.com\/offgridinverterfaq\/"]}]},{"@type":"BreadcrumbList","@id":"https:\/\/luxpowertek.com\/offgridinverterfaq\/#breadcrumb","itemListElement":[{"@type":"ListItem","position":1,"name":"Home","item":"https:\/\/luxpowertek.com\/"},{"@type":"ListItem","position":2,"name":"Off-grid Inverter FAQs"}]},{"@type":"WebSite","@id":"https:\/\/luxpowertek.com\/#website","url":"https:\/\/luxpowertek.com\/","name":"","description":"","publisher":{"@id":"https:\/\/luxpowertek.com\/#organization"},"potentialAction":[{"@type":"SearchAction","target":{"@type":"EntryPoint","urlTemplate":"https:\/\/luxpowertek.com\/?s={search_term_string}"},"query-input":{"@type":"PropertyValueSpecification","valueRequired":true,"valueName":"search_term_string"}}],"inLanguage":"it-IT"},{"@type":"Organization","@id":"https:\/\/luxpowertek.com\/#organization","name":"Prodotti","url":"https:\/\/luxpowertek.com\/","logo":{"@type":"ImageObject","inLanguage":"it-IT","@id":"https:\/\/luxpowertek.com\/#\/schema\/logo\/image\/","url":"https:\/\/luxpowertek.com\/wp-content\/uploads\/2024\/08\/Luxpower_logo_new.webp","contentUrl":"https:\/\/luxpowertek.com\/wp-content\/uploads\/2024\/08\/Luxpower_logo_new.webp","width":1030,"height":186,"caption":"LuxpowerTek"},"image":{"@id":"https:\/\/luxpowertek.com\/#\/schema\/logo\/image\/"},"sameAs":["https:\/\/www.facebook.com\/LUXPOWERTEK"]}]}},"_links":{"self":[{"href":"https:\/\/luxpowertek.com\/it\/wp-json\/wp\/v2\/pages\/8646","targetHints":{"allow":["GET"]}}],"collection":[{"href":"https:\/\/luxpowertek.com\/it\/wp-json\/wp\/v2\/pages"}],"about":[{"href":"https:\/\/luxpowertek.com\/it\/wp-json\/wp\/v2\/types\/page"}],"author":[{"embeddable":true,"href":"https:\/\/luxpowertek.com\/it\/wp-json\/wp\/v2\/users\/3"}],"replies":[{"embeddable":true,"href":"https:\/\/luxpowertek.com\/it\/wp-json\/wp\/v2\/comments?post=8646"}],"version-history":[{"count":8,"href":"https:\/\/luxpowertek.com\/it\/wp-json\/wp\/v2\/pages\/8646\/revisions"}],"predecessor-version":[{"id":8661,"href":"https:\/\/luxpowertek.com\/it\/wp-json\/wp\/v2\/pages\/8646\/revisions\/8661"}],"wp:attachment":[{"href":"https:\/\/luxpowertek.com\/it\/wp-json\/wp\/v2\/media?parent=8646"}],"curies":[{"name":"wp","href":"https:\/\/api.w.org\/{rel}","templated":true}]}}