{"id":8510,"date":"2024-04-08T14:52:45","date_gmt":"2024-04-08T06:52:45","guid":{"rendered":"https:\/\/luxpowertek.com\/?page_id=8510"},"modified":"2024-08-07T15:06:41","modified_gmt":"2024-08-07T07:06:41","slug":"domande-sullinverter-ibrido-solare","status":"publish","type":"page","link":"https:\/\/luxpowertek.com\/it\/domande-sullinverter-ibrido-solare\/","title":{"rendered":"Domande frequenti sugli inverter ibridi solari"},"content":{"rendered":"<div class=\"banner has-hover\" id=\"banner-1281415119\">\n          <div class=\"banner-inner fill\">\n        <div class=\"banner-bg fill\" >\n            <div class=\"bg fill bg-fill\"><\/div>\n                        <div class=\"overlay\"><\/div>            \n                    <\/div>\n\t\t\n        <div class=\"banner-layers container\">\n            <div class=\"fill banner-link\"><\/div>            \n   <div id=\"text-box-1203169423\" class=\"text-box banner-layer x50 md-x50 lg-x50 y50 md-y50 lg-y50 res-text\">\n                                <div class=\"text-box-content text dark\">\n              \n              <div class=\"text-inner text-center\">\n                  \n              <\/div>\n           <\/div>\n                            \n<style>\n#text-box-1203169423 {\n  width: 60%;\n}\n#text-box-1203169423 .text-box-content {\n  font-size: 100%;\n}\n@media (min-width:550px) {\n  #text-box-1203169423 {\n    width: 60%;\n  }\n}\n<\/style>\n    <\/div>\n \n        <\/div>\n      <\/div>\n\n            \n<style>\n#banner-1281415119 {\n  padding-top: 500px;\n}\n#banner-1281415119 .bg.bg-loaded {\n  background-image: url(https:\/\/luxpowertek.com\/wp-content\/uploads\/2024\/04\/six.webp);\n}\n#banner-1281415119 .overlay {\n  background-color: rgba(0, 0, 0, 0.401);\n}\n<\/style>\n  <\/div>\n\n\n\t<section class=\"section\" id=\"section_739462065\">\n\t\t<div class=\"bg section-bg fill bg-fill  bg-loaded\" >\n\n\t\t\t\n\t\t\t\n\t\t\t\n\n\t\t<\/div>\n\n\t\t\n\n\t\t<div class=\"section-content relative\">\n\t\t\t\n<div class=\"row\"  id=\"row-491213096\">\n\n\t<div id=\"col-1273554385\" class=\"col small-12 large-12\"  >\n\t\t\t\t<div class=\"col-inner\"  >\n\t\t\t\n\t\t\t\n<p class=\"lead\" style=\"text-align: center;\"><strong><span style=\"font-size: 130%;\">Domande frequenti sugli inverter ibridi solari<\/span><\/strong><\/p>\n\t\t<\/div>\n\t\t\t\t\t<\/div>\n\n\t\n<\/div>\n<div class=\"row\"  id=\"row-1971597812\">\n\n\t<div id=\"col-1473330422\" class=\"col small-12 large-12\"  >\n\t\t\t\t<div class=\"col-inner\"  >\n\t\t\t\n\t\t\t\n<div class=\"accordion\">\n\t<div id=\"accordion-2597213446\" class=\"accordion-item\">\n\t\t<a id=\"accordion-2597213446-label\" class=\"accordion-title plain\" href=\"#accordion-item-does-lxp-us-12k-support-generator-remote-start-function-?\" aria-expanded=\"false\" aria-controls=\"accordion-2597213446-content\" >\n\t\t\t<button class=\"toggle\" aria-label=\"Attiva\/Disattiva\"><i class=\"icon-angle-down\"><\/i><\/button>\n\t\t\t<span>LXP-US 12K supporta la funzione di avviamento a distanza del generatore?<\/span>\n\t\t<\/a>\n\t\t<div id=\"accordion-2597213446-content\" class=\"accordion-inner\" aria-labelledby=\"accordion-2597213446-label\" >\n\t\t\t\n<p class=\"lead\"><span style=\"font-size: 80%;\">R: S\u00ec, la serie Luxpower 12kW facilita anche la funzione di autoavvio del generatore. Per abilitare questa funzione, assicurarsi che il generatore supporti la funzione di autoavvio. \u00c8 sufficiente collegare un cavo a 2 fili direttamente alla porta del contatto pulito.<\/span><\/p>\n\t\t<\/div>\n\t<\/div>\n\t\n\t<div id=\"accordion-1209123759\" class=\"accordion-item\">\n\t\t<a id=\"accordion-1209123759-label\" class=\"accordion-title plain\" href=\"#accordion-item-what-does-grid-peak-shaving-mean?\" aria-expanded=\"false\" aria-controls=\"accordion-1209123759-content\" >\n\t\t\t<button class=\"toggle\" aria-label=\"Attiva\/Disattiva\"><i class=\"icon-angle-down\"><\/i><\/button>\n\t\t\t<span>Cosa significa Grid Peak shaving?<\/span>\n\t\t<\/a>\n\t\t<div id=\"accordion-1209123759-content\" class=\"accordion-inner\" aria-labelledby=\"accordion-1209123759-label\" >\n\t\t\t\n<p class=\"lead\"><span style=\"font-size: 80%;\">R: Peak shaving significa che durante il periodo di peak-shaving, quando l'energia importata \u00e8 inferiore al valore limite, la batteria viene caricata. Quando la potenza importata dalla rete \u00e8 superiore al valore limite, la batteria si scarica per compensare l'eccesso di potenza.<\/span><\/p>\n\t\t<\/div>\n\t<\/div>\n\t\n\t<div id=\"accordion-647536512\" class=\"accordion-item\">\n\t\t<a id=\"accordion-647536512-label\" class=\"accordion-title plain\" href=\"#accordion-item-why-is-the-inverter-connected-to-the-ac-grid,-but-there&#039;s-no-eps-output-from-the-inverter?\" aria-expanded=\"false\" aria-controls=\"accordion-647536512-content\" >\n\t\t\t<button class=\"toggle\" aria-label=\"Attiva\/Disattiva\"><i class=\"icon-angle-down\"><\/i><\/button>\n\t\t\t<span>Perch\u00e9 l'inverter \u00e8 collegato alla rete CA, ma non vi \u00e8 alcuna uscita EPS dall'inverter?<\/span>\n\t\t<\/a>\n\t\t<div id=\"accordion-647536512-content\" class=\"accordion-inner\" aria-labelledby=\"accordion-647536512-label\" >\n\t\t\t\n<p class=\"lead\"><span style=\"font-size: 80%;\">R: Assicurarsi che la tensione di ingresso dalla rete sia stabile e rientri nell'intervallo 180-270V. Le fluttuazioni dell'ingresso in rete possono provocare frequenti commutazioni tra le modalit\u00e0 on-grid e off-grid, causando potenzialmente il guasto del rel\u00e8 di bypass. \u00c8 indispensabile indagare sulle cause principali dell'instabilit\u00e0 dell'ingresso di rete. Se necessario, \u00e8 necessario sostituire i componenti della scheda IO per risolvere efficacemente il problema.<\/span><\/p>\n\t\t<\/div>\n\t<\/div>\n\t\n\t<div id=\"accordion-921772057\" class=\"accordion-item\">\n\t\t<a id=\"accordion-921772057-label\" class=\"accordion-title plain\" href=\"#accordion-item-what&#039;s-the-function-of-dustproof-insulating-foam-for-mainboard\uff1f\" aria-expanded=\"false\" aria-controls=\"accordion-921772057-content\" >\n\t\t\t<button class=\"toggle\" aria-label=\"Attiva\/Disattiva\"><i class=\"icon-angle-down\"><\/i><\/button>\n\t\t\t<span>Qual \u00e8 la funzione della schiuma isolante antipolvere per la scheda madre?<\/span>\n\t\t<\/a>\n\t\t<div id=\"accordion-921772057-content\" class=\"accordion-inner\" aria-labelledby=\"accordion-921772057-label\" >\n\t\t\t\n<p class=\"lead\"><span style=\"font-size: 80%;\">R: Questo componente ha la funzione di prevenire l'accumulo di polvere e di isolare la scheda madre. Svolge un ruolo cruciale nel proteggere la scheda madre dagli effetti nocivi di polvere, sporcizia e altri agenti contaminanti. Inoltre, fornisce isolamento e assorbimento degli urti per garantire il funzionamento ottimale e la longevit\u00e0 della scheda madre.<\/span><\/p>\n\t\t<\/div>\n\t<\/div>\n\t\n<\/div>\n<div class=\"accordion\">\n\t<div id=\"accordion-1692599322\" class=\"accordion-item\">\n\t\t<a id=\"accordion-1692599322-label\" class=\"accordion-title plain\" href=\"#accordion-item-why-does-the-loss-of-sync-trigger-signal-happen-in-a-parallel-system?\" aria-expanded=\"false\" aria-controls=\"accordion-1692599322-content\" >\n\t\t\t<button class=\"toggle\" aria-label=\"Attiva\/Disattiva\"><i class=\"icon-angle-down\"><\/i><\/button>\n\t\t\t<span>Perch\u00e9 in un sistema parallelo si verifica la perdita del segnale di sincronizzazione?<\/span>\n\t\t<\/a>\n\t\t<div id=\"accordion-1692599322-content\" class=\"accordion-inner\" aria-labelledby=\"accordion-1692599322-label\" >\n\t\t\t\n<p class=\"lead\"><span style=\"font-size: 80%;\">R: Prima di procedere, esaminare il cavo CAN parallelo e la scheda di interfaccia. Se necessario, si consiglia di sostituire la scheda di interfaccia dell'unit\u00e0 e di eseguire un'ispezione approfondita. Se avete bisogno di ulteriore assistenza tecnica, non esitate a contattare il nostro team di supporto tecnico.<\/span><\/p>\n\t\t<\/div>\n\t<\/div>\n\t\n\t<div id=\"accordion-3970999421\" class=\"accordion-item\">\n\t\t<a id=\"accordion-3970999421-label\" class=\"accordion-title plain\" href=\"#accordion-item-can-i-use-the-installer-account-to-block-an-end-user-from-changing-settings?\" aria-expanded=\"false\" aria-controls=\"accordion-3970999421-content\" >\n\t\t\t<button class=\"toggle\" aria-label=\"Attiva\/Disattiva\"><i class=\"icon-angle-down\"><\/i><\/button>\n\t\t\t<span>\u00c8 possibile utilizzare l'account dell'installatore per bloccare un utente finale dalla modifica delle impostazioni?<\/span>\n\t\t<\/a>\n\t\t<div id=\"accordion-3970999421-content\" class=\"accordion-inner\" aria-labelledby=\"accordion-3970999421-label\" >\n\t\t\t\n<p class=\"lead\"><span style=\"font-size: 80%;\">R: S\u00ec, \u00e8 stato impostato l'accesso in sola lettura. Tuttavia, questa impostazione non sembra essere applicabile quando si tenta di configurare l'estremit\u00e0 dell'inverter utilizzando lo schermo LCD.<\/span><\/p>\n\t\t<\/div>\n\t<\/div>\n\t\n<\/div>\n\t\t<\/div>\n\t\t\t\t\t<\/div>\n\n\t\n\n\t<div id=\"col-1080980526\" class=\"col small-12 large-12\"  >\n\t\t\t\t<div class=\"col-inner\"  >\n\t\t\t\n\t\t\t\n<div class=\"accordion\">\n\t<div id=\"accordion-730155652\" class=\"accordion-item\">\n\t\t<a id=\"accordion-730155652-label\" class=\"accordion-title plain\" href=\"#accordion-item-why-is-there-no-display-of-battery-voltage-and-soc-despite-connecting-the-battery-to-the-inverter?\" aria-expanded=\"false\" aria-controls=\"accordion-730155652-content\" >\n\t\t\t<button class=\"toggle\" aria-label=\"Attiva\/Disattiva\"><i class=\"icon-angle-down\"><\/i><\/button>\n\t\t\t<span>Perch\u00e9 non viene visualizzata la tensione e il SOC della batteria nonostante il collegamento della batteria all'inverter?<\/span>\n\t\t<\/a>\n\t\t<div id=\"accordion-730155652-content\" class=\"accordion-inner\" aria-labelledby=\"accordion-730155652-label\" >\n\t\t\t\n<p class=\"lead\"><span style=\"font-size: 80%;\">R: Se si utilizza una batteria al litio, \u00e8 necessario assicurarsi che non vi siano errori di comunicazione tra l'inverter e la batteria. Se invece si utilizza una batteria al piombo, verificare le impostazioni della batteria e, se necessario, passare alla modalit\u00e0 piombo-acido.<\/span><\/p>\n\t\t<\/div>\n\t<\/div>\n\t\n\t<div id=\"accordion-2398814758\" class=\"accordion-item\">\n\t\t<a id=\"accordion-2398814758-label\" class=\"accordion-title plain\" href=\"#accordion-item-what-should-i-do-to-the-inverter-when-i-leave-home-for-a-long-time\uff1f\" aria-expanded=\"false\" aria-controls=\"accordion-2398814758-content\" >\n\t\t\t<button class=\"toggle\" aria-label=\"Attiva\/Disattiva\"><i class=\"icon-angle-down\"><\/i><\/button>\n\t\t\t<span>Cosa devo fare all'inverter quando mi allontano da casa per un lungo periodo?<\/span>\n\t\t<\/a>\n\t\t<div id=\"accordion-2398814758-content\" class=\"accordion-inner\" aria-labelledby=\"accordion-2398814758-label\" >\n\t\t\t\n<p class=\"lead\"><span style=\"font-size: 80%;\">R: Non ci sono rischi per la sicurezza quando si esce di casa. Inoltre, \u00e8 possibile effettuare il monitoraggio e le impostazioni a distanza tramite l'app.<\/span><\/p>\n\t\t<\/div>\n\t<\/div>\n\t\n<\/div>\n<div class=\"accordion\">\n<\/div>\n\t\t<\/div>\n\t\t\t\t\t<\/div>\n\n\t\n<\/div>\n\t\t<\/div>\n\n\t\t\n<style>\n#section_739462065 {\n  padding-top: 30px;\n  padding-bottom: 30px;\n}\n<\/style>\n\t<\/section>","protected":false},"excerpt":{"rendered":"","protected":false},"author":3,"featured_media":0,"parent":0,"menu_order":0,"comment_status":"closed","ping_status":"closed","template":"page-transparent-header-light.php","meta":{"rop_custom_images_group":[],"rop_custom_messages_group":[],"rop_publish_now":"initial","rop_publish_now_accounts":[],"rop_publish_now_history":[],"rop_publish_now_status":"pending","footnotes":""},"class_list":["post-8510","page","type-page","status-publish","hentry"],"yoast_head":"<!-- This site is optimized with the Yoast SEO plugin v27.3 - https:\/\/yoast.com\/product\/yoast-seo-wordpress\/ -->\n<title>Solar Hybrid Inverter FAQs -<\/title>\n<meta name=\"robots\" content=\"index, follow, max-snippet:-1, max-image-preview:large, max-video-preview:-1\" \/>\n<link rel=\"canonical\" href=\"https:\/\/luxpowertek.com\/it\/domande-sullinverter-ibrido-solare\/\" \/>\n<meta property=\"og:locale\" content=\"it_IT\" \/>\n<meta property=\"og:type\" content=\"article\" \/>\n<meta property=\"og:title\" content=\"Solar Hybrid Inverter FAQs -\" \/>\n<meta property=\"og:url\" content=\"https:\/\/luxpowertek.com\/it\/domande-sullinverter-ibrido-solare\/\" \/>\n<meta property=\"article:modified_time\" content=\"2024-08-07T07:06:41+00:00\" \/>\n<meta name=\"twitter:card\" content=\"summary_large_image\" \/>\n<meta name=\"twitter:label1\" content=\"Tempo di lettura stimato\" \/>\n\t<meta name=\"twitter:data1\" content=\"3 minuti\" \/>\n<script type=\"application\/ld+json\" class=\"yoast-schema-graph\">{\"@context\":\"https:\\\/\\\/schema.org\",\"@graph\":[{\"@type\":\"WebPage\",\"@id\":\"https:\\\/\\\/luxpowertek.com\\\/solar-hybrid-inverter-faqs\\\/\",\"url\":\"https:\\\/\\\/luxpowertek.com\\\/solar-hybrid-inverter-faqs\\\/\",\"name\":\"Solar Hybrid Inverter FAQs -\",\"isPartOf\":{\"@id\":\"https:\\\/\\\/luxpowertek.com\\\/#website\"},\"datePublished\":\"2024-04-08T06:52:45+00:00\",\"dateModified\":\"2024-08-07T07:06:41+00:00\",\"breadcrumb\":{\"@id\":\"https:\\\/\\\/luxpowertek.com\\\/solar-hybrid-inverter-faqs\\\/#breadcrumb\"},\"inLanguage\":\"it-IT\",\"potentialAction\":[{\"@type\":\"ReadAction\",\"target\":[\"https:\\\/\\\/luxpowertek.com\\\/solar-hybrid-inverter-faqs\\\/\"]}]},{\"@type\":\"BreadcrumbList\",\"@id\":\"https:\\\/\\\/luxpowertek.com\\\/solar-hybrid-inverter-faqs\\\/#breadcrumb\",\"itemListElement\":[{\"@type\":\"ListItem\",\"position\":1,\"name\":\"Home\",\"item\":\"https:\\\/\\\/luxpowertek.com\\\/\"},{\"@type\":\"ListItem\",\"position\":2,\"name\":\"Solar Hybrid Inverter FAQs\"}]},{\"@type\":\"WebSite\",\"@id\":\"https:\\\/\\\/luxpowertek.com\\\/#website\",\"url\":\"https:\\\/\\\/luxpowertek.com\\\/\",\"name\":\"\",\"description\":\"\",\"potentialAction\":[{\"@type\":\"SearchAction\",\"target\":{\"@type\":\"EntryPoint\",\"urlTemplate\":\"https:\\\/\\\/luxpowertek.com\\\/?s={search_term_string}\"},\"query-input\":{\"@type\":\"PropertyValueSpecification\",\"valueRequired\":true,\"valueName\":\"search_term_string\"}}],\"inLanguage\":\"it-IT\"}]}<\/script>\n<!-- \/ Yoast SEO plugin. -->","yoast_head_json":{"title":"Domande frequenti sull'inverter ibrido solare -","robots":{"index":"index","follow":"follow","max-snippet":"max-snippet:-1","max-image-preview":"max-image-preview:large","max-video-preview":"max-video-preview:-1"},"canonical":"https:\/\/luxpowertek.com\/it\/domande-sullinverter-ibrido-solare\/","og_locale":"it_IT","og_type":"article","og_title":"Solar Hybrid Inverter FAQs -","og_url":"https:\/\/luxpowertek.com\/it\/domande-sullinverter-ibrido-solare\/","article_modified_time":"2024-08-07T07:06:41+00:00","twitter_card":"summary_large_image","twitter_misc":{"Tempo di lettura stimato":"3 minuti"},"schema":{"@context":"https:\/\/schema.org","@graph":[{"@type":"WebPage","@id":"https:\/\/luxpowertek.com\/solar-hybrid-inverter-faqs\/","url":"https:\/\/luxpowertek.com\/solar-hybrid-inverter-faqs\/","name":"Domande frequenti sull'inverter ibrido solare -","isPartOf":{"@id":"https:\/\/luxpowertek.com\/#website"},"datePublished":"2024-04-08T06:52:45+00:00","dateModified":"2024-08-07T07:06:41+00:00","breadcrumb":{"@id":"https:\/\/luxpowertek.com\/solar-hybrid-inverter-faqs\/#breadcrumb"},"inLanguage":"it-IT","potentialAction":[{"@type":"ReadAction","target":["https:\/\/luxpowertek.com\/solar-hybrid-inverter-faqs\/"]}]},{"@type":"BreadcrumbList","@id":"https:\/\/luxpowertek.com\/solar-hybrid-inverter-faqs\/#breadcrumb","itemListElement":[{"@type":"ListItem","position":1,"name":"Home","item":"https:\/\/luxpowertek.com\/"},{"@type":"ListItem","position":2,"name":"Solar Hybrid Inverter FAQs"}]},{"@type":"WebSite","@id":"https:\/\/luxpowertek.com\/#website","url":"https:\/\/luxpowertek.com\/","name":"","description":"","potentialAction":[{"@type":"SearchAction","target":{"@type":"EntryPoint","urlTemplate":"https:\/\/luxpowertek.com\/?s={search_term_string}"},"query-input":{"@type":"PropertyValueSpecification","valueRequired":true,"valueName":"search_term_string"}}],"inLanguage":"it-IT"}]}},"_links":{"self":[{"href":"https:\/\/luxpowertek.com\/it\/wp-json\/wp\/v2\/pages\/8510","targetHints":{"allow":["GET"]}}],"collection":[{"href":"https:\/\/luxpowertek.com\/it\/wp-json\/wp\/v2\/pages"}],"about":[{"href":"https:\/\/luxpowertek.com\/it\/wp-json\/wp\/v2\/types\/page"}],"author":[{"embeddable":true,"href":"https:\/\/luxpowertek.com\/it\/wp-json\/wp\/v2\/users\/3"}],"replies":[{"embeddable":true,"href":"https:\/\/luxpowertek.com\/it\/wp-json\/wp\/v2\/comments?post=8510"}],"version-history":[{"count":12,"href":"https:\/\/luxpowertek.com\/it\/wp-json\/wp\/v2\/pages\/8510\/revisions"}],"predecessor-version":[{"id":11626,"href":"https:\/\/luxpowertek.com\/it\/wp-json\/wp\/v2\/pages\/8510\/revisions\/11626"}],"wp:attachment":[{"href":"https:\/\/luxpowertek.com\/it\/wp-json\/wp\/v2\/media?parent=8510"}],"curies":[{"name":"wp","href":"https:\/\/api.w.org\/{rel}","templated":true}]}}