{"id":2392,"date":"2021-12-24T13:03:17","date_gmt":"2021-12-24T05:03:17","guid":{"rendered":"https:\/\/nibianqi.bbswaimao.com\/?page_id=2392"},"modified":"2024-08-05T16:13:06","modified_gmt":"2024-08-05T08:13:06","slug":"lxp-acs-3600","status":"publish","type":"page","link":"https:\/\/luxpowertek.com\/it\/lxp-acs-3600\/","title":{"rendered":"LXP ACS 3600"},"content":{"rendered":"<div class=\"banner has-hover\" id=\"banner-514815593\">\n          <div class=\"banner-inner fill\">\n        <div class=\"banner-bg fill\" >\n            <div class=\"bg fill bg-fill\"><\/div>\n                        <div class=\"overlay\"><\/div>            \n                    <\/div>\n\t\t\n        <div class=\"banner-layers container\">\n            <div class=\"fill banner-link\"><\/div>            \n   <div id=\"text-box-1538620552\" class=\"text-box banner-layer x15 md-x15 lg-x15 y60 md-y60 lg-y60 res-text\">\n                                <div class=\"text-box-content text dark\">\n              \n              <div class=\"text-inner text-center\">\n                  \n\t<div id=\"text-1422050654\" class=\"text\">\n\t\t\n<p class=\"uppercase lead\"><span style=\"font-size: 200%;\"><strong>LXP ACS 3600<\/strong><\/span><\/p>\n\t\t\n<style>\n#text-1422050654 {\n  color: rgb(255, 255, 255);\n}\n#text-1422050654 > * {\n  color: rgb(255, 255, 255);\n}\n<\/style>\n\t<\/div>\n\t\n              <\/div>\n           <\/div>\n                            \n<style>\n#text-box-1538620552 {\n  width: 60%;\n}\n#text-box-1538620552 .text-box-content {\n  font-size: 100%;\n}\n<\/style>\n    <\/div>\n \n        <\/div>\n      <\/div>\n\n            \n<style>\n#banner-514815593 {\n  padding-top: 78%;\n}\n#banner-514815593 .bg.bg-loaded {\n  background-image: url(https:\/\/luxpowertek.com\/wp-content\/uploads\/2024\/07\/one-8.webp);\n}\n#banner-514815593 .overlay {\n  background-color: rgba(0, 0, 0, 0.221);\n}\n#banner-514815593 .bg {\n  background-position: 4% 0%;\n}\n@media (min-width:550px) {\n  #banner-514815593 {\n    padding-top: 47.04%;\n  }\n}\n<\/style>\n  <\/div>\n\n\n\t<section class=\"section custom_title_buttom\" id=\"section_1822084610\">\n\t\t<div class=\"bg section-bg fill bg-fill  bg-loaded\" >\n\n\t\t\t\n\t\t\t\n\t\t\t\n\n\t\t<\/div>\n\n\t\t\n\n\t\t<div class=\"section-content relative\">\n\t\t\t\n<div class=\"row\"  id=\"row-321804757\">\n\n\t<div id=\"col-2004846861\" class=\"col small-12 large-12\"  >\n\t\t\t\t<div class=\"col-inner text-center\"  >\n\t\t\t\n\t\t\t\n<h2>Prestazioni dell'inverter accoppiato in c.a.<\/h2>\n\t\t<\/div>\n\t\t\t\t\t<\/div>\n\n\t\n<\/div>\n\t\t<\/div>\n\n\t\t\n<style>\n#section_1822084610 {\n  padding-top: 9px;\n  padding-bottom: 9px;\n}\n@media (min-width:550px) {\n  #section_1822084610 {\n    padding-top: 30px;\n    padding-bottom: 30px;\n  }\n}\n<\/style>\n\t<\/section>\n\t\n\t<section class=\"section custom_productspage_section\" id=\"section_1850547824\">\n\t\t<div class=\"bg section-bg fill bg-fill  bg-loaded\" >\n\n\t\t\t\n\t\t\t\n\t\t\t\n\n\t\t<\/div>\n\n\t\t\n\n\t\t<div class=\"section-content relative\">\n\t\t\t\n<div class=\"row align-middle\"  id=\"row-1205595211\">\n\n\t<div id=\"col-1490497348\" class=\"col medium-6 small-12 large-6\"  >\n\t\t\t\t<div class=\"col-inner text-center\"  >\n\t\t\t\n\t\t\t\n\t<div class=\"img has-hover x md-x lg-x y md-y lg-y\" id=\"image_348823258\">\n\t\t\t\t\t\t\t\t<div class=\"img-inner dark\" >\n\t\t\t<img loading=\"lazy\" decoding=\"async\" width=\"1595\" height=\"1198\" src=\"https:\/\/luxpowertek.com\/wp-content\/uploads\/2023\/05\/AC-001.webp\" class=\"attachment-original size-original\" alt=\"\" srcset=\"https:\/\/luxpowertek.com\/wp-content\/uploads\/2023\/05\/AC-001.webp 1595w, https:\/\/luxpowertek.com\/wp-content\/uploads\/2023\/05\/AC-001-300x225.webp 300w, https:\/\/luxpowertek.com\/wp-content\/uploads\/2023\/05\/AC-001-1030x774.webp 1030w, https:\/\/luxpowertek.com\/wp-content\/uploads\/2023\/05\/AC-001-768x577.webp 768w, https:\/\/luxpowertek.com\/wp-content\/uploads\/2023\/05\/AC-001-1536x1154.webp 1536w, https:\/\/luxpowertek.com\/wp-content\/uploads\/2023\/05\/AC-001-800x601.webp 800w\" sizes=\"auto, (max-width: 1595px) 100vw, 1595px\" \/>\t\t\t\t\t\t\n\t\t\t\t\t<\/div>\n\t\t\t\t\t\t\t\t\n<style>\n#image_348823258 {\n  width: 60%;\n}\n<\/style>\n\t<\/div>\n\t\n\t\t<\/div>\n\t\t\t\t\t<\/div>\n\n\t\n\n\t<div id=\"col-1077944600\" class=\"col medium-6 small-12 large-6\"  >\n\t\t\t\t<div class=\"col-inner\"  >\n\t\t\t\n\t\t\t\n<ul>\n<li><span style=\"font-size: 120%\">UPS pi\u00f9 forte<\/span><\/li>\n<li><span style=\"font-size: 120%\">Accoppiamento CA Modalit\u00e0 di lavoro intelligenti<\/span><\/li>\n<li><span style=\"font-size: 120%\">Interfaccia del generatore disponibile<\/span><\/li>\n<\/ul>\n\t\t<\/div>\n\t\t\t\t\t<\/div>\n\n\t\n<\/div>\n\t\t<\/div>\n\n\t\t\n<style>\n#section_1850547824 {\n  padding-top: 0px;\n  padding-bottom: 0px;\n}\n@media (min-width:550px) {\n  #section_1850547824 {\n    padding-top: 55px;\n    padding-bottom: 55px;\n  }\n}\n<\/style>\n\t<\/section>\n\t\n\t<section class=\"section custom_productspage_section\" id=\"section_2066864205\">\n\t\t<div class=\"bg section-bg fill bg-fill  bg-loaded\" >\n\n\t\t\t\n\t\t\t\n\t\t\t\n\t<div class=\"is-border\"\n\t\tstyle=\"border-width:1 0px 0px 0px;\">\n\t<\/div>\n\n\t\t<\/div>\n\n\t\t\n\n\t\t<div class=\"section-content relative\">\n\t\t\t\n<div class=\"row align-middle\"  id=\"row-1046520136\">\n\n\t<div id=\"col-1024314271\" class=\"col hide-for-small medium-2 small-12 large-2\"  >\n\t\t\t\t<div class=\"col-inner\"  >\n\t\t\t\n\t\t\t\n\t\t<\/div>\n\t\t\t\t\t<\/div>\n\n\t\n\n\t<div id=\"col-1317968962\" class=\"col medium-4 small-12 large-4\"  >\n\t\t\t\t<div class=\"col-inner\"  >\n\t\t\t\n\t\t\t\n<ul>\n<li><span style=\"font-size: 120%\">Accoppiamento AC Facile da usare con la batteria<\/span><\/li>\n<li><span style=\"font-size: 120%\">IP65, uso interno ed esterno<\/span><\/li>\n<li><span style=\"font-size: 120%\">Monitoraggio e aggiornamento remoto gratuiti<\/span><\/li>\n<\/ul>\n\t\t<\/div>\n\t\t\t\t\t<\/div>\n\n\t\n\n\t<div id=\"col-2137926507\" class=\"col medium-6 small-12 large-6\"  >\n\t\t\t\t<div class=\"col-inner text-center\"  >\n\t\t\t\n\t\t\t\n\t<div class=\"img has-hover x md-x lg-x y md-y lg-y\" id=\"image_1661390023\">\n\t\t\t\t\t\t\t\t<div class=\"img-inner dark\" >\n\t\t\t<img loading=\"lazy\" decoding=\"async\" width=\"1224\" height=\"1001\" src=\"https:\/\/luxpowertek.com\/wp-content\/uploads\/2023\/05\/AC-003.webp\" class=\"attachment-original size-original\" alt=\"\" srcset=\"https:\/\/luxpowertek.com\/wp-content\/uploads\/2023\/05\/AC-003.webp 1224w, https:\/\/luxpowertek.com\/wp-content\/uploads\/2023\/05\/AC-003-300x245.webp 300w, https:\/\/luxpowertek.com\/wp-content\/uploads\/2023\/05\/AC-003-1030x842.webp 1030w, https:\/\/luxpowertek.com\/wp-content\/uploads\/2023\/05\/AC-003-768x628.webp 768w, https:\/\/luxpowertek.com\/wp-content\/uploads\/2023\/05\/AC-003-800x654.webp 800w\" sizes=\"auto, (max-width: 1224px) 100vw, 1224px\" \/>\t\t\t\t\t\t\n\t\t\t\t\t<\/div>\n\t\t\t\t\t\t\t\t\n<style>\n#image_1661390023 {\n  width: 60%;\n}\n<\/style>\n\t<\/div>\n\t\n\t\t<\/div>\n\t\t\t\t\t<\/div>\n\n\t\n<\/div>\n\t\t<\/div>\n\n\t\t\n<style>\n#section_2066864205 {\n  padding-top: 0px;\n  padding-bottom: 0px;\n}\n@media (min-width:550px) {\n  #section_2066864205 {\n    padding-top: 55px;\n    padding-bottom: 55px;\n  }\n}\n<\/style>\n\t<\/section>\n\t\n\t<section class=\"section custom_productspage_section\" id=\"section_2142710138\">\n\t\t<div class=\"bg section-bg fill bg-fill  bg-loaded\" >\n\n\t\t\t\n\t\t\t\n\t\t\t\n\n\t\t<\/div>\n\n\t\t\n\n\t\t<div class=\"section-content relative\">\n\t\t\t\n<div class=\"row align-middle\"  id=\"row-405371034\">\n\n\t<div id=\"col-811628951\" class=\"col medium-6 small-12 large-6\"  >\n\t\t\t\t<div class=\"col-inner text-center\"  >\n\t\t\t\n\t\t\t\n\t<div class=\"img has-hover x md-x lg-x y md-y lg-y\" id=\"image_534371855\">\n\t\t\t\t\t\t\t\t<div class=\"img-inner dark\" >\n\t\t\t<img loading=\"lazy\" decoding=\"async\" width=\"1221\" height=\"1000\" src=\"https:\/\/luxpowertek.com\/wp-content\/uploads\/2023\/05\/AC-002.webp\" class=\"attachment-original size-original\" alt=\"\" srcset=\"https:\/\/luxpowertek.com\/wp-content\/uploads\/2023\/05\/AC-002.webp 1221w, https:\/\/luxpowertek.com\/wp-content\/uploads\/2023\/05\/AC-002-300x246.webp 300w, https:\/\/luxpowertek.com\/wp-content\/uploads\/2023\/05\/AC-002-1030x844.webp 1030w, https:\/\/luxpowertek.com\/wp-content\/uploads\/2023\/05\/AC-002-768x629.webp 768w, https:\/\/luxpowertek.com\/wp-content\/uploads\/2023\/05\/AC-002-800x655.webp 800w\" sizes=\"auto, (max-width: 1221px) 100vw, 1221px\" \/>\t\t\t\t\t\t\n\t\t\t\t\t<\/div>\n\t\t\t\t\t\t\t\t\n<style>\n#image_534371855 {\n  width: 60%;\n}\n<\/style>\n\t<\/div>\n\t\n\t\t<\/div>\n\t\t\t\t\t<\/div>\n\n\t\n\n\t<div id=\"col-737033\" class=\"col medium-6 small-12 large-6\"  >\n\t\t\t\t<div class=\"col-inner\"  >\n\t\t\t\n\t\t\t\n<ul>\n<li><span style=\"font-size: 120%\">Adattare qualsiasi sistema on-grid in modo che possa funzionare a batteria.<\/span><\/li>\n<li><span style=\"font-size: 120%\">Plug &amp; Play, commutazione continua sotto i 10 ms<\/span><\/li>\n<li><span style=\"font-size: 120%\">Collaborare con le utenze per gestire in modo intelligente la batteria e risparmiare sulle bollette<\/span><\/li>\n<\/ul>\n\t\t<\/div>\n\t\t\t\t\t<\/div>\n\n\t\n<\/div>\n\t\t<\/div>\n\n\t\t\n<style>\n#section_2142710138 {\n  padding-top: 0px;\n  padding-bottom: 0px;\n}\n@media (min-width:550px) {\n  #section_2142710138 {\n    padding-top: 55px;\n    padding-bottom: 55px;\n  }\n}\n<\/style>\n\t<\/section>\n\t\n\t<section class=\"section custom_title_buttom has-parallax\" id=\"section_1727800165\">\n\t\t<div class=\"bg section-bg fill bg-fill\" data-parallax-container=\".section\" data-parallax-background data-parallax=\"-10\">\n\n\t\t\t\n\t\t\t<div class=\"section-bg-overlay absolute fill\"><\/div>\n\t\t\t\n\n\t\t<\/div>\n\n\t\t\n\n\t\t<div class=\"section-content relative\">\n\t\t\t\n<div class=\"row\"  id=\"row-1002818597\">\n\n\t<div id=\"col-890921977\" class=\"col small-12 large-12\"  >\n\t\t\t\t<div class=\"col-inner text-center\"  >\n\t\t\t\n\t\t\t\n<h2>Efficienza dell'inverter accoppiato in CA<\/h2>\n\t\t<\/div>\n\t\t\t\t\t<\/div>\n\n\t\n<\/div>\n<div class=\"row\"  id=\"row-838574830\">\n\n\t<div id=\"col-1257079095\" class=\"col hide-for-small medium-2 small-12 large-2\"  >\n\t\t\t\t<div class=\"col-inner\"  >\n\t\t\t\n\t\t\t\n\t\t<\/div>\n\t\t\t\t\t<\/div>\n\n\t\n\n\t<div id=\"col-1008289959\" class=\"col medium-8 small-12 large-8\"  >\n\t\t\t\t<div class=\"col-inner\"  >\n\t\t\t\n\t\t\t\n<div class=\"row\"  id=\"row-314854935\">\n\n\t<div id=\"col-384341284\" class=\"col medium-6 small-12 large-6\"  data-animate=\"flipInX\">\n\t\t\t\t<div class=\"col-inner\"  >\n\t\t\t\n\t\t\t\n\t<div id=\"text-1239611708\" class=\"text\">\n\t\t\n<p><span style=\"font-size: 450%\">97.5%<\/span><\/p>\n<h3>Europa Efficienza<\/h3>\n\t\t\n<style>\n#text-1239611708 {\n  text-align: center;\n}\n<\/style>\n\t<\/div>\n\t\n\t\t<\/div>\n\t\t\t\t\t<\/div>\n\n\t\n\n\t<div id=\"col-1550889604\" class=\"col medium-6 small-12 large-6\"  data-animate=\"flipInX\">\n\t\t\t\t<div class=\"col-inner\"  >\n\t\t\t\n\t\t\t\n\t<div id=\"text-3594108662\" class=\"text\">\n\t\t\n<p><span style=\"font-size: 450%\">97.9%<\/span><\/p>\n<h3>Efficienza massima<\/h3>\n\t\t\n<style>\n#text-3594108662 {\n  text-align: center;\n}\n<\/style>\n\t<\/div>\n\t\n\t\t<\/div>\n\t\t\t\t\t<\/div>\n\n\t\n<\/div>\n\t\t<\/div>\n\t\t\t\t\t<\/div>\n\n\t\n\n\t<div id=\"col-1445118907\" class=\"col hide-for-small medium-2 small-12 large-2\"  >\n\t\t\t\t<div class=\"col-inner\"  >\n\t\t\t\n\t\t\t\n\t\t<\/div>\n\t\t\t\t\t<\/div>\n\n\t\n<\/div>\n\t\t<\/div>\n\n\t\t\n<style>\n#section_1727800165 {\n  padding-top: 9px;\n  padding-bottom: 9px;\n}\n#section_1727800165 .section-bg-overlay {\n  background-color: rgba(255, 255, 255, 0.9);\n}\n#section_1727800165 .section-bg.bg-loaded {\n  background-image: url(https:\/\/luxpowertek.com\/wp-content\/uploads\/2021\/12\/ACS3600.jpg);\n}\n@media (min-width:550px) {\n  #section_1727800165 {\n    padding-top: 30px;\n    padding-bottom: 30px;\n  }\n}\n<\/style>\n\t<\/section>\n\t\n\t<section class=\"section custom_title_buttom\" id=\"section_1416661783\">\n\t\t<div class=\"bg section-bg fill bg-fill  bg-loaded\" >\n\n\t\t\t\n\t\t\t\n\t\t\t\n\n\t\t<\/div>\n\n\t\t\n\n\t\t<div class=\"section-content relative\">\n\t\t\t\n<div class=\"row\"  id=\"row-1416569957\">\n\n\t<div id=\"col-1931884940\" class=\"col small-12 large-12\"  >\n\t\t\t\t<div class=\"col-inner text-center\"  >\n\t\t\t\n\t\t\t\n<h2>Applicazione dell'inverter accoppiato in c.a.<\/h2>\n\t\t<\/div>\n\t\t\t\t\t<\/div>\n\n\t\n<\/div>\n<div class=\"row\"  id=\"row-335340982\">\n\n\t<div id=\"col-445627819\" class=\"col small-12 large-12\"  >\n\t\t\t\t<div class=\"col-inner text-center\"  >\n\t\t\t\n\t\t\t\n<h3>Connessione al sistema<\/h3>\n<div class=\"is-divider divider clearfix\" style=\"max-width:60px;background-color:rgb(96, 169, 132);\"><\/div>\n\t<div id=\"text-4215255452\" class=\"text\">\n\t\t\n<p>Per retrofittare un sistema solare on-grid esistente in un sistema ibrido di accumulo di energia solare non potrebbe essere pi\u00f9 semplice che installare un inverter serie LXP AC accoppiato sul lato AC con un pacco batterie.<br \/>\n\t\t\n<style>\n#text-4215255452 {\n  text-align: left;\n}\n<\/style>\n\t<\/div>\n\t\n\t<div class=\"img has-hover x md-x lg-x y md-y lg-y\" id=\"image_1776170963\">\n\t\t\t\t\t\t\t\t<div class=\"img-inner dark\" >\n\t\t\t<img loading=\"lazy\" decoding=\"async\" width=\"711\" height=\"537\" src=\"https:\/\/luxpowertek.com\/wp-content\/uploads\/2021\/12\/acapplication1.png\" class=\"attachment-original size-original\" alt=\"inverter energia solare\" srcset=\"https:\/\/luxpowertek.com\/wp-content\/uploads\/2021\/12\/acapplication1.png 711w, https:\/\/luxpowertek.com\/wp-content\/uploads\/2021\/12\/acapplication1-300x227.png 300w\" sizes=\"auto, (max-width: 711px) 100vw, 711px\" \/>\t\t\t\t\t\t\n\t\t\t\t\t<\/div>\n\t\t\t\t\t\t\t\t\n<style>\n#image_1776170963 {\n  width: 56%;\n}\n<\/style>\n\t<\/div>\n\t\n\t\t<\/div>\n\t\t\t\t\t<\/div>\n\n\t\n<\/div>\n\t\t<\/div>\n\n\t\t\n<style>\n#section_1416661783 {\n  padding-top: 9px;\n  padding-bottom: 9px;\n}\n@media (min-width:550px) {\n  #section_1416661783 {\n    padding-top: 30px;\n    padding-bottom: 30px;\n  }\n}\n<\/style>\n\t<\/section>\n\t\n\t<section class=\"section\" id=\"section_1432116208\">\n\t\t<div class=\"bg section-bg fill bg-fill  bg-loaded\" >\n\n\t\t\t\n\t\t\t\n\t\t\t\n\n\t\t<\/div>\n\n\t\t\n\n\t\t<div class=\"section-content relative\">\n\t\t\t\n<div class=\"row\"  id=\"row-631105560\">\n\n\t<div id=\"col-791196128\" class=\"col small-12 large-12\"  >\n\t\t\t\t<div class=\"col-inner text-center\"  >\n\t\t\t\n\t\t\t\n<h3>Accoppiamento CA Modalit\u00e0 di lavoro variabili<\/h3>\n<div class=\"is-divider divider clearfix\" style=\"max-width:60px;background-color:rgb(96, 169, 132);\"><\/div>\n\t<div id=\"text-1574087328\" class=\"text\">\n\t\t\n<p>In modalit\u00e0 di autoconsumo, l'inverter accoppiato alla rete rileva la potenza generata dall'inverter on-grid, che verr\u00e0 utilizzata per prima dai carichi locali, mentre il resto verr\u00e0 immagazzinato nella batteria utilizzando l'inverter accoppiato alla rete, mentre la potenza in eccesso verr\u00e0 reimmessa nella rete. Questa \u00e8 la modalit\u00e0 predefinita che aumenter\u00e0 il tasso di autoconsumo e ridurr\u00e0 significativamente la bolletta energetica.<br \/>\n\t\t\n<style>\n#text-1574087328 {\n  text-align: left;\n}\n<\/style>\n\t<\/div>\n\t\n\t<div class=\"img has-hover x md-x lg-x y md-y lg-y\" id=\"image_1392636378\">\n\t\t\t\t\t\t\t\t<div class=\"img-inner dark\" >\n\t\t\t<img loading=\"lazy\" decoding=\"async\" width=\"851\" height=\"455\" src=\"https:\/\/luxpowertek.com\/wp-content\/uploads\/2021\/12\/acapplication3.png\" class=\"attachment-original size-original\" alt=\"inverter solare\" srcset=\"https:\/\/luxpowertek.com\/wp-content\/uploads\/2021\/12\/acapplication3.png 851w, https:\/\/luxpowertek.com\/wp-content\/uploads\/2021\/12\/acapplication3-300x160.png 300w, https:\/\/luxpowertek.com\/wp-content\/uploads\/2021\/12\/acapplication3-768x411.png 768w, https:\/\/luxpowertek.com\/wp-content\/uploads\/2021\/12\/acapplication3-800x428.png 800w\" sizes=\"auto, (max-width: 851px) 100vw, 851px\" \/>\t\t\t\t\t\t\n\t\t\t\t\t<\/div>\n\t\t\t\t\t\t\t\t\n<style>\n#image_1392636378 {\n  width: 64%;\n}\n<\/style>\n\t<\/div>\n\t\n\t\t<\/div>\n\t\t\t\t\t<\/div>\n\n\t\n<\/div>\n\t\t<\/div>\n\n\t\t\n<style>\n#section_1432116208 {\n  padding-top: 30px;\n  padding-bottom: 30px;\n}\n<\/style>\n\t<\/section>","protected":false},"excerpt":{"rendered":"","protected":false},"author":1,"featured_media":1659,"parent":0,"menu_order":0,"comment_status":"closed","ping_status":"closed","template":"page-transparent-header-light.php","meta":{"rop_custom_images_group":[],"rop_custom_messages_group":[],"rop_publish_now":"initial","rop_publish_now_accounts":[],"rop_publish_now_history":[],"rop_publish_now_status":"pending","footnotes":""},"class_list":["post-2392","page","type-page","status-publish","has-post-thumbnail","hentry"],"yoast_head":"<!-- This site is optimized with the Yoast SEO plugin v27.3 - https:\/\/yoast.com\/product\/yoast-seo-wordpress\/ -->\n<title>LXP ACS 3600 - Solar Battery System Ac Coupled Inverter<\/title>\n<meta name=\"description\" content=\"Advanced AC coupled off-grid systems use modern solar inverters to convert solar DC power directly into AC power.\" \/>\n<meta name=\"robots\" content=\"index, follow, max-snippet:-1, max-image-preview:large, max-video-preview:-1\" \/>\n<link rel=\"canonical\" href=\"https:\/\/luxpowertek.com\/it\/lxp-acs-3600\/\" \/>\n<meta property=\"og:locale\" content=\"it_IT\" \/>\n<meta property=\"og:type\" content=\"article\" \/>\n<meta property=\"og:title\" content=\"LXP ACS 3600 - Solar Battery System Ac Coupled Inverter\" \/>\n<meta property=\"og:description\" content=\"Advanced AC coupled off-grid systems use modern solar inverters to convert solar DC power directly into AC power.\" \/>\n<meta property=\"og:url\" content=\"https:\/\/luxpowertek.com\/it\/lxp-acs-3600\/\" \/>\n<meta property=\"article:publisher\" content=\"https:\/\/www.facebook.com\/LUXPOWERTEK\" \/>\n<meta property=\"article:modified_time\" content=\"2024-08-05T08:13:06+00:00\" \/>\n<meta property=\"og:image\" content=\"https:\/\/luxpowertek.com\/wp-content\/uploads\/2021\/12\/Luxpower-inverter-ACS3600-2-min.jpg\" \/>\n\t<meta property=\"og:image:width\" content=\"800\" \/>\n\t<meta property=\"og:image:height\" content=\"800\" \/>\n\t<meta property=\"og:image:type\" content=\"image\/jpeg\" \/>\n<meta name=\"twitter:card\" content=\"summary_large_image\" \/>\n<meta name=\"twitter:label1\" content=\"Tempo di lettura stimato\" \/>\n\t<meta name=\"twitter:data1\" content=\"2 minuti\" \/>\n<script type=\"application\/ld+json\" class=\"yoast-schema-graph\">{\"@context\":\"https:\\\/\\\/schema.org\",\"@graph\":[{\"@type\":\"WebPage\",\"@id\":\"https:\\\/\\\/luxpowertek.com\\\/lxp-acs-3600\\\/\",\"url\":\"https:\\\/\\\/luxpowertek.com\\\/lxp-acs-3600\\\/\",\"name\":\"LXP ACS 3600 - Solar Battery System Ac Coupled Inverter\",\"isPartOf\":{\"@id\":\"https:\\\/\\\/luxpowertek.com\\\/#website\"},\"primaryImageOfPage\":{\"@id\":\"https:\\\/\\\/luxpowertek.com\\\/lxp-acs-3600\\\/#primaryimage\"},\"image\":{\"@id\":\"https:\\\/\\\/luxpowertek.com\\\/lxp-acs-3600\\\/#primaryimage\"},\"thumbnailUrl\":\"https:\\\/\\\/luxpowertek.com\\\/wp-content\\\/uploads\\\/2021\\\/12\\\/Luxpower-inverter-ACS3600-2-min.jpg\",\"datePublished\":\"2021-12-24T05:03:17+00:00\",\"dateModified\":\"2024-08-05T08:13:06+00:00\",\"description\":\"Advanced AC coupled off-grid systems use modern solar inverters to convert solar DC power directly into AC power.\",\"breadcrumb\":{\"@id\":\"https:\\\/\\\/luxpowertek.com\\\/lxp-acs-3600\\\/#breadcrumb\"},\"inLanguage\":\"it-IT\",\"potentialAction\":[{\"@type\":\"ReadAction\",\"target\":[\"https:\\\/\\\/luxpowertek.com\\\/lxp-acs-3600\\\/\"]}]},{\"@type\":\"ImageObject\",\"inLanguage\":\"it-IT\",\"@id\":\"https:\\\/\\\/luxpowertek.com\\\/lxp-acs-3600\\\/#primaryimage\",\"url\":\"https:\\\/\\\/luxpowertek.com\\\/wp-content\\\/uploads\\\/2021\\\/12\\\/Luxpower-inverter-ACS3600-2-min.jpg\",\"contentUrl\":\"https:\\\/\\\/luxpowertek.com\\\/wp-content\\\/uploads\\\/2021\\\/12\\\/Luxpower-inverter-ACS3600-2-min.jpg\",\"width\":800,\"height\":800,\"caption\":\"AC COUPLED INVERTER\"},{\"@type\":\"BreadcrumbList\",\"@id\":\"https:\\\/\\\/luxpowertek.com\\\/lxp-acs-3600\\\/#breadcrumb\",\"itemListElement\":[{\"@type\":\"ListItem\",\"position\":1,\"name\":\"Home\",\"item\":\"https:\\\/\\\/luxpowertek.com\\\/\"},{\"@type\":\"ListItem\",\"position\":2,\"name\":\"LXP ACS 3600\"}]},{\"@type\":\"WebSite\",\"@id\":\"https:\\\/\\\/luxpowertek.com\\\/#website\",\"url\":\"https:\\\/\\\/luxpowertek.com\\\/\",\"name\":\"\",\"description\":\"\",\"publisher\":{\"@id\":\"https:\\\/\\\/luxpowertek.com\\\/#organization\"},\"potentialAction\":[{\"@type\":\"SearchAction\",\"target\":{\"@type\":\"EntryPoint\",\"urlTemplate\":\"https:\\\/\\\/luxpowertek.com\\\/?s={search_term_string}\"},\"query-input\":{\"@type\":\"PropertyValueSpecification\",\"valueRequired\":true,\"valueName\":\"search_term_string\"}}],\"inLanguage\":\"it-IT\"},{\"@type\":\"Organization\",\"@id\":\"https:\\\/\\\/luxpowertek.com\\\/#organization\",\"name\":\"LuxpowerTek\",\"url\":\"https:\\\/\\\/luxpowertek.com\\\/\",\"logo\":{\"@type\":\"ImageObject\",\"inLanguage\":\"it-IT\",\"@id\":\"https:\\\/\\\/luxpowertek.com\\\/#\\\/schema\\\/logo\\\/image\\\/\",\"url\":\"https:\\\/\\\/luxpowertek.com\\\/wp-content\\\/uploads\\\/2024\\\/08\\\/Luxpower_logo_new.webp\",\"contentUrl\":\"https:\\\/\\\/luxpowertek.com\\\/wp-content\\\/uploads\\\/2024\\\/08\\\/Luxpower_logo_new.webp\",\"width\":1030,\"height\":186,\"caption\":\"LuxpowerTek\"},\"image\":{\"@id\":\"https:\\\/\\\/luxpowertek.com\\\/#\\\/schema\\\/logo\\\/image\\\/\"},\"sameAs\":[\"https:\\\/\\\/www.facebook.com\\\/LUXPOWERTEK\"]}]}<\/script>\n<!-- \/ Yoast SEO plugin. -->","yoast_head_json":{"title":"LXP ACS 3600 - Inverter accoppiato Ac per sistemi di batterie solari","description":"I sistemi avanzati off-grid accoppiati a corrente alternata utilizzano moderni inverter solari per convertire l'energia solare in corrente continua direttamente in corrente alternata.","robots":{"index":"index","follow":"follow","max-snippet":"max-snippet:-1","max-image-preview":"max-image-preview:large","max-video-preview":"max-video-preview:-1"},"canonical":"https:\/\/luxpowertek.com\/it\/lxp-acs-3600\/","og_locale":"it_IT","og_type":"article","og_title":"LXP ACS 3600 - Solar Battery System Ac Coupled Inverter","og_description":"Advanced AC coupled off-grid systems use modern solar inverters to convert solar DC power directly into AC power.","og_url":"https:\/\/luxpowertek.com\/it\/lxp-acs-3600\/","article_publisher":"https:\/\/www.facebook.com\/LUXPOWERTEK","article_modified_time":"2024-08-05T08:13:06+00:00","og_image":[{"width":800,"height":800,"url":"https:\/\/luxpowertek.com\/wp-content\/uploads\/2021\/12\/Luxpower-inverter-ACS3600-2-min.jpg","type":"image\/jpeg"}],"twitter_card":"summary_large_image","twitter_misc":{"Tempo di lettura stimato":"2 minuti"},"schema":{"@context":"https:\/\/schema.org","@graph":[{"@type":"WebPage","@id":"https:\/\/luxpowertek.com\/lxp-acs-3600\/","url":"https:\/\/luxpowertek.com\/lxp-acs-3600\/","name":"LXP ACS 3600 - Inverter accoppiato Ac per sistemi di batterie solari","isPartOf":{"@id":"https:\/\/luxpowertek.com\/#website"},"primaryImageOfPage":{"@id":"https:\/\/luxpowertek.com\/lxp-acs-3600\/#primaryimage"},"image":{"@id":"https:\/\/luxpowertek.com\/lxp-acs-3600\/#primaryimage"},"thumbnailUrl":"https:\/\/luxpowertek.com\/wp-content\/uploads\/2021\/12\/Luxpower-inverter-ACS3600-2-min.jpg","datePublished":"2021-12-24T05:03:17+00:00","dateModified":"2024-08-05T08:13:06+00:00","description":"I sistemi avanzati off-grid accoppiati a corrente alternata utilizzano moderni inverter solari per convertire l'energia solare in corrente continua direttamente in corrente alternata.","breadcrumb":{"@id":"https:\/\/luxpowertek.com\/lxp-acs-3600\/#breadcrumb"},"inLanguage":"it-IT","potentialAction":[{"@type":"ReadAction","target":["https:\/\/luxpowertek.com\/lxp-acs-3600\/"]}]},{"@type":"ImageObject","inLanguage":"it-IT","@id":"https:\/\/luxpowertek.com\/lxp-acs-3600\/#primaryimage","url":"https:\/\/luxpowertek.com\/wp-content\/uploads\/2021\/12\/Luxpower-inverter-ACS3600-2-min.jpg","contentUrl":"https:\/\/luxpowertek.com\/wp-content\/uploads\/2021\/12\/Luxpower-inverter-ACS3600-2-min.jpg","width":800,"height":800,"caption":"AC COUPLED INVERTER"},{"@type":"BreadcrumbList","@id":"https:\/\/luxpowertek.com\/lxp-acs-3600\/#breadcrumb","itemListElement":[{"@type":"ListItem","position":1,"name":"Home","item":"https:\/\/luxpowertek.com\/"},{"@type":"ListItem","position":2,"name":"LXP ACS 3600"}]},{"@type":"WebSite","@id":"https:\/\/luxpowertek.com\/#website","url":"https:\/\/luxpowertek.com\/","name":"","description":"","publisher":{"@id":"https:\/\/luxpowertek.com\/#organization"},"potentialAction":[{"@type":"SearchAction","target":{"@type":"EntryPoint","urlTemplate":"https:\/\/luxpowertek.com\/?s={search_term_string}"},"query-input":{"@type":"PropertyValueSpecification","valueRequired":true,"valueName":"search_term_string"}}],"inLanguage":"it-IT"},{"@type":"Organization","@id":"https:\/\/luxpowertek.com\/#organization","name":"Prodotti","url":"https:\/\/luxpowertek.com\/","logo":{"@type":"ImageObject","inLanguage":"it-IT","@id":"https:\/\/luxpowertek.com\/#\/schema\/logo\/image\/","url":"https:\/\/luxpowertek.com\/wp-content\/uploads\/2024\/08\/Luxpower_logo_new.webp","contentUrl":"https:\/\/luxpowertek.com\/wp-content\/uploads\/2024\/08\/Luxpower_logo_new.webp","width":1030,"height":186,"caption":"LuxpowerTek"},"image":{"@id":"https:\/\/luxpowertek.com\/#\/schema\/logo\/image\/"},"sameAs":["https:\/\/www.facebook.com\/LUXPOWERTEK"]}]}},"_links":{"self":[{"href":"https:\/\/luxpowertek.com\/it\/wp-json\/wp\/v2\/pages\/2392","targetHints":{"allow":["GET"]}}],"collection":[{"href":"https:\/\/luxpowertek.com\/it\/wp-json\/wp\/v2\/pages"}],"about":[{"href":"https:\/\/luxpowertek.com\/it\/wp-json\/wp\/v2\/types\/page"}],"author":[{"embeddable":true,"href":"https:\/\/luxpowertek.com\/it\/wp-json\/wp\/v2\/users\/1"}],"replies":[{"embeddable":true,"href":"https:\/\/luxpowertek.com\/it\/wp-json\/wp\/v2\/comments?post=2392"}],"version-history":[{"count":2,"href":"https:\/\/luxpowertek.com\/it\/wp-json\/wp\/v2\/pages\/2392\/revisions"}],"predecessor-version":[{"id":11524,"href":"https:\/\/luxpowertek.com\/it\/wp-json\/wp\/v2\/pages\/2392\/revisions\/11524"}],"wp:featuredmedia":[{"embeddable":true,"href":"https:\/\/luxpowertek.com\/it\/wp-json\/wp\/v2\/media\/1659"}],"wp:attachment":[{"href":"https:\/\/luxpowertek.com\/it\/wp-json\/wp\/v2\/media?parent=2392"}],"curies":[{"name":"wp","href":"https:\/\/api.w.org\/{rel}","templated":true}]}}