{"id":2364,"date":"2021-12-24T11:21:35","date_gmt":"2021-12-24T03:21:35","guid":{"rendered":"https:\/\/nibianqi.bbswaimao.com\/?page_id=2364"},"modified":"2022-03-24T11:44:50","modified_gmt":"2022-03-24T03:44:50","slug":"inverter-accoppiato-in-ac","status":"publish","type":"page","link":"https:\/\/luxpowertek.com\/it\/inverter-accoppiato-in-ac\/","title":{"rendered":"Inverter accoppiato in CA"},"content":{"rendered":"<section class=\"section custom_title_buttom\" id=\"section_180925449\">\n\t\t<div class=\"bg section-bg fill bg-fill  bg-loaded\" >\n\n\t\t\t\n\t\t\t\n\t\t\t\n\n\t\t<\/div>\n\n\t\t\n\n\t\t<div class=\"section-content relative\">\n\t\t\t\n<div class=\"row\"  id=\"row-1459523\">\n\n\t<div id=\"col-2091738742\" class=\"col small-12 large-12\"  >\n\t\t\t\t<div class=\"col-inner text-center\"  >\n\t\t\t\n\t\t\t\n<h1>Inverter accoppiato in CA<\/h1>\n<div class=\"row\"  id=\"row-267332240\">\n\n\t<div id=\"col-1863721412\" class=\"col hide-for-small medium-3 small-6 large-3\"  >\n\t\t\t\t<div class=\"col-inner\"  >\n\t\t\t\n\t\t\t\n\t\t<\/div>\n\t\t\t\t\t<\/div>\n\n\t\n\n\t<div id=\"col-1616985316\" class=\"col medium-3 small-6 large-3\"  >\n\t\t\t\t<div class=\"col-inner\"  >\n\t\t\t\n\t\t\t\n\t<div class=\"box has-hover   has-hover box-text-bottom\" >\n\n\t\t<div class=\"box-image\" >\n\t\t\t<a href=\"https:\/\/luxpowertek.com\/it\/lxp-sqpod-3600\/\" >\t\t\t<div class=\"image-zoom\" >\n\t\t\t\t<img loading=\"lazy\" decoding=\"async\" width=\"800\" height=\"800\" src=\"https:\/\/luxpowertek.com\/wp-content\/uploads\/2021\/12\/Luxpower-inverter-SQPOD-1-min.png\" class=\"attachment-original size-original\" alt=\"inverter uxpower SQPOD 1-min\" \/>\t\t\t\t\t\t\t\t\t\t\t<\/div>\n\t\t\t<\/a>\t\t<\/div>\n\n\t\t<div class=\"box-text text-center\" >\n\t\t\t<div class=\"box-text-inner\">\n\t\t\t\t\n<h3><a href=\"https:\/\/luxpowertek.com\/it\/lxp-sqpod-3600\/\">Inverter Luxpower SQPOD<\/a><\/h3>\n\t\t\t<\/div>\n\t\t<\/div>\n\t<\/div>\n\t\n\t\t<\/div>\n\t\t\t\t\t<\/div>\n\n\t\n\n\t<div id=\"col-475212411\" class=\"col medium-3 small-6 large-3\"  >\n\t\t\t\t<div class=\"col-inner\"  >\n\t\t\t\n\t\t\t\n\t<div class=\"box has-hover   has-hover box-text-bottom\" >\n\n\t\t<div class=\"box-image\" >\n\t\t\t<a href=\"https:\/\/luxpowertek.com\/it\/lxp-acs-3600\/\" >\t\t\t<div class=\"image-zoom\" >\n\t\t\t\t<img loading=\"lazy\" decoding=\"async\" width=\"800\" height=\"800\" src=\"https:\/\/luxpowertek.com\/wp-content\/uploads\/2021\/12\/Luxpower-inverter-ACS3600-1-min.png\" class=\"attachment-original size-original\" alt=\"\" \/>\t\t\t\t\t\t\t\t\t\t\t<\/div>\n\t\t\t<\/a>\t\t<\/div>\n\n\t\t<div class=\"box-text text-center\" >\n\t\t\t<div class=\"box-text-inner\">\n\t\t\t\t\n<h3><a href=\"https:\/\/luxpowertek.com\/it\/lxp-acs-3600\/\">Inverter Luxpower ACS3600<\/a><\/h3>\n\t\t\t<\/div>\n\t\t<\/div>\n\t<\/div>\n\t\n\t\t<\/div>\n\t\t\t\t\t<\/div>\n\n\t\n\n\t<div id=\"col-1741132637\" class=\"col hide-for-small medium-3 small-6 large-3\"  >\n\t\t\t\t<div class=\"col-inner\"  >\n\t\t\t\n\t\t\t\n\t\t<\/div>\n\t\t\t\t\t<\/div>\n\n\t\n<\/div>\n\t\t<\/div>\n\t\t\t\t\t<\/div>\n\n\t\n<\/div>\n\t\t<\/div>\n\n\t\t\n<style>\n#section_180925449 {\n  padding-top: 30px;\n  padding-bottom: 30px;\n}\n<\/style>\n\t<\/section>\n\t\n\t<section class=\"section custom_title_buttom custom_title_alian\" id=\"section_835991292\">\n\t\t<div class=\"bg section-bg fill bg-fill  bg-loaded\" >\n\n\t\t\t\n\t\t\t\n\t\t\t\n\n\t\t<\/div>\n\n\t\t\n\n\t\t<div class=\"section-content relative\">\n\t\t\t\n<div class=\"row\"  id=\"row-1639435517\">\n\n\t<div id=\"col-1596954643\" class=\"col small-12 large-12\"  >\n\t\t\t\t<div class=\"col-inner\"  >\n\t\t\t\n\t\t\t\n\t<div id=\"text-1549726824\" class=\"text\">\n\t\t\n<h2>Serie di inverter accoppiati in c.a.<\/h2>\n\t\t\n<style>\n#text-1549726824 {\n  text-align: center;\n}\n@media (min-width:550px) {\n  #text-1549726824 {\n    text-align: center;\n  }\n}\n<\/style>\n\t<\/div>\n\t\n\t\t<\/div>\n\t\t\t\t\t<\/div>\n\n\t\n<\/div>\n<div class=\"row\"  id=\"row-942576095\">\n\n\t<div id=\"col-658554232\" class=\"col small-12 large-12\"  >\n\t\t\t\t<div class=\"col-inner\"  >\n\t\t\t\n\t\t\t\n\t<div id=\"gap-656986195\" class=\"gap-element clearfix\" style=\"display:block; height:auto;\">\n\t\t\n<style>\n#gap-656986195 {\n  padding-top: 30px;\n}\n<\/style>\n\t<\/div>\n\t\n<div class=\"row\"  id=\"row-571521652\">\n\n\t<div id=\"col-13359390\" class=\"col medium-3 small-6 large-3\"  >\n\t\t\t\t<div class=\"col-inner\"  >\n\t\t\t\n\t\t\t\n\n\t\t<div class=\"icon-box featured-box icon-box-center text-center\"  >\n\t\t\t\t\t<div class=\"icon-box-img\" style=\"width: 60px\">\n\t\t\t\t<div class=\"icon\">\n\t\t\t\t\t<div class=\"icon-inner\" >\n\t\t\t\t\t\t<img loading=\"lazy\" decoding=\"async\" width=\"300\" height=\"300\" src=\"https:\/\/luxpowertek.com\/wp-content\/uploads\/2021\/12\/2-3-300x300.png\" class=\"attachment-medium size-medium\" alt=\"\" srcset=\"https:\/\/luxpowertek.com\/wp-content\/uploads\/2021\/12\/2-3-300x300.png 300w, https:\/\/luxpowertek.com\/wp-content\/uploads\/2021\/12\/2-3-100x100.png 100w, https:\/\/luxpowertek.com\/wp-content\/uploads\/2021\/12\/2-3-80x80.png 80w, https:\/\/luxpowertek.com\/wp-content\/uploads\/2021\/12\/2-3-500x500.png 500w, https:\/\/luxpowertek.com\/wp-content\/uploads\/2021\/12\/2-3.png 512w\" sizes=\"auto, (max-width: 300px) 100vw, 300px\" \/>\t\t\t\t\t<\/div>\n\t\t\t\t<\/div>\n\t\t\t<\/div>\n\t\t\t\t<div class=\"icon-box-text last-reset\">\n\t\t\t\t\t\t\t\t\t\n<h3>UPS intelligente<\/h3>\n<p>Plug &amp; Play, commutazione continua sotto i 10 msAlimentazione di backup sufficiente per le emergenze<\/p>\n\t\t<\/div>\n\t<\/div>\n\t\n\t\n\t\t<\/div>\n\t\t\t\t\t<\/div>\n\n\t\n\n\t<div id=\"col-559329971\" class=\"col medium-3 small-6 large-3\"  >\n\t\t\t\t<div class=\"col-inner\"  >\n\t\t\t\n\t\t\t\n\n\t\t<div class=\"icon-box featured-box icon-box-center text-center\"  >\n\t\t\t\t\t<div class=\"icon-box-img\" style=\"width: 60px\">\n\t\t\t\t<div class=\"icon\">\n\t\t\t\t\t<div class=\"icon-inner\" >\n\t\t\t\t\t\t<img loading=\"lazy\" decoding=\"async\" width=\"300\" height=\"300\" src=\"https:\/\/luxpowertek.com\/wp-content\/uploads\/2021\/12\/4-3-300x300.png\" class=\"attachment-medium size-medium\" alt=\"\" srcset=\"https:\/\/luxpowertek.com\/wp-content\/uploads\/2021\/12\/4-3-300x300.png 300w, https:\/\/luxpowertek.com\/wp-content\/uploads\/2021\/12\/4-3-100x100.png 100w, https:\/\/luxpowertek.com\/wp-content\/uploads\/2021\/12\/4-3-80x80.png 80w, https:\/\/luxpowertek.com\/wp-content\/uploads\/2021\/12\/4-3-500x500.png 500w, https:\/\/luxpowertek.com\/wp-content\/uploads\/2021\/12\/4-3.png 512w\" sizes=\"auto, (max-width: 300px) 100vw, 300px\" \/>\t\t\t\t\t<\/div>\n\t\t\t\t<\/div>\n\t\t\t<\/div>\n\t\t\t\t<div class=\"icon-box-text last-reset\">\n\t\t\t\t\t\t\t\t\t\n<h3>Parallelo avanzato per SQPOD<\/h3>\n<p>Fino a 10 unit\u00e0 in parallelo, espandibili fino a 36kWSParallelo monofase e trifase sbilanciatoNessun limite alla lunghezza dei cavi di collegamento alla batteria o all'inverter ACHost generato automaticamente per gestire l'intero sistema<\/p>\n\t\t<\/div>\n\t<\/div>\n\t\n\t\n\t\t<\/div>\n\t\t\t\t\t<\/div>\n\n\t\n\n\t<div id=\"col-2075984203\" class=\"col medium-3 small-6 large-3\"  >\n\t\t\t\t<div class=\"col-inner\"  >\n\t\t\t\n\t\t\t\n\n\t\t<div class=\"icon-box featured-box icon-box-center text-center\"  >\n\t\t\t\t\t<div class=\"icon-box-img\" style=\"width: 60px\">\n\t\t\t\t<div class=\"icon\">\n\t\t\t\t\t<div class=\"icon-inner\" >\n\t\t\t\t\t\t<img loading=\"lazy\" decoding=\"async\" width=\"300\" height=\"300\" src=\"https:\/\/luxpowertek.com\/wp-content\/uploads\/2021\/12\/3-3-300x300.png\" class=\"attachment-medium size-medium\" alt=\"\" srcset=\"https:\/\/luxpowertek.com\/wp-content\/uploads\/2021\/12\/3-3-300x300.png 300w, https:\/\/luxpowertek.com\/wp-content\/uploads\/2021\/12\/3-3-100x100.png 100w, https:\/\/luxpowertek.com\/wp-content\/uploads\/2021\/12\/3-3-80x80.png 80w, https:\/\/luxpowertek.com\/wp-content\/uploads\/2021\/12\/3-3-500x500.png 500w, https:\/\/luxpowertek.com\/wp-content\/uploads\/2021\/12\/3-3.png 512w\" sizes=\"auto, (max-width: 300px) 100vw, 300px\" \/>\t\t\t\t\t<\/div>\n\t\t\t\t<\/div>\n\t\t\t<\/div>\n\t\t\t\t<div class=\"icon-box-text last-reset\">\n\t\t\t\t\t\t\t\t\t\n<h3>Facile da usare con la batteria<\/h3>\n<p>Aggiornamento remoto del firmware del BMSAmpia gamma di marche di batterie compatibiliRiattiva la batteria al litio quando la batteria si spegneInformazioni essenziali caricate sul server Lux per una rapida diagnosi dell'ESSCollegamenti flessibili con batteria, gruppo o split entrambi accessibili<\/p>\n\t\t<\/div>\n\t<\/div>\n\t\n\t\n\t\t<\/div>\n\t\t\t\t\t<\/div>\n\n\t\n\n\t<div id=\"col-1980780682\" class=\"col medium-3 small-6 large-3\"  >\n\t\t\t\t<div class=\"col-inner\"  >\n\t\t\t\n\t\t\t\n\n\t\t<div class=\"icon-box featured-box icon-box-center text-center\"  >\n\t\t\t\t\t<div class=\"icon-box-img\" style=\"width: 60px\">\n\t\t\t\t<div class=\"icon\">\n\t\t\t\t\t<div class=\"icon-inner\" >\n\t\t\t\t\t\t<img loading=\"lazy\" decoding=\"async\" width=\"300\" height=\"300\" src=\"https:\/\/luxpowertek.com\/wp-content\/uploads\/2021\/12\/5-1-300x300.png\" class=\"attachment-medium size-medium\" alt=\"\" srcset=\"https:\/\/luxpowertek.com\/wp-content\/uploads\/2021\/12\/5-1-300x300.png 300w, https:\/\/luxpowertek.com\/wp-content\/uploads\/2021\/12\/5-1-100x100.png 100w, https:\/\/luxpowertek.com\/wp-content\/uploads\/2021\/12\/5-1-80x80.png 80w, https:\/\/luxpowertek.com\/wp-content\/uploads\/2021\/12\/5-1-500x500.png 500w, https:\/\/luxpowertek.com\/wp-content\/uploads\/2021\/12\/5-1.png 512w\" sizes=\"auto, (max-width: 300px) 100vw, 300px\" \/>\t\t\t\t\t<\/div>\n\t\t\t\t<\/div>\n\t\t\t<\/div>\n\t\t\t\t<div class=\"icon-box-text last-reset\">\n\t\t\t\t\t\t\t\t\t\n<h3>Modalit\u00e0 di lavoro intelligenti<\/h3>\n<p>Modalit\u00e0 di autoconsumo per le aree a tariffa elevataModalit\u00e0 di priorit\u00e0 di carica per le aree in cui la rete elettrica \u00e8 instabileModalit\u00e0 di carica e scarica forzata per le aree in cui la tariffa varia in base al tempo<\/p>\n\t\t<\/div>\n\t<\/div>\n\t\n\t\n\t\t<\/div>\n\t\t\t\t\t<\/div>\n\n\t\n<\/div>\n<div class=\"row\"  id=\"row-666487673\">\n\n\t<div id=\"col-1821776007\" class=\"col small-12 large-12\"  >\n\t\t\t\t<div class=\"col-inner text-center\"  >\n\t\t\t\n\t\t\t\n\t<div id=\"gap-589489129\" class=\"gap-element clearfix\" style=\"display:block; height:auto;\">\n\t\t\n<style>\n#gap-589489129 {\n  padding-top: 19px;\n}\n<\/style>\n\t<\/div>\n\t\n<p><a class=\"button white button_green\" style=\"border-radius: 8px;\" data-fancybox=\"\" data-src=\"#hidden-CF7\">Richiesta di preventivo<\/a><\/p>\n\t\t<\/div>\n\t\t\t\t\t<\/div>\n\n\t\n<\/div>\n\t\t<\/div>\n\t\t\t\t\t<\/div>\n\n\t\n<\/div>\n\t\t<\/div>\n\n\t\t\n<style>\n#section_835991292 {\n  padding-top: 30px;\n  padding-bottom: 30px;\n}\n<\/style>\n\t<\/section>\n\t\n\t<section class=\"section custom_title_buttom\" id=\"section_373790633\">\n\t\t<div class=\"bg section-bg fill bg-fill  bg-loaded\" >\n\n\t\t\t\n\t\t\t\n\t\t\t\n\n\t\t<\/div>\n\n\t\t\n\n\t\t<div class=\"section-content relative\">\n\t\t\t\n<div class=\"row\"  id=\"row-80460969\">\n\n\t<div id=\"col-2080666819\" class=\"col small-12 large-12\"  >\n\t\t\t\t<div class=\"col-inner text-center\"  >\n\t\t\t\n\t\t\t\n\t<div id=\"text-1796549530\" class=\"text\">\n\t\t\n<h2>Come funziona l'inverter accoppiato in CA<\/h2>\n\t\t\n<style>\n#text-1796549530 {\n  text-align: center;\n}\n@media (min-width:550px) {\n  #text-1796549530 {\n    text-align: center;\n  }\n}\n<\/style>\n\t<\/div>\n\t\n<div class=\"row\"  id=\"row-132481259\">\n\n\t<div id=\"col-1015501543\" class=\"col medium-6 small-12 large-6\"  >\n\t\t\t\t<div class=\"col-inner\"  >\n\t\t\t\n\t\t\t\n\t<div class=\"img has-hover x md-x lg-x y md-y lg-y\" id=\"image_447129708\">\n\t\t\t\t\t\t\t\t<div class=\"img-inner image-cover dark\" style=\"padding-top:80%;\">\n\t\t\t<img loading=\"lazy\" decoding=\"async\" width=\"1206\" height=\"1003\" src=\"https:\/\/luxpowertek.com\/wp-content\/uploads\/2021\/12\/Luxpowertek-catalog-20211126-11-1.jpg\" class=\"attachment-original size-original\" alt=\"\" srcset=\"https:\/\/luxpowertek.com\/wp-content\/uploads\/2021\/12\/Luxpowertek-catalog-20211126-11-1.jpg 1206w, https:\/\/luxpowertek.com\/wp-content\/uploads\/2021\/12\/Luxpowertek-catalog-20211126-11-1-300x250.jpg 300w, https:\/\/luxpowertek.com\/wp-content\/uploads\/2021\/12\/Luxpowertek-catalog-20211126-11-1-1030x857.jpg 1030w, https:\/\/luxpowertek.com\/wp-content\/uploads\/2021\/12\/Luxpowertek-catalog-20211126-11-1-768x639.jpg 768w, https:\/\/luxpowertek.com\/wp-content\/uploads\/2021\/12\/Luxpowertek-catalog-20211126-11-1-800x665.jpg 800w\" sizes=\"auto, (max-width: 1206px) 100vw, 1206px\" \/>\t\t\t\t\t\t\n\t\t\t\t\t<\/div>\n\t\t\t\t\t\t\t\t\n<style>\n#image_447129708 {\n  width: 100%;\n}\n<\/style>\n\t<\/div>\n\t\n\t<div id=\"text-2188747407\" class=\"text\">\n\t\t\n<h3 style=\"text-align: center;\">Collegamento del sistema di accoppiamento CA<\/h3>\n<p>Per adattare un impianto solare on-grid esistente a un sistema di accumulo di energia con accoppiamento in corrente alternata. Non potrebbe essere pi\u00f9 semplice che installare un inverter della serie LXP AC accoppiato sul lato AC con un pacco batterie.<\/p>\n\t\t\n<style>\n#text-2188747407 {\n  text-align: left;\n}\n<\/style>\n\t<\/div>\n\t\n\t\t<\/div>\n\t\t\t\t\t<\/div>\n\n\t\n\n\t<div id=\"col-715405332\" class=\"col medium-6 small-12 large-6\"  >\n\t\t\t\t<div class=\"col-inner\"  >\n\t\t\t\n\t\t\t\n\t<div class=\"img has-hover x md-x lg-x y md-y lg-y\" id=\"image_191105738\">\n\t\t\t\t\t\t\t\t<div class=\"img-inner image-cover dark\" style=\"padding-top:80%;\">\n\t\t\t<img loading=\"lazy\" decoding=\"async\" width=\"1031\" height=\"827\" src=\"https:\/\/luxpowertek.com\/wp-content\/uploads\/2021\/12\/Luxpowertek-catalog-20211126-11-2.jpg\" class=\"attachment-original size-original\" alt=\"\" srcset=\"https:\/\/luxpowertek.com\/wp-content\/uploads\/2021\/12\/Luxpowertek-catalog-20211126-11-2.jpg 1031w, https:\/\/luxpowertek.com\/wp-content\/uploads\/2021\/12\/Luxpowertek-catalog-20211126-11-2-300x241.jpg 300w, https:\/\/luxpowertek.com\/wp-content\/uploads\/2021\/12\/Luxpowertek-catalog-20211126-11-2-768x616.jpg 768w, https:\/\/luxpowertek.com\/wp-content\/uploads\/2021\/12\/Luxpowertek-catalog-20211126-11-2-800x642.jpg 800w\" sizes=\"auto, (max-width: 1031px) 100vw, 1031px\" \/>\t\t\t\t\t\t\n\t\t\t\t\t<\/div>\n\t\t\t\t\t\t\t\t\n<style>\n#image_191105738 {\n  width: 100%;\n}\n<\/style>\n\t<\/div>\n\t\n\t<div id=\"text-1732504704\" class=\"text\">\n\t\t\n<h3 style=\"text-align: center;\">Inverter accoppiato in c.a. Autoconsumo<\/h3>\n<p>In modalit\u00e0 di autoconsumo, l'inverter accoppiato in c.a. rilever\u00e0 la potenza generata dall'inverter in rete, che verr\u00e0 utilizzata per prima dai carichi locali, mentre il resto verr\u00e0 immagazzinato nella batteria utilizzando l'inverter accoppiato in c.a.; la potenza in eccesso verr\u00e0 reimmessa in rete. Questa \u00e8 la modalit\u00e0 predefinita che aumenta il tasso di autoconsumo e riduce notevolmente la bolletta energetica.<\/p>\n\t\t\n<style>\n#text-1732504704 {\n  text-align: left;\n}\n<\/style>\n\t<\/div>\n\t\n\t\t<\/div>\n\t\t\t\t\t<\/div>\n\n\t\n<\/div>\n<div class=\"row\"  id=\"row-1868532837\">\n\n\t<div id=\"col-969040455\" class=\"col medium-6 small-12 large-6\"  >\n\t\t\t\t<div class=\"col-inner\"  >\n\t\t\t\n\t\t\t\n\t<div class=\"img has-hover x md-x lg-x y md-y lg-y\" id=\"image_1140289105\">\n\t\t\t\t\t\t\t\t<div class=\"img-inner image-cover dark\" style=\"padding-top:80%;\">\n\t\t\t<img loading=\"lazy\" decoding=\"async\" width=\"1028\" height=\"796\" src=\"https:\/\/luxpowertek.com\/wp-content\/uploads\/2021\/12\/Luxpowertek-catalog-20211126-11-3.jpg\" class=\"attachment-original size-original\" alt=\"\" srcset=\"https:\/\/luxpowertek.com\/wp-content\/uploads\/2021\/12\/Luxpowertek-catalog-20211126-11-3.jpg 1028w, https:\/\/luxpowertek.com\/wp-content\/uploads\/2021\/12\/Luxpowertek-catalog-20211126-11-3-300x232.jpg 300w, https:\/\/luxpowertek.com\/wp-content\/uploads\/2021\/12\/Luxpowertek-catalog-20211126-11-3-768x595.jpg 768w, https:\/\/luxpowertek.com\/wp-content\/uploads\/2021\/12\/Luxpowertek-catalog-20211126-11-3-800x619.jpg 800w\" sizes=\"auto, (max-width: 1028px) 100vw, 1028px\" \/>\t\t\t\t\t\t\n\t\t\t\t\t<\/div>\n\t\t\t\t\t\t\t\t\n<style>\n#image_1140289105 {\n  width: 100%;\n}\n<\/style>\n\t<\/div>\n\t\n\t\t<\/div>\n\t\t\t\t\t<\/div>\n\n\t\n\n\t<div id=\"col-1092262052\" class=\"col medium-6 small-12 large-6\"  >\n\t\t\t\t<div class=\"col-inner\"  >\n\t\t\t\n\t\t\t\n\t<div id=\"gap-422828133\" class=\"gap-element clearfix\" style=\"display:block; height:auto;\">\n\t\t\n<style>\n#gap-422828133 {\n  padding-top: 7px;\n}\n<\/style>\n\t<\/div>\n\t\n<div class=\"video video-fit mb\" style=\"padding-top:60%;\"><p><iframe loading=\"lazy\" title=\"LUXPOWER Panoramica dell&#039;ibrido LXP 3.6K\" width=\"1020\" height=\"574\" src=\"https:\/\/www.youtube.com\/embed\/v9DIwGmjU0U?list=PLzioA4ti0PD6hU9t7A_9RiXSca4IvOLdo\" frameborder=\"0\" allow=\"accelerometer; autoplay; clipboard-write; encrypted-media; gyroscope; picture-in-picture\" allowfullscreen><\/iframe><\/p>\n<\/div>\n\t\t<\/div>\n\t\t\t\t\t<\/div>\n\n\t\n<\/div>\n<div class=\"row\"  id=\"row-1331126588\">\n\n\t<div id=\"col-1417392030\" class=\"col small-12 large-12\"  >\n\t\t\t\t<div class=\"col-inner\"  >\n\t\t\t\n\t\t\t\n<div class=\"row align-middle\"  id=\"row-1284766736\">\n\n\t<div id=\"col-1271614731\" class=\"col medium-6 small-12 large-6\"  >\n\t\t\t\t<div class=\"col-inner\"  >\n\t\t\t\n\t\t\t\n\t<div id=\"text-1071554935\" class=\"text\">\n\t\t\n<h3 style=\"text-align: center;\">Differenza di forza Amp Accoppiata Tempo di utilizzo<\/h3>\n<p>Questa modalit\u00e0 con differenza di ampere in corrente alternata \u00e8 adatta a situazioni in cui la differenza di prezzo dell'energia \u00e8 elevata. L'utente pu\u00f2 impostare il tempo di carica e scarica e la priorit\u00e0 di utilizzo dell'energia nella modalit\u00e0 di utilizzo a tempo forzato. L'utente pu\u00f2 anche scegliere se caricare la batteria utilizzando l'energia di rete, se la normativa lo consente.<\/p>\n\t\t\n<style>\n#text-1071554935 {\n  text-align: left;\n}\n<\/style>\n\t<\/div>\n\t\n\t\t<\/div>\n\t\t\t\t\t<\/div>\n\n\t\n\n\t<div id=\"col-970075655\" class=\"col medium-6 small-12 large-6\"  >\n\t\t\t\t<div class=\"col-inner\"  >\n\t\t\t\n\t\t\t\n<p><a class=\"button white button_green\" style=\"border-radius: 8px;\" data-fancybox=\"\" data-src=\"#hidden-CF7\">Richiesta di preventivo<\/a><\/p>\n\t\t<\/div>\n\t\t\t\t\t<\/div>\n\n\t\n<\/div>\n\t\t<\/div>\n\t\t\t\t\t<\/div>\n\n\t\n<\/div>\n\t\t<\/div>\n\t\t\t\t\t<\/div>\n\n\t\n<\/div>\n\t\t<\/div>\n\n\t\t\n<style>\n#section_373790633 {\n  padding-top: 30px;\n  padding-bottom: 30px;\n}\n<\/style>\n\t<\/section>","protected":false},"excerpt":{"rendered":"","protected":false},"author":1,"featured_media":0,"parent":0,"menu_order":0,"comment_status":"closed","ping_status":"closed","template":"page-blank.php","meta":{"rop_custom_images_group":[],"rop_custom_messages_group":[],"rop_publish_now":"initial","rop_publish_now_accounts":[],"rop_publish_now_history":[],"rop_publish_now_status":"pending","footnotes":""},"class_list":["post-2364","page","type-page","status-publish","hentry"],"yoast_head":"<!-- This site is optimized with the Yoast SEO plugin v27.3 - https:\/\/yoast.com\/product\/yoast-seo-wordpress\/ -->\n<title>AC Coupled Inverter | Difference Amp AC Coupled Battery Inverter<\/title>\n<meta name=\"description\" content=\"AC coupling uses your existing system to feed power into a battery-based inverter\/charger to charge the battery pack.\" \/>\n<meta name=\"robots\" content=\"index, follow, max-snippet:-1, max-image-preview:large, max-video-preview:-1\" \/>\n<link rel=\"canonical\" href=\"https:\/\/luxpowertek.com\/it\/inverter-accoppiato-in-ac\/\" \/>\n<meta property=\"og:locale\" content=\"it_IT\" \/>\n<meta property=\"og:type\" content=\"article\" \/>\n<meta property=\"og:title\" content=\"AC Coupled Inverter | Difference Amp AC Coupled Battery Inverter\" \/>\n<meta property=\"og:description\" content=\"AC coupling uses your existing system to feed power into a battery-based inverter\/charger to charge the battery pack.\" \/>\n<meta property=\"og:url\" content=\"https:\/\/luxpowertek.com\/it\/inverter-accoppiato-in-ac\/\" \/>\n<meta property=\"article:publisher\" content=\"https:\/\/www.facebook.com\/LUXPOWERTEK\" \/>\n<meta property=\"article:modified_time\" content=\"2022-03-24T03:44:50+00:00\" \/>\n<meta name=\"twitter:card\" content=\"summary_large_image\" \/>\n<meta name=\"twitter:label1\" content=\"Tempo di lettura stimato\" \/>\n\t<meta name=\"twitter:data1\" content=\"3 minuti\" \/>\n<script type=\"application\/ld+json\" class=\"yoast-schema-graph\">{\"@context\":\"https:\\\/\\\/schema.org\",\"@graph\":[{\"@type\":\"WebPage\",\"@id\":\"https:\\\/\\\/luxpowertek.com\\\/ac-coupled-inverter\\\/\",\"url\":\"https:\\\/\\\/luxpowertek.com\\\/ac-coupled-inverter\\\/\",\"name\":\"AC Coupled Inverter | Difference Amp AC Coupled Battery Inverter\",\"isPartOf\":{\"@id\":\"https:\\\/\\\/luxpowertek.com\\\/#website\"},\"datePublished\":\"2021-12-24T03:21:35+00:00\",\"dateModified\":\"2022-03-24T03:44:50+00:00\",\"description\":\"AC coupling uses your existing system to feed power into a battery-based inverter\\\/charger to charge the battery pack.\",\"breadcrumb\":{\"@id\":\"https:\\\/\\\/luxpowertek.com\\\/ac-coupled-inverter\\\/#breadcrumb\"},\"inLanguage\":\"it-IT\",\"potentialAction\":[{\"@type\":\"ReadAction\",\"target\":[\"https:\\\/\\\/luxpowertek.com\\\/ac-coupled-inverter\\\/\"]}]},{\"@type\":\"BreadcrumbList\",\"@id\":\"https:\\\/\\\/luxpowertek.com\\\/ac-coupled-inverter\\\/#breadcrumb\",\"itemListElement\":[{\"@type\":\"ListItem\",\"position\":1,\"name\":\"Home\",\"item\":\"https:\\\/\\\/luxpowertek.com\\\/\"},{\"@type\":\"ListItem\",\"position\":2,\"name\":\"AC Coupled Inverter\"}]},{\"@type\":\"WebSite\",\"@id\":\"https:\\\/\\\/luxpowertek.com\\\/#website\",\"url\":\"https:\\\/\\\/luxpowertek.com\\\/\",\"name\":\"\",\"description\":\"\",\"publisher\":{\"@id\":\"https:\\\/\\\/luxpowertek.com\\\/#organization\"},\"potentialAction\":[{\"@type\":\"SearchAction\",\"target\":{\"@type\":\"EntryPoint\",\"urlTemplate\":\"https:\\\/\\\/luxpowertek.com\\\/?s={search_term_string}\"},\"query-input\":{\"@type\":\"PropertyValueSpecification\",\"valueRequired\":true,\"valueName\":\"search_term_string\"}}],\"inLanguage\":\"it-IT\"},{\"@type\":\"Organization\",\"@id\":\"https:\\\/\\\/luxpowertek.com\\\/#organization\",\"name\":\"LuxpowerTek\",\"url\":\"https:\\\/\\\/luxpowertek.com\\\/\",\"logo\":{\"@type\":\"ImageObject\",\"inLanguage\":\"it-IT\",\"@id\":\"https:\\\/\\\/luxpowertek.com\\\/#\\\/schema\\\/logo\\\/image\\\/\",\"url\":\"https:\\\/\\\/luxpowertek.com\\\/wp-content\\\/uploads\\\/2024\\\/08\\\/Luxpower_logo_new.webp\",\"contentUrl\":\"https:\\\/\\\/luxpowertek.com\\\/wp-content\\\/uploads\\\/2024\\\/08\\\/Luxpower_logo_new.webp\",\"width\":1030,\"height\":186,\"caption\":\"LuxpowerTek\"},\"image\":{\"@id\":\"https:\\\/\\\/luxpowertek.com\\\/#\\\/schema\\\/logo\\\/image\\\/\"},\"sameAs\":[\"https:\\\/\\\/www.facebook.com\\\/LUXPOWERTEK\"]}]}<\/script>\n<!-- \/ Yoast SEO plugin. -->","yoast_head_json":{"title":"Inverter accoppiato in c.a. | Inverter a batteria accoppiato in c.a. con differenza di ampere","description":"L'accoppiamento in c.a. utilizza il sistema esistente per alimentare un inverter\/caricabatteria per caricare il pacco batterie.","robots":{"index":"index","follow":"follow","max-snippet":"max-snippet:-1","max-image-preview":"max-image-preview:large","max-video-preview":"max-video-preview:-1"},"canonical":"https:\/\/luxpowertek.com\/it\/inverter-accoppiato-in-ac\/","og_locale":"it_IT","og_type":"article","og_title":"AC Coupled Inverter | Difference Amp AC Coupled Battery Inverter","og_description":"AC coupling uses your existing system to feed power into a battery-based inverter\/charger to charge the battery pack.","og_url":"https:\/\/luxpowertek.com\/it\/inverter-accoppiato-in-ac\/","article_publisher":"https:\/\/www.facebook.com\/LUXPOWERTEK","article_modified_time":"2022-03-24T03:44:50+00:00","twitter_card":"summary_large_image","twitter_misc":{"Tempo di lettura stimato":"3 minuti"},"schema":{"@context":"https:\/\/schema.org","@graph":[{"@type":"WebPage","@id":"https:\/\/luxpowertek.com\/ac-coupled-inverter\/","url":"https:\/\/luxpowertek.com\/ac-coupled-inverter\/","name":"Inverter accoppiato in c.a. | Inverter a batteria accoppiato in c.a. con differenza di ampere","isPartOf":{"@id":"https:\/\/luxpowertek.com\/#website"},"datePublished":"2021-12-24T03:21:35+00:00","dateModified":"2022-03-24T03:44:50+00:00","description":"L'accoppiamento in c.a. utilizza il sistema esistente per alimentare un inverter\/caricabatteria per caricare il pacco batterie.","breadcrumb":{"@id":"https:\/\/luxpowertek.com\/ac-coupled-inverter\/#breadcrumb"},"inLanguage":"it-IT","potentialAction":[{"@type":"ReadAction","target":["https:\/\/luxpowertek.com\/ac-coupled-inverter\/"]}]},{"@type":"BreadcrumbList","@id":"https:\/\/luxpowertek.com\/ac-coupled-inverter\/#breadcrumb","itemListElement":[{"@type":"ListItem","position":1,"name":"Home","item":"https:\/\/luxpowertek.com\/"},{"@type":"ListItem","position":2,"name":"AC Coupled Inverter"}]},{"@type":"WebSite","@id":"https:\/\/luxpowertek.com\/#website","url":"https:\/\/luxpowertek.com\/","name":"","description":"","publisher":{"@id":"https:\/\/luxpowertek.com\/#organization"},"potentialAction":[{"@type":"SearchAction","target":{"@type":"EntryPoint","urlTemplate":"https:\/\/luxpowertek.com\/?s={search_term_string}"},"query-input":{"@type":"PropertyValueSpecification","valueRequired":true,"valueName":"search_term_string"}}],"inLanguage":"it-IT"},{"@type":"Organization","@id":"https:\/\/luxpowertek.com\/#organization","name":"Prodotti","url":"https:\/\/luxpowertek.com\/","logo":{"@type":"ImageObject","inLanguage":"it-IT","@id":"https:\/\/luxpowertek.com\/#\/schema\/logo\/image\/","url":"https:\/\/luxpowertek.com\/wp-content\/uploads\/2024\/08\/Luxpower_logo_new.webp","contentUrl":"https:\/\/luxpowertek.com\/wp-content\/uploads\/2024\/08\/Luxpower_logo_new.webp","width":1030,"height":186,"caption":"LuxpowerTek"},"image":{"@id":"https:\/\/luxpowertek.com\/#\/schema\/logo\/image\/"},"sameAs":["https:\/\/www.facebook.com\/LUXPOWERTEK"]}]}},"_links":{"self":[{"href":"https:\/\/luxpowertek.com\/it\/wp-json\/wp\/v2\/pages\/2364","targetHints":{"allow":["GET"]}}],"collection":[{"href":"https:\/\/luxpowertek.com\/it\/wp-json\/wp\/v2\/pages"}],"about":[{"href":"https:\/\/luxpowertek.com\/it\/wp-json\/wp\/v2\/types\/page"}],"author":[{"embeddable":true,"href":"https:\/\/luxpowertek.com\/it\/wp-json\/wp\/v2\/users\/1"}],"replies":[{"embeddable":true,"href":"https:\/\/luxpowertek.com\/it\/wp-json\/wp\/v2\/comments?post=2364"}],"version-history":[{"count":0,"href":"https:\/\/luxpowertek.com\/it\/wp-json\/wp\/v2\/pages\/2364\/revisions"}],"wp:attachment":[{"href":"https:\/\/luxpowertek.com\/it\/wp-json\/wp\/v2\/media?parent=2364"}],"curies":[{"name":"wp","href":"https:\/\/api.w.org\/{rel}","templated":true}]}}