{"id":2354,"date":"2021-12-24T11:09:56","date_gmt":"2021-12-24T03:09:56","guid":{"rendered":"https:\/\/nibianqi.bbswaimao.com\/?page_id=2354"},"modified":"2023-12-07T10:32:24","modified_gmt":"2023-12-07T02:32:24","slug":"eco-ibrido-sna","status":"publish","type":"page","link":"https:\/\/luxpowertek.com\/it\/eco-ibrido-sna\/","title":{"rendered":"ECO ibrido SNA 3-5k"},"content":{"rendered":"<div class=\"banner has-hover\" id=\"banner-615541809\">\n          <div class=\"banner-inner fill\">\n        <div class=\"banner-bg fill\" >\n            <div class=\"bg fill bg-fill\"><\/div>\n                        <div class=\"overlay\"><\/div>            \n                    <\/div>\n\t\t\n        <div class=\"banner-layers container\">\n            <div class=\"fill banner-link\"><\/div>            \n   <div id=\"text-box-1736671263\" class=\"text-box banner-layer x50 md-x50 lg-x50 y50 md-y50 lg-y50 res-text\">\n                                <div class=\"text-box-content text dark\">\n              \n              <div class=\"text-inner text-center\">\n                  \n<h1><span style=\"font-size: 75%\">ECO ibrido SNA 3-5k<\/span><\/h1>\n<h3>\u00a0 \u00a0 \u00a0 \u00a0 \u00a0 \u00a0 \u00a0 \u00a0 \u00a0 \u00a0 \u00a0 \u00a0- Il miglior venditore di inverter off grid<\/h3>\n              <\/div>\n           <\/div>\n                            \n<style>\n#text-box-1736671263 {\n  width: 60%;\n}\n#text-box-1736671263 .text-box-content {\n  font-size: 100%;\n}\n<\/style>\n    <\/div>\n \n        <\/div>\n      <\/div>\n\n            \n<style>\n#banner-615541809 {\n  padding-top: 78%;\n}\n#banner-615541809 .bg.bg-loaded {\n  background-image: url(https:\/\/luxpowertek.com\/wp-content\/uploads\/2021\/12\/SNA-3-5kW.jpg);\n}\n#banner-615541809 .overlay {\n  background-color: rgba(0, 0, 0, 0.2);\n}\n@media (min-width:550px) {\n  #banner-615541809 {\n    padding-top: 38%;\n  }\n}\n<\/style>\n  <\/div>\n\n\n\t<section class=\"section custom_title_buttom\" id=\"section_86906165\">\n\t\t<div class=\"bg section-bg fill bg-fill  bg-loaded\" >\n\n\t\t\t\n\t\t\t\n\t\t\t\n\n\t\t<\/div>\n\n\t\t\n\n\t\t<div class=\"section-content relative\">\n\t\t\t\n<div class=\"row\"  id=\"row-214166306\">\n\n\t<div id=\"col-1014667781\" class=\"col small-12 large-12\"  >\n\t\t\t\t<div class=\"col-inner text-center\"  >\n\t\t\t\n\t\t\t\n<h2>Prestazioni dell'inverter off grid<\/h2>\n\t\t<\/div>\n\t\t\t\t\t<\/div>\n\n\t\n<\/div>\n\t\t<\/div>\n\n\t\t\n<style>\n#section_86906165 {\n  padding-top: 9px;\n  padding-bottom: 9px;\n}\n@media (min-width:550px) {\n  #section_86906165 {\n    padding-top: 30px;\n    padding-bottom: 30px;\n  }\n}\n<\/style>\n\t<\/section>\n\t\n\t<section class=\"section custom_productspage_section\" id=\"section_2084518855\">\n\t\t<div class=\"bg section-bg fill bg-fill  bg-loaded\" >\n\n\t\t\t\n\t\t\t\n\t\t\t\n\n\t\t<\/div>\n\n\t\t\n\n\t\t<div class=\"section-content relative\">\n\t\t\t\n<div class=\"row align-middle\"  id=\"row-931024737\">\n\n\t<div id=\"col-1946846903\" class=\"col medium-6 small-12 large-6\"  >\n\t\t\t\t<div class=\"col-inner text-center\"  >\n\t\t\t\n\t\t\t\n\t<div class=\"img has-hover x md-x lg-x y md-y lg-y\" id=\"image_1107073395\">\n\t\t\t\t\t\t\t\t<div class=\"img-inner dark\" >\n\t\t\t<img loading=\"lazy\" decoding=\"async\" width=\"630\" height=\"1030\" src=\"https:\/\/luxpowertek.com\/wp-content\/uploads\/2023\/05\/ECO-001-A-630x1030.webp\" class=\"attachment-large size-large\" alt=\"\" srcset=\"https:\/\/luxpowertek.com\/wp-content\/uploads\/2023\/05\/ECO-001-A-630x1030.webp 630w, https:\/\/luxpowertek.com\/wp-content\/uploads\/2023\/05\/ECO-001-A-183x300.webp 183w, https:\/\/luxpowertek.com\/wp-content\/uploads\/2023\/05\/ECO-001-A-768x1256.webp 768w, https:\/\/luxpowertek.com\/wp-content\/uploads\/2023\/05\/ECO-001-A-939x1536.webp 939w, https:\/\/luxpowertek.com\/wp-content\/uploads\/2023\/05\/ECO-001-A-800x1308.webp 800w, https:\/\/luxpowertek.com\/wp-content\/uploads\/2023\/05\/ECO-001-A.webp 1091w\" sizes=\"auto, (max-width: 630px) 100vw, 630px\" \/>\t\t\t\t\t\t\n\t\t\t\t\t<\/div>\n\t\t\t\t\t\t\t\t\n<style>\n#image_1107073395 {\n  width: 40%;\n}\n<\/style>\n\t<\/div>\n\t\n\t\t<\/div>\n\t\t\t\t\t<\/div>\n\n\t\n\n\t<div id=\"col-588293250\" class=\"col medium-6 small-12 large-6\"  >\n\t\t\t\t<div class=\"col-inner\"  >\n\t\t\t\n\t\t\t\n<ul>\n<li><span style=\"font-size: 120%\">Modalit\u00e0 ibrida e off grid intelligente<\/span><\/li>\n<li><span style=\"font-size: 120%\">Carichi di energia fotovoltaica e CA simultaneamente<\/span><\/li>\n<li><span style=\"font-size: 120%\">Ampio intervallo di tensione di ingresso PV 100V~480V<\/span><\/li>\n<\/ul>\n\t\t<\/div>\n\t\t\t\t\t<\/div>\n\n\t\n<\/div>\n\t\t<\/div>\n\n\t\t\n<style>\n#section_2084518855 {\n  padding-top: 0px;\n  padding-bottom: 0px;\n}\n@media (min-width:550px) {\n  #section_2084518855 {\n    padding-top: 55px;\n    padding-bottom: 55px;\n  }\n}\n<\/style>\n\t<\/section>\n\t\n\t<section class=\"section custom_productspage_section\" id=\"section_187279762\">\n\t\t<div class=\"bg section-bg fill bg-fill  bg-loaded\" >\n\n\t\t\t\n\t\t\t\n\t\t\t\n\t<div class=\"is-border\"\n\t\tstyle=\"border-width:1 0px 0px 0px;\">\n\t<\/div>\n\n\t\t<\/div>\n\n\t\t\n\n\t\t<div class=\"section-content relative\">\n\t\t\t\n<div class=\"row align-middle\"  id=\"row-771145407\">\n\n\t<div id=\"col-2062858080\" class=\"col hide-for-small medium-2 small-12 large-2\"  >\n\t\t\t\t<div class=\"col-inner\"  >\n\t\t\t\n\t\t\t\n\t\t<\/div>\n\t\t\t\t\t<\/div>\n\n\t\n\n\t<div id=\"col-387360721\" class=\"col medium-4 small-12 large-4\"  >\n\t\t\t\t<div class=\"col-inner\"  >\n\t\t\t\n\t\t\t\n<ul>\n<li><span style=\"font-size: 120%\">Convertitore da CC a CC facile da usare con la batteria<\/span><\/li>\n<li><span style=\"font-size: 120%\">Monitoraggio e aggiornamento remoto gratuiti<\/span><\/li>\n<li><span style=\"font-size: 120%\">Monofase o trifase sbilanciata<\/span><\/li>\n<\/ul>\n\t\t<\/div>\n\t\t\t\t\t<\/div>\n\n\t\n\n\t<div id=\"col-2037050476\" class=\"col medium-6 small-12 large-6\"  >\n\t\t\t\t<div class=\"col-inner text-center\"  >\n\t\t\t\n\t\t\t\n\t<div class=\"img has-hover x md-x lg-x y md-y lg-y\" id=\"image_1693875481\">\n\t\t\t\t\t\t\t\t<div class=\"img-inner dark\" >\n\t\t\t<img loading=\"lazy\" decoding=\"async\" width=\"1015\" height=\"1582\" src=\"https:\/\/luxpowertek.com\/wp-content\/uploads\/2023\/05\/ECO-002.webp\" class=\"attachment-original size-original\" alt=\"\" srcset=\"https:\/\/luxpowertek.com\/wp-content\/uploads\/2023\/05\/ECO-002.webp 1015w, https:\/\/luxpowertek.com\/wp-content\/uploads\/2023\/05\/ECO-002-192x300.webp 192w, https:\/\/luxpowertek.com\/wp-content\/uploads\/2023\/05\/ECO-002-661x1030.webp 661w, https:\/\/luxpowertek.com\/wp-content\/uploads\/2023\/05\/ECO-002-768x1197.webp 768w, https:\/\/luxpowertek.com\/wp-content\/uploads\/2023\/05\/ECO-002-985x1536.webp 985w, https:\/\/luxpowertek.com\/wp-content\/uploads\/2023\/05\/ECO-002-800x1247.webp 800w\" sizes=\"auto, (max-width: 1015px) 100vw, 1015px\" \/>\t\t\t\t\t\t\n\t\t\t\t\t<\/div>\n\t\t\t\t\t\t\t\t\n<style>\n#image_1693875481 {\n  width: 40%;\n}\n<\/style>\n\t<\/div>\n\t\n\t\t<\/div>\n\t\t\t\t\t<\/div>\n\n\t\n<\/div>\n\t\t<\/div>\n\n\t\t\n<style>\n#section_187279762 {\n  padding-top: 0px;\n  padding-bottom: 0px;\n}\n@media (min-width:550px) {\n  #section_187279762 {\n    padding-top: 55px;\n    padding-bottom: 55px;\n  }\n}\n<\/style>\n\t<\/section>\n\t\n\t<section class=\"section custom_productspage_section\" id=\"section_1383797886\">\n\t\t<div class=\"bg section-bg fill bg-fill  bg-loaded\" >\n\n\t\t\t\n\t\t\t\n\t\t\t\n\n\t\t<\/div>\n\n\t\t\n\n\t\t<div class=\"section-content relative\">\n\t\t\t\n<div class=\"row align-middle\"  id=\"row-1353493992\">\n\n\t<div id=\"col-660679968\" class=\"col medium-6 small-12 large-6\"  >\n\t\t\t\t<div class=\"col-inner text-center\"  >\n\t\t\t\n\t\t\t\n\t<div class=\"img has-hover x md-x lg-x y md-y lg-y\" id=\"image_470108949\">\n\t\t\t\t\t\t\t\t<div class=\"img-inner dark\" >\n\t\t\t<img loading=\"lazy\" decoding=\"async\" width=\"1007\" height=\"1596\" src=\"https:\/\/luxpowertek.com\/wp-content\/uploads\/2023\/05\/ECO-003.webp\" class=\"attachment-original size-original\" alt=\"\" srcset=\"https:\/\/luxpowertek.com\/wp-content\/uploads\/2023\/05\/ECO-003.webp 1007w, https:\/\/luxpowertek.com\/wp-content\/uploads\/2023\/05\/ECO-003-189x300.webp 189w, https:\/\/luxpowertek.com\/wp-content\/uploads\/2023\/05\/ECO-003-650x1030.webp 650w, https:\/\/luxpowertek.com\/wp-content\/uploads\/2023\/05\/ECO-003-768x1217.webp 768w, https:\/\/luxpowertek.com\/wp-content\/uploads\/2023\/05\/ECO-003-969x1536.webp 969w, https:\/\/luxpowertek.com\/wp-content\/uploads\/2023\/05\/ECO-003-800x1268.webp 800w\" sizes=\"auto, (max-width: 1007px) 100vw, 1007px\" \/>\t\t\t\t\t\t\n\t\t\t\t\t<\/div>\n\t\t\t\t\t\t\t\t\n<style>\n#image_470108949 {\n  width: 40%;\n}\n<\/style>\n\t<\/div>\n\t\n\t\t<\/div>\n\t\t\t\t\t<\/div>\n\n\t\n\n\t<div id=\"col-2043711664\" class=\"col medium-6 small-12 large-6\"  >\n\t\t\t\t<div class=\"col-inner\"  >\n\t\t\t\n\t\t\t\n<ul>\n<li><span style=\"font-size: 120%\">Parallelo avanzato, fino a 16 unit\u00e0<\/span><\/li>\n<li><span style=\"font-size: 120%\">Interfaccia generatore indipendente<\/span><\/li>\n<li><span style=\"font-size: 120%\">Inverter host generato automaticamente per gestire l'intero sistema<\/span><\/li>\n<\/ul>\n\t\t<\/div>\n\t\t\t\t\t<\/div>\n\n\t\n<\/div>\n\t\t<\/div>\n\n\t\t\n<style>\n#section_1383797886 {\n  padding-top: 0px;\n  padding-bottom: 0px;\n}\n@media (min-width:550px) {\n  #section_1383797886 {\n    padding-top: 55px;\n    padding-bottom: 55px;\n  }\n}\n<\/style>\n\t<\/section>\n\t\n\t<section class=\"section custom_title_buttom has-parallax\" id=\"section_958352518\">\n\t\t<div class=\"bg section-bg fill bg-fill\" data-parallax-container=\".section\" data-parallax-background data-parallax=\"-10\">\n\n\t\t\t\n\t\t\t<div class=\"section-bg-overlay absolute fill\"><\/div>\n\t\t\t\n\n\t\t<\/div>\n\n\t\t\n\n\t\t<div class=\"section-content relative\">\n\t\t\t\n<div class=\"row\"  id=\"row-1608724755\">\n\n\t<div id=\"col-1936512039\" class=\"col small-12 large-12\"  >\n\t\t\t\t<div class=\"col-inner text-center\"  >\n\t\t\t\n\t\t\t\n<h2>Efficienza dell'inverter off grid<\/h2>\n\t\t<\/div>\n\t\t\t\t\t<\/div>\n\n\t\n<\/div>\n<div class=\"row\"  id=\"row-1000052273\">\n\n\t<div id=\"col-1210389306\" class=\"col medium-8 small-12 large-8\"  >\n\t\t\t\t<div class=\"col-inner\"  >\n\t\t\t\n\t\t\t\n<div class=\"row\"  id=\"row-553227807\">\n\n\t<div id=\"col-78697080\" class=\"col medium-6 small-12 large-6\"  data-animate=\"flipInX\">\n\t\t\t\t<div class=\"col-inner\"  >\n\t\t\t\n\t\t\t\n\t<div id=\"text-728569175\" class=\"text\">\n\t\t\n<p><span style=\"font-size: 450%\">93%<\/span><\/p>\n<h3>Efficienza di lavoro della batteria<\/h3>\n\t\t\n<style>\n#text-728569175 {\n  text-align: center;\n}\n<\/style>\n\t<\/div>\n\t\n\t\t<\/div>\n\t\t\t\t\t<\/div>\n\n\t\n\n\t<div id=\"col-1230238266\" class=\"col medium-6 small-12 large-6\"  data-animate=\"flipInX\">\n\t\t\t\t<div class=\"col-inner\"  >\n\t\t\t\n\t\t\t\n\t<div id=\"text-412060929\" class=\"text\">\n\t\t\n<p><span style=\"font-size: 450%\">93%<\/span><\/p>\n<h3>Massimo. Efficienza<\/h3>\n\t\t\n<style>\n#text-412060929 {\n  text-align: center;\n}\n<\/style>\n\t<\/div>\n\t\n\t\t<\/div>\n\t\t\t\t\t<\/div>\n\n\t\n<\/div>\n\t\t<\/div>\n\t\t\t\t\t<\/div>\n\n\t\n<\/div>\n\t\t<\/div>\n\n\t\t\n<style>\n#section_958352518 {\n  padding-top: 9px;\n  padding-bottom: 9px;\n}\n#section_958352518 .section-bg-overlay {\n  background-color: rgba(255, 255, 255, 0.9);\n}\n#section_958352518 .section-bg.bg-loaded {\n  background-image: url(https:\/\/luxpowertek.com\/wp-content\/uploads\/2021\/12\/unnamed-1.jpg);\n}\n@media (min-width:550px) {\n  #section_958352518 {\n    padding-top: 30px;\n    padding-bottom: 30px;\n  }\n}\n<\/style>\n\t<\/section>\n\t\n\t<section class=\"section custom_title_buttom\" id=\"section_2124352722\">\n\t\t<div class=\"bg section-bg fill bg-fill  bg-loaded\" >\n\n\t\t\t\n\t\t\t\n\t\t\t\n\n\t\t<\/div>\n\n\t\t\n\n\t\t<div class=\"section-content relative\">\n\t\t\t\n<div class=\"row\"  id=\"row-1870173806\">\n\n\t<div id=\"col-1699660718\" class=\"col small-12 large-12\"  >\n\t\t\t\t<div class=\"col-inner text-center\"  >\n\t\t\t\n\t\t\t\n<h2>Applicazione dell'inverter off grid<\/h2>\n\t\t<\/div>\n\t\t\t\t\t<\/div>\n\n\t\n<\/div>\n<div class=\"row\"  id=\"row-177610773\">\n\n\t<div id=\"col-397827866\" class=\"col small-12 large-12\"  >\n\t\t\t\t<div class=\"col-inner text-center\"  >\n\t\t\t\n\t\t\t\n<h3>Soluzioni<\/h3>\n<div class=\"is-divider divider clearfix\" style=\"max-width:60px;background-color:rgb(96, 169, 132);\"><\/div>\n\t<div id=\"text-3162895611\" class=\"text\">\n\t\t\n<div class=\"page\" title=\"Pagina 8\">\n<div class=\"section\">\n<div class=\"layoutArea\">\n<div class=\"column\">\n<p style=\"text-align: left\">Con migliaia di inverter ibridi e unit\u00e0 CA installate in tutto il mondo.<\/p>\n<p style=\"text-align: left\">Lux power ha fatto un ulteriore passo avanti per portare energia a tutte le case, con o senza rete elettrica.<\/p>\n<p style=\"text-align: left\"><span style=\"color: #008080;font-size: 95%\"><strong>ECO Hybrid SNA 3-5K \u00e8 ora disponibile per le abitazioni che desiderano un'alimentazione elettrica costante.<\/strong><\/span><\/p>\n<p style=\"text-align: left\"><span style=\"color: #008080;font-size: 95%\"><strong>Informatevi presso il vostro distributore locale, riorganizzate la vostra energia a casa. Niente pi\u00f9 blackout.<\/strong><\/span><\/p>\n<\/div>\n<\/div>\n<\/div>\n<\/div>\n\t\t\n<style>\n#text-3162895611 {\n  text-align: center;\n}\n<\/style>\n\t<\/div>\n\t\n\t<div class=\"img has-hover x md-x lg-x y md-y lg-y\" id=\"image_743394050\">\n\t\t\t\t\t\t\t\t<div class=\"img-inner dark\" >\n\t\t\t<img loading=\"lazy\" decoding=\"async\" width=\"935\" height=\"664\" src=\"https:\/\/luxpowertek.com\/wp-content\/uploads\/2021\/12\/applicationimg1-2.png\" class=\"attachment-original size-original\" alt=\"inverter ibrido\" srcset=\"https:\/\/luxpowertek.com\/wp-content\/uploads\/2021\/12\/applicationimg1-2.png 935w, https:\/\/luxpowertek.com\/wp-content\/uploads\/2021\/12\/applicationimg1-2-300x213.png 300w, https:\/\/luxpowertek.com\/wp-content\/uploads\/2021\/12\/applicationimg1-2-768x545.png 768w, https:\/\/luxpowertek.com\/wp-content\/uploads\/2021\/12\/applicationimg1-2-800x568.png 800w\" sizes=\"auto, (max-width: 935px) 100vw, 935px\" \/>\t\t\t\t\t\t\n\t\t\t\t\t<\/div>\n\t\t\t\t\t\t\t\t\n<style>\n#image_743394050 {\n  width: 56%;\n}\n<\/style>\n\t<\/div>\n\t\n\t\t<\/div>\n\t\t\t\t\t<\/div>\n\n\t\n<\/div>\n\t\t<\/div>\n\n\t\t\n<style>\n#section_2124352722 {\n  padding-top: 9px;\n  padding-bottom: 9px;\n}\n@media (min-width:550px) {\n  #section_2124352722 {\n    padding-top: 30px;\n    padding-bottom: 30px;\n  }\n}\n<\/style>\n\t<\/section>\n\t\n\t<section class=\"section\" id=\"section_839182689\">\n\t\t<div class=\"bg section-bg fill bg-fill  bg-loaded\" >\n\n\t\t\t\n\t\t\t\n\t\t\t\n\n\t\t<\/div>\n\n\t\t\n\n\t\t<div class=\"section-content relative\">\n\t\t\t\n<div class=\"row\"  id=\"row-245932760\">\n\n\t<div id=\"col-456618622\" class=\"col small-12 large-12\"  >\n\t\t\t\t<div class=\"col-inner text-center\"  >\n\t\t\t\n\t\t\t\n<h3>Modalit\u00e0 di lavoro dell'inverter off grid<\/h3>\n<div class=\"is-divider divider clearfix\" style=\"max-width:60px;background-color:rgb(96, 169, 132);\"><\/div>\n\t<div class=\"img has-hover x md-x lg-x y md-y lg-y\" id=\"image_49874201\">\n\t\t\t\t\t\t\t\t<div class=\"img-inner dark\" >\n\t\t\t<img loading=\"lazy\" decoding=\"async\" width=\"935\" height=\"468\" src=\"https:\/\/luxpowertek.com\/wp-content\/uploads\/2021\/12\/applicationimg2-2.jpg\" class=\"attachment-original size-original\" alt=\"\" srcset=\"https:\/\/luxpowertek.com\/wp-content\/uploads\/2021\/12\/applicationimg2-2.jpg 935w, https:\/\/luxpowertek.com\/wp-content\/uploads\/2021\/12\/applicationimg2-2-300x150.jpg 300w, https:\/\/luxpowertek.com\/wp-content\/uploads\/2021\/12\/applicationimg2-2-768x384.jpg 768w, https:\/\/luxpowertek.com\/wp-content\/uploads\/2021\/12\/applicationimg2-2-800x400.jpg 800w\" sizes=\"auto, (max-width: 935px) 100vw, 935px\" \/>\t\t\t\t\t\t\n\t\t\t\t\t<\/div>\n\t\t\t\t\t\t\t\t\n<style>\n#image_49874201 {\n  width: 64%;\n}\n<\/style>\n\t<\/div>\n\t\n\t<div id=\"text-825947481\" class=\"text\">\n\t\t\n<p>L'inverter seriale off grid SNA5000 pu\u00f2 supportare il sistema di conversione da corrente continua a corrente continua per funzionare come potenza di backup o in sostituzione del generatore diesel. Poich\u00e9 l'inverter supporta la funzione di parallelo, la capacit\u00e0 del sistema pu\u00f2 variare da 3kW a 80kW. L'inverter supporta le modalit\u00e0 di lavoro del convertitore DC DC.<\/p>\n<p><strong>Modalit\u00e0 di lavoro off-grid pura: <\/strong>Funzionando come un tradizionale inverter off grid, pu\u00f2 impostare l'uscita prima sulla rete, prima sulla batteria o prima sul solare.<\/p>\n<p><strong>Modalit\u00e0 di lavoro ibrida:\u00a0<\/strong>Funziona come un convertitore ibrido CC, supporta il solare e l'utenza a prendere congiuntamente il carico, pu\u00f2 impostare la modalit\u00e0 di autoconsumo o la modalit\u00e0 di priorit\u00e0 di carica.<\/p>\n\t\t\n<style>\n#text-825947481 {\n  text-align: left;\n}\n<\/style>\n\t<\/div>\n\t\n\t\t<\/div>\n\t\t\t\t\t<\/div>\n\n\t\n<\/div>\n\t\t<\/div>\n\n\t\t\n<style>\n#section_839182689 {\n  padding-top: 30px;\n  padding-bottom: 30px;\n}\n<\/style>\n\t<\/section>","protected":false},"excerpt":{"rendered":"","protected":false},"author":1,"featured_media":1650,"parent":0,"menu_order":0,"comment_status":"closed","ping_status":"closed","template":"page-transparent-header-light.php","meta":{"rop_custom_images_group":[],"rop_custom_messages_group":[],"rop_publish_now":"initial","rop_publish_now_accounts":[],"rop_publish_now_history":[],"rop_publish_now_status":"pending","footnotes":""},"class_list":["post-2354","page","type-page","status-publish","has-post-thumbnail","hentry"],"yoast_head":"<!-- This site is optimized with the Yoast SEO plugin v27.3 - https:\/\/yoast.com\/product\/yoast-seo-wordpress\/ -->\n<title>ECO Hybrid SNA 3-5k - High Power DCDC Converter<\/title>\n<meta name=\"description\" content=\"A DC DC converter is an electrical system (device) that converts a direct current (DC) source from one voltage level to another.\" \/>\n<meta name=\"robots\" content=\"index, follow, max-snippet:-1, max-image-preview:large, max-video-preview:-1\" \/>\n<link rel=\"canonical\" href=\"https:\/\/luxpowertek.com\/it\/eco-ibrido-sna\/\" \/>\n<meta property=\"og:locale\" content=\"it_IT\" \/>\n<meta property=\"og:type\" content=\"article\" \/>\n<meta property=\"og:title\" content=\"ECO Hybrid SNA 3-5k - High Power DCDC Converter\" \/>\n<meta property=\"og:description\" content=\"A DC DC converter is an electrical system (device) that converts a direct current (DC) source from one voltage level to another.\" \/>\n<meta property=\"og:url\" content=\"https:\/\/luxpowertek.com\/it\/eco-ibrido-sna\/\" \/>\n<meta property=\"article:modified_time\" content=\"2023-12-07T02:32:24+00:00\" \/>\n<meta property=\"og:image\" content=\"https:\/\/luxpowertek.com\/wp-content\/uploads\/2021\/12\/Luxpower-inverter-LXP-4-6HB-2-min.jpg\" \/>\n\t<meta property=\"og:image:width\" content=\"800\" \/>\n\t<meta property=\"og:image:height\" content=\"800\" \/>\n\t<meta property=\"og:image:type\" content=\"image\/jpeg\" \/>\n<meta name=\"twitter:card\" content=\"summary_large_image\" \/>\n<meta name=\"twitter:label1\" content=\"Tempo di lettura stimato\" \/>\n\t<meta name=\"twitter:data1\" content=\"2 minuti\" \/>\n<script type=\"application\/ld+json\" class=\"yoast-schema-graph\">{\"@context\":\"https:\\\/\\\/schema.org\",\"@graph\":[{\"@type\":\"WebPage\",\"@id\":\"https:\\\/\\\/luxpowertek.com\\\/eco-hybrid-sna\\\/\",\"url\":\"https:\\\/\\\/luxpowertek.com\\\/eco-hybrid-sna\\\/\",\"name\":\"ECO Hybrid SNA 3-5k - High Power DCDC Converter\",\"isPartOf\":{\"@id\":\"https:\\\/\\\/luxpowertek.com\\\/#website\"},\"primaryImageOfPage\":{\"@id\":\"https:\\\/\\\/luxpowertek.com\\\/eco-hybrid-sna\\\/#primaryimage\"},\"image\":{\"@id\":\"https:\\\/\\\/luxpowertek.com\\\/eco-hybrid-sna\\\/#primaryimage\"},\"thumbnailUrl\":\"https:\\\/\\\/luxpowertek.com\\\/wp-content\\\/uploads\\\/2021\\\/12\\\/Luxpower-inverter-LXP-4-6HB-2-min.jpg\",\"datePublished\":\"2021-12-24T03:09:56+00:00\",\"dateModified\":\"2023-12-07T02:32:24+00:00\",\"description\":\"A DC DC converter is an electrical system (device) that converts a direct current (DC) source from one voltage level to another.\",\"breadcrumb\":{\"@id\":\"https:\\\/\\\/luxpowertek.com\\\/eco-hybrid-sna\\\/#breadcrumb\"},\"inLanguage\":\"it-IT\",\"potentialAction\":[{\"@type\":\"ReadAction\",\"target\":[\"https:\\\/\\\/luxpowertek.com\\\/eco-hybrid-sna\\\/\"]}]},{\"@type\":\"ImageObject\",\"inLanguage\":\"it-IT\",\"@id\":\"https:\\\/\\\/luxpowertek.com\\\/eco-hybrid-sna\\\/#primaryimage\",\"url\":\"https:\\\/\\\/luxpowertek.com\\\/wp-content\\\/uploads\\\/2021\\\/12\\\/Luxpower-inverter-LXP-4-6HB-2-min.jpg\",\"contentUrl\":\"https:\\\/\\\/luxpowertek.com\\\/wp-content\\\/uploads\\\/2021\\\/12\\\/Luxpower-inverter-LXP-4-6HB-2-min.jpg\",\"width\":800,\"height\":800,\"caption\":\"DC DC converter\"},{\"@type\":\"BreadcrumbList\",\"@id\":\"https:\\\/\\\/luxpowertek.com\\\/eco-hybrid-sna\\\/#breadcrumb\",\"itemListElement\":[{\"@type\":\"ListItem\",\"position\":1,\"name\":\"Home\",\"item\":\"https:\\\/\\\/luxpowertek.com\\\/\"},{\"@type\":\"ListItem\",\"position\":2,\"name\":\"ECO Hybrid SNA 3-5k\"}]},{\"@type\":\"WebSite\",\"@id\":\"https:\\\/\\\/luxpowertek.com\\\/#website\",\"url\":\"https:\\\/\\\/luxpowertek.com\\\/\",\"name\":\"\",\"description\":\"\",\"potentialAction\":[{\"@type\":\"SearchAction\",\"target\":{\"@type\":\"EntryPoint\",\"urlTemplate\":\"https:\\\/\\\/luxpowertek.com\\\/?s={search_term_string}\"},\"query-input\":{\"@type\":\"PropertyValueSpecification\",\"valueRequired\":true,\"valueName\":\"search_term_string\"}}],\"inLanguage\":\"it-IT\"}]}<\/script>\n<!-- \/ Yoast SEO plugin. -->","yoast_head_json":{"title":"Convertitore DCDC ECO ibrido SNA 3-5k - Alta potenza","description":"Un convertitore CC \u00e8 un sistema (dispositivo) elettrico che converte una sorgente di corrente continua (CC) da un livello di tensione a un altro.","robots":{"index":"index","follow":"follow","max-snippet":"max-snippet:-1","max-image-preview":"max-image-preview:large","max-video-preview":"max-video-preview:-1"},"canonical":"https:\/\/luxpowertek.com\/it\/eco-ibrido-sna\/","og_locale":"it_IT","og_type":"article","og_title":"ECO Hybrid SNA 3-5k - High Power DCDC Converter","og_description":"A DC DC converter is an electrical system (device) that converts a direct current (DC) source from one voltage level to another.","og_url":"https:\/\/luxpowertek.com\/it\/eco-ibrido-sna\/","article_modified_time":"2023-12-07T02:32:24+00:00","og_image":[{"width":800,"height":800,"url":"https:\/\/luxpowertek.com\/wp-content\/uploads\/2021\/12\/Luxpower-inverter-LXP-4-6HB-2-min.jpg","type":"image\/jpeg"}],"twitter_card":"summary_large_image","twitter_misc":{"Tempo di lettura stimato":"2 minuti"},"schema":{"@context":"https:\/\/schema.org","@graph":[{"@type":"WebPage","@id":"https:\/\/luxpowertek.com\/eco-hybrid-sna\/","url":"https:\/\/luxpowertek.com\/eco-hybrid-sna\/","name":"Convertitore DCDC ECO ibrido SNA 3-5k - Alta potenza","isPartOf":{"@id":"https:\/\/luxpowertek.com\/#website"},"primaryImageOfPage":{"@id":"https:\/\/luxpowertek.com\/eco-hybrid-sna\/#primaryimage"},"image":{"@id":"https:\/\/luxpowertek.com\/eco-hybrid-sna\/#primaryimage"},"thumbnailUrl":"https:\/\/luxpowertek.com\/wp-content\/uploads\/2021\/12\/Luxpower-inverter-LXP-4-6HB-2-min.jpg","datePublished":"2021-12-24T03:09:56+00:00","dateModified":"2023-12-07T02:32:24+00:00","description":"Un convertitore CC \u00e8 un sistema (dispositivo) elettrico che converte una sorgente di corrente continua (CC) da un livello di tensione a un altro.","breadcrumb":{"@id":"https:\/\/luxpowertek.com\/eco-hybrid-sna\/#breadcrumb"},"inLanguage":"it-IT","potentialAction":[{"@type":"ReadAction","target":["https:\/\/luxpowertek.com\/eco-hybrid-sna\/"]}]},{"@type":"ImageObject","inLanguage":"it-IT","@id":"https:\/\/luxpowertek.com\/eco-hybrid-sna\/#primaryimage","url":"https:\/\/luxpowertek.com\/wp-content\/uploads\/2021\/12\/Luxpower-inverter-LXP-4-6HB-2-min.jpg","contentUrl":"https:\/\/luxpowertek.com\/wp-content\/uploads\/2021\/12\/Luxpower-inverter-LXP-4-6HB-2-min.jpg","width":800,"height":800,"caption":"DC DC converter"},{"@type":"BreadcrumbList","@id":"https:\/\/luxpowertek.com\/eco-hybrid-sna\/#breadcrumb","itemListElement":[{"@type":"ListItem","position":1,"name":"Home","item":"https:\/\/luxpowertek.com\/"},{"@type":"ListItem","position":2,"name":"ECO Hybrid SNA 3-5k"}]},{"@type":"WebSite","@id":"https:\/\/luxpowertek.com\/#website","url":"https:\/\/luxpowertek.com\/","name":"","description":"","potentialAction":[{"@type":"SearchAction","target":{"@type":"EntryPoint","urlTemplate":"https:\/\/luxpowertek.com\/?s={search_term_string}"},"query-input":{"@type":"PropertyValueSpecification","valueRequired":true,"valueName":"search_term_string"}}],"inLanguage":"it-IT"}]}},"_links":{"self":[{"href":"https:\/\/luxpowertek.com\/it\/wp-json\/wp\/v2\/pages\/2354","targetHints":{"allow":["GET"]}}],"collection":[{"href":"https:\/\/luxpowertek.com\/it\/wp-json\/wp\/v2\/pages"}],"about":[{"href":"https:\/\/luxpowertek.com\/it\/wp-json\/wp\/v2\/types\/page"}],"author":[{"embeddable":true,"href":"https:\/\/luxpowertek.com\/it\/wp-json\/wp\/v2\/users\/1"}],"replies":[{"embeddable":true,"href":"https:\/\/luxpowertek.com\/it\/wp-json\/wp\/v2\/comments?post=2354"}],"version-history":[{"count":0,"href":"https:\/\/luxpowertek.com\/it\/wp-json\/wp\/v2\/pages\/2354\/revisions"}],"wp:featuredmedia":[{"embeddable":true,"href":"https:\/\/luxpowertek.com\/it\/wp-json\/wp\/v2\/media\/1650"}],"wp:attachment":[{"href":"https:\/\/luxpowertek.com\/it\/wp-json\/wp\/v2\/media?parent=2354"}],"curies":[{"name":"wp","href":"https:\/\/api.w.org\/{rel}","templated":true}]}}