{"id":15397,"date":"2025-08-22T10:13:17","date_gmt":"2025-08-22T02:13:17","guid":{"rendered":"https:\/\/luxpowertek.com\/?page_id=15397"},"modified":"2025-08-22T14:37:04","modified_gmt":"2025-08-22T06:37:04","slug":"politica-di-risposta-alle-vulnerabilita","status":"publish","type":"page","link":"https:\/\/luxpowertek.com\/it\/politica-di-risposta-alle-vulnerabilita\/","title":{"rendered":"Politica di risposta alle vulnerabilit\u00e0"},"content":{"rendered":"<div class=\"banner has-hover\" id=\"banner-1709324385\">\n          <div class=\"banner-inner fill\">\n        <div class=\"banner-bg fill\" >\n            <div class=\"bg fill bg-fill\"><\/div>\n                        <div class=\"overlay\"><\/div>            \n                    <\/div>\n\t\t\n        <div class=\"banner-layers container\">\n            <div class=\"fill banner-link\"><\/div>            \n   <div id=\"text-box-1983985569\" class=\"text-box banner-layer x50 md-x50 lg-x50 y50 md-y50 lg-y50 res-text\">\n                                <div class=\"text-box-content text dark\">\n              \n              <div class=\"text-inner text-center\">\n                  \n\t<div id=\"text-534766703\" class=\"text\">\n\t\t\n<h1><b> Politica di risposta alle vulnerabilit\u00e0<\/b><\/h1>\n\t\t\n<style>\n#text-534766703 {\n  line-height: 1.95;\n  text-align: center;\n  color: rgb(255,255,255);\n}\n#text-534766703 > * {\n  color: rgb(255,255,255);\n}\n<\/style>\n\t<\/div>\n\t\n              <\/div>\n           <\/div>\n                            \n<style>\n#text-box-1983985569 {\n  width: 61%;\n}\n#text-box-1983985569 .text-box-content {\n  font-size: 100%;\n}\n<\/style>\n    <\/div>\n \n        <\/div>\n      <\/div>\n\n            \n<style>\n#banner-1709324385 {\n  padding-top: 500px;\n}\n#banner-1709324385 .bg.bg-loaded {\n  background-image: url(https:\/\/luxpowertek.com\/wp-content\/uploads\/2025\/08\/luosidao-1030x687.webp);\n}\n#banner-1709324385 .overlay {\n  background-color: rgba(0,0,0,.5);\n}\n#banner-1709324385 .bg {\n  background-position: 35% 47%;\n}\n<\/style>\n  <\/div>\n\n\n\t<div id=\"gap-516685021\" class=\"gap-element clearfix\" style=\"display:block; height:auto;\">\n\t\t\n<style>\n#gap-516685021 {\n  padding-top: 30px;\n}\n<\/style>\n\t<\/div>\n\t\n<div class=\"row\"  id=\"row-417141258\">\n\n\t<div id=\"col-2041662316\" class=\"col medium-5 small-12 large-5\"  >\n\t\t\t\t<div class=\"col-inner\"  >\n\t\t\t\n\t\t\t\n\t<div class=\"img has-hover x md-x lg-x y md-y lg-y\" id=\"image_747205027\">\n\t\t\t\t\t\t\t\t<div class=\"img-inner dark\" >\n\t\t\t<img loading=\"lazy\" decoding=\"async\" width=\"2560\" height=\"1706\" src=\"https:\/\/luxpowertek.com\/wp-content\/uploads\/2025\/08\/fangdajing-2-scaled.webp\" class=\"attachment-original size-original\" alt=\"\" srcset=\"https:\/\/luxpowertek.com\/wp-content\/uploads\/2025\/08\/fangdajing-2-scaled.webp 2560w, https:\/\/luxpowertek.com\/wp-content\/uploads\/2025\/08\/fangdajing-2-300x200.webp 300w, https:\/\/luxpowertek.com\/wp-content\/uploads\/2025\/08\/fangdajing-2-1030x686.webp 1030w, https:\/\/luxpowertek.com\/wp-content\/uploads\/2025\/08\/fangdajing-2-768x512.webp 768w, https:\/\/luxpowertek.com\/wp-content\/uploads\/2025\/08\/fangdajing-2-1536x1024.webp 1536w, https:\/\/luxpowertek.com\/wp-content\/uploads\/2025\/08\/fangdajing-2-2048x1365.webp 2048w, https:\/\/luxpowertek.com\/wp-content\/uploads\/2025\/08\/fangdajing-2-18x12.webp 18w, https:\/\/luxpowertek.com\/wp-content\/uploads\/2025\/08\/fangdajing-2-510x340.webp 510w\" sizes=\"auto, (max-width: 2560px) 100vw, 2560px\" \/>\t\t\t\t\t\t\n\t\t\t\t\t<\/div>\n\t\t\t\t\t\t\t\t\n<style>\n#image_747205027 {\n  width: 100%;\n}\n<\/style>\n\t<\/div>\n\t\n\t\t<\/div>\n\t\t\t\t\t<\/div>\n\n\t\n\n\t<div id=\"col-2104095642\" class=\"col medium-7 small-12 large-7\"  >\n\t\t\t\t<div class=\"col-inner\"  >\n\t\t\t\n\t\t\t\n<h2><span style=\"font-size: 140%;\"><b>1. Obiettivo politico<\/b><\/span><\/h2>\n\t<div id=\"gap-353911579\" class=\"gap-element clearfix\" style=\"display:block; height:auto;\">\n\t\t\n<style>\n#gap-353911579 {\n  padding-top: 110px;\n}\n<\/style>\n\t<\/div>\n\t\n<p><span style=\"font-size: 95%;\" data-font-family=\"default\">LuxpowerTek si impegna a fornire prodotti e servizi sicuri e affidabili ai propri clienti in tutto il mondo. Incoraggiamo ricercatori, partner e clienti in materia di sicurezza a segnalare potenziali vulnerabilit\u00e0 tramite <strong>pratiche di divulgazione responsabile<\/strong>, consentendoci di affrontare e mitigare tempestivamente i rischi.<\/span><\/p>\n\t\t<\/div>\n\t\t\t\t\t<\/div>\n\n\t\n<\/div>\n<div class=\"row\"  id=\"row-1638312393\">\n\n\t<div id=\"col-477851676\" class=\"col medium-6 small-12 large-6\"  >\n\t\t\t\t<div class=\"col-inner\"  >\n\t\t\t\n\t\t\t\n<h2><span style=\"font-size: 140%;\"><b>2. Processo di segnalazione<\/b><\/span><\/h2>\n\t<div id=\"gap-1789666204\" class=\"gap-element clearfix\" style=\"display:block; height:auto;\">\n\t\t\n<style>\n#gap-1789666204 {\n  padding-top: 10px;\n}\n<\/style>\n\t<\/div>\n\t\n<p><span style=\"font-size: 95%;\" data-font-family=\"default\">Per inviare una segnalazione di vulnerabilit\u00e0, utilizzare i seguenti canali:<\/span><\/p>\n<div class=\"row\"  id=\"row-968515542\">\n\n\t<div id=\"col-1346696198\" class=\"col medium-2 small-12 large-2\"  >\n\t\t\t\t<div class=\"col-inner\"  >\n\t\t\t\n\t\t\t\n\t<div class=\"img has-hover x md-x lg-x y md-y lg-y\" id=\"image_1800555369\">\n\t\t\t\t\t\t\t\t<div class=\"img-inner dark\" style=\"margin:-4px 0px 0px 0px;\">\n\t\t\t<img loading=\"lazy\" decoding=\"async\" width=\"200\" height=\"200\" src=\"https:\/\/luxpowertek.com\/wp-content\/uploads\/2025\/08\/email.webp\" class=\"attachment-large size-large\" alt=\"\" srcset=\"https:\/\/luxpowertek.com\/wp-content\/uploads\/2025\/08\/email.webp 200w, https:\/\/luxpowertek.com\/wp-content\/uploads\/2025\/08\/email-80x80.webp 80w, https:\/\/luxpowertek.com\/wp-content\/uploads\/2025\/08\/email-12x12.webp 12w, https:\/\/luxpowertek.com\/wp-content\/uploads\/2025\/08\/email-100x100.webp 100w\" sizes=\"auto, (max-width: 200px) 100vw, 200px\" \/>\t\t\t\t\t\t\n\t\t\t\t\t<\/div>\n\t\t\t\t\t\t\t\t\n<style>\n#image_1800555369 {\n  width: 100%;\n}\n<\/style>\n\t<\/div>\n\t\n\t\t<\/div>\n\t\t\t\t\t<\/div>\n\n\t\n\n\t<div id=\"col-428421898\" class=\"col medium-10 small-12 large-10\"  >\n\t\t\t\t<div class=\"col-inner\"  >\n\t\t\t\n\t\t\t\n\t<div id=\"text-1442573912\" class=\"text\">\n\t\t\n<p style=\"text-align: left;\"><b><span data-font-family=\"default\">Email<\/span><\/b><\/p>\n<p style=\"text-align: left;\"><span data-font-family=\"default\">security@luxpowertek.com <\/span>(Si consiglia la crittografia PGP)<\/p>\n\t\t\n<style>\n#text-1442573912 {\n  line-height: 1.25;\n  text-align: left;\n}\n<\/style>\n\t<\/div>\n\t\n\t\t<\/div>\n\t\t\t\t\t<\/div>\n\n\t\n<\/div>\n<div class=\"row\"  id=\"row-1547405068\">\n\n\t<div id=\"col-9651632\" class=\"col medium-2 small-12 large-2\"  >\n\t\t\t\t<div class=\"col-inner\"  >\n\t\t\t\n\t\t\t\n\t<div class=\"img has-hover x md-x lg-x y md-y lg-y\" id=\"image_303403576\">\n\t\t\t\t\t\t\t\t<div class=\"img-inner dark\" style=\"margin:-4px 0px 0px 0px;\">\n\t\t\t<img loading=\"lazy\" decoding=\"async\" width=\"512\" height=\"512\" src=\"https:\/\/luxpowertek.com\/wp-content\/uploads\/2025\/08\/Lot.webp\" class=\"attachment-large size-large\" alt=\"\" srcset=\"https:\/\/luxpowertek.com\/wp-content\/uploads\/2025\/08\/Lot.webp 512w, https:\/\/luxpowertek.com\/wp-content\/uploads\/2025\/08\/Lot-300x300.webp 300w, https:\/\/luxpowertek.com\/wp-content\/uploads\/2025\/08\/Lot-80x80.webp 80w, https:\/\/luxpowertek.com\/wp-content\/uploads\/2025\/08\/Lot-12x12.webp 12w, https:\/\/luxpowertek.com\/wp-content\/uploads\/2025\/08\/Lot-510x510.webp 510w, https:\/\/luxpowertek.com\/wp-content\/uploads\/2025\/08\/Lot-100x100.webp 100w\" sizes=\"auto, (max-width: 512px) 100vw, 512px\" \/>\t\t\t\t\t\t\n\t\t\t\t\t<\/div>\n\t\t\t\t\t\t\t\t\n<style>\n#image_303403576 {\n  width: 100%;\n}\n<\/style>\n\t<\/div>\n\t\n\t\t<\/div>\n\t\t\t\t\t<\/div>\n\n\t\n\n\t<div id=\"col-2058679303\" class=\"col medium-10 small-12 large-10\"  >\n\t\t\t\t<div class=\"col-inner\"  >\n\t\t\t\n\t\t\t\n\t<div id=\"text-3892221664\" class=\"text\">\n\t\t\n<p><b><span data-font-family=\"default\">Modulo online\/Portale di sicurezza<\/span><\/b><\/p>\n<p><span data-font-family=\"default\">I dettagli di qualsiasi portale di sicurezza dedicato saranno annunciati separatamente<\/span><\/p>\n\t\t\n<style>\n#text-3892221664 {\n  line-height: 1.25;\n  text-align: left;\n}\n<\/style>\n\t<\/div>\n\t\n\t\t<\/div>\n\t\t\t\t\t<\/div>\n\n\t\n<\/div>\n<p><span data-font-family=\"default\">Si prega di includere le seguenti informazioni nel rapporto:<\/span><\/p>\n<ul>\n<li><span data-font-family=\"default\">Modello del prodotto interessato e versione firmware\/software<\/span><\/li>\n<li><span data-font-family=\"default\">Descrizione dettagliata della vulnerabilit\u00e0 e passaggi per riprodurla (o Proof of Concept)<\/span><\/li>\n<li><span data-font-family=\"default\">Analisi del potenziale impatto<\/span><\/li>\n<li><span data-font-family=\"default\">Informazioni di contatto per comunicazioni di follow-up<\/span><\/li>\n<\/ul>\n\t\t<\/div>\n\t\t\t\t\t<\/div>\n\n\t\n\n\t<div id=\"col-1711858867\" class=\"col medium-6 small-12 large-6\"  >\n\t\t\t\t<div class=\"col-inner\"  >\n\t\t\t\n\t\t\t\n\t<div class=\"img has-hover x md-x lg-x y md-y lg-y\" id=\"image_1310946125\">\n\t\t\t\t\t\t\t\t<div class=\"img-inner dark\" >\n\t\t\t<img loading=\"lazy\" decoding=\"async\" width=\"1920\" height=\"1280\" src=\"https:\/\/luxpowertek.com\/wp-content\/uploads\/2025\/08\/tijiao.webp\" class=\"attachment-original size-original\" alt=\"\" srcset=\"https:\/\/luxpowertek.com\/wp-content\/uploads\/2025\/08\/tijiao.webp 1920w, https:\/\/luxpowertek.com\/wp-content\/uploads\/2025\/08\/tijiao-300x200.webp 300w, https:\/\/luxpowertek.com\/wp-content\/uploads\/2025\/08\/tijiao-1030x687.webp 1030w, https:\/\/luxpowertek.com\/wp-content\/uploads\/2025\/08\/tijiao-768x512.webp 768w, https:\/\/luxpowertek.com\/wp-content\/uploads\/2025\/08\/tijiao-1536x1024.webp 1536w, https:\/\/luxpowertek.com\/wp-content\/uploads\/2025\/08\/tijiao-18x12.webp 18w, https:\/\/luxpowertek.com\/wp-content\/uploads\/2025\/08\/tijiao-510x340.webp 510w\" sizes=\"auto, (max-width: 1920px) 100vw, 1920px\" \/>\t\t\t\t\t\t\n\t\t\t\t\t<\/div>\n\t\t\t\t\t\t\t\t\n<style>\n#image_1310946125 {\n  width: 100%;\n}\n<\/style>\n\t<\/div>\n\t\n<p><strong>SUGGERIMENTI:<\/strong><\/p>\n<p><span data-font-family=\"default\">Per garantire una divulgazione responsabile, si prega di astenersi dal divulgare pubblicamente la vulnerabilit\u00e0 finch\u00e9 non sar\u00e0 stata rilasciata una correzione ufficiale.<\/span><\/p>\n\t\t<\/div>\n\t\t\t\t\t<\/div>\n\n\t\n<\/div>\n<h2><span style=\"font-size: 140%;\"><b>3. Ambito dei test di sicurezza e limiti di conformit\u00e0<\/b><\/span><\/h2>\n\t<div id=\"gap-1592773554\" class=\"gap-element clearfix\" style=\"display:block; height:auto;\">\n\t\t\n<style>\n#gap-1592773554 {\n  padding-top: 30px;\n}\n<\/style>\n\t<\/div>\n\t\n<h2><strong><span style=\"color: #63ad82;\">Attivit\u00e0 di test consentite<\/span>\u2705<\/strong><\/h2>\n<ul>\n<li><span data-font-family=\"default\">Test del dispositivo locale<\/span><\/li>\n<li><span data-font-family=\"default\">Analisi della comunicazione di rete<\/span><\/li>\n<li><span data-font-family=\"default\">Configurazione e convalida dei permessi<\/span><\/li>\n<\/ul>\n\t<div id=\"gap-1677532347\" class=\"gap-element clearfix\" style=\"display:block; height:auto;\">\n\t\t\n<style>\n#gap-1677532347 {\n  padding-top: 30px;\n}\n<\/style>\n\t<\/div>\n\t\n<h2><span style=\"color: #d83131;\"><b>Attivit\u00e0 proibite\u274c<\/b><\/span><\/h2>\n<ul>\n<li><span data-font-family=\"default\">Accesso non autorizzato o furto dei dati degli utenti<\/span><\/li>\n<li><span data-font-family=\"default\">Sfruttamento delle vulnerabilit\u00e0 che causano interruzioni o danni al servizio<\/span><\/li>\n<li><span data-font-family=\"default\">Attacchi di scansione su larga scala o di negazione del servizio mirati agli ambienti di produzione<\/span><\/li>\n<\/ul>\n\t<div id=\"gap-613810405\" class=\"gap-element clearfix\" style=\"display:block; height:auto;\">\n\t\t\n<style>\n#gap-613810405 {\n  padding-top: 50px;\n}\n<\/style>\n\t<\/div>\n\t\n<h2><span style=\"font-size: 140%;\"><b>4. Processo e tempi di risposta alle vulnerabilit\u00e0<\/b><\/span><\/h2>\n<p><span data-font-family=\"default\">LuxpowerTek aderisce alle migliori pratiche internazionali e ha stabilito un processo di risposta standardizzato per la gestione delle vulnerabilit\u00e0:<\/span><\/p>\n<ol>\n<li><b><span data-font-family=\"default\">Riconoscimento<\/span><\/b><span data-font-family=\"default\">: Entro 5 giorni lavorativi dal ricevimento del rapporto, confermeremo la ricezione.<\/span><\/li>\n<li><b><span data-font-family=\"default\">Validazione e valutazione<\/span><\/b><span data-font-family=\"default\">: Il nostro team di sicurezza convalider\u00e0 la vulnerabilit\u00e0 e ne valuter\u00e0 il livello di rischio utilizzando lo standard CVSS v3.1.<\/span><\/li>\n<li><b><span data-font-family=\"default\">Piano di bonifica<\/span><\/b><span data-font-family=\"default\">: A seconda della gravit\u00e0, svilupperemo un piano di correzione o di mitigazione.<\/span><\/li>\n<li><b><span data-font-family=\"default\">Comunicazione<\/span><\/b><span data-font-family=\"default\">: Resteremo in contatto con il reporter durante tutto il processo, richiedendo ulteriori informazioni se necessario.<\/span><\/li>\n<li><b><span data-font-family=\"default\">Divulgazione pubblica<\/span><\/b> <b><span data-font-family=\"default\">osure<\/span><\/b><span data-font-family=\"default\">: Una volta risolta la questione, verr\u00e0 pubblicato un avviso sulla vulnerabilit\u00e0 nel nostro bollettino sulla sicurezza, con avviso al ricercatore se \u00e8 stato fornito il consenso.<\/span><\/li>\n<\/ol>\n<p><span data-font-family=\"default\">La tipica tempistica di risoluzione e divulgazione \u00e8 <strong>90\u2013120<\/strong> giorni, con vulnerabilit\u00e0 critiche prioritarie per una gestione rapida.<\/span><\/p>\n\t<div id=\"gap-223694667\" class=\"gap-element clearfix\" style=\"display:block; height:auto;\">\n\t\t\n<style>\n#gap-223694667 {\n  padding-top: 60px;\n}\n<\/style>\n\t<\/div>\n\t\n<h2><span style=\"font-size: 140%;\"><b>5. Classificazione della gravit\u00e0 della vulnerabilit\u00e0<\/b><\/span><\/h2>\n<p><span data-font-family=\"default\">Le vulnerabilit\u00e0 sono classificate in base allo standard CVSS v3.1 come segue:<\/span><\/p>\n<div class=\"row\"  id=\"row-711701511\">\n\n\t<div id=\"col-399536222\" class=\"col medium-3 small-6 large-3\"  >\n\t\t\t\t<div class=\"col-inner\"  >\n\t\t\t\n\t\t\t\n<p><b><span data-font-family=\"default\">Basso (0,1\u20133,9)<\/span><\/b><\/p>\n<p><span data-font-family=\"default\">Impatto minimo, risolto nelle iterazioni successive.<\/span><\/p>\n\t\t<\/div>\n\t\t\t\t\t<\/div>\n\n\t\n\n\t<div id=\"col-881809552\" class=\"col medium-3 small-6 large-3\"  >\n\t\t\t\t<div class=\"col-inner\"  >\n\t\t\t\n\t\t\t\n<p><b><span data-font-family=\"default\">Medio (4,0\u20136,9)<\/span><\/b><\/p>\n<p><span data-font-family=\"default\"> Impatto limitato, risolto tramite aggiornamenti software di routine.<\/span><\/p>\n\t\t<\/div>\n\t\t\t\t\t<\/div>\n\n\t\n\n\t<div id=\"col-1961683784\" class=\"col medium-3 small-6 large-3\"  >\n\t\t\t\t<div class=\"col-inner\"  >\n\t\t\t\n\t\t\t\n<p><b><span data-font-family=\"default\">Alto (7,0\u20138,9)<\/span><\/b><\/p>\n<p><span data-font-family=\"default\"> Vulnerabilit\u00e0 ad alto impatto prioritarie per una risoluzione immediata.<\/span><\/p>\n\t\t<\/div>\n\t\t\t\t\t<\/div>\n\n\t\n\n\t<div id=\"col-611255260\" class=\"col medium-3 small-6 large-3\"  >\n\t\t\t\t<div class=\"col-inner\"  >\n\t\t\t\n\t\t\t\n<p><b><span data-font-family=\"default\">Critico (9.0\u201310.0)<\/span><\/b><\/p>\n<p><span data-font-family=\"default\"> Rimedio immediato con rilascio urgente di patch.<\/span><\/p>\n\t\t<\/div>\n\t\t\t\t\t<\/div>\n\n\t\n<\/div>\n<h2><span style=\"font-size: 140%;\">6. Avviso<\/span><\/h2>\n<h2><b><span data-font-family=\"default\">Principi di divulgazione coordinata<\/span><\/b><\/h2>\n<p><span data-font-family=\"default\">LuxpowerTek aderisce a un <\/span><b><span data-font-family=\"default\">malattie cardiovascolari<\/span><\/b><b><span data-font-family=\"default\">(Divulgazione coordinata delle vulnerabilit\u00e0)<\/span><\/b><span data-font-family=\"default\"> modello per garantire che le vulnerabilit\u00e0 non vengano divulgate pubblicamente prima del rilascio di una patch. <\/span><\/p>\n<p><span data-font-family=\"default\">Ai ricercatori viene richiesto di fornire una finestra di bonifica ragionevole, in genere<\/span><b><span data-font-family=\"default\"> 90 giorni<\/span><\/b><span data-font-family=\"default\">, per facilitare una risoluzione tempestiva.<\/span><\/p>\n<h2><b><span data-font-family=\"default\">Esenzione legale<\/span><\/b><\/h2>\n<p><span data-font-family=\"default\">A condizione che i test di vulnerabilit\u00e0 e la divulgazione siano condotti in conformit\u00e0 con questa politica, LuxpowerTek non intraprender\u00e0 azioni legali contro i ricercatori e considerer\u00e0 tali attivit\u00e0 come <\/span><b><span data-font-family=\"default\">ricerca sulla sicurezza in buona fede.<\/span><\/b><\/p>\n<h2><b><span data-font-family=\"default\">Disclaimer<\/span><\/b><\/h2>\n<p><i><span data-font-family=\"default\">Questa politica potrebbe essere aggiornata<\/span><\/i><span data-font-family=\"default\">d per riflettere gli sviluppi del settore e i requisiti legali. LuxpowerTek non si assume alcuna garanzia o responsabilit\u00e0 per eventuali perdite dirette o indirette derivanti dalla divulgazione di vulnerabilit\u00e0 o da ritardi nella correzione.<\/span><\/p>","protected":false},"excerpt":{"rendered":"<p>3. Ambito dei test di sicurezza e limiti di conformit\u00e0 Attivit\u00e0 di test consentite\u2705 Test dei dispositivi locali Analisi delle comunicazioni di rete Convalida della configurazione e delle autorizzazioni Attivit\u00e0 vietate\u274c Accesso non autorizzato o furto di dati utente Sfruttamento di vulnerabilit\u00e0 che causano interruzioni o danni al servizio Scansioni su larga scala o attacchi denial-of-service mirati agli ambienti di produzione 4. Processo e tempi di risposta alle vulnerabilit\u00e0 LuxpowerTek aderisce alle normative internazionali\u2026<\/p>","protected":false},"author":3,"featured_media":0,"parent":0,"menu_order":0,"comment_status":"closed","ping_status":"closed","template":"","meta":{"rop_custom_images_group":[],"rop_custom_messages_group":[],"rop_publish_now":"initial","rop_publish_now_accounts":[],"rop_publish_now_history":[],"rop_publish_now_status":"pending","footnotes":""},"class_list":["post-15397","page","type-page","status-publish","hentry"],"yoast_head":"<!-- This site is optimized with the Yoast SEO plugin v27.3 - https:\/\/yoast.com\/product\/yoast-seo-wordpress\/ -->\n<title>Vulnerability Response Policy -<\/title>\n<meta name=\"robots\" content=\"index, follow, max-snippet:-1, max-image-preview:large, max-video-preview:-1\" \/>\n<link rel=\"canonical\" href=\"https:\/\/luxpowertek.com\/it\/politica-di-risposta-alle-vulnerabilita\/\" \/>\n<meta property=\"og:locale\" content=\"it_IT\" \/>\n<meta property=\"og:type\" content=\"article\" \/>\n<meta property=\"og:title\" content=\"Vulnerability Response Policy -\" \/>\n<meta property=\"og:description\" content=\"3. Security Testing Scope and Compliance Boundaries Permitted Testing Activities\u2705 Local device testing Network communication analysis Configuration and permission validation Prohibited Activities\u274c Unauthorized access or theft of user data Exploitation of vulnerabilities causing service disruption or damage Large-scale scanning or denial-of-service attacks targeting production environments 4. Vulnerability Response Process and Timeline LuxpowerTek adheres to international...\" \/>\n<meta property=\"og:url\" content=\"https:\/\/luxpowertek.com\/it\/politica-di-risposta-alle-vulnerabilita\/\" \/>\n<meta property=\"article:modified_time\" content=\"2025-08-22T06:37:04+00:00\" \/>\n<meta name=\"twitter:card\" content=\"summary_large_image\" \/>\n<meta name=\"twitter:label1\" content=\"Tempo di lettura stimato\" \/>\n\t<meta name=\"twitter:data1\" content=\"3 minuti\" \/>\n<script type=\"application\/ld+json\" class=\"yoast-schema-graph\">{\"@context\":\"https:\\\/\\\/schema.org\",\"@graph\":[{\"@type\":\"WebPage\",\"@id\":\"https:\\\/\\\/luxpowertek.com\\\/vulnerability-response-policy\\\/\",\"url\":\"https:\\\/\\\/luxpowertek.com\\\/vulnerability-response-policy\\\/\",\"name\":\"Vulnerability Response Policy -\",\"isPartOf\":{\"@id\":\"https:\\\/\\\/luxpowertek.com\\\/#website\"},\"datePublished\":\"2025-08-22T02:13:17+00:00\",\"dateModified\":\"2025-08-22T06:37:04+00:00\",\"breadcrumb\":{\"@id\":\"https:\\\/\\\/luxpowertek.com\\\/vulnerability-response-policy\\\/#breadcrumb\"},\"inLanguage\":\"it-IT\",\"potentialAction\":[{\"@type\":\"ReadAction\",\"target\":[\"https:\\\/\\\/luxpowertek.com\\\/vulnerability-response-policy\\\/\"]}]},{\"@type\":\"BreadcrumbList\",\"@id\":\"https:\\\/\\\/luxpowertek.com\\\/vulnerability-response-policy\\\/#breadcrumb\",\"itemListElement\":[{\"@type\":\"ListItem\",\"position\":1,\"name\":\"Home\",\"item\":\"https:\\\/\\\/luxpowertek.com\\\/\"},{\"@type\":\"ListItem\",\"position\":2,\"name\":\"Vulnerability Response Policy\"}]},{\"@type\":\"WebSite\",\"@id\":\"https:\\\/\\\/luxpowertek.com\\\/#website\",\"url\":\"https:\\\/\\\/luxpowertek.com\\\/\",\"name\":\"\",\"description\":\"\",\"potentialAction\":[{\"@type\":\"SearchAction\",\"target\":{\"@type\":\"EntryPoint\",\"urlTemplate\":\"https:\\\/\\\/luxpowertek.com\\\/?s={search_term_string}\"},\"query-input\":{\"@type\":\"PropertyValueSpecification\",\"valueRequired\":true,\"valueName\":\"search_term_string\"}}],\"inLanguage\":\"it-IT\"}]}<\/script>\n<!-- \/ Yoast SEO plugin. -->","yoast_head_json":{"title":"Politica di risposta alle vulnerabilit\u00e0 -","robots":{"index":"index","follow":"follow","max-snippet":"max-snippet:-1","max-image-preview":"max-image-preview:large","max-video-preview":"max-video-preview:-1"},"canonical":"https:\/\/luxpowertek.com\/it\/politica-di-risposta-alle-vulnerabilita\/","og_locale":"it_IT","og_type":"article","og_title":"Vulnerability Response Policy -","og_description":"3. Security Testing Scope and Compliance Boundaries Permitted Testing Activities\u2705 Local device testing Network communication analysis Configuration and permission validation Prohibited Activities\u274c Unauthorized access or theft of user data Exploitation of vulnerabilities causing service disruption or damage Large-scale scanning or denial-of-service attacks targeting production environments 4. Vulnerability Response Process and Timeline LuxpowerTek adheres to international...","og_url":"https:\/\/luxpowertek.com\/it\/politica-di-risposta-alle-vulnerabilita\/","article_modified_time":"2025-08-22T06:37:04+00:00","twitter_card":"summary_large_image","twitter_misc":{"Tempo di lettura stimato":"3 minuti"},"schema":{"@context":"https:\/\/schema.org","@graph":[{"@type":"WebPage","@id":"https:\/\/luxpowertek.com\/vulnerability-response-policy\/","url":"https:\/\/luxpowertek.com\/vulnerability-response-policy\/","name":"Politica di risposta alle vulnerabilit\u00e0 -","isPartOf":{"@id":"https:\/\/luxpowertek.com\/#website"},"datePublished":"2025-08-22T02:13:17+00:00","dateModified":"2025-08-22T06:37:04+00:00","breadcrumb":{"@id":"https:\/\/luxpowertek.com\/vulnerability-response-policy\/#breadcrumb"},"inLanguage":"it-IT","potentialAction":[{"@type":"ReadAction","target":["https:\/\/luxpowertek.com\/vulnerability-response-policy\/"]}]},{"@type":"BreadcrumbList","@id":"https:\/\/luxpowertek.com\/vulnerability-response-policy\/#breadcrumb","itemListElement":[{"@type":"ListItem","position":1,"name":"Home","item":"https:\/\/luxpowertek.com\/"},{"@type":"ListItem","position":2,"name":"Vulnerability Response Policy"}]},{"@type":"WebSite","@id":"https:\/\/luxpowertek.com\/#website","url":"https:\/\/luxpowertek.com\/","name":"","description":"","potentialAction":[{"@type":"SearchAction","target":{"@type":"EntryPoint","urlTemplate":"https:\/\/luxpowertek.com\/?s={search_term_string}"},"query-input":{"@type":"PropertyValueSpecification","valueRequired":true,"valueName":"search_term_string"}}],"inLanguage":"it-IT"}]}},"_links":{"self":[{"href":"https:\/\/luxpowertek.com\/it\/wp-json\/wp\/v2\/pages\/15397","targetHints":{"allow":["GET"]}}],"collection":[{"href":"https:\/\/luxpowertek.com\/it\/wp-json\/wp\/v2\/pages"}],"about":[{"href":"https:\/\/luxpowertek.com\/it\/wp-json\/wp\/v2\/types\/page"}],"author":[{"embeddable":true,"href":"https:\/\/luxpowertek.com\/it\/wp-json\/wp\/v2\/users\/3"}],"replies":[{"embeddable":true,"href":"https:\/\/luxpowertek.com\/it\/wp-json\/wp\/v2\/comments?post=15397"}],"version-history":[{"count":11,"href":"https:\/\/luxpowertek.com\/it\/wp-json\/wp\/v2\/pages\/15397\/revisions"}],"predecessor-version":[{"id":15427,"href":"https:\/\/luxpowertek.com\/it\/wp-json\/wp\/v2\/pages\/15397\/revisions\/15427"}],"wp:attachment":[{"href":"https:\/\/luxpowertek.com\/it\/wp-json\/wp\/v2\/media?parent=15397"}],"curies":[{"name":"wp","href":"https:\/\/api.w.org\/{rel}","templated":true}]}}