{"id":2722,"date":"2022-01-12T13:44:15","date_gmt":"2022-01-12T05:44:15","guid":{"rendered":"https:\/\/nibianqi.bbswaimao.com\/?post_type=product&#038;p=2722"},"modified":"2024-08-28T08:59:16","modified_gmt":"2024-08-28T00:59:16","slug":"sdm120-modbus","status":"publish","type":"product","link":"https:\/\/luxpowertek.com\/hu\/sdm120-modbus\/","title":{"rendered":"SDM120-Modbus"},"content":{"rendered":"<section class=\"section\" id=\"section_760160632\">\n\t\t<div class=\"bg section-bg fill bg-fill  bg-loaded\" >\n\n\t\t\t\n\t\t\t\n\t\t\t\n\n\t\t<\/div>\n\n\t\t\n\n\t\t<div class=\"section-content relative\">\n\t\t\t\n<div class=\"row\"  id=\"row-1430698007\">\n\n\t<div id=\"col-1866434898\" class=\"col small-12 large-12\"  >\n\t\t\t\t<div class=\"col-inner\"  >\n\t\t\t\n\t\t\t\n<table>\n<thead>\n<tr>\n<td>V\u00e1lt\u00f3fesz\u00fclts\u00e9g (Un)<\/td>\n<td>230V<\/td>\n<\/tr>\n<\/thead>\n<tbody>\n<tr>\n<td>Fesz\u00fclts\u00e9gtartom\u00e1ny<\/td>\n<td>176~276 V AC<\/td>\n<\/tr>\n<tr>\n<td>Alap\u00e1ram (Ib)<\/td>\n<td>5A<\/td>\n<\/tr>\n<tr>\n<td>Max. \u00e1ramer\u0151ss\u00e9g (Imax)<\/td>\n<td>45A<\/td>\n<\/tr>\n<tr>\n<td>Mini \u00e1ramer\u0151ss\u00e9g (Imin)<\/td>\n<td>0,25 A<\/td>\n<\/tr>\n<tr>\n<td>Ind\u00edt\u00f3\u00e1ram<\/td>\n<td>0,41 TP3T fontb\u00f3l<\/td>\n<\/tr>\n<tr>\n<td>Energiafogyaszt\u00e1s<\/td>\n<td>&lt;2W\/10VA<\/td>\n<\/tr>\n<tr>\n<td>Frekvencia<\/td>\n<td>50\/60 Hz (\u00b110%)<\/td>\n<\/tr>\n<tr>\n<td>AC fesz\u00fclts\u00e9g\u00e1ll\u00f3s\u00e1g<\/td>\n<td>4 kV 1 percig<\/td>\n<\/tr>\n<tr>\n<td>L\u00f6k\u0151fesz\u00fclts\u00e9g ellen\u00e1ll\u00e1s<\/td>\n<td>6KV-1.2uS hull\u00e1mforma<\/td>\n<\/tr>\n<tr>\n<td>T\u00fal\u00e1ram\u00e1ll\u00f3s\u00e1g<\/td>\n<td>30Imax 0,01 m\u00e1sodpercig<\/td>\n<\/tr>\n<tr>\n<td rowspan=\"2\">Impulzus kimeneti sebess\u00e9g<\/td>\n<td>1000 imp\/kWh (alap\u00e9rtelmezett)<\/td>\n<\/tr>\n<tr>\n<td>100\/10\/1 imp\/kWh\/kVarh (konfigur\u00e1lhat\u00f3)<\/td>\n<\/tr>\n<tr>\n<td>Kijelz\u0151<\/td>\n<td>LCD k\u00e9k h\u00e1tt\u00e9rvil\u00e1g\u00edt\u00e1ssal<\/td>\n<\/tr>\n<tr>\n<td>Max. leolvas\u00e1s<\/td>\n<td>99999,9 kWh<\/td>\n<\/tr>\n<\/tbody>\n<\/table>\n\t\t<\/div>\n\t\t\t\t\t<\/div>\n\n\t\n<\/div>\n\t\t<\/div>\n\n\t\t\n<style>\n#section_760160632 {\n  padding-top: 30px;\n  padding-bottom: 30px;\n}\n<\/style>\n\t<\/section>","protected":false},"excerpt":{"rendered":"<ul>\n<li>M\u00e9r\u00e9sek: kWh, Kvarh, KW, Kvar, KVA, PF, Hz, dmd, V, A stb.<\/li>\n<li>K\u00e9tir\u00e1ny\u00fa m\u00e9r\u00e9s IMP \u00e9s EXP<\/li>\n<li>K\u00e9t impulzus kimenet<\/li>\n<li>RS485 Modbus<\/li>\n<li>DIN s\u00ednre szerelhet\u0151 17,5 mm<\/li>\n<li>45A k\u00f6zvetlen csatlakoz\u00e1s<\/li>\n<li>Jobb, mint az 1. oszt\u00e1ly\u00fa pontoss\u00e1g<\/li>\n<\/ul>","protected":false},"featured_media":2724,"comment_status":"open","ping_status":"closed","template":"","meta":{"rop_custom_images_group":[],"rop_custom_messages_group":[],"rop_publish_now":"initial","rop_publish_now_accounts":[],"rop_publish_now_history":[],"rop_publish_now_status":"pending"},"product_brand":[],"product_cat":[24],"class_list":{"0":"post-2722","1":"product","2":"type-product","3":"status-publish","4":"has-post-thumbnail","6":"product_cat-accessorie","8":"first","9":"instock","10":"shipping-taxable","11":"product-type-simple"},"yoast_head":"<!-- This site is optimized with the Yoast SEO plugin v27.3 - https:\/\/yoast.com\/product\/yoast-seo-wordpress\/ -->\n<title>SDM120-Modbus -<\/title>\n<meta name=\"robots\" content=\"index, follow, max-snippet:-1, max-image-preview:large, max-video-preview:-1\" \/>\n<link rel=\"canonical\" href=\"https:\/\/luxpowertek.com\/hu\/sdm120-modbus\/\" \/>\n<meta property=\"og:locale\" content=\"hu_HU\" \/>\n<meta property=\"og:type\" content=\"article\" \/>\n<meta property=\"og:title\" content=\"SDM120-Modbus -\" \/>\n<meta property=\"og:description\" content=\"Measures kWh, Kvarh, KW, Kvar, KVA, PF, Hz, dmd, V, A, etc.  Bi-directional measurement IMP &amp; EXP  Two pulse outputs  RS485 Modbus  Din rail mounting 17.5mm  45A direct connection  Better than Class 1 accuracy\" \/>\n<meta property=\"og:url\" content=\"https:\/\/luxpowertek.com\/hu\/sdm120-modbus\/\" \/>\n<meta property=\"article:modified_time\" content=\"2024-08-28T00:59:16+00:00\" \/>\n<meta property=\"og:image\" content=\"https:\/\/luxpowertek.com\/wp-content\/uploads\/2022\/01\/meter.png\" \/>\n\t<meta property=\"og:image:width\" content=\"613\" \/>\n\t<meta property=\"og:image:height\" content=\"613\" \/>\n\t<meta property=\"og:image:type\" content=\"image\/png\" \/>\n<meta name=\"twitter:card\" content=\"summary_large_image\" \/>\n<script type=\"application\/ld+json\" class=\"yoast-schema-graph\">{\"@context\":\"https:\\\/\\\/schema.org\",\"@graph\":[{\"@type\":\"WebPage\",\"@id\":\"https:\\\/\\\/luxpowertek.com\\\/sdm120-modbus\",\"url\":\"https:\\\/\\\/luxpowertek.com\\\/sdm120-modbus\",\"name\":\"SDM120-Modbus -\",\"isPartOf\":{\"@id\":\"https:\\\/\\\/luxpowertek.com\\\/#website\"},\"primaryImageOfPage\":{\"@id\":\"https:\\\/\\\/luxpowertek.com\\\/sdm120-modbus#primaryimage\"},\"image\":{\"@id\":\"https:\\\/\\\/luxpowertek.com\\\/sdm120-modbus#primaryimage\"},\"thumbnailUrl\":\"https:\\\/\\\/luxpowertek.com\\\/wp-content\\\/uploads\\\/2022\\\/01\\\/meter.png\",\"datePublished\":\"2022-01-12T05:44:15+00:00\",\"dateModified\":\"2024-08-28T00:59:16+00:00\",\"breadcrumb\":{\"@id\":\"https:\\\/\\\/luxpowertek.com\\\/sdm120-modbus#breadcrumb\"},\"inLanguage\":\"hu\",\"potentialAction\":[{\"@type\":\"ReadAction\",\"target\":[\"https:\\\/\\\/luxpowertek.com\\\/sdm120-modbus\"]}]},{\"@type\":\"ImageObject\",\"inLanguage\":\"hu\",\"@id\":\"https:\\\/\\\/luxpowertek.com\\\/sdm120-modbus#primaryimage\",\"url\":\"https:\\\/\\\/luxpowertek.com\\\/wp-content\\\/uploads\\\/2022\\\/01\\\/meter.png\",\"contentUrl\":\"https:\\\/\\\/luxpowertek.com\\\/wp-content\\\/uploads\\\/2022\\\/01\\\/meter.png\",\"width\":613,\"height\":613},{\"@type\":\"BreadcrumbList\",\"@id\":\"https:\\\/\\\/luxpowertek.com\\\/sdm120-modbus#breadcrumb\",\"itemListElement\":[{\"@type\":\"ListItem\",\"position\":1,\"name\":\"Home\",\"item\":\"https:\\\/\\\/luxpowertek.com\\\/\"},{\"@type\":\"ListItem\",\"position\":2,\"name\":\"Products\",\"item\":\"https:\\\/\\\/luxpowertek.com\\\/shop\"},{\"@type\":\"ListItem\",\"position\":3,\"name\":\"SDM120-Modbus\"}]},{\"@type\":\"WebSite\",\"@id\":\"https:\\\/\\\/luxpowertek.com\\\/#website\",\"url\":\"https:\\\/\\\/luxpowertek.com\\\/\",\"name\":\"\",\"description\":\"\",\"potentialAction\":[{\"@type\":\"SearchAction\",\"target\":{\"@type\":\"EntryPoint\",\"urlTemplate\":\"https:\\\/\\\/luxpowertek.com\\\/?s={search_term_string}\"},\"query-input\":{\"@type\":\"PropertyValueSpecification\",\"valueRequired\":true,\"valueName\":\"search_term_string\"}}],\"inLanguage\":\"hu\"}]}<\/script>\n<!-- \/ Yoast SEO plugin. -->","yoast_head_json":{"title":"SDM120-Modbus -","robots":{"index":"index","follow":"follow","max-snippet":"max-snippet:-1","max-image-preview":"max-image-preview:large","max-video-preview":"max-video-preview:-1"},"canonical":"https:\/\/luxpowertek.com\/hu\/sdm120-modbus\/","og_locale":"hu_HU","og_type":"article","og_title":"SDM120-Modbus -","og_description":"Measures kWh, Kvarh, KW, Kvar, KVA, PF, Hz, dmd, V, A, etc.  Bi-directional measurement IMP &amp; EXP  Two pulse outputs  RS485 Modbus  Din rail mounting 17.5mm  45A direct connection  Better than Class 1 accuracy","og_url":"https:\/\/luxpowertek.com\/hu\/sdm120-modbus\/","article_modified_time":"2024-08-28T00:59:16+00:00","og_image":[{"width":613,"height":613,"url":"https:\/\/luxpowertek.com\/wp-content\/uploads\/2022\/01\/meter.png","type":"image\/png"}],"twitter_card":"summary_large_image","schema":{"@context":"https:\/\/schema.org","@graph":[{"@type":"WebPage","@id":"https:\/\/luxpowertek.com\/sdm120-modbus","url":"https:\/\/luxpowertek.com\/sdm120-modbus","name":"SDM120-Modbus -","isPartOf":{"@id":"https:\/\/luxpowertek.com\/#website"},"primaryImageOfPage":{"@id":"https:\/\/luxpowertek.com\/sdm120-modbus#primaryimage"},"image":{"@id":"https:\/\/luxpowertek.com\/sdm120-modbus#primaryimage"},"thumbnailUrl":"https:\/\/luxpowertek.com\/wp-content\/uploads\/2022\/01\/meter.png","datePublished":"2022-01-12T05:44:15+00:00","dateModified":"2024-08-28T00:59:16+00:00","breadcrumb":{"@id":"https:\/\/luxpowertek.com\/sdm120-modbus#breadcrumb"},"inLanguage":"hu","potentialAction":[{"@type":"ReadAction","target":["https:\/\/luxpowertek.com\/sdm120-modbus"]}]},{"@type":"ImageObject","inLanguage":"hu","@id":"https:\/\/luxpowertek.com\/sdm120-modbus#primaryimage","url":"https:\/\/luxpowertek.com\/wp-content\/uploads\/2022\/01\/meter.png","contentUrl":"https:\/\/luxpowertek.com\/wp-content\/uploads\/2022\/01\/meter.png","width":613,"height":613},{"@type":"BreadcrumbList","@id":"https:\/\/luxpowertek.com\/sdm120-modbus#breadcrumb","itemListElement":[{"@type":"ListItem","position":1,"name":"Home","item":"https:\/\/luxpowertek.com\/"},{"@type":"ListItem","position":2,"name":"Products","item":"https:\/\/luxpowertek.com\/shop"},{"@type":"ListItem","position":3,"name":"SDM120-Modbus"}]},{"@type":"WebSite","@id":"https:\/\/luxpowertek.com\/#website","url":"https:\/\/luxpowertek.com\/","name":"","description":"","potentialAction":[{"@type":"SearchAction","target":{"@type":"EntryPoint","urlTemplate":"https:\/\/luxpowertek.com\/?s={search_term_string}"},"query-input":{"@type":"PropertyValueSpecification","valueRequired":true,"valueName":"search_term_string"}}],"inLanguage":"hu"}]}},"_links":{"self":[{"href":"https:\/\/luxpowertek.com\/hu\/wp-json\/wp\/v2\/product\/2722","targetHints":{"allow":["GET"]}}],"collection":[{"href":"https:\/\/luxpowertek.com\/hu\/wp-json\/wp\/v2\/product"}],"about":[{"href":"https:\/\/luxpowertek.com\/hu\/wp-json\/wp\/v2\/types\/product"}],"replies":[{"embeddable":true,"href":"https:\/\/luxpowertek.com\/hu\/wp-json\/wp\/v2\/comments?post=2722"}],"wp:featuredmedia":[{"embeddable":true,"href":"https:\/\/luxpowertek.com\/hu\/wp-json\/wp\/v2\/media\/2724"}],"wp:attachment":[{"href":"https:\/\/luxpowertek.com\/hu\/wp-json\/wp\/v2\/media?parent=2722"}],"wp:term":[{"taxonomy":"product_brand","embeddable":true,"href":"https:\/\/luxpowertek.com\/hu\/wp-json\/wp\/v2\/product_brand?post=2722"},{"taxonomy":"product_cat","embeddable":true,"href":"https:\/\/luxpowertek.com\/hu\/wp-json\/wp\/v2\/product_cat?post=2722"}],"curies":[{"name":"munkaf\u00fczet","href":"https:\/\/api.w.org\/{rel}","templated":true}]}}