{"id":1669,"date":"2021-12-13T14:57:13","date_gmt":"2021-12-13T06:57:13","guid":{"rendered":"https:\/\/nibianqi.bbswaimao.com\/?post_type=product&#038;p=1669"},"modified":"2024-08-28T08:59:16","modified_gmt":"2024-08-28T00:59:16","slug":"luxpower-inverteres-gprs-4g-modul","status":"publish","type":"product","link":"https:\/\/luxpowertek.com\/hu\/luxpower-inverteres-gprs-4g-modul\/","title":{"rendered":"Luxpower inverter GPRS\/4G modul"},"content":{"rendered":"<h2>Specifik\u00e1ci\u00f3<\/h2>\n<div class=\"row\"  id=\"row-743452934\">\n\n\t<div id=\"col-1482873518\" class=\"col small-12 large-12\"  >\n\t\t\t\t<div class=\"col-inner\"  >\n\t\t\t\n\t\t\t\n<table>\n<thead>\n<tr>\n<th>Modell<\/th>\n<th>Wi-Fi<\/th>\n<th>GPRS<\/th>\n<\/tr>\n<\/thead>\n<tbody>\n<tr>\n<td>M\u00e9ret<\/td>\n<td>86*55*23mm<\/td>\n<td>106 * 55 * 23 mm<\/td>\n<\/tr>\n<tr>\n<td>S\u00faly<\/td>\n<td>34 g<\/td>\n<td>48 g<\/td>\n<\/tr>\n<tr>\n<td>V\u00e9delmi fokozat<\/td>\n<td>IP65<\/td>\n<td>IP65<\/td>\n<\/tr>\n<tr>\n<td>Telep\u00edt\u00e9s<\/td>\n<td>Csavarokkal r\u00f6gz\u00edtve a k\u00e9sz\u00fcl\u00e9khez<\/td>\n<td>Csavarokkal r\u00f6gz\u00edtve a k\u00e9sz\u00fcl\u00e9khez<\/td>\n<\/tr>\n<tr>\n<td>N\u00e9vleges fesz\u00fclts\u00e9g<\/td>\n<td>5V<\/td>\n<td>5V<\/td>\n<\/tr>\n<tr>\n<td>Maxim\u00e1lis \u00e1ram<\/td>\n<td>0,25 A<\/td>\n<td>2A<\/td>\n<\/tr>\n<tr>\n<td>K\u00fcls\u0151 interf\u00e9sz<\/td>\n<td>HDMI<\/td>\n<td>HDMI<\/td>\n<\/tr>\n<tr>\n<td>Jelz\u0151f\u00e9ny<\/td>\n<td>3<\/td>\n<td>3<\/td>\n<\/tr>\n<tr>\n<td>\u00dczemi h\u0151m\u00e9rs\u00e9klet<\/td>\n<td>-25\u2103~60\u2103<\/td>\n<td>-25\u2103~60\u2103<\/td>\n<\/tr>\n<tr>\n<td>T\u00e1rol\u00e1si h\u0151m\u00e9rs\u00e9klet<\/td>\n<td>-25\u2103~60\u2103<\/td>\n<td>-25\u2103~60\u2103<\/td>\n<\/tr>\n<tr>\n<td>Helyi kommunik\u00e1ci\u00f3s interf\u00e9sz<\/td>\n<td>RS485\/TTL<\/td>\n<td>RS485\/TTL<\/td>\n<\/tr>\n<tr>\n<td>Nyilv\u00e1nos h\u00e1l\u00f3zati hozz\u00e1f\u00e9r\u00e9s<\/td>\n<td>Wi-Fi<\/td>\n<td>GPRS\/TD-SCDMA\/WCDMA\/TLE<\/td>\n<\/tr>\n<tr>\n<td>Baud sebess\u00e9g<\/td>\n<td>19200 bps (alap\u00e9rtelmezett)<\/td>\n<td>19200 bps (alap\u00e9rtelmezett)<\/td>\n<\/tr>\n<tr>\n<td>M\u0171k\u00f6d\u00e9si frekvencia<\/td>\n<td>2,412 GHz \u2013 2,484 GHz<\/td>\n<td><\/td>\n<\/tr>\n<tr>\n<td>Maxim\u00e1lis \u00e1tviteli sebess\u00e9g<\/td>\n<td>72 Mbps<\/td>\n<td>10 Mbps<\/td>\n<\/tr>\n<tr>\n<td>Kommunik\u00e1ci\u00f3s t\u00e1vols\u00e1g<\/td>\n<td>100 m\u00e9ter<\/td>\n<td>Oper\u00e1tori h\u00e1l\u00f3zat<\/td>\n<\/tr>\n<tr>\n<td>Antennaer\u0151s\u00edt\u00e9s<\/td>\n<td>2,5 dBi<\/td>\n<td>2,5 dBi<\/td>\n<\/tr>\n<tr>\n<td>Antenna<\/td>\n<td>K\u00fcls\u0151 antenna (A k\u00fcls\u0151 antenna opcion\u00e1lis)<\/td>\n<td>K\u00fcls\u0151 antenna (A k\u00fcls\u0151 antenna opcion\u00e1lis)<\/td>\n<\/tr>\n<tr>\n<td>Forgalmi k\u00e1rtya<\/td>\n<td>\u2014<\/td>\n<td>4G forgalmi k\u00e1rtya<\/td>\n<\/tr>\n<tr>\n<td>\u0150rz\u0151kutya<\/td>\n<td>Szoftverfel\u00fcgyelet + hardverfel\u00fcgyelet<\/td>\n<td>Szoftverfel\u00fcgyelet + hardverfel\u00fcgyelet<\/td>\n<\/tr>\n<tr>\n<td>Berendez\u00e9si r\u00e9teg kommunik\u00e1ci\u00f3s protokoll<\/td>\n<td>Modbus-RTU<\/td>\n<td>Modbus-RTU<\/td>\n<\/tr>\n<tr>\n<td>H\u00e1l\u00f3zati r\u00e9teg kommunik\u00e1ci\u00f3s protokoll<\/td>\n<td>Modbus-TCP<\/td>\n<td>Modbus-TCP<\/td>\n<\/tr>\n<tr>\n<td>A param\u00e9terek be\u00e1ll\u00edt\u00e1s\u00e1nak m\u00f3dja<\/td>\n<td>Alkalmaz\u00e1s\/T\u00e1voli szerver<\/td>\n<td>Alkalmaz\u00e1s\/T\u00e1voli szerver<\/td>\n<\/tr>\n<tr>\n<td>Firmware friss\u00edt\u00e9si m\u00f3d<\/td>\n<td>Helyi eszk\u00f6z\u00f6k<\/td>\n<td>Helyi eszk\u00f6z\u00f6k<\/td>\n<\/tr>\n<\/tbody>\n<\/table>\n\t\t<\/div>\n\t\t\t\t\t<\/div>\n\n\t\n<\/div>","protected":false},"excerpt":{"rendered":"<p>Specifik\u00e1ci\u00f3<\/p>","protected":false},"featured_media":5684,"comment_status":"open","ping_status":"closed","template":"","meta":{"rop_custom_images_group":[],"rop_custom_messages_group":[],"rop_publish_now":"initial","rop_publish_now_accounts":[],"rop_publish_now_history":[],"rop_publish_now_status":"pending"},"product_brand":[],"product_cat":[24],"class_list":{"0":"post-1669","1":"product","2":"type-product","3":"status-publish","4":"has-post-thumbnail","6":"product_cat-accessorie","8":"first","9":"instock","10":"shipping-taxable","11":"product-type-simple"},"yoast_head":"<!-- This site is optimized with the Yoast SEO plugin v27.3 - https:\/\/yoast.com\/product\/yoast-seo-wordpress\/ -->\n<title>Luxpower inverter GPRS\/4G Module -<\/title>\n<meta name=\"robots\" content=\"index, follow, max-snippet:-1, max-image-preview:large, max-video-preview:-1\" \/>\n<link rel=\"canonical\" href=\"https:\/\/luxpowertek.com\/hu\/luxpower-inverteres-gprs-4g-modul\/\" \/>\n<meta property=\"og:locale\" content=\"hu_HU\" \/>\n<meta property=\"og:type\" content=\"article\" \/>\n<meta property=\"og:title\" content=\"Luxpower inverter GPRS\/4G Module -\" \/>\n<meta property=\"og:description\" content=\"Specification\" \/>\n<meta property=\"og:url\" content=\"https:\/\/luxpowertek.com\/hu\/luxpower-inverteres-gprs-4g-modul\/\" \/>\n<meta property=\"article:modified_time\" content=\"2024-08-28T00:59:16+00:00\" \/>\n<meta property=\"og:image\" content=\"https:\/\/luxpowertek.com\/wp-content\/uploads\/2021\/12\/Luxpower-inverter-4G-1-min-1.webp\" \/>\n\t<meta property=\"og:image:width\" content=\"800\" \/>\n\t<meta property=\"og:image:height\" content=\"800\" \/>\n\t<meta property=\"og:image:type\" content=\"image\/webp\" \/>\n<meta name=\"twitter:card\" content=\"summary_large_image\" \/>\n<meta name=\"twitter:label1\" content=\"Est. reading time\" \/>\n\t<meta name=\"twitter:data1\" content=\"1 perc\" \/>\n<script type=\"application\/ld+json\" class=\"yoast-schema-graph\">{\"@context\":\"https:\\\/\\\/schema.org\",\"@graph\":[{\"@type\":\"WebPage\",\"@id\":\"https:\\\/\\\/luxpowertek.com\\\/luxpower-inverter-gprs-4g-module\",\"url\":\"https:\\\/\\\/luxpowertek.com\\\/luxpower-inverter-gprs-4g-module\",\"name\":\"Luxpower inverter GPRS\\\/4G Module -\",\"isPartOf\":{\"@id\":\"https:\\\/\\\/luxpowertek.com\\\/#website\"},\"primaryImageOfPage\":{\"@id\":\"https:\\\/\\\/luxpowertek.com\\\/luxpower-inverter-gprs-4g-module#primaryimage\"},\"image\":{\"@id\":\"https:\\\/\\\/luxpowertek.com\\\/luxpower-inverter-gprs-4g-module#primaryimage\"},\"thumbnailUrl\":\"https:\\\/\\\/luxpowertek.com\\\/wp-content\\\/uploads\\\/2021\\\/12\\\/Luxpower-inverter-4G-1-min-1.webp\",\"datePublished\":\"2021-12-13T06:57:13+00:00\",\"dateModified\":\"2024-08-28T00:59:16+00:00\",\"breadcrumb\":{\"@id\":\"https:\\\/\\\/luxpowertek.com\\\/luxpower-inverter-gprs-4g-module#breadcrumb\"},\"inLanguage\":\"hu\",\"potentialAction\":[{\"@type\":\"ReadAction\",\"target\":[\"https:\\\/\\\/luxpowertek.com\\\/luxpower-inverter-gprs-4g-module\"]}]},{\"@type\":\"ImageObject\",\"inLanguage\":\"hu\",\"@id\":\"https:\\\/\\\/luxpowertek.com\\\/luxpower-inverter-gprs-4g-module#primaryimage\",\"url\":\"https:\\\/\\\/luxpowertek.com\\\/wp-content\\\/uploads\\\/2021\\\/12\\\/Luxpower-inverter-4G-1-min-1.webp\",\"contentUrl\":\"https:\\\/\\\/luxpowertek.com\\\/wp-content\\\/uploads\\\/2021\\\/12\\\/Luxpower-inverter-4G-1-min-1.webp\",\"width\":800,\"height\":800},{\"@type\":\"BreadcrumbList\",\"@id\":\"https:\\\/\\\/luxpowertek.com\\\/luxpower-inverter-gprs-4g-module#breadcrumb\",\"itemListElement\":[{\"@type\":\"ListItem\",\"position\":1,\"name\":\"Home\",\"item\":\"https:\\\/\\\/luxpowertek.com\\\/\"},{\"@type\":\"ListItem\",\"position\":2,\"name\":\"Products\",\"item\":\"https:\\\/\\\/luxpowertek.com\\\/shop\"},{\"@type\":\"ListItem\",\"position\":3,\"name\":\"Luxpower inverter GPRS\\\/4G Module\"}]},{\"@type\":\"WebSite\",\"@id\":\"https:\\\/\\\/luxpowertek.com\\\/#website\",\"url\":\"https:\\\/\\\/luxpowertek.com\\\/\",\"name\":\"\",\"description\":\"\",\"potentialAction\":[{\"@type\":\"SearchAction\",\"target\":{\"@type\":\"EntryPoint\",\"urlTemplate\":\"https:\\\/\\\/luxpowertek.com\\\/?s={search_term_string}\"},\"query-input\":{\"@type\":\"PropertyValueSpecification\",\"valueRequired\":true,\"valueName\":\"search_term_string\"}}],\"inLanguage\":\"hu\"}]}<\/script>\n<!-- \/ Yoast SEO plugin. -->","yoast_head_json":{"title":"Luxpower inverter GPRS\/4G modul -","robots":{"index":"index","follow":"follow","max-snippet":"max-snippet:-1","max-image-preview":"max-image-preview:large","max-video-preview":"max-video-preview:-1"},"canonical":"https:\/\/luxpowertek.com\/hu\/luxpower-inverteres-gprs-4g-modul\/","og_locale":"hu_HU","og_type":"article","og_title":"Luxpower inverter GPRS\/4G Module -","og_description":"Specification","og_url":"https:\/\/luxpowertek.com\/hu\/luxpower-inverteres-gprs-4g-modul\/","article_modified_time":"2024-08-28T00:59:16+00:00","og_image":[{"width":800,"height":800,"url":"https:\/\/luxpowertek.com\/wp-content\/uploads\/2021\/12\/Luxpower-inverter-4G-1-min-1.webp","type":"image\/webp"}],"twitter_card":"summary_large_image","twitter_misc":{"Est. reading time":"1 perc"},"schema":{"@context":"https:\/\/schema.org","@graph":[{"@type":"WebPage","@id":"https:\/\/luxpowertek.com\/luxpower-inverter-gprs-4g-module","url":"https:\/\/luxpowertek.com\/luxpower-inverter-gprs-4g-module","name":"Luxpower inverter GPRS\/4G modul -","isPartOf":{"@id":"https:\/\/luxpowertek.com\/#website"},"primaryImageOfPage":{"@id":"https:\/\/luxpowertek.com\/luxpower-inverter-gprs-4g-module#primaryimage"},"image":{"@id":"https:\/\/luxpowertek.com\/luxpower-inverter-gprs-4g-module#primaryimage"},"thumbnailUrl":"https:\/\/luxpowertek.com\/wp-content\/uploads\/2021\/12\/Luxpower-inverter-4G-1-min-1.webp","datePublished":"2021-12-13T06:57:13+00:00","dateModified":"2024-08-28T00:59:16+00:00","breadcrumb":{"@id":"https:\/\/luxpowertek.com\/luxpower-inverter-gprs-4g-module#breadcrumb"},"inLanguage":"hu","potentialAction":[{"@type":"ReadAction","target":["https:\/\/luxpowertek.com\/luxpower-inverter-gprs-4g-module"]}]},{"@type":"ImageObject","inLanguage":"hu","@id":"https:\/\/luxpowertek.com\/luxpower-inverter-gprs-4g-module#primaryimage","url":"https:\/\/luxpowertek.com\/wp-content\/uploads\/2021\/12\/Luxpower-inverter-4G-1-min-1.webp","contentUrl":"https:\/\/luxpowertek.com\/wp-content\/uploads\/2021\/12\/Luxpower-inverter-4G-1-min-1.webp","width":800,"height":800},{"@type":"BreadcrumbList","@id":"https:\/\/luxpowertek.com\/luxpower-inverter-gprs-4g-module#breadcrumb","itemListElement":[{"@type":"ListItem","position":1,"name":"Home","item":"https:\/\/luxpowertek.com\/"},{"@type":"ListItem","position":2,"name":"Products","item":"https:\/\/luxpowertek.com\/shop"},{"@type":"ListItem","position":3,"name":"Luxpower inverter GPRS\/4G Module"}]},{"@type":"WebSite","@id":"https:\/\/luxpowertek.com\/#website","url":"https:\/\/luxpowertek.com\/","name":"","description":"","potentialAction":[{"@type":"SearchAction","target":{"@type":"EntryPoint","urlTemplate":"https:\/\/luxpowertek.com\/?s={search_term_string}"},"query-input":{"@type":"PropertyValueSpecification","valueRequired":true,"valueName":"search_term_string"}}],"inLanguage":"hu"}]}},"_links":{"self":[{"href":"https:\/\/luxpowertek.com\/hu\/wp-json\/wp\/v2\/product\/1669","targetHints":{"allow":["GET"]}}],"collection":[{"href":"https:\/\/luxpowertek.com\/hu\/wp-json\/wp\/v2\/product"}],"about":[{"href":"https:\/\/luxpowertek.com\/hu\/wp-json\/wp\/v2\/types\/product"}],"replies":[{"embeddable":true,"href":"https:\/\/luxpowertek.com\/hu\/wp-json\/wp\/v2\/comments?post=1669"}],"wp:featuredmedia":[{"embeddable":true,"href":"https:\/\/luxpowertek.com\/hu\/wp-json\/wp\/v2\/media\/5684"}],"wp:attachment":[{"href":"https:\/\/luxpowertek.com\/hu\/wp-json\/wp\/v2\/media?parent=1669"}],"wp:term":[{"taxonomy":"product_brand","embeddable":true,"href":"https:\/\/luxpowertek.com\/hu\/wp-json\/wp\/v2\/product_brand?post=1669"},{"taxonomy":"product_cat","embeddable":true,"href":"https:\/\/luxpowertek.com\/hu\/wp-json\/wp\/v2\/product_cat?post=1669"}],"curies":[{"name":"munkaf\u00fczet","href":"https:\/\/api.w.org\/{rel}","templated":true}]}}