{"id":1661,"date":"2021-12-13T14:37:33","date_gmt":"2021-12-13T06:37:33","guid":{"rendered":"https:\/\/nibianqi.bbswaimao.com\/?post_type=product&#038;p=1661"},"modified":"2024-08-28T08:59:16","modified_gmt":"2024-08-28T00:59:16","slug":"luxpower-inverteres-sqpod","status":"publish","type":"product","link":"https:\/\/luxpowertek.com\/hu\/luxpower-inverteres-sqpod\/","title":{"rendered":"Luxpower inverter SQPOD"},"content":{"rendered":"<h2>Specifik\u00e1ci\u00f3<\/h2>\n<div class=\"row\"  id=\"row-1291297207\">\n\n\t<div id=\"col-158693035\" class=\"col small-12 large-12\"  >\n\t\t\t\t<div class=\"col-inner\"  >\n\t\t\t\n\t\t\t\n<table>\n<thead>\n<tr>\n<th>Akkumul\u00e1tor<\/th>\n<th>SQPOD 3,6 ezer<\/th>\n<\/tr>\n<\/thead>\n<tbody>\n<tr>\n<td>Kompatibilis akkumul\u00e1tort\u00edpus<\/td>\n<td>L\u00edtium-ion, \u00f3lom-sav stb.<\/td>\n<\/tr>\n<tr>\n<td>N\u00e9vleges akkumul\u00e1torfesz\u00fclts\u00e9g<\/td>\n<td>48 V egyen\u00e1ram<\/td>\n<\/tr>\n<tr>\n<td>Max. t\u00f6lt\u00e9si fesz\u00fclts\u00e9g (V)<\/td>\n<td>&lt;=60 V (Konfigur\u00e1lhat\u00f3)<\/td>\n<\/tr>\n<tr>\n<td>Max. t\u00f6lt\u00e9si\/kis\u00fct\u00e9si \u00e1ram<\/td>\n<td>70A \/ 70A<\/td>\n<\/tr>\n<tr>\n<td>Akkumul\u00e1tor kapacit\u00e1sa (Ah)<\/td>\n<td>100 Ah<\/td>\n<\/tr>\n<tr>\n<td>Li-ion akkumul\u00e1tor t\u00f6lt\u00e9si m\u00f3dja<\/td>\n<td>\u00d6nadapt\u00e1ci\u00f3 az \u00e9p\u00fcletfel\u00fcgyeleti rendszerhez<\/td>\n<\/tr>\n<tr>\n<td>\u00d3lom-savas akkumul\u00e1tor t\u00f6lt\u00e9se<\/td>\n<td>3 fokozat\u00fa adapt\u00edv karbantart\u00e1ssal<\/td>\n<\/tr>\n<tr>\n<td>Akkumul\u00e1tor visszat\u00e1pl\u00e1l\u00e1si \u00e1rama<\/td>\n<td>0A<\/td>\n<\/tr>\n<\/tbody>\n<\/table>\n\t\t<\/div>\n\t\t\t\t\t<\/div>\n\n\t\n<\/div>\n<div class=\"row\"  id=\"row-1612386967\">\n\n\t<div id=\"col-1967369358\" class=\"col small-12 large-12\"  >\n\t\t\t\t<div class=\"col-inner\"  >\n\t\t\t\n\t\t\t\n<table>\n<thead>\n<tr>\n<th>R\u00e1cs<\/th>\n<th>SQPOD 3,6 ezer<\/th>\n<\/tr>\n<\/thead>\n<tbody>\n<tr>\n<td>N\u00e9vleges v\u00e1ltakoz\u00f3 \u00e1ram\u00fa kimeneti teljes\u00edtm\u00e9ny a k\u00f6zm\u0171h\u00f6z<\/td>\n<td>3600 VA<\/td>\n<\/tr>\n<tr>\n<td>Max. AC kimeneti teljes\u00edtm\u00e9ny a k\u00f6zm\u0171h\u00f6z<\/td>\n<td>3600 VA<\/td>\n<\/tr>\n<tr>\n<td>Max. AC bemeneti teljes\u00edtm\u00e9ny a k\u00f6zm\u0171b\u0151l<\/td>\n<td>5980VA<\/td>\n<\/tr>\n<tr>\n<td>Max. AC kimeneti \u00e1ram a k\u00f6zm\u0171h\u00f6z<\/td>\n<td>16A<\/td>\n<\/tr>\n<tr>\n<td>Max. AC bemeneti \u00e1ram a h\u00e1l\u00f3zatb\u00f3l<\/td>\n<td>26A<\/td>\n<\/tr>\n<tr>\n<td>N\u00e9vleges kimeneti fesz\u00fclts\u00e9g<\/td>\n<td>220\/230 V AC<\/td>\n<\/tr>\n<tr>\n<td>V\u00e1ltakoz\u00f3 fesz\u00fclts\u00e9gtartom\u00e1ny<\/td>\n<td>180 \u2013 270 V AC<\/td>\n<\/tr>\n<tr>\n<td>N\u00e9vleges v\u00e1lt\u00f3\u00e1ram\u00fa frekvencia<\/td>\n<td>50Hz\/60Hz<\/td>\n<\/tr>\n<tr>\n<td>AC t\u00fal\u00e1ramv\u00e9delem<\/td>\n<td>31A<\/td>\n<\/tr>\n<tr>\n<td>Teljes\u00edtm\u00e9nyt\u00e9nyez\u0151<\/td>\n<td>1 (\u00e1ll\u00edthat\u00f3 0,8-as el\u0151ny - 0,8-as k\u00e9sleltet\u00e9s)<\/td>\n<\/tr>\n<tr>\n<td>THDI<\/td>\n<td>&lt;3%<\/td>\n<\/tr>\n<tr>\n<td>AC t\u00falfesz\u00fclts\u00e9g kateg\u00f3ria<\/td>\n<td>III. kateg\u00f3ria<\/td>\n<\/tr>\n<\/tbody>\n<\/table>\n\t\t<\/div>\n\t\t\t\t\t<\/div>\n\n\t\n<\/div>\n<div class=\"row\"  id=\"row-871603866\">\n\n\t<div id=\"col-1751077832\" class=\"col small-12 large-12\"  >\n\t\t\t\t<div class=\"col-inner\"  >\n\t\t\t\n\t\t\t\n<table>\n<thead>\n<tr>\n<th>UPS<\/th>\n<th>SQPOD 3,6 ezer<\/th>\n<\/tr>\n<\/thead>\n<tbody>\n<tr>\n<td>Max. kimeneti teljes\u00edtm\u00e9ny<\/td>\n<td>3600 VA<\/td>\n<\/tr>\n<tr>\n<td>N\u00e9vleges kimeneti fesz\u00fclts\u00e9g<\/td>\n<td>230 V AC<\/td>\n<\/tr>\n<tr>\n<td>N\u00e9vleges kimeneti frekvencia<\/td>\n<td>50Hz \/ 60Hz<\/td>\n<\/tr>\n<tr>\n<td>Max. kimeneti \u00e1ram<\/td>\n<td>16A<\/td>\n<\/tr>\n<tr>\n<td>Cs\u00facsteljes\u00edtm\u00e9ny<\/td>\n<td>4500 VA, 30 m\u00e1sodperc<\/td>\n<\/tr>\n<tr>\n<td>THDV (line\u00e1ris terhel\u00e9s)<\/td>\n<td>&lt;3%<\/td>\n<\/tr>\n<tr>\n<td>Kapcsol\u00e1si id\u0151<\/td>\n<td>Tipikus 0,01 s<\/td>\n<\/tr>\n<tr>\n<td>Tartal\u00e9k t\u00fal\u00e1ramv\u00e9delem<\/td>\n<td>31A<\/td>\n<\/tr>\n<\/tbody>\n<\/table>\n\t\t<\/div>\n\t\t\t\t\t<\/div>\n\n\t\n<\/div>\n<div class=\"row\"  id=\"row-1205952306\">\n\n\t<div id=\"col-99406064\" class=\"col small-12 large-12\"  >\n\t\t\t\t<div class=\"col-inner\"  >\n\t\t\t\n\t\t\t\n<table>\n<thead>\n<tr>\n<th>Hat\u00e9konys\u00e1g<\/th>\n<th>SQPOD 3,6 ezer<\/th>\n<\/tr>\n<\/thead>\n<tbody>\n<tr>\n<td>Max. t\u00f6lt\u00e9si\/kis\u00fct\u00e9si hat\u00e9konys\u00e1g<\/td>\n<td>96%<\/td>\n<\/tr>\n<\/tbody>\n<\/table>\n\t\t<\/div>\n\t\t\t\t\t<\/div>\n\n\t\n<\/div>\n<div class=\"row\"  id=\"row-1548859721\">\n\n\t<div id=\"col-1460151864\" class=\"col small-12 large-12\"  >\n\t\t\t\t<div class=\"col-inner\"  >\n\t\t\t\n\t\t\t\n<table>\n<thead>\n<tr>\n<th>V\u00e9delem<\/th>\n<th>SQPOD 3,6 ezer<\/th>\n<\/tr>\n<\/thead>\n<tbody>\n<tr>\n<td>Ford\u00edtott polarit\u00e1s elleni v\u00e9delem<\/td>\n<td>IGEN<\/td>\n<\/tr>\n<tr>\n<td>T\u00fal\u00e1ram\/fesz\u00fclts\u00e9gv\u00e9delem<\/td>\n<td>IGEN<\/td>\n<\/tr>\n<tr>\n<td>Szigetel\u00e9s elleni v\u00e9delem<\/td>\n<td>IGEN<\/td>\n<\/tr>\n<tr>\n<td>AC r\u00f6vidz\u00e1rlatv\u00e9delem<\/td>\n<td>IGEN<\/td>\n<\/tr>\n<tr>\n<td>Sziv\u00e1rg\u00e1si \u00e1ramv\u00e9delem<\/td>\n<td>IGEN<\/td>\n<\/tr>\n<tr>\n<td>F\u00f6ldel\u00e9si hiba monitoroz\u00e1s<\/td>\n<td>IGEN<\/td>\n<\/tr>\n<tr>\n<td>H\u00e1l\u00f3zatfel\u00fcgyelet<\/td>\n<td>IGEN<\/td>\n<\/tr>\n<tr>\n<td>Behatol\u00e1s elleni v\u00e9delem fokozata<\/td>\n<td>IP65 \/ NEMA4X<\/td>\n<\/tr>\n<\/tbody>\n<\/table>\n\t\t<\/div>\n\t\t\t\t\t<\/div>\n\n\t\n<\/div>\n<div class=\"row\"  id=\"row-421445883\">\n\n\t<div id=\"col-578297035\" class=\"col small-12 large-12\"  >\n\t\t\t\t<div class=\"col-inner\"  >\n\t\t\t\n\t\t\t\n<table>\n<thead>\n<tr>\n<th>\u00c1ltal\u00e1nos adatok<\/th>\n<th>SQPOD 3,6 ezer<\/th>\n<\/tr>\n<\/thead>\n<tbody>\n<tr>\n<td>M\u00e9ret (mm)<\/td>\n<td>650*440*220<\/td>\n<\/tr>\n<tr>\n<td>S\u00faly<\/td>\n<td>15,6 kg<\/td>\n<\/tr>\n<tr>\n<td>Topol\u00f3gia<\/td>\n<td>HF<\/td>\n<\/tr>\n<tr>\n<td>H\u0171t\u00e9si koncepci\u00f3<\/td>\n<td>Term\u00e9szetes konvekci\u00f3<\/td>\n<\/tr>\n<tr>\n<td>Relat\u00edv p\u00e1ratartalom<\/td>\n<td>100%<\/td>\n<\/tr>\n<tr>\n<td>Magass\u00e1g<\/td>\n<td>&lt;2000 m<\/td>\n<\/tr>\n<tr>\n<td>Zajkibocs\u00e1t\u00e1s<\/td>\n<td>&lt;25dB<\/td>\n<\/tr>\n<tr>\n<td>K\u00e9szenl\u00e9ti fogyaszt\u00e1s<\/td>\n<td>&lt;5W<\/td>\n<\/tr>\n<tr>\n<td>Kijelz\u0151 \u00e9s kommunik\u00e1ci\u00f3s interf\u00e9szek<\/td>\n<td>LCD, LED, RS485, Wi-Fi, CAN<\/td>\n<\/tr>\n<\/tbody>\n<\/table>\n\t\t<\/div>\n\t\t\t\t\t<\/div>\n\n\t\n<\/div>\n\t<div id=\"text-1143080912\" class=\"text hidden\">\n\t\t\n<h2>Specifik\u00e1ci\u00f3<\/h2>\n<div style=\"overflow: auto;\">\n<p>SolarLXP3KLXP3.6K\/4kLXP4.6K\/5KLXP6K<\/p>\n<table border=\"\u201d1\u2033\" width=\"\u201d3000px\u201d\" align=\"\u201dcenter\u201d\">\n<tbody>\n<tr>\n<td>Max. DC bemeneti teljes\u00edtm\u00e9ny<\/td>\n<td>6600 W<\/td>\n<td>7000 W<\/td>\n<td>8000 W<\/td>\n<td>8000 W<\/td>\n<\/tr>\n<tr>\n<td>N\u00e9vleges egyen\u00e1ram\u00fa bemeneti fesz\u00fclts\u00e9g<\/td>\n<td>360 V egyen\u00e1ram<\/td>\n<td>360 V egyen\u00e1ram<\/td>\n<td>360 V egyen\u00e1ram<\/td>\n<td>360 V egyen\u00e1ram<\/td>\n<\/tr>\n<tr>\n<td>DC bemeneti fesz\u00fclts\u00e9gtartom\u00e1ny<\/td>\n<td>100 \u2013 550 V egyenfesz\u00fclts\u00e9g<\/td>\n<td>100 \u2013 550 V egyenfesz\u00fclts\u00e9g<\/td>\n<td>100 \u2013 550 V egyenfesz\u00fclts\u00e9g<\/td>\n<td>100 \u2013 550 V egyenfesz\u00fclts\u00e9g<\/td>\n<\/tr>\n<tr>\n<td>MPPT fesz\u00fclts\u00e9gtartom\u00e1ny<\/td>\n<td>100 \u2013 500 V egyenfesz\u00fclts\u00e9g<\/td>\n<td>100 \u2013 500 V egyenfesz\u00fclts\u00e9g<\/td>\n<td>100 \u2013 500 V egyenfesz\u00fclts\u00e9g<\/td>\n<td>100 \u2013 500 V egyenfesz\u00fclts\u00e9g<\/td>\n<\/tr>\n<tr>\n<td>Ind\u00edt\u00e1si fesz\u00fclts\u00e9g<\/td>\n<td>120 V egyen\u00e1ram<\/td>\n<td>120 V egyen\u00e1ram<\/td>\n<td>120 V egyen\u00e1ram<\/td>\n<td>120 V egyen\u00e1ram<\/td>\n<\/tr>\n<tr>\n<td>MPPT-sz\u00e1m<\/td>\n<td>2<\/td>\n<td>2<\/td>\n<td>2<\/td>\n<td>2<\/td>\n<\/tr>\n<tr>\n<td>Max. DC bemeneti \u00e1ram<\/td>\n<td>13A\/13A<\/td>\n<td>13A\/13A<\/td>\n<td>13A\/13A<\/td>\n<td>13A\/13A<\/td>\n<\/tr>\n<tr>\n<th colspan=\"5\">Akkumul\u00e1tor<\/th>\n<\/tr>\n<tr>\n<td>Kompatibilis akkumul\u00e1tort\u00edpus<\/td>\n<td>L\u00edtium-ion\/\u00f3lom-savas akkumul\u00e1tor<\/td>\n<td>L\u00edtium-ion\/\u00f3lom-savas akkumul\u00e1tor<\/td>\n<td>L\u00edtium-ion\/\u00f3lom-savas akkumul\u00e1tor<\/td>\n<td>L\u00edtium-ion\/\u00f3lom-savas akkumul\u00e1tor<\/td>\n<\/tr>\n<tr>\n<td>N\u00e9vleges akkumul\u00e1torfesz\u00fclts\u00e9g<\/td>\n<td>48 V egyen\u00e1ram<\/td>\n<td>48 V egyen\u00e1ram<\/td>\n<td>48 V egyen\u00e1ram<\/td>\n<td>48 V egyen\u00e1ram<\/td>\n<\/tr>\n<tr>\n<td>Akkumul\u00e1tor fesz\u00fclts\u00e9gtartom\u00e1nya<\/td>\n<td>40 \u2013 60 V egyen\u00e1ram<\/td>\n<td>40 \u2013 60 V egyen\u00e1ram<\/td>\n<td>40 \u2013 60 V egyen\u00e1ram<\/td>\n<td>40 \u2013 60 V egyen\u00e1ram<\/td>\n<\/tr>\n<tr>\n<td>Max. t\u00f6lt\u00e9si\/kis\u00fct\u00e9si \u00e1ram<\/td>\n<td>66A\/66A<\/td>\n<td>66A\/66A<\/td>\n<td>80A\/80A<\/td>\n<td>80A\/80A<\/td>\n<\/tr>\n<tr>\n<td>Max. t\u00f6lt\u00e9si\/kis\u00fct\u00e9si teljes\u00edtm\u00e9ny<\/td>\n<td>3600W\/3600W<\/td>\n<td>3600W\/3600W<\/td>\n<td>4000W\/4000W<\/td>\n<td>4000W\/4000W<\/td>\n<\/tr>\n<tr>\n<td>T\u00f6lt\u00e9si g\u00f6rbe<\/td>\n<td>3 szakasz<\/td>\n<td>3 szakasz<\/td>\n<td>3 szakasz<\/td>\n<td>3 szakasz<\/td>\n<\/tr>\n<tr>\n<td>Max. t\u00f6lt\u00e9si fesz\u00fclts\u00e9g<\/td>\n<td>59V<\/td>\n<td>59V<\/td>\n<td>59V<\/td>\n<td>59V<\/td>\n<\/tr>\n<tr>\n<td>Az akkumul\u00e1tor kapacit\u00e1sa<\/td>\n<td>2-20 kWh<\/td>\n<td>2-20 kWh<\/td>\n<td>2-20 kWh<\/td>\n<td>2-20 kWh<\/td>\n<\/tr>\n<tr>\n<th colspan=\"5\">R\u00e1cs<\/th>\n<\/tr>\n<tr>\n<td>N\u00e9vleges AC kimeneti teljes\u00edtm\u00e9ny<\/td>\n<td>3000 W<\/td>\n<td>3600W\/4000W<\/td>\n<td>4600W\/5000W<\/td>\n<td>6000 W<\/td>\n<\/tr>\n<tr>\n<td>Max. AC kimeneti teljes\u00edtm\u00e9ny<\/td>\n<td>3000 VA<\/td>\n<td>3600 VA\/4000 VA<\/td>\n<td>4600VA\/5000VA<\/td>\n<td>6000 VA<\/td>\n<\/tr>\n<tr>\n<td>Max. AC kimeneti \u00e1ram<\/td>\n<td>15A<\/td>\n<td>16A\/20A<\/td>\n<td>25A<\/td>\n<td>26A<\/td>\n<\/tr>\n<tr>\n<td>N\u00e9vleges v\u00e1ltakoz\u00f3 fesz\u00fclts\u00e9g<\/td>\n<td>230 V AC<\/td>\n<td>230 V AC<\/td>\n<td>230 V AC<\/td>\n<td>230 V AC<\/td>\n<\/tr>\n<tr>\n<td>V\u00e1ltakoz\u00f3 fesz\u00fclts\u00e9gtartom\u00e1ny<\/td>\n<td>180 \u2013 270 V AC<\/td>\n<td>180 \u2013 270 V AC<\/td>\n<td>180 \u2013 270 V AC<\/td>\n<td>180 \u2013 270 V AC<\/td>\n<\/tr>\n<tr>\n<td>N\u00e9vleges v\u00e1lt\u00f3\u00e1ram\u00fa frekvencia<\/td>\n<td>50Hz \/ 60Hz<\/td>\n<td>50Hz \/ 60Hz<\/td>\n<td>50Hz \/ 60Hz<\/td>\n<td>50Hz \/ 60Hz<\/td>\n<\/tr>\n<tr>\n<td>AC frekvenciatartom\u00e1ny<\/td>\n<td>45 \u2013 55 Hz \/ 55 \u2013 65 Hz<\/td>\n<td>45 \u2013 55 Hz \/ 55 \u2013 65 Hz<\/td>\n<td>45 \u2013 55 Hz \/ 55 \u2013 65 Hz<\/td>\n<td>45 \u2013 55 Hz \/ 55 \u2013 65 Hz<\/td>\n<\/tr>\n<tr>\n<td>Teljes\u00edtm\u00e9nyt\u00e9nyez\u0151<\/td>\n<td>\u00c1ll\u00edthat\u00f3 0,8 t\u00falgerjesztett \u00e9s 0,8 alulgerjesztett k\u00f6z\u00f6tt<\/td>\n<td>\u00c1ll\u00edthat\u00f3 0,8 t\u00falgerjesztett \u00e9s 0,8 alulgerjesztett k\u00f6z\u00f6tt<\/td>\n<td>\u00c1ll\u00edthat\u00f3 0,8 t\u00falgerjesztett \u00e9s 0,8 alulgerjesztett k\u00f6z\u00f6tt<\/td>\n<td>\u00c1ll\u00edthat\u00f3 0,8 t\u00falgerjesztett \u00e9s 0,8 alulgerjesztett k\u00f6z\u00f6tt<\/td>\n<\/tr>\n<tr>\n<td>THDI<\/td>\n<td>&lt;3%<\/td>\n<td>&lt;3%<\/td>\n<td>&lt;3%<\/td>\n<td>&lt;3%<\/td>\n<\/tr>\n<tr>\n<th colspan=\"5\">UPS<\/th>\n<\/tr>\n<tr>\n<td>UPS maxim\u00e1lis kimeneti teljes\u00edtm\u00e9ny napelem n\u00e9lk\u00fcl<\/td>\n<td>3000 W<\/td>\n<td>3600W\/4000W<\/td>\n<td>4000 W<\/td>\n<td>4000 W<\/td>\n<\/tr>\n<tr>\n<td>UPS maxim\u00e1lis kimeneti teljes\u00edtm\u00e9ny napelemes rendszerrel<\/td>\n<td>3000 W<\/td>\n<td>3600W\/4000W<\/td>\n<td>5000 W<\/td>\n<td>6000 W<\/td>\n<\/tr>\n<tr>\n<td>UPS n\u00e9vleges kimeneti fesz\u00fclts\u00e9ge<\/td>\n<td>230 V AC<\/td>\n<td>230 V AC<\/td>\n<td>230 V AC<\/td>\n<td>230 V AC<\/td>\n<\/tr>\n<tr>\n<td>UPS n\u00e9vleges kimeneti frekvenci\u00e1ja<\/td>\n<td>50Hz \/ 60Hz<\/td>\n<td>50Hz \/ 60Hz<\/td>\n<td>50Hz \/ 60Hz<\/td>\n<td>50Hz \/ 60Hz<\/td>\n<\/tr>\n<tr>\n<td>UPS n\u00e9vleges kimeneti \u00e1rama<\/td>\n<td>13A<\/td>\n<td>15,6 A\/17,4 A<\/td>\n<td>17,4A<\/td>\n<td>17,4A<\/td>\n<\/tr>\n<tr>\n<td>Cs\u00facsteljes\u00edtm\u00e9ny napelem n\u00e9lk\u00fcl<\/td>\n<td>4500 W, 30 m\u00e1sodperc<\/td>\n<td>4500 W, 30 m\u00e1sodperc<\/td>\n<td>4500 W, 30 m\u00e1sodperc<\/td>\n<td>4500 W, 30 m\u00e1sodperc<\/td>\n<\/tr>\n<tr>\n<td>THDV<\/td>\n<td>&lt;5%<\/td>\n<td>&lt;5%<\/td>\n<td>&lt;5%<\/td>\n<td>&lt;5%<\/td>\n<\/tr>\n<tr>\n<td>Kapcsol\u00e1si id\u0151<\/td>\n<td>Tipikus 0,01 s<\/td>\n<td>Tipikus 0,01 s<\/td>\n<td>Tipikus 0,01 s<\/td>\n<td>&lt;0,01 mp<\/td>\n<\/tr>\n<tr>\n<th colspan=\"5\">Hat\u00e9konys\u00e1g<\/th>\n<\/tr>\n<tr>\n<td>Eur\u00f3pa Hat\u00e9konys\u00e1g<\/td>\n<td>97.50%<\/td>\n<td>97.50%<\/td>\n<td>97.50%<\/td>\n<td>97.50%<\/td>\n<\/tr>\n<tr>\n<td>Max. hat\u00e9konys\u00e1g<\/td>\n<td>97.90%<\/td>\n<td>97.90%<\/td>\n<td>97.90%<\/td>\n<td>97.90%<\/td>\n<\/tr>\n<tr>\n<td>Akkumul\u00e1tor t\u00f6lt\u00e9si\/kis\u00fct\u00e9si hat\u00e9konys\u00e1ga<\/td>\n<td>94.50%<\/td>\n<td>94.50%<\/td>\n<td>94.50%<\/td>\n<td>94.50%<\/td>\n<\/tr>\n<tr>\n<th colspan=\"5\">V\u00e9delem<\/th>\n<\/tr>\n<tr>\n<td>Ford\u00edtott polarit\u00e1s elleni v\u00e9delem<\/td>\n<td>Igen<\/td>\n<td>Igen<\/td>\n<td>Igen<\/td>\n<td>Igen<\/td>\n<\/tr>\n<tr>\n<td>T\u00fal\u00e1ram\/fesz\u00fclts\u00e9gv\u00e9delem<\/td>\n<td>Igen<\/td>\n<td>Igen<\/td>\n<td>Igen<\/td>\n<td>Igen<\/td>\n<\/tr>\n<tr>\n<td>Szigetel\u00e9s elleni v\u00e9delem<\/td>\n<td>Igen<\/td>\n<td>Igen<\/td>\n<td>Igen<\/td>\n<td>Igen<\/td>\n<\/tr>\n<tr>\n<td>AC r\u00f6vidz\u00e1rlatv\u00e9delem<\/td>\n<td>Igen<\/td>\n<td>Igen<\/td>\n<td>Igen<\/td>\n<td>Igen<\/td>\n<\/tr>\n<tr>\n<td>Sziv\u00e1rg\u00e1si \u00e1ramv\u00e9delem<\/td>\n<td>Igen<\/td>\n<td>Igen<\/td>\n<td>Igen<\/td>\n<td>Igen<\/td>\n<\/tr>\n<tr>\n<td>F\u00f6ldel\u00e9si hiba monitoroz\u00e1s<\/td>\n<td>Igen<\/td>\n<td>Igen<\/td>\n<td>Igen<\/td>\n<td>Igen<\/td>\n<\/tr>\n<tr>\n<td>H\u00e1l\u00f3zatfel\u00fcgyelet<\/td>\n<td>Igen<\/td>\n<td>Igen<\/td>\n<td>Igen<\/td>\n<td>Igen<\/td>\n<\/tr>\n<tr>\n<td>Behatol\u00e1s elleni v\u00e9delem fokozata<\/td>\n<td>IP65 \/ NEMA4X<\/td>\n<td>IP65 \/ NEMA4X<\/td>\n<td>IP65 \/ NEMA4X<\/td>\n<td>IP65 \/ NEMA4X<\/td>\n<\/tr>\n<tr>\n<td>DC kapcsol\u00f3<\/td>\n<td>Igen<\/td>\n<td>Igen<\/td>\n<td>Igen<\/td>\n<td>Igen<\/td>\n<\/tr>\n<tr>\n<th colspan=\"5\">\u00c1ltal\u00e1nos<\/th>\n<\/tr>\n<tr>\n<td>M\u00e9retek (Sz\/M\/M\u00e9)<\/td>\n<td>455 \/ 476 (565) \/ 181<\/td>\n<td>455 \/ 476 (565) \/ 181<\/td>\n<td>455 \/ 476 (565) \/ 181<\/td>\n<td>455 \/ 476 (565) \/ 181<\/td>\n<\/tr>\n<tr>\n<td>S\u00faly<\/td>\n<td>20 kg<\/td>\n<td>20 kg<\/td>\n<td>20 kg<\/td>\n<td>20 kg<\/td>\n<\/tr>\n<tr>\n<td>Topol\u00f3gia<\/td>\n<td>Transzform\u00e1tormentes (napelemes), HF (akkumul\u00e1toros)<\/td>\n<td>Transzform\u00e1tormentes (napelemes), HF (akkumul\u00e1toros)<\/td>\n<td>Transzform\u00e1tormentes (napelemes), HF (akkumul\u00e1toros)<\/td>\n<td>Transzform\u00e1tormentes (napelemes), HF (akkumul\u00e1toros)<\/td>\n<\/tr>\n<tr>\n<td>H\u0171t\u00e9si koncepci\u00f3<\/td>\n<td>Term\u00e9szetes konvekci\u00f3<\/td>\n<td>Term\u00e9szetes konvekci\u00f3<\/td>\n<td>Term\u00e9szetes konvekci\u00f3<\/td>\n<td>Term\u00e9szetes konvekci\u00f3<\/td>\n<\/tr>\n<tr>\n<td>Relat\u00edv p\u00e1ratartalom<\/td>\n<td>0-100%<\/td>\n<td>0-100%<\/td>\n<td>0-100%<\/td>\n<td>0-100%<\/td>\n<\/tr>\n<tr>\n<td>\u00dczemi h\u0151m\u00e9rs\u00e9klet-tartom\u00e1ny<\/td>\n<td>-85<\/td>\n<td>-85<\/td>\n<td>-85<\/td>\n<td>-85<\/td>\n<\/tr>\n<tr>\n<td>Magass\u00e1g<\/td>\n<td>&lt;2000 m<\/td>\n<td>&lt;2000 m<\/td>\n<td>&lt;2000 m<\/td>\n<td>&lt;2000 m<\/td>\n<\/tr>\n<tr>\n<td>Zajkibocs\u00e1t\u00e1s<\/td>\n<td>&lt;25dB<\/td>\n<td>&lt;25dB<\/td>\n<td>&lt;25dB<\/td>\n<td>&lt;25dB<\/td>\n<\/tr>\n<tr>\n<td>K\u00e9szenl\u00e9ti fogyaszt\u00e1s<\/td>\n<td>&lt;5W<\/td>\n<td>&lt;5W<\/td>\n<td>&lt;5W<\/td>\n<td>&lt;5W<\/td>\n<\/tr>\n<tr>\n<td>Kijelz\u0151 \u00e9s kommunik\u00e1ci\u00f3s interf\u00e9szek<\/td>\n<td>LCD, RS485, Wi-Fi, Ethernet<\/td>\n<td>LCD, RS485, Wi-Fi, Ethernet<\/td>\n<td>LCD, RS485, Wi-Fi, Ethernet<\/td>\n<td>LCD, RS485, Wi-Fi, Ethernet<\/td>\n<\/tr>\n<\/tbody>\n<\/table>\n<\/div>\n\t\t\t<\/div>","protected":false},"excerpt":{"rendered":"<ul>\n<li>Er\u0151sebb UPS<\/li>\n<li>Intelligens munkam\u00f3dok<\/li>\n<li>IP65, belt\u00e9ri \u00e9s k\u00fclt\u00e9ri haszn\u00e1latra<\/li>\n<li>Gener\u00e1tor interf\u00e9sz el\u00e9rhet\u0151<\/li>\n<li>Ingyenes fel\u00fcgyelet \u00e9s t\u00e1voli friss\u00edt\u00e9s<\/li>\n<li>Fejlett p\u00e1rhuzamos, ak\u00e1r 36 kW<\/li>\n<li>Csatlakoztasd \u00e9s haszn\u00e1ld, z\u00f6kken\u0151mentes v\u00e1lt\u00e1s 10 ms alatt<\/li>\n<li>H\u00e1l\u00f3zatra kapcsolt rendszereket ut\u00f3lagosan akkumul\u00e1toros \u00fczemre lehet cser\u00e9lni<\/li>\n<\/ul>","protected":false},"featured_media":1662,"comment_status":"open","ping_status":"closed","template":"","meta":{"rop_custom_images_group":[],"rop_custom_messages_group":[],"rop_publish_now":"initial","rop_publish_now_accounts":[],"rop_publish_now_history":[],"rop_publish_now_status":"pending"},"product_brand":[],"product_cat":[15],"class_list":{"0":"post-1661","1":"product","2":"type-product","3":"status-publish","4":"has-post-thumbnail","6":"product_cat-ac-coupled-inverters","8":"first","9":"instock","10":"shipping-taxable","11":"product-type-simple"},"yoast_head":"<!-- This site is optimized with the Yoast SEO plugin v27.3 - https:\/\/yoast.com\/product\/yoast-seo-wordpress\/ -->\n<title>Luxpower inverter SQPOD -<\/title>\n<meta name=\"robots\" content=\"index, follow, max-snippet:-1, max-image-preview:large, max-video-preview:-1\" \/>\n<link rel=\"canonical\" href=\"https:\/\/luxpowertek.com\/hu\/luxpower-inverteres-sqpod\/\" \/>\n<meta property=\"og:locale\" content=\"hu_HU\" \/>\n<meta property=\"og:type\" content=\"article\" \/>\n<meta property=\"og:title\" content=\"Luxpower inverter SQPOD -\" \/>\n<meta property=\"og:description\" content=\"Stronger UPS  Intelligent working modes  IP65, indoor &amp; outdoor use  Generator interface available  Free monitoring &amp; remote upgrade  Advanced Parallel, up to 36kW  Plug &amp; Play, seamless switching under 10ms  Retrofit any on-grid systems to be able to run battery\" \/>\n<meta property=\"og:url\" content=\"https:\/\/luxpowertek.com\/hu\/luxpower-inverteres-sqpod\/\" \/>\n<meta property=\"article:modified_time\" content=\"2024-08-28T00:59:16+00:00\" \/>\n<meta property=\"og:image\" content=\"https:\/\/luxpowertek.com\/wp-content\/uploads\/2021\/12\/Luxpower-inverter-SQPOD-1-min.png\" \/>\n\t<meta property=\"og:image:width\" content=\"800\" \/>\n\t<meta property=\"og:image:height\" content=\"800\" \/>\n\t<meta property=\"og:image:type\" content=\"image\/png\" \/>\n<meta name=\"twitter:card\" content=\"summary_large_image\" \/>\n<meta name=\"twitter:label1\" content=\"Est. reading time\" \/>\n\t<meta name=\"twitter:data1\" content=\"3 perc\" \/>\n<script type=\"application\/ld+json\" class=\"yoast-schema-graph\">{\"@context\":\"https:\\\/\\\/schema.org\",\"@graph\":[{\"@type\":\"WebPage\",\"@id\":\"https:\\\/\\\/luxpowertek.com\\\/luxpower-inverter-sqpod\",\"url\":\"https:\\\/\\\/luxpowertek.com\\\/luxpower-inverter-sqpod\",\"name\":\"Luxpower inverter SQPOD -\",\"isPartOf\":{\"@id\":\"https:\\\/\\\/luxpowertek.com\\\/#website\"},\"primaryImageOfPage\":{\"@id\":\"https:\\\/\\\/luxpowertek.com\\\/luxpower-inverter-sqpod#primaryimage\"},\"image\":{\"@id\":\"https:\\\/\\\/luxpowertek.com\\\/luxpower-inverter-sqpod#primaryimage\"},\"thumbnailUrl\":\"https:\\\/\\\/luxpowertek.com\\\/wp-content\\\/uploads\\\/2021\\\/12\\\/Luxpower-inverter-SQPOD-1-min.png\",\"datePublished\":\"2021-12-13T06:37:33+00:00\",\"dateModified\":\"2024-08-28T00:59:16+00:00\",\"breadcrumb\":{\"@id\":\"https:\\\/\\\/luxpowertek.com\\\/luxpower-inverter-sqpod#breadcrumb\"},\"inLanguage\":\"hu\",\"potentialAction\":[{\"@type\":\"ReadAction\",\"target\":[\"https:\\\/\\\/luxpowertek.com\\\/luxpower-inverter-sqpod\"]}]},{\"@type\":\"ImageObject\",\"inLanguage\":\"hu\",\"@id\":\"https:\\\/\\\/luxpowertek.com\\\/luxpower-inverter-sqpod#primaryimage\",\"url\":\"https:\\\/\\\/luxpowertek.com\\\/wp-content\\\/uploads\\\/2021\\\/12\\\/Luxpower-inverter-SQPOD-1-min.png\",\"contentUrl\":\"https:\\\/\\\/luxpowertek.com\\\/wp-content\\\/uploads\\\/2021\\\/12\\\/Luxpower-inverter-SQPOD-1-min.png\",\"width\":800,\"height\":800,\"caption\":\"uxpower inverter SQPOD 1-min\"},{\"@type\":\"BreadcrumbList\",\"@id\":\"https:\\\/\\\/luxpowertek.com\\\/luxpower-inverter-sqpod#breadcrumb\",\"itemListElement\":[{\"@type\":\"ListItem\",\"position\":1,\"name\":\"Home\",\"item\":\"https:\\\/\\\/luxpowertek.com\\\/\"},{\"@type\":\"ListItem\",\"position\":2,\"name\":\"Products\",\"item\":\"https:\\\/\\\/luxpowertek.com\\\/shop\"},{\"@type\":\"ListItem\",\"position\":3,\"name\":\"Luxpower inverter SQPOD\"}]},{\"@type\":\"WebSite\",\"@id\":\"https:\\\/\\\/luxpowertek.com\\\/#website\",\"url\":\"https:\\\/\\\/luxpowertek.com\\\/\",\"name\":\"\",\"description\":\"\",\"potentialAction\":[{\"@type\":\"SearchAction\",\"target\":{\"@type\":\"EntryPoint\",\"urlTemplate\":\"https:\\\/\\\/luxpowertek.com\\\/?s={search_term_string}\"},\"query-input\":{\"@type\":\"PropertyValueSpecification\",\"valueRequired\":true,\"valueName\":\"search_term_string\"}}],\"inLanguage\":\"hu\"}]}<\/script>\n<!-- \/ Yoast SEO plugin. -->","yoast_head_json":{"title":"Luxpower inverter SQPOD -","robots":{"index":"index","follow":"follow","max-snippet":"max-snippet:-1","max-image-preview":"max-image-preview:large","max-video-preview":"max-video-preview:-1"},"canonical":"https:\/\/luxpowertek.com\/hu\/luxpower-inverteres-sqpod\/","og_locale":"hu_HU","og_type":"article","og_title":"Luxpower inverter SQPOD -","og_description":"Stronger UPS  Intelligent working modes  IP65, indoor &amp; outdoor use  Generator interface available  Free monitoring &amp; remote upgrade  Advanced Parallel, up to 36kW  Plug &amp; Play, seamless switching under 10ms  Retrofit any on-grid systems to be able to run battery","og_url":"https:\/\/luxpowertek.com\/hu\/luxpower-inverteres-sqpod\/","article_modified_time":"2024-08-28T00:59:16+00:00","og_image":[{"width":800,"height":800,"url":"https:\/\/luxpowertek.com\/wp-content\/uploads\/2021\/12\/Luxpower-inverter-SQPOD-1-min.png","type":"image\/png"}],"twitter_card":"summary_large_image","twitter_misc":{"Est. reading time":"3 perc"},"schema":{"@context":"https:\/\/schema.org","@graph":[{"@type":"WebPage","@id":"https:\/\/luxpowertek.com\/luxpower-inverter-sqpod","url":"https:\/\/luxpowertek.com\/luxpower-inverter-sqpod","name":"Luxpower inverter SQPOD -","isPartOf":{"@id":"https:\/\/luxpowertek.com\/#website"},"primaryImageOfPage":{"@id":"https:\/\/luxpowertek.com\/luxpower-inverter-sqpod#primaryimage"},"image":{"@id":"https:\/\/luxpowertek.com\/luxpower-inverter-sqpod#primaryimage"},"thumbnailUrl":"https:\/\/luxpowertek.com\/wp-content\/uploads\/2021\/12\/Luxpower-inverter-SQPOD-1-min.png","datePublished":"2021-12-13T06:37:33+00:00","dateModified":"2024-08-28T00:59:16+00:00","breadcrumb":{"@id":"https:\/\/luxpowertek.com\/luxpower-inverter-sqpod#breadcrumb"},"inLanguage":"hu","potentialAction":[{"@type":"ReadAction","target":["https:\/\/luxpowertek.com\/luxpower-inverter-sqpod"]}]},{"@type":"ImageObject","inLanguage":"hu","@id":"https:\/\/luxpowertek.com\/luxpower-inverter-sqpod#primaryimage","url":"https:\/\/luxpowertek.com\/wp-content\/uploads\/2021\/12\/Luxpower-inverter-SQPOD-1-min.png","contentUrl":"https:\/\/luxpowertek.com\/wp-content\/uploads\/2021\/12\/Luxpower-inverter-SQPOD-1-min.png","width":800,"height":800,"caption":"uxpower inverter SQPOD 1-min"},{"@type":"BreadcrumbList","@id":"https:\/\/luxpowertek.com\/luxpower-inverter-sqpod#breadcrumb","itemListElement":[{"@type":"ListItem","position":1,"name":"Home","item":"https:\/\/luxpowertek.com\/"},{"@type":"ListItem","position":2,"name":"Products","item":"https:\/\/luxpowertek.com\/shop"},{"@type":"ListItem","position":3,"name":"Luxpower inverter SQPOD"}]},{"@type":"WebSite","@id":"https:\/\/luxpowertek.com\/#website","url":"https:\/\/luxpowertek.com\/","name":"","description":"","potentialAction":[{"@type":"SearchAction","target":{"@type":"EntryPoint","urlTemplate":"https:\/\/luxpowertek.com\/?s={search_term_string}"},"query-input":{"@type":"PropertyValueSpecification","valueRequired":true,"valueName":"search_term_string"}}],"inLanguage":"hu"}]}},"_links":{"self":[{"href":"https:\/\/luxpowertek.com\/hu\/wp-json\/wp\/v2\/product\/1661","targetHints":{"allow":["GET"]}}],"collection":[{"href":"https:\/\/luxpowertek.com\/hu\/wp-json\/wp\/v2\/product"}],"about":[{"href":"https:\/\/luxpowertek.com\/hu\/wp-json\/wp\/v2\/types\/product"}],"replies":[{"embeddable":true,"href":"https:\/\/luxpowertek.com\/hu\/wp-json\/wp\/v2\/comments?post=1661"}],"wp:featuredmedia":[{"embeddable":true,"href":"https:\/\/luxpowertek.com\/hu\/wp-json\/wp\/v2\/media\/1662"}],"wp:attachment":[{"href":"https:\/\/luxpowertek.com\/hu\/wp-json\/wp\/v2\/media?parent=1661"}],"wp:term":[{"taxonomy":"product_brand","embeddable":true,"href":"https:\/\/luxpowertek.com\/hu\/wp-json\/wp\/v2\/product_brand?post=1661"},{"taxonomy":"product_cat","embeddable":true,"href":"https:\/\/luxpowertek.com\/hu\/wp-json\/wp\/v2\/product_cat?post=1661"}],"curies":[{"name":"munkaf\u00fczet","href":"https:\/\/api.w.org\/{rel}","templated":true}]}}