{"id":1653,"date":"2021-12-13T14:05:09","date_gmt":"2021-12-13T06:05:09","guid":{"rendered":"https:\/\/nibianqi.bbswaimao.com\/?post_type=product&#038;p=1653"},"modified":"2026-02-07T21:15:39","modified_gmt":"2026-02-07T13:15:39","slug":"luxpower-inverter-sn3-5k","status":"publish","type":"product","link":"https:\/\/luxpowertek.com\/hu\/luxpower-inverter-sn3-5k\/","title":{"rendered":"Luxpower inverter SNA 3-5k"},"content":{"rendered":"<h2>Specifik\u00e1ci\u00f3<\/h2>\n<div class=\"row\"  id=\"row-1539689338\">\n\n\t<div id=\"col-471173300\" class=\"col small-12 large-12\"  >\n\t\t\t\t<div class=\"col-inner\"  >\n\t\t\t\n\t\t\t\n<div style=\"overflow: auto; \" >\n<table border=\"\u201d1\u2033\" width=\"\u201d3000px\u201d\" height=\"\u201d120px\u201d\" align=\"\u201dcenter\u201d\" >\n<thead>\n<tr>\n<th>Kimenet<\/th>\n<th>SNA3000<\/th>\n<th>SNA4000<\/th>\n<th>SNA5000<\/th>\n<\/tr>\n<\/thead>\n<tbody>\n<tr>\n<td>N\u00e9vleges teljes\u00edtm\u00e9ny<\/td>\n<td>3000 W\/3000 VA<\/td>\n<td>4000 W\/4000 VA<\/td>\n<td>5000 W\/5000 VA<\/td>\n<\/tr>\n<tr>\n<td>P\u00e1rhuzamos kapacit\u00e1s<\/td>\n<td>IGEN<\/td>\n<td>IGEN<\/td>\n<td>IGEN<\/td>\n<\/tr>\n<tr>\n<td>Norm\u00e1l kimeneti fesz\u00fclts\u00e9g<\/td>\n<td>230\/240, Osztott f\u00e1zis\u00fa 220\/110 Vac *<\/td>\n<td>230\/240, Osztott f\u00e1zis\u00fa 220\/110 Vac *<\/td>\n<td>230\/240, Osztott f\u00e1zis\u00fa 220\/110 Vac *<\/td>\n<\/tr>\n<tr>\n<td>Norm\u00e1l kimeneti frekvencia<\/td>\n<td>50\/60Hz<\/td>\n<td>50\/60Hz<\/td>\n<td>50\/60Hz<\/td>\n<\/tr>\n<tr>\n<td>T\u00falfesz\u00fclts\u00e9g<\/td>\n<td>6000 VA<\/td>\n<td>8000 VA<\/td>\n<td>10000 VA<\/td>\n<\/tr>\n<tr>\n<td>Kapcsol\u00e1si id\u0151<\/td>\n<td>10 ms<\/td>\n<td>10 ms<\/td>\n<td>10 ms<\/td>\n<\/tr>\n<tr>\n<td>Hull\u00e1mforma<\/td>\n<td>Tiszta szinuszhull\u00e1m<\/td>\n<td>Tiszta szinuszhull\u00e1m<\/td>\n<td>Tiszta szinuszhull\u00e1m<\/td>\n<\/tr>\n<\/tbody>\n<\/table>\n<\/div>\n\t\t<\/div>\n\t\t\t\t\t<\/div>\n\n\t\n<\/div>\n<div class=\"row\"  id=\"row-1908736580\">\n\n\t<div id=\"col-778543027\" class=\"col small-12 large-12\"  >\n\t\t\t\t<div class=\"col-inner\"  >\n\t\t\t\n\t\t\t\n<table>\n<thead>\n<tr>\n<th>Akkumul\u00e1tor<\/th>\n<th>SNA3000<\/th>\n<th>SNA4000<\/th>\n<th>SNA5000<\/th>\n<\/tr>\n<\/thead>\n<tbody>\n<tr>\n<td>Akkumul\u00e1tor t\u00edpusa<\/td>\n<td>L\u00edtium\/\u00f3lom-savas akkumul\u00e1torok<\/td>\n<td>L\u00edtium\/\u00f3lom-savas akkumul\u00e1torok<\/td>\n<td>L\u00edtium\/\u00f3lom-savas akkumul\u00e1torok<\/td>\n<\/tr>\n<tr>\n<td>Norm\u00e1l fesz\u00fclts\u00e9g<\/td>\n<td>51,2 V \/ 48 V<\/td>\n<td>51,2 V \/ 48 V<\/td>\n<td>51,2 V \/ 48 V<\/td>\n<\/tr>\n<tr>\n<td>Max. t\u00f6lt\u00e9si fesz\u00fclts\u00e9g<\/td>\n<td>59V<\/td>\n<td>59V<\/td>\n<td>59V<\/td>\n<\/tr>\n<\/tbody>\n<\/table>\n<\/div>\n\t\t<\/div>\n\t\t\t\t\t<\/div>\n\n\t\n<\/div>\n<div class=\"row\"  id=\"row-133495473\">\n\n\t<div id=\"col-262325382\" class=\"col small-12 large-12\"  >\n\t\t\t\t<div class=\"col-inner\"  >\n\t\t\t\n\t\t\t\n<div style=\"overflow: auto; \" >\n<table border=\"\u201d1\u2033\" width=\"\u201d3000px\u201d\" height=\"\u201d120px\u201d\" align=\"\u201dcenter\u201d\" >\n<thead>\n<tr>\n<th>Nap<\/th>\n<th>SNA3000<\/th>\n<th>SNA4000<\/th>\n<th>SNA5000<\/th>\n<\/tr>\n<\/thead>\n<tbody>\n<tr>\n<td>Max. aj\u00e1nlott fotovoltaikus teljes\u00edtm\u00e9ny<\/td>\n<td>3200W\/3200W<\/td>\n<td>3200W\/3200W<\/td>\n<td>3200W\/3200W<\/td>\n<\/tr>\n<tr>\n<td>MPPT-k\u00f6vet\u0151<\/td>\n<td>2<\/td>\n<td>2<\/td>\n<td>2<\/td>\n<\/tr>\n<tr>\n<td>DC bemeneti fesz\u00fclts\u00e9gtartom\u00e1ny<\/td>\n<td>100\u2013480 V egyenfesz\u00fclts\u00e9g<\/td>\n<td>100\u2013480 V egyenfesz\u00fclts\u00e9g<\/td>\n<td>100\u2013480 V egyenfesz\u00fclts\u00e9g<\/td>\n<\/tr>\n<tr>\n<td>MPPT fesz\u00fclts\u00e9gtartom\u00e1ny<\/td>\n<td>100\u2013385 V egyenfesz\u00fclts\u00e9g<\/td>\n<td>100\u2013385 V egyenfesz\u00fclts\u00e9g<\/td>\n<td>100\u2013385 V egyenfesz\u00fclts\u00e9g<\/td>\n<\/tr>\n<tr>\n<td>Ind\u00edt\u00e1si fesz\u00fclts\u00e9g<\/td>\n<td>120 V egyen\u00e1ram<\/td>\n<td>120 V egyen\u00e1ram<\/td>\n<td>120 V egyen\u00e1ram<\/td>\n<\/tr>\n<tr>\n<td>Max. napelemes t\u00f6lt\u00e9si \u00e1ram<\/td>\n<td>110A<\/td>\n<td>110A<\/td>\n<td>110A<\/td>\n<\/tr>\n<tr>\n<td>Max. napelemes bemeneti \u00e1ram<\/td>\n<td>13A\/13A<\/td>\n<td>13A\/13A<\/td>\n<td>13A\/13A<\/td>\n<\/tr>\n<tr>\n<td>Max. MPPT hat\u00e9konys\u00e1g<\/td>\n<td>&gt;98%<\/td>\n<td>&gt;98%<\/td>\n<td>&gt;98%<\/td>\n<\/tr>\n<\/tbody>\n<\/table>\n<\/div>\n\t\t<\/div>\n\t\t\t\t\t<\/div>\n\n\t\n<\/div>\n<div class=\"row\"  id=\"row-1905878044\">\n\n\t<div id=\"col-1654104240\" class=\"col small-12 large-12\"  >\n\t\t\t\t<div class=\"col-inner\"  >\n\t\t\t\n\t\t\t\n<div style=\"overflow: auto; \" >\n<table border=\"\u201d1\u2033\" width=\"\u201d3000px\u201d\" height=\"\u201d120px\u201d\" align=\"\u201dcenter\u201d\" >\n<thead>\n<tr>\n<th>R\u00e1cs<\/th>\n<th>SNA3000<\/th>\n<th>SNA4000<\/th>\n<th>SNA5000<\/th>\n<\/tr>\n<\/thead>\n<tbody>\n<tr>\n<td>Norm\u00e1l fesz\u00fclts\u00e9g<\/td>\n<td>230 V v\u00e1ltakoz\u00f3 \u00e1ram<\/td>\n<td>230 V v\u00e1ltakoz\u00f3 \u00e1ram<\/td>\n<td>230 V v\u00e1ltakoz\u00f3 \u00e1ram<\/td>\n<\/tr>\n<tr>\n<td>V\u00e1ltakoz\u00f3 fesz\u00fclts\u00e9gtartom\u00e1ny<\/td>\n<td>110\u2013280 V v\u00e1ltakoz\u00f3 \u00e1ram<\/td>\n<td>110\u2013280 V v\u00e1ltakoz\u00f3 \u00e1ram<\/td>\n<td>110\u2013280 V v\u00e1ltakoz\u00f3 \u00e1ram<\/td>\n<\/tr>\n<tr>\n<td>Max. t\u00f6lt\u00e9si \u00e1ram<\/td>\n<td>60A<\/td>\n<td>60A<\/td>\n<td>60A<\/td>\n<\/tr>\n<tr>\n<td>Frekvenciatartom\u00e1ny<\/td>\n<td>50\/60 Hz (automatikus \u00e9rz\u00e9kel\u00e9s)<\/td>\n<td>50\/60 Hz (automatikus \u00e9rz\u00e9kel\u00e9s)<\/td>\n<td>50\/60 Hz (automatikus \u00e9rz\u00e9kel\u00e9s)<\/td>\n<\/tr>\n<\/tbody>\n<\/table>\n<\/div>\n\t\t<\/div>\n\t\t\t\t\t<\/div>\n\n\t\n<\/div>\n<div class=\"row\"  id=\"row-1054992263\">\n\n\t<div id=\"col-1709265803\" class=\"col small-12 large-12\"  >\n\t\t\t\t<div class=\"col-inner\"  >\n\t\t\t\n\t\t\t\n<div style=\"overflow: auto; \" >\n<table border=\"\u201d1\u2033\" width=\"\u201d3000px\u201d\" height=\"\u201d120px\u201d\" align=\"\u201dcenter\u201d\" >\n<thead>\n<tr>\n<th>\u00c1ltal\u00e1nos<\/th>\n<th>SNA3000<\/th>\n<th>SNA4000<\/th>\n<th>SNA5000<\/th>\n<\/tr>\n<\/thead>\n<tbody>\n<tr>\n<td>M\u00e9retek (Sz\/M\/M\u00e9)<\/td>\n<td>330x504x135 mm<\/td>\n<td>330x504x135 mm<\/td>\n<td>330x504x135 mm<\/td>\n<\/tr>\n<tr>\n<td>S\u00faly<\/td>\n<td>14 kg<\/td>\n<td>14 kg<\/td>\n<td>14 kg<\/td>\n<\/tr>\n<tr>\n<td>V\u00e9delmi fokozat<\/td>\n<td>IP20<\/td>\n<td>IP20<\/td>\n<td>IP20<\/td>\n<\/tr>\n<tr>\n<td>Relat\u00edv p\u00e1ratartalom<\/td>\n<td>5%~95% Relat\u00edv p\u00e1ratartalom (nem lecsap\u00f3d\u00f3)<\/td>\n<td>5%~95% Relat\u00edv p\u00e1ratartalom (nem lecsap\u00f3d\u00f3)<\/td>\n<td>5%~95% Relat\u00edv p\u00e1ratartalom (nem lecsap\u00f3d\u00f3)<\/td>\n<\/tr>\n<tr>\n<td>\u00dczemi h\u0151m\u00e9rs\u00e9klet<\/td>\n<td>0\u00b0C~50\u00b0C<\/td>\n<td>0\u00b0C~50\u00b0C<\/td>\n<td>0\u00b0C~50\u00b0C<\/td>\n<\/tr>\n<tr>\n<td>T\u00e1rol\u00e1si h\u0151m\u00e9rs\u00e9klet<\/td>\n<td>-15\u00b0C~60\u00b0C<\/td>\n<td>-15\u00b0C~60\u00b0C<\/td>\n<td>-15\u00b0C~60\u00b0C<\/td>\n<\/tr>\n<\/tbody>\n<\/table>\n<\/div>\n\t\t<\/div>\n\t\t\t\t\t<\/div>\n\n\t\n<\/div>\n<div class=\"row\"  id=\"row-821266993\">\n\n\t<div id=\"col-465460219\" class=\"col small-12 large-12\"  >\n\t\t\t\t<div class=\"col-inner\"  >\n\t\t\t\n\t\t\t\n<div style=\"overflow: auto; \" >\n<table border=\"\u201d1\u2033\" width=\"\u201d3000px\u201d\" height=\"\u201d120px\u201d\" align=\"\u201dcenter\u201d\" >\n<thead>\n<tr>\n<th>Interf\u00e9szek<\/th>\n<th>SNA3000<\/th>\n<th>SNA4000<\/th>\n<th>SNA5000<\/th>\n<\/tr>\n<\/thead>\n<tbody>\n<tr>\n<td>Kijelz\u0151<\/td>\n<td>LCD+LED<\/td>\n<td>LCD+LED<\/td>\n<td>LCD+LED<\/td>\n<\/tr>\n<tr>\n<td>L\u00edtium akkumul\u00e1tor kommunik\u00e1ci\u00f3<\/td>\n<td>CAN\/RS485<\/td>\n<td>CAN\/RS485<\/td>\n<td>CAN\/RS485<\/td>\n<\/tr>\n<tr>\n<td>RS485\/Sz\u00e1raz csatlakoz\u00f3<\/td>\n<td>IGEN\/IGEN<\/td>\n<td>IGEN\/IGEN<\/td>\n<td>IGEN\/IGEN<\/td>\n<\/tr>\n<tr>\n<td>Wifi\/GPRS<\/td>\n<td>IGEN\/IGEN<\/td>\n<td>IGEN\/IGEN<\/td>\n<td>IGEN\/IGEN<\/td>\n<\/tr>\n<tr>\n<td>Garancia<\/td>\n<td>2 \u00e9v<\/td>\n<td>2 \u00e9v<\/td>\n<td>2 \u00e9v<\/td>\n<\/tr>\n<\/tbody>\n<\/table>\n<\/div>\n\t\t<\/div>\n\t\t\t\t\t<\/div>\n\n\t\n<\/div>\n\t<div id=\"text-1341823228\" class=\"text hidden\">\n\t\t\n<h2>Specifik\u00e1ci\u00f3<\/h2>\n<div style=\"overflow: auto;\">SolarLXP3KLXP3.6K\/4kLXP4.6K\/5KLXP6K<\/p>\n<table border=\"\u201d1\u2033\" width=\"\u201d3000px\u201d\" align=\"\u201dcenter\u201d\">\n<tbody>\n<tr>\n<td>Max. DC bemeneti teljes\u00edtm\u00e9ny<\/td>\n<td>6600 W<\/td>\n<td>7000 W<\/td>\n<td>8000 W<\/td>\n<td>8000 W<\/td>\n<\/tr>\n<tr>\n<td>N\u00e9vleges egyen\u00e1ram\u00fa bemeneti fesz\u00fclts\u00e9g<\/td>\n<td>360 V egyen\u00e1ram<\/td>\n<td>360 V egyen\u00e1ram<\/td>\n<td>360 V egyen\u00e1ram<\/td>\n<td>360 V egyen\u00e1ram<\/td>\n<\/tr>\n<tr>\n<td>DC bemeneti fesz\u00fclts\u00e9gtartom\u00e1ny<\/td>\n<td>100 \u2013 550 V egyenfesz\u00fclts\u00e9g<\/td>\n<td>100 \u2013 550 V egyenfesz\u00fclts\u00e9g<\/td>\n<td>100 \u2013 550 V egyenfesz\u00fclts\u00e9g<\/td>\n<td>100 \u2013 550 V egyenfesz\u00fclts\u00e9g<\/td>\n<\/tr>\n<tr>\n<td>MPPT fesz\u00fclts\u00e9gtartom\u00e1ny<\/td>\n<td>100 \u2013 500 V egyenfesz\u00fclts\u00e9g<\/td>\n<td>100 \u2013 500 V egyenfesz\u00fclts\u00e9g<\/td>\n<td>100 \u2013 500 V egyenfesz\u00fclts\u00e9g<\/td>\n<td>100 \u2013 500 V egyenfesz\u00fclts\u00e9g<\/td>\n<\/tr>\n<tr>\n<td>Ind\u00edt\u00e1si fesz\u00fclts\u00e9g<\/td>\n<td>120 V egyen\u00e1ram<\/td>\n<td>120 V egyen\u00e1ram<\/td>\n<td>120 V egyen\u00e1ram<\/td>\n<td>120 V egyen\u00e1ram<\/td>\n<\/tr>\n<tr>\n<td>MPPT-sz\u00e1m<\/td>\n<td>2<\/td>\n<td>2<\/td>\n<td>2<\/td>\n<td>2<\/td>\n<\/tr>\n<tr>\n<td>Max. DC bemeneti \u00e1ram<\/td>\n<td>13A\/13A<\/td>\n<td>13A\/13A<\/td>\n<td>13A\/13A<\/td>\n<td>13A\/13A<\/td>\n<\/tr>\n<tr>\n<th colspan=\"5\">Akkumul\u00e1tor<\/th>\n<\/tr>\n<tr>\n<td>Kompatibilis akkumul\u00e1tort\u00edpus<\/td>\n<td>L\u00edtium-ion\/\u00f3lom-savas akkumul\u00e1tor<\/td>\n<td>L\u00edtium-ion\/\u00f3lom-savas akkumul\u00e1tor<\/td>\n<td>L\u00edtium-ion\/\u00f3lom-savas akkumul\u00e1tor<\/td>\n<td>L\u00edtium-ion\/\u00f3lom-savas akkumul\u00e1tor<\/td>\n<\/tr>\n<tr>\n<td>N\u00e9vleges akkumul\u00e1torfesz\u00fclts\u00e9g<\/td>\n<td>48 V egyen\u00e1ram<\/td>\n<td>48 V egyen\u00e1ram<\/td>\n<td>48 V egyen\u00e1ram<\/td>\n<td>48 V egyen\u00e1ram<\/td>\n<\/tr>\n<tr>\n<td>Akkumul\u00e1tor fesz\u00fclts\u00e9gtartom\u00e1nya<\/td>\n<td>40 \u2013 60 V egyen\u00e1ram<\/td>\n<td>40 \u2013 60 V egyen\u00e1ram<\/td>\n<td>40 \u2013 60 V egyen\u00e1ram<\/td>\n<td>40 \u2013 60 V egyen\u00e1ram<\/td>\n<\/tr>\n<tr>\n<td>Max. t\u00f6lt\u00e9si\/kis\u00fct\u00e9si \u00e1ram<\/td>\n<td>66A\/66A<\/td>\n<td>66A\/66A<\/td>\n<td>80A\/80A<\/td>\n<td>80A\/80A<\/td>\n<\/tr>\n<tr>\n<td>Max. t\u00f6lt\u00e9si\/kis\u00fct\u00e9si teljes\u00edtm\u00e9ny<\/td>\n<td>3600W\/3600W<\/td>\n<td>3600W\/3600W<\/td>\n<td>4000W\/4000W<\/td>\n<td>4000W\/4000W<\/td>\n<\/tr>\n<tr>\n<td>T\u00f6lt\u00e9si g\u00f6rbe<\/td>\n<td>3 szakasz<\/td>\n<td>3 szakasz<\/td>\n<td>3 szakasz<\/td>\n<td>3 szakasz<\/td>\n<\/tr>\n<tr>\n<td>Max. t\u00f6lt\u00e9si fesz\u00fclts\u00e9g<\/td>\n<td>59V<\/td>\n<td>59V<\/td>\n<td>59V<\/td>\n<td>59V<\/td>\n<\/tr>\n<tr>\n<td>Az akkumul\u00e1tor kapacit\u00e1sa<\/td>\n<td>2-20 kWh<\/td>\n<td>2-20 kWh<\/td>\n<td>2-20 kWh<\/td>\n<td>2-20 kWh<\/td>\n<\/tr>\n<tr>\n<th colspan=\"5\">R\u00e1cs<\/th>\n<\/tr>\n<tr>\n<td>N\u00e9vleges AC kimeneti teljes\u00edtm\u00e9ny<\/td>\n<td>3000 W<\/td>\n<td>3600W\/4000W<\/td>\n<td>4600W\/5000W<\/td>\n<td>6000 W<\/td>\n<\/tr>\n<tr>\n<td>Max. AC kimeneti teljes\u00edtm\u00e9ny<\/td>\n<td>3000 VA<\/td>\n<td>3600 VA\/4000 VA<\/td>\n<td>4600VA\/5000VA<\/td>\n<td>6000 VA<\/td>\n<\/tr>\n<tr>\n<td>Max. AC kimeneti \u00e1ram<\/td>\n<td>15A<\/td>\n<td>16A\/20A<\/td>\n<td>25A<\/td>\n<td>26A<\/td>\n<\/tr>\n<tr>\n<td>N\u00e9vleges v\u00e1ltakoz\u00f3 fesz\u00fclts\u00e9g<\/td>\n<td>230 V AC<\/td>\n<td>230 V AC<\/td>\n<td>230 V AC<\/td>\n<td>230 V AC<\/td>\n<\/tr>\n<tr>\n<td>V\u00e1ltakoz\u00f3 fesz\u00fclts\u00e9gtartom\u00e1ny<\/td>\n<td>180 \u2013 270 V AC<\/td>\n<td>180 \u2013 270 V AC<\/td>\n<td>180 \u2013 270 V AC<\/td>\n<td>180 \u2013 270 V AC<\/td>\n<\/tr>\n<tr>\n<td>N\u00e9vleges v\u00e1lt\u00f3\u00e1ram\u00fa frekvencia<\/td>\n<td>50Hz \/ 60Hz<\/td>\n<td>50Hz \/ 60Hz<\/td>\n<td>50Hz \/ 60Hz<\/td>\n<td>50Hz \/ 60Hz<\/td>\n<\/tr>\n<tr>\n<td>AC frekvenciatartom\u00e1ny<\/td>\n<td>45 \u2013 55 Hz \/ 55 \u2013 65 Hz<\/td>\n<td>45 \u2013 55 Hz \/ 55 \u2013 65 Hz<\/td>\n<td>45 \u2013 55 Hz \/ 55 \u2013 65 Hz<\/td>\n<td>45 \u2013 55 Hz \/ 55 \u2013 65 Hz<\/td>\n<\/tr>\n<tr>\n<td>Teljes\u00edtm\u00e9nyt\u00e9nyez\u0151<\/td>\n<td>\u00c1ll\u00edthat\u00f3 0,8 t\u00falgerjesztett \u00e9s 0,8 alulgerjesztett k\u00f6z\u00f6tt<\/td>\n<td>\u00c1ll\u00edthat\u00f3 0,8 t\u00falgerjesztett \u00e9s 0,8 alulgerjesztett k\u00f6z\u00f6tt<\/td>\n<td>\u00c1ll\u00edthat\u00f3 0,8 t\u00falgerjesztett \u00e9s 0,8 alulgerjesztett k\u00f6z\u00f6tt<\/td>\n<td>\u00c1ll\u00edthat\u00f3 0,8 t\u00falgerjesztett \u00e9s 0,8 alulgerjesztett k\u00f6z\u00f6tt<\/td>\n<\/tr>\n<tr>\n<td>THDI<\/td>\n<td>&lt;3%<\/td>\n<td>&lt;3%<\/td>\n<td>&lt;3%<\/td>\n<td>&lt;3%<\/td>\n<\/tr>\n<tr>\n<th colspan=\"5\">UPS<\/th>\n<\/tr>\n<tr>\n<td>UPS maxim\u00e1lis kimeneti teljes\u00edtm\u00e9ny napelem n\u00e9lk\u00fcl<\/td>\n<td>3000 W<\/td>\n<td>3600W\/4000W<\/td>\n<td>4000 W<\/td>\n<td>4000 W<\/td>\n<\/tr>\n<tr>\n<td>UPS maxim\u00e1lis kimeneti teljes\u00edtm\u00e9ny napelemes rendszerrel<\/td>\n<td>3000 W<\/td>\n<td>3600W\/4000W<\/td>\n<td>5000 W<\/td>\n<td>6000 W<\/td>\n<\/tr>\n<tr>\n<td>UPS n\u00e9vleges kimeneti fesz\u00fclts\u00e9ge<\/td>\n<td>230 V AC<\/td>\n<td>230 V AC<\/td>\n<td>230 V AC<\/td>\n<td>230 V AC<\/td>\n<\/tr>\n<tr>\n<td>UPS n\u00e9vleges kimeneti frekvenci\u00e1ja<\/td>\n<td>50Hz \/ 60Hz<\/td>\n<td>50Hz \/ 60Hz<\/td>\n<td>50Hz \/ 60Hz<\/td>\n<td>50Hz \/ 60Hz<\/td>\n<\/tr>\n<tr>\n<td>UPS n\u00e9vleges kimeneti \u00e1rama<\/td>\n<td>13A<\/td>\n<td>15,6 A\/17,4 A<\/td>\n<td>17,4A<\/td>\n<td>17,4A<\/td>\n<\/tr>\n<tr>\n<td>Cs\u00facsteljes\u00edtm\u00e9ny napelem n\u00e9lk\u00fcl<\/td>\n<td>4500 W, 30 m\u00e1sodperc<\/td>\n<td>4500 W, 30 m\u00e1sodperc<\/td>\n<td>4500 W, 30 m\u00e1sodperc<\/td>\n<td>4500 W, 30 m\u00e1sodperc<\/td>\n<\/tr>\n<tr>\n<td>THDV<\/td>\n<td>&lt;5%<\/td>\n<td>&lt;5%<\/td>\n<td>&lt;5%<\/td>\n<td>&lt;5%<\/td>\n<\/tr>\n<tr>\n<td>Kapcsol\u00e1si id\u0151<\/td>\n<td>Tipikus 0,01 s<\/td>\n<td>Tipikus 0,01 s<\/td>\n<td>Tipikus 0,01 s<\/td>\n<td>&lt;0,01 mp<\/td>\n<\/tr>\n<tr>\n<th colspan=\"5\">Hat\u00e9konys\u00e1g<\/th>\n<\/tr>\n<tr>\n<td>Eur\u00f3pa Hat\u00e9konys\u00e1g<\/td>\n<td>97.50%<\/td>\n<td>97.50%<\/td>\n<td>97.50%<\/td>\n<td>97.50%<\/td>\n<\/tr>\n<tr>\n<td>Max. hat\u00e9konys\u00e1g<\/td>\n<td>97.90%<\/td>\n<td>97.90%<\/td>\n<td>97.90%<\/td>\n<td>97.90%<\/td>\n<\/tr>\n<tr>\n<td>Akkumul\u00e1tor t\u00f6lt\u00e9si\/kis\u00fct\u00e9si hat\u00e9konys\u00e1ga<\/td>\n<td>94.50%<\/td>\n<td>94.50%<\/td>\n<td>94.50%<\/td>\n<td>94.50%<\/td>\n<\/tr>\n<tr>\n<th colspan=\"5\">V\u00e9delem<\/th>\n<\/tr>\n<tr>\n<td>Ford\u00edtott polarit\u00e1s elleni v\u00e9delem<\/td>\n<td>Igen<\/td>\n<td>Igen<\/td>\n<td>Igen<\/td>\n<td>Igen<\/td>\n<\/tr>\n<tr>\n<td>T\u00fal\u00e1ram\/fesz\u00fclts\u00e9gv\u00e9delem<\/td>\n<td>Igen<\/td>\n<td>Igen<\/td>\n<td>Igen<\/td>\n<td>Igen<\/td>\n<\/tr>\n<tr>\n<td>Szigetel\u00e9s elleni v\u00e9delem<\/td>\n<td>Igen<\/td>\n<td>Igen<\/td>\n<td>Igen<\/td>\n<td>Igen<\/td>\n<\/tr>\n<tr>\n<td>AC r\u00f6vidz\u00e1rlatv\u00e9delem<\/td>\n<td>Igen<\/td>\n<td>Igen<\/td>\n<td>Igen<\/td>\n<td>Igen<\/td>\n<\/tr>\n<tr>\n<td>Sziv\u00e1rg\u00e1si \u00e1ramv\u00e9delem<\/td>\n<td>Igen<\/td>\n<td>Igen<\/td>\n<td>Igen<\/td>\n<td>Igen<\/td>\n<\/tr>\n<tr>\n<td>F\u00f6ldel\u00e9si hiba monitoroz\u00e1s<\/td>\n<td>Igen<\/td>\n<td>Igen<\/td>\n<td>Igen<\/td>\n<td>Igen<\/td>\n<\/tr>\n<tr>\n<td>H\u00e1l\u00f3zatfel\u00fcgyelet<\/td>\n<td>Igen<\/td>\n<td>Igen<\/td>\n<td>Igen<\/td>\n<td>Igen<\/td>\n<\/tr>\n<tr>\n<td>Behatol\u00e1s elleni v\u00e9delem fokozata<\/td>\n<td>IP65 \/ NEMA4X<\/td>\n<td>IP65 \/ NEMA4X<\/td>\n<td>IP65 \/ NEMA4X<\/td>\n<td>IP65 \/ NEMA4X<\/td>\n<\/tr>\n<tr>\n<td>DC kapcsol\u00f3<\/td>\n<td>Igen<\/td>\n<td>Igen<\/td>\n<td>Igen<\/td>\n<td>Igen<\/td>\n<\/tr>\n<tr>\n<th colspan=\"5\">\u00c1ltal\u00e1nos<\/th>\n<\/tr>\n<tr>\n<td>M\u00e9retek (Sz\/M\/M\u00e9)<\/td>\n<td>455 \/ 476 (565) \/ 181<\/td>\n<td>455 \/ 476 (565) \/ 181<\/td>\n<td>455 \/ 476 (565) \/ 181<\/td>\n<td>455 \/ 476 (565) \/ 181<\/td>\n<\/tr>\n<tr>\n<td>S\u00faly<\/td>\n<td>20 kg<\/td>\n<td>20 kg<\/td>\n<td>20 kg<\/td>\n<td>20 kg<\/td>\n<\/tr>\n<tr>\n<td>Topol\u00f3gia<\/td>\n<td>Transzform\u00e1tormentes (napelemes), HF (akkumul\u00e1toros)<\/td>\n<td>Transzform\u00e1tormentes (napelemes), HF (akkumul\u00e1toros)<\/td>\n<td>Transzform\u00e1tormentes (napelemes), HF (akkumul\u00e1toros)<\/td>\n<td>Transzform\u00e1tormentes (napelemes), HF (akkumul\u00e1toros)<\/td>\n<\/tr>\n<tr>\n<td>H\u0171t\u00e9si koncepci\u00f3<\/td>\n<td>Term\u00e9szetes konvekci\u00f3<\/td>\n<td>Term\u00e9szetes konvekci\u00f3<\/td>\n<td>Term\u00e9szetes konvekci\u00f3<\/td>\n<td>Term\u00e9szetes konvekci\u00f3<\/td>\n<\/tr>\n<tr>\n<td>Relat\u00edv p\u00e1ratartalom<\/td>\n<td>0-100%<\/td>\n<td>0-100%<\/td>\n<td>0-100%<\/td>\n<td>0-100%<\/td>\n<\/tr>\n<tr>\n<td>\u00dczemi h\u0151m\u00e9rs\u00e9klet-tartom\u00e1ny<\/td>\n<td>-85<\/td>\n<td>-85<\/td>\n<td>-85<\/td>\n<td>-85<\/td>\n<\/tr>\n<tr>\n<td>Magass\u00e1g<\/td>\n<td>&lt;2000 m<\/td>\n<td>&lt;2000 m<\/td>\n<td>&lt;2000 m<\/td>\n<td>&lt;2000 m<\/td>\n<\/tr>\n<tr>\n<td>Zajkibocs\u00e1t\u00e1s<\/td>\n<td>&lt;25dB<\/td>\n<td>&lt;25dB<\/td>\n<td>&lt;25dB<\/td>\n<td>&lt;25dB<\/td>\n<\/tr>\n<tr>\n<td>K\u00e9szenl\u00e9ti fogyaszt\u00e1s<\/td>\n<td>&lt;5W<\/td>\n<td>&lt;5W<\/td>\n<td>&lt;5W<\/td>\n<td>&lt;5W<\/td>\n<\/tr>\n<tr>\n<td>Kijelz\u0151 \u00e9s kommunik\u00e1ci\u00f3s interf\u00e9szek<\/td>\n<td>LCD, RS485, Wi-Fi, Ethernet<\/td>\n<td>LCD, RS485, Wi-Fi, Ethernet<\/td>\n<td>LCD, RS485, Wi-Fi, Ethernet<\/td>\n<td>LCD, RS485, Wi-Fi, Ethernet<\/td>\n<\/tr>\n<\/tbody>\n<\/table>\n<\/div>\n\t\t\t<\/div>","protected":false},"excerpt":{"rendered":"<ul>\n<li>Intelligens h\u00e1l\u00f3zaton k\u00edv\u00fcli \u00e9s hibrid \u00fczemm\u00f3dok<\/li>\n<li>PV \u00e9s AC teljes\u00edtm\u00e9nyterhel\u00e9sek egyidej\u0171 haszn\u00e1lata<\/li>\n<li>Sz\u00e9les PV bemeneti fesz\u00fclts\u00e9gtartom\u00e1ny<\/li>\n<li>K\u00f6nnyen haszn\u00e1lhat\u00f3 akkumul\u00e1torral<\/li>\n<li>Ingyenes fel\u00fcgyelet \u00e9s t\u00e1voli friss\u00edt\u00e9s<\/li>\n<li>Egyf\u00e1zis\u00fa vagy kiegyens\u00falyozatlan h\u00e1romf\u00e1zis\u00fa<\/li>\n<li>Fejlett p\u00e1rhuzamos, ak\u00e1r 50 kW<\/li>\n<li>K\u00fcl\u00f6n gener\u00e1tor csatlakoz\u00f3fel\u00fclet \u00e1ll rendelkez\u00e9sre<\/li>\n<li>A gazdag\u00e9p invertere automatikusan gener\u00e1l\u00f3dik<br \/>\na teljes rendszer kezel\u00e9se<\/li>\n<\/ul>","protected":false},"featured_media":1654,"comment_status":"open","ping_status":"closed","template":"","meta":{"rop_custom_images_group":[],"rop_custom_messages_group":[],"rop_publish_now":"initial","rop_publish_now_accounts":[],"rop_publish_now_history":[],"rop_publish_now_status":"pending"},"product_brand":[],"product_cat":[17],"class_list":{"0":"post-1653","1":"product","2":"type-product","3":"status-publish","4":"has-post-thumbnail","6":"product_cat-hybrid-inverters","8":"first","9":"instock","10":"shipping-taxable","11":"product-type-simple"},"yoast_head":"<!-- This site is optimized with the Yoast SEO plugin v27.3 - https:\/\/yoast.com\/product\/yoast-seo-wordpress\/ -->\n<title>Luxpower inverter SNA 3-5k -<\/title>\n<meta name=\"robots\" content=\"index, follow, max-snippet:-1, max-image-preview:large, max-video-preview:-1\" \/>\n<link rel=\"canonical\" href=\"https:\/\/luxpowertek.com\/hu\/luxpower-inverter-sn3-5k\/\" \/>\n<meta property=\"og:locale\" content=\"hu_HU\" \/>\n<meta property=\"og:type\" content=\"article\" \/>\n<meta property=\"og:title\" content=\"Luxpower inverter SNA 3-5k -\" \/>\n<meta property=\"og:description\" content=\"Intelligent offgrid &amp; hybrid modes  PV &amp; AC power loads simultaneously  Wide PV input voltage range  Easy to use with battery  Free monitoring &amp; remote upgrade  Single phase or unbalanced three phase  Advanced Parallel, up to 50kW  Separate generator interface available  Host inverter automatically generated to manage entire system\" \/>\n<meta property=\"og:url\" content=\"https:\/\/luxpowertek.com\/hu\/luxpower-inverter-sn3-5k\/\" \/>\n<meta property=\"article:modified_time\" content=\"2026-02-07T13:15:39+00:00\" \/>\n<meta property=\"og:image\" content=\"https:\/\/luxpowertek.com\/wp-content\/uploads\/2021\/12\/Luxpower-inverter-SNA-3-5k-1-min.png\" \/>\n\t<meta property=\"og:image:width\" content=\"800\" \/>\n\t<meta property=\"og:image:height\" content=\"800\" \/>\n\t<meta property=\"og:image:type\" content=\"image\/png\" \/>\n<meta name=\"twitter:card\" content=\"summary_large_image\" \/>\n<meta name=\"twitter:label1\" content=\"Est. reading time\" \/>\n\t<meta name=\"twitter:data1\" content=\"3 perc\" \/>\n<script type=\"application\/ld+json\" class=\"yoast-schema-graph\">{\"@context\":\"https:\\\/\\\/schema.org\",\"@graph\":[{\"@type\":\"WebPage\",\"@id\":\"https:\\\/\\\/luxpowertek.com\\\/luxpower-inverter-sna-3-5k\",\"url\":\"https:\\\/\\\/luxpowertek.com\\\/luxpower-inverter-sna-3-5k\",\"name\":\"Luxpower inverter SNA 3-5k -\",\"isPartOf\":{\"@id\":\"https:\\\/\\\/luxpowertek.com\\\/#website\"},\"primaryImageOfPage\":{\"@id\":\"https:\\\/\\\/luxpowertek.com\\\/luxpower-inverter-sna-3-5k#primaryimage\"},\"image\":{\"@id\":\"https:\\\/\\\/luxpowertek.com\\\/luxpower-inverter-sna-3-5k#primaryimage\"},\"thumbnailUrl\":\"https:\\\/\\\/luxpowertek.com\\\/wp-content\\\/uploads\\\/2021\\\/12\\\/Luxpower-inverter-SNA-3-5k-1-min.png\",\"datePublished\":\"2021-12-13T06:05:09+00:00\",\"dateModified\":\"2026-02-07T13:15:39+00:00\",\"breadcrumb\":{\"@id\":\"https:\\\/\\\/luxpowertek.com\\\/luxpower-inverter-sna-3-5k#breadcrumb\"},\"inLanguage\":\"hu\",\"potentialAction\":[{\"@type\":\"ReadAction\",\"target\":[\"https:\\\/\\\/luxpowertek.com\\\/luxpower-inverter-sna-3-5k\"]}]},{\"@type\":\"ImageObject\",\"inLanguage\":\"hu\",\"@id\":\"https:\\\/\\\/luxpowertek.com\\\/luxpower-inverter-sna-3-5k#primaryimage\",\"url\":\"https:\\\/\\\/luxpowertek.com\\\/wp-content\\\/uploads\\\/2021\\\/12\\\/Luxpower-inverter-SNA-3-5k-1-min.png\",\"contentUrl\":\"https:\\\/\\\/luxpowertek.com\\\/wp-content\\\/uploads\\\/2021\\\/12\\\/Luxpower-inverter-SNA-3-5k-1-min.png\",\"width\":800,\"height\":800},{\"@type\":\"BreadcrumbList\",\"@id\":\"https:\\\/\\\/luxpowertek.com\\\/luxpower-inverter-sna-3-5k#breadcrumb\",\"itemListElement\":[{\"@type\":\"ListItem\",\"position\":1,\"name\":\"Home\",\"item\":\"https:\\\/\\\/luxpowertek.com\\\/\"},{\"@type\":\"ListItem\",\"position\":2,\"name\":\"Products\",\"item\":\"https:\\\/\\\/luxpowertek.com\\\/shop\"},{\"@type\":\"ListItem\",\"position\":3,\"name\":\"Luxpower inverter SNA 3-5k\"}]},{\"@type\":\"WebSite\",\"@id\":\"https:\\\/\\\/luxpowertek.com\\\/#website\",\"url\":\"https:\\\/\\\/luxpowertek.com\\\/\",\"name\":\"\",\"description\":\"\",\"potentialAction\":[{\"@type\":\"SearchAction\",\"target\":{\"@type\":\"EntryPoint\",\"urlTemplate\":\"https:\\\/\\\/luxpowertek.com\\\/?s={search_term_string}\"},\"query-input\":{\"@type\":\"PropertyValueSpecification\",\"valueRequired\":true,\"valueName\":\"search_term_string\"}}],\"inLanguage\":\"hu\"}]}<\/script>\n<!-- \/ Yoast SEO plugin. -->","yoast_head_json":{"title":"Luxpower inverter SNA 3-5k -","robots":{"index":"index","follow":"follow","max-snippet":"max-snippet:-1","max-image-preview":"max-image-preview:large","max-video-preview":"max-video-preview:-1"},"canonical":"https:\/\/luxpowertek.com\/hu\/luxpower-inverter-sn3-5k\/","og_locale":"hu_HU","og_type":"article","og_title":"Luxpower inverter SNA 3-5k -","og_description":"Intelligent offgrid &amp; hybrid modes  PV &amp; AC power loads simultaneously  Wide PV input voltage range  Easy to use with battery  Free monitoring &amp; remote upgrade  Single phase or unbalanced three phase  Advanced Parallel, up to 50kW  Separate generator interface available  Host inverter automatically generated to manage entire system","og_url":"https:\/\/luxpowertek.com\/hu\/luxpower-inverter-sn3-5k\/","article_modified_time":"2026-02-07T13:15:39+00:00","og_image":[{"width":800,"height":800,"url":"https:\/\/luxpowertek.com\/wp-content\/uploads\/2021\/12\/Luxpower-inverter-SNA-3-5k-1-min.png","type":"image\/png"}],"twitter_card":"summary_large_image","twitter_misc":{"Est. reading time":"3 perc"},"schema":{"@context":"https:\/\/schema.org","@graph":[{"@type":"WebPage","@id":"https:\/\/luxpowertek.com\/luxpower-inverter-sna-3-5k","url":"https:\/\/luxpowertek.com\/luxpower-inverter-sna-3-5k","name":"Luxpower inverter SNA 3-5k -","isPartOf":{"@id":"https:\/\/luxpowertek.com\/#website"},"primaryImageOfPage":{"@id":"https:\/\/luxpowertek.com\/luxpower-inverter-sna-3-5k#primaryimage"},"image":{"@id":"https:\/\/luxpowertek.com\/luxpower-inverter-sna-3-5k#primaryimage"},"thumbnailUrl":"https:\/\/luxpowertek.com\/wp-content\/uploads\/2021\/12\/Luxpower-inverter-SNA-3-5k-1-min.png","datePublished":"2021-12-13T06:05:09+00:00","dateModified":"2026-02-07T13:15:39+00:00","breadcrumb":{"@id":"https:\/\/luxpowertek.com\/luxpower-inverter-sna-3-5k#breadcrumb"},"inLanguage":"hu","potentialAction":[{"@type":"ReadAction","target":["https:\/\/luxpowertek.com\/luxpower-inverter-sna-3-5k"]}]},{"@type":"ImageObject","inLanguage":"hu","@id":"https:\/\/luxpowertek.com\/luxpower-inverter-sna-3-5k#primaryimage","url":"https:\/\/luxpowertek.com\/wp-content\/uploads\/2021\/12\/Luxpower-inverter-SNA-3-5k-1-min.png","contentUrl":"https:\/\/luxpowertek.com\/wp-content\/uploads\/2021\/12\/Luxpower-inverter-SNA-3-5k-1-min.png","width":800,"height":800},{"@type":"BreadcrumbList","@id":"https:\/\/luxpowertek.com\/luxpower-inverter-sna-3-5k#breadcrumb","itemListElement":[{"@type":"ListItem","position":1,"name":"Home","item":"https:\/\/luxpowertek.com\/"},{"@type":"ListItem","position":2,"name":"Products","item":"https:\/\/luxpowertek.com\/shop"},{"@type":"ListItem","position":3,"name":"Luxpower inverter SNA 3-5k"}]},{"@type":"WebSite","@id":"https:\/\/luxpowertek.com\/#website","url":"https:\/\/luxpowertek.com\/","name":"","description":"","potentialAction":[{"@type":"SearchAction","target":{"@type":"EntryPoint","urlTemplate":"https:\/\/luxpowertek.com\/?s={search_term_string}"},"query-input":{"@type":"PropertyValueSpecification","valueRequired":true,"valueName":"search_term_string"}}],"inLanguage":"hu"}]}},"_links":{"self":[{"href":"https:\/\/luxpowertek.com\/hu\/wp-json\/wp\/v2\/product\/1653","targetHints":{"allow":["GET"]}}],"collection":[{"href":"https:\/\/luxpowertek.com\/hu\/wp-json\/wp\/v2\/product"}],"about":[{"href":"https:\/\/luxpowertek.com\/hu\/wp-json\/wp\/v2\/types\/product"}],"replies":[{"embeddable":true,"href":"https:\/\/luxpowertek.com\/hu\/wp-json\/wp\/v2\/comments?post=1653"}],"wp:featuredmedia":[{"embeddable":true,"href":"https:\/\/luxpowertek.com\/hu\/wp-json\/wp\/v2\/media\/1654"}],"wp:attachment":[{"href":"https:\/\/luxpowertek.com\/hu\/wp-json\/wp\/v2\/media?parent=1653"}],"wp:term":[{"taxonomy":"product_brand","embeddable":true,"href":"https:\/\/luxpowertek.com\/hu\/wp-json\/wp\/v2\/product_brand?post=1653"},{"taxonomy":"product_cat","embeddable":true,"href":"https:\/\/luxpowertek.com\/hu\/wp-json\/wp\/v2\/product_cat?post=1653"}],"curies":[{"name":"munkaf\u00fczet","href":"https:\/\/api.w.org\/{rel}","templated":true}]}}