{"id":9170,"date":"2024-06-08T17:29:26","date_gmt":"2024-06-08T09:29:26","guid":{"rendered":"https:\/\/luxpowertek.com\/?page_id=9170"},"modified":"2025-11-07T16:26:21","modified_gmt":"2025-11-07T08:26:21","slug":"termekmero","status":"publish","type":"page","link":"https:\/\/luxpowertek.com\/hu\/termekmero\/","title":{"rendered":"M\u00e9ter"},"content":{"rendered":"<section class=\"section hide-for-small\" id=\"section_1105569783\">\n\t\t<div class=\"bg section-bg fill bg-fill  bg-loaded\" >\n\n\t\t\t\n\t\t\t\n\t\t\t\n\n\t\t<\/div>\n\n\t\t\n\n\t\t<div class=\"section-content relative\">\n\t\t\t\n\n  <div class=\"banner has-hover\" id=\"banner-1466931784\">\n          <div class=\"banner-inner fill\">\n        <div class=\"banner-bg fill\" >\n            <div class=\"bg fill bg-fill\"><\/div>\n                        <div class=\"overlay\"><\/div>            \n                    <\/div>\n\t\t\n        <div class=\"banner-layers container\">\n            <div class=\"fill banner-link\"><\/div>            \n   <div id=\"text-box-1495529565\" class=\"text-box banner-layer x50 md-x50 lg-x50 y50 md-y50 lg-y50 res-text\">\n                                <div class=\"text-box-content text dark\">\n              \n              <div class=\"text-inner text-center\">\n                  \n<h1 class=\"lead\"><span style=\"font-size: 75%; color: #282828;\"><strong>M\u00e9ter<\/strong><\/span><\/h1>\n<p class=\"uppercase lead\"><span style=\"color: #282828;\">Prec\u00edzi\u00f3s m\u00e9r\u00e9s az optim\u00e1lis hat\u00e9konys\u00e1g \u00e9s k\u00f6lts\u00e9gmegtakar\u00edt\u00e1s \u00e9rdek\u00e9ben<\/span><\/p>\n              <\/div>\n           <\/div>\n                            \n<style>\n#text-box-1495529565 {\n  width: 65%;\n}\n#text-box-1495529565 .text-box-content {\n  font-size: 100%;\n}\n<\/style>\n    <\/div>\n \n        <\/div>\n      <\/div>\n\n            \n<style>\n#banner-1466931784 {\n  padding-top: 30%;\n}\n#banner-1466931784 .bg.bg-loaded {\n  background-image: url(https:\/\/luxpowertek.com\/wp-content\/uploads\/2024\/04\/one-2-scaled.webp);\n}\n#banner-1466931784 .overlay {\n  background-color: rgb(255, 255, 255);\n}\n<\/style>\n  <\/div>\n\n\n\n  <div class=\"banner has-hover\" id=\"banner-451725089\">\n          <div class=\"banner-inner fill\">\n        <div class=\"banner-bg fill\" >\n            <div class=\"bg fill bg-fill\"><\/div>\n                        <div class=\"overlay\"><\/div>            \n                    <\/div>\n\t\t\n        <div class=\"banner-layers container\">\n            <div class=\"fill banner-link\"><\/div>            \n   <div id=\"text-box-1319291564\" class=\"text-box banner-layer x5 md-x5 lg-x5 y20 md-y20 lg-y20 res-text\">\n                                <div class=\"text-box-content text dark\">\n              \n              <div class=\"text-inner text-center\">\n                  \n<p><span style=\"color: #282828;\">Ez az egyp\u00f3lus\u00fa intelligens m\u00e9r\u0151 kifejezetten val\u00f3s idej\u0171 villamosenergia-monitoroz\u00e1sra k\u00e9sz\u00fclt, lehet\u0151v\u00e9 t\u00e9ve a terhel\u00e9sk\u00f6vet\u00e9st \u00e9s a kimeneti teljes\u00edtm\u00e9ny kezel\u00e9s\u00e9t. A Luxpower monitoring platformmal egy\u00fctt haszn\u00e1lva \u00e1tfog\u00f3 betekint\u00e9st ny\u00fajt a lakoss\u00e1gi energiafogyaszt\u00e1sba. Kompakt, nagy pontoss\u00e1g\u00fa kialak\u00edt\u00e1sa leegyszer\u0171s\u00edti a telep\u00edt\u00e9st \u00e9s az \u00fczemeltet\u00e9st, pontos adatokat szolg\u00e1ltat, \u00e9s z\u00f6kken\u0151mentesen kompatibilis a lakoss\u00e1gi energiamegold\u00e1sokkal.<\/span><\/p>\n              <\/div>\n           <\/div>\n                            \n<style>\n#text-box-1319291564 {\n  width: 52%;\n}\n#text-box-1319291564 .text-box-content {\n  font-size: 100%;\n}\n<\/style>\n    <\/div>\n \n   <div id=\"text-box-1613002774\" class=\"text-box banner-layer x100 md-x100 lg-x100 y15 md-y15 lg-y15 res-text\">\n                                <div class=\"text-box-content text dark\">\n              \n              <div class=\"text-inner text-center\">\n                  \n\t<div class=\"img has-hover x md-x lg-x y md-y lg-y\" id=\"image_1763475556\">\n\t\t\t\t\t\t\t\t<div class=\"img-inner dark\" >\n\t\t\t<img loading=\"lazy\" decoding=\"async\" width=\"2560\" height=\"1707\" src=\"https:\/\/luxpowertek.com\/wp-content\/uploads\/2024\/07\/Meter-scaled.webp\" class=\"attachment-original size-original\" alt=\"\" srcset=\"https:\/\/luxpowertek.com\/wp-content\/uploads\/2024\/07\/Meter-scaled.webp 2560w, https:\/\/luxpowertek.com\/wp-content\/uploads\/2024\/07\/Meter-300x200.webp 300w, https:\/\/luxpowertek.com\/wp-content\/uploads\/2024\/07\/Meter-1030x687.webp 1030w, https:\/\/luxpowertek.com\/wp-content\/uploads\/2024\/07\/Meter-768x512.webp 768w, https:\/\/luxpowertek.com\/wp-content\/uploads\/2024\/07\/Meter-1536x1024.webp 1536w, https:\/\/luxpowertek.com\/wp-content\/uploads\/2024\/07\/Meter-2048x1365.webp 2048w, https:\/\/luxpowertek.com\/wp-content\/uploads\/2024\/07\/Meter-510x340.webp 510w\" sizes=\"auto, (max-width: 2560px) 100vw, 2560px\" \/>\t\t\t\t\t\t\n\t\t\t\t\t<\/div>\n\t\t\t\t\t\t\t\t\n<style>\n#image_1763475556 {\n  width: 100%;\n}\n<\/style>\n\t<\/div>\n\t\n              <\/div>\n           <\/div>\n                            \n<style>\n#text-box-1613002774 {\n  width: 42%;\n}\n#text-box-1613002774 .text-box-content {\n  font-size: 100%;\n}\n<\/style>\n    <\/div>\n \n        <\/div>\n      <\/div>\n\n            \n<style>\n#banner-451725089 {\n  padding-top: 442px;\n}\n#banner-451725089 .overlay {\n  background-color: rgba(249, 247, 247, 0.959);\n}\n<\/style>\n  <\/div>\n\n\n\n  <div class=\"banner has-hover\" id=\"banner-585684672\">\n          <div class=\"banner-inner fill\">\n        <div class=\"banner-bg fill\" >\n            <div class=\"bg fill bg-fill\"><\/div>\n                                    \n                    <\/div>\n\t\t\n        <div class=\"banner-layers container\">\n            <div class=\"fill banner-link\"><\/div>            \n   <div id=\"text-box-464998350\" class=\"text-box banner-layer x95 md-x95 lg-x95 y50 md-y50 lg-y50 res-text\">\n                                <div class=\"text-box-content text dark\">\n              \n              <div class=\"text-inner text-center\">\n                  \n<a class=\"button primary\"  style=\"border-radius:10px;\">\n    <span>Csatlakoztasd \u00e9s haszn\u00e1ld a telep\u00edt\u00e9st<\/span>\n  <\/a>\n\n<a class=\"button primary\"  style=\"border-radius:10px;\">\n    <span>Ak\u00e1r 3 km-es munkamagass\u00e1g<\/span>\n  <\/a>\n\n<a class=\"button primary\"  style=\"border-radius:10px;\">\n    <span>K\u00e9t impulzus kimenet<\/span>\n  <\/a>\n\n<a class=\"button primary\"  style=\"border-radius:10px;\">\n    <span>RS485 Modbus<\/span>\n  <\/a>\n\n<a class=\"button primary\"  style=\"border-radius:10px;\">\n    <span>DIN s\u00ednre szerelhet\u0151 17,5 mm<\/span>\n  <\/a>\n\n<a class=\"button primary\"  style=\"border-radius:10px;\">\n    <span>45A k\u00f6zvetlen csatlakoz\u00e1s<\/span>\n  <\/a>\n\n<a class=\"button primary\"  style=\"border-radius:10px;\">\n    <span>1.0 pontoss\u00e1gi oszt\u00e1ly<\/span>\n  <\/a>\n\n              <\/div>\n           <\/div>\n                            \n<style>\n#text-box-464998350 {\n  width: 38%;\n}\n#text-box-464998350 .text-box-content {\n  font-size: 100%;\n}\n<\/style>\n    <\/div>\n \n\t<div class=\"img has-hover x10 md-x10 lg-x10 y50 md-y50 lg-y50\" id=\"image_961309036\">\n\t\t\t\t\t\t\t\t<div class=\"img-inner dark\" >\n\t\t\t<img loading=\"lazy\" decoding=\"async\" width=\"613\" height=\"613\" src=\"https:\/\/luxpowertek.com\/wp-content\/uploads\/2022\/01\/meter.png\" class=\"attachment-original size-original\" alt=\"\" \/>\t\t\t\t\t\t\n\t\t\t\t\t<\/div>\n\t\t\t\t\t\t\t\t\n<style>\n#image_961309036 {\n  width: 35%;\n}\n<\/style>\n\t<\/div>\n\t\n        <\/div>\n      <\/div>\n\n            \n<style>\n#banner-585684672 {\n  padding-top: 476px;\n  background-color: rgb(255,255,255);\n}\n<\/style>\n  <\/div>\n\n\n\n  <div class=\"banner has-hover\" id=\"banner-1304406060\">\n          <div class=\"banner-inner fill\">\n        <div class=\"banner-bg fill\" >\n            <div class=\"bg fill bg-fill\"><\/div>\n                        <div class=\"overlay\"><\/div>            \n                    <\/div>\n\t\t\n        <div class=\"banner-layers container\">\n            <div class=\"fill banner-link\"><\/div>            \n   <div id=\"text-box-1704203764\" class=\"text-box banner-layer x50 md-x50 lg-x50 y25 md-y25 lg-y25 res-text\">\n                                <div class=\"text-box-content text dark\">\n              \n              <div class=\"text-inner text-center\">\n                  \n<p><span style=\"font-size: 150%;\"><strong>Keressen tov\u00e1bbi Luxpower term\u00e9keket<\/strong><\/span><\/p>\n<a href=\"https:\/\/luxpowertek.com\/hu\/termekek\/\" class=\"button white\"  style=\"border-radius:38px;\">\n    <span>Term\u00e9klista<\/span>\n  <i class=\"icon-angle-right\" aria-hidden=\"true\" ><\/i><\/a>\n\n<a href=\"https:\/\/luxpowertek.com\/hu\/kapcsolatfelvetel\/\" target=\"_blank\" class=\"button secondary\" rel=\"noopener\"  style=\"border-radius:99px;\">\n    <span>Kapcsolat<\/span>\n  <i class=\"icon-angle-right\" aria-hidden=\"true\" ><\/i><\/a>\n\n              <\/div>\n           <\/div>\n                            \n<style>\n#text-box-1704203764 {\n  width: 60%;\n}\n#text-box-1704203764 .text-box-content {\n  font-size: 100%;\n}\n<\/style>\n    <\/div>\n \n        <\/div>\n      <\/div>\n\n            \n<style>\n#banner-1304406060 {\n  padding-top: 32.29%;\n}\n#banner-1304406060 .bg.bg-loaded {\n  background-image: url(https:\/\/luxpowertek.com\/wp-content\/uploads\/2024\/04\/seven-scaled.webp);\n}\n#banner-1304406060 .overlay {\n  background-color: rgba(0, 0, 0, 0.599);\n}\n<\/style>\n  <\/div>\n\n\n\t\t<\/div>\n\n\t\t\n<style>\n#section_1105569783 {\n  padding-top: 30px;\n  padding-bottom: 30px;\n}\n<\/style>\n\t<\/section>\n\t\n\t<section class=\"section show-for-small\" id=\"section_1317715182\">\n\t\t<div class=\"bg section-bg fill bg-fill  bg-loaded\" >\n\n\t\t\t\n\t\t\t\n\t\t\t\n\n\t\t<\/div>\n\n\t\t\n\n\t\t<div class=\"section-content relative\">\n\t\t\t\n\t<div id=\"gap-1331216184\" class=\"gap-element clearfix\" style=\"display:block; height:auto;\">\n\t\t\n<style>\n#gap-1331216184 {\n  padding-top: 60px;\n}\n<\/style>\n\t<\/div>\n\t\n<div class=\"row\"  id=\"row-1079983796\">\n\n\t<div id=\"col-2020651824\" class=\"col small-12 large-12\"  >\n\t\t\t\t<div class=\"col-inner text-center\"  >\n\t\t\t\n\t\t\t\n\t<div id=\"text-320599015\" class=\"text\">\n\t\t\n<p class=\"uppercase lead\"><span style=\"font-size: 200%;\"><strong>M\u00e9ter<\/strong><\/span><\/p>\n<p class=\"lead\"><span style=\"font-size: 95%;\"><strong>Prec\u00edzi\u00f3s m\u00e9r\u00e9s az optim\u00e1lis hat\u00e9konys\u00e1g \u00e9s k\u00f6lts\u00e9gmegtakar\u00edt\u00e1s \u00e9rdek\u00e9ben<\/strong><\/span><\/p>\n\t\t\n<style>\n#text-320599015 {\n  font-size: 0.87rem;\n  line-height: 1.5;\n  text-align: center;\n}\n<\/style>\n\t<\/div>\n\t\n<div class=\"text-center\"><div class=\"is-divider divider clearfix\" style=\"max-width:1280px;background-color:rgb(99, 173, 130);\"><\/div><\/div>\n\n  <div class=\"banner has-hover\" id=\"banner-1276131159\">\n          <div class=\"banner-inner fill\">\n        <div class=\"banner-bg fill\" >\n            <div class=\"bg fill bg-fill\"><\/div>\n                                    \n                    <\/div>\n\t\t\n        <div class=\"banner-layers container\">\n            <div class=\"fill banner-link\"><\/div>            \n\t<div class=\"img has-hover x50 md-x50 lg-x50 y55 md-y50 lg-y50\" id=\"image_194839459\">\n\t\t\t\t\t\t\t\t<div class=\"img-inner dark\" style=\"margin:-100px 0px -100px 0px;\">\n\t\t\t<img loading=\"lazy\" decoding=\"async\" width=\"2560\" height=\"1707\" src=\"https:\/\/luxpowertek.com\/wp-content\/uploads\/2024\/07\/Meter-scaled.webp\" class=\"attachment-original size-original\" alt=\"\" srcset=\"https:\/\/luxpowertek.com\/wp-content\/uploads\/2024\/07\/Meter-scaled.webp 2560w, https:\/\/luxpowertek.com\/wp-content\/uploads\/2024\/07\/Meter-300x200.webp 300w, https:\/\/luxpowertek.com\/wp-content\/uploads\/2024\/07\/Meter-1030x687.webp 1030w, https:\/\/luxpowertek.com\/wp-content\/uploads\/2024\/07\/Meter-768x512.webp 768w, https:\/\/luxpowertek.com\/wp-content\/uploads\/2024\/07\/Meter-1536x1024.webp 1536w, https:\/\/luxpowertek.com\/wp-content\/uploads\/2024\/07\/Meter-2048x1365.webp 2048w, https:\/\/luxpowertek.com\/wp-content\/uploads\/2024\/07\/Meter-510x340.webp 510w\" sizes=\"auto, (max-width: 2560px) 100vw, 2560px\" \/>\t\t\t\t\t\t\n\t\t\t\t\t<\/div>\n\t\t\t\t\t\t\t\t\n<style>\n#image_194839459 {\n  width: 100%;\n}\n@media (min-width:550px) {\n  #image_194839459 {\n    width: 100%;\n  }\n}\n<\/style>\n\t<\/div>\n\t\n        <\/div>\n      <\/div>\n\n            \n<style>\n#banner-1276131159 {\n  padding-top: 89.34%;\n  background-color: rgba(249, 247, 247, 0.959);\n}\n@media (min-width:550px) {\n  #banner-1276131159 {\n    padding-top: 500px;\n  }\n}\n<\/style>\n  <\/div>\n\n\n\t<div id=\"gap-1868866942\" class=\"gap-element clearfix\" style=\"display:block; height:auto;\">\n\t\t\n<style>\n#gap-1868866942 {\n  padding-top: 15px;\n}\n@media (min-width:550px) {\n  #gap-1868866942 {\n    padding-top: 30px;\n  }\n}\n<\/style>\n\t<\/div>\n\t\n\t<div id=\"text-1789653961\" class=\"text\">\n\t\t\n<p>Ez az egyp\u00f3lus\u00fa intelligens m\u00e9r\u0151 kifejezetten val\u00f3s idej\u0171 villamosenergia-monitoroz\u00e1sra k\u00e9sz\u00fclt, lehet\u0151v\u00e9 t\u00e9ve a terhel\u00e9sk\u00f6vet\u00e9st \u00e9s a kimeneti teljes\u00edtm\u00e9ny kezel\u00e9s\u00e9t. A Luxpower monitoring platformmal egy\u00fctt haszn\u00e1lva \u00e1tfog\u00f3 betekint\u00e9st ny\u00fajt a lakoss\u00e1gi energiafogyaszt\u00e1sba. Kompakt, nagy pontoss\u00e1g\u00fa kialak\u00edt\u00e1sa leegyszer\u0171s\u00edti a telep\u00edt\u00e9st \u00e9s az \u00fczemeltet\u00e9st, pontos adatokat szolg\u00e1ltat, \u00e9s z\u00f6kken\u0151mentesen kompatibilis a lakoss\u00e1gi energiamegold\u00e1sokkal.<br \/>\n\t\t\n<style>\n#text-1789653961 {\n  font-size: 0.96rem;\n  line-height: 1.75;\n  text-align: center;\n}\n<\/style>\n\t<\/div>\n\t\n\t<div id=\"gap-1677439216\" class=\"gap-element clearfix\" style=\"display:block; height:auto;\">\n\t\t\n<style>\n#gap-1677439216 {\n  padding-top: 15px;\n}\n@media (min-width:550px) {\n  #gap-1677439216 {\n    padding-top: 30px;\n  }\n}\n<\/style>\n\t<\/div>\n\t\n\n  <div class=\"banner has-hover\" id=\"banner-489320093\">\n          <div class=\"banner-inner fill\">\n        <div class=\"banner-bg fill\" >\n            <div class=\"bg fill bg-fill\"><\/div>\n                                    \n                    <\/div>\n\t\t\n        <div class=\"banner-layers container\">\n            <div class=\"fill banner-link\"><\/div>            \n\t<div class=\"img has-hover x50 md-x50 lg-x50 y50 md-y50 lg-y50\" id=\"image_1909107257\">\n\t\t\t\t\t\t\t\t<div class=\"img-inner dark\" style=\"margin:-100px -20px -100px -20px;\">\n\t\t\t<img loading=\"lazy\" decoding=\"async\" width=\"561\" height=\"613\" src=\"https:\/\/luxpowertek.com\/wp-content\/uploads\/2021\/12\/meter.png\" class=\"attachment-original size-original\" alt=\"\" srcset=\"https:\/\/luxpowertek.com\/wp-content\/uploads\/2021\/12\/meter.png 561w, https:\/\/luxpowertek.com\/wp-content\/uploads\/2021\/12\/meter-275x300.png 275w\" sizes=\"auto, (max-width: 561px) 100vw, 561px\" \/>\t\t\t\t\t\t\n\t\t\t\t\t<\/div>\n\t\t\t\t\t\t\t\t\n<style>\n#image_1909107257 {\n  width: 80%;\n}\n@media (min-width:550px) {\n  #image_1909107257 {\n    width: 100%;\n  }\n}\n<\/style>\n\t<\/div>\n\t\n        <\/div>\n      <\/div>\n\n            \n<style>\n#banner-489320093 {\n  padding-top: 99.99%;\n  background-color: #ffffff;\n}\n@media (min-width:550px) {\n  #banner-489320093 {\n    padding-top: 500px;\n  }\n}\n<\/style>\n  <\/div>\n\n\n\t<div id=\"gap-980942203\" class=\"gap-element clearfix\" style=\"display:block; height:auto;\">\n\t\t\n<style>\n#gap-980942203 {\n  padding-top: 15px;\n}\n@media (min-width:550px) {\n  #gap-980942203 {\n    padding-top: 30px;\n  }\n}\n<\/style>\n\t<\/div>\n\t\n\t<div id=\"text-1132514896\" class=\"text\">\n\t\t\n<ul>\n<li>Csatlakoztasd \u00e9s haszn\u00e1ld a telep\u00edt\u00e9st<\/li>\n<li>Ak\u00e1r 3 km-es munkamagass\u00e1g<\/li>\n<li>K\u00e9t impulzus kimenet<\/li>\n<li>RS485 Modbus<\/li>\n<li>DIN s\u00ednre szerelhet\u0151 17,5 mm<\/li>\n<li>45A k\u00f6zvetlen csatlakoz\u00e1s<\/li>\n<li>1.0 pontoss\u00e1gi oszt\u00e1ly<\/li>\n<\/ul>\n\t\t\n<style>\n#text-1132514896 {\n  font-size: 0.96rem;\n  line-height: 1.75;\n  text-align: left;\n}\n<\/style>\n\t<\/div>\n\t\n\t\t<\/div>\n\t\t\t\t\t<\/div>\n\n\t\n<\/div>\n\t<div id=\"gap-1829146643\" class=\"gap-element clearfix\" style=\"display:block; height:auto;\">\n\t\t\n<style>\n#gap-1829146643 {\n  padding-top: 15px;\n}\n<\/style>\n\t<\/div>\n\t\n\n  <div class=\"banner has-hover show-for-small\" id=\"banner-473177279\">\n          <div class=\"banner-inner fill\">\n        <div class=\"banner-bg fill\" >\n            <div class=\"bg fill bg-fill\"><\/div>\n                        <div class=\"overlay\"><\/div>            \n                    <\/div>\n\t\t\n        <div class=\"banner-layers container\">\n            <div class=\"fill banner-link\"><\/div>            \n   <div id=\"text-box-1879041742\" class=\"text-box banner-layer x50 md-x50 lg-x50 y75 md-y25 lg-y25 res-text\">\n                                <div class=\"text-box-content text dark\">\n              \n              <div class=\"text-inner text-center\">\n                  \n<p><span style=\"font-size: 150%;\"><strong>Keressen tov\u00e1bbi Luxpower term\u00e9keket<\/strong><\/span><\/p>\n<a href=\"https:\/\/luxpowertek.com\/hu\/termekek\/\" class=\"button white\"  style=\"border-radius:38px;\">\n    <span>Term\u00e9klista<\/span>\n  <i class=\"icon-angle-right\" aria-hidden=\"true\" ><\/i><\/a>\n\n<a href=\"https:\/\/luxpowertek.com\/hu\/kapcsolatfelvetel\/\" target=\"_blank\" class=\"button secondary\" rel=\"noopener\"  style=\"border-radius:99px;\">\n    <span>Kapcsolat<\/span>\n  <i class=\"icon-angle-right\" aria-hidden=\"true\" ><\/i><\/a>\n\n              <\/div>\n           <\/div>\n                            \n<style>\n#text-box-1879041742 {\n  width: 84%;\n}\n#text-box-1879041742 .text-box-content {\n  font-size: 100%;\n}\n@media (min-width:550px) {\n  #text-box-1879041742 {\n    width: 60%;\n  }\n}\n<\/style>\n    <\/div>\n \n        <\/div>\n      <\/div>\n\n            \n<style>\n#banner-473177279 {\n  padding-top: 200px;\n}\n#banner-473177279 .bg.bg-loaded {\n  background-image: url(https:\/\/luxpowertek.com\/wp-content\/uploads\/2024\/04\/seven-scaled.webp);\n}\n#banner-473177279 .overlay {\n  background-color: rgba(0, 0, 0, 0.599);\n}\n@media (min-width:550px) {\n  #banner-473177279 {\n    padding-top: 200px;\n  }\n}\n<\/style>\n  <\/div>\n\n\n\t\t<\/div>\n\n\t\t\n<style>\n#section_1317715182 {\n  padding-top: 30px;\n  padding-bottom: 30px;\n}\n<\/style>\n\t<\/section>","protected":false},"excerpt":{"rendered":"","protected":false},"author":3,"featured_media":0,"parent":0,"menu_order":0,"comment_status":"closed","ping_status":"closed","template":"page-transparent-header-light.php","meta":{"rop_custom_images_group":[],"rop_custom_messages_group":[],"rop_publish_now":"initial","rop_publish_now_accounts":[],"rop_publish_now_history":[],"rop_publish_now_status":"pending","footnotes":""},"class_list":["post-9170","page","type-page","status-publish","hentry"],"yoast_head":"<!-- This site is optimized with the Yoast SEO plugin v27.3 - https:\/\/yoast.com\/product\/yoast-seo-wordpress\/ -->\n<title>Meter - Measurement for Optimal Efficiency and Cost Savings<\/title>\n<meta name=\"description\" content=\"This single pole smart meter is specifically designed for real-time electricity monitoring, enabling load tracking and output power management.\" \/>\n<meta name=\"robots\" content=\"index, follow, max-snippet:-1, max-image-preview:large, max-video-preview:-1\" \/>\n<link rel=\"canonical\" href=\"https:\/\/luxpowertek.com\/hu\/termekmero\/\" \/>\n<meta property=\"og:locale\" content=\"hu_HU\" \/>\n<meta property=\"og:type\" content=\"article\" \/>\n<meta property=\"og:title\" content=\"Meter - Measurement for Optimal Efficiency and Cost Savings\" \/>\n<meta property=\"og:description\" content=\"This single pole smart meter is specifically designed for real-time electricity monitoring, enabling load tracking and output power management.\" \/>\n<meta property=\"og:url\" content=\"https:\/\/luxpowertek.com\/hu\/termekmero\/\" \/>\n<meta property=\"article:modified_time\" content=\"2025-11-07T08:26:21+00:00\" \/>\n<meta name=\"twitter:card\" content=\"summary_large_image\" \/>\n<meta name=\"twitter:label1\" content=\"Est. reading time\" \/>\n\t<meta name=\"twitter:data1\" content=\"2 perc\" \/>\n<script type=\"application\/ld+json\" class=\"yoast-schema-graph\">{\"@context\":\"https:\\\/\\\/schema.org\",\"@graph\":[{\"@type\":\"WebPage\",\"@id\":\"https:\\\/\\\/luxpowertek.com\\\/product-meter\\\/\",\"url\":\"https:\\\/\\\/luxpowertek.com\\\/product-meter\\\/\",\"name\":\"Meter - Measurement for Optimal Efficiency and Cost Savings\",\"isPartOf\":{\"@id\":\"https:\\\/\\\/luxpowertek.com\\\/#website\"},\"datePublished\":\"2024-06-08T09:29:26+00:00\",\"dateModified\":\"2025-11-07T08:26:21+00:00\",\"description\":\"This single pole smart meter is specifically designed for real-time electricity monitoring, enabling load tracking and output power management.\",\"breadcrumb\":{\"@id\":\"https:\\\/\\\/luxpowertek.com\\\/product-meter\\\/#breadcrumb\"},\"inLanguage\":\"hu\",\"potentialAction\":[{\"@type\":\"ReadAction\",\"target\":[\"https:\\\/\\\/luxpowertek.com\\\/product-meter\\\/\"]}]},{\"@type\":\"BreadcrumbList\",\"@id\":\"https:\\\/\\\/luxpowertek.com\\\/product-meter\\\/#breadcrumb\",\"itemListElement\":[{\"@type\":\"ListItem\",\"position\":1,\"name\":\"Home\",\"item\":\"https:\\\/\\\/luxpowertek.com\\\/\"},{\"@type\":\"ListItem\",\"position\":2,\"name\":\"Meter\"}]},{\"@type\":\"WebSite\",\"@id\":\"https:\\\/\\\/luxpowertek.com\\\/#website\",\"url\":\"https:\\\/\\\/luxpowertek.com\\\/\",\"name\":\"\",\"description\":\"\",\"potentialAction\":[{\"@type\":\"SearchAction\",\"target\":{\"@type\":\"EntryPoint\",\"urlTemplate\":\"https:\\\/\\\/luxpowertek.com\\\/?s={search_term_string}\"},\"query-input\":{\"@type\":\"PropertyValueSpecification\",\"valueRequired\":true,\"valueName\":\"search_term_string\"}}],\"inLanguage\":\"hu\"}]}<\/script>\n<!-- \/ Yoast SEO plugin. -->","yoast_head_json":{"title":"M\u00e9r\u0151m\u0171szer \u2013 M\u00e9r\u00e9s az optim\u00e1lis hat\u00e9konys\u00e1g \u00e9s k\u00f6lts\u00e9gmegtakar\u00edt\u00e1s \u00e9rdek\u00e9ben","description":"Ez az egyp\u00f3lus\u00fa intelligens m\u00e9r\u0151 kifejezetten val\u00f3s idej\u0171 villamosenergia-monitoroz\u00e1sra k\u00e9sz\u00fclt, lehet\u0151v\u00e9 t\u00e9ve a terhel\u00e9sk\u00f6vet\u00e9st \u00e9s a kimeneti teljes\u00edtm\u00e9ny kezel\u00e9s\u00e9t.","robots":{"index":"index","follow":"follow","max-snippet":"max-snippet:-1","max-image-preview":"max-image-preview:large","max-video-preview":"max-video-preview:-1"},"canonical":"https:\/\/luxpowertek.com\/hu\/termekmero\/","og_locale":"hu_HU","og_type":"article","og_title":"Meter - Measurement for Optimal Efficiency and Cost Savings","og_description":"This single pole smart meter is specifically designed for real-time electricity monitoring, enabling load tracking and output power management.","og_url":"https:\/\/luxpowertek.com\/hu\/termekmero\/","article_modified_time":"2025-11-07T08:26:21+00:00","twitter_card":"summary_large_image","twitter_misc":{"Est. reading time":"2 perc"},"schema":{"@context":"https:\/\/schema.org","@graph":[{"@type":"WebPage","@id":"https:\/\/luxpowertek.com\/product-meter\/","url":"https:\/\/luxpowertek.com\/product-meter\/","name":"M\u00e9r\u0151m\u0171szer \u2013 M\u00e9r\u00e9s az optim\u00e1lis hat\u00e9konys\u00e1g \u00e9s k\u00f6lts\u00e9gmegtakar\u00edt\u00e1s \u00e9rdek\u00e9ben","isPartOf":{"@id":"https:\/\/luxpowertek.com\/#website"},"datePublished":"2024-06-08T09:29:26+00:00","dateModified":"2025-11-07T08:26:21+00:00","description":"Ez az egyp\u00f3lus\u00fa intelligens m\u00e9r\u0151 kifejezetten val\u00f3s idej\u0171 villamosenergia-monitoroz\u00e1sra k\u00e9sz\u00fclt, lehet\u0151v\u00e9 t\u00e9ve a terhel\u00e9sk\u00f6vet\u00e9st \u00e9s a kimeneti teljes\u00edtm\u00e9ny kezel\u00e9s\u00e9t.","breadcrumb":{"@id":"https:\/\/luxpowertek.com\/product-meter\/#breadcrumb"},"inLanguage":"hu","potentialAction":[{"@type":"ReadAction","target":["https:\/\/luxpowertek.com\/product-meter\/"]}]},{"@type":"BreadcrumbList","@id":"https:\/\/luxpowertek.com\/product-meter\/#breadcrumb","itemListElement":[{"@type":"ListItem","position":1,"name":"Home","item":"https:\/\/luxpowertek.com\/"},{"@type":"ListItem","position":2,"name":"Meter"}]},{"@type":"WebSite","@id":"https:\/\/luxpowertek.com\/#website","url":"https:\/\/luxpowertek.com\/","name":"","description":"","potentialAction":[{"@type":"SearchAction","target":{"@type":"EntryPoint","urlTemplate":"https:\/\/luxpowertek.com\/?s={search_term_string}"},"query-input":{"@type":"PropertyValueSpecification","valueRequired":true,"valueName":"search_term_string"}}],"inLanguage":"hu"}]}},"_links":{"self":[{"href":"https:\/\/luxpowertek.com\/hu\/wp-json\/wp\/v2\/pages\/9170","targetHints":{"allow":["GET"]}}],"collection":[{"href":"https:\/\/luxpowertek.com\/hu\/wp-json\/wp\/v2\/pages"}],"about":[{"href":"https:\/\/luxpowertek.com\/hu\/wp-json\/wp\/v2\/types\/page"}],"author":[{"embeddable":true,"href":"https:\/\/luxpowertek.com\/hu\/wp-json\/wp\/v2\/users\/3"}],"replies":[{"embeddable":true,"href":"https:\/\/luxpowertek.com\/hu\/wp-json\/wp\/v2\/comments?post=9170"}],"version-history":[{"count":18,"href":"https:\/\/luxpowertek.com\/hu\/wp-json\/wp\/v2\/pages\/9170\/revisions"}],"predecessor-version":[{"id":16462,"href":"https:\/\/luxpowertek.com\/hu\/wp-json\/wp\/v2\/pages\/9170\/revisions\/16462"}],"wp:attachment":[{"href":"https:\/\/luxpowertek.com\/hu\/wp-json\/wp\/v2\/media?parent=9170"}],"curies":[{"name":"munkaf\u00fczet","href":"https:\/\/api.w.org\/{rel}","templated":true}]}}