{"id":8667,"date":"2024-04-09T22:29:25","date_gmt":"2024-04-09T14:29:25","guid":{"rendered":"https:\/\/luxpowertek.com\/?page_id=8667"},"modified":"2024-08-01T14:02:08","modified_gmt":"2024-08-01T06:02:08","slug":"donglefaqs","status":"publish","type":"page","link":"https:\/\/luxpowertek.com\/hu\/donglefaqs\/","title":{"rendered":"Dongle GYIK"},"content":{"rendered":"<div class=\"banner has-hover\" id=\"banner-912001626\">\n          <div class=\"banner-inner fill\">\n        <div class=\"banner-bg fill\" >\n            <div class=\"bg fill bg-fill\"><\/div>\n                        <div class=\"overlay\"><\/div>            \n                    <\/div>\n\t\t\n        <div class=\"banner-layers container\">\n            <div class=\"fill banner-link\"><\/div>            \n   <div id=\"text-box-625715911\" class=\"text-box banner-layer x50 md-x50 lg-x50 y50 md-y50 lg-y50 res-text\">\n                                <div class=\"text-box-content text dark\">\n              \n              <div class=\"text-inner text-center\">\n                  \n              <\/div>\n           <\/div>\n                            \n<style>\n#text-box-625715911 {\n  width: 60%;\n}\n#text-box-625715911 .text-box-content {\n  font-size: 100%;\n}\n@media (min-width:550px) {\n  #text-box-625715911 {\n    width: 60%;\n  }\n}\n<\/style>\n    <\/div>\n \n        <\/div>\n      <\/div>\n\n            \n<style>\n#banner-912001626 {\n  padding-top: 500px;\n}\n#banner-912001626 .bg.bg-loaded {\n  background-image: url(https:\/\/luxpowertek.com\/wp-content\/uploads\/2024\/04\/six.webp);\n}\n#banner-912001626 .overlay {\n  background-color: rgba(0, 0, 0, 0.401);\n}\n<\/style>\n  <\/div>\n\n\n\t<section class=\"section\" id=\"section_2121177520\">\n\t\t<div class=\"bg section-bg fill bg-fill  bg-loaded\" >\n\n\t\t\t\n\t\t\t\n\t\t\t\n\n\t\t<\/div>\n\n\t\t\n\n\t\t<div class=\"section-content relative\">\n\t\t\t\n<div class=\"row\"  id=\"row-404312751\">\n\n\t<div id=\"col-2128796257\" class=\"col small-12 large-12\"  >\n\t\t\t\t<div class=\"col-inner\"  >\n\t\t\t\n\t\t\t\n<p class=\"lead\" style=\"text-align: center;\"><span style=\"font-size: 105%;\"><strong>Dongle GYIK<\/strong><\/span><\/p>\n\t\t<\/div>\n\t\t\t\t\t<\/div>\n\n\t\n<\/div>\n<div class=\"row\"  id=\"row-1510938413\">\n\n\t<div id=\"col-2070263588\" class=\"col small-12 large-12\"  >\n\t\t\t\t<div class=\"col-inner\"  >\n\t\t\t\n\t\t\t\n<div class=\"accordion\">\n\t<div id=\"accordion-1408009953\" class=\"accordion-item\">\n\t\t<a id=\"accordion-1408009953-label\" class=\"accordion-title plain\" href=\"#accordion-item-what-does-\u2018dongle-already-exists\u2019-mean-when-adding-it-to-the-server?\" aria-expanded=\"false\" aria-controls=\"accordion-1408009953-content\" >\n\t\t\t<button class=\"toggle\" aria-label=\"V\u00e1lt\u00e1s\"><i class=\"icon-angle-down\"><\/i><\/button>\n\t\t\t<span>Mit jelent a \u201edongle m\u00e1r l\u00e9tezik\u201d jelz\u00e9s a szerverhez val\u00f3 hozz\u00e1ad\u00e1sakor?<\/span>\n\t\t<\/a>\n\t\t<div id=\"accordion-1408009953-content\" class=\"accordion-inner\" aria-labelledby=\"accordion-1408009953-label\" >\n\t\t\t\n<ul>\n<li>V: A \u201edongle m\u00e1r l\u00e9tezik\u201d \u00fczenet azt jelzi, hogy a dongle m\u00e1r hozz\u00e1adva lett a szerverhez. Ha \u00fajra hozz\u00e1 szeretn\u00e9 adni, el\u0151sz\u00f6r t\u00e1vol\u00edtsa el a dongle-t az \u00e1llom\u00e1sr\u00f3l. Ha a dongle tov\u00e1bbra is megjelenik a fi\u00f3kj\u00e1ban, k\u00e9rj\u00fck, vegye fel a kapcsolatot a sz\u00e1ll\u00edt\u00f3j\u00e1val vagy a Luxpowertekkel seg\u00edts\u00e9g\u00e9rt.<\/li>\n<\/ul>\n\t\t<\/div>\n\t<\/div>\n\t\n\t<div id=\"accordion-450678399\" class=\"accordion-item\">\n\t\t<a id=\"accordion-450678399-label\" class=\"accordion-title plain\" href=\"#accordion-item-how-do-i-connect-the-dongle-to-a-new-wifi-provider-if-i-change-my-router?\" aria-expanded=\"false\" aria-controls=\"accordion-450678399-content\" >\n\t\t\t<button class=\"toggle\" aria-label=\"V\u00e1lt\u00e1s\"><i class=\"icon-angle-down\"><\/i><\/button>\n\t\t\t<span>Hogyan csatlakoztathatom a dongle-t egy \u00faj WiFi szolg\u00e1ltat\u00f3hoz, ha lecser\u00e9lem a routerem?<\/span>\n\t\t<\/a>\n\t\t<div id=\"accordion-450678399-content\" class=\"accordion-inner\" aria-labelledby=\"accordion-450678399-label\" >\n\t\t\t\n<p>A: Az \u00faj WiFi jelsz\u00f3 alkalmaz\u00e1son kereszt\u00fcli konfigur\u00e1l\u00e1s\u00e1hoz k\u00f6vesse az al\u00e1bbi l\u00e9p\u00e9seket (gy\u0151z\u0151dj\u00f6n meg arr\u00f3l, hogy az \u00faj router t\u00e1mogatja a 2,4 GHz-es frekvencias\u00e1vot):<\/p>\n<ul>\n<li>Helyezze be a dongle-t az inverterbe.<\/li>\n<li>Csatlakoztassa mobiltelefonj\u00e1t vagy sz\u00e1m\u00edt\u00f3g\u00e9p\u00e9t a WiFi dongle \u00e1ltal k\u00fcld\u00f6tt helyi hotspothoz, amikor a dongle WiFi LED-je folyamatosan vil\u00e1g\u00edt.<\/li>\n<li>Nyissa meg a Luxpowerview alkalmaz\u00e1st, \u00e9s navig\u00e1ljon a \u201eWiFi dongle csatlakoz\u00e1s\u201d oldalra.<\/li>\n<li>V\u00e1lassza ki az otthoni WiFi h\u00e1l\u00f3zat\u00e1t, \u00e9s adja meg a jelsz\u00f3t.<\/li>\n<li>Kattintson az \u201eOtthoni WiFi csatlakoz\u00e1s\u201d gombra, \u00e9s v\u00e1rja meg, am\u00edg mindh\u00e1rom LED jelz\u0151f\u00e9ny kigyullad.<\/li>\n<\/ul>\n\t\t<\/div>\n\t<\/div>\n\t\n\t<div id=\"accordion-1101009088\" class=\"accordion-item\">\n\t\t<a id=\"accordion-1101009088-label\" class=\"accordion-title plain\" href=\"#accordion-item-why-isn&#039;t-my-4g-dongle-working?\" aria-expanded=\"false\" aria-controls=\"accordion-1101009088-content\" >\n\t\t\t<button class=\"toggle\" aria-label=\"V\u00e1lt\u00e1s\"><i class=\"icon-angle-down\"><\/i><\/button>\n\t\t\t<span>Mi\u00e9rt nem m\u0171k\u00f6dik a 4G adapterem?<\/span>\n\t\t<\/a>\n\t\t<div id=\"accordion-1101009088-content\" class=\"accordion-inner\" aria-labelledby=\"accordion-1101009088-label\" >\n\t\t\t\n<p class=\"lead\"><span style=\"font-size: 80%;\">V: Gy\u0151z\u0151dj\u00f6n meg r\u00f3la, hogy a LUX \u00e1ltal biztos\u00edtott SIM-k\u00e1rty\u00e1t behelyezte a 4G dongle-ba. Ha a probl\u00e9ma tov\u00e1bbra is fenn\u00e1ll, k\u00e9rj\u00fck, adja meg a 4G dongle, az inverter sorozatsz\u00e1m\u00e1t \u00e9s a SIM-k\u00e1rtya sorozatsz\u00e1m\u00e1t a Luxpowernek az \u00e9rv\u00e9nyess\u00e9gi id\u0151szakkal kapcsolatos \u00e9rdekl\u0151d\u00e9s c\u00e9lj\u00e1b\u00f3l.<\/span><\/p>\n\t\t<\/div>\n\t<\/div>\n\t\n<\/div>\n<div class=\"accordion\">\n\t<div id=\"accordion-483039188\" class=\"accordion-item\">\n\t\t<a id=\"accordion-483039188-label\" class=\"accordion-title plain\" href=\"#accordion-item-why-isn&#039;t-my-wifi-dongle-connecting-to-my-new-router?\" aria-expanded=\"false\" aria-controls=\"accordion-483039188-content\" >\n\t\t\t<button class=\"toggle\" aria-label=\"V\u00e1lt\u00e1s\"><i class=\"icon-angle-down\"><\/i><\/button>\n\t\t\t<span>Mi\u00e9rt nem csatlakozik a WiFi dongle az \u00faj routeremhez?<\/span>\n\t\t<\/a>\n\t\t<div id=\"accordion-483039188-content\" class=\"accordion-inner\" aria-labelledby=\"accordion-483039188-label\" >\n\t\t\t\n<p class=\"lead\"><span style=\"font-size: 80%;\">A: A hibaelh\u00e1r\u00edt\u00e1shoz ellen\u0151rizze a k\u00f6vetkez\u0151ket:<\/span><\/p>\n<ul>\n<li class=\"lead\">\n<p class=\"lead\"><span style=\"font-size: 80%;\">Ellen\u0151rizd, hogy a router t\u00e1mogatja-e a WiFi 5 protokollt.<\/span><\/p>\n<\/li>\n<li class=\"lead\">\n<p class=\"lead\"><span style=\"font-size: 80%;\">Gy\u0151z\u0151dj\u00f6n meg arr\u00f3l, hogy a router WPA1\/WPA2\/WPA2\/3 titkos\u00edt\u00e1sra van konfigur\u00e1lva.<\/span><\/p>\n<\/li>\n<li class=\"lead\">\n<p class=\"lead\"><span style=\"font-size: 80%;\">Ellen\u0151rizd, hogy a router t\u00e1mogatja-e a 2,4 GHz-es frekvencias\u00e1vot.<\/span><\/p>\n<\/li>\n<li class=\"lead\">\n<p class=\"lead\"><span style=\"font-size: 80%;\">Ellen\u0151rizd, hogy a router DHCP-re van-e konfigur\u00e1lva (vagy manu\u00e1lisan rendeld hozz\u00e1 az IP-c\u00edmet a dongle-hoz).<\/span><\/p>\n<\/li>\n<\/ul>\n\t\t<\/div>\n\t<\/div>\n\t\n\t<div id=\"accordion-959489287\" class=\"accordion-item\">\n\t\t<a id=\"accordion-959489287-label\" class=\"accordion-title plain\" href=\"#accordion-item-can-i-bind-a-dongle-to-more-than-one-station-for-normal-use?\" aria-expanded=\"false\" aria-controls=\"accordion-959489287-content\" >\n\t\t\t<button class=\"toggle\" aria-label=\"V\u00e1lt\u00e1s\"><i class=\"icon-angle-down\"><\/i><\/button>\n\t\t\t<span>Hozz\u00e1k\u00f6thetek egy dongle-t egyn\u00e9l t\u00f6bb \u00e1llom\u00e1shoz norm\u00e1l haszn\u00e1latra?<\/span>\n\t\t<\/a>\n\t\t<div id=\"accordion-959489287-content\" class=\"accordion-inner\" aria-labelledby=\"accordion-959489287-label\" >\n\t\t\t\n<p class=\"lead\"><span style=\"font-size: 80%;\">V: Jelenleg csak egy dongle k\u00f6thet\u0151 egy adott inverterhez \u00e9s \u00e1llom\u00e1shoz.<\/span><\/p>\n\t\t<\/div>\n\t<\/div>\n\t\n\t<div id=\"accordion-2367398515\" class=\"accordion-item\">\n\t\t<a id=\"accordion-2367398515-label\" class=\"accordion-title plain\" href=\"#accordion-item-why-can&#039;t-we-see-the-wifi-hotspot-in-our-phone&#039;s-wifi-list?\" aria-expanded=\"false\" aria-controls=\"accordion-2367398515-content\" >\n\t\t\t<button class=\"toggle\" aria-label=\"V\u00e1lt\u00e1s\"><i class=\"icon-angle-down\"><\/i><\/button>\n\t\t\t<span>Mi\u00e9rt nem l\u00e1tjuk a WiFi hotspotot a telefonunk WiFi list\u00e1j\u00e1ban?<\/span>\n\t\t<\/a>\n\t\t<div id=\"accordion-2367398515-content\" class=\"accordion-inner\" aria-labelledby=\"accordion-2367398515-label\" >\n\t\t\t\n<p class=\"lead\"><span style=\"font-size: 80%;\">V: Ellen\u0151rizze, hogy l\u00e1t-e egy \u201eMXCHIPXXXX\u201d nev\u0171 hotspotot. Ha bejelentkezik a 10.10.10.1 verzi\u00f3ba, \u00e9s a WiFi m\u00f3dot \u00e1llom\u00e1s m\u00f3dra \u00e1ll\u00edtja, el\u0151fordulhat, hogy a dongle nem jelen\u00edti meg az AP-t. Tov\u00e1bb\u00e1, ha gy\u00e1ri be\u00e1ll\u00edt\u00e1sokat \u00e1ll\u00edt vissza, az AP \u201eMXCHIPxxxxxxx\u201d n\u00e9ven jelenhet meg.<\/span><\/p>\n\t\t<\/div>\n\t<\/div>\n\t\n<\/div>\n\t\t<\/div>\n\t\t\t\t\t<\/div>\n\n\t\n<\/div>\n\t\t<\/div>\n\n\t\t\n<style>\n#section_2121177520 {\n  padding-top: 30px;\n  padding-bottom: 30px;\n}\n<\/style>\n\t<\/section>","protected":false},"excerpt":{"rendered":"","protected":false},"author":3,"featured_media":0,"parent":0,"menu_order":0,"comment_status":"closed","ping_status":"closed","template":"page-transparent-header-light.php","meta":{"rop_custom_images_group":[],"rop_custom_messages_group":[],"rop_publish_now":"initial","rop_publish_now_accounts":[],"rop_publish_now_history":[],"rop_publish_now_status":"pending","footnotes":""},"class_list":["post-8667","page","type-page","status-publish","hentry"],"yoast_head":"<!-- This site is optimized with the Yoast SEO plugin v27.3 - https:\/\/yoast.com\/product\/yoast-seo-wordpress\/ -->\n<title>Dongle FAQs -<\/title>\n<meta name=\"robots\" content=\"index, follow, max-snippet:-1, max-image-preview:large, max-video-preview:-1\" \/>\n<link rel=\"canonical\" href=\"https:\/\/luxpowertek.com\/hu\/donglefaqs\/\" \/>\n<meta property=\"og:locale\" content=\"hu_HU\" \/>\n<meta property=\"og:type\" content=\"article\" \/>\n<meta property=\"og:title\" content=\"Dongle FAQs -\" \/>\n<meta property=\"og:url\" content=\"https:\/\/luxpowertek.com\/hu\/donglefaqs\/\" \/>\n<meta property=\"article:modified_time\" content=\"2024-08-01T06:02:08+00:00\" \/>\n<meta name=\"twitter:card\" content=\"summary_large_image\" \/>\n<meta name=\"twitter:label1\" content=\"Est. reading time\" \/>\n\t<meta name=\"twitter:data1\" content=\"2 perc\" \/>\n<script type=\"application\/ld+json\" class=\"yoast-schema-graph\">{\"@context\":\"https:\\\/\\\/schema.org\",\"@graph\":[{\"@type\":\"WebPage\",\"@id\":\"https:\\\/\\\/luxpowertek.com\\\/donglefaqs\\\/\",\"url\":\"https:\\\/\\\/luxpowertek.com\\\/donglefaqs\\\/\",\"name\":\"Dongle FAQs -\",\"isPartOf\":{\"@id\":\"https:\\\/\\\/luxpowertek.com\\\/#website\"},\"datePublished\":\"2024-04-09T14:29:25+00:00\",\"dateModified\":\"2024-08-01T06:02:08+00:00\",\"breadcrumb\":{\"@id\":\"https:\\\/\\\/luxpowertek.com\\\/donglefaqs\\\/#breadcrumb\"},\"inLanguage\":\"hu\",\"potentialAction\":[{\"@type\":\"ReadAction\",\"target\":[\"https:\\\/\\\/luxpowertek.com\\\/donglefaqs\\\/\"]}]},{\"@type\":\"BreadcrumbList\",\"@id\":\"https:\\\/\\\/luxpowertek.com\\\/donglefaqs\\\/#breadcrumb\",\"itemListElement\":[{\"@type\":\"ListItem\",\"position\":1,\"name\":\"Home\",\"item\":\"https:\\\/\\\/luxpowertek.com\\\/\"},{\"@type\":\"ListItem\",\"position\":2,\"name\":\"Dongle FAQs\"}]},{\"@type\":\"WebSite\",\"@id\":\"https:\\\/\\\/luxpowertek.com\\\/#website\",\"url\":\"https:\\\/\\\/luxpowertek.com\\\/\",\"name\":\"\",\"description\":\"\",\"potentialAction\":[{\"@type\":\"SearchAction\",\"target\":{\"@type\":\"EntryPoint\",\"urlTemplate\":\"https:\\\/\\\/luxpowertek.com\\\/?s={search_term_string}\"},\"query-input\":{\"@type\":\"PropertyValueSpecification\",\"valueRequired\":true,\"valueName\":\"search_term_string\"}}],\"inLanguage\":\"hu\"}]}<\/script>\n<!-- \/ Yoast SEO plugin. -->","yoast_head_json":{"title":"Dongle GYIK -","robots":{"index":"index","follow":"follow","max-snippet":"max-snippet:-1","max-image-preview":"max-image-preview:large","max-video-preview":"max-video-preview:-1"},"canonical":"https:\/\/luxpowertek.com\/hu\/donglefaqs\/","og_locale":"hu_HU","og_type":"article","og_title":"Dongle FAQs -","og_url":"https:\/\/luxpowertek.com\/hu\/donglefaqs\/","article_modified_time":"2024-08-01T06:02:08+00:00","twitter_card":"summary_large_image","twitter_misc":{"Est. reading time":"2 perc"},"schema":{"@context":"https:\/\/schema.org","@graph":[{"@type":"WebPage","@id":"https:\/\/luxpowertek.com\/donglefaqs\/","url":"https:\/\/luxpowertek.com\/donglefaqs\/","name":"Dongle GYIK -","isPartOf":{"@id":"https:\/\/luxpowertek.com\/#website"},"datePublished":"2024-04-09T14:29:25+00:00","dateModified":"2024-08-01T06:02:08+00:00","breadcrumb":{"@id":"https:\/\/luxpowertek.com\/donglefaqs\/#breadcrumb"},"inLanguage":"hu","potentialAction":[{"@type":"ReadAction","target":["https:\/\/luxpowertek.com\/donglefaqs\/"]}]},{"@type":"BreadcrumbList","@id":"https:\/\/luxpowertek.com\/donglefaqs\/#breadcrumb","itemListElement":[{"@type":"ListItem","position":1,"name":"Home","item":"https:\/\/luxpowertek.com\/"},{"@type":"ListItem","position":2,"name":"Dongle FAQs"}]},{"@type":"WebSite","@id":"https:\/\/luxpowertek.com\/#website","url":"https:\/\/luxpowertek.com\/","name":"","description":"","potentialAction":[{"@type":"SearchAction","target":{"@type":"EntryPoint","urlTemplate":"https:\/\/luxpowertek.com\/?s={search_term_string}"},"query-input":{"@type":"PropertyValueSpecification","valueRequired":true,"valueName":"search_term_string"}}],"inLanguage":"hu"}]}},"_links":{"self":[{"href":"https:\/\/luxpowertek.com\/hu\/wp-json\/wp\/v2\/pages\/8667","targetHints":{"allow":["GET"]}}],"collection":[{"href":"https:\/\/luxpowertek.com\/hu\/wp-json\/wp\/v2\/pages"}],"about":[{"href":"https:\/\/luxpowertek.com\/hu\/wp-json\/wp\/v2\/types\/page"}],"author":[{"embeddable":true,"href":"https:\/\/luxpowertek.com\/hu\/wp-json\/wp\/v2\/users\/3"}],"replies":[{"embeddable":true,"href":"https:\/\/luxpowertek.com\/hu\/wp-json\/wp\/v2\/comments?post=8667"}],"version-history":[{"count":20,"href":"https:\/\/luxpowertek.com\/hu\/wp-json\/wp\/v2\/pages\/8667\/revisions"}],"predecessor-version":[{"id":11353,"href":"https:\/\/luxpowertek.com\/hu\/wp-json\/wp\/v2\/pages\/8667\/revisions\/11353"}],"wp:attachment":[{"href":"https:\/\/luxpowertek.com\/hu\/wp-json\/wp\/v2\/media?parent=8667"}],"curies":[{"name":"munkaf\u00fczet","href":"https:\/\/api.w.org\/{rel}","templated":true}]}}