{"id":8648,"date":"2024-04-09T21:34:36","date_gmt":"2024-04-09T13:34:36","guid":{"rendered":"https:\/\/luxpowertek.com\/?page_id=8648"},"modified":"2024-08-01T10:57:41","modified_gmt":"2024-08-01T02:57:41","slug":"napelemes-inverter-ac-dc-inverter-gyakori-kerdesek","status":"publish","type":"page","link":"https:\/\/luxpowertek.com\/hu\/napelemes-inverter-ac-dc-inverter-gyakori-kerdesek\/","title":{"rendered":"AC\/DC inverter GYIK"},"content":{"rendered":"<div class=\"banner has-hover\" id=\"banner-1412429073\">\n          <div class=\"banner-inner fill\">\n        <div class=\"banner-bg fill\" >\n            <div class=\"bg fill bg-fill\"><\/div>\n                        <div class=\"overlay\"><\/div>            \n                    <\/div>\n\t\t\n        <div class=\"banner-layers container\">\n            <div class=\"fill banner-link\"><\/div>            \n   <div id=\"text-box-2071173032\" class=\"text-box banner-layer x50 md-x50 lg-x50 y50 md-y50 lg-y50 res-text\">\n                                <div class=\"text-box-content text dark\">\n              \n              <div class=\"text-inner text-center\">\n                  \n              <\/div>\n           <\/div>\n                            \n<style>\n#text-box-2071173032 {\n  width: 60%;\n}\n#text-box-2071173032 .text-box-content {\n  font-size: 100%;\n}\n@media (min-width:550px) {\n  #text-box-2071173032 {\n    width: 60%;\n  }\n}\n<\/style>\n    <\/div>\n \n        <\/div>\n      <\/div>\n\n            \n<style>\n#banner-1412429073 {\n  padding-top: 500px;\n}\n#banner-1412429073 .bg.bg-loaded {\n  background-image: url(https:\/\/luxpowertek.com\/wp-content\/uploads\/2024\/04\/six.webp);\n}\n#banner-1412429073 .overlay {\n  background-color: rgba(0, 0, 0, 0.401);\n}\n<\/style>\n  <\/div>\n\n\n\t<section class=\"section\" id=\"section_1722489426\">\n\t\t<div class=\"bg section-bg fill bg-fill  bg-loaded\" >\n\n\t\t\t\n\t\t\t\n\t\t\t\n\n\t\t<\/div>\n\n\t\t\n\n\t\t<div class=\"section-content relative\">\n\t\t\t\n<div class=\"row\"  id=\"row-1766674194\">\n\n\t<div id=\"col-1095860156\" class=\"col small-12 large-12\"  >\n\t\t\t\t<div class=\"col-inner\"  >\n\t\t\t\n\t\t\t\n<p class=\"lead\" style=\"text-align: center;\"><span style=\"font-size: 105%;\"><strong>AC\/DC csatol\u00e1s\u00fa inverter GYIK<\/strong><\/span><\/p>\n\t\t<\/div>\n\t\t\t\t\t<\/div>\n\n\t\n<\/div>\n<div class=\"row\"  id=\"row-290461365\">\n\n\t<div id=\"col-662078366\" class=\"col small-12 large-12\"  >\n\t\t\t\t<div class=\"col-inner\"  >\n\t\t\t\n\t\t\t\n<div class=\"accordion\">\n\t<div id=\"accordion-1568804099\" class=\"accordion-item\">\n\t\t<a id=\"accordion-1568804099-label\" class=\"accordion-title plain\" href=\"#accordion-item-what-does-ac-coupling-mean\uff1f\" aria-expanded=\"false\" aria-controls=\"accordion-1568804099-content\" >\n\t\t\t<button class=\"toggle\" aria-label=\"V\u00e1lt\u00e1s\"><i class=\"icon-angle-down\"><\/i><\/button>\n\t\t\t<span>Mit jelent az AC COUPLING?<\/span>\n\t\t<\/a>\n\t\t<div id=\"accordion-1568804099-content\" class=\"accordion-inner\" aria-labelledby=\"accordion-1568804099-label\" >\n\t\t\t\n<p class=\"lead\"><span style=\"font-size: 80%;\">A: Az AC csatol\u00e1s, vagy AC csatol\u00e1s els\u0151sorban azt jelenti, hogy egy t\u00e1rol\u00f3rendszert v\u00e1ltakoz\u00f3 \u00e1rammal t\u00f6ltenek. \u00c1ltal\u00e1ban a megl\u00e9v\u0151 fotovoltaikus rendszerek melletti ut\u00f3lagos telep\u00edt\u00e9sekn\u00e9l alkalmazz\u00e1k, \u00e9s lehet\u0151v\u00e9 teszi a terhel\u00e9skompenz\u00e1ci\u00f3t \u00e9s az akkumul\u00e1tor t\u00f6lt\u00e9s\u00e9t, amikor rendelkez\u00e9sre \u00e1ll h\u00e1l\u00f3zati \u00e1ram. H\u00e1l\u00f3zatkimarad\u00e1sok eset\u00e9n a t\u00e1rol\u00f3rendszer fesz\u00fclts\u00e9greferenci\u00e1t biztos\u00edt a fotovoltaikus rendszer sz\u00e1m\u00e1ra, hogy h\u00e1l\u00f3zati t\u00e1mogat\u00e1s n\u00e9lk\u00fcl is folytathassa az energiatermel\u00e9st.<\/span><\/p>\n\t\t<\/div>\n\t<\/div>\n\t\n\t<div id=\"accordion-3032477994\" class=\"accordion-item\">\n\t\t<a id=\"accordion-3032477994-label\" class=\"accordion-title plain\" href=\"#accordion-item-is-ac-couple-in-on-grid-mode-and-off-grid-mode-available-with-12kw-inverter-?\" aria-expanded=\"false\" aria-controls=\"accordion-3032477994-content\" >\n\t\t\t<button class=\"toggle\" aria-label=\"V\u00e1lt\u00e1s\"><i class=\"icon-angle-down\"><\/i><\/button>\n\t\t\t<span>El\u00e9rhet\u0151-e h\u00e1l\u00f3zati \u00e9s h\u00e1l\u00f3zaton k\u00edv\u00fcli \u00fczemm\u00f3dban is a v\u00e1ltakoz\u00f3 \u00e1ram\u00fa p\u00e1ros\u00edt\u00e1s 12 kW-os inverterrel?<\/span>\n\t\t<\/a>\n\t\t<div id=\"accordion-3032477994-content\" class=\"accordion-inner\" aria-labelledby=\"accordion-3032477994-label\" >\n\t\t\t\n<p class=\"lead\"><span style=\"font-size: 80%;\">A: egy 12 kW-os inverterrel mind a h\u00e1l\u00f3zatra kapcsolt, mind a h\u00e1l\u00f3zaton k\u00edv\u00fcli \u00fczemm\u00f3d is el\u00e9rhet\u0151. A megl\u00e9v\u0151 PV invertert a Gen porthoz kell csatlakoztatni az AC csatol\u00e1si funkci\u00f3 enged\u00e9lyez\u00e9s\u00e9hez.<\/span><\/p>\n\t\t<\/div>\n\t<\/div>\n\t\n\t<div id=\"accordion-1612510270\" class=\"accordion-item\">\n\t\t<a id=\"accordion-1612510270-label\" class=\"accordion-title plain\" href=\"#accordion-item-can-acs3600-achieve-zero-export?\" aria-expanded=\"false\" aria-controls=\"accordion-1612510270-content\" >\n\t\t\t<button class=\"toggle\" aria-label=\"V\u00e1lt\u00e1s\"><i class=\"icon-angle-down\"><\/i><\/button>\n\t\t\t<span>Az ACS3600 k\u00e9pes nulla exportot el\u00e9rni?<\/span>\n\t\t<\/a>\n\t\t<div id=\"accordion-1612510270-content\" class=\"accordion-inner\" aria-labelledby=\"accordion-1612510270-label\" >\n\t\t\t\n<p>A: Az ACS3600 bizonyos korl\u00e1toz\u00e1sok miatt nem tud val\u00f3di nulla exportot el\u00e9rni:<\/p>\n<ul>\n<li>Ha a PV inverter nem rendelkezik nulla export funkci\u00f3val, akkor a nulla export be\u00e1ll\u00edt\u00e1sa nem fog m\u0171k\u00f6dni, ami t\u00falzott energia-visszacsatol\u00e1st eredm\u00e9nyez a h\u00e1l\u00f3zatba.<\/li>\n<li>Ha a PV inverternek nulla exportk\u00e9pess\u00e9ge van, akkor a terhel\u00e9s alapj\u00e1n termel energi\u00e1t. Amikor az inverterb\u0151l \u00e9rkez\u0151 \u00e1ramot egy \u00e1ramv\u00e1lt\u00f3 (CT) \u00e9rz\u00e9keli, a PV energiatermel\u00e9se le\u00e1ll, megakad\u00e1lyozva az akkumul\u00e1tor t\u00f6lt\u00e9s\u00e9t ez id\u0151 alatt.<\/li>\n<\/ul>\n\t\t<\/div>\n\t<\/div>\n\t\n<\/div>\n<div class=\"accordion\">\n\t<div id=\"accordion-1579922913\" class=\"accordion-item\">\n\t\t<a id=\"accordion-1579922913-label\" class=\"accordion-title plain\" href=\"#accordion-item-what-does-the-acs-3600-provide?\" aria-expanded=\"false\" aria-controls=\"accordion-1579922913-content\" >\n\t\t\t<button class=\"toggle\" aria-label=\"V\u00e1lt\u00e1s\"><i class=\"icon-angle-down\"><\/i><\/button>\n\t\t\t<span>Mit ny\u00fajt az ACS 3600?<\/span>\n\t\t<\/a>\n\t\t<div id=\"accordion-1579922913-content\" class=\"accordion-inner\" aria-labelledby=\"accordion-1579922913-label\" >\n\t\t\t\n<p class=\"lead\"><span style=\"font-size: 80%;\">V: Az ACS 3600, a v\u00e1lt\u00f3\u00e1ram\u00fa k\u00e9sz\u00fcl\u00e9k\u00fcnk, k\u00e9tir\u00e1ny\u00fa energia\u00e1talak\u00edt\u00e1st, energiat\u00e1rol\u00f3 akkumul\u00e1tort \u00e9s akkumul\u00e1torkezel\u0151 egys\u00e9get integr\u00e1l. Hat\u00e9konyan t\u00e1rolja a napelemes, h\u00e1l\u00f3zati vagy gener\u00e1toros forr\u00e1sokb\u00f3l sz\u00e1rmaz\u00f3 energi\u00e1t a h\u00e1ztart\u00e1si terhel\u00e9sek sz\u00fcks\u00e9g szerinti \u00e1ramell\u00e1t\u00e1s\u00e1hoz. Ez a rendszer optimaliz\u00e1lja a napenergia-felhaszn\u00e1l\u00e1st, cs\u00f6kkenti az \u00e1ramk\u00f6lts\u00e9geket, \u00e9s megb\u00edzhat\u00f3 otthoni \u00e1ramell\u00e1t\u00e1st biztos\u00edt. H\u00e1l\u00f3zatkimarad\u00e1sok eset\u00e9n a gener\u00e1tor z\u00f6kken\u0151mentesen szolg\u00e1l tartal\u00e9k \u00e1ramforr\u00e1sk\u00e9nt.<\/span><\/p>\n\t\t<\/div>\n\t<\/div>\n\t\n\t<div id=\"accordion-3289598048\" class=\"accordion-item\">\n\t\t<a id=\"accordion-3289598048-label\" class=\"accordion-title plain\" href=\"#accordion-item-what-is-the-difference-between-ac-and-dc-coupled?\" aria-expanded=\"false\" aria-controls=\"accordion-3289598048-content\" >\n\t\t\t<button class=\"toggle\" aria-label=\"V\u00e1lt\u00e1s\"><i class=\"icon-angle-down\"><\/i><\/button>\n\t\t\t<span>Mi a k\u00fcl\u00f6nbs\u00e9g az AC \u00e9s az DC csatol\u00e1s\u00fa k\u00f6z\u00f6tt?<\/span>\n\t\t<\/a>\n\t\t<div id=\"accordion-3289598048-content\" class=\"accordion-inner\" aria-labelledby=\"accordion-3289598048-label\" >\n\t\t\t\n<p class=\"lead\"><span style=\"font-size: 80%;\">V: Egy v\u00e1lt\u00f3\u00e1ram\u00fa rendszerben a napelemek egyen\u00e1ramot termelnek, amelyet egy inverter v\u00e1lt\u00f3\u00e1ramm\u00e1 alak\u00edt \u00e1t a k\u00e9sz\u00fcl\u00e9kek m\u0171k\u00f6dtet\u00e9s\u00e9hez. Az akkumul\u00e1torba ir\u00e1ny\u00edtott elektromos \u00e1ramot egy inverter egyen\u00e1ramm\u00e1 alak\u00edtja, miel\u0151tt visszaalak\u00edtan\u00e1 v\u00e1lt\u00f3\u00e1ramm\u00e1 a k\u00e9sz\u00fcl\u00e9kek haszn\u00e1lat\u00e1hoz vagy a h\u00e1l\u00f3zati t\u00e1pl\u00e1l\u00e1shoz.<\/span><\/p>\n<p class=\"lead\"><span style=\"font-size: 80%;\">Egyen\u00e1ram\u00fa rendszerben a napelemekb\u0151l sz\u00e1rmaz\u00f3 egyen\u00e1ram k\u00f6zvetlen\u00fcl t\u00f6lti a napelemes akkumul\u00e1torokat, k\u00f6zbens\u0151 v\u00e1ltakoz\u00f3 \u00e1ram\u00fa \u00e1talak\u00edt\u00e1s n\u00e9lk\u00fcl. A k\u00e9sz\u00fcl\u00e9kekhez vagy a h\u00e1l\u00f3zati t\u00e1pl\u00e1l\u00e1shoz sz\u00fcks\u00e9ges villamos energi\u00e1t egy inverter alak\u00edtja \u00e1t v\u00e1ltakoz\u00f3 \u00e1ramm\u00e1, ak\u00e1rcsak az akkumul\u00e1torb\u00f3l kis\u00fclt villamos energi\u00e1t.<\/span><\/p>\n\t\t<\/div>\n\t<\/div>\n\t\n\t<div id=\"accordion-50250493\" class=\"accordion-item\">\n\t\t<a id=\"accordion-50250493-label\" class=\"accordion-title plain\" href=\"#accordion-item-what-is-the-scenario-for-a-dc-coupled-inverter?\" aria-expanded=\"false\" aria-controls=\"accordion-50250493-content\" >\n\t\t\t<button class=\"toggle\" aria-label=\"V\u00e1lt\u00e1s\"><i class=\"icon-angle-down\"><\/i><\/button>\n\t\t\t<span>Mi a helyzet egy DC-csatolt inverterrel?<\/span>\n\t\t<\/a>\n\t\t<div id=\"accordion-50250493-content\" class=\"accordion-inner\" aria-labelledby=\"accordion-50250493-label\" >\n\t\t\t\n<p>V: Egyen\u00e1ram\u00fa inverterk\u00e9nt a k\u00e9sz\u00fcl\u00e9k\u00fcnk a megl\u00e9v\u0151 h\u00e1l\u00f3zatra kapcsolt inverterekhez csatlakozik. Maxim\u00e1lis 200 kW fotovoltaikus bemeneti \u00e9s 100 kW fotovoltaikus kimeneti kapacit\u00e1s\u00e1val, valamint a 100-700 V-os nagyfesz\u00fclts\u00e9g\u0171 akkumul\u00e1torokkal val\u00f3 kompatibilit\u00e1s\u00e1val alkalmas nagym\u00e9ret\u0171 kereskedelmi \u00e9s ipari alkalmaz\u00e1sokhoz.<\/p>\n\t\t<\/div>\n\t<\/div>\n\t\n<\/div>\n\t\t<\/div>\n\t\t\t\t\t<\/div>\n\n\t\n\n\t<div id=\"col-741221774\" class=\"col small-12 large-12\"  >\n\t\t\t\t<div class=\"col-inner\"  >\n\t\t\t\n\t\t\t\n\t\t<\/div>\n\t\t\t\t\t<\/div>\n\n\t\n<\/div>\n\t\t<\/div>\n\n\t\t\n<style>\n#section_1722489426 {\n  padding-top: 30px;\n  padding-bottom: 30px;\n}\n<\/style>\n\t<\/section>","protected":false},"excerpt":{"rendered":"","protected":false},"author":3,"featured_media":0,"parent":0,"menu_order":0,"comment_status":"closed","ping_status":"closed","template":"page-transparent-header-light.php","meta":{"rop_custom_images_group":[],"rop_custom_messages_group":[],"rop_publish_now":"initial","rop_publish_now_accounts":[],"rop_publish_now_history":[],"rop_publish_now_status":"pending","footnotes":""},"class_list":["post-8648","page","type-page","status-publish","hentry"],"yoast_head":"<!-- This site is optimized with the Yoast SEO plugin v27.3 - https:\/\/yoast.com\/product\/yoast-seo-wordpress\/ -->\n<title>AC\/DC inverter FAQs -<\/title>\n<meta name=\"robots\" content=\"index, follow, max-snippet:-1, max-image-preview:large, max-video-preview:-1\" \/>\n<link rel=\"canonical\" href=\"https:\/\/luxpowertek.com\/hu\/napelemes-inverter-ac-dc-inverter-gyakori-kerdesek\/\" \/>\n<meta property=\"og:locale\" content=\"hu_HU\" \/>\n<meta property=\"og:type\" content=\"article\" \/>\n<meta property=\"og:title\" content=\"AC\/DC inverter FAQs -\" \/>\n<meta property=\"og:url\" content=\"https:\/\/luxpowertek.com\/hu\/napelemes-inverter-ac-dc-inverter-gyakori-kerdesek\/\" \/>\n<meta property=\"article:modified_time\" content=\"2024-08-01T02:57:41+00:00\" \/>\n<meta name=\"twitter:card\" content=\"summary_large_image\" \/>\n<meta name=\"twitter:label1\" content=\"Est. reading time\" \/>\n\t<meta name=\"twitter:data1\" content=\"2 perc\" \/>\n<script type=\"application\/ld+json\" class=\"yoast-schema-graph\">{\"@context\":\"https:\\\/\\\/schema.org\",\"@graph\":[{\"@type\":\"WebPage\",\"@id\":\"https:\\\/\\\/luxpowertek.com\\\/solarinverter-ac-dc-inverterfaq\\\/\",\"url\":\"https:\\\/\\\/luxpowertek.com\\\/solarinverter-ac-dc-inverterfaq\\\/\",\"name\":\"AC\\\/DC inverter FAQs -\",\"isPartOf\":{\"@id\":\"https:\\\/\\\/luxpowertek.com\\\/#website\"},\"datePublished\":\"2024-04-09T13:34:36+00:00\",\"dateModified\":\"2024-08-01T02:57:41+00:00\",\"breadcrumb\":{\"@id\":\"https:\\\/\\\/luxpowertek.com\\\/solarinverter-ac-dc-inverterfaq\\\/#breadcrumb\"},\"inLanguage\":\"hu\",\"potentialAction\":[{\"@type\":\"ReadAction\",\"target\":[\"https:\\\/\\\/luxpowertek.com\\\/solarinverter-ac-dc-inverterfaq\\\/\"]}]},{\"@type\":\"BreadcrumbList\",\"@id\":\"https:\\\/\\\/luxpowertek.com\\\/solarinverter-ac-dc-inverterfaq\\\/#breadcrumb\",\"itemListElement\":[{\"@type\":\"ListItem\",\"position\":1,\"name\":\"Home\",\"item\":\"https:\\\/\\\/luxpowertek.com\\\/\"},{\"@type\":\"ListItem\",\"position\":2,\"name\":\"AC\\\/DC inverter FAQs\"}]},{\"@type\":\"WebSite\",\"@id\":\"https:\\\/\\\/luxpowertek.com\\\/#website\",\"url\":\"https:\\\/\\\/luxpowertek.com\\\/\",\"name\":\"\",\"description\":\"\",\"potentialAction\":[{\"@type\":\"SearchAction\",\"target\":{\"@type\":\"EntryPoint\",\"urlTemplate\":\"https:\\\/\\\/luxpowertek.com\\\/?s={search_term_string}\"},\"query-input\":{\"@type\":\"PropertyValueSpecification\",\"valueRequired\":true,\"valueName\":\"search_term_string\"}}],\"inLanguage\":\"hu\"}]}<\/script>\n<!-- \/ Yoast SEO plugin. -->","yoast_head_json":{"title":"AC\/DC inverter GYIK -","robots":{"index":"index","follow":"follow","max-snippet":"max-snippet:-1","max-image-preview":"max-image-preview:large","max-video-preview":"max-video-preview:-1"},"canonical":"https:\/\/luxpowertek.com\/hu\/napelemes-inverter-ac-dc-inverter-gyakori-kerdesek\/","og_locale":"hu_HU","og_type":"article","og_title":"AC\/DC inverter FAQs -","og_url":"https:\/\/luxpowertek.com\/hu\/napelemes-inverter-ac-dc-inverter-gyakori-kerdesek\/","article_modified_time":"2024-08-01T02:57:41+00:00","twitter_card":"summary_large_image","twitter_misc":{"Est. reading time":"2 perc"},"schema":{"@context":"https:\/\/schema.org","@graph":[{"@type":"WebPage","@id":"https:\/\/luxpowertek.com\/solarinverter-ac-dc-inverterfaq\/","url":"https:\/\/luxpowertek.com\/solarinverter-ac-dc-inverterfaq\/","name":"AC\/DC inverter GYIK -","isPartOf":{"@id":"https:\/\/luxpowertek.com\/#website"},"datePublished":"2024-04-09T13:34:36+00:00","dateModified":"2024-08-01T02:57:41+00:00","breadcrumb":{"@id":"https:\/\/luxpowertek.com\/solarinverter-ac-dc-inverterfaq\/#breadcrumb"},"inLanguage":"hu","potentialAction":[{"@type":"ReadAction","target":["https:\/\/luxpowertek.com\/solarinverter-ac-dc-inverterfaq\/"]}]},{"@type":"BreadcrumbList","@id":"https:\/\/luxpowertek.com\/solarinverter-ac-dc-inverterfaq\/#breadcrumb","itemListElement":[{"@type":"ListItem","position":1,"name":"Home","item":"https:\/\/luxpowertek.com\/"},{"@type":"ListItem","position":2,"name":"AC\/DC inverter FAQs"}]},{"@type":"WebSite","@id":"https:\/\/luxpowertek.com\/#website","url":"https:\/\/luxpowertek.com\/","name":"","description":"","potentialAction":[{"@type":"SearchAction","target":{"@type":"EntryPoint","urlTemplate":"https:\/\/luxpowertek.com\/?s={search_term_string}"},"query-input":{"@type":"PropertyValueSpecification","valueRequired":true,"valueName":"search_term_string"}}],"inLanguage":"hu"}]}},"_links":{"self":[{"href":"https:\/\/luxpowertek.com\/hu\/wp-json\/wp\/v2\/pages\/8648","targetHints":{"allow":["GET"]}}],"collection":[{"href":"https:\/\/luxpowertek.com\/hu\/wp-json\/wp\/v2\/pages"}],"about":[{"href":"https:\/\/luxpowertek.com\/hu\/wp-json\/wp\/v2\/types\/page"}],"author":[{"embeddable":true,"href":"https:\/\/luxpowertek.com\/hu\/wp-json\/wp\/v2\/users\/3"}],"replies":[{"embeddable":true,"href":"https:\/\/luxpowertek.com\/hu\/wp-json\/wp\/v2\/comments?post=8648"}],"version-history":[{"count":6,"href":"https:\/\/luxpowertek.com\/hu\/wp-json\/wp\/v2\/pages\/8648\/revisions"}],"predecessor-version":[{"id":10917,"href":"https:\/\/luxpowertek.com\/hu\/wp-json\/wp\/v2\/pages\/8648\/revisions\/10917"}],"wp:attachment":[{"href":"https:\/\/luxpowertek.com\/hu\/wp-json\/wp\/v2\/media?parent=8648"}],"curies":[{"name":"munkaf\u00fczet","href":"https:\/\/api.w.org\/{rel}","templated":true}]}}