{"id":8646,"date":"2024-04-09T21:26:37","date_gmt":"2024-04-09T13:26:37","guid":{"rendered":"https:\/\/luxpowertek.com\/?page_id=8646"},"modified":"2024-07-04T10:34:11","modified_gmt":"2024-07-04T02:34:11","slug":"offgrid-inverter-gyik","status":"publish","type":"page","link":"https:\/\/luxpowertek.com\/hu\/offgrid-inverter-gyik\/","title":{"rendered":"H\u00e1l\u00f3zaton k\u00edv\u00fcli inverter GYIK"},"content":{"rendered":"<div class=\"banner has-hover\" id=\"banner-1728455967\">\n          <div class=\"banner-inner fill\">\n        <div class=\"banner-bg fill\" >\n            <div class=\"bg fill bg-fill\"><\/div>\n                        <div class=\"overlay\"><\/div>            \n                    <\/div>\n\t\t\n        <div class=\"banner-layers container\">\n            <div class=\"fill banner-link\"><\/div>            \n   <div id=\"text-box-83383933\" class=\"text-box banner-layer x50 md-x50 lg-x50 y50 md-y50 lg-y50 res-text\">\n                                <div class=\"text-box-content text dark\">\n              \n              <div class=\"text-inner text-center\">\n                  \n              <\/div>\n           <\/div>\n                            \n<style>\n#text-box-83383933 {\n  width: 60%;\n}\n#text-box-83383933 .text-box-content {\n  font-size: 100%;\n}\n@media (min-width:550px) {\n  #text-box-83383933 {\n    width: 60%;\n  }\n}\n<\/style>\n    <\/div>\n \n        <\/div>\n      <\/div>\n\n            \n<style>\n#banner-1728455967 {\n  padding-top: 500px;\n}\n#banner-1728455967 .bg.bg-loaded {\n  background-image: url(https:\/\/luxpowertek.com\/wp-content\/uploads\/2024\/04\/six.webp);\n}\n#banner-1728455967 .overlay {\n  background-color: rgba(0, 0, 0, 0.401);\n}\n<\/style>\n  <\/div>\n\n\n\t<section class=\"section\" id=\"section_1703138521\">\n\t\t<div class=\"bg section-bg fill bg-fill  bg-loaded\" >\n\n\t\t\t\n\t\t\t\n\t\t\t\n\n\t\t<\/div>\n\n\t\t\n\n\t\t<div class=\"section-content relative\">\n\t\t\t\n<div class=\"row\"  id=\"row-724923449\">\n\n\t<div id=\"col-1707558467\" class=\"col small-12 large-12\"  >\n\t\t\t\t<div class=\"col-inner\"  >\n\t\t\t\n\t\t\t\n<p class=\"lead\" style=\"text-align: center;\"><strong><span style=\"font-size: 100%;\">H\u00e1l\u00f3zaton k\u00edv\u00fcli inverter GYIK<\/span><\/strong><\/p>\n\t\t<\/div>\n\t\t\t\t\t<\/div>\n\n\t\n<\/div>\n<div class=\"row\"  id=\"row-1702823967\">\n\n\t<div id=\"col-534771528\" class=\"col small-12 large-12\"  >\n\t\t\t\t<div class=\"col-inner\"  >\n\t\t\t\n\t\t\t\n<div class=\"accordion\">\n\t<div id=\"accordion-1831444343\" class=\"accordion-item\">\n\t\t<a id=\"accordion-1831444343-label\" class=\"accordion-title plain\" href=\"#accordion-item-why-does-my-sna-inverter-consistently-discharge-with-low-power-even-when-there-is-no-load-connected?\" aria-expanded=\"false\" aria-controls=\"accordion-1831444343-content\" >\n\t\t\t<button class=\"toggle\" aria-label=\"V\u00e1lt\u00e1s\"><i class=\"icon-angle-down\"><\/i><\/button>\n\t\t\t<span>Mi\u00e9rt mer\u00fcl le az SNA inverterem k\u00f6vetkezetesen alacsony teljes\u00edtm\u00e9nnyel, m\u00e9g akkor is, ha nincs csatlakoztatva terhel\u00e9s?<\/span>\n\t\t<\/a>\n\t\t<div id=\"accordion-1831444343-content\" class=\"accordion-inner\" aria-labelledby=\"accordion-1831444343-label\" >\n\t\t\t\n<p class=\"lead\"><span style=\"font-size: 80%;\">A: Ha az EPS (tartal\u00e9k t\u00e1pell\u00e1t\u00e1s) funkci\u00f3 aktiv\u00e1lva van, az SNA inverter 60 wattn\u00e1l kisebb terhel\u00e9st mutathat, m\u00e9g akkor is, ha nincs terhel\u00e9s csatlakoztatva az EPS kimeneti porthoz.<\/span><\/p>\n\t\t<\/div>\n\t<\/div>\n\t\n\t<div id=\"accordion-396884233\" class=\"accordion-item\">\n\t\t<a id=\"accordion-396884233-label\" class=\"accordion-title plain\" href=\"#accordion-item-what-does-warning-code-00-on-the-sna5000-inverter-indicate?\" aria-expanded=\"false\" aria-controls=\"accordion-396884233-content\" >\n\t\t\t<button class=\"toggle\" aria-label=\"V\u00e1lt\u00e1s\"><i class=\"icon-angle-down\"><\/i><\/button>\n\t\t\t<span>Mit jelez a 00 figyelmeztet\u0151 k\u00f3d az SNA5000 inverteren?<\/span>\n\t\t<\/a>\n\t\t<div id=\"accordion-396884233-content\" class=\"accordion-inner\" aria-labelledby=\"accordion-396884233-label\" >\n\t\t\t\n<p class=\"lead\"><span style=\"font-size: 80%;\">A: A 00-\u00e1s figyelmeztet\u0151 k\u00f3d \u201eAkkumul\u00e1torkommunik\u00e1ci\u00f3s hib\u00e1t\u201d jelent, ami az akkumul\u00e1tor \u00e9s az inverter k\u00f6z\u00f6tti kommunik\u00e1ci\u00f3s hib\u00e1t jelzi. Ezenk\u00edv\u00fcl a 00-\u00e1s hibak\u00f3d a vez\u00e9rl\u0151 CPU-k k\u00f6z\u00f6tti kommunik\u00e1ci\u00f3s probl\u00e9m\u00e1ra is utalhat, ami firmware-friss\u00edt\u00e9st vagy rendszer \u00fajraind\u00edt\u00e1s\u00e1t teheti sz\u00fcks\u00e9gess\u00e9. A 00-\u00e1s \u00e1llapotk\u00f3d \u201eK\u00e9szenl\u00e9ti\u201d \u00fczemm\u00f3dot jelez, ami azt jelzi, hogy az inverter k\u00e9szenl\u00e9ti \u00e1llapotban marad, mivel a munkam\u00f3dok k\u00f6z\u00f6tti v\u00e1lt\u00e1shoz sz\u00fcks\u00e9ges felt\u00e9telek nem teljes\u00fclnek.<\/span><\/p>\n\t\t<\/div>\n\t<\/div>\n\t\n\t<div id=\"accordion-933965593\" class=\"accordion-item\">\n\t\t<a id=\"accordion-933965593-label\" class=\"accordion-title plain\" href=\"#accordion-item-i-installed-two-100ah-batteries,-but-the-monitoring-platform-shows-only-100ah.-why-is-that?\" aria-expanded=\"false\" aria-controls=\"accordion-933965593-content\" >\n\t\t\t<button class=\"toggle\" aria-label=\"V\u00e1lt\u00e1s\"><i class=\"icon-angle-down\"><\/i><\/button>\n\t\t\t<span>Beszereltem k\u00e9t 100 Ah-s akkumul\u00e1tort, de a monitoroz\u00f3 platform csak 100 Ah-t mutat. Mi\u00e9rt van ez?<\/span>\n\t\t<\/a>\n\t\t<div id=\"accordion-933965593-content\" class=\"accordion-inner\" aria-labelledby=\"accordion-933965593-label\" >\n\t\t\t\n<p class=\"lead\"><span style=\"font-size: 80%;\">A: Az SNA inverterekben a ventil\u00e1tor meghat\u00e1rozott teljes\u00edtm\u00e9nyk\u00fcsz\u00f6b\u00f6k alapj\u00e1n m\u0171k\u00f6dik. Amikor a t\u00f6lt\u00e9si vagy kis\u00fct\u00e9si teljes\u00edtm\u00e9ny meghaladja a 300 wattot, a bal \u00e9s a k\u00f6z\u00e9ps\u0151 ventil\u00e1torok aktiv\u00e1l\u00f3dnak. Ezenk\u00edv\u00fcl a jobb oldali ventil\u00e1tor is bekapcsol, ha a fotovoltaikus teljes\u00edtm\u00e9ny meghaladja a 300 wattot, vagy a h\u00e1l\u00f3zati importteljes\u00edtm\u00e9ny meghaladja az 5000 VA-t.<\/span><\/p>\n\t\t<\/div>\n\t<\/div>\n\t\n<\/div>\n<div class=\"accordion\">\n\t<div id=\"accordion-1029741122\" class=\"accordion-item\">\n\t\t<a id=\"accordion-1029741122-label\" class=\"accordion-title plain\" href=\"#accordion-item-what-is-the-recommended-depth-of-discharge-for-the-battery,-and-how-can-it-be-adjusted?\" aria-expanded=\"false\" aria-controls=\"accordion-1029741122-content\" >\n\t\t\t<button class=\"toggle\" aria-label=\"V\u00e1lt\u00e1s\"><i class=\"icon-angle-down\"><\/i><\/button>\n\t\t\t<span>Mi az akkumul\u00e1tor aj\u00e1nlott kis\u00fct\u00e9si m\u00e9lys\u00e9ge, \u00e9s hogyan lehet ezt be\u00e1ll\u00edtani?<\/span>\n\t\t<\/a>\n\t\t<div id=\"accordion-1029741122-content\" class=\"accordion-inner\" aria-labelledby=\"accordion-1029741122-label\" >\n\t\t\t\n<p class=\"lead\"><span style=\"font-size: 80%;\">V: Az aj\u00e1nlott kis\u00fct\u00e9si m\u00e9lys\u00e9g (DOD) a rendszer kialak\u00edt\u00e1s\u00e1t\u00f3l f\u00fcgg, bele\u00e9rtve az olyan t\u00e9nyez\u0151ket is, mint az akkumul\u00e1tor kapacit\u00e1sa \u00e9s a terhel\u00e9sfelv\u00e9tel. Stabil h\u00e1l\u00f3zati bemenettel rendelkez\u0151, 80% DOD-t c\u00e9lz\u00f3 rendszerek eset\u00e9n \u00e1ll\u00edtsa a \u201eH\u00e1l\u00f3n bel\u00fcli lev\u00e1laszt\u00e1si SOC vagy H\u00e1l\u00f3zaton bel\u00fcli EOD\u201d \u00e9rt\u00e9ket 20% \u00e9rt\u00e9kre. Instabil vagy h\u00e1l\u00f3zati bemenet n\u00e9lk\u00fcli rendszerek eset\u00e9n \u00e1ll\u00edtsa a \u201eH\u00e1l\u00f3n k\u00edv\u00fcli lev\u00e1laszt\u00e1si SOC vagy kis\u00fct\u00e9si lev\u00e1laszt\u00e1si SOC\u201d \u00e9rt\u00e9ket 20% \u00e9rt\u00e9kre, \u00fcgyelve arra, hogy az alacsonyabb legyen, mint a \u201eH\u00e1l\u00f3n bel\u00fcli lev\u00e1laszt\u00e1si SOC\u201d be\u00e1ll\u00edt\u00e1s.<\/span><\/p>\n\t\t<\/div>\n\t<\/div>\n\t\n\t<div id=\"accordion-3281415556\" class=\"accordion-item\">\n\t\t<a id=\"accordion-3281415556-label\" class=\"accordion-title plain\" href=\"#accordion-item-why-does-the-inverter-display-voltage-even-when-the-battery-breaker-is-off?\" aria-expanded=\"false\" aria-controls=\"accordion-3281415556-content\" >\n\t\t\t<button class=\"toggle\" aria-label=\"V\u00e1lt\u00e1s\"><i class=\"icon-angle-down\"><\/i><\/button>\n\t\t\t<span>Mi\u00e9rt jelzi ki az inverter a fesz\u00fclts\u00e9get, m\u00e9g akkor is, ha az akkumul\u00e1tor-megszak\u00edt\u00f3 ki van kapcsolva?<\/span>\n\t\t<\/a>\n\t\t<div id=\"accordion-3281415556-content\" class=\"accordion-inner\" aria-labelledby=\"accordion-3281415556-label\" >\n\t\t\t\n<p class=\"lead\"><span style=\"font-size: 80%;\">V: Ha az akkumul\u00e1tor l\u00edtium \u00fczemm\u00f3dban m\u0171k\u00f6dik kommunik\u00e1ci\u00f3val, a fesz\u00fclts\u00e9gadatok az akkumul\u00e1tor BM-jeib\u0151l sz\u00e1rmaznak. Ha azonban a fesz\u00fclts\u00e9g\u00e9rt\u00e9kek az akkumul\u00e1tor-megszak\u00edt\u00f3 kikapcsol\u00e1sa ut\u00e1n is megmaradnak, az arra utalhat, hogy az akkumul\u00e1tor nemr\u00e9g akt\u00edv volt, vagy az inverter t\u00f6lt\u00e9s \u00fczemm\u00f3dban m\u0171k\u00f6d\u00f6tt.<\/span><\/p>\n\t\t<\/div>\n\t<\/div>\n\t\n\t<div id=\"accordion-267518727\" class=\"accordion-item\">\n\t\t<a id=\"accordion-267518727-label\" class=\"accordion-title plain\" href=\"#accordion-item-what-fault-conditions-prompt-the-inverter-to-shut-off-its-output?\" aria-expanded=\"false\" aria-controls=\"accordion-267518727-content\" >\n\t\t\t<button class=\"toggle\" aria-label=\"V\u00e1lt\u00e1s\"><i class=\"icon-angle-down\"><\/i><\/button>\n\t\t\t<span>Milyen hiba\u00e1llapotok k\u00e9sztetik az invertert a kimenet le\u00e1ll\u00edt\u00e1s\u00e1ra?<\/span>\n\t\t<\/a>\n\t\t<div id=\"accordion-267518727-content\" class=\"accordion-inner\" aria-labelledby=\"accordion-267518727-label\" >\n\t\t\t\n<p class=\"lead\"><span style=\"font-size: 80%;\">V: K\u00fcl\u00f6nb\u00f6z\u0151 k\u00f6r\u00fclm\u00e9nyek, p\u00e9ld\u00e1ul t\u00falterhel\u00e9s, r\u00f6vidz\u00e1rlat, napelemes t\u00falfesz\u00fclts\u00e9g, t\u00falmeleged\u00e9s vagy ventil\u00e1torhiba okozhatnak hib\u00e1t az inverterben, ami a kimenet le\u00e1ll\u00edt\u00e1s\u00e1t okozhatja. A DSP \u00e1ltal \u00e9szlelt b\u00e1rmilyen rendellenes k\u00f6r\u00fclm\u00e9ny le\u00e1ll\u00e1shoz vezet.<\/span><\/p>\n\t\t<\/div>\n\t<\/div>\n\t\n<\/div>\n\t\t<\/div>\n\t\t\t\t\t<\/div>\n\n\t\n\n\t<div id=\"col-1550721890\" class=\"col small-12 large-12\"  >\n\t\t\t\t<div class=\"col-inner\"  >\n\t\t\t\n\t\t\t\n<div class=\"accordion\">\n\t<div id=\"accordion-2340623123\" class=\"accordion-item\">\n\t\t<a id=\"accordion-2340623123-label\" class=\"accordion-title plain\" href=\"#accordion-item-i-installed-two-100ah-batteries,-but-the-monitoring-platform-shows-only-100ah.-why-is-that?\" aria-expanded=\"false\" aria-controls=\"accordion-2340623123-content\" >\n\t\t\t<button class=\"toggle\" aria-label=\"V\u00e1lt\u00e1s\"><i class=\"icon-angle-down\"><\/i><\/button>\n\t\t\t<span>Beszereltem k\u00e9t 100 Ah-s akkumul\u00e1tort, de a monitoroz\u00f3 platform csak 100 Ah-t mutat. Mi\u00e9rt van ez?<\/span>\n\t\t<\/a>\n\t\t<div id=\"accordion-2340623123-content\" class=\"accordion-inner\" aria-labelledby=\"accordion-2340623123-label\" >\n\t\t\t\n<p>V: A monitoroz\u00f3 platformon megjelen\u00edtett \u00e1ram az akkumul\u00e1tor akkumul\u00e1tormoduljai \u00e1ltal szolg\u00e1ltatott adatokat t\u00fckr\u00f6zi. Ha a modulok pontosan 200 Ah \u00f6ssz\u00e1ramot jeleznek, akkor a monitoroz\u00f3 rendszer 200 Ah-t fog megjelen\u00edteni. A pontos inform\u00e1ci\u00f3k\u00e9rt forduljon az akkumul\u00e1tor sz\u00e1ll\u00edt\u00f3j\u00e1hoz.<\/p>\n\t\t<\/div>\n\t<\/div>\n\t\n\t<div id=\"accordion-3556235174\" class=\"accordion-item\">\n\t\t<a id=\"accordion-3556235174-label\" class=\"accordion-title plain\" href=\"#accordion-item-why-does-the-battery-state-of-charge-(soc)-experience-sudden-dramatic-increases?\" aria-expanded=\"false\" aria-controls=\"accordion-3556235174-content\" >\n\t\t\t<button class=\"toggle\" aria-label=\"V\u00e1lt\u00e1s\"><i class=\"icon-angle-down\"><\/i><\/button>\n\t\t\t<span>Mi\u00e9rt n\u00f6vekszik hirtelen \u00e9s dr\u00e1maian az akkumul\u00e1tor t\u00f6lt\u00f6tts\u00e9gi szintje (SOC)?<\/span>\n\t\t<\/a>\n\t\t<div id=\"accordion-3556235174-content\" class=\"accordion-inner\" aria-labelledby=\"accordion-3556235174-label\" >\n\t\t\t\n<p class=\"lead\"><span style=\"font-size: 80%;\">V: A fesz\u00fclts\u00e9gv\u00e1ltoz\u00e1s hirtelen v\u00e1ltoz\u00e1sai az akkumul\u00e1tor fesz\u00fclts\u00e9gv\u00e1ltoz\u00e1s\u00e1nak kalibr\u00e1ci\u00f3s probl\u00e9m\u00e1ib\u00f3l ad\u00f3dhatnak. Ellen\u0151rizze a MaxCellVoltage \u00e9s a MinCellVoltage \u00e9rt\u00e9keket kiegyens\u00falyozatlan akkumul\u00e1torcella-fesz\u00fclts\u00e9gek szempontj\u00e1b\u00f3l.<\/span><\/p>\n\t\t<\/div>\n\t<\/div>\n\t\n\t<div id=\"accordion-383885130\" class=\"accordion-item\">\n\t\t<a id=\"accordion-383885130-label\" class=\"accordion-title plain\" href=\"#accordion-item-why-does-the-grid-continue-charging-despite-ac-charge-being-disabled?\" aria-expanded=\"false\" aria-controls=\"accordion-383885130-content\" >\n\t\t\t<button class=\"toggle\" aria-label=\"V\u00e1lt\u00e1s\"><i class=\"icon-angle-down\"><\/i><\/button>\n\t\t\t<span>Mi\u00e9rt t\u00f6lt\u0151dik tov\u00e1bb a h\u00e1l\u00f3zat, annak ellen\u00e9re, hogy a v\u00e1ltakoz\u00f3 \u00e1ram\u00fa t\u00f6lt\u00e9s le van tiltva?<\/span>\n\t\t<\/a>\n\t\t<div id=\"accordion-383885130-content\" class=\"accordion-inner\" aria-labelledby=\"accordion-383885130-label\" >\n\t\t\t\n<p class=\"lead\"><span style=\"font-size: 80%;\">A: Ellen\u0151rizze az akkumul\u00e1tor \u00e1llapot\u00e1t a kezd\u0151lapon. Ha olyan k\u00f3dokat jelen\u00edt meg, mint a 0x10, 0x11, 0x12, 0x13, 0x20, 0x21, 0x22 vagy 0x23, az azt jelzi, hogy az akkumul\u00e1tor k\u00e9nyszer\u00edtett t\u00f6lt\u00e9st k\u00e9rt.<\/span><\/p>\n\t\t<\/div>\n\t<\/div>\n\t\n<\/div>\n<div class=\"accordion\">\n\t<div id=\"accordion-2024451367\" class=\"accordion-item\">\n\t\t<a id=\"accordion-2024451367-label\" class=\"accordion-title plain\" href=\"#accordion-item-the-battery-is-fully-charged,-yet-the-inverter-detects-a-battery-open-condition-(bat-volt-open).-why?\" aria-expanded=\"false\" aria-controls=\"accordion-2024451367-content\" >\n\t\t\t<button class=\"toggle\" aria-label=\"V\u00e1lt\u00e1s\"><i class=\"icon-angle-down\"><\/i><\/button>\n\t\t\t<span>Az akkumul\u00e1tor teljesen fel van t\u00f6ltve, m\u00e9gis az inverter akkumul\u00e1torszakad\u00e1st \u00e9szlel (Bat Volt Open). Mi\u00e9rt?<\/span>\n\t\t<\/a>\n\t\t<div id=\"accordion-2024451367-content\" class=\"accordion-inner\" aria-labelledby=\"accordion-2024451367-label\" >\n\t\t\t\n<p>V: Ez egy pillanatnyi \u00e1ramkimarad\u00e1s \u00e9s -helyre\u00e1ll\u00e1s miatt fordulhat el\u0151. A helyre\u00e1ll\u00edt\u00e1s ut\u00e1n manu\u00e1lisan ind\u00edtsa \u00fajra az invertert a hiba elh\u00e1r\u00edt\u00e1s\u00e1hoz, vagy ellen\u0151rizze, hogy az inverter t\u00f6lt\u00e9si teljes\u00edtm\u00e9nye meghaladja-e a 300 W-ot.<\/p>\n\t\t<\/div>\n\t<\/div>\n\t\n\t<div id=\"accordion-4054083367\" class=\"accordion-item\">\n\t\t<a id=\"accordion-4054083367-label\" class=\"accordion-title plain\" href=\"#accordion-item-why-does-my-battery-show-full-charge-while-the-voltage-remains-unusually-low?\" aria-expanded=\"false\" aria-controls=\"accordion-4054083367-content\" >\n\t\t\t<button class=\"toggle\" aria-label=\"V\u00e1lt\u00e1s\"><i class=\"icon-angle-down\"><\/i><\/button>\n\t\t\t<span>Mi\u00e9rt mutatja az akkumul\u00e1torom a teljes t\u00f6lt\u00f6tts\u00e9get, mik\u00f6zben a fesz\u00fclts\u00e9g szokatlanul alacsony marad?<\/span>\n\t\t<\/a>\n\t\t<div id=\"accordion-4054083367-content\" class=\"accordion-inner\" aria-labelledby=\"accordion-4054083367-label\" >\n\t\t\t\n<p class=\"lead\"><span style=\"font-size: 80%;\">V: Ha az akkumul\u00e1tor l\u00edtium \u00fczemm\u00f3dban m\u0171k\u00f6dik, a fesz\u00fclts\u00e9gadatok az akkumul\u00e1tor BMS-\u00e9b\u0151l sz\u00e1rmaznak, \u00e9s nem kapcsol\u00f3dnak az inverterhez. \u00d3lomsavas \u00fczemm\u00f3dban a SOC leolvas\u00e1si pontoss\u00e1ga v\u00e1ltozhat, ami alternat\u00edv megk\u00f6zel\u00edt\u00e9sk\u00e9nt a fesz\u00fclts\u00e9gszab\u00e1lyoz\u00e1st javasolja.<\/span><\/p>\n\t\t<\/div>\n\t<\/div>\n\t\n<\/div>\n\t\t<\/div>\n\t\t\t\t\t<\/div>\n\n\t\n<\/div>\n\t\t<\/div>\n\n\t\t\n<style>\n#section_1703138521 {\n  padding-top: 30px;\n  padding-bottom: 30px;\n}\n<\/style>\n\t<\/section>","protected":false},"excerpt":{"rendered":"","protected":false},"author":3,"featured_media":0,"parent":0,"menu_order":0,"comment_status":"closed","ping_status":"closed","template":"page-transparent-header-light.php","meta":{"rop_custom_images_group":[],"rop_custom_messages_group":[],"rop_publish_now":"initial","rop_publish_now_accounts":[],"rop_publish_now_history":[],"rop_publish_now_status":"pending","footnotes":""},"class_list":["post-8646","page","type-page","status-publish","hentry"],"yoast_head":"<!-- This site is optimized with the Yoast SEO plugin v27.3 - https:\/\/yoast.com\/product\/yoast-seo-wordpress\/ -->\n<title>Off-grid Inverter FAQs -<\/title>\n<meta name=\"robots\" content=\"index, follow, max-snippet:-1, max-image-preview:large, max-video-preview:-1\" \/>\n<link rel=\"canonical\" href=\"https:\/\/luxpowertek.com\/hu\/offgrid-inverter-gyik\/\" \/>\n<meta property=\"og:locale\" content=\"hu_HU\" \/>\n<meta property=\"og:type\" content=\"article\" \/>\n<meta property=\"og:title\" content=\"Off-grid Inverter FAQs -\" \/>\n<meta property=\"og:url\" content=\"https:\/\/luxpowertek.com\/hu\/offgrid-inverter-gyik\/\" \/>\n<meta property=\"article:modified_time\" content=\"2024-07-04T02:34:11+00:00\" \/>\n<meta name=\"twitter:card\" content=\"summary_large_image\" \/>\n<meta name=\"twitter:label1\" content=\"Est. reading time\" \/>\n\t<meta name=\"twitter:data1\" content=\"3 perc\" \/>\n<script type=\"application\/ld+json\" class=\"yoast-schema-graph\">{\"@context\":\"https:\\\/\\\/schema.org\",\"@graph\":[{\"@type\":\"WebPage\",\"@id\":\"https:\\\/\\\/luxpowertek.com\\\/offgridinverterfaq\\\/\",\"url\":\"https:\\\/\\\/luxpowertek.com\\\/offgridinverterfaq\\\/\",\"name\":\"Off-grid Inverter FAQs -\",\"isPartOf\":{\"@id\":\"https:\\\/\\\/luxpowertek.com\\\/#website\"},\"datePublished\":\"2024-04-09T13:26:37+00:00\",\"dateModified\":\"2024-07-04T02:34:11+00:00\",\"breadcrumb\":{\"@id\":\"https:\\\/\\\/luxpowertek.com\\\/offgridinverterfaq\\\/#breadcrumb\"},\"inLanguage\":\"hu\",\"potentialAction\":[{\"@type\":\"ReadAction\",\"target\":[\"https:\\\/\\\/luxpowertek.com\\\/offgridinverterfaq\\\/\"]}]},{\"@type\":\"BreadcrumbList\",\"@id\":\"https:\\\/\\\/luxpowertek.com\\\/offgridinverterfaq\\\/#breadcrumb\",\"itemListElement\":[{\"@type\":\"ListItem\",\"position\":1,\"name\":\"Home\",\"item\":\"https:\\\/\\\/luxpowertek.com\\\/\"},{\"@type\":\"ListItem\",\"position\":2,\"name\":\"Off-grid Inverter FAQs\"}]},{\"@type\":\"WebSite\",\"@id\":\"https:\\\/\\\/luxpowertek.com\\\/#website\",\"url\":\"https:\\\/\\\/luxpowertek.com\\\/\",\"name\":\"\",\"description\":\"\",\"potentialAction\":[{\"@type\":\"SearchAction\",\"target\":{\"@type\":\"EntryPoint\",\"urlTemplate\":\"https:\\\/\\\/luxpowertek.com\\\/?s={search_term_string}\"},\"query-input\":{\"@type\":\"PropertyValueSpecification\",\"valueRequired\":true,\"valueName\":\"search_term_string\"}}],\"inLanguage\":\"hu\"}]}<\/script>\n<!-- \/ Yoast SEO plugin. -->","yoast_head_json":{"title":"H\u00e1l\u00f3zaton k\u00edv\u00fcli inverter GYIK -","robots":{"index":"index","follow":"follow","max-snippet":"max-snippet:-1","max-image-preview":"max-image-preview:large","max-video-preview":"max-video-preview:-1"},"canonical":"https:\/\/luxpowertek.com\/hu\/offgrid-inverter-gyik\/","og_locale":"hu_HU","og_type":"article","og_title":"Off-grid Inverter FAQs -","og_url":"https:\/\/luxpowertek.com\/hu\/offgrid-inverter-gyik\/","article_modified_time":"2024-07-04T02:34:11+00:00","twitter_card":"summary_large_image","twitter_misc":{"Est. reading time":"3 perc"},"schema":{"@context":"https:\/\/schema.org","@graph":[{"@type":"WebPage","@id":"https:\/\/luxpowertek.com\/offgridinverterfaq\/","url":"https:\/\/luxpowertek.com\/offgridinverterfaq\/","name":"H\u00e1l\u00f3zaton k\u00edv\u00fcli inverter GYIK -","isPartOf":{"@id":"https:\/\/luxpowertek.com\/#website"},"datePublished":"2024-04-09T13:26:37+00:00","dateModified":"2024-07-04T02:34:11+00:00","breadcrumb":{"@id":"https:\/\/luxpowertek.com\/offgridinverterfaq\/#breadcrumb"},"inLanguage":"hu","potentialAction":[{"@type":"ReadAction","target":["https:\/\/luxpowertek.com\/offgridinverterfaq\/"]}]},{"@type":"BreadcrumbList","@id":"https:\/\/luxpowertek.com\/offgridinverterfaq\/#breadcrumb","itemListElement":[{"@type":"ListItem","position":1,"name":"Home","item":"https:\/\/luxpowertek.com\/"},{"@type":"ListItem","position":2,"name":"Off-grid Inverter FAQs"}]},{"@type":"WebSite","@id":"https:\/\/luxpowertek.com\/#website","url":"https:\/\/luxpowertek.com\/","name":"","description":"","potentialAction":[{"@type":"SearchAction","target":{"@type":"EntryPoint","urlTemplate":"https:\/\/luxpowertek.com\/?s={search_term_string}"},"query-input":{"@type":"PropertyValueSpecification","valueRequired":true,"valueName":"search_term_string"}}],"inLanguage":"hu"}]}},"_links":{"self":[{"href":"https:\/\/luxpowertek.com\/hu\/wp-json\/wp\/v2\/pages\/8646","targetHints":{"allow":["GET"]}}],"collection":[{"href":"https:\/\/luxpowertek.com\/hu\/wp-json\/wp\/v2\/pages"}],"about":[{"href":"https:\/\/luxpowertek.com\/hu\/wp-json\/wp\/v2\/types\/page"}],"author":[{"embeddable":true,"href":"https:\/\/luxpowertek.com\/hu\/wp-json\/wp\/v2\/users\/3"}],"replies":[{"embeddable":true,"href":"https:\/\/luxpowertek.com\/hu\/wp-json\/wp\/v2\/comments?post=8646"}],"version-history":[{"count":8,"href":"https:\/\/luxpowertek.com\/hu\/wp-json\/wp\/v2\/pages\/8646\/revisions"}],"predecessor-version":[{"id":8661,"href":"https:\/\/luxpowertek.com\/hu\/wp-json\/wp\/v2\/pages\/8646\/revisions\/8661"}],"wp:attachment":[{"href":"https:\/\/luxpowertek.com\/hu\/wp-json\/wp\/v2\/media?parent=8646"}],"curies":[{"name":"munkaf\u00fczet","href":"https:\/\/api.w.org\/{rel}","templated":true}]}}