{"id":8510,"date":"2024-04-08T14:52:45","date_gmt":"2024-04-08T06:52:45","guid":{"rendered":"https:\/\/luxpowertek.com\/?page_id=8510"},"modified":"2024-08-07T15:06:41","modified_gmt":"2024-08-07T07:06:41","slug":"napelemes-hibrid-inverter-gyik","status":"publish","type":"page","link":"https:\/\/luxpowertek.com\/hu\/napelemes-hibrid-inverter-gyik\/","title":{"rendered":"Napelemes hibrid inverter GYIK"},"content":{"rendered":"<div class=\"banner has-hover\" id=\"banner-871553071\">\n          <div class=\"banner-inner fill\">\n        <div class=\"banner-bg fill\" >\n            <div class=\"bg fill bg-fill\"><\/div>\n                        <div class=\"overlay\"><\/div>            \n                    <\/div>\n\t\t\n        <div class=\"banner-layers container\">\n            <div class=\"fill banner-link\"><\/div>            \n   <div id=\"text-box-83784805\" class=\"text-box banner-layer x50 md-x50 lg-x50 y50 md-y50 lg-y50 res-text\">\n                                <div class=\"text-box-content text dark\">\n              \n              <div class=\"text-inner text-center\">\n                  \n              <\/div>\n           <\/div>\n                            \n<style>\n#text-box-83784805 {\n  width: 60%;\n}\n#text-box-83784805 .text-box-content {\n  font-size: 100%;\n}\n@media (min-width:550px) {\n  #text-box-83784805 {\n    width: 60%;\n  }\n}\n<\/style>\n    <\/div>\n \n        <\/div>\n      <\/div>\n\n            \n<style>\n#banner-871553071 {\n  padding-top: 500px;\n}\n#banner-871553071 .bg.bg-loaded {\n  background-image: url(https:\/\/luxpowertek.com\/wp-content\/uploads\/2024\/04\/six.webp);\n}\n#banner-871553071 .overlay {\n  background-color: rgba(0, 0, 0, 0.401);\n}\n<\/style>\n  <\/div>\n\n\n\t<section class=\"section\" id=\"section_2045090401\">\n\t\t<div class=\"bg section-bg fill bg-fill  bg-loaded\" >\n\n\t\t\t\n\t\t\t\n\t\t\t\n\n\t\t<\/div>\n\n\t\t\n\n\t\t<div class=\"section-content relative\">\n\t\t\t\n<div class=\"row\"  id=\"row-1000811232\">\n\n\t<div id=\"col-487381922\" class=\"col small-12 large-12\"  >\n\t\t\t\t<div class=\"col-inner\"  >\n\t\t\t\n\t\t\t\n<p class=\"lead\" style=\"text-align: center;\"><strong><span style=\"font-size: 130%;\">Napelemes hibrid inverter GYIK<\/span><\/strong><\/p>\n\t\t<\/div>\n\t\t\t\t\t<\/div>\n\n\t\n<\/div>\n<div class=\"row\"  id=\"row-1609088375\">\n\n\t<div id=\"col-636290990\" class=\"col small-12 large-12\"  >\n\t\t\t\t<div class=\"col-inner\"  >\n\t\t\t\n\t\t\t\n<div class=\"accordion\">\n\t<div id=\"accordion-3752842850\" class=\"accordion-item\">\n\t\t<a id=\"accordion-3752842850-label\" class=\"accordion-title plain\" href=\"#accordion-item-does-lxp-us-12k-support-generator-remote-start-function-?\" aria-expanded=\"false\" aria-controls=\"accordion-3752842850-content\" >\n\t\t\t<button class=\"toggle\" aria-label=\"V\u00e1lt\u00e1s\"><i class=\"icon-angle-down\"><\/i><\/button>\n\t\t\t<span>Az LXP-US 12K t\u00e1mogatja a gener\u00e1tor t\u00e1voli ind\u00edt\u00e1si funkci\u00f3j\u00e1t?<\/span>\n\t\t<\/a>\n\t\t<div id=\"accordion-3752842850-content\" class=\"accordion-inner\" aria-labelledby=\"accordion-3752842850-label\" >\n\t\t\t\n<p class=\"lead\"><span style=\"font-size: 80%;\">V: Igen, a Luxpower 12kW-os sorozat a gener\u00e1tor automatikus ind\u00edt\u00e1si funkci\u00f3j\u00e1t is t\u00e1mogatja. A funkci\u00f3 enged\u00e9lyez\u00e9s\u00e9hez gy\u0151z\u0151dj\u00f6n meg arr\u00f3l, hogy a gener\u00e1tor t\u00e1mogatja az automatikus ind\u00edt\u00e1si funkci\u00f3t. Egyszer\u0171en csatlakoztasson egy 2 vezet\u00e9kes k\u00e1belt k\u00f6zvetlen\u00fcl a sz\u00e1raz \u00e9rintkez\u0151 porthoz.<\/span><\/p>\n\t\t<\/div>\n\t<\/div>\n\t\n\t<div id=\"accordion-4007094352\" class=\"accordion-item\">\n\t\t<a id=\"accordion-4007094352-label\" class=\"accordion-title plain\" href=\"#accordion-item-what-does-grid-peak-shaving-mean?\" aria-expanded=\"false\" aria-controls=\"accordion-4007094352-content\" >\n\t\t\t<button class=\"toggle\" aria-label=\"V\u00e1lt\u00e1s\"><i class=\"icon-angle-down\"><\/i><\/button>\n\t\t\t<span>Mit jelent a Grid Peak borotv\u00e1lkoz\u00e1s?<\/span>\n\t\t<\/a>\n\t\t<div id=\"accordion-4007094352-content\" class=\"accordion-inner\" aria-labelledby=\"accordion-4007094352-label\" >\n\t\t\t\n<p class=\"lead\"><span style=\"font-size: 80%;\">A: A cs\u00facsterhel\u00e9s azt jelenti, hogy a cs\u00facsterhel\u00e9si id\u0151szakban, amikor a bevitt teljes\u00edtm\u00e9ny kisebb, mint a korl\u00e1toz\u00e1si \u00e9rt\u00e9k, az akkumul\u00e1tor t\u00f6lt\u0151dik. Amikor a h\u00e1l\u00f3zatb\u00f3l bevitt teljes\u00edtm\u00e9ny magasabb, mint a korl\u00e1toz\u00e1si \u00e9rt\u00e9k, az akkumul\u00e1tor lemer\u00fcl, hogy kompenz\u00e1lja a t\u00f6bbletteljes\u00edtm\u00e9nyt.<\/span><\/p>\n\t\t<\/div>\n\t<\/div>\n\t\n\t<div id=\"accordion-121696041\" class=\"accordion-item\">\n\t\t<a id=\"accordion-121696041-label\" class=\"accordion-title plain\" href=\"#accordion-item-why-is-the-inverter-connected-to-the-ac-grid,-but-there&#039;s-no-eps-output-from-the-inverter?\" aria-expanded=\"false\" aria-controls=\"accordion-121696041-content\" >\n\t\t\t<button class=\"toggle\" aria-label=\"V\u00e1lt\u00e1s\"><i class=\"icon-angle-down\"><\/i><\/button>\n\t\t\t<span>Mi\u00e9rt van az inverter csatlakoztatva a v\u00e1ltakoz\u00f3 \u00e1ram\u00fa h\u00e1l\u00f3zathoz, de az inverter nem ad ki EPS-t?<\/span>\n\t\t<\/a>\n\t\t<div id=\"accordion-121696041-content\" class=\"accordion-inner\" aria-labelledby=\"accordion-121696041-label\" >\n\t\t\t\n<p class=\"lead\"><span style=\"font-size: 80%;\">V: K\u00e9rj\u00fck, gy\u0151z\u0151dj\u00f6n meg arr\u00f3l, hogy a h\u00e1l\u00f3zatr\u00f3l \u00e9rkez\u0151 bemeneti fesz\u00fclts\u00e9g stabil, \u00e9s 180-270 V tartom\u00e1nyba esik. A h\u00e1l\u00f3zati bemenet ingadoz\u00e1sa gyakori v\u00e1lt\u00e1st eredm\u00e9nyezhet a h\u00e1l\u00f3zatra kapcsolt \u00e9s a h\u00e1l\u00f3zaton k\u00edv\u00fcli \u00fczemm\u00f3dok k\u00f6z\u00f6tt, ami potenci\u00e1lisan bypass rel\u00e9 meghib\u00e1sod\u00e1s\u00e1hoz vezethet. Rendk\u00edv\u00fcl fontos az instabil h\u00e1l\u00f3zati bemenet okainak kivizsg\u00e1l\u00e1sa. Sz\u00fcks\u00e9g eset\u00e9n fontolja meg az I\/O k\u00e1rtya alkatr\u00e9szeinek cser\u00e9j\u00e9t a probl\u00e9ma hat\u00e9kony megold\u00e1sa \u00e9rdek\u00e9ben.<\/span><\/p>\n\t\t<\/div>\n\t<\/div>\n\t\n\t<div id=\"accordion-2691818361\" class=\"accordion-item\">\n\t\t<a id=\"accordion-2691818361-label\" class=\"accordion-title plain\" href=\"#accordion-item-what&#039;s-the-function-of-dustproof-insulating-foam-for-mainboard\uff1f\" aria-expanded=\"false\" aria-controls=\"accordion-2691818361-content\" >\n\t\t\t<button class=\"toggle\" aria-label=\"V\u00e1lt\u00e1s\"><i class=\"icon-angle-down\"><\/i><\/button>\n\t\t\t<span>Mi a funkci\u00f3ja a por\u00e1ll\u00f3 szigetel\u0151habnak az alaplaphoz?<\/span>\n\t\t<\/a>\n\t\t<div id=\"accordion-2691818361-content\" class=\"accordion-inner\" aria-labelledby=\"accordion-2691818361-label\" >\n\t\t\t\n<p class=\"lead\"><span style=\"font-size: 80%;\">V: Ez az alkatr\u00e9sz a por felhalmoz\u00f3d\u00e1s\u00e1nak megakad\u00e1lyoz\u00e1s\u00e1t \u00e9s az alaplap szigetel\u00e9s\u00e9t szolg\u00e1lja. Kulcsfontoss\u00e1g\u00fa szerepet j\u00e1tszik az alaplap por, szennyez\u0151d\u00e9s \u00e9s egy\u00e9b szennyez\u0151d\u00e9sek k\u00e1ros hat\u00e1sai elleni v\u00e9delm\u00e9ben. Ezenk\u00edv\u00fcl szigetel\u00e9st \u00e9s \u00fct\u00e9scsillap\u00edt\u00e1st biztos\u00edt az alaplap optim\u00e1lis m\u0171k\u00f6d\u00e9s\u00e9nek \u00e9s hossz\u00fa \u00e9lettartam\u00e1nak biztos\u00edt\u00e1sa \u00e9rdek\u00e9ben.<\/span><\/p>\n\t\t<\/div>\n\t<\/div>\n\t\n<\/div>\n<div class=\"accordion\">\n\t<div id=\"accordion-1264050033\" class=\"accordion-item\">\n\t\t<a id=\"accordion-1264050033-label\" class=\"accordion-title plain\" href=\"#accordion-item-why-does-the-loss-of-sync-trigger-signal-happen-in-a-parallel-system?\" aria-expanded=\"false\" aria-controls=\"accordion-1264050033-content\" >\n\t\t\t<button class=\"toggle\" aria-label=\"V\u00e1lt\u00e1s\"><i class=\"icon-angle-down\"><\/i><\/button>\n\t\t\t<span>Mi\u00e9rt vesz\u00edti el a szinkron triggerjel\u00e9t egy p\u00e1rhuzamos rendszerben?<\/span>\n\t\t<\/a>\n\t\t<div id=\"accordion-1264050033-content\" class=\"accordion-inner\" aria-labelledby=\"accordion-1264050033-label\" >\n\t\t\t\n<p class=\"lead\"><span style=\"font-size: 80%;\">V: Miel\u0151tt folytatn\u00e1, k\u00e9rj\u00fck, vizsg\u00e1lja meg a p\u00e1rhuzamos CAN k\u00e1belt \u00e9s az interf\u00e9szk\u00e1rty\u00e1t. Sz\u00fcks\u00e9g eset\u00e9n fontolja meg az egys\u00e9g interf\u00e9szk\u00e1rty\u00e1j\u00e1nak cser\u00e9j\u00e9t \u00e9s alapos ellen\u0151rz\u00e9s\u00e9t. Ha tov\u00e1bbi technikai seg\u00edts\u00e9gre van sz\u00fcks\u00e9ge, k\u00e9rj\u00fck, forduljon bizalommal m\u0171szaki t\u00e1mogat\u00e1si csapatunkhoz.<\/span><\/p>\n\t\t<\/div>\n\t<\/div>\n\t\n\t<div id=\"accordion-3228730671\" class=\"accordion-item\">\n\t\t<a id=\"accordion-3228730671-label\" class=\"accordion-title plain\" href=\"#accordion-item-can-i-use-the-installer-account-to-block-an-end-user-from-changing-settings?\" aria-expanded=\"false\" aria-controls=\"accordion-3228730671-content\" >\n\t\t\t<button class=\"toggle\" aria-label=\"V\u00e1lt\u00e1s\"><i class=\"icon-angle-down\"><\/i><\/button>\n\t\t\t<span>Haszn\u00e1lhatom a telep\u00edt\u0151i fi\u00f3kot arra, hogy megakad\u00e1lyozzam egy v\u00e9gfelhaszn\u00e1l\u00f3t a be\u00e1ll\u00edt\u00e1sok m\u00f3dos\u00edt\u00e1s\u00e1ban?<\/span>\n\t\t<\/a>\n\t\t<div id=\"accordion-3228730671-content\" class=\"accordion-inner\" aria-labelledby=\"accordion-3228730671-label\" >\n\t\t\t\n<p class=\"lead\"><span style=\"font-size: 80%;\">V: Igen, a hozz\u00e1f\u00e9r\u00e9st csak olvashat\u00f3ra \u00e1ll\u00edtotta. \u00dagy t\u0171nik azonban, hogy ez a be\u00e1ll\u00edt\u00e1s nem \u00e9rv\u00e9nyes, amikor az inverter oldal\u00e1t az LCD-k\u00e9perny\u0151n kereszt\u00fcl pr\u00f3b\u00e1lja konfigur\u00e1lni.<\/span><\/p>\n\t\t<\/div>\n\t<\/div>\n\t\n<\/div>\n\t\t<\/div>\n\t\t\t\t\t<\/div>\n\n\t\n\n\t<div id=\"col-1501964722\" class=\"col small-12 large-12\"  >\n\t\t\t\t<div class=\"col-inner\"  >\n\t\t\t\n\t\t\t\n<div class=\"accordion\">\n\t<div id=\"accordion-327684745\" class=\"accordion-item\">\n\t\t<a id=\"accordion-327684745-label\" class=\"accordion-title plain\" href=\"#accordion-item-why-is-there-no-display-of-battery-voltage-and-soc-despite-connecting-the-battery-to-the-inverter?\" aria-expanded=\"false\" aria-controls=\"accordion-327684745-content\" >\n\t\t\t<button class=\"toggle\" aria-label=\"V\u00e1lt\u00e1s\"><i class=\"icon-angle-down\"><\/i><\/button>\n\t\t\t<span>Mi\u00e9rt nem jelenik meg az akkumul\u00e1tor fesz\u00fclts\u00e9ge \u00e9s a t\u00f6lt\u00f6tts\u00e9gi szintje, annak ellen\u00e9re, hogy az akkumul\u00e1tort az inverterhez csatlakoztattam?<\/span>\n\t\t<\/a>\n\t\t<div id=\"accordion-327684745-content\" class=\"accordion-inner\" aria-labelledby=\"accordion-327684745-label\" >\n\t\t\t\n<p class=\"lead\"><span style=\"font-size: 80%;\">V: L\u00edtium akkumul\u00e1tor haszn\u00e1lata eset\u00e9n elengedhetetlen annak biztos\u00edt\u00e1sa, hogy ne legyenek kommunik\u00e1ci\u00f3s hib\u00e1k az inverter \u00e9s az akkumul\u00e1tor k\u00f6z\u00f6tt. \u00d3lom-savas akkumul\u00e1tor haszn\u00e1lata eset\u00e9n ellen\u0151rizze az akkumul\u00e1tor be\u00e1ll\u00edt\u00e1sait, \u00e9s sz\u00fcks\u00e9g eset\u00e9n kapcsolja \u00e1t \u00f3lom-savas \u00fczemm\u00f3dra.<\/span><\/p>\n\t\t<\/div>\n\t<\/div>\n\t\n\t<div id=\"accordion-366301002\" class=\"accordion-item\">\n\t\t<a id=\"accordion-366301002-label\" class=\"accordion-title plain\" href=\"#accordion-item-what-should-i-do-to-the-inverter-when-i-leave-home-for-a-long-time\uff1f\" aria-expanded=\"false\" aria-controls=\"accordion-366301002-content\" >\n\t\t\t<button class=\"toggle\" aria-label=\"V\u00e1lt\u00e1s\"><i class=\"icon-angle-down\"><\/i><\/button>\n\t\t\t<span>Mit tegyek az inverterrel, ha hosszabb id\u0151re elmegyek otthonr\u00f3l?<\/span>\n\t\t<\/a>\n\t\t<div id=\"accordion-366301002-content\" class=\"accordion-inner\" aria-labelledby=\"accordion-366301002-label\" >\n\t\t\t\n<p class=\"lead\"><span style=\"font-size: 80%;\">V: Nincs biztons\u00e1gi kock\u00e1zat, amikor elhagyja otthon\u00e1t. A t\u00e1voli fel\u00fcgyeletet \u00e9s be\u00e1ll\u00edt\u00e1sokat az alkalmaz\u00e1son kereszt\u00fcl is elv\u00e9gezheti.<\/span><\/p>\n\t\t<\/div>\n\t<\/div>\n\t\n<\/div>\n<div class=\"accordion\">\n<\/div>\n\t\t<\/div>\n\t\t\t\t\t<\/div>\n\n\t\n<\/div>\n\t\t<\/div>\n\n\t\t\n<style>\n#section_2045090401 {\n  padding-top: 30px;\n  padding-bottom: 30px;\n}\n<\/style>\n\t<\/section>","protected":false},"excerpt":{"rendered":"","protected":false},"author":3,"featured_media":0,"parent":0,"menu_order":0,"comment_status":"closed","ping_status":"closed","template":"page-transparent-header-light.php","meta":{"rop_custom_images_group":[],"rop_custom_messages_group":[],"rop_publish_now":"initial","rop_publish_now_accounts":[],"rop_publish_now_history":[],"rop_publish_now_status":"pending","footnotes":""},"class_list":["post-8510","page","type-page","status-publish","hentry"],"yoast_head":"<!-- This site is optimized with the Yoast SEO plugin v27.3 - https:\/\/yoast.com\/product\/yoast-seo-wordpress\/ -->\n<title>Solar Hybrid Inverter FAQs -<\/title>\n<meta name=\"robots\" content=\"index, follow, max-snippet:-1, max-image-preview:large, max-video-preview:-1\" \/>\n<link rel=\"canonical\" href=\"https:\/\/luxpowertek.com\/hu\/napelemes-hibrid-inverter-gyik\/\" \/>\n<meta property=\"og:locale\" content=\"hu_HU\" \/>\n<meta property=\"og:type\" content=\"article\" \/>\n<meta property=\"og:title\" content=\"Solar Hybrid Inverter FAQs -\" \/>\n<meta property=\"og:url\" content=\"https:\/\/luxpowertek.com\/hu\/napelemes-hibrid-inverter-gyik\/\" \/>\n<meta property=\"article:modified_time\" content=\"2024-08-07T07:06:41+00:00\" \/>\n<meta name=\"twitter:card\" content=\"summary_large_image\" \/>\n<meta name=\"twitter:label1\" content=\"Est. reading time\" \/>\n\t<meta name=\"twitter:data1\" content=\"3 perc\" \/>\n<script type=\"application\/ld+json\" class=\"yoast-schema-graph\">{\"@context\":\"https:\\\/\\\/schema.org\",\"@graph\":[{\"@type\":\"WebPage\",\"@id\":\"https:\\\/\\\/luxpowertek.com\\\/solar-hybrid-inverter-faqs\\\/\",\"url\":\"https:\\\/\\\/luxpowertek.com\\\/solar-hybrid-inverter-faqs\\\/\",\"name\":\"Solar Hybrid Inverter FAQs -\",\"isPartOf\":{\"@id\":\"https:\\\/\\\/luxpowertek.com\\\/#website\"},\"datePublished\":\"2024-04-08T06:52:45+00:00\",\"dateModified\":\"2024-08-07T07:06:41+00:00\",\"breadcrumb\":{\"@id\":\"https:\\\/\\\/luxpowertek.com\\\/solar-hybrid-inverter-faqs\\\/#breadcrumb\"},\"inLanguage\":\"hu\",\"potentialAction\":[{\"@type\":\"ReadAction\",\"target\":[\"https:\\\/\\\/luxpowertek.com\\\/solar-hybrid-inverter-faqs\\\/\"]}]},{\"@type\":\"BreadcrumbList\",\"@id\":\"https:\\\/\\\/luxpowertek.com\\\/solar-hybrid-inverter-faqs\\\/#breadcrumb\",\"itemListElement\":[{\"@type\":\"ListItem\",\"position\":1,\"name\":\"Home\",\"item\":\"https:\\\/\\\/luxpowertek.com\\\/\"},{\"@type\":\"ListItem\",\"position\":2,\"name\":\"Solar Hybrid Inverter FAQs\"}]},{\"@type\":\"WebSite\",\"@id\":\"https:\\\/\\\/luxpowertek.com\\\/#website\",\"url\":\"https:\\\/\\\/luxpowertek.com\\\/\",\"name\":\"\",\"description\":\"\",\"potentialAction\":[{\"@type\":\"SearchAction\",\"target\":{\"@type\":\"EntryPoint\",\"urlTemplate\":\"https:\\\/\\\/luxpowertek.com\\\/?s={search_term_string}\"},\"query-input\":{\"@type\":\"PropertyValueSpecification\",\"valueRequired\":true,\"valueName\":\"search_term_string\"}}],\"inLanguage\":\"hu\"}]}<\/script>\n<!-- \/ Yoast SEO plugin. -->","yoast_head_json":{"title":"Napelemes hibrid inverter GYIK -","robots":{"index":"index","follow":"follow","max-snippet":"max-snippet:-1","max-image-preview":"max-image-preview:large","max-video-preview":"max-video-preview:-1"},"canonical":"https:\/\/luxpowertek.com\/hu\/napelemes-hibrid-inverter-gyik\/","og_locale":"hu_HU","og_type":"article","og_title":"Solar Hybrid Inverter FAQs -","og_url":"https:\/\/luxpowertek.com\/hu\/napelemes-hibrid-inverter-gyik\/","article_modified_time":"2024-08-07T07:06:41+00:00","twitter_card":"summary_large_image","twitter_misc":{"Est. reading time":"3 perc"},"schema":{"@context":"https:\/\/schema.org","@graph":[{"@type":"WebPage","@id":"https:\/\/luxpowertek.com\/solar-hybrid-inverter-faqs\/","url":"https:\/\/luxpowertek.com\/solar-hybrid-inverter-faqs\/","name":"Napelemes hibrid inverter GYIK -","isPartOf":{"@id":"https:\/\/luxpowertek.com\/#website"},"datePublished":"2024-04-08T06:52:45+00:00","dateModified":"2024-08-07T07:06:41+00:00","breadcrumb":{"@id":"https:\/\/luxpowertek.com\/solar-hybrid-inverter-faqs\/#breadcrumb"},"inLanguage":"hu","potentialAction":[{"@type":"ReadAction","target":["https:\/\/luxpowertek.com\/solar-hybrid-inverter-faqs\/"]}]},{"@type":"BreadcrumbList","@id":"https:\/\/luxpowertek.com\/solar-hybrid-inverter-faqs\/#breadcrumb","itemListElement":[{"@type":"ListItem","position":1,"name":"Home","item":"https:\/\/luxpowertek.com\/"},{"@type":"ListItem","position":2,"name":"Solar Hybrid Inverter FAQs"}]},{"@type":"WebSite","@id":"https:\/\/luxpowertek.com\/#website","url":"https:\/\/luxpowertek.com\/","name":"","description":"","potentialAction":[{"@type":"SearchAction","target":{"@type":"EntryPoint","urlTemplate":"https:\/\/luxpowertek.com\/?s={search_term_string}"},"query-input":{"@type":"PropertyValueSpecification","valueRequired":true,"valueName":"search_term_string"}}],"inLanguage":"hu"}]}},"_links":{"self":[{"href":"https:\/\/luxpowertek.com\/hu\/wp-json\/wp\/v2\/pages\/8510","targetHints":{"allow":["GET"]}}],"collection":[{"href":"https:\/\/luxpowertek.com\/hu\/wp-json\/wp\/v2\/pages"}],"about":[{"href":"https:\/\/luxpowertek.com\/hu\/wp-json\/wp\/v2\/types\/page"}],"author":[{"embeddable":true,"href":"https:\/\/luxpowertek.com\/hu\/wp-json\/wp\/v2\/users\/3"}],"replies":[{"embeddable":true,"href":"https:\/\/luxpowertek.com\/hu\/wp-json\/wp\/v2\/comments?post=8510"}],"version-history":[{"count":12,"href":"https:\/\/luxpowertek.com\/hu\/wp-json\/wp\/v2\/pages\/8510\/revisions"}],"predecessor-version":[{"id":11626,"href":"https:\/\/luxpowertek.com\/hu\/wp-json\/wp\/v2\/pages\/8510\/revisions\/11626"}],"wp:attachment":[{"href":"https:\/\/luxpowertek.com\/hu\/wp-json\/wp\/v2\/media?parent=8510"}],"curies":[{"name":"munkaf\u00fczet","href":"https:\/\/api.w.org\/{rel}","templated":true}]}}