{"id":2416,"date":"2021-12-24T13:32:08","date_gmt":"2021-12-24T05:32:08","guid":{"rendered":"https:\/\/nibianqi.bbswaimao.com\/?page_id=2416"},"modified":"2023-03-24T14:16:33","modified_gmt":"2023-03-24T06:16:33","slug":"kiegeszitok","status":"publish","type":"page","link":"https:\/\/luxpowertek.com\/hu\/kiegeszitok\/","title":{"rendered":"Kieg\u00e9sz\u00edt\u0151k"},"content":{"rendered":"<div class=\"banner has-hover\" id=\"banner-1809717581\">\n          <div class=\"banner-inner fill\">\n        <div class=\"banner-bg fill\" >\n            <div class=\"bg fill bg-fill\"><\/div>\n                        <div class=\"overlay\"><\/div>            \n                    <\/div>\n\t\t\n        <div class=\"banner-layers container\">\n            <div class=\"fill banner-link\"><\/div>            \n   <div id=\"text-box-982032059\" class=\"text-box banner-layer x50 md-x50 lg-x50 y50 md-y50 lg-y50 res-text\">\n                                <div class=\"text-box-content text dark\">\n              \n              <div class=\"text-inner text-center\">\n                  \n<h1><span style=\"font-size: 75%;\">Kieg\u00e9sz\u00edt\u0151k<\/span><\/h1>\n              <\/div>\n           <\/div>\n                            \n<style>\n#text-box-982032059 {\n  width: 60%;\n}\n#text-box-982032059 .text-box-content {\n  font-size: 100%;\n}\n<\/style>\n    <\/div>\n \n        <\/div>\n      <\/div>\n\n            \n<style>\n#banner-1809717581 {\n  padding-top: 78%;\n}\n#banner-1809717581 .bg.bg-loaded {\n  background-image: url(https:\/\/luxpowertek.com\/wp-content\/uploads\/2021\/12\/accessories.jpg);\n}\n#banner-1809717581 .overlay {\n  background-color: rgba(0, 0, 0, 0.2);\n}\n#banner-1809717581 .bg {\n  background-position: 0% 85%;\n}\n@media (min-width:550px) {\n  #banner-1809717581 {\n    padding-top: 38%;\n  }\n}\n<\/style>\n  <\/div>\n\n\n\t<section class=\"section custom_title_buttom\" id=\"section_420500805\">\n\t\t<div class=\"bg section-bg fill bg-fill  bg-loaded\" >\n\n\t\t\t\n\t\t\t\n\t\t\t\n\n\t\t<\/div>\n\n\t\t\n\n\t\t<div class=\"section-content relative\">\n\t\t\t\n<div class=\"row\"  id=\"row-190692486\">\n\n\t<div id=\"col-26788201\" class=\"col small-12 large-12\"  >\n\t\t\t\t<div class=\"col-inner text-center\"  >\n\t\t\t\n\t\t\t\n<h2>Term\u00e9k<\/h2>\n\t\t<\/div>\n\t\t\t\t\t<\/div>\n\n\t\n<\/div>\n\t\t<\/div>\n\n\t\t\n<style>\n#section_420500805 {\n  padding-top: 9px;\n  padding-bottom: 9px;\n}\n@media (min-width:550px) {\n  #section_420500805 {\n    padding-top: 30px;\n    padding-bottom: 30px;\n  }\n}\n<\/style>\n\t<\/section>\n\t\n\t<section class=\"section custom_productspage_section\" id=\"section_437204164\">\n\t\t<div class=\"bg section-bg fill bg-fill  bg-loaded\" >\n\n\t\t\t\n\t\t\t\n\t\t\t\n\n\t\t<\/div>\n\n\t\t\n\n\t\t<div class=\"section-content relative\">\n\t\t\t\n<div class=\"row align-middle\"  id=\"row-75201130\">\n\n\t<div id=\"col-450972435\" class=\"col medium-6 small-12 large-6\"  >\n\t\t\t\t<div class=\"col-inner text-center\"  >\n\t\t\t\n\t\t\t\n\t<div class=\"img has-hover x md-x lg-x y md-y lg-y\" id=\"image_2140632373\">\n\t\t\t\t\t\t\t\t<div class=\"img-inner dark\" >\n\t\t\t<img loading=\"lazy\" decoding=\"async\" width=\"618\" height=\"931\" src=\"https:\/\/luxpowertek.com\/wp-content\/uploads\/2021\/12\/Luxpower-inverter-Wifi-1-min.png\" class=\"attachment-original size-original\" alt=\"\" srcset=\"https:\/\/luxpowertek.com\/wp-content\/uploads\/2021\/12\/Luxpower-inverter-Wifi-1-min.png 618w, https:\/\/luxpowertek.com\/wp-content\/uploads\/2021\/12\/Luxpower-inverter-Wifi-1-min-199x300.png 199w\" sizes=\"auto, (max-width: 618px) 100vw, 618px\" \/>\t\t\t\t\t\t\n\t\t\t\t\t<\/div>\n\t\t\t\t\t\t\t\t\n<style>\n#image_2140632373 {\n  width: 38%;\n}\n<\/style>\n\t<\/div>\n\t\n\t\t<\/div>\n\t\t\t\t\t<\/div>\n\n\t\n\n\t<div id=\"col-1673193273\" class=\"col medium-6 small-12 large-6\"  >\n\t\t\t\t<div class=\"col-inner text-center\"  >\n\t\t\t\n\t\t\t\n<h3><span style=\"font-size: 120%;\">Wifi modul<\/span><\/h3>\n<a href=\"https:\/\/luxpowertek.com\/hu\/luxpower-inverteres-wifi-modul\/\" class=\"button secondary\"  style=\"border-radius:10px;\">\n    <span>Tov\u00e1bbiak megtekint\u00e9se<\/span>\n  <\/a>\n\n\t\t<\/div>\n\t\t\t\t\t<\/div>\n\n\t\n<\/div>\n\t\t<\/div>\n\n\t\t\n<style>\n#section_437204164 {\n  padding-top: 0px;\n  padding-bottom: 0px;\n}\n@media (min-width:550px) {\n  #section_437204164 {\n    padding-top: 55px;\n    padding-bottom: 55px;\n  }\n}\n<\/style>\n\t<\/section>\n\t\n\t<section class=\"section custom_productspage_section\" id=\"section_1305164374\">\n\t\t<div class=\"bg section-bg fill bg-fill  bg-loaded\" >\n\n\t\t\t\n\t\t\t\n\t\t\t\n\t<div class=\"is-border\"\n\t\tstyle=\"border-width:1 0px 0px 0px;\">\n\t<\/div>\n\n\t\t<\/div>\n\n\t\t\n\n\t\t<div class=\"section-content relative\">\n\t\t\t\n<div class=\"row align-middle\"  id=\"row-1567633356\">\n\n\t<div id=\"col-294062839\" class=\"col hide-for-small medium-2 small-12 large-2\"  >\n\t\t\t\t<div class=\"col-inner\"  >\n\t\t\t\n\t\t\t\n\t\t<\/div>\n\t\t\t\t\t<\/div>\n\n\t\n\n\t<div id=\"col-1480284797\" class=\"col medium-4 small-12 large-4\"  >\n\t\t\t\t<div class=\"col-inner text-center\"  >\n\t\t\t\n\t\t\t\n<h3><span style=\"font-size: 120%;\">WLAN modul<\/span><\/h3>\n<a href=\"https:\/\/luxpowertek.com\/hu\/luxpower-inverteres-wlan-modul\/\" class=\"button secondary\"  style=\"border-radius:10px;\">\n    <span>Tov\u00e1bbiak megtekint\u00e9se<\/span>\n  <\/a>\n\n\t\t<\/div>\n\t\t\t\t\t<\/div>\n\n\t\n\n\t<div id=\"col-409849227\" class=\"col medium-6 small-12 large-6 medium-col-first\"  >\n\t\t\t\t<div class=\"col-inner text-center\"  >\n\t\t\t\n\t\t\t\n\t<div class=\"img has-hover x md-x lg-x y md-y lg-y\" id=\"image_1489054695\">\n\t\t\t\t\t\t\t\t<div class=\"img-inner dark\" >\n\t\t\t<img loading=\"lazy\" decoding=\"async\" width=\"800\" height=\"800\" src=\"https:\/\/luxpowertek.com\/wp-content\/uploads\/2021\/12\/Luxpower-inverter-Wlan-1-min.png\" class=\"attachment-original size-original\" alt=\"\" srcset=\"https:\/\/luxpowertek.com\/wp-content\/uploads\/2021\/12\/Luxpower-inverter-Wlan-1-min.png 800w, https:\/\/luxpowertek.com\/wp-content\/uploads\/2021\/12\/Luxpower-inverter-Wlan-1-min-100x100.png 100w, https:\/\/luxpowertek.com\/wp-content\/uploads\/2021\/12\/Luxpower-inverter-Wlan-1-min-300x300.png 300w, https:\/\/luxpowertek.com\/wp-content\/uploads\/2021\/12\/Luxpower-inverter-Wlan-1-min-80x80.png 80w, https:\/\/luxpowertek.com\/wp-content\/uploads\/2021\/12\/Luxpower-inverter-Wlan-1-min-768x768.png 768w, https:\/\/luxpowertek.com\/wp-content\/uploads\/2021\/12\/Luxpower-inverter-Wlan-1-min-500x500.png 500w\" sizes=\"auto, (max-width: 800px) 100vw, 800px\" \/>\t\t\t\t\t\t\n\t\t\t\t\t<\/div>\n\t\t\t\t\t\t\t\t\n<style>\n#image_1489054695 {\n  width: 60%;\n}\n<\/style>\n\t<\/div>\n\t\n\t\t<\/div>\n\t\t\t\t\t<\/div>\n\n\t\n<\/div>\n\t\t<\/div>\n\n\t\t\n<style>\n#section_1305164374 {\n  padding-top: 0px;\n  padding-bottom: 0px;\n}\n@media (min-width:550px) {\n  #section_1305164374 {\n    padding-top: 55px;\n    padding-bottom: 55px;\n  }\n}\n<\/style>\n\t<\/section>\n\t\n\t<section class=\"section custom_productspage_section\" id=\"section_409337330\">\n\t\t<div class=\"bg section-bg fill bg-fill  bg-loaded\" >\n\n\t\t\t\n\t\t\t\n\t\t\t\n\n\t\t<\/div>\n\n\t\t\n\n\t\t<div class=\"section-content relative\">\n\t\t\t\n<div class=\"row align-middle\"  id=\"row-405501023\">\n\n\t<div id=\"col-1042038710\" class=\"col medium-6 small-12 large-6\"  >\n\t\t\t\t<div class=\"col-inner text-center\"  >\n\t\t\t\n\t\t\t\n\t<div class=\"img has-hover x md-x lg-x y md-y lg-y\" id=\"image_1967459874\">\n\t\t\t\t\t\t\t\t<div class=\"img-inner dark\" >\n\t\t\t<img loading=\"lazy\" decoding=\"async\" width=\"800\" height=\"800\" src=\"https:\/\/luxpowertek.com\/wp-content\/uploads\/2021\/12\/Luxpower-inverter-4G-1-min.png\" class=\"attachment-original size-original\" alt=\"\" srcset=\"https:\/\/luxpowertek.com\/wp-content\/uploads\/2021\/12\/Luxpower-inverter-4G-1-min.png 800w, https:\/\/luxpowertek.com\/wp-content\/uploads\/2021\/12\/Luxpower-inverter-4G-1-min-100x100.png 100w, https:\/\/luxpowertek.com\/wp-content\/uploads\/2021\/12\/Luxpower-inverter-4G-1-min-300x300.png 300w, https:\/\/luxpowertek.com\/wp-content\/uploads\/2021\/12\/Luxpower-inverter-4G-1-min-80x80.png 80w, https:\/\/luxpowertek.com\/wp-content\/uploads\/2021\/12\/Luxpower-inverter-4G-1-min-768x768.png 768w, https:\/\/luxpowertek.com\/wp-content\/uploads\/2021\/12\/Luxpower-inverter-4G-1-min-500x500.png 500w\" sizes=\"auto, (max-width: 800px) 100vw, 800px\" \/>\t\t\t\t\t\t\n\t\t\t\t\t<\/div>\n\t\t\t\t\t\t\t\t\n<style>\n#image_1967459874 {\n  width: 60%;\n}\n<\/style>\n\t<\/div>\n\t\n\t\t<\/div>\n\t\t\t\t\t<\/div>\n\n\t\n\n\t<div id=\"col-1845964256\" class=\"col medium-6 small-12 large-6\"  >\n\t\t\t\t<div class=\"col-inner text-center\"  >\n\t\t\t\n\t\t\t\n<h3><span style=\"font-size: 120%;\">GPRS\/4G modul<\/span><\/h3>\n<a href=\"https:\/\/luxpowertek.com\/hu\/luxpower-inverteres-gprs-4g-modul\/\" class=\"button secondary\"  style=\"border-radius:10px;\">\n    <span>Tov\u00e1bbiak megtekint\u00e9se<\/span>\n  <\/a>\n\n\t\t<\/div>\n\t\t\t\t\t<\/div>\n\n\t\n<\/div>\n\t\t<\/div>\n\n\t\t\n<style>\n#section_409337330 {\n  padding-top: 0px;\n  padding-bottom: 0px;\n}\n@media (min-width:550px) {\n  #section_409337330 {\n    padding-top: 55px;\n    padding-bottom: 55px;\n  }\n}\n<\/style>\n\t<\/section>\n\t\n\t<section class=\"section custom_productspage_section\" id=\"section_95662647\">\n\t\t<div class=\"bg section-bg fill bg-fill  bg-loaded\" >\n\n\t\t\t\n\t\t\t\n\t\t\t\n\t<div class=\"is-border\"\n\t\tstyle=\"border-width:1 0px 0px 0px;\">\n\t<\/div>\n\n\t\t<\/div>\n\n\t\t\n\n\t\t<div class=\"section-content relative\">\n\t\t\t\n<div class=\"row align-middle\"  id=\"row-993499098\">\n\n\t<div id=\"col-1611151988\" class=\"col hide-for-small medium-2 small-12 large-2\"  >\n\t\t\t\t<div class=\"col-inner\"  >\n\t\t\t\n\t\t\t\n\t\t<\/div>\n\t\t\t\t\t<\/div>\n\n\t\n\n\t<div id=\"col-913718010\" class=\"col medium-4 small-12 large-4\"  >\n\t\t\t\t<div class=\"col-inner text-center\"  >\n\t\t\t\n\t\t\t\n<h3><span style=\"font-size: 120%;\">M\u00e9ter<\/span><\/h3>\n<a href=\"https:\/\/luxpowertek.com\/hu\/sdm120-modbus\/\" class=\"button secondary\"  style=\"border-radius:10px;\">\n    <span>Tov\u00e1bbiak megtekint\u00e9se<\/span>\n  <\/a>\n\n\t\t<\/div>\n\t\t\t\t\t<\/div>\n\n\t\n\n\t<div id=\"col-1229009084\" class=\"col medium-6 small-12 large-6 medium-col-first\"  >\n\t\t\t\t<div class=\"col-inner text-center\"  >\n\t\t\t\n\t\t\t\n\t<div class=\"img has-hover x md-x lg-x y md-y lg-y\" id=\"image_1234240759\">\n\t\t\t\t\t\t\t\t<div class=\"img-inner dark\" >\n\t\t\t<img loading=\"lazy\" decoding=\"async\" width=\"561\" height=\"613\" src=\"https:\/\/luxpowertek.com\/wp-content\/uploads\/2021\/12\/meter.png\" class=\"attachment-original size-original\" alt=\"\" srcset=\"https:\/\/luxpowertek.com\/wp-content\/uploads\/2021\/12\/meter.png 561w, https:\/\/luxpowertek.com\/wp-content\/uploads\/2021\/12\/meter-275x300.png 275w\" sizes=\"auto, (max-width: 561px) 100vw, 561px\" \/>\t\t\t\t\t\t\n\t\t\t\t\t<\/div>\n\t\t\t\t\t\t\t\t\n<style>\n#image_1234240759 {\n  width: 60%;\n}\n<\/style>\n\t<\/div>\n\t\n\t\t<\/div>\n\t\t\t\t\t<\/div>\n\n\t\n<\/div>\n\t\t<\/div>\n\n\t\t\n<style>\n#section_95662647 {\n  padding-top: 0px;\n  padding-bottom: 0px;\n}\n@media (min-width:550px) {\n  #section_95662647 {\n    padding-top: 55px;\n    padding-bottom: 55px;\n  }\n}\n<\/style>\n\t<\/section>\n\t\n\t<section class=\"section custom_productspage_section\" id=\"section_1864603009\">\n\t\t<div class=\"bg section-bg fill bg-fill  bg-loaded\" >\n\n\t\t\t\n\t\t\t\n\t\t\t\n\n\t\t<\/div>\n\n\t\t\n\n\t\t<div class=\"section-content relative\">\n\t\t\t\n<div class=\"row align-middle\"  id=\"row-520362797\">\n\n\t<div id=\"col-372848373\" class=\"col medium-6 small-12 large-6\"  >\n\t\t\t\t<div class=\"col-inner text-center\"  >\n\t\t\t\n\t\t\t\n\t<div class=\"img has-hover x md-x lg-x y md-y lg-y\" id=\"image_828882769\">\n\t\t\t\t\t\t\t\t<div class=\"img-inner dark\" >\n\t\t\t<img loading=\"lazy\" decoding=\"async\" width=\"1440\" height=\"1080\" src=\"https:\/\/luxpowertek.com\/wp-content\/uploads\/2021\/12\/ctlamp.jpg\" class=\"attachment-original size-original\" alt=\"\" srcset=\"https:\/\/luxpowertek.com\/wp-content\/uploads\/2021\/12\/ctlamp.jpg 1440w, https:\/\/luxpowertek.com\/wp-content\/uploads\/2021\/12\/ctlamp-300x225.jpg 300w, https:\/\/luxpowertek.com\/wp-content\/uploads\/2021\/12\/ctlamp-1030x773.jpg 1030w, https:\/\/luxpowertek.com\/wp-content\/uploads\/2021\/12\/ctlamp-768x576.jpg 768w, https:\/\/luxpowertek.com\/wp-content\/uploads\/2021\/12\/ctlamp-800x600.jpg 800w\" sizes=\"auto, (max-width: 1440px) 100vw, 1440px\" \/>\t\t\t\t\t\t\n\t\t\t\t\t<\/div>\n\t\t\t\t\t\t\t\t\n<style>\n#image_828882769 {\n  width: 60%;\n}\n<\/style>\n\t<\/div>\n\t\n\t\t<\/div>\n\t\t\t\t\t<\/div>\n\n\t\n\n\t<div id=\"col-1258568923\" class=\"col medium-6 small-12 large-6\"  >\n\t\t\t\t<div class=\"col-inner text-center\"  >\n\t\t\t\n\t\t\t\n<h3><span style=\"font-size: 120%;\">CT-bilincs<\/span><\/h3>\n<a href=\"https:\/\/luxpowertek.com\/hu\/ct-szorito\/\" class=\"button secondary\"  style=\"border-radius:10px;\">\n    <span>Tov\u00e1bbiak megtekint\u00e9se<\/span>\n  <\/a>\n\n\t\t<\/div>\n\t\t\t\t\t<\/div>\n\n\t\n<\/div>\n\t\t<\/div>\n\n\t\t\n<style>\n#section_1864603009 {\n  padding-top: 0px;\n  padding-bottom: 0px;\n}\n@media (min-width:550px) {\n  #section_1864603009 {\n    padding-top: 55px;\n    padding-bottom: 55px;\n  }\n}\n<\/style>\n\t<\/section>","protected":false},"excerpt":{"rendered":"","protected":false},"author":1,"featured_media":2727,"parent":0,"menu_order":0,"comment_status":"closed","ping_status":"closed","template":"page-transparent-header-light.php","meta":{"rop_custom_images_group":[],"rop_custom_messages_group":[],"rop_publish_now":"initial","rop_publish_now_accounts":[],"rop_publish_now_history":[],"rop_publish_now_status":"pending","footnotes":""},"class_list":["post-2416","page","type-page","status-publish","has-post-thumbnail","hentry"],"yoast_head":"<!-- This site is optimized with the Yoast SEO plugin v27.3 - https:\/\/yoast.com\/product\/yoast-seo-wordpress\/ -->\n<title>Power Inverter Accessories - Buy Accessories of Solar Inverter on Online<\/title>\n<meta name=\"description\" content=\"Visit the luxpowertek store to buy the various inverter accessories you need. We have switches, voltmeters, fuse kits, and more.\" \/>\n<meta name=\"robots\" content=\"index, follow, max-snippet:-1, max-image-preview:large, max-video-preview:-1\" \/>\n<link rel=\"canonical\" href=\"https:\/\/luxpowertek.com\/hu\/kiegeszitok\/\" \/>\n<meta property=\"og:locale\" content=\"hu_HU\" \/>\n<meta property=\"og:type\" content=\"article\" \/>\n<meta property=\"og:title\" content=\"Power Inverter Accessories - Buy Accessories of Solar Inverter on Online\" \/>\n<meta property=\"og:description\" content=\"Visit the luxpowertek store to buy the various inverter accessories you need. We have switches, voltmeters, fuse kits, and more.\" \/>\n<meta property=\"og:url\" content=\"https:\/\/luxpowertek.com\/hu\/kiegeszitok\/\" \/>\n<meta property=\"article:modified_time\" content=\"2023-03-24T06:16:33+00:00\" \/>\n<meta property=\"og:image\" content=\"https:\/\/luxpowertek.com\/wp-content\/uploads\/2022\/01\/ctlamp.jpg\" \/>\n\t<meta property=\"og:image:width\" content=\"800\" \/>\n\t<meta property=\"og:image:height\" content=\"800\" \/>\n\t<meta property=\"og:image:type\" content=\"image\/jpeg\" \/>\n<meta name=\"twitter:card\" content=\"summary_large_image\" \/>\n<meta name=\"twitter:label1\" content=\"Est. reading time\" \/>\n\t<meta name=\"twitter:data1\" content=\"2 perc\" \/>\n<script type=\"application\/ld+json\" class=\"yoast-schema-graph\">{\"@context\":\"https:\\\/\\\/schema.org\",\"@graph\":[{\"@type\":\"WebPage\",\"@id\":\"https:\\\/\\\/luxpowertek.com\\\/accessories\\\/\",\"url\":\"https:\\\/\\\/luxpowertek.com\\\/accessories\\\/\",\"name\":\"Power Inverter Accessories - Buy Accessories of Solar Inverter on Online\",\"isPartOf\":{\"@id\":\"https:\\\/\\\/luxpowertek.com\\\/#website\"},\"primaryImageOfPage\":{\"@id\":\"https:\\\/\\\/luxpowertek.com\\\/accessories\\\/#primaryimage\"},\"image\":{\"@id\":\"https:\\\/\\\/luxpowertek.com\\\/accessories\\\/#primaryimage\"},\"thumbnailUrl\":\"https:\\\/\\\/luxpowertek.com\\\/wp-content\\\/uploads\\\/2022\\\/01\\\/ctlamp.jpg\",\"datePublished\":\"2021-12-24T05:32:08+00:00\",\"dateModified\":\"2023-03-24T06:16:33+00:00\",\"description\":\"Visit the luxpowertek store to buy the various inverter accessories you need. We have switches, voltmeters, fuse kits, and more.\",\"breadcrumb\":{\"@id\":\"https:\\\/\\\/luxpowertek.com\\\/accessories\\\/#breadcrumb\"},\"inLanguage\":\"hu\",\"potentialAction\":[{\"@type\":\"ReadAction\",\"target\":[\"https:\\\/\\\/luxpowertek.com\\\/accessories\\\/\"]}]},{\"@type\":\"ImageObject\",\"inLanguage\":\"hu\",\"@id\":\"https:\\\/\\\/luxpowertek.com\\\/accessories\\\/#primaryimage\",\"url\":\"https:\\\/\\\/luxpowertek.com\\\/wp-content\\\/uploads\\\/2022\\\/01\\\/ctlamp.jpg\",\"contentUrl\":\"https:\\\/\\\/luxpowertek.com\\\/wp-content\\\/uploads\\\/2022\\\/01\\\/ctlamp.jpg\",\"width\":800,\"height\":800,\"caption\":\"inverter accessories\"},{\"@type\":\"BreadcrumbList\",\"@id\":\"https:\\\/\\\/luxpowertek.com\\\/accessories\\\/#breadcrumb\",\"itemListElement\":[{\"@type\":\"ListItem\",\"position\":1,\"name\":\"Home\",\"item\":\"https:\\\/\\\/luxpowertek.com\\\/\"},{\"@type\":\"ListItem\",\"position\":2,\"name\":\"Accessories\"}]},{\"@type\":\"WebSite\",\"@id\":\"https:\\\/\\\/luxpowertek.com\\\/#website\",\"url\":\"https:\\\/\\\/luxpowertek.com\\\/\",\"name\":\"\",\"description\":\"\",\"potentialAction\":[{\"@type\":\"SearchAction\",\"target\":{\"@type\":\"EntryPoint\",\"urlTemplate\":\"https:\\\/\\\/luxpowertek.com\\\/?s={search_term_string}\"},\"query-input\":{\"@type\":\"PropertyValueSpecification\",\"valueRequired\":true,\"valueName\":\"search_term_string\"}}],\"inLanguage\":\"hu\"}]}<\/script>\n<!-- \/ Yoast SEO plugin. -->","yoast_head_json":{"title":"Inverter tartoz\u00e9kok - V\u00e1s\u00e1roljon napelemes inverter tartoz\u00e9kokat online","description":"L\u00e1togasson el a luxpowertek \u00e1ruh\u00e1zba, ahol megv\u00e1s\u00e1rolhatja a sz\u00fcks\u00e9ges inverter tartoz\u00e9kokat. Kapcsol\u00f3kat, voltm\u00e9r\u0151ket, biztos\u00edt\u00e9kk\u00e9szleteket \u00e9s egyebeket is tal\u00e1l n\u00e1lunk.","robots":{"index":"index","follow":"follow","max-snippet":"max-snippet:-1","max-image-preview":"max-image-preview:large","max-video-preview":"max-video-preview:-1"},"canonical":"https:\/\/luxpowertek.com\/hu\/kiegeszitok\/","og_locale":"hu_HU","og_type":"article","og_title":"Power Inverter Accessories - Buy Accessories of Solar Inverter on Online","og_description":"Visit the luxpowertek store to buy the various inverter accessories you need. We have switches, voltmeters, fuse kits, and more.","og_url":"https:\/\/luxpowertek.com\/hu\/kiegeszitok\/","article_modified_time":"2023-03-24T06:16:33+00:00","og_image":[{"width":800,"height":800,"url":"https:\/\/luxpowertek.com\/wp-content\/uploads\/2022\/01\/ctlamp.jpg","type":"image\/jpeg"}],"twitter_card":"summary_large_image","twitter_misc":{"Est. reading time":"2 perc"},"schema":{"@context":"https:\/\/schema.org","@graph":[{"@type":"WebPage","@id":"https:\/\/luxpowertek.com\/accessories\/","url":"https:\/\/luxpowertek.com\/accessories\/","name":"Inverter tartoz\u00e9kok - V\u00e1s\u00e1roljon napelemes inverter tartoz\u00e9kokat online","isPartOf":{"@id":"https:\/\/luxpowertek.com\/#website"},"primaryImageOfPage":{"@id":"https:\/\/luxpowertek.com\/accessories\/#primaryimage"},"image":{"@id":"https:\/\/luxpowertek.com\/accessories\/#primaryimage"},"thumbnailUrl":"https:\/\/luxpowertek.com\/wp-content\/uploads\/2022\/01\/ctlamp.jpg","datePublished":"2021-12-24T05:32:08+00:00","dateModified":"2023-03-24T06:16:33+00:00","description":"L\u00e1togasson el a luxpowertek \u00e1ruh\u00e1zba, ahol megv\u00e1s\u00e1rolhatja a sz\u00fcks\u00e9ges inverter tartoz\u00e9kokat. Kapcsol\u00f3kat, voltm\u00e9r\u0151ket, biztos\u00edt\u00e9kk\u00e9szleteket \u00e9s egyebeket is tal\u00e1l n\u00e1lunk.","breadcrumb":{"@id":"https:\/\/luxpowertek.com\/accessories\/#breadcrumb"},"inLanguage":"hu","potentialAction":[{"@type":"ReadAction","target":["https:\/\/luxpowertek.com\/accessories\/"]}]},{"@type":"ImageObject","inLanguage":"hu","@id":"https:\/\/luxpowertek.com\/accessories\/#primaryimage","url":"https:\/\/luxpowertek.com\/wp-content\/uploads\/2022\/01\/ctlamp.jpg","contentUrl":"https:\/\/luxpowertek.com\/wp-content\/uploads\/2022\/01\/ctlamp.jpg","width":800,"height":800,"caption":"inverter accessories"},{"@type":"BreadcrumbList","@id":"https:\/\/luxpowertek.com\/accessories\/#breadcrumb","itemListElement":[{"@type":"ListItem","position":1,"name":"Home","item":"https:\/\/luxpowertek.com\/"},{"@type":"ListItem","position":2,"name":"Accessories"}]},{"@type":"WebSite","@id":"https:\/\/luxpowertek.com\/#website","url":"https:\/\/luxpowertek.com\/","name":"","description":"","potentialAction":[{"@type":"SearchAction","target":{"@type":"EntryPoint","urlTemplate":"https:\/\/luxpowertek.com\/?s={search_term_string}"},"query-input":{"@type":"PropertyValueSpecification","valueRequired":true,"valueName":"search_term_string"}}],"inLanguage":"hu"}]}},"_links":{"self":[{"href":"https:\/\/luxpowertek.com\/hu\/wp-json\/wp\/v2\/pages\/2416","targetHints":{"allow":["GET"]}}],"collection":[{"href":"https:\/\/luxpowertek.com\/hu\/wp-json\/wp\/v2\/pages"}],"about":[{"href":"https:\/\/luxpowertek.com\/hu\/wp-json\/wp\/v2\/types\/page"}],"author":[{"embeddable":true,"href":"https:\/\/luxpowertek.com\/hu\/wp-json\/wp\/v2\/users\/1"}],"replies":[{"embeddable":true,"href":"https:\/\/luxpowertek.com\/hu\/wp-json\/wp\/v2\/comments?post=2416"}],"version-history":[{"count":0,"href":"https:\/\/luxpowertek.com\/hu\/wp-json\/wp\/v2\/pages\/2416\/revisions"}],"wp:featuredmedia":[{"embeddable":true,"href":"https:\/\/luxpowertek.com\/hu\/wp-json\/wp\/v2\/media\/2727"}],"wp:attachment":[{"href":"https:\/\/luxpowertek.com\/hu\/wp-json\/wp\/v2\/media?parent=2416"}],"curies":[{"name":"munkaf\u00fczet","href":"https:\/\/api.w.org\/{rel}","templated":true}]}}