{"id":2399,"date":"2021-12-24T13:13:27","date_gmt":"2021-12-24T05:13:27","guid":{"rendered":"https:\/\/nibianqi.bbswaimao.com\/?page_id=2399"},"modified":"2023-05-04T17:18:09","modified_gmt":"2023-05-04T09:18:09","slug":"lxp-sqpod-3600","status":"publish","type":"page","link":"https:\/\/luxpowertek.com\/hu\/lxp-sqpod-3600\/","title":{"rendered":"LXP SQPOD 3600"},"content":{"rendered":"<div class=\"banner has-hover\" id=\"banner-2098058536\">\n          <div class=\"banner-inner fill\">\n        <div class=\"banner-bg fill\" >\n            <div class=\"bg fill bg-fill\"><\/div>\n                        <div class=\"overlay\"><\/div>            \n                    <\/div>\n\t\t\n        <div class=\"banner-layers container\">\n            <div class=\"fill banner-link\"><\/div>            \n   <div id=\"text-box-1763280360\" class=\"text-box banner-layer x50 md-x50 lg-x50 y50 md-y50 lg-y50 res-text\">\n                                <div class=\"text-box-content text dark\">\n              \n              <div class=\"text-inner text-center\">\n                  \n<h1><span style=\"font-size: 75%\">LXP SQPOD 3600<\/span><\/h1>\n              <\/div>\n           <\/div>\n                            \n<style>\n#text-box-1763280360 {\n  width: 60%;\n}\n#text-box-1763280360 .text-box-content {\n  font-size: 100%;\n}\n<\/style>\n    <\/div>\n \n        <\/div>\n      <\/div>\n\n            \n<style>\n#banner-2098058536 {\n  padding-top: 78%;\n}\n#banner-2098058536 .bg.bg-loaded {\n  background-image: url(https:\/\/luxpowertek.com\/wp-content\/uploads\/2021\/12\/SQPOD3600.jpg);\n}\n#banner-2098058536 .overlay {\n  background-color: rgba(0, 0, 0, 0.2);\n}\n#banner-2098058536 .bg {\n  background-position: 0% 85%;\n}\n@media (min-width:550px) {\n  #banner-2098058536 {\n    padding-top: 38%;\n  }\n}\n<\/style>\n  <\/div>\n\n\n\t<section class=\"section custom_title_buttom\" id=\"section_1095482379\">\n\t\t<div class=\"bg section-bg fill bg-fill  bg-loaded\" >\n\n\t\t\t\n\t\t\t\n\t\t\t\n\n\t\t<\/div>\n\n\t\t\n\n\t\t<div class=\"section-content relative\">\n\t\t\t\n<div class=\"row\"  id=\"row-1460675495\">\n\n\t<div id=\"col-1406176441\" class=\"col small-12 large-12\"  >\n\t\t\t\t<div class=\"col-inner text-center\"  >\n\t\t\t\n\t\t\t\n<h2>AC csatol\u00e1s\u00fa inverter teljes\u00edtm\u00e9nye<\/h2>\n\t\t<\/div>\n\t\t\t\t\t<\/div>\n\n\t\n<\/div>\n\t\t<\/div>\n\n\t\t\n<style>\n#section_1095482379 {\n  padding-top: 9px;\n  padding-bottom: 9px;\n}\n@media (min-width:550px) {\n  #section_1095482379 {\n    padding-top: 30px;\n    padding-bottom: 30px;\n  }\n}\n<\/style>\n\t<\/section>\n\t\n\t<section class=\"section custom_productspage_section\" id=\"section_1053366149\">\n\t\t<div class=\"bg section-bg fill bg-fill  bg-loaded\" >\n\n\t\t\t\n\t\t\t\n\t\t\t\n\n\t\t<\/div>\n\n\t\t\n\n\t\t<div class=\"section-content relative\">\n\t\t\t\n<div class=\"row align-middle\"  id=\"row-2032796574\">\n\n\t<div id=\"col-356735423\" class=\"col medium-6 small-12 large-6\"  >\n\t\t\t\t<div class=\"col-inner text-center\"  >\n\t\t\t\n\t\t\t\n\t<div class=\"img has-hover x md-x lg-x y md-y lg-y\" id=\"image_621166186\">\n\t\t\t\t\t\t\t\t<div class=\"img-inner dark\" >\n\t\t\t<img loading=\"lazy\" decoding=\"async\" width=\"1595\" height=\"1198\" src=\"https:\/\/luxpowertek.com\/wp-content\/uploads\/2023\/05\/AC-001.webp\" class=\"attachment-original size-original\" alt=\"\" srcset=\"https:\/\/luxpowertek.com\/wp-content\/uploads\/2023\/05\/AC-001.webp 1595w, https:\/\/luxpowertek.com\/wp-content\/uploads\/2023\/05\/AC-001-300x225.webp 300w, https:\/\/luxpowertek.com\/wp-content\/uploads\/2023\/05\/AC-001-1030x774.webp 1030w, https:\/\/luxpowertek.com\/wp-content\/uploads\/2023\/05\/AC-001-768x577.webp 768w, https:\/\/luxpowertek.com\/wp-content\/uploads\/2023\/05\/AC-001-1536x1154.webp 1536w, https:\/\/luxpowertek.com\/wp-content\/uploads\/2023\/05\/AC-001-800x601.webp 800w\" sizes=\"auto, (max-width: 1595px) 100vw, 1595px\" \/>\t\t\t\t\t\t\n\t\t\t\t\t<\/div>\n\t\t\t\t\t\t\t\t\n<style>\n#image_621166186 {\n  width: 60%;\n}\n<\/style>\n\t<\/div>\n\t\n\t\t<\/div>\n\t\t\t\t\t<\/div>\n\n\t\n\n\t<div id=\"col-934459500\" class=\"col medium-6 small-12 large-6\"  >\n\t\t\t\t<div class=\"col-inner\"  >\n\t\t\t\n\t\t\t\n<ul>\n<li><span style=\"font-size: 120%\">Er\u0151sebb UPS<\/span><\/li>\n<li><span style=\"font-size: 120%\">K\u00fcl\u00f6nbs\u00e9g az er\u0151s\u00edt\u0151 \u00e9s a v\u00e1lt\u00f3\u00e1ram\u00fa csatol\u00e1s\u00fa intelligens \u00fczemm\u00f3dok k\u00f6z\u00f6tt<\/span><\/li>\n<li><span style=\"font-size: 120%\">IP65, belt\u00e9ri \u00e9s k\u00fclt\u00e9ri haszn\u00e1latra<\/span><\/li>\n<\/ul>\n\t\t<\/div>\n\t\t\t\t\t<\/div>\n\n\t\n<\/div>\n\t\t<\/div>\n\n\t\t\n<style>\n#section_1053366149 {\n  padding-top: 0px;\n  padding-bottom: 0px;\n}\n@media (min-width:550px) {\n  #section_1053366149 {\n    padding-top: 55px;\n    padding-bottom: 55px;\n  }\n}\n<\/style>\n\t<\/section>\n\t\n\t<section class=\"section custom_productspage_section\" id=\"section_969437154\">\n\t\t<div class=\"bg section-bg fill bg-fill  bg-loaded\" >\n\n\t\t\t\n\t\t\t\n\t\t\t\n\t<div class=\"is-border\"\n\t\tstyle=\"border-width:1 0px 0px 0px;\">\n\t<\/div>\n\n\t\t<\/div>\n\n\t\t\n\n\t\t<div class=\"section-content relative\">\n\t\t\t\n<div class=\"row align-middle\"  id=\"row-1054691844\">\n\n\t<div id=\"col-100162694\" class=\"col hide-for-small medium-2 small-12 large-2\"  >\n\t\t\t\t<div class=\"col-inner\"  >\n\t\t\t\n\t\t\t\n\t\t<\/div>\n\t\t\t\t\t<\/div>\n\n\t\n\n\t<div id=\"col-228543592\" class=\"col medium-4 small-12 large-4\"  >\n\t\t\t\t<div class=\"col-inner\"  >\n\t\t\t\n\t\t\t\n<ul>\n<li><span style=\"font-size: 120%\">Gener\u00e1tor interf\u00e9sz el\u00e9rhet\u0151<\/span><\/li>\n<li><span style=\"font-size: 120%\">Ingyenes fel\u00fcgyelet \u00e9s t\u00e1voli friss\u00edt\u00e9s<\/span><\/li>\n<li><span style=\"font-size: 120%\">Fejlett p\u00e1rhuzamos, ak\u00e1r 36 kW<\/span><\/li>\n<\/ul>\n\t\t<\/div>\n\t\t\t\t\t<\/div>\n\n\t\n\n\t<div id=\"col-1163892048\" class=\"col medium-6 small-12 large-6\"  >\n\t\t\t\t<div class=\"col-inner text-center\"  >\n\t\t\t\n\t\t\t\n\t<div class=\"img has-hover x md-x lg-x y md-y lg-y\" id=\"image_1709964552\">\n\t\t\t\t\t\t\t\t<div class=\"img-inner dark\" >\n\t\t\t<img loading=\"lazy\" decoding=\"async\" width=\"1224\" height=\"1001\" src=\"https:\/\/luxpowertek.com\/wp-content\/uploads\/2023\/05\/AC-003.webp\" class=\"attachment-original size-original\" alt=\"\" srcset=\"https:\/\/luxpowertek.com\/wp-content\/uploads\/2023\/05\/AC-003.webp 1224w, https:\/\/luxpowertek.com\/wp-content\/uploads\/2023\/05\/AC-003-300x245.webp 300w, https:\/\/luxpowertek.com\/wp-content\/uploads\/2023\/05\/AC-003-1030x842.webp 1030w, https:\/\/luxpowertek.com\/wp-content\/uploads\/2023\/05\/AC-003-768x628.webp 768w, https:\/\/luxpowertek.com\/wp-content\/uploads\/2023\/05\/AC-003-800x654.webp 800w\" sizes=\"auto, (max-width: 1224px) 100vw, 1224px\" \/>\t\t\t\t\t\t\n\t\t\t\t\t<\/div>\n\t\t\t\t\t\t\t\t\n<style>\n#image_1709964552 {\n  width: 60%;\n}\n<\/style>\n\t<\/div>\n\t\n\t\t<\/div>\n\t\t\t\t\t<\/div>\n\n\t\n<\/div>\n\t\t<\/div>\n\n\t\t\n<style>\n#section_969437154 {\n  padding-top: 0px;\n  padding-bottom: 0px;\n}\n@media (min-width:550px) {\n  #section_969437154 {\n    padding-top: 55px;\n    padding-bottom: 55px;\n  }\n}\n<\/style>\n\t<\/section>\n\t\n\t<section class=\"section custom_productspage_section\" id=\"section_1652771713\">\n\t\t<div class=\"bg section-bg fill bg-fill  bg-loaded\" >\n\n\t\t\t\n\t\t\t\n\t\t\t\n\n\t\t<\/div>\n\n\t\t\n\n\t\t<div class=\"section-content relative\">\n\t\t\t\n<div class=\"row align-middle\"  id=\"row-2144319758\">\n\n\t<div id=\"col-1014587181\" class=\"col medium-6 small-12 large-6\"  >\n\t\t\t\t<div class=\"col-inner text-center\"  >\n\t\t\t\n\t\t\t\n\t<div class=\"img has-hover x md-x lg-x y md-y lg-y\" id=\"image_1315464418\">\n\t\t\t\t\t\t\t\t<div class=\"img-inner dark\" >\n\t\t\t<img loading=\"lazy\" decoding=\"async\" width=\"1221\" height=\"1000\" src=\"https:\/\/luxpowertek.com\/wp-content\/uploads\/2023\/05\/AC-002.webp\" class=\"attachment-original size-original\" alt=\"\" srcset=\"https:\/\/luxpowertek.com\/wp-content\/uploads\/2023\/05\/AC-002.webp 1221w, https:\/\/luxpowertek.com\/wp-content\/uploads\/2023\/05\/AC-002-300x246.webp 300w, https:\/\/luxpowertek.com\/wp-content\/uploads\/2023\/05\/AC-002-1030x844.webp 1030w, https:\/\/luxpowertek.com\/wp-content\/uploads\/2023\/05\/AC-002-768x629.webp 768w, https:\/\/luxpowertek.com\/wp-content\/uploads\/2023\/05\/AC-002-800x655.webp 800w\" sizes=\"auto, (max-width: 1221px) 100vw, 1221px\" \/>\t\t\t\t\t\t\n\t\t\t\t\t<\/div>\n\t\t\t\t\t\t\t\t\n<style>\n#image_1315464418 {\n  width: 60%;\n}\n<\/style>\n\t<\/div>\n\t\n\t\t<\/div>\n\t\t\t\t\t<\/div>\n\n\t\n\n\t<div id=\"col-1740227904\" class=\"col medium-6 small-12 large-6\"  >\n\t\t\t\t<div class=\"col-inner\"  >\n\t\t\t\n\t\t\t\n<ul>\n<li><span style=\"font-size: 120%\">Csatlakoztasd \u00e9s haszn\u00e1ld, z\u00f6kken\u0151mentes v\u00e1lt\u00e1s 10 ms alatt<\/span><\/li>\n<li><span style=\"font-size: 120%\">H\u00e1l\u00f3zatra kapcsolt rendszereket ut\u00f3lagosan akkumul\u00e1toros \u00fczemre lehet cser\u00e9lni<\/span><\/li>\n<li><span style=\"font-size: 120%\">A v\u00e1ltakoz\u00f3 \u00e1ram\u00fa inverter egy\u00fcttm\u0171k\u00f6dik a k\u00f6zm\u0171vekkel az akkumul\u00e1tor intelligens kezel\u00e9se \u00e9s a sz\u00e1ml\u00e1k megtakar\u00edt\u00e1sa \u00e9rdek\u00e9ben.<\/span><\/li>\n<\/ul>\n\t\t<\/div>\n\t\t\t\t\t<\/div>\n\n\t\n<\/div>\n\t\t<\/div>\n\n\t\t\n<style>\n#section_1652771713 {\n  padding-top: 0px;\n  padding-bottom: 0px;\n}\n@media (min-width:550px) {\n  #section_1652771713 {\n    padding-top: 55px;\n    padding-bottom: 55px;\n  }\n}\n<\/style>\n\t<\/section>\n\t\n\t<section class=\"section custom_title_buttom has-parallax\" id=\"section_1498910173\">\n\t\t<div class=\"bg section-bg fill bg-fill\" data-parallax-container=\".section\" data-parallax-background data-parallax=\"-10\">\n\n\t\t\t\n\t\t\t<div class=\"section-bg-overlay absolute fill\"><\/div>\n\t\t\t\n\n\t\t<\/div>\n\n\t\t\n\n\t\t<div class=\"section-content relative\">\n\t\t\t\n<div class=\"row\"  id=\"row-1135627380\">\n\n\t<div id=\"col-676248520\" class=\"col small-12 large-12\"  >\n\t\t\t\t<div class=\"col-inner text-center\"  >\n\t\t\t\n\t\t\t\n<h2>AC csatol\u00e1s\u00fa inverter hat\u00e9konys\u00e1ga<\/h2>\n\t\t<\/div>\n\t\t\t\t\t<\/div>\n\n\t\n<\/div>\n<div class=\"row\"  id=\"row-668632340\">\n\n\t<div id=\"col-1173939366\" class=\"col hide-for-small medium-2 small-12 large-2\"  >\n\t\t\t\t<div class=\"col-inner\"  >\n\t\t\t\n\t\t\t\n\t\t<\/div>\n\t\t\t\t\t<\/div>\n\n\t\n\n\t<div id=\"col-607584187\" class=\"col medium-8 small-12 large-8\"  >\n\t\t\t\t<div class=\"col-inner\"  >\n\t\t\t\n\t\t\t\n<div class=\"row\"  id=\"row-915746000\">\n\n\t<div id=\"col-829631193\" class=\"col medium-6 small-12 large-6\"  data-animate=\"flipInX\">\n\t\t\t\t<div class=\"col-inner\"  >\n\t\t\t\n\t\t\t\n\t<div id=\"text-402604798\" class=\"text\">\n\t\t\n<p><span style=\"font-size: 450%\">97.5%<\/span><\/p>\n<h3>Eur\u00f3pa Hat\u00e9konys\u00e1g<\/h3>\n\t\t\n<style>\n#text-402604798 {\n  text-align: center;\n}\n<\/style>\n\t<\/div>\n\t\n\t\t<\/div>\n\t\t\t\t\t<\/div>\n\n\t\n\n\t<div id=\"col-1854907496\" class=\"col medium-6 small-12 large-6\"  data-animate=\"flipInX\">\n\t\t\t\t<div class=\"col-inner\"  >\n\t\t\t\n\t\t\t\n\t<div id=\"text-2822032350\" class=\"text\">\n\t\t\n<p><span style=\"font-size: 450%\">97.9%<\/span><\/p>\n<h3>Maxim\u00e1lis hat\u00e9konys\u00e1g<\/h3>\n\t\t\n<style>\n#text-2822032350 {\n  text-align: center;\n}\n<\/style>\n\t<\/div>\n\t\n\t\t<\/div>\n\t\t\t\t\t<\/div>\n\n\t\n<\/div>\n\t\t<\/div>\n\t\t\t\t\t<\/div>\n\n\t\n\n\t<div id=\"col-543884282\" class=\"col hide-for-small medium-2 small-12 large-2\"  >\n\t\t\t\t<div class=\"col-inner\"  >\n\t\t\t\n\t\t\t\n\t\t<\/div>\n\t\t\t\t\t<\/div>\n\n\t\n<\/div>\n\t\t<\/div>\n\n\t\t\n<style>\n#section_1498910173 {\n  padding-top: 9px;\n  padding-bottom: 9px;\n}\n#section_1498910173 .section-bg-overlay {\n  background-color: rgba(255, 255, 255, 0.9);\n}\n#section_1498910173 .section-bg.bg-loaded {\n  background-image: url(https:\/\/luxpowertek.com\/wp-content\/uploads\/2021\/12\/LXP-8-12kW.jpg);\n}\n@media (min-width:550px) {\n  #section_1498910173 {\n    padding-top: 30px;\n    padding-bottom: 30px;\n  }\n}\n<\/style>\n\t<\/section>\n\t\n\t<section class=\"section custom_title_buttom\" id=\"section_2126566397\">\n\t\t<div class=\"bg section-bg fill bg-fill  bg-loaded\" >\n\n\t\t\t\n\t\t\t\n\t\t\t\n\n\t\t<\/div>\n\n\t\t\n\n\t\t<div class=\"section-content relative\">\n\t\t\t\n<div class=\"row\"  id=\"row-1348213666\">\n\n\t<div id=\"col-1082768521\" class=\"col small-12 large-12\"  >\n\t\t\t\t<div class=\"col-inner text-center\"  >\n\t\t\t\n\t\t\t\n<h2>AC csatol\u00e1si alkalmaz\u00e1s<\/h2>\n\t\t<\/div>\n\t\t\t\t\t<\/div>\n\n\t\n<\/div>\n<div class=\"row\"  id=\"row-1912064076\">\n\n\t<div id=\"col-21733777\" class=\"col small-12 large-12\"  >\n\t\t\t\t<div class=\"col-inner text-center\"  >\n\t\t\t\n\t\t\t\n<h3>Alkalmaz\u00e1si megjegyz\u00e9s \u2013 AC csatol\u00e1s\u00fa akkumul\u00e1toros inverter<\/h3>\n<div class=\"is-divider divider clearfix\" style=\"max-width:60px;background-color:rgb(96, 169, 132);\"><\/div>\n\t<div id=\"text-91686474\" class=\"text\">\n\t\t\n<p>B\u0151v\u00edthet\u0151, j\u00f6v\u0151biztos egys\u00e9gek. Egyn\u00e9l t\u00f6bb Squirrel Pod egys\u00e9g \u00f6sszekapcsolhat\u00f3 (vagy k\u00e9s\u0151bb hozz\u00e1adhat\u00f3) a t\u00e1rol\u00f3kapacit\u00e1s n\u00f6vel\u00e9se vagy a t\u00f6lt\u00e9si\/kis\u00fct\u00e9si sebess\u00e9g n\u00f6vel\u00e9se \u00e9rdek\u00e9ben.<br \/>\n\t\t\n<style>\n#text-91686474 {\n  text-align: left;\n}\n@media (min-width:550px) {\n  #text-91686474 {\n    text-align: left;\n  }\n}\n<\/style>\n\t<\/div>\n\t\n<h3>Hogyan m\u0171k\u00f6dik a M\u00f3kuskapu:<\/h3>\n<div class=\"is-divider divider clearfix\" style=\"max-width:60px;background-color:rgb(96, 169, 132);\"><\/div>\n\t<div id=\"text-1386519291\" class=\"text\">\n\t\t\n<p>Az olyan energiaszolg\u00e1ltat\u00f3k, mint az Octopus Energy, mostant\u00f3l rendk\u00edv\u00fcl olcs\u00f3, cs\u00facsid\u0151n k\u00edv\u00fcli, meg\u00fajul\u00f3 \u00e1ramot biztos\u00edtanak az Agile Tariff platformjukon kereszt\u00fcl. A v\u00e1lt\u00f3\u00e1ram\u00fa csatol\u00e1si probl\u00e9ma az, hogy az olcs\u00f3 \u00e1ram id\u0151pontja napr\u00f3l napra v\u00e1ltozik. A Lux Power Squirrel Pod akkumul\u00e1toros t\u00e1rol\u00f3rendszere automatikusan megtal\u00e1lja a legolcs\u00f3bb \u00e1rakat, \u00e9s gyorsan felt\u00f6lti az akkumul\u00e1torokat. Az Octopus Energy Agile olcs\u00f3, cs\u00facsid\u0151n k\u00edv\u00fcli tarif\u00e1kat k\u00edn\u00e1l 00:00 \u00e9s 8:00, valamint 12:00 \u00e9s 16:00 \u00f3ra k\u00f6z\u00f6tt. Egyszer\u0171en csak ki kell v\u00e1lasztani, hogy h\u00e1ny f\u00e9l\u00f3r\u00e1s t\u00f6lt\u00e9si id\u0151szakot szeretne ezeken az id\u0151s\u00e1vokon bel\u00fcl, a Lux Squirrel Pod elv\u00e9gzi a t\u00f6bbit, \u00e9s megkeresi a legolcs\u00f3bb tarif\u00e1kat, majd felt\u00f6lti az akkumul\u00e1torokat.<\/p>\n\t\t\n<style>\n#text-1386519291 {\n  text-align: left;\n}\n<\/style>\n\t<\/div>\n\t\n\t\t<\/div>\n\t\t\t\t\t<\/div>\n\n\t\n<\/div>\n\t\t<\/div>\n\n\t\t\n<style>\n#section_2126566397 {\n  padding-top: 9px;\n  padding-bottom: 9px;\n}\n@media (min-width:550px) {\n  #section_2126566397 {\n    padding-top: 30px;\n    padding-bottom: 30px;\n  }\n}\n<\/style>\n\t<\/section>","protected":false},"excerpt":{"rendered":"","protected":false},"author":1,"featured_media":1664,"parent":0,"menu_order":0,"comment_status":"closed","ping_status":"closed","template":"page-transparent-header-light.php","meta":{"rop_custom_images_group":[],"rop_custom_messages_group":[],"rop_publish_now":"initial","rop_publish_now_accounts":[],"rop_publish_now_history":[],"rop_publish_now_status":"pending","footnotes":""},"class_list":["post-2399","page","type-page","status-publish","has-post-thumbnail","hentry"],"yoast_head":"<!-- This site is optimized with the Yoast SEO plugin v27.3 - https:\/\/yoast.com\/product\/yoast-seo-wordpress\/ -->\n<title>LXP SQPOD 3600 - Best Ac Coupled Inverter Charger<\/title>\n<meta name=\"description\" content=\"The ac coupled for systems with battery backup adds a battery-based inverter that serves as an interface between your system and the grid.\" \/>\n<meta name=\"robots\" content=\"index, follow, max-snippet:-1, max-image-preview:large, max-video-preview:-1\" \/>\n<link rel=\"canonical\" href=\"https:\/\/luxpowertek.com\/hu\/lxp-sqpod-3600\/\" \/>\n<meta property=\"og:locale\" content=\"hu_HU\" \/>\n<meta property=\"og:type\" content=\"article\" \/>\n<meta property=\"og:title\" content=\"LXP SQPOD 3600 - Best Ac Coupled Inverter Charger\" \/>\n<meta property=\"og:description\" content=\"The ac coupled for systems with battery backup adds a battery-based inverter that serves as an interface between your system and the grid.\" \/>\n<meta property=\"og:url\" content=\"https:\/\/luxpowertek.com\/hu\/lxp-sqpod-3600\/\" \/>\n<meta property=\"article:publisher\" content=\"https:\/\/www.facebook.com\/LUXPOWERTEK\" \/>\n<meta property=\"article:modified_time\" content=\"2023-05-04T09:18:09+00:00\" \/>\n<meta property=\"og:image\" content=\"https:\/\/luxpowertek.com\/wp-content\/uploads\/2021\/12\/Luxpower-inverter-SQPOD-3-min.jpg\" \/>\n\t<meta property=\"og:image:width\" content=\"800\" \/>\n\t<meta property=\"og:image:height\" content=\"800\" \/>\n\t<meta property=\"og:image:type\" content=\"image\/jpeg\" \/>\n<meta name=\"twitter:card\" content=\"summary_large_image\" \/>\n<meta name=\"twitter:label1\" content=\"Est. reading time\" \/>\n\t<meta name=\"twitter:data1\" content=\"2 perc\" \/>\n<script type=\"application\/ld+json\" class=\"yoast-schema-graph\">{\"@context\":\"https:\\\/\\\/schema.org\",\"@graph\":[{\"@type\":\"WebPage\",\"@id\":\"https:\\\/\\\/luxpowertek.com\\\/lxp-sqpod-3600\\\/\",\"url\":\"https:\\\/\\\/luxpowertek.com\\\/lxp-sqpod-3600\\\/\",\"name\":\"LXP SQPOD 3600 - Best Ac Coupled Inverter Charger\",\"isPartOf\":{\"@id\":\"https:\\\/\\\/luxpowertek.com\\\/#website\"},\"primaryImageOfPage\":{\"@id\":\"https:\\\/\\\/luxpowertek.com\\\/lxp-sqpod-3600\\\/#primaryimage\"},\"image\":{\"@id\":\"https:\\\/\\\/luxpowertek.com\\\/lxp-sqpod-3600\\\/#primaryimage\"},\"thumbnailUrl\":\"https:\\\/\\\/luxpowertek.com\\\/wp-content\\\/uploads\\\/2021\\\/12\\\/Luxpower-inverter-SQPOD-3-min.jpg\",\"datePublished\":\"2021-12-24T05:13:27+00:00\",\"dateModified\":\"2023-05-04T09:18:09+00:00\",\"description\":\"The ac coupled for systems with battery backup adds a battery-based inverter that serves as an interface between your system and the grid.\",\"breadcrumb\":{\"@id\":\"https:\\\/\\\/luxpowertek.com\\\/lxp-sqpod-3600\\\/#breadcrumb\"},\"inLanguage\":\"hu\",\"potentialAction\":[{\"@type\":\"ReadAction\",\"target\":[\"https:\\\/\\\/luxpowertek.com\\\/lxp-sqpod-3600\\\/\"]}]},{\"@type\":\"ImageObject\",\"inLanguage\":\"hu\",\"@id\":\"https:\\\/\\\/luxpowertek.com\\\/lxp-sqpod-3600\\\/#primaryimage\",\"url\":\"https:\\\/\\\/luxpowertek.com\\\/wp-content\\\/uploads\\\/2021\\\/12\\\/Luxpower-inverter-SQPOD-3-min.jpg\",\"contentUrl\":\"https:\\\/\\\/luxpowertek.com\\\/wp-content\\\/uploads\\\/2021\\\/12\\\/Luxpower-inverter-SQPOD-3-min.jpg\",\"width\":800,\"height\":800,\"caption\":\"ac coupled inverter\"},{\"@type\":\"BreadcrumbList\",\"@id\":\"https:\\\/\\\/luxpowertek.com\\\/lxp-sqpod-3600\\\/#breadcrumb\",\"itemListElement\":[{\"@type\":\"ListItem\",\"position\":1,\"name\":\"Home\",\"item\":\"https:\\\/\\\/luxpowertek.com\\\/\"},{\"@type\":\"ListItem\",\"position\":2,\"name\":\"LXP SQPOD 3600\"}]},{\"@type\":\"WebSite\",\"@id\":\"https:\\\/\\\/luxpowertek.com\\\/#website\",\"url\":\"https:\\\/\\\/luxpowertek.com\\\/\",\"name\":\"\",\"description\":\"\",\"publisher\":{\"@id\":\"https:\\\/\\\/luxpowertek.com\\\/#organization\"},\"potentialAction\":[{\"@type\":\"SearchAction\",\"target\":{\"@type\":\"EntryPoint\",\"urlTemplate\":\"https:\\\/\\\/luxpowertek.com\\\/?s={search_term_string}\"},\"query-input\":{\"@type\":\"PropertyValueSpecification\",\"valueRequired\":true,\"valueName\":\"search_term_string\"}}],\"inLanguage\":\"hu\"},{\"@type\":\"Organization\",\"@id\":\"https:\\\/\\\/luxpowertek.com\\\/#organization\",\"name\":\"LuxpowerTek\",\"url\":\"https:\\\/\\\/luxpowertek.com\\\/\",\"logo\":{\"@type\":\"ImageObject\",\"inLanguage\":\"hu\",\"@id\":\"https:\\\/\\\/luxpowertek.com\\\/#\\\/schema\\\/logo\\\/image\\\/\",\"url\":\"https:\\\/\\\/luxpowertek.com\\\/wp-content\\\/uploads\\\/2024\\\/08\\\/Luxpower_logo_new.webp\",\"contentUrl\":\"https:\\\/\\\/luxpowertek.com\\\/wp-content\\\/uploads\\\/2024\\\/08\\\/Luxpower_logo_new.webp\",\"width\":1030,\"height\":186,\"caption\":\"LuxpowerTek\"},\"image\":{\"@id\":\"https:\\\/\\\/luxpowertek.com\\\/#\\\/schema\\\/logo\\\/image\\\/\"},\"sameAs\":[\"https:\\\/\\\/www.facebook.com\\\/LUXPOWERTEK\"]}]}<\/script>\n<!-- \/ Yoast SEO plugin. -->","yoast_head_json":{"title":"LXP SQPOD 3600 - A legjobb v\u00e1lt\u00f3\u00e1ram\u00fa inverteres t\u00f6lt\u0151","description":"Az akkumul\u00e1toros sz\u00fcnetmentes t\u00e1pell\u00e1t\u00e1s\u00fa rendszerekhez val\u00f3 v\u00e1lt\u00f3\u00e1ram\u00fa csatol\u00e1s\u00fa egys\u00e9g egy akkumul\u00e1toros invertert ad hozz\u00e1, amely interf\u00e9szk\u00e9nt szolg\u00e1l a rendszer \u00e9s a h\u00e1l\u00f3zat k\u00f6z\u00f6tt.","robots":{"index":"index","follow":"follow","max-snippet":"max-snippet:-1","max-image-preview":"max-image-preview:large","max-video-preview":"max-video-preview:-1"},"canonical":"https:\/\/luxpowertek.com\/hu\/lxp-sqpod-3600\/","og_locale":"hu_HU","og_type":"article","og_title":"LXP SQPOD 3600 - Best Ac Coupled Inverter Charger","og_description":"The ac coupled for systems with battery backup adds a battery-based inverter that serves as an interface between your system and the grid.","og_url":"https:\/\/luxpowertek.com\/hu\/lxp-sqpod-3600\/","article_publisher":"https:\/\/www.facebook.com\/LUXPOWERTEK","article_modified_time":"2023-05-04T09:18:09+00:00","og_image":[{"width":800,"height":800,"url":"https:\/\/luxpowertek.com\/wp-content\/uploads\/2021\/12\/Luxpower-inverter-SQPOD-3-min.jpg","type":"image\/jpeg"}],"twitter_card":"summary_large_image","twitter_misc":{"Est. reading time":"2 perc"},"schema":{"@context":"https:\/\/schema.org","@graph":[{"@type":"WebPage","@id":"https:\/\/luxpowertek.com\/lxp-sqpod-3600\/","url":"https:\/\/luxpowertek.com\/lxp-sqpod-3600\/","name":"LXP SQPOD 3600 - A legjobb v\u00e1lt\u00f3\u00e1ram\u00fa inverteres t\u00f6lt\u0151","isPartOf":{"@id":"https:\/\/luxpowertek.com\/#website"},"primaryImageOfPage":{"@id":"https:\/\/luxpowertek.com\/lxp-sqpod-3600\/#primaryimage"},"image":{"@id":"https:\/\/luxpowertek.com\/lxp-sqpod-3600\/#primaryimage"},"thumbnailUrl":"https:\/\/luxpowertek.com\/wp-content\/uploads\/2021\/12\/Luxpower-inverter-SQPOD-3-min.jpg","datePublished":"2021-12-24T05:13:27+00:00","dateModified":"2023-05-04T09:18:09+00:00","description":"Az akkumul\u00e1toros sz\u00fcnetmentes t\u00e1pell\u00e1t\u00e1s\u00fa rendszerekhez val\u00f3 v\u00e1lt\u00f3\u00e1ram\u00fa csatol\u00e1s\u00fa egys\u00e9g egy akkumul\u00e1toros invertert ad hozz\u00e1, amely interf\u00e9szk\u00e9nt szolg\u00e1l a rendszer \u00e9s a h\u00e1l\u00f3zat k\u00f6z\u00f6tt.","breadcrumb":{"@id":"https:\/\/luxpowertek.com\/lxp-sqpod-3600\/#breadcrumb"},"inLanguage":"hu","potentialAction":[{"@type":"ReadAction","target":["https:\/\/luxpowertek.com\/lxp-sqpod-3600\/"]}]},{"@type":"ImageObject","inLanguage":"hu","@id":"https:\/\/luxpowertek.com\/lxp-sqpod-3600\/#primaryimage","url":"https:\/\/luxpowertek.com\/wp-content\/uploads\/2021\/12\/Luxpower-inverter-SQPOD-3-min.jpg","contentUrl":"https:\/\/luxpowertek.com\/wp-content\/uploads\/2021\/12\/Luxpower-inverter-SQPOD-3-min.jpg","width":800,"height":800,"caption":"ac coupled inverter"},{"@type":"BreadcrumbList","@id":"https:\/\/luxpowertek.com\/lxp-sqpod-3600\/#breadcrumb","itemListElement":[{"@type":"ListItem","position":1,"name":"Home","item":"https:\/\/luxpowertek.com\/"},{"@type":"ListItem","position":2,"name":"LXP SQPOD 3600"}]},{"@type":"WebSite","@id":"https:\/\/luxpowertek.com\/#website","url":"https:\/\/luxpowertek.com\/","name":"","description":"","publisher":{"@id":"https:\/\/luxpowertek.com\/#organization"},"potentialAction":[{"@type":"SearchAction","target":{"@type":"EntryPoint","urlTemplate":"https:\/\/luxpowertek.com\/?s={search_term_string}"},"query-input":{"@type":"PropertyValueSpecification","valueRequired":true,"valueName":"search_term_string"}}],"inLanguage":"hu"},{"@type":"Organization","@id":"https:\/\/luxpowertek.com\/#organization","name":"LuxpowerTek","url":"https:\/\/luxpowertek.com\/","logo":{"@type":"ImageObject","inLanguage":"hu","@id":"https:\/\/luxpowertek.com\/#\/schema\/logo\/image\/","url":"https:\/\/luxpowertek.com\/wp-content\/uploads\/2024\/08\/Luxpower_logo_new.webp","contentUrl":"https:\/\/luxpowertek.com\/wp-content\/uploads\/2024\/08\/Luxpower_logo_new.webp","width":1030,"height":186,"caption":"LuxpowerTek"},"image":{"@id":"https:\/\/luxpowertek.com\/#\/schema\/logo\/image\/"},"sameAs":["https:\/\/www.facebook.com\/LUXPOWERTEK"]}]}},"_links":{"self":[{"href":"https:\/\/luxpowertek.com\/hu\/wp-json\/wp\/v2\/pages\/2399","targetHints":{"allow":["GET"]}}],"collection":[{"href":"https:\/\/luxpowertek.com\/hu\/wp-json\/wp\/v2\/pages"}],"about":[{"href":"https:\/\/luxpowertek.com\/hu\/wp-json\/wp\/v2\/types\/page"}],"author":[{"embeddable":true,"href":"https:\/\/luxpowertek.com\/hu\/wp-json\/wp\/v2\/users\/1"}],"replies":[{"embeddable":true,"href":"https:\/\/luxpowertek.com\/hu\/wp-json\/wp\/v2\/comments?post=2399"}],"version-history":[{"count":0,"href":"https:\/\/luxpowertek.com\/hu\/wp-json\/wp\/v2\/pages\/2399\/revisions"}],"wp:featuredmedia":[{"embeddable":true,"href":"https:\/\/luxpowertek.com\/hu\/wp-json\/wp\/v2\/media\/1664"}],"wp:attachment":[{"href":"https:\/\/luxpowertek.com\/hu\/wp-json\/wp\/v2\/media?parent=2399"}],"curies":[{"name":"munkaf\u00fczet","href":"https:\/\/api.w.org\/{rel}","templated":true}]}}