{"id":2392,"date":"2021-12-24T13:03:17","date_gmt":"2021-12-24T05:03:17","guid":{"rendered":"https:\/\/nibianqi.bbswaimao.com\/?page_id=2392"},"modified":"2024-08-05T16:13:06","modified_gmt":"2024-08-05T08:13:06","slug":"lxp-acs-3600","status":"publish","type":"page","link":"https:\/\/luxpowertek.com\/hu\/lxp-acs-3600\/","title":{"rendered":"LXP ACS 3600"},"content":{"rendered":"<div class=\"banner has-hover\" id=\"banner-732325600\">\n          <div class=\"banner-inner fill\">\n        <div class=\"banner-bg fill\" >\n            <div class=\"bg fill bg-fill\"><\/div>\n                        <div class=\"overlay\"><\/div>            \n                    <\/div>\n\t\t\n        <div class=\"banner-layers container\">\n            <div class=\"fill banner-link\"><\/div>            \n   <div id=\"text-box-703126173\" class=\"text-box banner-layer x15 md-x15 lg-x15 y60 md-y60 lg-y60 res-text\">\n                                <div class=\"text-box-content text dark\">\n              \n              <div class=\"text-inner text-center\">\n                  \n\t<div id=\"text-2620700991\" class=\"text\">\n\t\t\n<p class=\"uppercase lead\"><span style=\"font-size: 200%;\"><strong>LXP ACS 3600<\/strong><\/span><\/p>\n\t\t\n<style>\n#text-2620700991 {\n  color: rgb(255, 255, 255);\n}\n#text-2620700991 > * {\n  color: rgb(255, 255, 255);\n}\n<\/style>\n\t<\/div>\n\t\n              <\/div>\n           <\/div>\n                            \n<style>\n#text-box-703126173 {\n  width: 60%;\n}\n#text-box-703126173 .text-box-content {\n  font-size: 100%;\n}\n<\/style>\n    <\/div>\n \n        <\/div>\n      <\/div>\n\n            \n<style>\n#banner-732325600 {\n  padding-top: 78%;\n}\n#banner-732325600 .bg.bg-loaded {\n  background-image: url(https:\/\/luxpowertek.com\/wp-content\/uploads\/2024\/07\/one-8.webp);\n}\n#banner-732325600 .overlay {\n  background-color: rgba(0, 0, 0, 0.221);\n}\n#banner-732325600 .bg {\n  background-position: 4% 0%;\n}\n@media (min-width:550px) {\n  #banner-732325600 {\n    padding-top: 47.04%;\n  }\n}\n<\/style>\n  <\/div>\n\n\n\t<section class=\"section custom_title_buttom\" id=\"section_1074461979\">\n\t\t<div class=\"bg section-bg fill bg-fill  bg-loaded\" >\n\n\t\t\t\n\t\t\t\n\t\t\t\n\n\t\t<\/div>\n\n\t\t\n\n\t\t<div class=\"section-content relative\">\n\t\t\t\n<div class=\"row\"  id=\"row-832992035\">\n\n\t<div id=\"col-90900130\" class=\"col small-12 large-12\"  >\n\t\t\t\t<div class=\"col-inner text-center\"  >\n\t\t\t\n\t\t\t\n<h2>AC csatol\u00e1s\u00fa inverter teljes\u00edtm\u00e9nye<\/h2>\n\t\t<\/div>\n\t\t\t\t\t<\/div>\n\n\t\n<\/div>\n\t\t<\/div>\n\n\t\t\n<style>\n#section_1074461979 {\n  padding-top: 9px;\n  padding-bottom: 9px;\n}\n@media (min-width:550px) {\n  #section_1074461979 {\n    padding-top: 30px;\n    padding-bottom: 30px;\n  }\n}\n<\/style>\n\t<\/section>\n\t\n\t<section class=\"section custom_productspage_section\" id=\"section_654656299\">\n\t\t<div class=\"bg section-bg fill bg-fill  bg-loaded\" >\n\n\t\t\t\n\t\t\t\n\t\t\t\n\n\t\t<\/div>\n\n\t\t\n\n\t\t<div class=\"section-content relative\">\n\t\t\t\n<div class=\"row align-middle\"  id=\"row-1458501978\">\n\n\t<div id=\"col-1499199678\" class=\"col medium-6 small-12 large-6\"  >\n\t\t\t\t<div class=\"col-inner text-center\"  >\n\t\t\t\n\t\t\t\n\t<div class=\"img has-hover x md-x lg-x y md-y lg-y\" id=\"image_1734729786\">\n\t\t\t\t\t\t\t\t<div class=\"img-inner dark\" >\n\t\t\t<img loading=\"lazy\" decoding=\"async\" width=\"1595\" height=\"1198\" src=\"https:\/\/luxpowertek.com\/wp-content\/uploads\/2023\/05\/AC-001.webp\" class=\"attachment-original size-original\" alt=\"\" srcset=\"https:\/\/luxpowertek.com\/wp-content\/uploads\/2023\/05\/AC-001.webp 1595w, https:\/\/luxpowertek.com\/wp-content\/uploads\/2023\/05\/AC-001-300x225.webp 300w, https:\/\/luxpowertek.com\/wp-content\/uploads\/2023\/05\/AC-001-1030x774.webp 1030w, https:\/\/luxpowertek.com\/wp-content\/uploads\/2023\/05\/AC-001-768x577.webp 768w, https:\/\/luxpowertek.com\/wp-content\/uploads\/2023\/05\/AC-001-1536x1154.webp 1536w, https:\/\/luxpowertek.com\/wp-content\/uploads\/2023\/05\/AC-001-800x601.webp 800w\" sizes=\"auto, (max-width: 1595px) 100vw, 1595px\" \/>\t\t\t\t\t\t\n\t\t\t\t\t<\/div>\n\t\t\t\t\t\t\t\t\n<style>\n#image_1734729786 {\n  width: 60%;\n}\n<\/style>\n\t<\/div>\n\t\n\t\t<\/div>\n\t\t\t\t\t<\/div>\n\n\t\n\n\t<div id=\"col-2143946185\" class=\"col medium-6 small-12 large-6\"  >\n\t\t\t\t<div class=\"col-inner\"  >\n\t\t\t\n\t\t\t\n<ul>\n<li><span style=\"font-size: 120%\">Er\u0151sebb UPS<\/span><\/li>\n<li><span style=\"font-size: 120%\">AC csatol\u00e1s Intelligens \u00fczemm\u00f3dok<\/span><\/li>\n<li><span style=\"font-size: 120%\">Gener\u00e1tor interf\u00e9sz el\u00e9rhet\u0151<\/span><\/li>\n<\/ul>\n\t\t<\/div>\n\t\t\t\t\t<\/div>\n\n\t\n<\/div>\n\t\t<\/div>\n\n\t\t\n<style>\n#section_654656299 {\n  padding-top: 0px;\n  padding-bottom: 0px;\n}\n@media (min-width:550px) {\n  #section_654656299 {\n    padding-top: 55px;\n    padding-bottom: 55px;\n  }\n}\n<\/style>\n\t<\/section>\n\t\n\t<section class=\"section custom_productspage_section\" id=\"section_940837088\">\n\t\t<div class=\"bg section-bg fill bg-fill  bg-loaded\" >\n\n\t\t\t\n\t\t\t\n\t\t\t\n\t<div class=\"is-border\"\n\t\tstyle=\"border-width:1 0px 0px 0px;\">\n\t<\/div>\n\n\t\t<\/div>\n\n\t\t\n\n\t\t<div class=\"section-content relative\">\n\t\t\t\n<div class=\"row align-middle\"  id=\"row-1704879015\">\n\n\t<div id=\"col-1862404376\" class=\"col hide-for-small medium-2 small-12 large-2\"  >\n\t\t\t\t<div class=\"col-inner\"  >\n\t\t\t\n\t\t\t\n\t\t<\/div>\n\t\t\t\t\t<\/div>\n\n\t\n\n\t<div id=\"col-774820769\" class=\"col medium-4 small-12 large-4\"  >\n\t\t\t\t<div class=\"col-inner\"  >\n\t\t\t\n\t\t\t\n<ul>\n<li><span style=\"font-size: 120%\">H\u00e1l\u00f3zati csatlakoz\u00f3 K\u00f6nnyen haszn\u00e1lhat\u00f3 akkumul\u00e1torral<\/span><\/li>\n<li><span style=\"font-size: 120%\">IP65, belt\u00e9ri \u00e9s k\u00fclt\u00e9ri haszn\u00e1latra<\/span><\/li>\n<li><span style=\"font-size: 120%\">Ingyenes fel\u00fcgyelet \u00e9s t\u00e1voli friss\u00edt\u00e9s<\/span><\/li>\n<\/ul>\n\t\t<\/div>\n\t\t\t\t\t<\/div>\n\n\t\n\n\t<div id=\"col-752220255\" class=\"col medium-6 small-12 large-6\"  >\n\t\t\t\t<div class=\"col-inner text-center\"  >\n\t\t\t\n\t\t\t\n\t<div class=\"img has-hover x md-x lg-x y md-y lg-y\" id=\"image_1890258329\">\n\t\t\t\t\t\t\t\t<div class=\"img-inner dark\" >\n\t\t\t<img loading=\"lazy\" decoding=\"async\" width=\"1224\" height=\"1001\" src=\"https:\/\/luxpowertek.com\/wp-content\/uploads\/2023\/05\/AC-003.webp\" class=\"attachment-original size-original\" alt=\"\" srcset=\"https:\/\/luxpowertek.com\/wp-content\/uploads\/2023\/05\/AC-003.webp 1224w, https:\/\/luxpowertek.com\/wp-content\/uploads\/2023\/05\/AC-003-300x245.webp 300w, https:\/\/luxpowertek.com\/wp-content\/uploads\/2023\/05\/AC-003-1030x842.webp 1030w, https:\/\/luxpowertek.com\/wp-content\/uploads\/2023\/05\/AC-003-768x628.webp 768w, https:\/\/luxpowertek.com\/wp-content\/uploads\/2023\/05\/AC-003-800x654.webp 800w\" sizes=\"auto, (max-width: 1224px) 100vw, 1224px\" \/>\t\t\t\t\t\t\n\t\t\t\t\t<\/div>\n\t\t\t\t\t\t\t\t\n<style>\n#image_1890258329 {\n  width: 60%;\n}\n<\/style>\n\t<\/div>\n\t\n\t\t<\/div>\n\t\t\t\t\t<\/div>\n\n\t\n<\/div>\n\t\t<\/div>\n\n\t\t\n<style>\n#section_940837088 {\n  padding-top: 0px;\n  padding-bottom: 0px;\n}\n@media (min-width:550px) {\n  #section_940837088 {\n    padding-top: 55px;\n    padding-bottom: 55px;\n  }\n}\n<\/style>\n\t<\/section>\n\t\n\t<section class=\"section custom_productspage_section\" id=\"section_737848611\">\n\t\t<div class=\"bg section-bg fill bg-fill  bg-loaded\" >\n\n\t\t\t\n\t\t\t\n\t\t\t\n\n\t\t<\/div>\n\n\t\t\n\n\t\t<div class=\"section-content relative\">\n\t\t\t\n<div class=\"row align-middle\"  id=\"row-827747142\">\n\n\t<div id=\"col-159291900\" class=\"col medium-6 small-12 large-6\"  >\n\t\t\t\t<div class=\"col-inner text-center\"  >\n\t\t\t\n\t\t\t\n\t<div class=\"img has-hover x md-x lg-x y md-y lg-y\" id=\"image_1846105013\">\n\t\t\t\t\t\t\t\t<div class=\"img-inner dark\" >\n\t\t\t<img loading=\"lazy\" decoding=\"async\" width=\"1221\" height=\"1000\" src=\"https:\/\/luxpowertek.com\/wp-content\/uploads\/2023\/05\/AC-002.webp\" class=\"attachment-original size-original\" alt=\"\" srcset=\"https:\/\/luxpowertek.com\/wp-content\/uploads\/2023\/05\/AC-002.webp 1221w, https:\/\/luxpowertek.com\/wp-content\/uploads\/2023\/05\/AC-002-300x246.webp 300w, https:\/\/luxpowertek.com\/wp-content\/uploads\/2023\/05\/AC-002-1030x844.webp 1030w, https:\/\/luxpowertek.com\/wp-content\/uploads\/2023\/05\/AC-002-768x629.webp 768w, https:\/\/luxpowertek.com\/wp-content\/uploads\/2023\/05\/AC-002-800x655.webp 800w\" sizes=\"auto, (max-width: 1221px) 100vw, 1221px\" \/>\t\t\t\t\t\t\n\t\t\t\t\t<\/div>\n\t\t\t\t\t\t\t\t\n<style>\n#image_1846105013 {\n  width: 60%;\n}\n<\/style>\n\t<\/div>\n\t\n\t\t<\/div>\n\t\t\t\t\t<\/div>\n\n\t\n\n\t<div id=\"col-1946418425\" class=\"col medium-6 small-12 large-6\"  >\n\t\t\t\t<div class=\"col-inner\"  >\n\t\t\t\n\t\t\t\n<ul>\n<li><span style=\"font-size: 120%\">H\u00e1l\u00f3zatra kapcsolt rendszereket ut\u00f3lagosan akkumul\u00e1toros \u00fczemre lehet cser\u00e9lni<\/span><\/li>\n<li><span style=\"font-size: 120%\">Csatlakoztasd \u00e9s haszn\u00e1ld, z\u00f6kken\u0151mentes v\u00e1lt\u00e1s 10 ms alatt<\/span><\/li>\n<li><span style=\"font-size: 120%\">Egy\u00fcttm\u0171k\u00f6dj\u00f6n a k\u00f6zm\u0171szolg\u00e1ltat\u00f3kkal az akkumul\u00e1tor intelligens kezel\u00e9se \u00e9s a sz\u00e1ml\u00e1k megtakar\u00edt\u00e1sa \u00e9rdek\u00e9ben<\/span><\/li>\n<\/ul>\n\t\t<\/div>\n\t\t\t\t\t<\/div>\n\n\t\n<\/div>\n\t\t<\/div>\n\n\t\t\n<style>\n#section_737848611 {\n  padding-top: 0px;\n  padding-bottom: 0px;\n}\n@media (min-width:550px) {\n  #section_737848611 {\n    padding-top: 55px;\n    padding-bottom: 55px;\n  }\n}\n<\/style>\n\t<\/section>\n\t\n\t<section class=\"section custom_title_buttom has-parallax\" id=\"section_1765563694\">\n\t\t<div class=\"bg section-bg fill bg-fill\" data-parallax-container=\".section\" data-parallax-background data-parallax=\"-10\">\n\n\t\t\t\n\t\t\t<div class=\"section-bg-overlay absolute fill\"><\/div>\n\t\t\t\n\n\t\t<\/div>\n\n\t\t\n\n\t\t<div class=\"section-content relative\">\n\t\t\t\n<div class=\"row\"  id=\"row-1418064674\">\n\n\t<div id=\"col-1904708697\" class=\"col small-12 large-12\"  >\n\t\t\t\t<div class=\"col-inner text-center\"  >\n\t\t\t\n\t\t\t\n<h2>AC csatol\u00e1s\u00fa inverter hat\u00e9konys\u00e1ga<\/h2>\n\t\t<\/div>\n\t\t\t\t\t<\/div>\n\n\t\n<\/div>\n<div class=\"row\"  id=\"row-229631216\">\n\n\t<div id=\"col-1723430124\" class=\"col hide-for-small medium-2 small-12 large-2\"  >\n\t\t\t\t<div class=\"col-inner\"  >\n\t\t\t\n\t\t\t\n\t\t<\/div>\n\t\t\t\t\t<\/div>\n\n\t\n\n\t<div id=\"col-994827886\" class=\"col medium-8 small-12 large-8\"  >\n\t\t\t\t<div class=\"col-inner\"  >\n\t\t\t\n\t\t\t\n<div class=\"row\"  id=\"row-991560276\">\n\n\t<div id=\"col-889568875\" class=\"col medium-6 small-12 large-6\"  data-animate=\"flipInX\">\n\t\t\t\t<div class=\"col-inner\"  >\n\t\t\t\n\t\t\t\n\t<div id=\"text-3324338409\" class=\"text\">\n\t\t\n<p><span style=\"font-size: 450%\">97.5%<\/span><\/p>\n<h3>Eur\u00f3pa Hat\u00e9konys\u00e1g<\/h3>\n\t\t\n<style>\n#text-3324338409 {\n  text-align: center;\n}\n<\/style>\n\t<\/div>\n\t\n\t\t<\/div>\n\t\t\t\t\t<\/div>\n\n\t\n\n\t<div id=\"col-212567587\" class=\"col medium-6 small-12 large-6\"  data-animate=\"flipInX\">\n\t\t\t\t<div class=\"col-inner\"  >\n\t\t\t\n\t\t\t\n\t<div id=\"text-2739006175\" class=\"text\">\n\t\t\n<p><span style=\"font-size: 450%\">97.9%<\/span><\/p>\n<h3>Maxim\u00e1lis hat\u00e9konys\u00e1g<\/h3>\n\t\t\n<style>\n#text-2739006175 {\n  text-align: center;\n}\n<\/style>\n\t<\/div>\n\t\n\t\t<\/div>\n\t\t\t\t\t<\/div>\n\n\t\n<\/div>\n\t\t<\/div>\n\t\t\t\t\t<\/div>\n\n\t\n\n\t<div id=\"col-1103125798\" class=\"col hide-for-small medium-2 small-12 large-2\"  >\n\t\t\t\t<div class=\"col-inner\"  >\n\t\t\t\n\t\t\t\n\t\t<\/div>\n\t\t\t\t\t<\/div>\n\n\t\n<\/div>\n\t\t<\/div>\n\n\t\t\n<style>\n#section_1765563694 {\n  padding-top: 9px;\n  padding-bottom: 9px;\n}\n#section_1765563694 .section-bg-overlay {\n  background-color: rgba(255, 255, 255, 0.9);\n}\n#section_1765563694 .section-bg.bg-loaded {\n  background-image: url(https:\/\/luxpowertek.com\/wp-content\/uploads\/2021\/12\/ACS3600.jpg);\n}\n@media (min-width:550px) {\n  #section_1765563694 {\n    padding-top: 30px;\n    padding-bottom: 30px;\n  }\n}\n<\/style>\n\t<\/section>\n\t\n\t<section class=\"section custom_title_buttom\" id=\"section_1418912442\">\n\t\t<div class=\"bg section-bg fill bg-fill  bg-loaded\" >\n\n\t\t\t\n\t\t\t\n\t\t\t\n\n\t\t<\/div>\n\n\t\t\n\n\t\t<div class=\"section-content relative\">\n\t\t\t\n<div class=\"row\"  id=\"row-682730408\">\n\n\t<div id=\"col-196202637\" class=\"col small-12 large-12\"  >\n\t\t\t\t<div class=\"col-inner text-center\"  >\n\t\t\t\n\t\t\t\n<h2>AC csatol\u00e1s\u00fa inverter alkalmaz\u00e1s<\/h2>\n\t\t<\/div>\n\t\t\t\t\t<\/div>\n\n\t\n<\/div>\n<div class=\"row\"  id=\"row-1375671969\">\n\n\t<div id=\"col-1193229591\" class=\"col small-12 large-12\"  >\n\t\t\t\t<div class=\"col-inner text-center\"  >\n\t\t\t\n\t\t\t\n<h3>Rendszerkapcsolat<\/h3>\n<div class=\"is-divider divider clearfix\" style=\"max-width:60px;background-color:rgb(96, 169, 132);\"><\/div>\n\t<div id=\"text-3726376020\" class=\"text\">\n\t\t\n<p>Egy megl\u00e9v\u0151 h\u00e1l\u00f3zatra kapcsolt napelemes rendszer napelemes energiat\u00e1rol\u00f3 hibrid rendszerr\u00e9 alak\u00edt\u00e1sa nem is lehetne egyszer\u0171bb, mint egy LXP AC sorozat\u00fa inverter telep\u00edt\u00e9se, amely az AC oldalon egy akkumul\u00e1torcsomaggal van \u00f6sszekapcsolva.<br \/>\n\t\t\n<style>\n#text-3726376020 {\n  text-align: left;\n}\n<\/style>\n\t<\/div>\n\t\n\t<div class=\"img has-hover x md-x lg-x y md-y lg-y\" id=\"image_568862598\">\n\t\t\t\t\t\t\t\t<div class=\"img-inner dark\" >\n\t\t\t<img loading=\"lazy\" decoding=\"async\" width=\"711\" height=\"537\" src=\"https:\/\/luxpowertek.com\/wp-content\/uploads\/2021\/12\/acapplication1.png\" class=\"attachment-original size-original\" alt=\"inverteres napelemes energia\" srcset=\"https:\/\/luxpowertek.com\/wp-content\/uploads\/2021\/12\/acapplication1.png 711w, https:\/\/luxpowertek.com\/wp-content\/uploads\/2021\/12\/acapplication1-300x227.png 300w\" sizes=\"auto, (max-width: 711px) 100vw, 711px\" \/>\t\t\t\t\t\t\n\t\t\t\t\t<\/div>\n\t\t\t\t\t\t\t\t\n<style>\n#image_568862598 {\n  width: 56%;\n}\n<\/style>\n\t<\/div>\n\t\n\t\t<\/div>\n\t\t\t\t\t<\/div>\n\n\t\n<\/div>\n\t\t<\/div>\n\n\t\t\n<style>\n#section_1418912442 {\n  padding-top: 9px;\n  padding-bottom: 9px;\n}\n@media (min-width:550px) {\n  #section_1418912442 {\n    padding-top: 30px;\n    padding-bottom: 30px;\n  }\n}\n<\/style>\n\t<\/section>\n\t\n\t<section class=\"section\" id=\"section_1726042697\">\n\t\t<div class=\"bg section-bg fill bg-fill  bg-loaded\" >\n\n\t\t\t\n\t\t\t\n\t\t\t\n\n\t\t<\/div>\n\n\t\t\n\n\t\t<div class=\"section-content relative\">\n\t\t\t\n<div class=\"row\"  id=\"row-2051243759\">\n\n\t<div id=\"col-2047696016\" class=\"col small-12 large-12\"  >\n\t\t\t\t<div class=\"col-inner text-center\"  >\n\t\t\t\n\t\t\t\n<h3>V\u00e1ltoztathat\u00f3 AC csatol\u00e1si \u00fczemm\u00f3dok<\/h3>\n<div class=\"is-divider divider clearfix\" style=\"max-width:60px;background-color:rgb(96, 169, 132);\"><\/div>\n\t<div id=\"text-2194078206\" class=\"text\">\n\t\t\n<p>\u00d6n\u00e1ll\u00f3 haszn\u00e1lat m\u00f3dban a v\u00e1lt\u00f3\u00e1ram\u00fa inverter \u00e9rz\u00e9keli a h\u00e1l\u00f3zatra kapcsolt inverter \u00e1ltal gener\u00e1lt energi\u00e1t, amelyet el\u0151sz\u00f6r a helyi terhel\u00e9sek haszn\u00e1lnak fel, a fennmarad\u00f3 energi\u00e1t pedig az akkumul\u00e1torban t\u00e1rolja a v\u00e1lt\u00f3\u00e1ram\u00fa inverter, a felesleges energi\u00e1t pedig visszat\u00e1pl\u00e1lja a h\u00e1l\u00f3zatba. Ez az alap\u00e9rtelmezett m\u00f3d, amely n\u00f6veli az \u00f6nfogyaszt\u00e1s m\u00e9rt\u00e9k\u00e9t \u00e9s jelent\u0151sen cs\u00f6kkenti az energiasz\u00e1ml\u00e1t.<br \/>\n\t\t\n<style>\n#text-2194078206 {\n  text-align: left;\n}\n<\/style>\n\t<\/div>\n\t\n\t<div class=\"img has-hover x md-x lg-x y md-y lg-y\" id=\"image_1282522887\">\n\t\t\t\t\t\t\t\t<div class=\"img-inner dark\" >\n\t\t\t<img loading=\"lazy\" decoding=\"async\" width=\"851\" height=\"455\" src=\"https:\/\/luxpowertek.com\/wp-content\/uploads\/2021\/12\/acapplication3.png\" class=\"attachment-original size-original\" alt=\"napelemes inverter\" srcset=\"https:\/\/luxpowertek.com\/wp-content\/uploads\/2021\/12\/acapplication3.png 851w, https:\/\/luxpowertek.com\/wp-content\/uploads\/2021\/12\/acapplication3-300x160.png 300w, https:\/\/luxpowertek.com\/wp-content\/uploads\/2021\/12\/acapplication3-768x411.png 768w, https:\/\/luxpowertek.com\/wp-content\/uploads\/2021\/12\/acapplication3-800x428.png 800w\" sizes=\"auto, (max-width: 851px) 100vw, 851px\" \/>\t\t\t\t\t\t\n\t\t\t\t\t<\/div>\n\t\t\t\t\t\t\t\t\n<style>\n#image_1282522887 {\n  width: 64%;\n}\n<\/style>\n\t<\/div>\n\t\n\t\t<\/div>\n\t\t\t\t\t<\/div>\n\n\t\n<\/div>\n\t\t<\/div>\n\n\t\t\n<style>\n#section_1726042697 {\n  padding-top: 30px;\n  padding-bottom: 30px;\n}\n<\/style>\n\t<\/section>","protected":false},"excerpt":{"rendered":"","protected":false},"author":1,"featured_media":1659,"parent":0,"menu_order":0,"comment_status":"closed","ping_status":"closed","template":"page-transparent-header-light.php","meta":{"rop_custom_images_group":[],"rop_custom_messages_group":[],"rop_publish_now":"initial","rop_publish_now_accounts":[],"rop_publish_now_history":[],"rop_publish_now_status":"pending","footnotes":""},"class_list":["post-2392","page","type-page","status-publish","has-post-thumbnail","hentry"],"yoast_head":"<!-- This site is optimized with the Yoast SEO plugin v27.3 - https:\/\/yoast.com\/product\/yoast-seo-wordpress\/ -->\n<title>LXP ACS 3600 - Solar Battery System Ac Coupled Inverter<\/title>\n<meta name=\"description\" content=\"Advanced AC coupled off-grid systems use modern solar inverters to convert solar DC power directly into AC power.\" \/>\n<meta name=\"robots\" content=\"index, follow, max-snippet:-1, max-image-preview:large, max-video-preview:-1\" \/>\n<link rel=\"canonical\" href=\"https:\/\/luxpowertek.com\/hu\/lxp-acs-3600\/\" \/>\n<meta property=\"og:locale\" content=\"hu_HU\" \/>\n<meta property=\"og:type\" content=\"article\" \/>\n<meta property=\"og:title\" content=\"LXP ACS 3600 - Solar Battery System Ac Coupled Inverter\" \/>\n<meta property=\"og:description\" content=\"Advanced AC coupled off-grid systems use modern solar inverters to convert solar DC power directly into AC power.\" \/>\n<meta property=\"og:url\" content=\"https:\/\/luxpowertek.com\/hu\/lxp-acs-3600\/\" \/>\n<meta property=\"article:modified_time\" content=\"2024-08-05T08:13:06+00:00\" \/>\n<meta property=\"og:image\" content=\"https:\/\/luxpowertek.com\/wp-content\/uploads\/2021\/12\/Luxpower-inverter-ACS3600-2-min.jpg\" \/>\n\t<meta property=\"og:image:width\" content=\"800\" \/>\n\t<meta property=\"og:image:height\" content=\"800\" \/>\n\t<meta property=\"og:image:type\" content=\"image\/jpeg\" \/>\n<meta name=\"twitter:card\" content=\"summary_large_image\" \/>\n<meta name=\"twitter:label1\" content=\"Est. reading time\" \/>\n\t<meta name=\"twitter:data1\" content=\"2 perc\" \/>\n<script type=\"application\/ld+json\" class=\"yoast-schema-graph\">{\"@context\":\"https:\\\/\\\/schema.org\",\"@graph\":[{\"@type\":\"WebPage\",\"@id\":\"https:\\\/\\\/luxpowertek.com\\\/lxp-acs-3600\\\/\",\"url\":\"https:\\\/\\\/luxpowertek.com\\\/lxp-acs-3600\\\/\",\"name\":\"LXP ACS 3600 - Solar Battery System Ac Coupled Inverter\",\"isPartOf\":{\"@id\":\"https:\\\/\\\/luxpowertek.com\\\/#website\"},\"primaryImageOfPage\":{\"@id\":\"https:\\\/\\\/luxpowertek.com\\\/lxp-acs-3600\\\/#primaryimage\"},\"image\":{\"@id\":\"https:\\\/\\\/luxpowertek.com\\\/lxp-acs-3600\\\/#primaryimage\"},\"thumbnailUrl\":\"https:\\\/\\\/luxpowertek.com\\\/wp-content\\\/uploads\\\/2021\\\/12\\\/Luxpower-inverter-ACS3600-2-min.jpg\",\"datePublished\":\"2021-12-24T05:03:17+00:00\",\"dateModified\":\"2024-08-05T08:13:06+00:00\",\"description\":\"Advanced AC coupled off-grid systems use modern solar inverters to convert solar DC power directly into AC power.\",\"breadcrumb\":{\"@id\":\"https:\\\/\\\/luxpowertek.com\\\/lxp-acs-3600\\\/#breadcrumb\"},\"inLanguage\":\"hu\",\"potentialAction\":[{\"@type\":\"ReadAction\",\"target\":[\"https:\\\/\\\/luxpowertek.com\\\/lxp-acs-3600\\\/\"]}]},{\"@type\":\"ImageObject\",\"inLanguage\":\"hu\",\"@id\":\"https:\\\/\\\/luxpowertek.com\\\/lxp-acs-3600\\\/#primaryimage\",\"url\":\"https:\\\/\\\/luxpowertek.com\\\/wp-content\\\/uploads\\\/2021\\\/12\\\/Luxpower-inverter-ACS3600-2-min.jpg\",\"contentUrl\":\"https:\\\/\\\/luxpowertek.com\\\/wp-content\\\/uploads\\\/2021\\\/12\\\/Luxpower-inverter-ACS3600-2-min.jpg\",\"width\":800,\"height\":800,\"caption\":\"AC COUPLED INVERTER\"},{\"@type\":\"BreadcrumbList\",\"@id\":\"https:\\\/\\\/luxpowertek.com\\\/lxp-acs-3600\\\/#breadcrumb\",\"itemListElement\":[{\"@type\":\"ListItem\",\"position\":1,\"name\":\"Home\",\"item\":\"https:\\\/\\\/luxpowertek.com\\\/\"},{\"@type\":\"ListItem\",\"position\":2,\"name\":\"LXP ACS 3600\"}]},{\"@type\":\"WebSite\",\"@id\":\"https:\\\/\\\/luxpowertek.com\\\/#website\",\"url\":\"https:\\\/\\\/luxpowertek.com\\\/\",\"name\":\"\",\"description\":\"\",\"potentialAction\":[{\"@type\":\"SearchAction\",\"target\":{\"@type\":\"EntryPoint\",\"urlTemplate\":\"https:\\\/\\\/luxpowertek.com\\\/?s={search_term_string}\"},\"query-input\":{\"@type\":\"PropertyValueSpecification\",\"valueRequired\":true,\"valueName\":\"search_term_string\"}}],\"inLanguage\":\"hu\"}]}<\/script>\n<!-- \/ Yoast SEO plugin. -->","yoast_head_json":{"title":"LXP ACS 3600 - Napelemes rendszer AC csatol\u00e1s\u00fa inverterrel","description":"A fejlett, v\u00e1ltakoz\u00f3 \u00e1ram\u00fa, h\u00e1l\u00f3zaton k\u00edv\u00fcli rendszerek modern napelemes invertereket haszn\u00e1lnak a napelemes egyen\u00e1ram k\u00f6zvetlen v\u00e1ltakoz\u00f3 \u00e1ramm\u00e1 alak\u00edt\u00e1s\u00e1ra.","robots":{"index":"index","follow":"follow","max-snippet":"max-snippet:-1","max-image-preview":"max-image-preview:large","max-video-preview":"max-video-preview:-1"},"canonical":"https:\/\/luxpowertek.com\/hu\/lxp-acs-3600\/","og_locale":"hu_HU","og_type":"article","og_title":"LXP ACS 3600 - Solar Battery System Ac Coupled Inverter","og_description":"Advanced AC coupled off-grid systems use modern solar inverters to convert solar DC power directly into AC power.","og_url":"https:\/\/luxpowertek.com\/hu\/lxp-acs-3600\/","article_modified_time":"2024-08-05T08:13:06+00:00","og_image":[{"width":800,"height":800,"url":"https:\/\/luxpowertek.com\/wp-content\/uploads\/2021\/12\/Luxpower-inverter-ACS3600-2-min.jpg","type":"image\/jpeg"}],"twitter_card":"summary_large_image","twitter_misc":{"Est. reading time":"2 perc"},"schema":{"@context":"https:\/\/schema.org","@graph":[{"@type":"WebPage","@id":"https:\/\/luxpowertek.com\/lxp-acs-3600\/","url":"https:\/\/luxpowertek.com\/lxp-acs-3600\/","name":"LXP ACS 3600 - Napelemes rendszer AC csatol\u00e1s\u00fa inverterrel","isPartOf":{"@id":"https:\/\/luxpowertek.com\/#website"},"primaryImageOfPage":{"@id":"https:\/\/luxpowertek.com\/lxp-acs-3600\/#primaryimage"},"image":{"@id":"https:\/\/luxpowertek.com\/lxp-acs-3600\/#primaryimage"},"thumbnailUrl":"https:\/\/luxpowertek.com\/wp-content\/uploads\/2021\/12\/Luxpower-inverter-ACS3600-2-min.jpg","datePublished":"2021-12-24T05:03:17+00:00","dateModified":"2024-08-05T08:13:06+00:00","description":"A fejlett, v\u00e1ltakoz\u00f3 \u00e1ram\u00fa, h\u00e1l\u00f3zaton k\u00edv\u00fcli rendszerek modern napelemes invertereket haszn\u00e1lnak a napelemes egyen\u00e1ram k\u00f6zvetlen v\u00e1ltakoz\u00f3 \u00e1ramm\u00e1 alak\u00edt\u00e1s\u00e1ra.","breadcrumb":{"@id":"https:\/\/luxpowertek.com\/lxp-acs-3600\/#breadcrumb"},"inLanguage":"hu","potentialAction":[{"@type":"ReadAction","target":["https:\/\/luxpowertek.com\/lxp-acs-3600\/"]}]},{"@type":"ImageObject","inLanguage":"hu","@id":"https:\/\/luxpowertek.com\/lxp-acs-3600\/#primaryimage","url":"https:\/\/luxpowertek.com\/wp-content\/uploads\/2021\/12\/Luxpower-inverter-ACS3600-2-min.jpg","contentUrl":"https:\/\/luxpowertek.com\/wp-content\/uploads\/2021\/12\/Luxpower-inverter-ACS3600-2-min.jpg","width":800,"height":800,"caption":"AC COUPLED INVERTER"},{"@type":"BreadcrumbList","@id":"https:\/\/luxpowertek.com\/lxp-acs-3600\/#breadcrumb","itemListElement":[{"@type":"ListItem","position":1,"name":"Home","item":"https:\/\/luxpowertek.com\/"},{"@type":"ListItem","position":2,"name":"LXP ACS 3600"}]},{"@type":"WebSite","@id":"https:\/\/luxpowertek.com\/#website","url":"https:\/\/luxpowertek.com\/","name":"","description":"","potentialAction":[{"@type":"SearchAction","target":{"@type":"EntryPoint","urlTemplate":"https:\/\/luxpowertek.com\/?s={search_term_string}"},"query-input":{"@type":"PropertyValueSpecification","valueRequired":true,"valueName":"search_term_string"}}],"inLanguage":"hu"}]}},"_links":{"self":[{"href":"https:\/\/luxpowertek.com\/hu\/wp-json\/wp\/v2\/pages\/2392","targetHints":{"allow":["GET"]}}],"collection":[{"href":"https:\/\/luxpowertek.com\/hu\/wp-json\/wp\/v2\/pages"}],"about":[{"href":"https:\/\/luxpowertek.com\/hu\/wp-json\/wp\/v2\/types\/page"}],"author":[{"embeddable":true,"href":"https:\/\/luxpowertek.com\/hu\/wp-json\/wp\/v2\/users\/1"}],"replies":[{"embeddable":true,"href":"https:\/\/luxpowertek.com\/hu\/wp-json\/wp\/v2\/comments?post=2392"}],"version-history":[{"count":2,"href":"https:\/\/luxpowertek.com\/hu\/wp-json\/wp\/v2\/pages\/2392\/revisions"}],"predecessor-version":[{"id":11524,"href":"https:\/\/luxpowertek.com\/hu\/wp-json\/wp\/v2\/pages\/2392\/revisions\/11524"}],"wp:featuredmedia":[{"embeddable":true,"href":"https:\/\/luxpowertek.com\/hu\/wp-json\/wp\/v2\/media\/1659"}],"wp:attachment":[{"href":"https:\/\/luxpowertek.com\/hu\/wp-json\/wp\/v2\/media?parent=2392"}],"curies":[{"name":"munkaf\u00fczet","href":"https:\/\/api.w.org\/{rel}","templated":true}]}}