{"id":2354,"date":"2021-12-24T11:09:56","date_gmt":"2021-12-24T03:09:56","guid":{"rendered":"https:\/\/nibianqi.bbswaimao.com\/?page_id=2354"},"modified":"2023-12-07T10:32:24","modified_gmt":"2023-12-07T02:32:24","slug":"oko-hibrid-sna","status":"publish","type":"page","link":"https:\/\/luxpowertek.com\/hu\/oko-hibrid-sna\/","title":{"rendered":"ECO Hybrid SNA 3-5k"},"content":{"rendered":"<div class=\"banner has-hover\" id=\"banner-579754485\">\n          <div class=\"banner-inner fill\">\n        <div class=\"banner-bg fill\" >\n            <div class=\"bg fill bg-fill\"><\/div>\n                        <div class=\"overlay\"><\/div>            \n                    <\/div>\n\t\t\n        <div class=\"banner-layers container\">\n            <div class=\"fill banner-link\"><\/div>            \n   <div id=\"text-box-1371216633\" class=\"text-box banner-layer x50 md-x50 lg-x50 y50 md-y50 lg-y50 res-text\">\n                                <div class=\"text-box-content text dark\">\n              \n              <div class=\"text-inner text-center\">\n                  \n<h1><span style=\"font-size: 75%\">ECO Hybrid SNA 3-5k<\/span><\/h1>\n<h3>\u00a0 \u00a0 \u00a0 \u00a0 \u00a0 \u00a0 \u00a0 \u00a0 \u00a0 \u00a0 \u00a0 \u00a0\u2013 Legn\u00e9pszer\u0171bb Off Grid inverter<\/h3>\n              <\/div>\n           <\/div>\n                            \n<style>\n#text-box-1371216633 {\n  width: 60%;\n}\n#text-box-1371216633 .text-box-content {\n  font-size: 100%;\n}\n<\/style>\n    <\/div>\n \n        <\/div>\n      <\/div>\n\n            \n<style>\n#banner-579754485 {\n  padding-top: 78%;\n}\n#banner-579754485 .bg.bg-loaded {\n  background-image: url(https:\/\/luxpowertek.com\/wp-content\/uploads\/2021\/12\/SNA-3-5kW.jpg);\n}\n#banner-579754485 .overlay {\n  background-color: rgba(0, 0, 0, 0.2);\n}\n@media (min-width:550px) {\n  #banner-579754485 {\n    padding-top: 38%;\n  }\n}\n<\/style>\n  <\/div>\n\n\n\t<section class=\"section custom_title_buttom\" id=\"section_873386741\">\n\t\t<div class=\"bg section-bg fill bg-fill  bg-loaded\" >\n\n\t\t\t\n\t\t\t\n\t\t\t\n\n\t\t<\/div>\n\n\t\t\n\n\t\t<div class=\"section-content relative\">\n\t\t\t\n<div class=\"row\"  id=\"row-1045473028\">\n\n\t<div id=\"col-1261765660\" class=\"col small-12 large-12\"  >\n\t\t\t\t<div class=\"col-inner text-center\"  >\n\t\t\t\n\t\t\t\n<h2>H\u00e1l\u00f3zaton k\u00edv\u00fcli inverter teljes\u00edtm\u00e9nye<\/h2>\n\t\t<\/div>\n\t\t\t\t\t<\/div>\n\n\t\n<\/div>\n\t\t<\/div>\n\n\t\t\n<style>\n#section_873386741 {\n  padding-top: 9px;\n  padding-bottom: 9px;\n}\n@media (min-width:550px) {\n  #section_873386741 {\n    padding-top: 30px;\n    padding-bottom: 30px;\n  }\n}\n<\/style>\n\t<\/section>\n\t\n\t<section class=\"section custom_productspage_section\" id=\"section_1279789316\">\n\t\t<div class=\"bg section-bg fill bg-fill  bg-loaded\" >\n\n\t\t\t\n\t\t\t\n\t\t\t\n\n\t\t<\/div>\n\n\t\t\n\n\t\t<div class=\"section-content relative\">\n\t\t\t\n<div class=\"row align-middle\"  id=\"row-2082594199\">\n\n\t<div id=\"col-556165102\" class=\"col medium-6 small-12 large-6\"  >\n\t\t\t\t<div class=\"col-inner text-center\"  >\n\t\t\t\n\t\t\t\n\t<div class=\"img has-hover x md-x lg-x y md-y lg-y\" id=\"image_2102095880\">\n\t\t\t\t\t\t\t\t<div class=\"img-inner dark\" >\n\t\t\t<img loading=\"lazy\" decoding=\"async\" width=\"630\" height=\"1030\" src=\"https:\/\/luxpowertek.com\/wp-content\/uploads\/2023\/05\/ECO-001-A-630x1030.webp\" class=\"attachment-large size-large\" alt=\"\" srcset=\"https:\/\/luxpowertek.com\/wp-content\/uploads\/2023\/05\/ECO-001-A-630x1030.webp 630w, https:\/\/luxpowertek.com\/wp-content\/uploads\/2023\/05\/ECO-001-A-183x300.webp 183w, https:\/\/luxpowertek.com\/wp-content\/uploads\/2023\/05\/ECO-001-A-768x1256.webp 768w, https:\/\/luxpowertek.com\/wp-content\/uploads\/2023\/05\/ECO-001-A-939x1536.webp 939w, https:\/\/luxpowertek.com\/wp-content\/uploads\/2023\/05\/ECO-001-A-800x1308.webp 800w, https:\/\/luxpowertek.com\/wp-content\/uploads\/2023\/05\/ECO-001-A.webp 1091w\" sizes=\"auto, (max-width: 630px) 100vw, 630px\" \/>\t\t\t\t\t\t\n\t\t\t\t\t<\/div>\n\t\t\t\t\t\t\t\t\n<style>\n#image_2102095880 {\n  width: 40%;\n}\n<\/style>\n\t<\/div>\n\t\n\t\t<\/div>\n\t\t\t\t\t<\/div>\n\n\t\n\n\t<div id=\"col-2110901047\" class=\"col medium-6 small-12 large-6\"  >\n\t\t\t\t<div class=\"col-inner\"  >\n\t\t\t\n\t\t\t\n<ul>\n<li><span style=\"font-size: 120%\">Intelligens, h\u00e1l\u00f3zaton k\u00edv\u00fcli \u00e9s hibrid \u00fczemm\u00f3dok<\/span><\/li>\n<li><span style=\"font-size: 120%\">PV \u00e9s AC teljes\u00edtm\u00e9nyterhel\u00e9sek egyidej\u0171 haszn\u00e1lata<\/span><\/li>\n<li><span style=\"font-size: 120%\">Sz\u00e9les PV bemeneti fesz\u00fclts\u00e9gtartom\u00e1ny: 100V~480V<\/span><\/li>\n<\/ul>\n\t\t<\/div>\n\t\t\t\t\t<\/div>\n\n\t\n<\/div>\n\t\t<\/div>\n\n\t\t\n<style>\n#section_1279789316 {\n  padding-top: 0px;\n  padding-bottom: 0px;\n}\n@media (min-width:550px) {\n  #section_1279789316 {\n    padding-top: 55px;\n    padding-bottom: 55px;\n  }\n}\n<\/style>\n\t<\/section>\n\t\n\t<section class=\"section custom_productspage_section\" id=\"section_1599564815\">\n\t\t<div class=\"bg section-bg fill bg-fill  bg-loaded\" >\n\n\t\t\t\n\t\t\t\n\t\t\t\n\t<div class=\"is-border\"\n\t\tstyle=\"border-width:1 0px 0px 0px;\">\n\t<\/div>\n\n\t\t<\/div>\n\n\t\t\n\n\t\t<div class=\"section-content relative\">\n\t\t\t\n<div class=\"row align-middle\"  id=\"row-532826033\">\n\n\t<div id=\"col-99752622\" class=\"col hide-for-small medium-2 small-12 large-2\"  >\n\t\t\t\t<div class=\"col-inner\"  >\n\t\t\t\n\t\t\t\n\t\t<\/div>\n\t\t\t\t\t<\/div>\n\n\t\n\n\t<div id=\"col-885128207\" class=\"col medium-4 small-12 large-4\"  >\n\t\t\t\t<div class=\"col-inner\"  >\n\t\t\t\n\t\t\t\n<ul>\n<li><span style=\"font-size: 120%\">K\u00f6nnyen haszn\u00e1lhat\u00f3 DC-DC \u00e1talak\u00edt\u00f3 akkumul\u00e1torral<\/span><\/li>\n<li><span style=\"font-size: 120%\">Ingyenes fel\u00fcgyelet \u00e9s t\u00e1voli friss\u00edt\u00e9s<\/span><\/li>\n<li><span style=\"font-size: 120%\">Egyf\u00e1zis\u00fa vagy kiegyens\u00falyozatlan h\u00e1romf\u00e1zis\u00fa<\/span><\/li>\n<\/ul>\n\t\t<\/div>\n\t\t\t\t\t<\/div>\n\n\t\n\n\t<div id=\"col-1700494763\" class=\"col medium-6 small-12 large-6\"  >\n\t\t\t\t<div class=\"col-inner text-center\"  >\n\t\t\t\n\t\t\t\n\t<div class=\"img has-hover x md-x lg-x y md-y lg-y\" id=\"image_991532907\">\n\t\t\t\t\t\t\t\t<div class=\"img-inner dark\" >\n\t\t\t<img loading=\"lazy\" decoding=\"async\" width=\"1015\" height=\"1582\" src=\"https:\/\/luxpowertek.com\/wp-content\/uploads\/2023\/05\/ECO-002.webp\" class=\"attachment-original size-original\" alt=\"\" srcset=\"https:\/\/luxpowertek.com\/wp-content\/uploads\/2023\/05\/ECO-002.webp 1015w, https:\/\/luxpowertek.com\/wp-content\/uploads\/2023\/05\/ECO-002-192x300.webp 192w, https:\/\/luxpowertek.com\/wp-content\/uploads\/2023\/05\/ECO-002-661x1030.webp 661w, https:\/\/luxpowertek.com\/wp-content\/uploads\/2023\/05\/ECO-002-768x1197.webp 768w, https:\/\/luxpowertek.com\/wp-content\/uploads\/2023\/05\/ECO-002-985x1536.webp 985w, https:\/\/luxpowertek.com\/wp-content\/uploads\/2023\/05\/ECO-002-800x1247.webp 800w\" sizes=\"auto, (max-width: 1015px) 100vw, 1015px\" \/>\t\t\t\t\t\t\n\t\t\t\t\t<\/div>\n\t\t\t\t\t\t\t\t\n<style>\n#image_991532907 {\n  width: 40%;\n}\n<\/style>\n\t<\/div>\n\t\n\t\t<\/div>\n\t\t\t\t\t<\/div>\n\n\t\n<\/div>\n\t\t<\/div>\n\n\t\t\n<style>\n#section_1599564815 {\n  padding-top: 0px;\n  padding-bottom: 0px;\n}\n@media (min-width:550px) {\n  #section_1599564815 {\n    padding-top: 55px;\n    padding-bottom: 55px;\n  }\n}\n<\/style>\n\t<\/section>\n\t\n\t<section class=\"section custom_productspage_section\" id=\"section_521153697\">\n\t\t<div class=\"bg section-bg fill bg-fill  bg-loaded\" >\n\n\t\t\t\n\t\t\t\n\t\t\t\n\n\t\t<\/div>\n\n\t\t\n\n\t\t<div class=\"section-content relative\">\n\t\t\t\n<div class=\"row align-middle\"  id=\"row-63851225\">\n\n\t<div id=\"col-1637783475\" class=\"col medium-6 small-12 large-6\"  >\n\t\t\t\t<div class=\"col-inner text-center\"  >\n\t\t\t\n\t\t\t\n\t<div class=\"img has-hover x md-x lg-x y md-y lg-y\" id=\"image_1047636736\">\n\t\t\t\t\t\t\t\t<div class=\"img-inner dark\" >\n\t\t\t<img loading=\"lazy\" decoding=\"async\" width=\"1007\" height=\"1596\" src=\"https:\/\/luxpowertek.com\/wp-content\/uploads\/2023\/05\/ECO-003.webp\" class=\"attachment-original size-original\" alt=\"\" srcset=\"https:\/\/luxpowertek.com\/wp-content\/uploads\/2023\/05\/ECO-003.webp 1007w, https:\/\/luxpowertek.com\/wp-content\/uploads\/2023\/05\/ECO-003-189x300.webp 189w, https:\/\/luxpowertek.com\/wp-content\/uploads\/2023\/05\/ECO-003-650x1030.webp 650w, https:\/\/luxpowertek.com\/wp-content\/uploads\/2023\/05\/ECO-003-768x1217.webp 768w, https:\/\/luxpowertek.com\/wp-content\/uploads\/2023\/05\/ECO-003-969x1536.webp 969w, https:\/\/luxpowertek.com\/wp-content\/uploads\/2023\/05\/ECO-003-800x1268.webp 800w\" sizes=\"auto, (max-width: 1007px) 100vw, 1007px\" \/>\t\t\t\t\t\t\n\t\t\t\t\t<\/div>\n\t\t\t\t\t\t\t\t\n<style>\n#image_1047636736 {\n  width: 40%;\n}\n<\/style>\n\t<\/div>\n\t\n\t\t<\/div>\n\t\t\t\t\t<\/div>\n\n\t\n\n\t<div id=\"col-1961913058\" class=\"col medium-6 small-12 large-6\"  >\n\t\t\t\t<div class=\"col-inner\"  >\n\t\t\t\n\t\t\t\n<ul>\n<li><span style=\"font-size: 120%\">Fejlett p\u00e1rhuzamos, ak\u00e1r 16 egys\u00e9g<\/span><\/li>\n<li><span style=\"font-size: 120%\">F\u00fcggetlen gener\u00e1tor interf\u00e9sz<\/span><\/li>\n<li><span style=\"font-size: 120%\">Automatikusan gener\u00e1lt host inverter a teljes rendszer vez\u00e9rl\u00e9s\u00e9hez<\/span><\/li>\n<\/ul>\n\t\t<\/div>\n\t\t\t\t\t<\/div>\n\n\t\n<\/div>\n\t\t<\/div>\n\n\t\t\n<style>\n#section_521153697 {\n  padding-top: 0px;\n  padding-bottom: 0px;\n}\n@media (min-width:550px) {\n  #section_521153697 {\n    padding-top: 55px;\n    padding-bottom: 55px;\n  }\n}\n<\/style>\n\t<\/section>\n\t\n\t<section class=\"section custom_title_buttom has-parallax\" id=\"section_2095611276\">\n\t\t<div class=\"bg section-bg fill bg-fill\" data-parallax-container=\".section\" data-parallax-background data-parallax=\"-10\">\n\n\t\t\t\n\t\t\t<div class=\"section-bg-overlay absolute fill\"><\/div>\n\t\t\t\n\n\t\t<\/div>\n\n\t\t\n\n\t\t<div class=\"section-content relative\">\n\t\t\t\n<div class=\"row\"  id=\"row-63494937\">\n\n\t<div id=\"col-962230786\" class=\"col small-12 large-12\"  >\n\t\t\t\t<div class=\"col-inner text-center\"  >\n\t\t\t\n\t\t\t\n<h2>H\u00e1l\u00f3zaton k\u00edv\u00fcli inverter hat\u00e9konys\u00e1ga<\/h2>\n\t\t<\/div>\n\t\t\t\t\t<\/div>\n\n\t\n<\/div>\n<div class=\"row\"  id=\"row-833875367\">\n\n\t<div id=\"col-709116336\" class=\"col medium-8 small-12 large-8\"  >\n\t\t\t\t<div class=\"col-inner\"  >\n\t\t\t\n\t\t\t\n<div class=\"row\"  id=\"row-1676103379\">\n\n\t<div id=\"col-1854583181\" class=\"col medium-6 small-12 large-6\"  data-animate=\"flipInX\">\n\t\t\t\t<div class=\"col-inner\"  >\n\t\t\t\n\t\t\t\n\t<div id=\"text-982566922\" class=\"text\">\n\t\t\n<p><span style=\"font-size: 450%\">93%<\/span><\/p>\n<h3>Akkumul\u00e1tor m\u0171k\u00f6d\u00e9si hat\u00e9konys\u00e1ga<\/h3>\n\t\t\n<style>\n#text-982566922 {\n  text-align: center;\n}\n<\/style>\n\t<\/div>\n\t\n\t\t<\/div>\n\t\t\t\t\t<\/div>\n\n\t\n\n\t<div id=\"col-1351879529\" class=\"col medium-6 small-12 large-6\"  data-animate=\"flipInX\">\n\t\t\t\t<div class=\"col-inner\"  >\n\t\t\t\n\t\t\t\n\t<div id=\"text-2207953943\" class=\"text\">\n\t\t\n<p><span style=\"font-size: 450%\">93%<\/span><\/p>\n<h3>Max. hat\u00e9konys\u00e1g<\/h3>\n\t\t\n<style>\n#text-2207953943 {\n  text-align: center;\n}\n<\/style>\n\t<\/div>\n\t\n\t\t<\/div>\n\t\t\t\t\t<\/div>\n\n\t\n<\/div>\n\t\t<\/div>\n\t\t\t\t\t<\/div>\n\n\t\n<\/div>\n\t\t<\/div>\n\n\t\t\n<style>\n#section_2095611276 {\n  padding-top: 9px;\n  padding-bottom: 9px;\n}\n#section_2095611276 .section-bg-overlay {\n  background-color: rgba(255, 255, 255, 0.9);\n}\n#section_2095611276 .section-bg.bg-loaded {\n  background-image: url(https:\/\/luxpowertek.com\/wp-content\/uploads\/2021\/12\/unnamed-1.jpg);\n}\n@media (min-width:550px) {\n  #section_2095611276 {\n    padding-top: 30px;\n    padding-bottom: 30px;\n  }\n}\n<\/style>\n\t<\/section>\n\t\n\t<section class=\"section custom_title_buttom\" id=\"section_98372480\">\n\t\t<div class=\"bg section-bg fill bg-fill  bg-loaded\" >\n\n\t\t\t\n\t\t\t\n\t\t\t\n\n\t\t<\/div>\n\n\t\t\n\n\t\t<div class=\"section-content relative\">\n\t\t\t\n<div class=\"row\"  id=\"row-506352877\">\n\n\t<div id=\"col-1503103150\" class=\"col small-12 large-12\"  >\n\t\t\t\t<div class=\"col-inner text-center\"  >\n\t\t\t\n\t\t\t\n<h2>Off Grid Inverter alkalmaz\u00e1s<\/h2>\n\t\t<\/div>\n\t\t\t\t\t<\/div>\n\n\t\n<\/div>\n<div class=\"row\"  id=\"row-1400799363\">\n\n\t<div id=\"col-2092505732\" class=\"col small-12 large-12\"  >\n\t\t\t\t<div class=\"col-inner text-center\"  >\n\t\t\t\n\t\t\t\n<h3>Megold\u00e1sok<\/h3>\n<div class=\"is-divider divider clearfix\" style=\"max-width:60px;background-color:rgb(96, 169, 132);\"><\/div>\n\t<div id=\"text-1044584722\" class=\"text\">\n\t\t\n<div class=\"page\" title=\"8. oldal\">\n<div class=\"section\">\n<div class=\"layoutArea\">\n<div class=\"column\">\n<p style=\"text-align: left\">T\u00f6bb ezer hibrid inverterrel \u00e9s AC egys\u00e9ggel telep\u00edtve vil\u00e1gszerte.<\/p>\n<p style=\"text-align: left\">A Lux Power m\u00e9g tov\u00e1bb l\u00e9pett, \u00e9s minden otthonba \u00e1ramot juttat, ak\u00e1r h\u00e1l\u00f3zati \u00e1rammal, ak\u00e1r an\u00e9lk\u00fcl.<\/p>\n<p style=\"text-align: left\"><span style=\"color: #008080;font-size: 95%\"><strong>Az ECO Hybrid SNA 3-5K mostant\u00f3l el\u00e9rhet\u0151 azoknak az otthonoknak, amelyek stabil \u00e1ramell\u00e1t\u00e1st keresnek.<\/strong><\/span><\/p>\n<p style=\"text-align: left\"><span style=\"color: #008080;font-size: 95%\"><strong>\u00c9rdekl\u0151dj\u00f6n a helyi forgalmaz\u00f3n\u00e1l, \u00e9s szervezze \u00e1t otthon az \u00e1ramell\u00e1t\u00e1s\u00e1t. Nincs t\u00f6bb \u00e1ramsz\u00fcnet.<\/strong><\/span><\/p>\n<\/div>\n<\/div>\n<\/div>\n<\/div>\n\t\t\n<style>\n#text-1044584722 {\n  text-align: center;\n}\n<\/style>\n\t<\/div>\n\t\n\t<div class=\"img has-hover x md-x lg-x y md-y lg-y\" id=\"image_935750045\">\n\t\t\t\t\t\t\t\t<div class=\"img-inner dark\" >\n\t\t\t<img loading=\"lazy\" decoding=\"async\" width=\"935\" height=\"664\" src=\"https:\/\/luxpowertek.com\/wp-content\/uploads\/2021\/12\/applicationimg1-2.png\" class=\"attachment-original size-original\" alt=\"hibrid inverter\" srcset=\"https:\/\/luxpowertek.com\/wp-content\/uploads\/2021\/12\/applicationimg1-2.png 935w, https:\/\/luxpowertek.com\/wp-content\/uploads\/2021\/12\/applicationimg1-2-300x213.png 300w, https:\/\/luxpowertek.com\/wp-content\/uploads\/2021\/12\/applicationimg1-2-768x545.png 768w, https:\/\/luxpowertek.com\/wp-content\/uploads\/2021\/12\/applicationimg1-2-800x568.png 800w\" sizes=\"auto, (max-width: 935px) 100vw, 935px\" \/>\t\t\t\t\t\t\n\t\t\t\t\t<\/div>\n\t\t\t\t\t\t\t\t\n<style>\n#image_935750045 {\n  width: 56%;\n}\n<\/style>\n\t<\/div>\n\t\n\t\t<\/div>\n\t\t\t\t\t<\/div>\n\n\t\n<\/div>\n\t\t<\/div>\n\n\t\t\n<style>\n#section_98372480 {\n  padding-top: 9px;\n  padding-bottom: 9px;\n}\n@media (min-width:550px) {\n  #section_98372480 {\n    padding-top: 30px;\n    padding-bottom: 30px;\n  }\n}\n<\/style>\n\t<\/section>\n\t\n\t<section class=\"section\" id=\"section_171503385\">\n\t\t<div class=\"bg section-bg fill bg-fill  bg-loaded\" >\n\n\t\t\t\n\t\t\t\n\t\t\t\n\n\t\t<\/div>\n\n\t\t\n\n\t\t<div class=\"section-content relative\">\n\t\t\t\n<div class=\"row\"  id=\"row-1678462768\">\n\n\t<div id=\"col-1417791694\" class=\"col small-12 large-12\"  >\n\t\t\t\t<div class=\"col-inner text-center\"  >\n\t\t\t\n\t\t\t\n<h3>H\u00e1l\u00f3zaton k\u00edv\u00fcli inverter \u00fczemm\u00f3dok<\/h3>\n<div class=\"is-divider divider clearfix\" style=\"max-width:60px;background-color:rgb(96, 169, 132);\"><\/div>\n\t<div class=\"img has-hover x md-x lg-x y md-y lg-y\" id=\"image_992874174\">\n\t\t\t\t\t\t\t\t<div class=\"img-inner dark\" >\n\t\t\t<img loading=\"lazy\" decoding=\"async\" width=\"935\" height=\"468\" src=\"https:\/\/luxpowertek.com\/wp-content\/uploads\/2021\/12\/applicationimg2-2.jpg\" class=\"attachment-original size-original\" alt=\"\" srcset=\"https:\/\/luxpowertek.com\/wp-content\/uploads\/2021\/12\/applicationimg2-2.jpg 935w, https:\/\/luxpowertek.com\/wp-content\/uploads\/2021\/12\/applicationimg2-2-300x150.jpg 300w, https:\/\/luxpowertek.com\/wp-content\/uploads\/2021\/12\/applicationimg2-2-768x384.jpg 768w, https:\/\/luxpowertek.com\/wp-content\/uploads\/2021\/12\/applicationimg2-2-800x400.jpg 800w\" sizes=\"auto, (max-width: 935px) 100vw, 935px\" \/>\t\t\t\t\t\t\n\t\t\t\t\t<\/div>\n\t\t\t\t\t\t\t\t\n<style>\n#image_992874174 {\n  width: 64%;\n}\n<\/style>\n\t<\/div>\n\t\n\t<div id=\"text-3578308265\" class=\"text\">\n\t\t\n<p>Az SNA5000 soros, h\u00e1l\u00f3zaton k\u00edv\u00fcli inverter k\u00e9pes t\u00e1mogatni a DC-DC \u00e1talak\u00edt\u00f3 rendszert, \u00edgy tartal\u00e9k \u00e1ramforr\u00e1sk\u00e9nt vagy d\u00edzelgener\u00e1tor p\u00f3tl\u00e1s\u00e1ra is haszn\u00e1lhat\u00f3. Mivel az inverter t\u00e1mogatja a p\u00e1rhuzamos\u00edt\u00e1si funkci\u00f3t, a rendszer kapacit\u00e1sa 3 kW \u00e9s 80 kW k\u00f6z\u00f6tt v\u00e1ltozhat. Az inverter t\u00e1mogatja a DC DC \u00e1talak\u00edt\u00f3 \u00fczemm\u00f3dokat.<\/p>\n<p><strong>Tiszta, h\u00e1l\u00f3zaton k\u00edv\u00fcli \u00fczemm\u00f3d: <\/strong>Hagyom\u00e1nyos, h\u00e1l\u00f3zaton k\u00edv\u00fcli inverterk\u00e9nt m\u0171k\u00f6dik, a kimenetet els\u0151sorban k\u00f6zm\u0171re, akkumul\u00e1torra vagy napelemes rendszerre \u00e1ll\u00edthatja be.<\/p>\n<p><strong>Hibrid \u00fczemm\u00f3d:\u00a0<\/strong>DC DC konverter hibridk\u00e9nt m\u0171k\u00f6dik, t\u00e1mogatja a napelemes \u00e9s a k\u00f6zm\u0171szolg\u00e1ltat\u00e1si rendszer egy\u00fcttes terhel\u00e9seloszt\u00e1s\u00e1t, be\u00e1ll\u00edthat\u00f3 \u00f6nfogyaszt\u00e1si m\u00f3dba vagy t\u00f6lt\u00e9si priorit\u00e1si m\u00f3dba.<\/p>\n\t\t\n<style>\n#text-3578308265 {\n  text-align: left;\n}\n<\/style>\n\t<\/div>\n\t\n\t\t<\/div>\n\t\t\t\t\t<\/div>\n\n\t\n<\/div>\n\t\t<\/div>\n\n\t\t\n<style>\n#section_171503385 {\n  padding-top: 30px;\n  padding-bottom: 30px;\n}\n<\/style>\n\t<\/section>","protected":false},"excerpt":{"rendered":"","protected":false},"author":1,"featured_media":1650,"parent":0,"menu_order":0,"comment_status":"closed","ping_status":"closed","template":"page-transparent-header-light.php","meta":{"rop_custom_images_group":[],"rop_custom_messages_group":[],"rop_publish_now":"initial","rop_publish_now_accounts":[],"rop_publish_now_history":[],"rop_publish_now_status":"pending","footnotes":""},"class_list":["post-2354","page","type-page","status-publish","has-post-thumbnail","hentry"],"yoast_head":"<!-- This site is optimized with the Yoast SEO plugin v27.3 - https:\/\/yoast.com\/product\/yoast-seo-wordpress\/ -->\n<title>ECO Hybrid SNA 3-5k - High Power DCDC Converter<\/title>\n<meta name=\"description\" content=\"A DC DC converter is an electrical system (device) that converts a direct current (DC) source from one voltage level to another.\" \/>\n<meta name=\"robots\" content=\"index, follow, max-snippet:-1, max-image-preview:large, max-video-preview:-1\" \/>\n<link rel=\"canonical\" href=\"https:\/\/luxpowertek.com\/hu\/oko-hibrid-sna\/\" \/>\n<meta property=\"og:locale\" content=\"hu_HU\" \/>\n<meta property=\"og:type\" content=\"article\" \/>\n<meta property=\"og:title\" content=\"ECO Hybrid SNA 3-5k - High Power DCDC Converter\" \/>\n<meta property=\"og:description\" content=\"A DC DC converter is an electrical system (device) that converts a direct current (DC) source from one voltage level to another.\" \/>\n<meta property=\"og:url\" content=\"https:\/\/luxpowertek.com\/hu\/oko-hibrid-sna\/\" \/>\n<meta property=\"article:modified_time\" content=\"2023-12-07T02:32:24+00:00\" \/>\n<meta property=\"og:image\" content=\"https:\/\/luxpowertek.com\/wp-content\/uploads\/2021\/12\/Luxpower-inverter-LXP-4-6HB-2-min.jpg\" \/>\n\t<meta property=\"og:image:width\" content=\"800\" \/>\n\t<meta property=\"og:image:height\" content=\"800\" \/>\n\t<meta property=\"og:image:type\" content=\"image\/jpeg\" \/>\n<meta name=\"twitter:card\" content=\"summary_large_image\" \/>\n<meta name=\"twitter:label1\" content=\"Est. reading time\" \/>\n\t<meta name=\"twitter:data1\" content=\"2 perc\" \/>\n<script type=\"application\/ld+json\" class=\"yoast-schema-graph\">{\"@context\":\"https:\\\/\\\/schema.org\",\"@graph\":[{\"@type\":\"WebPage\",\"@id\":\"https:\\\/\\\/luxpowertek.com\\\/eco-hybrid-sna\\\/\",\"url\":\"https:\\\/\\\/luxpowertek.com\\\/eco-hybrid-sna\\\/\",\"name\":\"ECO Hybrid SNA 3-5k - High Power DCDC Converter\",\"isPartOf\":{\"@id\":\"https:\\\/\\\/luxpowertek.com\\\/#website\"},\"primaryImageOfPage\":{\"@id\":\"https:\\\/\\\/luxpowertek.com\\\/eco-hybrid-sna\\\/#primaryimage\"},\"image\":{\"@id\":\"https:\\\/\\\/luxpowertek.com\\\/eco-hybrid-sna\\\/#primaryimage\"},\"thumbnailUrl\":\"https:\\\/\\\/luxpowertek.com\\\/wp-content\\\/uploads\\\/2021\\\/12\\\/Luxpower-inverter-LXP-4-6HB-2-min.jpg\",\"datePublished\":\"2021-12-24T03:09:56+00:00\",\"dateModified\":\"2023-12-07T02:32:24+00:00\",\"description\":\"A DC DC converter is an electrical system (device) that converts a direct current (DC) source from one voltage level to another.\",\"breadcrumb\":{\"@id\":\"https:\\\/\\\/luxpowertek.com\\\/eco-hybrid-sna\\\/#breadcrumb\"},\"inLanguage\":\"hu\",\"potentialAction\":[{\"@type\":\"ReadAction\",\"target\":[\"https:\\\/\\\/luxpowertek.com\\\/eco-hybrid-sna\\\/\"]}]},{\"@type\":\"ImageObject\",\"inLanguage\":\"hu\",\"@id\":\"https:\\\/\\\/luxpowertek.com\\\/eco-hybrid-sna\\\/#primaryimage\",\"url\":\"https:\\\/\\\/luxpowertek.com\\\/wp-content\\\/uploads\\\/2021\\\/12\\\/Luxpower-inverter-LXP-4-6HB-2-min.jpg\",\"contentUrl\":\"https:\\\/\\\/luxpowertek.com\\\/wp-content\\\/uploads\\\/2021\\\/12\\\/Luxpower-inverter-LXP-4-6HB-2-min.jpg\",\"width\":800,\"height\":800,\"caption\":\"DC DC converter\"},{\"@type\":\"BreadcrumbList\",\"@id\":\"https:\\\/\\\/luxpowertek.com\\\/eco-hybrid-sna\\\/#breadcrumb\",\"itemListElement\":[{\"@type\":\"ListItem\",\"position\":1,\"name\":\"Home\",\"item\":\"https:\\\/\\\/luxpowertek.com\\\/\"},{\"@type\":\"ListItem\",\"position\":2,\"name\":\"ECO Hybrid SNA 3-5k\"}]},{\"@type\":\"WebSite\",\"@id\":\"https:\\\/\\\/luxpowertek.com\\\/#website\",\"url\":\"https:\\\/\\\/luxpowertek.com\\\/\",\"name\":\"\",\"description\":\"\",\"potentialAction\":[{\"@type\":\"SearchAction\",\"target\":{\"@type\":\"EntryPoint\",\"urlTemplate\":\"https:\\\/\\\/luxpowertek.com\\\/?s={search_term_string}\"},\"query-input\":{\"@type\":\"PropertyValueSpecification\",\"valueRequired\":true,\"valueName\":\"search_term_string\"}}],\"inLanguage\":\"hu\"}]}<\/script>\n<!-- \/ Yoast SEO plugin. -->","yoast_head_json":{"title":"ECO Hybrid SNA 3-5k - Nagy teljes\u00edtm\u00e9ny\u0171 DCDC \u00e1talak\u00edt\u00f3","description":"Az egyen\u00e1ram\u00fa (DC) \u00e1talak\u00edt\u00f3 egy olyan elektromos rendszer (eszk\u00f6z), amely egyen\u00e1ram\u00fa (DC) forr\u00e1st egyik fesz\u00fclts\u00e9gszintr\u0151l a m\u00e1sikra alak\u00edt \u00e1t.","robots":{"index":"index","follow":"follow","max-snippet":"max-snippet:-1","max-image-preview":"max-image-preview:large","max-video-preview":"max-video-preview:-1"},"canonical":"https:\/\/luxpowertek.com\/hu\/oko-hibrid-sna\/","og_locale":"hu_HU","og_type":"article","og_title":"ECO Hybrid SNA 3-5k - High Power DCDC Converter","og_description":"A DC DC converter is an electrical system (device) that converts a direct current (DC) source from one voltage level to another.","og_url":"https:\/\/luxpowertek.com\/hu\/oko-hibrid-sna\/","article_modified_time":"2023-12-07T02:32:24+00:00","og_image":[{"width":800,"height":800,"url":"https:\/\/luxpowertek.com\/wp-content\/uploads\/2021\/12\/Luxpower-inverter-LXP-4-6HB-2-min.jpg","type":"image\/jpeg"}],"twitter_card":"summary_large_image","twitter_misc":{"Est. reading time":"2 perc"},"schema":{"@context":"https:\/\/schema.org","@graph":[{"@type":"WebPage","@id":"https:\/\/luxpowertek.com\/eco-hybrid-sna\/","url":"https:\/\/luxpowertek.com\/eco-hybrid-sna\/","name":"ECO Hybrid SNA 3-5k - Nagy teljes\u00edtm\u00e9ny\u0171 DCDC \u00e1talak\u00edt\u00f3","isPartOf":{"@id":"https:\/\/luxpowertek.com\/#website"},"primaryImageOfPage":{"@id":"https:\/\/luxpowertek.com\/eco-hybrid-sna\/#primaryimage"},"image":{"@id":"https:\/\/luxpowertek.com\/eco-hybrid-sna\/#primaryimage"},"thumbnailUrl":"https:\/\/luxpowertek.com\/wp-content\/uploads\/2021\/12\/Luxpower-inverter-LXP-4-6HB-2-min.jpg","datePublished":"2021-12-24T03:09:56+00:00","dateModified":"2023-12-07T02:32:24+00:00","description":"Az egyen\u00e1ram\u00fa (DC) \u00e1talak\u00edt\u00f3 egy olyan elektromos rendszer (eszk\u00f6z), amely egyen\u00e1ram\u00fa (DC) forr\u00e1st egyik fesz\u00fclts\u00e9gszintr\u0151l a m\u00e1sikra alak\u00edt \u00e1t.","breadcrumb":{"@id":"https:\/\/luxpowertek.com\/eco-hybrid-sna\/#breadcrumb"},"inLanguage":"hu","potentialAction":[{"@type":"ReadAction","target":["https:\/\/luxpowertek.com\/eco-hybrid-sna\/"]}]},{"@type":"ImageObject","inLanguage":"hu","@id":"https:\/\/luxpowertek.com\/eco-hybrid-sna\/#primaryimage","url":"https:\/\/luxpowertek.com\/wp-content\/uploads\/2021\/12\/Luxpower-inverter-LXP-4-6HB-2-min.jpg","contentUrl":"https:\/\/luxpowertek.com\/wp-content\/uploads\/2021\/12\/Luxpower-inverter-LXP-4-6HB-2-min.jpg","width":800,"height":800,"caption":"DC DC converter"},{"@type":"BreadcrumbList","@id":"https:\/\/luxpowertek.com\/eco-hybrid-sna\/#breadcrumb","itemListElement":[{"@type":"ListItem","position":1,"name":"Home","item":"https:\/\/luxpowertek.com\/"},{"@type":"ListItem","position":2,"name":"ECO Hybrid SNA 3-5k"}]},{"@type":"WebSite","@id":"https:\/\/luxpowertek.com\/#website","url":"https:\/\/luxpowertek.com\/","name":"","description":"","potentialAction":[{"@type":"SearchAction","target":{"@type":"EntryPoint","urlTemplate":"https:\/\/luxpowertek.com\/?s={search_term_string}"},"query-input":{"@type":"PropertyValueSpecification","valueRequired":true,"valueName":"search_term_string"}}],"inLanguage":"hu"}]}},"_links":{"self":[{"href":"https:\/\/luxpowertek.com\/hu\/wp-json\/wp\/v2\/pages\/2354","targetHints":{"allow":["GET"]}}],"collection":[{"href":"https:\/\/luxpowertek.com\/hu\/wp-json\/wp\/v2\/pages"}],"about":[{"href":"https:\/\/luxpowertek.com\/hu\/wp-json\/wp\/v2\/types\/page"}],"author":[{"embeddable":true,"href":"https:\/\/luxpowertek.com\/hu\/wp-json\/wp\/v2\/users\/1"}],"replies":[{"embeddable":true,"href":"https:\/\/luxpowertek.com\/hu\/wp-json\/wp\/v2\/comments?post=2354"}],"version-history":[{"count":0,"href":"https:\/\/luxpowertek.com\/hu\/wp-json\/wp\/v2\/pages\/2354\/revisions"}],"wp:featuredmedia":[{"embeddable":true,"href":"https:\/\/luxpowertek.com\/hu\/wp-json\/wp\/v2\/media\/1650"}],"wp:attachment":[{"href":"https:\/\/luxpowertek.com\/hu\/wp-json\/wp\/v2\/media?parent=2354"}],"curies":[{"name":"munkaf\u00fczet","href":"https:\/\/api.w.org\/{rel}","templated":true}]}}