{"id":15397,"date":"2025-08-22T10:13:17","date_gmt":"2025-08-22T02:13:17","guid":{"rendered":"https:\/\/luxpowertek.com\/?page_id=15397"},"modified":"2025-08-22T14:37:04","modified_gmt":"2025-08-22T06:37:04","slug":"sebezhetosegi-reagalasi-szabalyzat","status":"publish","type":"page","link":"https:\/\/luxpowertek.com\/hu\/sebezhetosegi-reagalasi-szabalyzat\/","title":{"rendered":"Sebezhet\u0151s\u00e9gi reag\u00e1l\u00e1si szab\u00e1lyzat"},"content":{"rendered":"<div class=\"banner has-hover\" id=\"banner-360545760\">\n          <div class=\"banner-inner fill\">\n        <div class=\"banner-bg fill\" >\n            <div class=\"bg fill bg-fill\"><\/div>\n                        <div class=\"overlay\"><\/div>            \n                    <\/div>\n\t\t\n        <div class=\"banner-layers container\">\n            <div class=\"fill banner-link\"><\/div>            \n   <div id=\"text-box-651264104\" class=\"text-box banner-layer x50 md-x50 lg-x50 y50 md-y50 lg-y50 res-text\">\n                                <div class=\"text-box-content text dark\">\n              \n              <div class=\"text-inner text-center\">\n                  \n\t<div id=\"text-2934174503\" class=\"text\">\n\t\t\n<h1><b> Sebezhet\u0151s\u00e9gi reag\u00e1l\u00e1si szab\u00e1lyzat<\/b><\/h1>\n\t\t\n<style>\n#text-2934174503 {\n  line-height: 1.95;\n  text-align: center;\n  color: rgb(255,255,255);\n}\n#text-2934174503 > * {\n  color: rgb(255,255,255);\n}\n<\/style>\n\t<\/div>\n\t\n              <\/div>\n           <\/div>\n                            \n<style>\n#text-box-651264104 {\n  width: 61%;\n}\n#text-box-651264104 .text-box-content {\n  font-size: 100%;\n}\n<\/style>\n    <\/div>\n \n        <\/div>\n      <\/div>\n\n            \n<style>\n#banner-360545760 {\n  padding-top: 500px;\n}\n#banner-360545760 .bg.bg-loaded {\n  background-image: url(https:\/\/luxpowertek.com\/wp-content\/uploads\/2025\/08\/luosidao-1030x687.webp);\n}\n#banner-360545760 .overlay {\n  background-color: rgba(0,0,0,.5);\n}\n#banner-360545760 .bg {\n  background-position: 35% 47%;\n}\n<\/style>\n  <\/div>\n\n\n\t<div id=\"gap-2306682\" class=\"gap-element clearfix\" style=\"display:block; height:auto;\">\n\t\t\n<style>\n#gap-2306682 {\n  padding-top: 30px;\n}\n<\/style>\n\t<\/div>\n\t\n<div class=\"row\"  id=\"row-2121306930\">\n\n\t<div id=\"col-391081922\" class=\"col medium-5 small-12 large-5\"  >\n\t\t\t\t<div class=\"col-inner\"  >\n\t\t\t\n\t\t\t\n\t<div class=\"img has-hover x md-x lg-x y md-y lg-y\" id=\"image_1140235422\">\n\t\t\t\t\t\t\t\t<div class=\"img-inner dark\" >\n\t\t\t<img loading=\"lazy\" decoding=\"async\" width=\"2560\" height=\"1706\" src=\"https:\/\/luxpowertek.com\/wp-content\/uploads\/2025\/08\/fangdajing-2-scaled.webp\" class=\"attachment-original size-original\" alt=\"\" srcset=\"https:\/\/luxpowertek.com\/wp-content\/uploads\/2025\/08\/fangdajing-2-scaled.webp 2560w, https:\/\/luxpowertek.com\/wp-content\/uploads\/2025\/08\/fangdajing-2-300x200.webp 300w, https:\/\/luxpowertek.com\/wp-content\/uploads\/2025\/08\/fangdajing-2-1030x686.webp 1030w, https:\/\/luxpowertek.com\/wp-content\/uploads\/2025\/08\/fangdajing-2-768x512.webp 768w, https:\/\/luxpowertek.com\/wp-content\/uploads\/2025\/08\/fangdajing-2-1536x1024.webp 1536w, https:\/\/luxpowertek.com\/wp-content\/uploads\/2025\/08\/fangdajing-2-2048x1365.webp 2048w, https:\/\/luxpowertek.com\/wp-content\/uploads\/2025\/08\/fangdajing-2-18x12.webp 18w, https:\/\/luxpowertek.com\/wp-content\/uploads\/2025\/08\/fangdajing-2-510x340.webp 510w\" sizes=\"auto, (max-width: 2560px) 100vw, 2560px\" \/>\t\t\t\t\t\t\n\t\t\t\t\t<\/div>\n\t\t\t\t\t\t\t\t\n<style>\n#image_1140235422 {\n  width: 100%;\n}\n<\/style>\n\t<\/div>\n\t\n\t\t<\/div>\n\t\t\t\t\t<\/div>\n\n\t\n\n\t<div id=\"col-193830688\" class=\"col medium-7 small-12 large-7\"  >\n\t\t\t\t<div class=\"col-inner\"  >\n\t\t\t\n\t\t\t\n<h2><span style=\"font-size: 140%;\"><b>1. Politikai c\u00e9lkit\u0171z\u00e9s<\/b><\/span><\/h2>\n\t<div id=\"gap-1168029960\" class=\"gap-element clearfix\" style=\"display:block; height:auto;\">\n\t\t\n<style>\n#gap-1168029960 {\n  padding-top: 110px;\n}\n<\/style>\n\t<\/div>\n\t\n<p><span style=\"font-size: 95%;\" data-font-family=\"default\">A LuxpowerTek elk\u00f6telezett amellett, hogy biztons\u00e1gos \u00e9s megb\u00edzhat\u00f3 term\u00e9keket \u00e9s szolg\u00e1ltat\u00e1sokat ny\u00fajtson glob\u00e1lis \u00fcgyfeleinek. Arra \u00f6szt\u00f6n\u00f6zz\u00fck a biztons\u00e1gi kutat\u00f3kat, partnereket \u00e9s \u00fcgyfeleket, hogy a potenci\u00e1lis sebezhet\u0151s\u00e9geket a k\u00f6vetkez\u0151 c\u00edmeken kereszt\u00fcl jelents\u00e9k: <strong>felel\u0151s k\u00f6zz\u00e9t\u00e9teli gyakorlatok<\/strong>, lehet\u0151v\u00e9 t\u00e9ve sz\u00e1munkra a kock\u00e1zatok gyors kezel\u00e9s\u00e9t \u00e9s enyh\u00edt\u00e9s\u00e9t.<\/span><\/p>\n\t\t<\/div>\n\t\t\t\t\t<\/div>\n\n\t\n<\/div>\n<div class=\"row\"  id=\"row-2081507833\">\n\n\t<div id=\"col-2102522231\" class=\"col medium-6 small-12 large-6\"  >\n\t\t\t\t<div class=\"col-inner\"  >\n\t\t\t\n\t\t\t\n<h2><span style=\"font-size: 140%;\"><b>2. Jelent\u00e9si folyamat<\/b><\/span><\/h2>\n\t<div id=\"gap-1118642271\" class=\"gap-element clearfix\" style=\"display:block; height:auto;\">\n\t\t\n<style>\n#gap-1118642271 {\n  padding-top: 10px;\n}\n<\/style>\n\t<\/div>\n\t\n<p><span style=\"font-size: 95%;\" data-font-family=\"default\">Sebezhet\u0151s\u00e9gi jelent\u00e9s beny\u00fajt\u00e1s\u00e1hoz k\u00e9rj\u00fck, haszn\u00e1lja a k\u00f6vetkez\u0151 csatorn\u00e1kat:<\/span><\/p>\n<div class=\"row\"  id=\"row-965781731\">\n\n\t<div id=\"col-881236473\" class=\"col medium-2 small-12 large-2\"  >\n\t\t\t\t<div class=\"col-inner\"  >\n\t\t\t\n\t\t\t\n\t<div class=\"img has-hover x md-x lg-x y md-y lg-y\" id=\"image_366749024\">\n\t\t\t\t\t\t\t\t<div class=\"img-inner dark\" style=\"margin:-4px 0px 0px 0px;\">\n\t\t\t<img loading=\"lazy\" decoding=\"async\" width=\"200\" height=\"200\" src=\"https:\/\/luxpowertek.com\/wp-content\/uploads\/2025\/08\/email.webp\" class=\"attachment-large size-large\" alt=\"\" srcset=\"https:\/\/luxpowertek.com\/wp-content\/uploads\/2025\/08\/email.webp 200w, https:\/\/luxpowertek.com\/wp-content\/uploads\/2025\/08\/email-80x80.webp 80w, https:\/\/luxpowertek.com\/wp-content\/uploads\/2025\/08\/email-12x12.webp 12w, https:\/\/luxpowertek.com\/wp-content\/uploads\/2025\/08\/email-100x100.webp 100w\" sizes=\"auto, (max-width: 200px) 100vw, 200px\" \/>\t\t\t\t\t\t\n\t\t\t\t\t<\/div>\n\t\t\t\t\t\t\t\t\n<style>\n#image_366749024 {\n  width: 100%;\n}\n<\/style>\n\t<\/div>\n\t\n\t\t<\/div>\n\t\t\t\t\t<\/div>\n\n\t\n\n\t<div id=\"col-37058487\" class=\"col medium-10 small-12 large-10\"  >\n\t\t\t\t<div class=\"col-inner\"  >\n\t\t\t\n\t\t\t\n\t<div id=\"text-357817552\" class=\"text\">\n\t\t\n<p style=\"text-align: left;\"><b><span data-font-family=\"default\">Email<\/span><\/b><\/p>\n<p style=\"text-align: left;\"><span data-font-family=\"default\">security@luxpowertek.com <\/span>(PGP titkos\u00edt\u00e1s aj\u00e1nlott)<\/p>\n\t\t\n<style>\n#text-357817552 {\n  line-height: 1.25;\n  text-align: left;\n}\n<\/style>\n\t<\/div>\n\t\n\t\t<\/div>\n\t\t\t\t\t<\/div>\n\n\t\n<\/div>\n<div class=\"row\"  id=\"row-1824799936\">\n\n\t<div id=\"col-285048895\" class=\"col medium-2 small-12 large-2\"  >\n\t\t\t\t<div class=\"col-inner\"  >\n\t\t\t\n\t\t\t\n\t<div class=\"img has-hover x md-x lg-x y md-y lg-y\" id=\"image_422758757\">\n\t\t\t\t\t\t\t\t<div class=\"img-inner dark\" style=\"margin:-4px 0px 0px 0px;\">\n\t\t\t<img loading=\"lazy\" decoding=\"async\" width=\"512\" height=\"512\" src=\"https:\/\/luxpowertek.com\/wp-content\/uploads\/2025\/08\/Lot.webp\" class=\"attachment-large size-large\" alt=\"\" srcset=\"https:\/\/luxpowertek.com\/wp-content\/uploads\/2025\/08\/Lot.webp 512w, https:\/\/luxpowertek.com\/wp-content\/uploads\/2025\/08\/Lot-300x300.webp 300w, https:\/\/luxpowertek.com\/wp-content\/uploads\/2025\/08\/Lot-80x80.webp 80w, https:\/\/luxpowertek.com\/wp-content\/uploads\/2025\/08\/Lot-12x12.webp 12w, https:\/\/luxpowertek.com\/wp-content\/uploads\/2025\/08\/Lot-510x510.webp 510w, https:\/\/luxpowertek.com\/wp-content\/uploads\/2025\/08\/Lot-100x100.webp 100w\" sizes=\"auto, (max-width: 512px) 100vw, 512px\" \/>\t\t\t\t\t\t\n\t\t\t\t\t<\/div>\n\t\t\t\t\t\t\t\t\n<style>\n#image_422758757 {\n  width: 100%;\n}\n<\/style>\n\t<\/div>\n\t\n\t\t<\/div>\n\t\t\t\t\t<\/div>\n\n\t\n\n\t<div id=\"col-428389766\" class=\"col medium-10 small-12 large-10\"  >\n\t\t\t\t<div class=\"col-inner\"  >\n\t\t\t\n\t\t\t\n\t<div id=\"text-704435771\" class=\"text\">\n\t\t\n<p><b><span data-font-family=\"default\">Online \u0171rlap\/biztons\u00e1gi port\u00e1l<\/span><\/b><\/p>\n<p><span data-font-family=\"default\">A dedik\u00e1lt biztons\u00e1gi port\u00e1l r\u00e9szleteit k\u00fcl\u00f6n tessz\u00fck k\u00f6zz\u00e9.<\/span><\/p>\n\t\t\n<style>\n#text-704435771 {\n  line-height: 1.25;\n  text-align: left;\n}\n<\/style>\n\t<\/div>\n\t\n\t\t<\/div>\n\t\t\t\t\t<\/div>\n\n\t\n<\/div>\n<p><span data-font-family=\"default\">K\u00e9rj\u00fck, a k\u00f6vetkez\u0151 inform\u00e1ci\u00f3kat t\u00fcntesse fel a jelent\u00e9s\u00e9ben:<\/span><\/p>\n<ul>\n<li><span data-font-family=\"default\">\u00c9rintett term\u00e9kmodell \u00e9s firmware\/szoftver verzi\u00f3<\/span><\/li>\n<li><span data-font-family=\"default\">A sebezhet\u0151s\u00e9g r\u00e9szletes le\u00edr\u00e1sa \u00e9s a reproduk\u00e1l\u00e1s l\u00e9p\u00e9sei (vagy a koncepci\u00f3 bizony\u00edt\u00e1sa)<\/span><\/li>\n<li><span data-font-family=\"default\">A lehets\u00e9ges hat\u00e1sok elemz\u00e9se<\/span><\/li>\n<li><span data-font-family=\"default\">El\u00e9rhet\u0151s\u00e9gek a tov\u00e1bbi kommunik\u00e1ci\u00f3hoz<\/span><\/li>\n<\/ul>\n\t\t<\/div>\n\t\t\t\t\t<\/div>\n\n\t\n\n\t<div id=\"col-1935865635\" class=\"col medium-6 small-12 large-6\"  >\n\t\t\t\t<div class=\"col-inner\"  >\n\t\t\t\n\t\t\t\n\t<div class=\"img has-hover x md-x lg-x y md-y lg-y\" id=\"image_1738017030\">\n\t\t\t\t\t\t\t\t<div class=\"img-inner dark\" >\n\t\t\t<img loading=\"lazy\" decoding=\"async\" width=\"1920\" height=\"1280\" src=\"https:\/\/luxpowertek.com\/wp-content\/uploads\/2025\/08\/tijiao.webp\" class=\"attachment-original size-original\" alt=\"\" srcset=\"https:\/\/luxpowertek.com\/wp-content\/uploads\/2025\/08\/tijiao.webp 1920w, https:\/\/luxpowertek.com\/wp-content\/uploads\/2025\/08\/tijiao-300x200.webp 300w, https:\/\/luxpowertek.com\/wp-content\/uploads\/2025\/08\/tijiao-1030x687.webp 1030w, https:\/\/luxpowertek.com\/wp-content\/uploads\/2025\/08\/tijiao-768x512.webp 768w, https:\/\/luxpowertek.com\/wp-content\/uploads\/2025\/08\/tijiao-1536x1024.webp 1536w, https:\/\/luxpowertek.com\/wp-content\/uploads\/2025\/08\/tijiao-18x12.webp 18w, https:\/\/luxpowertek.com\/wp-content\/uploads\/2025\/08\/tijiao-510x340.webp 510w\" sizes=\"auto, (max-width: 1920px) 100vw, 1920px\" \/>\t\t\t\t\t\t\n\t\t\t\t\t<\/div>\n\t\t\t\t\t\t\t\t\n<style>\n#image_1738017030 {\n  width: 100%;\n}\n<\/style>\n\t<\/div>\n\t\n<p><strong>TIPPEK:<\/strong><\/p>\n<p><span data-font-family=\"default\">A felel\u0151s k\u00f6zz\u00e9t\u00e9tel biztos\u00edt\u00e1sa \u00e9rdek\u00e9ben k\u00e9rj\u00fck, tart\u00f3zkodjon a sebezhet\u0151s\u00e9g nyilv\u00e1nos k\u00f6zl\u00e9s\u00e9t\u0151l, am\u00edg hivatalos jav\u00edt\u00e1s nem ker\u00fcl kiad\u00e1sra.<\/span><\/p>\n\t\t<\/div>\n\t\t\t\t\t<\/div>\n\n\t\n<\/div>\n<h2><span style=\"font-size: 140%;\"><b>3. Biztons\u00e1gi tesztel\u00e9s hat\u00f3k\u00f6re \u00e9s megfelel\u0151s\u00e9gi hat\u00e1rok<\/b><\/span><\/h2>\n\t<div id=\"gap-1938903579\" class=\"gap-element clearfix\" style=\"display:block; height:auto;\">\n\t\t\n<style>\n#gap-1938903579 {\n  padding-top: 30px;\n}\n<\/style>\n\t<\/div>\n\t\n<h2><strong><span style=\"color: #63ad82;\">Enged\u00e9lyezett tesztel\u00e9si tev\u00e9kenys\u00e9gek<\/span>\u2705<\/strong><\/h2>\n<ul>\n<li><span data-font-family=\"default\">Helyi eszk\u00f6ztesztel\u00e9s<\/span><\/li>\n<li><span data-font-family=\"default\">H\u00e1l\u00f3zati kommunik\u00e1ci\u00f3 elemz\u00e9se<\/span><\/li>\n<li><span data-font-family=\"default\">Konfigur\u00e1ci\u00f3 \u00e9s jogosults\u00e1gok ellen\u0151rz\u00e9se<\/span><\/li>\n<\/ul>\n\t<div id=\"gap-419586107\" class=\"gap-element clearfix\" style=\"display:block; height:auto;\">\n\t\t\n<style>\n#gap-419586107 {\n  padding-top: 30px;\n}\n<\/style>\n\t<\/div>\n\t\n<h2><span style=\"color: #d83131;\"><b>Tiltott tev\u00e9kenys\u00e9gek\u274c<\/b><\/span><\/h2>\n<ul>\n<li><span data-font-family=\"default\">Felhaszn\u00e1l\u00f3i adatokhoz val\u00f3 jogosulatlan hozz\u00e1f\u00e9r\u00e9s vagy azok ellop\u00e1sa<\/span><\/li>\n<li><span data-font-family=\"default\">A sebezhet\u0151s\u00e9gek kihaszn\u00e1l\u00e1sa szolg\u00e1ltat\u00e1smegszak\u00edt\u00e1st vagy k\u00e1rt okoz<\/span><\/li>\n<li><span data-font-family=\"default\">Nagym\u00e9ret\u0171 szkennel\u00e9si vagy szolg\u00e1ltat\u00e1smegtagad\u00e1si t\u00e1mad\u00e1sok, amelyek termel\u00e9si k\u00f6rnyezeteket c\u00e9loznak meg<\/span><\/li>\n<\/ul>\n\t<div id=\"gap-1921189888\" class=\"gap-element clearfix\" style=\"display:block; height:auto;\">\n\t\t\n<style>\n#gap-1921189888 {\n  padding-top: 50px;\n}\n<\/style>\n\t<\/div>\n\t\n<h2><span style=\"font-size: 140%;\"><b>4. Sebezhet\u0151s\u00e9gi reag\u00e1l\u00e1si folyamat \u00e9s \u00fctemterv<\/b><\/span><\/h2>\n<p><span data-font-family=\"default\">A LuxpowerTek a nemzetk\u00f6zi legjobb gyakorlatokat k\u00f6veti, \u00e9s szabv\u00e1nyos\u00edtott reag\u00e1l\u00e1si folyamatot dolgozott ki a sebezhet\u0151s\u00e9gek kezel\u00e9s\u00e9re:<\/span><\/p>\n<ol>\n<li><b><span data-font-family=\"default\">Nyugt\u00e1z\u00e1s<\/span><\/b><span data-font-family=\"default\">A jelent\u00e9s k\u00e9zhezv\u00e9tel\u00e9t\u0151l sz\u00e1m\u00edtott 5 munkanapon bel\u00fcl visszaigazoljuk a k\u00e9zhezv\u00e9telt.<\/span><\/li>\n<li><b><span data-font-family=\"default\">Valid\u00e1l\u00e1s \u00e9s \u00e9rt\u00e9kel\u00e9s<\/span><\/b><span data-font-family=\"default\">Biztons\u00e1gi csapatunk a CVSS v3.1 szabv\u00e1ny seg\u00edts\u00e9g\u00e9vel ellen\u0151rzi a sebezhet\u0151s\u00e9get \u00e9s felm\u00e9ri annak kock\u00e1zati szintj\u00e9t.<\/span><\/li>\n<li><b><span data-font-family=\"default\">K\u00e1rmentes\u00edt\u00e9si terv<\/span><\/b><span data-font-family=\"default\">A s\u00falyoss\u00e1gt\u00f3l f\u00fcgg\u0151en kidolgozunk egy jav\u00edt\u00e1si vagy enyh\u00edt\u00e9si tervet.<\/span><\/li>\n<li><b><span data-font-family=\"default\">Kommunik\u00e1ci\u00f3<\/span><\/b><span data-font-family=\"default\">A folyamat sor\u00e1n v\u00e9gig kapcsolatban maradunk a bejelent\u0151vel, \u00e9s sz\u00fcks\u00e9g eset\u00e9n tov\u00e1bbi inform\u00e1ci\u00f3kat k\u00e9r\u00fcnk t\u0151le.<\/span><\/li>\n<li><b><span data-font-family=\"default\">Nyilv\u00e1nos k\u00f6zz\u00e9t\u00e9tel<\/span><\/b> <b><span data-font-family=\"default\">osure<\/span><\/b><span data-font-family=\"default\">A probl\u00e9ma megold\u00e1s\u00e1t k\u00f6vet\u0151en biztons\u00e1gi r\u00e9sr\u0151l sz\u00f3l\u00f3 figyelmeztet\u00e9st tesz\u00fcnk k\u00f6zz\u00e9 biztons\u00e1gi k\u00f6zlem\u00e9ny\u00fcnkben, a kutat\u00f3 hozz\u00e1j\u00e1rul\u00e1s\u00e1nak tudom\u00e1sulv\u00e9tel\u00e9vel egy\u00fctt.<\/span><\/li>\n<\/ol>\n<p><span data-font-family=\"default\">A tipikus megold\u00e1si \u00e9s k\u00f6zz\u00e9t\u00e9teli \u00fctemterv a k\u00f6vetkez\u0151: <strong>90\u2013120<\/strong> nap, a kritikus sebezhet\u0151s\u00e9geket pedig a gyors\u00edtott kezel\u00e9s \u00e9rdek\u00e9ben priorit\u00e1sk\u00e9nt kezelj\u00fck.<\/span><\/p>\n\t<div id=\"gap-315553157\" class=\"gap-element clearfix\" style=\"display:block; height:auto;\">\n\t\t\n<style>\n#gap-315553157 {\n  padding-top: 60px;\n}\n<\/style>\n\t<\/div>\n\t\n<h2><span style=\"font-size: 140%;\"><b>5. Sebezhet\u0151s\u00e9g s\u00falyoss\u00e1gi besorol\u00e1sa<\/b><\/span><\/h2>\n<p><span data-font-family=\"default\">A sebezhet\u0151s\u00e9geket a CVSS v3.1 szabv\u00e1ny alapj\u00e1n a k\u00f6vetkez\u0151k\u00e9ppen oszt\u00e1lyozz\u00e1k:<\/span><\/p>\n<div class=\"row\"  id=\"row-255415225\">\n\n\t<div id=\"col-654627983\" class=\"col medium-3 small-6 large-3\"  >\n\t\t\t\t<div class=\"col-inner\"  >\n\t\t\t\n\t\t\t\n<p><b><span data-font-family=\"default\">Alacsony (0,1\u20133,9)<\/span><\/b><\/p>\n<p><span data-font-family=\"default\">Minim\u00e1lis hat\u00e1s, a k\u00e9s\u0151bbi iter\u00e1ci\u00f3kban megold\u00f3dik.<\/span><\/p>\n\t\t<\/div>\n\t\t\t\t\t<\/div>\n\n\t\n\n\t<div id=\"col-22967333\" class=\"col medium-3 small-6 large-3\"  >\n\t\t\t\t<div class=\"col-inner\"  >\n\t\t\t\n\t\t\t\n<p><b><span data-font-family=\"default\">K\u00f6zepes (4,0\u20136,9)<\/span><\/b><\/p>\n<p><span data-font-family=\"default\"> Korl\u00e1tozott hat\u00e1s, a szok\u00e1sos szoftverfriss\u00edt\u00e9sek sor\u00e1n orvosolj\u00e1k.<\/span><\/p>\n\t\t<\/div>\n\t\t\t\t\t<\/div>\n\n\t\n\n\t<div id=\"col-1207313903\" class=\"col medium-3 small-6 large-3\"  >\n\t\t\t\t<div class=\"col-inner\"  >\n\t\t\t\n\t\t\t\n<p><b><span data-font-family=\"default\">Magas (7,0\u20138,9)<\/span><\/b><\/p>\n<p><span data-font-family=\"default\"> A nagy hat\u00e1s\u00fa sebezhet\u0151s\u00e9geket priorit\u00e1sk\u00e9nt kezelj\u00fck az azonnali megold\u00e1s \u00e9rdek\u00e9ben.<\/span><\/p>\n\t\t<\/div>\n\t\t\t\t\t<\/div>\n\n\t\n\n\t<div id=\"col-616744683\" class=\"col medium-3 small-6 large-3\"  >\n\t\t\t\t<div class=\"col-inner\"  >\n\t\t\t\n\t\t\t\n<p><b><span data-font-family=\"default\">Kritikus (9,0\u201310,0)<\/span><\/b><\/p>\n<p><span data-font-family=\"default\"> Azonnali jav\u00edt\u00e1s s\u00fcrg\u0151s jav\u00edt\u00e1skiad\u00e1ssal.<\/span><\/p>\n\t\t<\/div>\n\t\t\t\t\t<\/div>\n\n\t\n<\/div>\n<h2><span style=\"font-size: 140%;\">6. K\u00f6zlem\u00e9ny<\/span><\/h2>\n<h2><b><span data-font-family=\"default\">\u00d6sszehangolt k\u00f6zz\u00e9t\u00e9teli elvek<\/span><\/b><\/h2>\n<p><span data-font-family=\"default\">A LuxpowerTek betartja a k\u00f6vetkez\u0151 ir\u00e1nyelveket: <\/span><b><span data-font-family=\"default\">sz\u00edv- \u00e9s \u00e9rrendszeri betegs\u00e9gek<\/span><\/b><b><span data-font-family=\"default\">(Koordin\u00e1lt sebezhet\u0151s\u00e9gi k\u00f6zz\u00e9t\u00e9tel)<\/span><\/b><span data-font-family=\"default\"> modell annak biztos\u00edt\u00e1s\u00e1ra, hogy a sebezhet\u0151s\u00e9gek ne ker\u00fcljenek nyilv\u00e1noss\u00e1gra a jav\u00edt\u00e1s kiad\u00e1sa el\u0151tt. <\/span><\/p>\n<p><span data-font-family=\"default\">A kutat\u00f3kat arra k\u00e9rik, hogy biztos\u00edtsanak egy \u00e9sszer\u0171 korrekci\u00f3s id\u0151szakot, jellemz\u0151en<\/span><b><span data-font-family=\"default\"> 90 nap<\/span><\/b><span data-font-family=\"default\">, az id\u0151ben t\u00f6rt\u00e9n\u0151 megold\u00e1s el\u0151seg\u00edt\u00e9se \u00e9rdek\u00e9ben.<\/span><\/p>\n<h2><b><span data-font-family=\"default\">Jogi mentess\u00e9g<\/span><\/b><\/h2>\n<p><span data-font-family=\"default\">Felt\u00e9ve, hogy a sebezhet\u0151s\u00e9gi tesztel\u00e9st \u00e9s a k\u00f6zz\u00e9t\u00e9telt ezen szab\u00e1lyzatnak megfelel\u0151en v\u00e9gzik, a LuxpowerTek nem ind\u00edt jogi l\u00e9p\u00e9seket a kutat\u00f3k ellen, \u00e9s az ilyen tev\u00e9kenys\u00e9geket\u2026 <\/span><b><span data-font-family=\"default\">j\u00f3hiszem\u0171 biztons\u00e1gi kutat\u00e1s.<\/span><\/b><\/p>\n<h2><b><span data-font-family=\"default\">Jogi nyilatkozat<\/span><\/b><\/h2>\n<p><i><span data-font-family=\"default\">Ez a szab\u00e1lyzat friss\u00fclhet<\/span><\/i><span data-font-family=\"default\">d az ipar\u00e1gi fejlem\u00e9nyek \u00e9s a jogi k\u00f6vetelm\u00e9nyek t\u00fckr\u00f6z\u00e9se \u00e9rdek\u00e9ben. A LuxpowerTek nem v\u00e1llal garanci\u00e1t vagy felel\u0151ss\u00e9get a sebezhet\u0151s\u00e9gek felt\u00e1r\u00e1s\u00e1b\u00f3l vagy a hibaelh\u00e1r\u00edt\u00e1s k\u00e9sedelm\u00e9b\u0151l ered\u0151 k\u00f6zvetlen vagy k\u00f6zvetett vesztes\u00e9gek\u00e9rt.<\/span><\/p>","protected":false},"excerpt":{"rendered":"<p>3. Biztons\u00e1gi tesztel\u00e9s hat\u00f3k\u00f6re \u00e9s megfelel\u0151s\u00e9gi hat\u00e1rai Enged\u00e9lyezett tesztel\u00e9si tev\u00e9kenys\u00e9gek\u2705 Helyi eszk\u00f6ztesztel\u00e9s H\u00e1l\u00f3zati kommunik\u00e1ci\u00f3 elemz\u00e9se Konfigur\u00e1ci\u00f3 \u00e9s enged\u00e9lyek \u00e9rv\u00e9nyes\u00edt\u00e9se Tiltott tev\u00e9kenys\u00e9gek\u274c Felhaszn\u00e1l\u00f3i adatok jogosulatlan el\u00e9r\u00e9se vagy ellop\u00e1sa Sebezhet\u0151s\u00e9gek kihaszn\u00e1l\u00e1sa, amelyek szolg\u00e1ltat\u00e1smegszak\u00edt\u00e1st vagy k\u00e1rt okoznak Nagyszab\u00e1s\u00fa szkennel\u00e9si vagy szolg\u00e1ltat\u00e1smegtagad\u00e1si t\u00e1mad\u00e1sok, amelyek az \u00e9les k\u00f6rnyezeteket c\u00e9lozz\u00e1k meg 4. Sebezhet\u0151s\u00e9gi v\u00e1laszfolyamat \u00e9s \u00fctemterv A LuxpowerTek betartja a nemzetk\u00f6zi\u2026<\/p>","protected":false},"author":3,"featured_media":0,"parent":0,"menu_order":0,"comment_status":"closed","ping_status":"closed","template":"","meta":{"rop_custom_images_group":[],"rop_custom_messages_group":[],"rop_publish_now":"initial","rop_publish_now_accounts":[],"rop_publish_now_history":[],"rop_publish_now_status":"pending","footnotes":""},"class_list":["post-15397","page","type-page","status-publish","hentry"],"yoast_head":"<!-- This site is optimized with the Yoast SEO plugin v27.3 - https:\/\/yoast.com\/product\/yoast-seo-wordpress\/ -->\n<title>Vulnerability Response Policy -<\/title>\n<meta name=\"robots\" content=\"index, follow, max-snippet:-1, max-image-preview:large, max-video-preview:-1\" \/>\n<link rel=\"canonical\" href=\"https:\/\/luxpowertek.com\/hu\/sebezhetosegi-reagalasi-szabalyzat\/\" \/>\n<meta property=\"og:locale\" content=\"hu_HU\" \/>\n<meta property=\"og:type\" content=\"article\" \/>\n<meta property=\"og:title\" content=\"Vulnerability Response Policy -\" \/>\n<meta property=\"og:description\" content=\"3. Security Testing Scope and Compliance Boundaries Permitted Testing Activities\u2705 Local device testing Network communication analysis Configuration and permission validation Prohibited Activities\u274c Unauthorized access or theft of user data Exploitation of vulnerabilities causing service disruption or damage Large-scale scanning or denial-of-service attacks targeting production environments 4. Vulnerability Response Process and Timeline LuxpowerTek adheres to international...\" \/>\n<meta property=\"og:url\" content=\"https:\/\/luxpowertek.com\/hu\/sebezhetosegi-reagalasi-szabalyzat\/\" \/>\n<meta property=\"article:modified_time\" content=\"2025-08-22T06:37:04+00:00\" \/>\n<meta name=\"twitter:card\" content=\"summary_large_image\" \/>\n<meta name=\"twitter:label1\" content=\"Est. reading time\" \/>\n\t<meta name=\"twitter:data1\" content=\"3 perc\" \/>\n<script type=\"application\/ld+json\" class=\"yoast-schema-graph\">{\"@context\":\"https:\\\/\\\/schema.org\",\"@graph\":[{\"@type\":\"WebPage\",\"@id\":\"https:\\\/\\\/luxpowertek.com\\\/vulnerability-response-policy\\\/\",\"url\":\"https:\\\/\\\/luxpowertek.com\\\/vulnerability-response-policy\\\/\",\"name\":\"Vulnerability Response Policy -\",\"isPartOf\":{\"@id\":\"https:\\\/\\\/luxpowertek.com\\\/#website\"},\"datePublished\":\"2025-08-22T02:13:17+00:00\",\"dateModified\":\"2025-08-22T06:37:04+00:00\",\"breadcrumb\":{\"@id\":\"https:\\\/\\\/luxpowertek.com\\\/vulnerability-response-policy\\\/#breadcrumb\"},\"inLanguage\":\"hu\",\"potentialAction\":[{\"@type\":\"ReadAction\",\"target\":[\"https:\\\/\\\/luxpowertek.com\\\/vulnerability-response-policy\\\/\"]}]},{\"@type\":\"BreadcrumbList\",\"@id\":\"https:\\\/\\\/luxpowertek.com\\\/vulnerability-response-policy\\\/#breadcrumb\",\"itemListElement\":[{\"@type\":\"ListItem\",\"position\":1,\"name\":\"Home\",\"item\":\"https:\\\/\\\/luxpowertek.com\\\/\"},{\"@type\":\"ListItem\",\"position\":2,\"name\":\"Vulnerability Response Policy\"}]},{\"@type\":\"WebSite\",\"@id\":\"https:\\\/\\\/luxpowertek.com\\\/#website\",\"url\":\"https:\\\/\\\/luxpowertek.com\\\/\",\"name\":\"\",\"description\":\"\",\"potentialAction\":[{\"@type\":\"SearchAction\",\"target\":{\"@type\":\"EntryPoint\",\"urlTemplate\":\"https:\\\/\\\/luxpowertek.com\\\/?s={search_term_string}\"},\"query-input\":{\"@type\":\"PropertyValueSpecification\",\"valueRequired\":true,\"valueName\":\"search_term_string\"}}],\"inLanguage\":\"hu\"}]}<\/script>\n<!-- \/ Yoast SEO plugin. -->","yoast_head_json":{"title":"Sebezhet\u0151s\u00e9gi reag\u00e1l\u00e1si szab\u00e1lyzat -","robots":{"index":"index","follow":"follow","max-snippet":"max-snippet:-1","max-image-preview":"max-image-preview:large","max-video-preview":"max-video-preview:-1"},"canonical":"https:\/\/luxpowertek.com\/hu\/sebezhetosegi-reagalasi-szabalyzat\/","og_locale":"hu_HU","og_type":"article","og_title":"Vulnerability Response Policy -","og_description":"3. Security Testing Scope and Compliance Boundaries Permitted Testing Activities\u2705 Local device testing Network communication analysis Configuration and permission validation Prohibited Activities\u274c Unauthorized access or theft of user data Exploitation of vulnerabilities causing service disruption or damage Large-scale scanning or denial-of-service attacks targeting production environments 4. Vulnerability Response Process and Timeline LuxpowerTek adheres to international...","og_url":"https:\/\/luxpowertek.com\/hu\/sebezhetosegi-reagalasi-szabalyzat\/","article_modified_time":"2025-08-22T06:37:04+00:00","twitter_card":"summary_large_image","twitter_misc":{"Est. reading time":"3 perc"},"schema":{"@context":"https:\/\/schema.org","@graph":[{"@type":"WebPage","@id":"https:\/\/luxpowertek.com\/vulnerability-response-policy\/","url":"https:\/\/luxpowertek.com\/vulnerability-response-policy\/","name":"Sebezhet\u0151s\u00e9gi reag\u00e1l\u00e1si szab\u00e1lyzat -","isPartOf":{"@id":"https:\/\/luxpowertek.com\/#website"},"datePublished":"2025-08-22T02:13:17+00:00","dateModified":"2025-08-22T06:37:04+00:00","breadcrumb":{"@id":"https:\/\/luxpowertek.com\/vulnerability-response-policy\/#breadcrumb"},"inLanguage":"hu","potentialAction":[{"@type":"ReadAction","target":["https:\/\/luxpowertek.com\/vulnerability-response-policy\/"]}]},{"@type":"BreadcrumbList","@id":"https:\/\/luxpowertek.com\/vulnerability-response-policy\/#breadcrumb","itemListElement":[{"@type":"ListItem","position":1,"name":"Home","item":"https:\/\/luxpowertek.com\/"},{"@type":"ListItem","position":2,"name":"Vulnerability Response Policy"}]},{"@type":"WebSite","@id":"https:\/\/luxpowertek.com\/#website","url":"https:\/\/luxpowertek.com\/","name":"","description":"","potentialAction":[{"@type":"SearchAction","target":{"@type":"EntryPoint","urlTemplate":"https:\/\/luxpowertek.com\/?s={search_term_string}"},"query-input":{"@type":"PropertyValueSpecification","valueRequired":true,"valueName":"search_term_string"}}],"inLanguage":"hu"}]}},"_links":{"self":[{"href":"https:\/\/luxpowertek.com\/hu\/wp-json\/wp\/v2\/pages\/15397","targetHints":{"allow":["GET"]}}],"collection":[{"href":"https:\/\/luxpowertek.com\/hu\/wp-json\/wp\/v2\/pages"}],"about":[{"href":"https:\/\/luxpowertek.com\/hu\/wp-json\/wp\/v2\/types\/page"}],"author":[{"embeddable":true,"href":"https:\/\/luxpowertek.com\/hu\/wp-json\/wp\/v2\/users\/3"}],"replies":[{"embeddable":true,"href":"https:\/\/luxpowertek.com\/hu\/wp-json\/wp\/v2\/comments?post=15397"}],"version-history":[{"count":11,"href":"https:\/\/luxpowertek.com\/hu\/wp-json\/wp\/v2\/pages\/15397\/revisions"}],"predecessor-version":[{"id":15427,"href":"https:\/\/luxpowertek.com\/hu\/wp-json\/wp\/v2\/pages\/15397\/revisions\/15427"}],"wp:attachment":[{"href":"https:\/\/luxpowertek.com\/hu\/wp-json\/wp\/v2\/media?parent=15397"}],"curies":[{"name":"munkaf\u00fczet","href":"https:\/\/api.w.org\/{rel}","templated":true}]}}